{"id":105009,"date":"2019-08-14T10:35:51","date_gmt":"2019-08-14T08:35:51","guid":{"rendered":"https:\/\/www.magnetenspecialist.nl\/permanentmagnete\/"},"modified":"2022-02-04T12:13:48","modified_gmt":"2022-02-04T11:13:48","slug":"permanentmagnete","status":"publish","type":"page","link":"https:\/\/www.magnetenspecialist.nl\/de\/permanentmagnete\/","title":{"rendered":"Permanentmagnete"},"content":{"rendered":"\n<div class=\"row d-flex align-items-center\">\n<div class=\"col-md-6 col-lg-4 col-xl-3\">\n<figure class=\"wp-block-image\"><img decoding=\"async\" src=\"https:\/\/www.magnetenspecialist.nl\/wp-content\/uploads\/2018\/12\/Logo-640x480.jpg\" alt=\"permanente magneet\" class=\"aligncenter\"\/><\/figure><\/div>\n\n<div class=\"col-md-6 col-lg-8 col-xl-9\">\n<h2>Dauermagnete vom Magnetspezialisten<\/h2>\n<p>Das gesamte Sortiment von Magnet Specialist besteht aus Dauermagneten. Im allgemeinen Sprachgebrauch bezieht sich der Begriff Magnete im Allgemeinen auf Dauermagnete. Sie sind ferromagnetische Materialien, die einen eigenen Magnetismus aufweisen. Im Gegensatz zu Elektromagneten, bei denen der Magnetismus das Ergebnis eines elektrischen Stroms ist, der durch eine Spule flie\u00dft. Die magnetische Eigenschaft von Elektromagneten kann also ein- und ausgeschaltet werden.<\/p>\n<\/div>\n<\/div>\n\n<h2 class=\"wp-block-heading\">Permanentmagnete online kaufen<\/h2>\n\n<p>De Magnetenspecialist hat eine gro\u00dfe Auswahl an Magneten auf Lager. Wir sorgen f\u00fcr schnelle Lieferung und hochwertigen Service bei Fragen oder wenn Sie eine Beratung ben\u00f6tigen. Unsere Permanentmagnete sind von hoher Qualit\u00e4t. Das bedeutet unter anderem, dass unsere Magnete mit der Zeit ihre Magnetisierung nicht verlieren. Hochwertige Permanentmagnete k\u00f6nnen daher rund um die Uhr beim Magnetenspezialist bestellt werden. Wir versenden die Magnete je nach Bestellzeitpunkt in der Regel noch am selben Tag.<\/p>\n\n<div class=\"cta-banner\">\r\n    <h4>Ihre Permanentmagnete schnell zu Hause<\/h4>\r\n    <a class=\"cta-banner-btn\" href=\"https:\/\/www.magnetenspecialist.nl\/de\/shop\/\" title=\"Finden Sie Ihre Permanentmagnete in unserem Shop\">Nu bekijken<\/a>\r\n<\/div>\r\n\n<h3 class=\"wp-block-heading\">Verlieren Permanentmagnete ihre St\u00e4rke?<\/h3>\n\n<p>Neodym-Magnete, Ferrit-Magnete und alle unsere anderen Produkte mit magnetischen Eigenschaften verlieren bei normalem Gebrauch nicht an Festigkeit. Unter normalen Umst\u00e4nden behalten unsere Magnete ihre St\u00e4rke fast unbegrenzt. Es gibt jedoch einige \u00e4u\u00dfere Einfl\u00fcsse, die den Magnetismus unserer Permanentmagnete beeinflussen k\u00f6nnen. Magnete zum Beispiel sind hitzeempfindlich. So kann beispielsweise ein Neodym-Magnet an St\u00e4rke verlieren, wenn er mehr als 80 Grad Celsius ausgesetzt wird. Auch wiederholte St\u00f6\u00dfe oder Schl\u00e4ge k\u00f6nnen die Magnetisierung negativ beeinflussen. Denken Sie an Hammerschl\u00e4ge und wiederholte St\u00fcrze aus gro\u00dfer H\u00f6he. Die Magnetisierung kann sich auch \u00e4ndern, wenn die Magnete anderen starken Magnetfeldern ausgesetzt sind (zB gro\u00dfe Elektromagnete).<\/p>\n","protected":false},"excerpt":{"rendered":"<p>Dauermagnete vom Magnetspezialisten Das gesamte Sortiment von Magnet Specialist besteht aus Dauermagneten. Im allgemeinen Sprachgebrauch bezieht sich der Begriff Magnete im Allgemeinen auf Dauermagnete. Sie sind ferromagnetische Materialien, die einen eigenen Magnetismus aufweisen. Im Gegensatz zu Elektromagneten, bei denen der Magnetismus das Ergebnis eines elektrischen Stroms ist, der durch eine Spule flie\u00dft. Die magnetische Eigenschaft [&hellip;]<\/p>\n","protected":false},"author":1,"featured_media":0,"parent":0,"menu_order":0,"comment_status":"closed","ping_status":"closed","template":"template-full.php","meta":{"_acf_changed":false,"footnotes":""},"class_list":["post-105009","page","type-page","status-publish","hentry"],"acf":[],"yoast_head":"<!-- This site is optimized with the Yoast SEO Premium plugin v24.7 (Yoast SEO v24.7) - https:\/\/yoast.com\/wordpress\/plugins\/seo\/ -->\n<title>Permanentmagnete online bestellen beim Magnetspezialisten<\/title>\n<meta name=\"description\" content=\"Permanentmagnete werden im Volksmund nur Magnete genannt. Sie sind Materialien mit magnetischen Eigenschaften.\" \/>\n<meta name=\"robots\" content=\"index, follow, max-snippet:-1, max-image-preview:large, max-video-preview:-1\" \/>\n<link rel=\"canonical\" href=\"https:\/\/www.magnetenspecialist.nl\/de\/permanentmagnete\/\" \/>\n<meta property=\"og:locale\" content=\"de_DE\" \/>\n<meta property=\"og:type\" content=\"article\" \/>\n<meta property=\"og:title\" content=\"Permanentmagnete\" \/>\n<meta property=\"og:description\" content=\"Permanentmagnete werden im Volksmund nur Magnete genannt. Sie sind Materialien mit magnetischen Eigenschaften.\" \/>\n<meta property=\"og:url\" content=\"https:\/\/www.magnetenspecialist.nl\/de\/permanentmagnete\/\" \/>\n<meta property=\"og:site_name\" content=\"Magnetenspecialist.nl\" \/>\n<meta property=\"article:publisher\" content=\"https:\/\/www.facebook.com\/Magnetenspecialist.nl\" \/>\n<meta property=\"article:modified_time\" content=\"2022-02-04T11:13:48+00:00\" \/>\n<meta property=\"og:image\" content=\"https:\/\/www.magnetenspecialist.nl\/wp-content\/uploads\/2018\/12\/Logo-640x480.jpg\" \/>\n<meta name=\"twitter:card\" content=\"summary_large_image\" \/>\n<meta name=\"twitter:site\" content=\"@magnetenspecial\" \/>\n<meta name=\"twitter:label1\" content=\"Gesch\u00e4tzte Lesezeit\" \/>\n\t<meta name=\"twitter:data1\" content=\"1\u00a0Minute\" \/>\n<script type=\"application\/ld+json\" class=\"yoast-schema-graph\">{\"@context\":\"https:\/\/schema.org\",\"@graph\":[{\"@type\":\"WebPage\",\"@id\":\"https:\/\/www.magnetenspecialist.nl\/de\/permanentmagnete\/\",\"url\":\"https:\/\/www.magnetenspecialist.nl\/de\/permanentmagnete\/\",\"name\":\"Permanentmagnete online bestellen beim Magnetspezialisten\",\"isPartOf\":{\"@id\":\"https:\/\/www.magnetenspecialist.nl\/de\/#website\"},\"primaryImageOfPage\":{\"@id\":\"https:\/\/www.magnetenspecialist.nl\/de\/permanentmagnete\/#primaryimage\"},\"image\":{\"@id\":\"https:\/\/www.magnetenspecialist.nl\/de\/permanentmagnete\/#primaryimage\"},\"thumbnailUrl\":\"https:\/\/www.magnetenspecialist.nl\/wp-content\/uploads\/2018\/12\/Logo-640x480.jpg\",\"datePublished\":\"2019-08-14T08:35:51+00:00\",\"dateModified\":\"2022-02-04T11:13:48+00:00\",\"description\":\"Permanentmagnete werden im Volksmund nur Magnete genannt. Sie sind Materialien mit magnetischen Eigenschaften.\",\"breadcrumb\":{\"@id\":\"https:\/\/www.magnetenspecialist.nl\/de\/permanentmagnete\/#breadcrumb\"},\"inLanguage\":\"de\",\"potentialAction\":[{\"@type\":\"ReadAction\",\"target\":[\"https:\/\/www.magnetenspecialist.nl\/de\/permanentmagnete\/\"]}]},{\"@type\":\"ImageObject\",\"inLanguage\":\"de\",\"@id\":\"https:\/\/www.magnetenspecialist.nl\/de\/permanentmagnete\/#primaryimage\",\"url\":\"https:\/\/www.magnetenspecialist.nl\/wp-content\/uploads\/2018\/12\/Logo-640x480.jpg\",\"contentUrl\":\"https:\/\/www.magnetenspecialist.nl\/wp-content\/uploads\/2018\/12\/Logo-640x480.jpg\"},{\"@type\":\"BreadcrumbList\",\"@id\":\"https:\/\/www.magnetenspecialist.nl\/de\/permanentmagnete\/#breadcrumb\",\"itemListElement\":[{\"@type\":\"ListItem\",\"position\":1,\"name\":\"Startseite\",\"item\":\"https:\/\/www.magnetenspecialist.nl\/de\/\"},{\"@type\":\"ListItem\",\"position\":2,\"name\":\"Permanentmagnete\"}]},{\"@type\":\"WebSite\",\"@id\":\"https:\/\/www.magnetenspecialist.nl\/de\/#website\",\"url\":\"https:\/\/www.magnetenspecialist.nl\/de\/\",\"name\":\"Magnetenspecialist.nl\",\"description\":\"Umfangreiches Angebot an Neodym-Magneten\",\"publisher\":{\"@id\":\"https:\/\/www.magnetenspecialist.nl\/de\/#organization\"},\"potentialAction\":[{\"@type\":\"SearchAction\",\"target\":{\"@type\":\"EntryPoint\",\"urlTemplate\":\"https:\/\/www.magnetenspecialist.nl\/de\/?s={search_term_string}\"},\"query-input\":{\"@type\":\"PropertyValueSpecification\",\"valueRequired\":true,\"valueName\":\"search_term_string\"}}],\"inLanguage\":\"de\"},{\"@type\":\"Organization\",\"@id\":\"https:\/\/www.magnetenspecialist.nl\/de\/#organization\",\"name\":\"Magnetenspecialist.nl\",\"url\":\"https:\/\/www.magnetenspecialist.nl\/de\/\",\"logo\":{\"@type\":\"ImageObject\",\"inLanguage\":\"de\",\"@id\":\"https:\/\/www.magnetenspecialist.nl\/de\/#\/schema\/logo\/image\/\",\"url\":\"https:\/\/www.magnetenspecialist.nl\/wp-content\/uploads\/2018\/10\/magneten-logo.jpg\",\"contentUrl\":\"https:\/\/www.magnetenspecialist.nl\/wp-content\/uploads\/2018\/10\/magneten-logo.jpg\",\"width\":151,\"height\":151,\"caption\":\"Magnetenspecialist.nl\"},\"image\":{\"@id\":\"https:\/\/www.magnetenspecialist.nl\/de\/#\/schema\/logo\/image\/\"},\"sameAs\":[\"https:\/\/www.facebook.com\/Magnetenspecialist.nl\",\"https:\/\/x.com\/magnetenspecial\"]}]}<\/script>\n<!-- \/ Yoast SEO Premium plugin. -->","yoast_head_json":{"title":"Permanentmagnete online bestellen beim Magnetspezialisten","description":"Permanentmagnete werden im Volksmund nur Magnete genannt. Sie sind Materialien mit magnetischen Eigenschaften.","robots":{"index":"index","follow":"follow","max-snippet":"max-snippet:-1","max-image-preview":"max-image-preview:large","max-video-preview":"max-video-preview:-1"},"canonical":"https:\/\/www.magnetenspecialist.nl\/de\/permanentmagnete\/","og_locale":"de_DE","og_type":"article","og_title":"Permanentmagnete","og_description":"Permanentmagnete werden im Volksmund nur Magnete genannt. Sie sind Materialien mit magnetischen Eigenschaften.","og_url":"https:\/\/www.magnetenspecialist.nl\/de\/permanentmagnete\/","og_site_name":"Magnetenspecialist.nl","article_publisher":"https:\/\/www.facebook.com\/Magnetenspecialist.nl","article_modified_time":"2022-02-04T11:13:48+00:00","og_image":[{"url":"https:\/\/www.magnetenspecialist.nl\/wp-content\/uploads\/2018\/12\/Logo-640x480.jpg","type":"","width":"","height":""}],"twitter_card":"summary_large_image","twitter_site":"@magnetenspecial","twitter_misc":{"Gesch\u00e4tzte Lesezeit":"1\u00a0Minute"},"schema":{"@context":"https:\/\/schema.org","@graph":[{"@type":"WebPage","@id":"https:\/\/www.magnetenspecialist.nl\/de\/permanentmagnete\/","url":"https:\/\/www.magnetenspecialist.nl\/de\/permanentmagnete\/","name":"Permanentmagnete online bestellen beim Magnetspezialisten","isPartOf":{"@id":"https:\/\/www.magnetenspecialist.nl\/de\/#website"},"primaryImageOfPage":{"@id":"https:\/\/www.magnetenspecialist.nl\/de\/permanentmagnete\/#primaryimage"},"image":{"@id":"https:\/\/www.magnetenspecialist.nl\/de\/permanentmagnete\/#primaryimage"},"thumbnailUrl":"https:\/\/www.magnetenspecialist.nl\/wp-content\/uploads\/2018\/12\/Logo-640x480.jpg","datePublished":"2019-08-14T08:35:51+00:00","dateModified":"2022-02-04T11:13:48+00:00","description":"Permanentmagnete werden im Volksmund nur Magnete genannt. Sie sind Materialien mit magnetischen Eigenschaften.","breadcrumb":{"@id":"https:\/\/www.magnetenspecialist.nl\/de\/permanentmagnete\/#breadcrumb"},"inLanguage":"de","potentialAction":[{"@type":"ReadAction","target":["https:\/\/www.magnetenspecialist.nl\/de\/permanentmagnete\/"]}]},{"@type":"ImageObject","inLanguage":"de","@id":"https:\/\/www.magnetenspecialist.nl\/de\/permanentmagnete\/#primaryimage","url":"https:\/\/www.magnetenspecialist.nl\/wp-content\/uploads\/2018\/12\/Logo-640x480.jpg","contentUrl":"https:\/\/www.magnetenspecialist.nl\/wp-content\/uploads\/2018\/12\/Logo-640x480.jpg"},{"@type":"BreadcrumbList","@id":"https:\/\/www.magnetenspecialist.nl\/de\/permanentmagnete\/#breadcrumb","itemListElement":[{"@type":"ListItem","position":1,"name":"Startseite","item":"https:\/\/www.magnetenspecialist.nl\/de\/"},{"@type":"ListItem","position":2,"name":"Permanentmagnete"}]},{"@type":"WebSite","@id":"https:\/\/www.magnetenspecialist.nl\/de\/#website","url":"https:\/\/www.magnetenspecialist.nl\/de\/","name":"Magnetenspecialist.nl","description":"Umfangreiches Angebot an Neodym-Magneten","publisher":{"@id":"https:\/\/www.magnetenspecialist.nl\/de\/#organization"},"potentialAction":[{"@type":"SearchAction","target":{"@type":"EntryPoint","urlTemplate":"https:\/\/www.magnetenspecialist.nl\/de\/?s={search_term_string}"},"query-input":{"@type":"PropertyValueSpecification","valueRequired":true,"valueName":"search_term_string"}}],"inLanguage":"de"},{"@type":"Organization","@id":"https:\/\/www.magnetenspecialist.nl\/de\/#organization","name":"Magnetenspecialist.nl","url":"https:\/\/www.magnetenspecialist.nl\/de\/","logo":{"@type":"ImageObject","inLanguage":"de","@id":"https:\/\/www.magnetenspecialist.nl\/de\/#\/schema\/logo\/image\/","url":"https:\/\/www.magnetenspecialist.nl\/wp-content\/uploads\/2018\/10\/magneten-logo.jpg","contentUrl":"https:\/\/www.magnetenspecialist.nl\/wp-content\/uploads\/2018\/10\/magneten-logo.jpg","width":151,"height":151,"caption":"Magnetenspecialist.nl"},"image":{"@id":"https:\/\/www.magnetenspecialist.nl\/de\/#\/schema\/logo\/image\/"},"sameAs":["https:\/\/www.facebook.com\/Magnetenspecialist.nl","https:\/\/x.com\/magnetenspecial"]}]}},"_links":{"self":[{"href":"https:\/\/www.magnetenspecialist.nl\/de\/wp-json\/wp\/v2\/pages\/105009","targetHints":{"allow":["GET"]}}],"collection":[{"href":"https:\/\/www.magnetenspecialist.nl\/de\/wp-json\/wp\/v2\/pages"}],"about":[{"href":"https:\/\/www.magnetenspecialist.nl\/de\/wp-json\/wp\/v2\/types\/page"}],"author":[{"embeddable":true,"href":"https:\/\/www.magnetenspecialist.nl\/de\/wp-json\/wp\/v2\/users\/1"}],"replies":[{"embeddable":true,"href":"https:\/\/www.magnetenspecialist.nl\/de\/wp-json\/wp\/v2\/comments?post=105009"}],"version-history":[{"count":0,"href":"https:\/\/www.magnetenspecialist.nl\/de\/wp-json\/wp\/v2\/pages\/105009\/revisions"}],"wp:attachment":[{"href":"https:\/\/www.magnetenspecialist.nl\/de\/wp-json\/wp\/v2\/media?parent=105009"}],"curies":[{"name":"wp","href":"https:\/\/api.w.org\/{rel}","templated":true}]}}