{"id":105025,"date":"2019-03-13T09:50:33","date_gmt":"2019-03-13T08:50:33","guid":{"rendered":"https:\/\/www.magnetenspecialist.nl\/startnummernmagnet\/"},"modified":"2024-09-10T15:03:58","modified_gmt":"2024-09-10T13:03:58","slug":"startnummernmagnet","status":"publish","type":"page","link":"https:\/\/www.magnetenspecialist.nl\/de\/startnummernmagnet\/","title":{"rendered":"Startnummer Magnet"},"content":{"rendered":"<h2 class=\"wp-block-heading\" id=\"h-startnummer-magneten\">Startnummer-Magnete  <\/h2><p>Magnete sind die ideale L\u00f6sung, um eine Startnummer an Ihrer Sportkleidung zu befestigen. Startnummernmagnete erm\u00f6glichen es beispielsweise, eine Startnummer an der Kleidung zu befestigen, ohne Stecknadeln zu verwenden, die L\u00f6cher verursachen. Um eine Startnummer mit einem Startnummernmagneten zu befestigen, ben\u00f6tigen Sie zwei Magnete.<\/p><figure class=\"wp-block-image size-large\"><img decoding=\"async\" width=\"768\" height=\"1024\" src=\"https:\/\/www.magnetenspecialist.nl\/wp-content\/uploads\/2024\/04\/img_1863-scaled-1-768x1024.jpeg\" alt=\"\" class=\"wp-image-129649\" srcset=\"https:\/\/www.magnetenspecialist.nl\/wp-content\/uploads\/2024\/04\/img_1863-scaled-1-768x1024.jpeg 768w, https:\/\/www.magnetenspecialist.nl\/wp-content\/uploads\/2024\/04\/img_1863-scaled-1-225x300.jpeg 225w, https:\/\/www.magnetenspecialist.nl\/wp-content\/uploads\/2024\/04\/img_1863-scaled-1-1152x1536.jpeg 1152w, https:\/\/www.magnetenspecialist.nl\/wp-content\/uploads\/2024\/04\/img_1863-scaled-1-1536x2048.jpeg 1536w, https:\/\/www.magnetenspecialist.nl\/wp-content\/uploads\/2024\/04\/img_1863-scaled-1-600x800.jpeg 600w, https:\/\/www.magnetenspecialist.nl\/wp-content\/uploads\/2024\/04\/img_1863-scaled-1.jpeg 1920w\" sizes=\"(max-width: 768px) 100vw, 768px\" \/><\/figure><div class=\"cta-banner\">\n    <h4>Unsere Startnummernmagnete ansehen<\/h4>\n    <a class=\"cta-banner-btn\" href=\"https:\/\/www.magnetenspecialist.nl\/?s=Startnummer+magneet&#038;post_type=product\" title=\"Unsere Startnummernmagnete ansehen\">Jetzt ansehen<\/a>\n<\/div><h2 class=\"wp-block-heading\" id=\"h-startnummer-magneten-als-ideale-oplossing\">Startnummernmagnete als ideale L\u00f6sung  <\/h2><p>Ein Startnummernmagnet besteht eigentlich aus zwei Magneten. Ein Magnet wird an der Innenseite der Kleidung angebracht, der andere an dem Objekt (z. B. einer Startnummer), das Sie an Ihrer Kleidung befestigen m\u00f6chten. Neben einer Startnummer kann ein Startnummernmagnet auch verwendet werden, um z.B. eine Korsage an der Kleidung zu befestigen. Was auch immer Sie vorhaben, mit den Startnummernmagneten k\u00f6nnen Sie Objekte an Ihrer Kleidung befestigen, ohne L\u00f6cher zu hinterlassen.  <\/p>","protected":false},"excerpt":{"rendered":"<p>Startnummer-Magnete Magnete sind die ideale L\u00f6sung, um eine Startnummer an Ihrer Sportkleidung zu befestigen. Startnummernmagnete erm\u00f6glichen es beispielsweise, eine Startnummer an der Kleidung zu befestigen, ohne Stecknadeln zu verwenden, die L\u00f6cher verursachen. Um eine Startnummer mit einem Startnummernmagneten zu befestigen, ben\u00f6tigen Sie zwei Magnete. Unsere Startnummernmagnete ansehen Jetzt ansehen Startnummernmagnete als ideale L\u00f6sung Ein Startnummernmagnet [&hellip;]<\/p>\n","protected":false},"author":1,"featured_media":129612,"parent":0,"menu_order":0,"comment_status":"closed","ping_status":"closed","template":"template-full.php","meta":{"_acf_changed":false,"footnotes":""},"class_list":["post-105025","page","type-page","status-publish","has-post-thumbnail","hentry"],"acf":[],"yoast_head":"<!-- This site is optimized with the Yoast SEO Premium plugin v24.7 (Yoast SEO v24.7) - https:\/\/yoast.com\/wordpress\/plugins\/seo\/ -->\n<title>Startnummernmagnete kaufen bei Magnetenspecialist.co.uk<\/title>\n<meta name=\"description\" content=\"Unsere Startnummernmagnete werden in einem Set von 8 Magneten geliefert. Sie k\u00f6nnen also immer 2 Startnummern anbringen. Es gibt sie in 2 verschiedenen St\u00e4rken, schauen Sie im Shop nach.\" \/>\n<meta name=\"robots\" content=\"index, follow, max-snippet:-1, max-image-preview:large, max-video-preview:-1\" \/>\n<link rel=\"canonical\" href=\"https:\/\/www.magnetenspecialist.nl\/de\/startnummernmagnet\/\" \/>\n<meta property=\"og:locale\" content=\"de_DE\" \/>\n<meta property=\"og:type\" content=\"article\" \/>\n<meta property=\"og:title\" content=\"Startnummer Magnet\" \/>\n<meta property=\"og:description\" content=\"Unsere Startnummernmagnete werden in einem Set von 8 Magneten geliefert. Sie k\u00f6nnen also immer 2 Startnummern anbringen. Es gibt sie in 2 verschiedenen St\u00e4rken, schauen Sie im Shop nach.\" \/>\n<meta property=\"og:url\" content=\"https:\/\/www.magnetenspecialist.nl\/de\/startnummernmagnet\/\" \/>\n<meta property=\"og:site_name\" content=\"Magnetenspecialist.nl\" \/>\n<meta property=\"article:publisher\" content=\"https:\/\/www.facebook.com\/Magnetenspecialist.nl\" \/>\n<meta property=\"article:modified_time\" content=\"2024-09-10T13:03:58+00:00\" \/>\n<meta property=\"og:image\" content=\"https:\/\/www.magnetenspecialist.nl\/wp-content\/uploads\/2024\/04\/img_1861-scaled.jpeg\" \/>\n\t<meta property=\"og:image:width\" content=\"1920\" \/>\n\t<meta property=\"og:image:height\" content=\"2560\" \/>\n\t<meta property=\"og:image:type\" content=\"image\/jpeg\" \/>\n<meta name=\"twitter:card\" content=\"summary_large_image\" \/>\n<meta name=\"twitter:site\" content=\"@magnetenspecial\" \/>\n<meta name=\"twitter:label1\" content=\"Gesch\u00e4tzte Lesezeit\" \/>\n\t<meta name=\"twitter:data1\" content=\"1 Minute\" \/>\n<script type=\"application\/ld+json\" class=\"yoast-schema-graph\">{\"@context\":\"https:\/\/schema.org\",\"@graph\":[{\"@type\":\"WebPage\",\"@id\":\"https:\/\/www.magnetenspecialist.nl\/de\/startnummernmagnet\/\",\"url\":\"https:\/\/www.magnetenspecialist.nl\/de\/startnummernmagnet\/\",\"name\":\"Startnummernmagnete kaufen bei Magnetenspecialist.co.uk\",\"isPartOf\":{\"@id\":\"https:\/\/www.magnetenspecialist.nl\/de\/#website\"},\"primaryImageOfPage\":{\"@id\":\"https:\/\/www.magnetenspecialist.nl\/de\/startnummernmagnet\/#primaryimage\"},\"image\":{\"@id\":\"https:\/\/www.magnetenspecialist.nl\/de\/startnummernmagnet\/#primaryimage\"},\"thumbnailUrl\":\"https:\/\/www.magnetenspecialist.nl\/wp-content\/uploads\/2024\/04\/img_1861-scaled.jpeg\",\"datePublished\":\"2019-03-13T08:50:33+00:00\",\"dateModified\":\"2024-09-10T13:03:58+00:00\",\"description\":\"Unsere Startnummernmagnete werden in einem Set von 8 Magneten geliefert. Sie k\u00f6nnen also immer 2 Startnummern anbringen. Es gibt sie in 2 verschiedenen St\u00e4rken, schauen Sie im Shop nach.\",\"breadcrumb\":{\"@id\":\"https:\/\/www.magnetenspecialist.nl\/de\/startnummernmagnet\/#breadcrumb\"},\"inLanguage\":\"de-DE\",\"potentialAction\":[{\"@type\":\"ReadAction\",\"target\":[\"https:\/\/www.magnetenspecialist.nl\/de\/startnummernmagnet\/\"]}]},{\"@type\":\"ImageObject\",\"inLanguage\":\"de-DE\",\"@id\":\"https:\/\/www.magnetenspecialist.nl\/de\/startnummernmagnet\/#primaryimage\",\"url\":\"https:\/\/www.magnetenspecialist.nl\/wp-content\/uploads\/2024\/04\/img_1861-scaled.jpeg\",\"contentUrl\":\"https:\/\/www.magnetenspecialist.nl\/wp-content\/uploads\/2024\/04\/img_1861-scaled.jpeg\",\"width\":1920,\"height\":2560},{\"@type\":\"BreadcrumbList\",\"@id\":\"https:\/\/www.magnetenspecialist.nl\/de\/startnummernmagnet\/#breadcrumb\",\"itemListElement\":[{\"@type\":\"ListItem\",\"position\":1,\"name\":\"Startseite\",\"item\":\"https:\/\/www.magnetenspecialist.nl\/de\/\"},{\"@type\":\"ListItem\",\"position\":2,\"name\":\"Startnummer Magnet\"}]},{\"@type\":\"WebSite\",\"@id\":\"https:\/\/www.magnetenspecialist.nl\/de\/#website\",\"url\":\"https:\/\/www.magnetenspecialist.nl\/de\/\",\"name\":\"Magnetenspecialist.nl\",\"description\":\"Umfangreiches Angebot an Neodym-Magneten\",\"publisher\":{\"@id\":\"https:\/\/www.magnetenspecialist.nl\/de\/#organization\"},\"potentialAction\":[{\"@type\":\"SearchAction\",\"target\":{\"@type\":\"EntryPoint\",\"urlTemplate\":\"https:\/\/www.magnetenspecialist.nl\/de\/?s={search_term_string}\"},\"query-input\":{\"@type\":\"PropertyValueSpecification\",\"valueRequired\":true,\"valueName\":\"search_term_string\"}}],\"inLanguage\":\"de-DE\"},{\"@type\":\"Organization\",\"@id\":\"https:\/\/www.magnetenspecialist.nl\/de\/#organization\",\"name\":\"Magnetenspecialist.nl\",\"url\":\"https:\/\/www.magnetenspecialist.nl\/de\/\",\"logo\":{\"@type\":\"ImageObject\",\"inLanguage\":\"de-DE\",\"@id\":\"https:\/\/www.magnetenspecialist.nl\/de\/#\/schema\/logo\/image\/\",\"url\":\"https:\/\/www.magnetenspecialist.nl\/wp-content\/uploads\/2018\/10\/magneten-logo.jpg\",\"contentUrl\":\"https:\/\/www.magnetenspecialist.nl\/wp-content\/uploads\/2018\/10\/magneten-logo.jpg\",\"width\":151,\"height\":151,\"caption\":\"Magnetenspecialist.nl\"},\"image\":{\"@id\":\"https:\/\/www.magnetenspecialist.nl\/de\/#\/schema\/logo\/image\/\"},\"sameAs\":[\"https:\/\/www.facebook.com\/Magnetenspecialist.nl\",\"https:\/\/x.com\/magnetenspecial\"]}]}<\/script>\n<!-- \/ Yoast SEO Premium plugin. -->","yoast_head_json":{"title":"Startnummernmagnete kaufen bei Magnetenspecialist.co.uk","description":"Unsere Startnummernmagnete werden in einem Set von 8 Magneten geliefert. Sie k\u00f6nnen also immer 2 Startnummern anbringen. Es gibt sie in 2 verschiedenen St\u00e4rken, schauen Sie im Shop nach.","robots":{"index":"index","follow":"follow","max-snippet":"max-snippet:-1","max-image-preview":"max-image-preview:large","max-video-preview":"max-video-preview:-1"},"canonical":"https:\/\/www.magnetenspecialist.nl\/de\/startnummernmagnet\/","og_locale":"de_DE","og_type":"article","og_title":"Startnummer Magnet","og_description":"Unsere Startnummernmagnete werden in einem Set von 8 Magneten geliefert. Sie k\u00f6nnen also immer 2 Startnummern anbringen. Es gibt sie in 2 verschiedenen St\u00e4rken, schauen Sie im Shop nach.","og_url":"https:\/\/www.magnetenspecialist.nl\/de\/startnummernmagnet\/","og_site_name":"Magnetenspecialist.nl","article_publisher":"https:\/\/www.facebook.com\/Magnetenspecialist.nl","article_modified_time":"2024-09-10T13:03:58+00:00","og_image":[{"width":1920,"height":2560,"url":"https:\/\/www.magnetenspecialist.nl\/wp-content\/uploads\/2024\/04\/img_1861-scaled.jpeg","type":"image\/jpeg"}],"twitter_card":"summary_large_image","twitter_site":"@magnetenspecial","twitter_misc":{"Gesch\u00e4tzte Lesezeit":"1 Minute"},"schema":{"@context":"https:\/\/schema.org","@graph":[{"@type":"WebPage","@id":"https:\/\/www.magnetenspecialist.nl\/de\/startnummernmagnet\/","url":"https:\/\/www.magnetenspecialist.nl\/de\/startnummernmagnet\/","name":"Startnummernmagnete kaufen bei Magnetenspecialist.co.uk","isPartOf":{"@id":"https:\/\/www.magnetenspecialist.nl\/de\/#website"},"primaryImageOfPage":{"@id":"https:\/\/www.magnetenspecialist.nl\/de\/startnummernmagnet\/#primaryimage"},"image":{"@id":"https:\/\/www.magnetenspecialist.nl\/de\/startnummernmagnet\/#primaryimage"},"thumbnailUrl":"https:\/\/www.magnetenspecialist.nl\/wp-content\/uploads\/2024\/04\/img_1861-scaled.jpeg","datePublished":"2019-03-13T08:50:33+00:00","dateModified":"2024-09-10T13:03:58+00:00","description":"Unsere Startnummernmagnete werden in einem Set von 8 Magneten geliefert. Sie k\u00f6nnen also immer 2 Startnummern anbringen. Es gibt sie in 2 verschiedenen St\u00e4rken, schauen Sie im Shop nach.","breadcrumb":{"@id":"https:\/\/www.magnetenspecialist.nl\/de\/startnummernmagnet\/#breadcrumb"},"inLanguage":"de-DE","potentialAction":[{"@type":"ReadAction","target":["https:\/\/www.magnetenspecialist.nl\/de\/startnummernmagnet\/"]}]},{"@type":"ImageObject","inLanguage":"de-DE","@id":"https:\/\/www.magnetenspecialist.nl\/de\/startnummernmagnet\/#primaryimage","url":"https:\/\/www.magnetenspecialist.nl\/wp-content\/uploads\/2024\/04\/img_1861-scaled.jpeg","contentUrl":"https:\/\/www.magnetenspecialist.nl\/wp-content\/uploads\/2024\/04\/img_1861-scaled.jpeg","width":1920,"height":2560},{"@type":"BreadcrumbList","@id":"https:\/\/www.magnetenspecialist.nl\/de\/startnummernmagnet\/#breadcrumb","itemListElement":[{"@type":"ListItem","position":1,"name":"Startseite","item":"https:\/\/www.magnetenspecialist.nl\/de\/"},{"@type":"ListItem","position":2,"name":"Startnummer Magnet"}]},{"@type":"WebSite","@id":"https:\/\/www.magnetenspecialist.nl\/de\/#website","url":"https:\/\/www.magnetenspecialist.nl\/de\/","name":"Magnetenspecialist.nl","description":"Umfangreiches Angebot an Neodym-Magneten","publisher":{"@id":"https:\/\/www.magnetenspecialist.nl\/de\/#organization"},"potentialAction":[{"@type":"SearchAction","target":{"@type":"EntryPoint","urlTemplate":"https:\/\/www.magnetenspecialist.nl\/de\/?s={search_term_string}"},"query-input":{"@type":"PropertyValueSpecification","valueRequired":true,"valueName":"search_term_string"}}],"inLanguage":"de-DE"},{"@type":"Organization","@id":"https:\/\/www.magnetenspecialist.nl\/de\/#organization","name":"Magnetenspecialist.nl","url":"https:\/\/www.magnetenspecialist.nl\/de\/","logo":{"@type":"ImageObject","inLanguage":"de-DE","@id":"https:\/\/www.magnetenspecialist.nl\/de\/#\/schema\/logo\/image\/","url":"https:\/\/www.magnetenspecialist.nl\/wp-content\/uploads\/2018\/10\/magneten-logo.jpg","contentUrl":"https:\/\/www.magnetenspecialist.nl\/wp-content\/uploads\/2018\/10\/magneten-logo.jpg","width":151,"height":151,"caption":"Magnetenspecialist.nl"},"image":{"@id":"https:\/\/www.magnetenspecialist.nl\/de\/#\/schema\/logo\/image\/"},"sameAs":["https:\/\/www.facebook.com\/Magnetenspecialist.nl","https:\/\/x.com\/magnetenspecial"]}]}},"_links":{"self":[{"href":"https:\/\/www.magnetenspecialist.nl\/de\/wp-json\/wp\/v2\/pages\/105025"}],"collection":[{"href":"https:\/\/www.magnetenspecialist.nl\/de\/wp-json\/wp\/v2\/pages"}],"about":[{"href":"https:\/\/www.magnetenspecialist.nl\/de\/wp-json\/wp\/v2\/types\/page"}],"author":[{"embeddable":true,"href":"https:\/\/www.magnetenspecialist.nl\/de\/wp-json\/wp\/v2\/users\/1"}],"replies":[{"embeddable":true,"href":"https:\/\/www.magnetenspecialist.nl\/de\/wp-json\/wp\/v2\/comments?post=105025"}],"version-history":[{"count":2,"href":"https:\/\/www.magnetenspecialist.nl\/de\/wp-json\/wp\/v2\/pages\/105025\/revisions"}],"predecessor-version":[{"id":132799,"href":"https:\/\/www.magnetenspecialist.nl\/de\/wp-json\/wp\/v2\/pages\/105025\/revisions\/132799"}],"wp:featuredmedia":[{"embeddable":true,"href":"https:\/\/www.magnetenspecialist.nl\/de\/wp-json\/wp\/v2\/media\/129612"}],"wp:attachment":[{"href":"https:\/\/www.magnetenspecialist.nl\/de\/wp-json\/wp\/v2\/media?parent=105025"}],"curies":[{"name":"wp","href":"https:\/\/api.w.org\/{rel}","templated":true}]}}