{"id":105040,"date":"2019-03-13T09:42:57","date_gmt":"2019-03-13T08:42:57","guid":{"rendered":"https:\/\/www.magnetenspecialist.nl\/corsage-magnete\/"},"modified":"2022-02-04T12:13:49","modified_gmt":"2022-02-04T11:13:49","slug":"corsage-magnete","status":"publish","type":"page","link":"https:\/\/www.magnetenspecialist.nl\/de\/corsage-magnete\/","title":{"rendered":"Corsage-Magnete"},"content":{"rendered":"\n<div class=\"row d-flex align-items-center\">\n<div class=\"col-md-6 col-lg-4 col-xl-3\">\n<figure class=\"wp-block-image\"><img decoding=\"async\" src=\"https:\/\/www.magnetenspecialist.nl\/wp-content\/uploads\/2019\/03\/Image-144.png\" alt=\"corsage magneten\" class=\"aligncenter\"\/><\/figure><\/div>\n\n<div class=\"col-md-6 col-lg-8 col-xl-9\">\n<h2>Korsagenmagnete schnell zu Hause  <\/h2>\n<p>Magnete sind die ideale L\u00f6sung, um eine Korsage zu befestigen. Korsagenmagnete erm\u00f6glichen es, eine Korsage an der Kleidung zu befestigen, ohne Stecknadeln zu verwenden, die L\u00f6cher verursachen. Um eine Korsage mit Magneten zu befestigen, ben\u00f6tigen Sie zwei Magnete. Die Befestigung mit Magneten ist genauso stark wie mit Stecknadeln, so dass Sie keine Angst haben m\u00fcssen, Ihre Korsage zu verlieren.<\/p>\n<\/div>\n<\/div>\n\n<h2 class=\"wp-block-heading\"> Corsagen-Magnete als ideale L\u00f6sung<\/h2>\n\n<p>Ein Corsagen-Magnet besteht eigentlich aus zwei Magneten, ein Magnet kommt auf die Innenseite der Kleidung, der andere auf den Gegenstand, den Sie an Ihrer Kleidung befestigen m\u00f6chten. Neben einer Corsage kann auch ein Corsagen-Magnet verwendet werden, um beispielsweise bei einem Sportwettkampf die Startnummer an Ihrer Kleidung zu befestigen. Was auch immer der Zweck f\u00fcr Sie ist, mit Corsagen-Magneten k\u00f6nnen Sie Gegenst\u00e4nde an Ihrer Kleidung befestigen, ohne L\u00f6cher zu hinterlassen.<\/p>\n\n<div class=\"cta-banner\">\n    <h4>Finden Sie Ihren idealen Korsagenmagneten<\/h4>\n    <a class=\"cta-banner-btn\" href=\"https:\/\/www.magnetenspecialist.nl\/?s=Corsage+magneten&#038;post_type=product\" title=\"Zoek uw ideale corsagemagneet\">Jetzt ansehen<\/a>\n<\/div>\n\n<h2 class=\"wp-block-heading\">Auch Startnummernmagnet genannt<\/h2>\n\n<p>Corsagen-Magnete k\u00f6nnen auch als Startnummernmagnete dienen. Praktisch f\u00fcr die schnelle Best\u00e4tigung Ihrer Startnummer bei einem Sportwettkampf oder einer Veranstaltung. In diesem Fall ben\u00f6tigt man oft 4 Magnete f\u00fcr eine solide Befestigung. Der Vorteil ist, dass Sie keine L\u00f6cher in Ihre oft teure Sportbekleidung stechen m\u00fcssen. Unsere Neodym-Magnete sind sehr leistungsstark und daher hervorragend als Startnummernmagnete geeignet. Auch bei sehr intensiver Bewegung lassen die Magnete ihre Verbindung nicht los.<\/p>\n\n<h3 class=\"wp-block-heading\">Brauchen Sie Rat? Der Magnetspezialist hilft.<\/h3>\n\n<p>Ben\u00f6tigen Sie eine Beratung, welcher Magnet am besten zu Ihren Anforderungen passt? Bitte kontaktieren Sie uns. Durch unsere Erfahrung k\u00f6nnen wir Ihnen viel \u00fcber unsere Magnete und ihre vielf\u00e4ltigen Anwendungen erz\u00e4hlen.<\/p>\n","protected":false},"excerpt":{"rendered":"<p>Corsagen-Magnete als ideale L\u00f6sung Ein Corsagen-Magnet besteht eigentlich aus zwei Magneten, ein Magnet kommt auf die Innenseite der Kleidung, der andere auf den Gegenstand, den Sie an Ihrer Kleidung befestigen m\u00f6chten. Neben einer Corsage kann auch ein Corsagen-Magnet verwendet werden, um beispielsweise bei einem Sportwettkampf die Startnummer an Ihrer Kleidung zu befestigen. Was auch immer [&hellip;]<\/p>\n","protected":false},"author":1,"featured_media":0,"parent":0,"menu_order":0,"comment_status":"closed","ping_status":"closed","template":"template-full.php","meta":{"_acf_changed":false,"footnotes":""},"class_list":["post-105040","page","type-page","status-publish","hentry"],"acf":[],"yoast_head":"<!-- This site is optimized with the Yoast SEO Premium plugin v24.7 (Yoast SEO v24.7) - https:\/\/yoast.com\/wordpress\/plugins\/seo\/ -->\n<title>Corsagen-Magnete Online kaufen | Der Magnetspezialist<\/title>\n<meta name=\"description\" content=\"Corsagen-Magnete k\u00f6nnen Sie online beim Magnetenspezialisten kaufen. Diese Magnete k\u00f6nnen auch als Startnummernmagnete dienen. Der Spezialist f\u00fcr Online-Magnete.\" \/>\n<meta name=\"robots\" content=\"index, follow, max-snippet:-1, max-image-preview:large, max-video-preview:-1\" \/>\n<link rel=\"canonical\" href=\"https:\/\/www.magnetenspecialist.nl\/de\/corsage-magnete\/\" \/>\n<meta property=\"og:locale\" content=\"de_DE\" \/>\n<meta property=\"og:type\" content=\"article\" \/>\n<meta property=\"og:title\" content=\"Corsage-Magnete\" \/>\n<meta property=\"og:description\" content=\"Corsagen-Magnete k\u00f6nnen Sie online beim Magnetenspezialisten kaufen. Diese Magnete k\u00f6nnen auch als Startnummernmagnete dienen. Der Spezialist f\u00fcr Online-Magnete.\" \/>\n<meta property=\"og:url\" content=\"https:\/\/www.magnetenspecialist.nl\/de\/corsage-magnete\/\" \/>\n<meta property=\"og:site_name\" content=\"Magnetenspecialist.nl\" \/>\n<meta property=\"article:publisher\" content=\"https:\/\/www.facebook.com\/Magnetenspecialist.nl\" \/>\n<meta property=\"article:modified_time\" content=\"2022-02-04T11:13:49+00:00\" \/>\n<meta name=\"twitter:card\" content=\"summary_large_image\" \/>\n<meta name=\"twitter:site\" content=\"@magnetenspecial\" \/>\n<meta name=\"twitter:label1\" content=\"Gesch\u00e4tzte Lesezeit\" \/>\n\t<meta name=\"twitter:data1\" content=\"1\u00a0Minute\" \/>\n<script type=\"application\/ld+json\" class=\"yoast-schema-graph\">{\"@context\":\"https:\/\/schema.org\",\"@graph\":[{\"@type\":\"WebPage\",\"@id\":\"https:\/\/www.magnetenspecialist.nl\/de\/corsage-magnete\/\",\"url\":\"https:\/\/www.magnetenspecialist.nl\/de\/corsage-magnete\/\",\"name\":\"Corsagen-Magnete Online kaufen | Der Magnetspezialist\",\"isPartOf\":{\"@id\":\"https:\/\/www.magnetenspecialist.nl\/de\/#website\"},\"datePublished\":\"2019-03-13T08:42:57+00:00\",\"dateModified\":\"2022-02-04T11:13:49+00:00\",\"description\":\"Corsagen-Magnete k\u00f6nnen Sie online beim Magnetenspezialisten kaufen. Diese Magnete k\u00f6nnen auch als Startnummernmagnete dienen. Der Spezialist f\u00fcr Online-Magnete.\",\"breadcrumb\":{\"@id\":\"https:\/\/www.magnetenspecialist.nl\/de\/corsage-magnete\/#breadcrumb\"},\"inLanguage\":\"de\",\"potentialAction\":[{\"@type\":\"ReadAction\",\"target\":[\"https:\/\/www.magnetenspecialist.nl\/de\/corsage-magnete\/\"]}]},{\"@type\":\"BreadcrumbList\",\"@id\":\"https:\/\/www.magnetenspecialist.nl\/de\/corsage-magnete\/#breadcrumb\",\"itemListElement\":[{\"@type\":\"ListItem\",\"position\":1,\"name\":\"Startseite\",\"item\":\"https:\/\/www.magnetenspecialist.nl\/de\/\"},{\"@type\":\"ListItem\",\"position\":2,\"name\":\"Corsage-Magnete\"}]},{\"@type\":\"WebSite\",\"@id\":\"https:\/\/www.magnetenspecialist.nl\/de\/#website\",\"url\":\"https:\/\/www.magnetenspecialist.nl\/de\/\",\"name\":\"Magnetenspecialist.nl\",\"description\":\"Umfangreiches Angebot an Neodym-Magneten\",\"publisher\":{\"@id\":\"https:\/\/www.magnetenspecialist.nl\/de\/#organization\"},\"potentialAction\":[{\"@type\":\"SearchAction\",\"target\":{\"@type\":\"EntryPoint\",\"urlTemplate\":\"https:\/\/www.magnetenspecialist.nl\/de\/?s={search_term_string}\"},\"query-input\":{\"@type\":\"PropertyValueSpecification\",\"valueRequired\":true,\"valueName\":\"search_term_string\"}}],\"inLanguage\":\"de\"},{\"@type\":\"Organization\",\"@id\":\"https:\/\/www.magnetenspecialist.nl\/de\/#organization\",\"name\":\"Magnetenspecialist.nl\",\"url\":\"https:\/\/www.magnetenspecialist.nl\/de\/\",\"logo\":{\"@type\":\"ImageObject\",\"inLanguage\":\"de\",\"@id\":\"https:\/\/www.magnetenspecialist.nl\/de\/#\/schema\/logo\/image\/\",\"url\":\"https:\/\/www.magnetenspecialist.nl\/wp-content\/uploads\/2018\/10\/magneten-logo.jpg\",\"contentUrl\":\"https:\/\/www.magnetenspecialist.nl\/wp-content\/uploads\/2018\/10\/magneten-logo.jpg\",\"width\":151,\"height\":151,\"caption\":\"Magnetenspecialist.nl\"},\"image\":{\"@id\":\"https:\/\/www.magnetenspecialist.nl\/de\/#\/schema\/logo\/image\/\"},\"sameAs\":[\"https:\/\/www.facebook.com\/Magnetenspecialist.nl\",\"https:\/\/x.com\/magnetenspecial\"]}]}<\/script>\n<!-- \/ Yoast SEO Premium plugin. -->","yoast_head_json":{"title":"Corsagen-Magnete Online kaufen | Der Magnetspezialist","description":"Corsagen-Magnete k\u00f6nnen Sie online beim Magnetenspezialisten kaufen. Diese Magnete k\u00f6nnen auch als Startnummernmagnete dienen. Der Spezialist f\u00fcr Online-Magnete.","robots":{"index":"index","follow":"follow","max-snippet":"max-snippet:-1","max-image-preview":"max-image-preview:large","max-video-preview":"max-video-preview:-1"},"canonical":"https:\/\/www.magnetenspecialist.nl\/de\/corsage-magnete\/","og_locale":"de_DE","og_type":"article","og_title":"Corsage-Magnete","og_description":"Corsagen-Magnete k\u00f6nnen Sie online beim Magnetenspezialisten kaufen. Diese Magnete k\u00f6nnen auch als Startnummernmagnete dienen. Der Spezialist f\u00fcr Online-Magnete.","og_url":"https:\/\/www.magnetenspecialist.nl\/de\/corsage-magnete\/","og_site_name":"Magnetenspecialist.nl","article_publisher":"https:\/\/www.facebook.com\/Magnetenspecialist.nl","article_modified_time":"2022-02-04T11:13:49+00:00","twitter_card":"summary_large_image","twitter_site":"@magnetenspecial","twitter_misc":{"Gesch\u00e4tzte Lesezeit":"1\u00a0Minute"},"schema":{"@context":"https:\/\/schema.org","@graph":[{"@type":"WebPage","@id":"https:\/\/www.magnetenspecialist.nl\/de\/corsage-magnete\/","url":"https:\/\/www.magnetenspecialist.nl\/de\/corsage-magnete\/","name":"Corsagen-Magnete Online kaufen | Der Magnetspezialist","isPartOf":{"@id":"https:\/\/www.magnetenspecialist.nl\/de\/#website"},"datePublished":"2019-03-13T08:42:57+00:00","dateModified":"2022-02-04T11:13:49+00:00","description":"Corsagen-Magnete k\u00f6nnen Sie online beim Magnetenspezialisten kaufen. Diese Magnete k\u00f6nnen auch als Startnummernmagnete dienen. Der Spezialist f\u00fcr Online-Magnete.","breadcrumb":{"@id":"https:\/\/www.magnetenspecialist.nl\/de\/corsage-magnete\/#breadcrumb"},"inLanguage":"de","potentialAction":[{"@type":"ReadAction","target":["https:\/\/www.magnetenspecialist.nl\/de\/corsage-magnete\/"]}]},{"@type":"BreadcrumbList","@id":"https:\/\/www.magnetenspecialist.nl\/de\/corsage-magnete\/#breadcrumb","itemListElement":[{"@type":"ListItem","position":1,"name":"Startseite","item":"https:\/\/www.magnetenspecialist.nl\/de\/"},{"@type":"ListItem","position":2,"name":"Corsage-Magnete"}]},{"@type":"WebSite","@id":"https:\/\/www.magnetenspecialist.nl\/de\/#website","url":"https:\/\/www.magnetenspecialist.nl\/de\/","name":"Magnetenspecialist.nl","description":"Umfangreiches Angebot an Neodym-Magneten","publisher":{"@id":"https:\/\/www.magnetenspecialist.nl\/de\/#organization"},"potentialAction":[{"@type":"SearchAction","target":{"@type":"EntryPoint","urlTemplate":"https:\/\/www.magnetenspecialist.nl\/de\/?s={search_term_string}"},"query-input":{"@type":"PropertyValueSpecification","valueRequired":true,"valueName":"search_term_string"}}],"inLanguage":"de"},{"@type":"Organization","@id":"https:\/\/www.magnetenspecialist.nl\/de\/#organization","name":"Magnetenspecialist.nl","url":"https:\/\/www.magnetenspecialist.nl\/de\/","logo":{"@type":"ImageObject","inLanguage":"de","@id":"https:\/\/www.magnetenspecialist.nl\/de\/#\/schema\/logo\/image\/","url":"https:\/\/www.magnetenspecialist.nl\/wp-content\/uploads\/2018\/10\/magneten-logo.jpg","contentUrl":"https:\/\/www.magnetenspecialist.nl\/wp-content\/uploads\/2018\/10\/magneten-logo.jpg","width":151,"height":151,"caption":"Magnetenspecialist.nl"},"image":{"@id":"https:\/\/www.magnetenspecialist.nl\/de\/#\/schema\/logo\/image\/"},"sameAs":["https:\/\/www.facebook.com\/Magnetenspecialist.nl","https:\/\/x.com\/magnetenspecial"]}]}},"_links":{"self":[{"href":"https:\/\/www.magnetenspecialist.nl\/de\/wp-json\/wp\/v2\/pages\/105040","targetHints":{"allow":["GET"]}}],"collection":[{"href":"https:\/\/www.magnetenspecialist.nl\/de\/wp-json\/wp\/v2\/pages"}],"about":[{"href":"https:\/\/www.magnetenspecialist.nl\/de\/wp-json\/wp\/v2\/types\/page"}],"author":[{"embeddable":true,"href":"https:\/\/www.magnetenspecialist.nl\/de\/wp-json\/wp\/v2\/users\/1"}],"replies":[{"embeddable":true,"href":"https:\/\/www.magnetenspecialist.nl\/de\/wp-json\/wp\/v2\/comments?post=105040"}],"version-history":[{"count":0,"href":"https:\/\/www.magnetenspecialist.nl\/de\/wp-json\/wp\/v2\/pages\/105040\/revisions"}],"wp:attachment":[{"href":"https:\/\/www.magnetenspecialist.nl\/de\/wp-json\/wp\/v2\/media?parent=105040"}],"curies":[{"name":"wp","href":"https:\/\/api.w.org\/{rel}","templated":true}]}}