{"id":105044,"date":"2018-10-26T11:45:05","date_gmt":"2018-10-26T09:45:05","guid":{"rendered":"https:\/\/www.magnetenspecialist.nl\/zahlung\/"},"modified":"2022-02-04T12:13:46","modified_gmt":"2022-02-04T11:13:46","slug":"zahlung","status":"publish","type":"page","link":"https:\/\/www.magnetenspecialist.nl\/de\/kundendienst\/zahlung\/","title":{"rendered":"Zahlung"},"content":{"rendered":"\n<p><strong>Welche Zahlungsmittel kann ich verwenden?<\/strong><br\/>\nSie k\u00f6nnen die folgenden Zahlungsm\u00f6glichkeiten nutzen:\n<\/p><ul><li>Nachnahme<\/li>\n<li>Paypal<\/li>\n<li>iDeal<\/li>\n<li>\u00dcbertragung<\/li>\n<\/ul><p><strong>Wie sind die auf der Website angegebenen Preise aufgebaut?<\/strong><br\/>\nAlle Preise der Magnete, die auf magnetenspecialist.nl bestellt werden k\u00f6nnen, enthalten die Mehrwertsteuer. Das Versanddatum wird als Kaufdatum auf der Rechnung verwendet, die Sie von uns per E-Mail im PDF-Format erhalten.<\/p>\n\n<p><strong>Kann ich meine Bestellung auf der Grundlage der Rechnung bezahlen?<\/strong><br\/>\nJa, das k\u00f6nnen Sie! Sie k\u00f6nnen entweder per Nachnahme zahlen oder eine manuelle \u00dcberweisung auf der Grundlage der Rechnung vornehmen. Wenn Sie direkt online bezahlen, werden die Magnete oft noch am selben Tag nach Zahlungseingang versandt. Haben Sie bestellt, aber noch nicht bezahlt? Dann k\u00f6nnen Sie Ihre Zahlung \u00fcber einen Link in der Auftragsbest\u00e4tigung vornehmen.<\/p>\n\n<p>M\u00f6chten Sie den Betrag manuell \u00fcberweisen? Dann finden Sie unsere Bankverbindung auch in der Best\u00e4tigungs-E-Mail Ihrer Bestellung. Nat\u00fcrlich gibt es Ausnahmen und M\u00f6glichkeiten. Wenden Sie sich diesbez\u00fcglich an Ihren pers\u00f6nlichen Kundenbetreuer von Magnetenspecialist.nl.<\/p>\n\n<p><\/p>\n","protected":false},"excerpt":{"rendered":"<p>Welche Zahlungsmittel kann ich verwenden? Sie k\u00f6nnen die folgenden Zahlungsm\u00f6glichkeiten nutzen: Nachnahme Paypal iDeal \u00dcbertragung Wie sind die auf der Website angegebenen Preise aufgebaut? Alle Preise der Magnete, die auf magnetenspecialist.nl bestellt werden k\u00f6nnen, enthalten die Mehrwertsteuer. Das Versanddatum wird als Kaufdatum auf der Rechnung verwendet, die Sie von uns per E-Mail im PDF-Format erhalten. [&hellip;]<\/p>\n","protected":false},"author":1,"featured_media":89559,"parent":105096,"menu_order":0,"comment_status":"closed","ping_status":"closed","template":"template-service.php","meta":{"_acf_changed":false,"footnotes":""},"class_list":["post-105044","page","type-page","status-publish","has-post-thumbnail","hentry"],"acf":[],"yoast_head":"<!-- This site is optimized with the Yoast SEO Premium plugin v24.7 (Yoast SEO v24.7) - https:\/\/yoast.com\/wordpress\/plugins\/seo\/ -->\n<title>Magnetenspecialist.nl | Zahlungsm\u00f6glichkeiten | Lesen Sie hier alles \u00fcber die Zahlung<\/title>\n<meta name=\"description\" content=\"Beim Magnetenspezialisten zahlen Sie so, wie Sie es m\u00f6chten. W\u00e4hlen Sie zwischen Nachnahme, Paypal, iDeal oder Bank\u00fcberweisung. Bestellen Sie Ihre Magnete online.\" \/>\n<meta name=\"robots\" content=\"index, follow, max-snippet:-1, max-image-preview:large, max-video-preview:-1\" \/>\n<link rel=\"canonical\" href=\"https:\/\/www.magnetenspecialist.nl\/de\/kundendienst\/zahlung\/\" \/>\n<meta property=\"og:locale\" content=\"de_DE\" \/>\n<meta property=\"og:type\" content=\"article\" \/>\n<meta property=\"og:title\" content=\"Zahlung\" \/>\n<meta property=\"og:description\" content=\"Beim Magnetenspezialisten zahlen Sie so, wie Sie es m\u00f6chten. W\u00e4hlen Sie zwischen Nachnahme, Paypal, iDeal oder Bank\u00fcberweisung. Bestellen Sie Ihre Magnete online.\" \/>\n<meta property=\"og:url\" content=\"https:\/\/www.magnetenspecialist.nl\/de\/kundendienst\/zahlung\/\" \/>\n<meta property=\"og:site_name\" content=\"Magnetenspecialist.nl\" \/>\n<meta property=\"article:publisher\" content=\"https:\/\/www.facebook.com\/Magnetenspecialist.nl\" \/>\n<meta property=\"article:modified_time\" content=\"2022-02-04T11:13:46+00:00\" \/>\n<meta name=\"twitter:card\" content=\"summary_large_image\" \/>\n<meta name=\"twitter:site\" content=\"@magnetenspecial\" \/>\n<meta name=\"twitter:label1\" content=\"Gesch\u00e4tzte Lesezeit\" \/>\n\t<meta name=\"twitter:data1\" content=\"1\u00a0Minute\" \/>\n<script type=\"application\/ld+json\" class=\"yoast-schema-graph\">{\"@context\":\"https:\/\/schema.org\",\"@graph\":[{\"@type\":\"WebPage\",\"@id\":\"https:\/\/www.magnetenspecialist.nl\/de\/kundendienst\/zahlung\/\",\"url\":\"https:\/\/www.magnetenspecialist.nl\/de\/kundendienst\/zahlung\/\",\"name\":\"Magnetenspecialist.nl | Zahlungsm\u00f6glichkeiten | Lesen Sie hier alles \u00fcber die Zahlung\",\"isPartOf\":{\"@id\":\"https:\/\/www.magnetenspecialist.nl\/de\/#website\"},\"primaryImageOfPage\":{\"@id\":\"https:\/\/www.magnetenspecialist.nl\/de\/kundendienst\/zahlung\/#primaryimage\"},\"image\":{\"@id\":\"https:\/\/www.magnetenspecialist.nl\/de\/kundendienst\/zahlung\/#primaryimage\"},\"thumbnailUrl\":\"https:\/\/www.magnetenspecialist.nl\/wp-content\/uploads\/2018\/10\/payment.svg\",\"datePublished\":\"2018-10-26T09:45:05+00:00\",\"dateModified\":\"2022-02-04T11:13:46+00:00\",\"description\":\"Beim Magnetenspezialisten zahlen Sie so, wie Sie es m\u00f6chten. W\u00e4hlen Sie zwischen Nachnahme, Paypal, iDeal oder Bank\u00fcberweisung. Bestellen Sie Ihre Magnete online.\",\"breadcrumb\":{\"@id\":\"https:\/\/www.magnetenspecialist.nl\/de\/kundendienst\/zahlung\/#breadcrumb\"},\"inLanguage\":\"de\",\"potentialAction\":[{\"@type\":\"ReadAction\",\"target\":[\"https:\/\/www.magnetenspecialist.nl\/de\/kundendienst\/zahlung\/\"]}]},{\"@type\":\"ImageObject\",\"inLanguage\":\"de\",\"@id\":\"https:\/\/www.magnetenspecialist.nl\/de\/kundendienst\/zahlung\/#primaryimage\",\"url\":\"https:\/\/www.magnetenspecialist.nl\/wp-content\/uploads\/2018\/10\/payment.svg\",\"contentUrl\":\"https:\/\/www.magnetenspecialist.nl\/wp-content\/uploads\/2018\/10\/payment.svg\"},{\"@type\":\"BreadcrumbList\",\"@id\":\"https:\/\/www.magnetenspecialist.nl\/de\/kundendienst\/zahlung\/#breadcrumb\",\"itemListElement\":[{\"@type\":\"ListItem\",\"position\":1,\"name\":\"Startseite\",\"item\":\"https:\/\/www.magnetenspecialist.nl\/de\/\"},{\"@type\":\"ListItem\",\"position\":2,\"name\":\"Kundenbetreuung\",\"item\":\"https:\/\/www.magnetenspecialist.nl\/de\/kundendienst\/\"},{\"@type\":\"ListItem\",\"position\":3,\"name\":\"Zahlung\"}]},{\"@type\":\"WebSite\",\"@id\":\"https:\/\/www.magnetenspecialist.nl\/de\/#website\",\"url\":\"https:\/\/www.magnetenspecialist.nl\/de\/\",\"name\":\"Magnetenspecialist.nl\",\"description\":\"Umfangreiches Angebot an Neodym-Magneten\",\"publisher\":{\"@id\":\"https:\/\/www.magnetenspecialist.nl\/de\/#organization\"},\"potentialAction\":[{\"@type\":\"SearchAction\",\"target\":{\"@type\":\"EntryPoint\",\"urlTemplate\":\"https:\/\/www.magnetenspecialist.nl\/de\/?s={search_term_string}\"},\"query-input\":{\"@type\":\"PropertyValueSpecification\",\"valueRequired\":true,\"valueName\":\"search_term_string\"}}],\"inLanguage\":\"de\"},{\"@type\":\"Organization\",\"@id\":\"https:\/\/www.magnetenspecialist.nl\/de\/#organization\",\"name\":\"Magnetenspecialist.nl\",\"url\":\"https:\/\/www.magnetenspecialist.nl\/de\/\",\"logo\":{\"@type\":\"ImageObject\",\"inLanguage\":\"de\",\"@id\":\"https:\/\/www.magnetenspecialist.nl\/de\/#\/schema\/logo\/image\/\",\"url\":\"https:\/\/www.magnetenspecialist.nl\/wp-content\/uploads\/2018\/10\/magneten-logo.jpg\",\"contentUrl\":\"https:\/\/www.magnetenspecialist.nl\/wp-content\/uploads\/2018\/10\/magneten-logo.jpg\",\"width\":151,\"height\":151,\"caption\":\"Magnetenspecialist.nl\"},\"image\":{\"@id\":\"https:\/\/www.magnetenspecialist.nl\/de\/#\/schema\/logo\/image\/\"},\"sameAs\":[\"https:\/\/www.facebook.com\/Magnetenspecialist.nl\",\"https:\/\/x.com\/magnetenspecial\"]}]}<\/script>\n<!-- \/ Yoast SEO Premium plugin. -->","yoast_head_json":{"title":"Magnetenspecialist.nl | Zahlungsm\u00f6glichkeiten | Lesen Sie hier alles \u00fcber die Zahlung","description":"Beim Magnetenspezialisten zahlen Sie so, wie Sie es m\u00f6chten. W\u00e4hlen Sie zwischen Nachnahme, Paypal, iDeal oder Bank\u00fcberweisung. Bestellen Sie Ihre Magnete online.","robots":{"index":"index","follow":"follow","max-snippet":"max-snippet:-1","max-image-preview":"max-image-preview:large","max-video-preview":"max-video-preview:-1"},"canonical":"https:\/\/www.magnetenspecialist.nl\/de\/kundendienst\/zahlung\/","og_locale":"de_DE","og_type":"article","og_title":"Zahlung","og_description":"Beim Magnetenspezialisten zahlen Sie so, wie Sie es m\u00f6chten. W\u00e4hlen Sie zwischen Nachnahme, Paypal, iDeal oder Bank\u00fcberweisung. Bestellen Sie Ihre Magnete online.","og_url":"https:\/\/www.magnetenspecialist.nl\/de\/kundendienst\/zahlung\/","og_site_name":"Magnetenspecialist.nl","article_publisher":"https:\/\/www.facebook.com\/Magnetenspecialist.nl","article_modified_time":"2022-02-04T11:13:46+00:00","twitter_card":"summary_large_image","twitter_site":"@magnetenspecial","twitter_misc":{"Gesch\u00e4tzte Lesezeit":"1\u00a0Minute"},"schema":{"@context":"https:\/\/schema.org","@graph":[{"@type":"WebPage","@id":"https:\/\/www.magnetenspecialist.nl\/de\/kundendienst\/zahlung\/","url":"https:\/\/www.magnetenspecialist.nl\/de\/kundendienst\/zahlung\/","name":"Magnetenspecialist.nl | Zahlungsm\u00f6glichkeiten | Lesen Sie hier alles \u00fcber die Zahlung","isPartOf":{"@id":"https:\/\/www.magnetenspecialist.nl\/de\/#website"},"primaryImageOfPage":{"@id":"https:\/\/www.magnetenspecialist.nl\/de\/kundendienst\/zahlung\/#primaryimage"},"image":{"@id":"https:\/\/www.magnetenspecialist.nl\/de\/kundendienst\/zahlung\/#primaryimage"},"thumbnailUrl":"https:\/\/www.magnetenspecialist.nl\/wp-content\/uploads\/2018\/10\/payment.svg","datePublished":"2018-10-26T09:45:05+00:00","dateModified":"2022-02-04T11:13:46+00:00","description":"Beim Magnetenspezialisten zahlen Sie so, wie Sie es m\u00f6chten. W\u00e4hlen Sie zwischen Nachnahme, Paypal, iDeal oder Bank\u00fcberweisung. Bestellen Sie Ihre Magnete online.","breadcrumb":{"@id":"https:\/\/www.magnetenspecialist.nl\/de\/kundendienst\/zahlung\/#breadcrumb"},"inLanguage":"de","potentialAction":[{"@type":"ReadAction","target":["https:\/\/www.magnetenspecialist.nl\/de\/kundendienst\/zahlung\/"]}]},{"@type":"ImageObject","inLanguage":"de","@id":"https:\/\/www.magnetenspecialist.nl\/de\/kundendienst\/zahlung\/#primaryimage","url":"https:\/\/www.magnetenspecialist.nl\/wp-content\/uploads\/2018\/10\/payment.svg","contentUrl":"https:\/\/www.magnetenspecialist.nl\/wp-content\/uploads\/2018\/10\/payment.svg"},{"@type":"BreadcrumbList","@id":"https:\/\/www.magnetenspecialist.nl\/de\/kundendienst\/zahlung\/#breadcrumb","itemListElement":[{"@type":"ListItem","position":1,"name":"Startseite","item":"https:\/\/www.magnetenspecialist.nl\/de\/"},{"@type":"ListItem","position":2,"name":"Kundenbetreuung","item":"https:\/\/www.magnetenspecialist.nl\/de\/kundendienst\/"},{"@type":"ListItem","position":3,"name":"Zahlung"}]},{"@type":"WebSite","@id":"https:\/\/www.magnetenspecialist.nl\/de\/#website","url":"https:\/\/www.magnetenspecialist.nl\/de\/","name":"Magnetenspecialist.nl","description":"Umfangreiches Angebot an Neodym-Magneten","publisher":{"@id":"https:\/\/www.magnetenspecialist.nl\/de\/#organization"},"potentialAction":[{"@type":"SearchAction","target":{"@type":"EntryPoint","urlTemplate":"https:\/\/www.magnetenspecialist.nl\/de\/?s={search_term_string}"},"query-input":{"@type":"PropertyValueSpecification","valueRequired":true,"valueName":"search_term_string"}}],"inLanguage":"de"},{"@type":"Organization","@id":"https:\/\/www.magnetenspecialist.nl\/de\/#organization","name":"Magnetenspecialist.nl","url":"https:\/\/www.magnetenspecialist.nl\/de\/","logo":{"@type":"ImageObject","inLanguage":"de","@id":"https:\/\/www.magnetenspecialist.nl\/de\/#\/schema\/logo\/image\/","url":"https:\/\/www.magnetenspecialist.nl\/wp-content\/uploads\/2018\/10\/magneten-logo.jpg","contentUrl":"https:\/\/www.magnetenspecialist.nl\/wp-content\/uploads\/2018\/10\/magneten-logo.jpg","width":151,"height":151,"caption":"Magnetenspecialist.nl"},"image":{"@id":"https:\/\/www.magnetenspecialist.nl\/de\/#\/schema\/logo\/image\/"},"sameAs":["https:\/\/www.facebook.com\/Magnetenspecialist.nl","https:\/\/x.com\/magnetenspecial"]}]}},"_links":{"self":[{"href":"https:\/\/www.magnetenspecialist.nl\/de\/wp-json\/wp\/v2\/pages\/105044","targetHints":{"allow":["GET"]}}],"collection":[{"href":"https:\/\/www.magnetenspecialist.nl\/de\/wp-json\/wp\/v2\/pages"}],"about":[{"href":"https:\/\/www.magnetenspecialist.nl\/de\/wp-json\/wp\/v2\/types\/page"}],"author":[{"embeddable":true,"href":"https:\/\/www.magnetenspecialist.nl\/de\/wp-json\/wp\/v2\/users\/1"}],"replies":[{"embeddable":true,"href":"https:\/\/www.magnetenspecialist.nl\/de\/wp-json\/wp\/v2\/comments?post=105044"}],"version-history":[{"count":0,"href":"https:\/\/www.magnetenspecialist.nl\/de\/wp-json\/wp\/v2\/pages\/105044\/revisions"}],"up":[{"embeddable":true,"href":"https:\/\/www.magnetenspecialist.nl\/de\/wp-json\/wp\/v2\/pages\/105096"}],"wp:featuredmedia":[{"embeddable":true,"href":"https:\/\/www.magnetenspecialist.nl\/de\/wp-json\/wp\/v2\/media\/89559"}],"wp:attachment":[{"href":"https:\/\/www.magnetenspecialist.nl\/de\/wp-json\/wp\/v2\/media?parent=105044"}],"curies":[{"name":"wp","href":"https:\/\/api.w.org\/{rel}","templated":true}]}}