{"id":105053,"date":"2018-10-26T11:44:06","date_gmt":"2018-10-26T09:44:06","guid":{"rendered":"https:\/\/www.magnetenspecialist.nl\/bestellen-und-versenden\/"},"modified":"2023-04-24T14:10:18","modified_gmt":"2023-04-24T12:10:18","slug":"bestellen-und-versenden","status":"publish","type":"page","link":"https:\/\/www.magnetenspecialist.nl\/de\/kundendienst\/bestellen-und-versenden\/","title":{"rendered":"Bestellen und versenden"},"content":{"rendered":"<p>Bei der Bestellung haben Sie die Wahl zwischen verschiedenen Zahlungsoptionen, PayPal und IDEAL sind die schnellsten, wenn Sie sich f\u00fcr eine \u00dcberweisung entscheiden, dauert es etwas l\u00e4nger. Zahlungen von Bestellungen, die an einem Werktag vor 16:00 Uhr eintreffen, werden noch am selben Tag versandt.<\/p>\n<p>Die Lieferzeit innerhalb der Niederlande betr\u00e4gt dann 2 bis 3 Werktage, au\u00dferhalb der Niederlande ist es am besten, 3 bis 5 Werktage einzukalkulieren.<\/p>\n<p>Pakete werden mit GLS, DHL oder PostNL Paketdienst verschickt, je nach Verpackung und Gr\u00f6\u00dfe des Magneten erhalten Sie eine E-Mail. In dieser E-Mail werden Sie \u00fcber einen Tag und einen Ort informiert.<\/p>\n<p>Der Paketbote versucht das Paket bis zu 3 Mal zuzustellen. Wenn dies nach 3 Mal nicht erfolgreich ist, wird das Paket an Magnetenspecialist.nl zur\u00fcckgeschickt.<\/p>\n<p>Wenn Sie Fragen zum Status Ihres Pakets haben, k\u00f6nnen Sie sich jederzeit an unseren Kundenservice (support@magnetenspecialist.nl) wenden. In den allermeisten F\u00e4llen kann Ihnen die Seite &#8220;Tracking &amp; Tracing&#8221; jedoch genau sagen, wo sich Ihr Paket befindet.<\/p>\n","protected":false},"excerpt":{"rendered":"<p>Bei der Bestellung haben Sie die Wahl zwischen verschiedenen Zahlungsoptionen, PayPal und IDEAL sind die schnellsten, wenn Sie sich f\u00fcr eine \u00dcberweisung entscheiden, dauert es etwas l\u00e4nger. Zahlungen von Bestellungen, die an einem Werktag vor 16:00 Uhr eintreffen, werden noch am selben Tag versandt. Die Lieferzeit innerhalb der Niederlande betr\u00e4gt dann 2 bis 3 Werktage, [&hellip;]<\/p>\n","protected":false},"author":1,"featured_media":89556,"parent":105096,"menu_order":0,"comment_status":"closed","ping_status":"closed","template":"template-service.php","meta":{"_acf_changed":false,"footnotes":""},"class_list":["post-105053","page","type-page","status-publish","has-post-thumbnail","hentry"],"acf":[],"yoast_head":"<!-- This site is optimized with the Yoast SEO Premium plugin v24.7 (Yoast SEO v24.7) - https:\/\/yoast.com\/wordpress\/plugins\/seo\/ -->\n<title>Magnetenspecialist.nl | Bestell- und Versandinformationen | Kundendienst<\/title>\n<meta name=\"description\" content=\"Neugierig auf die Lieferzeiten des Magnetspezialisten? Wir sagen Ihnen gerne, wie es funktioniert. Wir versenden mit GLS Paketdienst.\" \/>\n<meta name=\"robots\" content=\"index, follow, max-snippet:-1, max-image-preview:large, max-video-preview:-1\" \/>\n<link rel=\"canonical\" href=\"https:\/\/www.magnetenspecialist.nl\/de\/kundendienst\/bestellen-und-versenden\/\" \/>\n<meta property=\"og:locale\" content=\"de_DE\" \/>\n<meta property=\"og:type\" content=\"article\" \/>\n<meta property=\"og:title\" content=\"Bestellen und versenden\" \/>\n<meta property=\"og:description\" content=\"Neugierig auf die Lieferzeiten des Magnetspezialisten? Wir sagen Ihnen gerne, wie es funktioniert. Wir versenden mit GLS Paketdienst.\" \/>\n<meta property=\"og:url\" content=\"https:\/\/www.magnetenspecialist.nl\/de\/kundendienst\/bestellen-und-versenden\/\" \/>\n<meta property=\"og:site_name\" content=\"Magnetenspecialist.nl\" \/>\n<meta property=\"article:publisher\" content=\"https:\/\/www.facebook.com\/Magnetenspecialist.nl\" \/>\n<meta property=\"article:modified_time\" content=\"2023-04-24T12:10:18+00:00\" \/>\n<meta name=\"twitter:card\" content=\"summary_large_image\" \/>\n<meta name=\"twitter:site\" content=\"@magnetenspecial\" \/>\n<meta name=\"twitter:label1\" content=\"Gesch\u00e4tzte Lesezeit\" \/>\n\t<meta name=\"twitter:data1\" content=\"1 Minute\" \/>\n<script type=\"application\/ld+json\" class=\"yoast-schema-graph\">{\"@context\":\"https:\/\/schema.org\",\"@graph\":[{\"@type\":\"WebPage\",\"@id\":\"https:\/\/www.magnetenspecialist.nl\/de\/kundendienst\/bestellen-und-versenden\/\",\"url\":\"https:\/\/www.magnetenspecialist.nl\/de\/kundendienst\/bestellen-und-versenden\/\",\"name\":\"Magnetenspecialist.nl | Bestell- und Versandinformationen | Kundendienst\",\"isPartOf\":{\"@id\":\"https:\/\/www.magnetenspecialist.nl\/de\/#website\"},\"primaryImageOfPage\":{\"@id\":\"https:\/\/www.magnetenspecialist.nl\/de\/kundendienst\/bestellen-und-versenden\/#primaryimage\"},\"image\":{\"@id\":\"https:\/\/www.magnetenspecialist.nl\/de\/kundendienst\/bestellen-und-versenden\/#primaryimage\"},\"thumbnailUrl\":\"https:\/\/www.magnetenspecialist.nl\/wp-content\/uploads\/2018\/10\/delivery.svg\",\"datePublished\":\"2018-10-26T09:44:06+00:00\",\"dateModified\":\"2023-04-24T12:10:18+00:00\",\"description\":\"Neugierig auf die Lieferzeiten des Magnetspezialisten? Wir sagen Ihnen gerne, wie es funktioniert. Wir versenden mit GLS Paketdienst.\",\"breadcrumb\":{\"@id\":\"https:\/\/www.magnetenspecialist.nl\/de\/kundendienst\/bestellen-und-versenden\/#breadcrumb\"},\"inLanguage\":\"de-DE\",\"potentialAction\":[{\"@type\":\"ReadAction\",\"target\":[\"https:\/\/www.magnetenspecialist.nl\/de\/kundendienst\/bestellen-und-versenden\/\"]}]},{\"@type\":\"ImageObject\",\"inLanguage\":\"de-DE\",\"@id\":\"https:\/\/www.magnetenspecialist.nl\/de\/kundendienst\/bestellen-und-versenden\/#primaryimage\",\"url\":\"https:\/\/www.magnetenspecialist.nl\/wp-content\/uploads\/2018\/10\/delivery.svg\",\"contentUrl\":\"https:\/\/www.magnetenspecialist.nl\/wp-content\/uploads\/2018\/10\/delivery.svg\"},{\"@type\":\"BreadcrumbList\",\"@id\":\"https:\/\/www.magnetenspecialist.nl\/de\/kundendienst\/bestellen-und-versenden\/#breadcrumb\",\"itemListElement\":[{\"@type\":\"ListItem\",\"position\":1,\"name\":\"Startseite\",\"item\":\"https:\/\/www.magnetenspecialist.nl\/de\/\"},{\"@type\":\"ListItem\",\"position\":2,\"name\":\"Kundenbetreuung\",\"item\":\"https:\/\/www.magnetenspecialist.nl\/de\/kundendienst\/\"},{\"@type\":\"ListItem\",\"position\":3,\"name\":\"Bestellen und versenden\"}]},{\"@type\":\"WebSite\",\"@id\":\"https:\/\/www.magnetenspecialist.nl\/de\/#website\",\"url\":\"https:\/\/www.magnetenspecialist.nl\/de\/\",\"name\":\"Magnetenspecialist.nl\",\"description\":\"Umfangreiches Angebot an Neodym-Magneten\",\"publisher\":{\"@id\":\"https:\/\/www.magnetenspecialist.nl\/de\/#organization\"},\"potentialAction\":[{\"@type\":\"SearchAction\",\"target\":{\"@type\":\"EntryPoint\",\"urlTemplate\":\"https:\/\/www.magnetenspecialist.nl\/de\/?s={search_term_string}\"},\"query-input\":{\"@type\":\"PropertyValueSpecification\",\"valueRequired\":true,\"valueName\":\"search_term_string\"}}],\"inLanguage\":\"de-DE\"},{\"@type\":\"Organization\",\"@id\":\"https:\/\/www.magnetenspecialist.nl\/de\/#organization\",\"name\":\"Magnetenspecialist.nl\",\"url\":\"https:\/\/www.magnetenspecialist.nl\/de\/\",\"logo\":{\"@type\":\"ImageObject\",\"inLanguage\":\"de-DE\",\"@id\":\"https:\/\/www.magnetenspecialist.nl\/de\/#\/schema\/logo\/image\/\",\"url\":\"https:\/\/www.magnetenspecialist.nl\/wp-content\/uploads\/2018\/10\/magneten-logo.jpg\",\"contentUrl\":\"https:\/\/www.magnetenspecialist.nl\/wp-content\/uploads\/2018\/10\/magneten-logo.jpg\",\"width\":151,\"height\":151,\"caption\":\"Magnetenspecialist.nl\"},\"image\":{\"@id\":\"https:\/\/www.magnetenspecialist.nl\/de\/#\/schema\/logo\/image\/\"},\"sameAs\":[\"https:\/\/www.facebook.com\/Magnetenspecialist.nl\",\"https:\/\/x.com\/magnetenspecial\"]}]}<\/script>\n<!-- \/ Yoast SEO Premium plugin. -->","yoast_head_json":{"title":"Magnetenspecialist.nl | Bestell- und Versandinformationen | Kundendienst","description":"Neugierig auf die Lieferzeiten des Magnetspezialisten? Wir sagen Ihnen gerne, wie es funktioniert. Wir versenden mit GLS Paketdienst.","robots":{"index":"index","follow":"follow","max-snippet":"max-snippet:-1","max-image-preview":"max-image-preview:large","max-video-preview":"max-video-preview:-1"},"canonical":"https:\/\/www.magnetenspecialist.nl\/de\/kundendienst\/bestellen-und-versenden\/","og_locale":"de_DE","og_type":"article","og_title":"Bestellen und versenden","og_description":"Neugierig auf die Lieferzeiten des Magnetspezialisten? Wir sagen Ihnen gerne, wie es funktioniert. Wir versenden mit GLS Paketdienst.","og_url":"https:\/\/www.magnetenspecialist.nl\/de\/kundendienst\/bestellen-und-versenden\/","og_site_name":"Magnetenspecialist.nl","article_publisher":"https:\/\/www.facebook.com\/Magnetenspecialist.nl","article_modified_time":"2023-04-24T12:10:18+00:00","twitter_card":"summary_large_image","twitter_site":"@magnetenspecial","twitter_misc":{"Gesch\u00e4tzte Lesezeit":"1 Minute"},"schema":{"@context":"https:\/\/schema.org","@graph":[{"@type":"WebPage","@id":"https:\/\/www.magnetenspecialist.nl\/de\/kundendienst\/bestellen-und-versenden\/","url":"https:\/\/www.magnetenspecialist.nl\/de\/kundendienst\/bestellen-und-versenden\/","name":"Magnetenspecialist.nl | Bestell- und Versandinformationen | Kundendienst","isPartOf":{"@id":"https:\/\/www.magnetenspecialist.nl\/de\/#website"},"primaryImageOfPage":{"@id":"https:\/\/www.magnetenspecialist.nl\/de\/kundendienst\/bestellen-und-versenden\/#primaryimage"},"image":{"@id":"https:\/\/www.magnetenspecialist.nl\/de\/kundendienst\/bestellen-und-versenden\/#primaryimage"},"thumbnailUrl":"https:\/\/www.magnetenspecialist.nl\/wp-content\/uploads\/2018\/10\/delivery.svg","datePublished":"2018-10-26T09:44:06+00:00","dateModified":"2023-04-24T12:10:18+00:00","description":"Neugierig auf die Lieferzeiten des Magnetspezialisten? Wir sagen Ihnen gerne, wie es funktioniert. Wir versenden mit GLS Paketdienst.","breadcrumb":{"@id":"https:\/\/www.magnetenspecialist.nl\/de\/kundendienst\/bestellen-und-versenden\/#breadcrumb"},"inLanguage":"de-DE","potentialAction":[{"@type":"ReadAction","target":["https:\/\/www.magnetenspecialist.nl\/de\/kundendienst\/bestellen-und-versenden\/"]}]},{"@type":"ImageObject","inLanguage":"de-DE","@id":"https:\/\/www.magnetenspecialist.nl\/de\/kundendienst\/bestellen-und-versenden\/#primaryimage","url":"https:\/\/www.magnetenspecialist.nl\/wp-content\/uploads\/2018\/10\/delivery.svg","contentUrl":"https:\/\/www.magnetenspecialist.nl\/wp-content\/uploads\/2018\/10\/delivery.svg"},{"@type":"BreadcrumbList","@id":"https:\/\/www.magnetenspecialist.nl\/de\/kundendienst\/bestellen-und-versenden\/#breadcrumb","itemListElement":[{"@type":"ListItem","position":1,"name":"Startseite","item":"https:\/\/www.magnetenspecialist.nl\/de\/"},{"@type":"ListItem","position":2,"name":"Kundenbetreuung","item":"https:\/\/www.magnetenspecialist.nl\/de\/kundendienst\/"},{"@type":"ListItem","position":3,"name":"Bestellen und versenden"}]},{"@type":"WebSite","@id":"https:\/\/www.magnetenspecialist.nl\/de\/#website","url":"https:\/\/www.magnetenspecialist.nl\/de\/","name":"Magnetenspecialist.nl","description":"Umfangreiches Angebot an Neodym-Magneten","publisher":{"@id":"https:\/\/www.magnetenspecialist.nl\/de\/#organization"},"potentialAction":[{"@type":"SearchAction","target":{"@type":"EntryPoint","urlTemplate":"https:\/\/www.magnetenspecialist.nl\/de\/?s={search_term_string}"},"query-input":{"@type":"PropertyValueSpecification","valueRequired":true,"valueName":"search_term_string"}}],"inLanguage":"de-DE"},{"@type":"Organization","@id":"https:\/\/www.magnetenspecialist.nl\/de\/#organization","name":"Magnetenspecialist.nl","url":"https:\/\/www.magnetenspecialist.nl\/de\/","logo":{"@type":"ImageObject","inLanguage":"de-DE","@id":"https:\/\/www.magnetenspecialist.nl\/de\/#\/schema\/logo\/image\/","url":"https:\/\/www.magnetenspecialist.nl\/wp-content\/uploads\/2018\/10\/magneten-logo.jpg","contentUrl":"https:\/\/www.magnetenspecialist.nl\/wp-content\/uploads\/2018\/10\/magneten-logo.jpg","width":151,"height":151,"caption":"Magnetenspecialist.nl"},"image":{"@id":"https:\/\/www.magnetenspecialist.nl\/de\/#\/schema\/logo\/image\/"},"sameAs":["https:\/\/www.facebook.com\/Magnetenspecialist.nl","https:\/\/x.com\/magnetenspecial"]}]}},"_links":{"self":[{"href":"https:\/\/www.magnetenspecialist.nl\/de\/wp-json\/wp\/v2\/pages\/105053"}],"collection":[{"href":"https:\/\/www.magnetenspecialist.nl\/de\/wp-json\/wp\/v2\/pages"}],"about":[{"href":"https:\/\/www.magnetenspecialist.nl\/de\/wp-json\/wp\/v2\/types\/page"}],"author":[{"embeddable":true,"href":"https:\/\/www.magnetenspecialist.nl\/de\/wp-json\/wp\/v2\/users\/1"}],"replies":[{"embeddable":true,"href":"https:\/\/www.magnetenspecialist.nl\/de\/wp-json\/wp\/v2\/comments?post=105053"}],"version-history":[{"count":1,"href":"https:\/\/www.magnetenspecialist.nl\/de\/wp-json\/wp\/v2\/pages\/105053\/revisions"}],"predecessor-version":[{"id":121466,"href":"https:\/\/www.magnetenspecialist.nl\/de\/wp-json\/wp\/v2\/pages\/105053\/revisions\/121466"}],"up":[{"embeddable":true,"href":"https:\/\/www.magnetenspecialist.nl\/de\/wp-json\/wp\/v2\/pages\/105096"}],"wp:featuredmedia":[{"embeddable":true,"href":"https:\/\/www.magnetenspecialist.nl\/de\/wp-json\/wp\/v2\/media\/89556"}],"wp:attachment":[{"href":"https:\/\/www.magnetenspecialist.nl\/de\/wp-json\/wp\/v2\/media?parent=105053"}],"curies":[{"name":"wp","href":"https:\/\/api.w.org\/{rel}","templated":true}]}}