{"id":105055,"date":"2018-10-26T11:45:25","date_gmt":"2018-10-26T09:45:25","guid":{"rendered":"https:\/\/www.magnetenspecialist.nl\/kontakt\/"},"modified":"2018-10-26T11:45:25","modified_gmt":"2018-10-26T09:45:25","slug":"kontakt","status":"publish","type":"page","link":"https:\/\/www.magnetenspecialist.nl\/de\/kundendienst\/kontakt\/","title":{"rendered":"Kontakt"},"content":{"rendered":"<p>Obwohl wir versucht haben, Ihnen auf der Website so viele Informationen wie m\u00f6glich zur Verf\u00fcgung zu stellen, k\u00f6nnen immer wieder Fragen auftauchen.<\/p>\n<p>Egal, ob Sie eine Beratung zu Magneten ben\u00f6tigen, Probleme mit Ihrer Bestellung haben oder sonst etwas von uns wissen m\u00f6chten.<\/p>\n<p>Sprechen Sie uns gerne an, wir beantworten gerne Ihre Fragen!<\/p>\n","protected":false},"excerpt":{"rendered":"<p>Obwohl wir versucht haben, Ihnen auf der Website so viele Informationen wie m\u00f6glich zur Verf\u00fcgung zu stellen, k\u00f6nnen immer wieder Fragen auftauchen. Egal, ob Sie eine Beratung zu Magneten ben\u00f6tigen, Probleme mit Ihrer Bestellung haben oder sonst etwas von uns wissen m\u00f6chten. Sprechen Sie uns gerne an, wir beantworten gerne Ihre Fragen!<\/p>\n","protected":false},"author":1,"featured_media":89562,"parent":105096,"menu_order":0,"comment_status":"closed","ping_status":"closed","template":"template-contact.php","meta":{"_acf_changed":false,"footnotes":""},"class_list":["post-105055","page","type-page","status-publish","has-post-thumbnail","hentry"],"acf":[],"yoast_head":"<!-- This site is optimized with the Yoast SEO Premium plugin v24.7 (Yoast SEO v24.7) - https:\/\/yoast.com\/wordpress\/plugins\/seo\/ -->\n<title>Magnetenspecialist.nl | Kontaktdaten | Wir helfen Ihnen gerne<\/title>\n<meta name=\"description\" content=\"Sie k\u00f6nnen uns f\u00fcr alle Ihre Fragen zu Magneten, Ihrer Bestellung oder anderen Angelegenheiten kontaktieren. Wir freuen uns, von unseren Kunden zu h\u00f6ren, also z\u00f6gern Sie nicht, uns zu kontaktieren.\" \/>\n<meta name=\"robots\" content=\"index, follow, max-snippet:-1, max-image-preview:large, max-video-preview:-1\" \/>\n<link rel=\"canonical\" href=\"https:\/\/www.magnetenspecialist.nl\/de\/kundendienst\/kontakt\/\" \/>\n<meta property=\"og:locale\" content=\"de_DE\" \/>\n<meta property=\"og:type\" content=\"article\" \/>\n<meta property=\"og:title\" content=\"Kontakt\" \/>\n<meta property=\"og:description\" content=\"Sie k\u00f6nnen uns f\u00fcr alle Ihre Fragen zu Magneten, Ihrer Bestellung oder anderen Angelegenheiten kontaktieren. Wir freuen uns, von unseren Kunden zu h\u00f6ren, also z\u00f6gern Sie nicht, uns zu kontaktieren.\" \/>\n<meta property=\"og:url\" content=\"https:\/\/www.magnetenspecialist.nl\/de\/kundendienst\/kontakt\/\" \/>\n<meta property=\"og:site_name\" content=\"Magnetenspecialist.nl\" \/>\n<meta property=\"article:publisher\" content=\"https:\/\/www.facebook.com\/Magnetenspecialist.nl\" \/>\n<meta name=\"twitter:card\" content=\"summary_large_image\" \/>\n<meta name=\"twitter:site\" content=\"@magnetenspecial\" \/>\n<script type=\"application\/ld+json\" class=\"yoast-schema-graph\">{\"@context\":\"https:\/\/schema.org\",\"@graph\":[{\"@type\":\"WebPage\",\"@id\":\"https:\/\/www.magnetenspecialist.nl\/de\/kundendienst\/kontakt\/\",\"url\":\"https:\/\/www.magnetenspecialist.nl\/de\/kundendienst\/kontakt\/\",\"name\":\"Magnetenspecialist.nl | Kontaktdaten | Wir helfen Ihnen gerne\",\"isPartOf\":{\"@id\":\"https:\/\/www.magnetenspecialist.nl\/de\/#website\"},\"primaryImageOfPage\":{\"@id\":\"https:\/\/www.magnetenspecialist.nl\/de\/kundendienst\/kontakt\/#primaryimage\"},\"image\":{\"@id\":\"https:\/\/www.magnetenspecialist.nl\/de\/kundendienst\/kontakt\/#primaryimage\"},\"thumbnailUrl\":\"https:\/\/www.magnetenspecialist.nl\/wp-content\/uploads\/2018\/10\/contact.svg\",\"datePublished\":\"2018-10-26T09:45:25+00:00\",\"description\":\"Sie k\u00f6nnen uns f\u00fcr alle Ihre Fragen zu Magneten, Ihrer Bestellung oder anderen Angelegenheiten kontaktieren. Wir freuen uns, von unseren Kunden zu h\u00f6ren, also z\u00f6gern Sie nicht, uns zu kontaktieren.\",\"breadcrumb\":{\"@id\":\"https:\/\/www.magnetenspecialist.nl\/de\/kundendienst\/kontakt\/#breadcrumb\"},\"inLanguage\":\"de\",\"potentialAction\":[{\"@type\":\"ReadAction\",\"target\":[\"https:\/\/www.magnetenspecialist.nl\/de\/kundendienst\/kontakt\/\"]}]},{\"@type\":\"ImageObject\",\"inLanguage\":\"de\",\"@id\":\"https:\/\/www.magnetenspecialist.nl\/de\/kundendienst\/kontakt\/#primaryimage\",\"url\":\"https:\/\/www.magnetenspecialist.nl\/wp-content\/uploads\/2018\/10\/contact.svg\",\"contentUrl\":\"https:\/\/www.magnetenspecialist.nl\/wp-content\/uploads\/2018\/10\/contact.svg\"},{\"@type\":\"BreadcrumbList\",\"@id\":\"https:\/\/www.magnetenspecialist.nl\/de\/kundendienst\/kontakt\/#breadcrumb\",\"itemListElement\":[{\"@type\":\"ListItem\",\"position\":1,\"name\":\"Startseite\",\"item\":\"https:\/\/www.magnetenspecialist.nl\/de\/\"},{\"@type\":\"ListItem\",\"position\":2,\"name\":\"Kundenbetreuung\",\"item\":\"https:\/\/www.magnetenspecialist.nl\/de\/kundendienst\/\"},{\"@type\":\"ListItem\",\"position\":3,\"name\":\"Kontakt\"}]},{\"@type\":\"WebSite\",\"@id\":\"https:\/\/www.magnetenspecialist.nl\/de\/#website\",\"url\":\"https:\/\/www.magnetenspecialist.nl\/de\/\",\"name\":\"Magnetenspecialist.nl\",\"description\":\"Umfangreiches Angebot an Neodym-Magneten\",\"publisher\":{\"@id\":\"https:\/\/www.magnetenspecialist.nl\/de\/#organization\"},\"potentialAction\":[{\"@type\":\"SearchAction\",\"target\":{\"@type\":\"EntryPoint\",\"urlTemplate\":\"https:\/\/www.magnetenspecialist.nl\/de\/?s={search_term_string}\"},\"query-input\":{\"@type\":\"PropertyValueSpecification\",\"valueRequired\":true,\"valueName\":\"search_term_string\"}}],\"inLanguage\":\"de\"},{\"@type\":\"Organization\",\"@id\":\"https:\/\/www.magnetenspecialist.nl\/de\/#organization\",\"name\":\"Magnetenspecialist.nl\",\"url\":\"https:\/\/www.magnetenspecialist.nl\/de\/\",\"logo\":{\"@type\":\"ImageObject\",\"inLanguage\":\"de\",\"@id\":\"https:\/\/www.magnetenspecialist.nl\/de\/#\/schema\/logo\/image\/\",\"url\":\"https:\/\/www.magnetenspecialist.nl\/wp-content\/uploads\/2018\/10\/magneten-logo.jpg\",\"contentUrl\":\"https:\/\/www.magnetenspecialist.nl\/wp-content\/uploads\/2018\/10\/magneten-logo.jpg\",\"width\":151,\"height\":151,\"caption\":\"Magnetenspecialist.nl\"},\"image\":{\"@id\":\"https:\/\/www.magnetenspecialist.nl\/de\/#\/schema\/logo\/image\/\"},\"sameAs\":[\"https:\/\/www.facebook.com\/Magnetenspecialist.nl\",\"https:\/\/x.com\/magnetenspecial\"]}]}<\/script>\n<!-- \/ Yoast SEO Premium plugin. -->","yoast_head_json":{"title":"Magnetenspecialist.nl | Kontaktdaten | Wir helfen Ihnen gerne","description":"Sie k\u00f6nnen uns f\u00fcr alle Ihre Fragen zu Magneten, Ihrer Bestellung oder anderen Angelegenheiten kontaktieren. Wir freuen uns, von unseren Kunden zu h\u00f6ren, also z\u00f6gern Sie nicht, uns zu kontaktieren.","robots":{"index":"index","follow":"follow","max-snippet":"max-snippet:-1","max-image-preview":"max-image-preview:large","max-video-preview":"max-video-preview:-1"},"canonical":"https:\/\/www.magnetenspecialist.nl\/de\/kundendienst\/kontakt\/","og_locale":"de_DE","og_type":"article","og_title":"Kontakt","og_description":"Sie k\u00f6nnen uns f\u00fcr alle Ihre Fragen zu Magneten, Ihrer Bestellung oder anderen Angelegenheiten kontaktieren. Wir freuen uns, von unseren Kunden zu h\u00f6ren, also z\u00f6gern Sie nicht, uns zu kontaktieren.","og_url":"https:\/\/www.magnetenspecialist.nl\/de\/kundendienst\/kontakt\/","og_site_name":"Magnetenspecialist.nl","article_publisher":"https:\/\/www.facebook.com\/Magnetenspecialist.nl","twitter_card":"summary_large_image","twitter_site":"@magnetenspecial","schema":{"@context":"https:\/\/schema.org","@graph":[{"@type":"WebPage","@id":"https:\/\/www.magnetenspecialist.nl\/de\/kundendienst\/kontakt\/","url":"https:\/\/www.magnetenspecialist.nl\/de\/kundendienst\/kontakt\/","name":"Magnetenspecialist.nl | Kontaktdaten | Wir helfen Ihnen gerne","isPartOf":{"@id":"https:\/\/www.magnetenspecialist.nl\/de\/#website"},"primaryImageOfPage":{"@id":"https:\/\/www.magnetenspecialist.nl\/de\/kundendienst\/kontakt\/#primaryimage"},"image":{"@id":"https:\/\/www.magnetenspecialist.nl\/de\/kundendienst\/kontakt\/#primaryimage"},"thumbnailUrl":"https:\/\/www.magnetenspecialist.nl\/wp-content\/uploads\/2018\/10\/contact.svg","datePublished":"2018-10-26T09:45:25+00:00","description":"Sie k\u00f6nnen uns f\u00fcr alle Ihre Fragen zu Magneten, Ihrer Bestellung oder anderen Angelegenheiten kontaktieren. Wir freuen uns, von unseren Kunden zu h\u00f6ren, also z\u00f6gern Sie nicht, uns zu kontaktieren.","breadcrumb":{"@id":"https:\/\/www.magnetenspecialist.nl\/de\/kundendienst\/kontakt\/#breadcrumb"},"inLanguage":"de","potentialAction":[{"@type":"ReadAction","target":["https:\/\/www.magnetenspecialist.nl\/de\/kundendienst\/kontakt\/"]}]},{"@type":"ImageObject","inLanguage":"de","@id":"https:\/\/www.magnetenspecialist.nl\/de\/kundendienst\/kontakt\/#primaryimage","url":"https:\/\/www.magnetenspecialist.nl\/wp-content\/uploads\/2018\/10\/contact.svg","contentUrl":"https:\/\/www.magnetenspecialist.nl\/wp-content\/uploads\/2018\/10\/contact.svg"},{"@type":"BreadcrumbList","@id":"https:\/\/www.magnetenspecialist.nl\/de\/kundendienst\/kontakt\/#breadcrumb","itemListElement":[{"@type":"ListItem","position":1,"name":"Startseite","item":"https:\/\/www.magnetenspecialist.nl\/de\/"},{"@type":"ListItem","position":2,"name":"Kundenbetreuung","item":"https:\/\/www.magnetenspecialist.nl\/de\/kundendienst\/"},{"@type":"ListItem","position":3,"name":"Kontakt"}]},{"@type":"WebSite","@id":"https:\/\/www.magnetenspecialist.nl\/de\/#website","url":"https:\/\/www.magnetenspecialist.nl\/de\/","name":"Magnetenspecialist.nl","description":"Umfangreiches Angebot an Neodym-Magneten","publisher":{"@id":"https:\/\/www.magnetenspecialist.nl\/de\/#organization"},"potentialAction":[{"@type":"SearchAction","target":{"@type":"EntryPoint","urlTemplate":"https:\/\/www.magnetenspecialist.nl\/de\/?s={search_term_string}"},"query-input":{"@type":"PropertyValueSpecification","valueRequired":true,"valueName":"search_term_string"}}],"inLanguage":"de"},{"@type":"Organization","@id":"https:\/\/www.magnetenspecialist.nl\/de\/#organization","name":"Magnetenspecialist.nl","url":"https:\/\/www.magnetenspecialist.nl\/de\/","logo":{"@type":"ImageObject","inLanguage":"de","@id":"https:\/\/www.magnetenspecialist.nl\/de\/#\/schema\/logo\/image\/","url":"https:\/\/www.magnetenspecialist.nl\/wp-content\/uploads\/2018\/10\/magneten-logo.jpg","contentUrl":"https:\/\/www.magnetenspecialist.nl\/wp-content\/uploads\/2018\/10\/magneten-logo.jpg","width":151,"height":151,"caption":"Magnetenspecialist.nl"},"image":{"@id":"https:\/\/www.magnetenspecialist.nl\/de\/#\/schema\/logo\/image\/"},"sameAs":["https:\/\/www.facebook.com\/Magnetenspecialist.nl","https:\/\/x.com\/magnetenspecial"]}]}},"_links":{"self":[{"href":"https:\/\/www.magnetenspecialist.nl\/de\/wp-json\/wp\/v2\/pages\/105055","targetHints":{"allow":["GET"]}}],"collection":[{"href":"https:\/\/www.magnetenspecialist.nl\/de\/wp-json\/wp\/v2\/pages"}],"about":[{"href":"https:\/\/www.magnetenspecialist.nl\/de\/wp-json\/wp\/v2\/types\/page"}],"author":[{"embeddable":true,"href":"https:\/\/www.magnetenspecialist.nl\/de\/wp-json\/wp\/v2\/users\/1"}],"replies":[{"embeddable":true,"href":"https:\/\/www.magnetenspecialist.nl\/de\/wp-json\/wp\/v2\/comments?post=105055"}],"version-history":[{"count":0,"href":"https:\/\/www.magnetenspecialist.nl\/de\/wp-json\/wp\/v2\/pages\/105055\/revisions"}],"up":[{"embeddable":true,"href":"https:\/\/www.magnetenspecialist.nl\/de\/wp-json\/wp\/v2\/pages\/105096"}],"wp:featuredmedia":[{"embeddable":true,"href":"https:\/\/www.magnetenspecialist.nl\/de\/wp-json\/wp\/v2\/media\/89562"}],"wp:attachment":[{"href":"https:\/\/www.magnetenspecialist.nl\/de\/wp-json\/wp\/v2\/media?parent=105055"}],"curies":[{"name":"wp","href":"https:\/\/api.w.org\/{rel}","templated":true}]}}