{"id":105064,"date":"2018-10-26T11:43:21","date_gmt":"2018-10-26T09:43:21","guid":{"rendered":"https:\/\/www.magnetenspecialist.nl\/garantie\/"},"modified":"2021-11-08T16:31:42","modified_gmt":"2021-11-08T15:31:42","slug":"garantie","status":"publish","type":"page","link":"https:\/\/www.magnetenspecialist.nl\/de\/kundendienst\/garantie\/","title":{"rendered":"Garantie"},"content":{"rendered":"<p> Der Unternehmer garantiert, dass die Produkte und\/oder Dienstleistungen dem Vertrag, den im Angebot angegebenen Spezifikationen, den angemessenen Anforderungen an die Zuverl\u00e4ssigkeit und\/oder Verwendbarkeit und den zum Zeitpunkt des Vertragsabschlusses bestehenden gesetzlichen Bestimmungen entsprechen und \/oder beh\u00f6rdliche Vorschriften.<\/p>\r\n\r\n<p> Eine vom Unternehmer, Hersteller oder Importeur als Garantie angebotene Vereinbarung ber\u00fchrt nicht die Rechte und Anspr\u00fcche, die der Verbraucher gegen\u00fcber dem Unternehmer wegen einer mangelhaften Erf\u00fcllung der Verpflichtungen des Unternehmers gegen\u00fcber dem Unternehmer auf der Grundlage des Gesetzes und\/oder des Fernabsatzvertrages.<\/p>","protected":false},"excerpt":{"rendered":"<p>Der Unternehmer garantiert, dass die Produkte und\/oder Dienstleistungen dem Vertrag, den im Angebot angegebenen Spezifikationen, den angemessenen Anforderungen an die Zuverl\u00e4ssigkeit und\/oder Verwendbarkeit und den zum Zeitpunkt des Vertragsabschlusses bestehenden gesetzlichen Bestimmungen entsprechen und \/oder beh\u00f6rdliche Vorschriften. Eine vom Unternehmer, Hersteller oder Importeur als Garantie angebotene Vereinbarung ber\u00fchrt nicht die Rechte und Anspr\u00fcche, die der [&hellip;]<\/p>\n","protected":false},"author":1,"featured_media":89565,"parent":105096,"menu_order":0,"comment_status":"closed","ping_status":"closed","template":"template-service.php","meta":{"_acf_changed":false,"footnotes":""},"class_list":["post-105064","page","type-page","status-publish","has-post-thumbnail","hentry"],"acf":[],"yoast_head":"<!-- This site is optimized with the Yoast SEO Premium plugin v24.7 (Yoast SEO v24.7) - https:\/\/yoast.com\/wordpress\/plugins\/seo\/ -->\n<title>Garantie - Magnetenspecialist.nl<\/title>\n<meta name=\"robots\" content=\"index, follow, max-snippet:-1, max-image-preview:large, max-video-preview:-1\" \/>\n<link rel=\"canonical\" href=\"https:\/\/www.magnetenspecialist.nl\/de\/kundendienst\/garantie\/\" \/>\n<meta property=\"og:locale\" content=\"de_DE\" \/>\n<meta property=\"og:type\" content=\"article\" \/>\n<meta property=\"og:title\" content=\"Garantie\" \/>\n<meta property=\"og:description\" content=\"Der Unternehmer garantiert, dass die Produkte und\/oder Dienstleistungen dem Vertrag, den im Angebot angegebenen Spezifikationen, den angemessenen Anforderungen an die Zuverl\u00e4ssigkeit und\/oder Verwendbarkeit und den zum Zeitpunkt des Vertragsabschlusses bestehenden gesetzlichen Bestimmungen entsprechen und \/oder beh\u00f6rdliche Vorschriften. Eine vom Unternehmer, Hersteller oder Importeur als Garantie angebotene Vereinbarung ber\u00fchrt nicht die Rechte und Anspr\u00fcche, die der [&hellip;]\" \/>\n<meta property=\"og:url\" content=\"https:\/\/www.magnetenspecialist.nl\/de\/kundendienst\/garantie\/\" \/>\n<meta property=\"og:site_name\" content=\"Magnetenspecialist.nl\" \/>\n<meta property=\"article:publisher\" content=\"https:\/\/www.facebook.com\/Magnetenspecialist.nl\" \/>\n<meta property=\"article:modified_time\" content=\"2021-11-08T15:31:42+00:00\" \/>\n<meta name=\"twitter:card\" content=\"summary_large_image\" \/>\n<meta name=\"twitter:site\" content=\"@magnetenspecial\" \/>\n<script type=\"application\/ld+json\" class=\"yoast-schema-graph\">{\"@context\":\"https:\/\/schema.org\",\"@graph\":[{\"@type\":\"WebPage\",\"@id\":\"https:\/\/www.magnetenspecialist.nl\/de\/kundendienst\/garantie\/\",\"url\":\"https:\/\/www.magnetenspecialist.nl\/de\/kundendienst\/garantie\/\",\"name\":\"Garantie - Magnetenspecialist.nl\",\"isPartOf\":{\"@id\":\"https:\/\/www.magnetenspecialist.nl\/de\/#website\"},\"primaryImageOfPage\":{\"@id\":\"https:\/\/www.magnetenspecialist.nl\/de\/kundendienst\/garantie\/#primaryimage\"},\"image\":{\"@id\":\"https:\/\/www.magnetenspecialist.nl\/de\/kundendienst\/garantie\/#primaryimage\"},\"thumbnailUrl\":\"https:\/\/www.magnetenspecialist.nl\/wp-content\/uploads\/2018\/10\/garantie.svg\",\"datePublished\":\"2018-10-26T09:43:21+00:00\",\"dateModified\":\"2021-11-08T15:31:42+00:00\",\"breadcrumb\":{\"@id\":\"https:\/\/www.magnetenspecialist.nl\/de\/kundendienst\/garantie\/#breadcrumb\"},\"inLanguage\":\"de\",\"potentialAction\":[{\"@type\":\"ReadAction\",\"target\":[\"https:\/\/www.magnetenspecialist.nl\/de\/kundendienst\/garantie\/\"]}]},{\"@type\":\"ImageObject\",\"inLanguage\":\"de\",\"@id\":\"https:\/\/www.magnetenspecialist.nl\/de\/kundendienst\/garantie\/#primaryimage\",\"url\":\"https:\/\/www.magnetenspecialist.nl\/wp-content\/uploads\/2018\/10\/garantie.svg\",\"contentUrl\":\"https:\/\/www.magnetenspecialist.nl\/wp-content\/uploads\/2018\/10\/garantie.svg\"},{\"@type\":\"BreadcrumbList\",\"@id\":\"https:\/\/www.magnetenspecialist.nl\/de\/kundendienst\/garantie\/#breadcrumb\",\"itemListElement\":[{\"@type\":\"ListItem\",\"position\":1,\"name\":\"Startseite\",\"item\":\"https:\/\/www.magnetenspecialist.nl\/de\/\"},{\"@type\":\"ListItem\",\"position\":2,\"name\":\"Kundenbetreuung\",\"item\":\"https:\/\/www.magnetenspecialist.nl\/de\/kundendienst\/\"},{\"@type\":\"ListItem\",\"position\":3,\"name\":\"Garantie\"}]},{\"@type\":\"WebSite\",\"@id\":\"https:\/\/www.magnetenspecialist.nl\/de\/#website\",\"url\":\"https:\/\/www.magnetenspecialist.nl\/de\/\",\"name\":\"Magnetenspecialist.nl\",\"description\":\"Umfangreiches Angebot an Neodym-Magneten\",\"publisher\":{\"@id\":\"https:\/\/www.magnetenspecialist.nl\/de\/#organization\"},\"potentialAction\":[{\"@type\":\"SearchAction\",\"target\":{\"@type\":\"EntryPoint\",\"urlTemplate\":\"https:\/\/www.magnetenspecialist.nl\/de\/?s={search_term_string}\"},\"query-input\":{\"@type\":\"PropertyValueSpecification\",\"valueRequired\":true,\"valueName\":\"search_term_string\"}}],\"inLanguage\":\"de\"},{\"@type\":\"Organization\",\"@id\":\"https:\/\/www.magnetenspecialist.nl\/de\/#organization\",\"name\":\"Magnetenspecialist.nl\",\"url\":\"https:\/\/www.magnetenspecialist.nl\/de\/\",\"logo\":{\"@type\":\"ImageObject\",\"inLanguage\":\"de\",\"@id\":\"https:\/\/www.magnetenspecialist.nl\/de\/#\/schema\/logo\/image\/\",\"url\":\"https:\/\/www.magnetenspecialist.nl\/wp-content\/uploads\/2018\/10\/magneten-logo.jpg\",\"contentUrl\":\"https:\/\/www.magnetenspecialist.nl\/wp-content\/uploads\/2018\/10\/magneten-logo.jpg\",\"width\":151,\"height\":151,\"caption\":\"Magnetenspecialist.nl\"},\"image\":{\"@id\":\"https:\/\/www.magnetenspecialist.nl\/de\/#\/schema\/logo\/image\/\"},\"sameAs\":[\"https:\/\/www.facebook.com\/Magnetenspecialist.nl\",\"https:\/\/x.com\/magnetenspecial\"]}]}<\/script>\n<!-- \/ Yoast SEO Premium plugin. -->","yoast_head_json":{"title":"Garantie - Magnetenspecialist.nl","robots":{"index":"index","follow":"follow","max-snippet":"max-snippet:-1","max-image-preview":"max-image-preview:large","max-video-preview":"max-video-preview:-1"},"canonical":"https:\/\/www.magnetenspecialist.nl\/de\/kundendienst\/garantie\/","og_locale":"de_DE","og_type":"article","og_title":"Garantie","og_description":"Der Unternehmer garantiert, dass die Produkte und\/oder Dienstleistungen dem Vertrag, den im Angebot angegebenen Spezifikationen, den angemessenen Anforderungen an die Zuverl\u00e4ssigkeit und\/oder Verwendbarkeit und den zum Zeitpunkt des Vertragsabschlusses bestehenden gesetzlichen Bestimmungen entsprechen und \/oder beh\u00f6rdliche Vorschriften. Eine vom Unternehmer, Hersteller oder Importeur als Garantie angebotene Vereinbarung ber\u00fchrt nicht die Rechte und Anspr\u00fcche, die der [&hellip;]","og_url":"https:\/\/www.magnetenspecialist.nl\/de\/kundendienst\/garantie\/","og_site_name":"Magnetenspecialist.nl","article_publisher":"https:\/\/www.facebook.com\/Magnetenspecialist.nl","article_modified_time":"2021-11-08T15:31:42+00:00","twitter_card":"summary_large_image","twitter_site":"@magnetenspecial","schema":{"@context":"https:\/\/schema.org","@graph":[{"@type":"WebPage","@id":"https:\/\/www.magnetenspecialist.nl\/de\/kundendienst\/garantie\/","url":"https:\/\/www.magnetenspecialist.nl\/de\/kundendienst\/garantie\/","name":"Garantie - Magnetenspecialist.nl","isPartOf":{"@id":"https:\/\/www.magnetenspecialist.nl\/de\/#website"},"primaryImageOfPage":{"@id":"https:\/\/www.magnetenspecialist.nl\/de\/kundendienst\/garantie\/#primaryimage"},"image":{"@id":"https:\/\/www.magnetenspecialist.nl\/de\/kundendienst\/garantie\/#primaryimage"},"thumbnailUrl":"https:\/\/www.magnetenspecialist.nl\/wp-content\/uploads\/2018\/10\/garantie.svg","datePublished":"2018-10-26T09:43:21+00:00","dateModified":"2021-11-08T15:31:42+00:00","breadcrumb":{"@id":"https:\/\/www.magnetenspecialist.nl\/de\/kundendienst\/garantie\/#breadcrumb"},"inLanguage":"de","potentialAction":[{"@type":"ReadAction","target":["https:\/\/www.magnetenspecialist.nl\/de\/kundendienst\/garantie\/"]}]},{"@type":"ImageObject","inLanguage":"de","@id":"https:\/\/www.magnetenspecialist.nl\/de\/kundendienst\/garantie\/#primaryimage","url":"https:\/\/www.magnetenspecialist.nl\/wp-content\/uploads\/2018\/10\/garantie.svg","contentUrl":"https:\/\/www.magnetenspecialist.nl\/wp-content\/uploads\/2018\/10\/garantie.svg"},{"@type":"BreadcrumbList","@id":"https:\/\/www.magnetenspecialist.nl\/de\/kundendienst\/garantie\/#breadcrumb","itemListElement":[{"@type":"ListItem","position":1,"name":"Startseite","item":"https:\/\/www.magnetenspecialist.nl\/de\/"},{"@type":"ListItem","position":2,"name":"Kundenbetreuung","item":"https:\/\/www.magnetenspecialist.nl\/de\/kundendienst\/"},{"@type":"ListItem","position":3,"name":"Garantie"}]},{"@type":"WebSite","@id":"https:\/\/www.magnetenspecialist.nl\/de\/#website","url":"https:\/\/www.magnetenspecialist.nl\/de\/","name":"Magnetenspecialist.nl","description":"Umfangreiches Angebot an Neodym-Magneten","publisher":{"@id":"https:\/\/www.magnetenspecialist.nl\/de\/#organization"},"potentialAction":[{"@type":"SearchAction","target":{"@type":"EntryPoint","urlTemplate":"https:\/\/www.magnetenspecialist.nl\/de\/?s={search_term_string}"},"query-input":{"@type":"PropertyValueSpecification","valueRequired":true,"valueName":"search_term_string"}}],"inLanguage":"de"},{"@type":"Organization","@id":"https:\/\/www.magnetenspecialist.nl\/de\/#organization","name":"Magnetenspecialist.nl","url":"https:\/\/www.magnetenspecialist.nl\/de\/","logo":{"@type":"ImageObject","inLanguage":"de","@id":"https:\/\/www.magnetenspecialist.nl\/de\/#\/schema\/logo\/image\/","url":"https:\/\/www.magnetenspecialist.nl\/wp-content\/uploads\/2018\/10\/magneten-logo.jpg","contentUrl":"https:\/\/www.magnetenspecialist.nl\/wp-content\/uploads\/2018\/10\/magneten-logo.jpg","width":151,"height":151,"caption":"Magnetenspecialist.nl"},"image":{"@id":"https:\/\/www.magnetenspecialist.nl\/de\/#\/schema\/logo\/image\/"},"sameAs":["https:\/\/www.facebook.com\/Magnetenspecialist.nl","https:\/\/x.com\/magnetenspecial"]}]}},"_links":{"self":[{"href":"https:\/\/www.magnetenspecialist.nl\/de\/wp-json\/wp\/v2\/pages\/105064","targetHints":{"allow":["GET"]}}],"collection":[{"href":"https:\/\/www.magnetenspecialist.nl\/de\/wp-json\/wp\/v2\/pages"}],"about":[{"href":"https:\/\/www.magnetenspecialist.nl\/de\/wp-json\/wp\/v2\/types\/page"}],"author":[{"embeddable":true,"href":"https:\/\/www.magnetenspecialist.nl\/de\/wp-json\/wp\/v2\/users\/1"}],"replies":[{"embeddable":true,"href":"https:\/\/www.magnetenspecialist.nl\/de\/wp-json\/wp\/v2\/comments?post=105064"}],"version-history":[{"count":0,"href":"https:\/\/www.magnetenspecialist.nl\/de\/wp-json\/wp\/v2\/pages\/105064\/revisions"}],"up":[{"embeddable":true,"href":"https:\/\/www.magnetenspecialist.nl\/de\/wp-json\/wp\/v2\/pages\/105096"}],"wp:featuredmedia":[{"embeddable":true,"href":"https:\/\/www.magnetenspecialist.nl\/de\/wp-json\/wp\/v2\/media\/89565"}],"wp:attachment":[{"href":"https:\/\/www.magnetenspecialist.nl\/de\/wp-json\/wp\/v2\/media?parent=105064"}],"curies":[{"name":"wp","href":"https:\/\/api.w.org\/{rel}","templated":true}]}}