{"id":105096,"date":"2013-03-15T18:16:08","date_gmt":"2013-03-15T17:16:08","guid":{"rendered":"https:\/\/www.magnetenspecialist.nl\/kundendienst\/"},"modified":"2022-02-04T12:13:45","modified_gmt":"2022-02-04T11:13:45","slug":"kundendienst","status":"publish","type":"page","link":"https:\/\/www.magnetenspecialist.nl\/de\/kundendienst\/","title":{"rendered":"Kundenbetreuung"},"content":{"rendered":"<p>Der Service Desk des Magnetspezialisten beantwortet Ihnen gerne und so schnell wie m\u00f6glich alle Ihre Fragen. Vielleicht hat jemand anderes die gleiche Frage schon einmal gestellt und Sie finden die Antwort unter den h\u00e4ufig gestellten Fragen auf dieser Seite.<\/p>\n\n<p><strong>\u00d6ffnungszeiten:<\/strong><br\/>\nDer Webshop des Magnetenspezialisten ist immer ge\u00f6ffnet, 24 Stunden am Tag, sieben Tage die Woche. Sie k\u00f6nnen auch nach Vereinbarung vorbeikommen.<\/p>\n\n<p><strong>Stellen Sie uns Ihre Frage!<\/strong><br\/>\nWenn Ihre Frage noch nicht gestellt wurde, senden Sie bitte eine E-Mail an <a class=\"email\" href=\"mailto:info@magnetenspecialist.nl\" title=\"email naar Magnetenspecialist\">info@magnetenspecialist.nl<\/a> oder f\u00fcllen Sie das <a href=\"https:\/\/www.magnetenspecialist.nl\/de\/kundendienst\/kontakt\/\" title=\"Contactformulier van de Magnetenspecialist\">Kontaktformular<\/a> aus, um Ihre Frage, Bitte oder Beschwerde einzureichen.<\/p>\n\n<p><strong>Unsere Adresse und Kontaktangaben:<\/strong><br\/>\nWenn Sie Ihre Magnete in Zukunft bei uns bestellen, k\u00f6nnen Sie den Status Ihrer Bestellung in Echtzeit \u00fcberpr\u00fcfen. Wenn Sie Ihre bereits aufgegebene Bestellung \u00e4ndern m\u00f6chten, k\u00f6nnen Sie sich an den <a href=\"https:\/\/www.magnetenspecialist.nl\/de\/kundendienst\/kontakt\/\" title=\"Servicedesk van de Magnetenspecialist\">Service Desk des Magnetspezialisten<\/a> wenden. Sie k\u00f6nnen den Service Desk von Montag bis Freitag von 9.00 bis 18.00 Uhr anrufen.<\/p>\n","protected":false},"excerpt":{"rendered":"<p>Der Service Desk des Magnetspezialisten beantwortet Ihnen gerne und so schnell wie m\u00f6glich alle Ihre Fragen. Vielleicht hat jemand anderes die gleiche Frage schon einmal gestellt und Sie finden die Antwort unter den h\u00e4ufig gestellten Fragen auf dieser Seite. \u00d6ffnungszeiten: Der Webshop des Magnetenspezialisten ist immer ge\u00f6ffnet, 24 Stunden am Tag, sieben Tage die Woche. [&hellip;]<\/p>\n","protected":false},"author":1,"featured_media":0,"parent":0,"menu_order":0,"comment_status":"open","ping_status":"open","template":"template-services.php","meta":{"_acf_changed":false,"footnotes":""},"class_list":["post-105096","page","type-page","status-publish","hentry"],"acf":[],"yoast_head":"<!-- This site is optimized with the Yoast SEO Premium plugin v24.7 (Yoast SEO v24.7) - https:\/\/yoast.com\/wordpress\/plugins\/seo\/ -->\n<title>De Magnetenspecialist.nl | Kundenservice | Wir beantworten Ihre Frage<\/title>\n<meta name=\"description\" content=\"Hier finden Sie alle Informationen \u00fcber den Kauf von Magneten bei Magnetenspecialist.nl, einschlie\u00dflich Informationen \u00fcber Versand und R\u00fcckgabe, Lieferzeiten, Zahlung, Garantie und Bedingungen.\" \/>\n<meta name=\"robots\" content=\"index, follow, max-snippet:-1, max-image-preview:large, max-video-preview:-1\" \/>\n<link rel=\"canonical\" href=\"https:\/\/www.magnetenspecialist.nl\/de\/kundendienst\/\" \/>\n<meta property=\"og:locale\" content=\"de_DE\" \/>\n<meta property=\"og:type\" content=\"article\" \/>\n<meta property=\"og:title\" content=\"Kundenbetreuung\" \/>\n<meta property=\"og:description\" content=\"Hier finden Sie alle Informationen \u00fcber den Kauf von Magneten bei Magnetenspecialist.nl, einschlie\u00dflich Informationen \u00fcber Versand und R\u00fcckgabe, Lieferzeiten, Zahlung, Garantie und Bedingungen.\" \/>\n<meta property=\"og:url\" content=\"https:\/\/www.magnetenspecialist.nl\/de\/kundendienst\/\" \/>\n<meta property=\"og:site_name\" content=\"Magnetenspecialist.nl\" \/>\n<meta property=\"article:publisher\" content=\"https:\/\/www.facebook.com\/Magnetenspecialist.nl\" \/>\n<meta property=\"article:modified_time\" content=\"2022-02-04T11:13:45+00:00\" \/>\n<meta name=\"twitter:card\" content=\"summary_large_image\" \/>\n<meta name=\"twitter:site\" content=\"@magnetenspecial\" \/>\n<meta name=\"twitter:label1\" content=\"Gesch\u00e4tzte Lesezeit\" \/>\n\t<meta name=\"twitter:data1\" content=\"1\u00a0Minute\" \/>\n<script type=\"application\/ld+json\" class=\"yoast-schema-graph\">{\"@context\":\"https:\/\/schema.org\",\"@graph\":[{\"@type\":\"WebPage\",\"@id\":\"https:\/\/www.magnetenspecialist.nl\/de\/kundendienst\/\",\"url\":\"https:\/\/www.magnetenspecialist.nl\/de\/kundendienst\/\",\"name\":\"De Magnetenspecialist.nl | Kundenservice | Wir beantworten Ihre Frage\",\"isPartOf\":{\"@id\":\"https:\/\/www.magnetenspecialist.nl\/de\/#website\"},\"datePublished\":\"2013-03-15T17:16:08+00:00\",\"dateModified\":\"2022-02-04T11:13:45+00:00\",\"description\":\"Hier finden Sie alle Informationen \u00fcber den Kauf von Magneten bei Magnetenspecialist.nl, einschlie\u00dflich Informationen \u00fcber Versand und R\u00fcckgabe, Lieferzeiten, Zahlung, Garantie und Bedingungen.\",\"breadcrumb\":{\"@id\":\"https:\/\/www.magnetenspecialist.nl\/de\/kundendienst\/#breadcrumb\"},\"inLanguage\":\"de\",\"potentialAction\":[{\"@type\":\"ReadAction\",\"target\":[\"https:\/\/www.magnetenspecialist.nl\/de\/kundendienst\/\"]}]},{\"@type\":\"BreadcrumbList\",\"@id\":\"https:\/\/www.magnetenspecialist.nl\/de\/kundendienst\/#breadcrumb\",\"itemListElement\":[{\"@type\":\"ListItem\",\"position\":1,\"name\":\"Startseite\",\"item\":\"https:\/\/www.magnetenspecialist.nl\/de\/\"},{\"@type\":\"ListItem\",\"position\":2,\"name\":\"Kundenbetreuung\"}]},{\"@type\":\"WebSite\",\"@id\":\"https:\/\/www.magnetenspecialist.nl\/de\/#website\",\"url\":\"https:\/\/www.magnetenspecialist.nl\/de\/\",\"name\":\"Magnetenspecialist.nl\",\"description\":\"Umfangreiches Angebot an Neodym-Magneten\",\"publisher\":{\"@id\":\"https:\/\/www.magnetenspecialist.nl\/de\/#organization\"},\"potentialAction\":[{\"@type\":\"SearchAction\",\"target\":{\"@type\":\"EntryPoint\",\"urlTemplate\":\"https:\/\/www.magnetenspecialist.nl\/de\/?s={search_term_string}\"},\"query-input\":{\"@type\":\"PropertyValueSpecification\",\"valueRequired\":true,\"valueName\":\"search_term_string\"}}],\"inLanguage\":\"de\"},{\"@type\":\"Organization\",\"@id\":\"https:\/\/www.magnetenspecialist.nl\/de\/#organization\",\"name\":\"Magnetenspecialist.nl\",\"url\":\"https:\/\/www.magnetenspecialist.nl\/de\/\",\"logo\":{\"@type\":\"ImageObject\",\"inLanguage\":\"de\",\"@id\":\"https:\/\/www.magnetenspecialist.nl\/de\/#\/schema\/logo\/image\/\",\"url\":\"https:\/\/www.magnetenspecialist.nl\/wp-content\/uploads\/2018\/10\/magneten-logo.jpg\",\"contentUrl\":\"https:\/\/www.magnetenspecialist.nl\/wp-content\/uploads\/2018\/10\/magneten-logo.jpg\",\"width\":151,\"height\":151,\"caption\":\"Magnetenspecialist.nl\"},\"image\":{\"@id\":\"https:\/\/www.magnetenspecialist.nl\/de\/#\/schema\/logo\/image\/\"},\"sameAs\":[\"https:\/\/www.facebook.com\/Magnetenspecialist.nl\",\"https:\/\/x.com\/magnetenspecial\"]}]}<\/script>\n<!-- \/ Yoast SEO Premium plugin. -->","yoast_head_json":{"title":"De Magnetenspecialist.nl | Kundenservice | Wir beantworten Ihre Frage","description":"Hier finden Sie alle Informationen \u00fcber den Kauf von Magneten bei Magnetenspecialist.nl, einschlie\u00dflich Informationen \u00fcber Versand und R\u00fcckgabe, Lieferzeiten, Zahlung, Garantie und Bedingungen.","robots":{"index":"index","follow":"follow","max-snippet":"max-snippet:-1","max-image-preview":"max-image-preview:large","max-video-preview":"max-video-preview:-1"},"canonical":"https:\/\/www.magnetenspecialist.nl\/de\/kundendienst\/","og_locale":"de_DE","og_type":"article","og_title":"Kundenbetreuung","og_description":"Hier finden Sie alle Informationen \u00fcber den Kauf von Magneten bei Magnetenspecialist.nl, einschlie\u00dflich Informationen \u00fcber Versand und R\u00fcckgabe, Lieferzeiten, Zahlung, Garantie und Bedingungen.","og_url":"https:\/\/www.magnetenspecialist.nl\/de\/kundendienst\/","og_site_name":"Magnetenspecialist.nl","article_publisher":"https:\/\/www.facebook.com\/Magnetenspecialist.nl","article_modified_time":"2022-02-04T11:13:45+00:00","twitter_card":"summary_large_image","twitter_site":"@magnetenspecial","twitter_misc":{"Gesch\u00e4tzte Lesezeit":"1\u00a0Minute"},"schema":{"@context":"https:\/\/schema.org","@graph":[{"@type":"WebPage","@id":"https:\/\/www.magnetenspecialist.nl\/de\/kundendienst\/","url":"https:\/\/www.magnetenspecialist.nl\/de\/kundendienst\/","name":"De Magnetenspecialist.nl | Kundenservice | Wir beantworten Ihre Frage","isPartOf":{"@id":"https:\/\/www.magnetenspecialist.nl\/de\/#website"},"datePublished":"2013-03-15T17:16:08+00:00","dateModified":"2022-02-04T11:13:45+00:00","description":"Hier finden Sie alle Informationen \u00fcber den Kauf von Magneten bei Magnetenspecialist.nl, einschlie\u00dflich Informationen \u00fcber Versand und R\u00fcckgabe, Lieferzeiten, Zahlung, Garantie und Bedingungen.","breadcrumb":{"@id":"https:\/\/www.magnetenspecialist.nl\/de\/kundendienst\/#breadcrumb"},"inLanguage":"de","potentialAction":[{"@type":"ReadAction","target":["https:\/\/www.magnetenspecialist.nl\/de\/kundendienst\/"]}]},{"@type":"BreadcrumbList","@id":"https:\/\/www.magnetenspecialist.nl\/de\/kundendienst\/#breadcrumb","itemListElement":[{"@type":"ListItem","position":1,"name":"Startseite","item":"https:\/\/www.magnetenspecialist.nl\/de\/"},{"@type":"ListItem","position":2,"name":"Kundenbetreuung"}]},{"@type":"WebSite","@id":"https:\/\/www.magnetenspecialist.nl\/de\/#website","url":"https:\/\/www.magnetenspecialist.nl\/de\/","name":"Magnetenspecialist.nl","description":"Umfangreiches Angebot an Neodym-Magneten","publisher":{"@id":"https:\/\/www.magnetenspecialist.nl\/de\/#organization"},"potentialAction":[{"@type":"SearchAction","target":{"@type":"EntryPoint","urlTemplate":"https:\/\/www.magnetenspecialist.nl\/de\/?s={search_term_string}"},"query-input":{"@type":"PropertyValueSpecification","valueRequired":true,"valueName":"search_term_string"}}],"inLanguage":"de"},{"@type":"Organization","@id":"https:\/\/www.magnetenspecialist.nl\/de\/#organization","name":"Magnetenspecialist.nl","url":"https:\/\/www.magnetenspecialist.nl\/de\/","logo":{"@type":"ImageObject","inLanguage":"de","@id":"https:\/\/www.magnetenspecialist.nl\/de\/#\/schema\/logo\/image\/","url":"https:\/\/www.magnetenspecialist.nl\/wp-content\/uploads\/2018\/10\/magneten-logo.jpg","contentUrl":"https:\/\/www.magnetenspecialist.nl\/wp-content\/uploads\/2018\/10\/magneten-logo.jpg","width":151,"height":151,"caption":"Magnetenspecialist.nl"},"image":{"@id":"https:\/\/www.magnetenspecialist.nl\/de\/#\/schema\/logo\/image\/"},"sameAs":["https:\/\/www.facebook.com\/Magnetenspecialist.nl","https:\/\/x.com\/magnetenspecial"]}]}},"_links":{"self":[{"href":"https:\/\/www.magnetenspecialist.nl\/de\/wp-json\/wp\/v2\/pages\/105096","targetHints":{"allow":["GET"]}}],"collection":[{"href":"https:\/\/www.magnetenspecialist.nl\/de\/wp-json\/wp\/v2\/pages"}],"about":[{"href":"https:\/\/www.magnetenspecialist.nl\/de\/wp-json\/wp\/v2\/types\/page"}],"author":[{"embeddable":true,"href":"https:\/\/www.magnetenspecialist.nl\/de\/wp-json\/wp\/v2\/users\/1"}],"replies":[{"embeddable":true,"href":"https:\/\/www.magnetenspecialist.nl\/de\/wp-json\/wp\/v2\/comments?post=105096"}],"version-history":[{"count":0,"href":"https:\/\/www.magnetenspecialist.nl\/de\/wp-json\/wp\/v2\/pages\/105096\/revisions"}],"wp:attachment":[{"href":"https:\/\/www.magnetenspecialist.nl\/de\/wp-json\/wp\/v2\/media?parent=105096"}],"curies":[{"name":"wp","href":"https:\/\/api.w.org\/{rel}","templated":true}]}}