{"id":107401,"date":"2018-09-21T08:51:19","date_gmt":"2018-09-21T06:51:19","guid":{"rendered":"https:\/\/www.magnetenspecialist.nl\/datenschutzrichtlinie\/"},"modified":"2022-08-01T13:10:38","modified_gmt":"2022-08-01T11:10:38","slug":"datenschutzrichtlinie","status":"publish","type":"page","link":"https:\/\/www.magnetenspecialist.nl\/de\/datenschutzrichtlinie\/","title":{"rendered":"Datenschutzrichtlinie"},"content":{"rendered":"\n<p>Magnetspezialist ist\nverantwortlich f\u00fcr die Verarbeitung personenbezogener Daten. In dieser Privatsph\u00e4re\nErl\u00e4uterung erl\u00e4utern wir, welche personenbezogenen Daten wir verarbeiten, mit welchen\nZweck und wie wir Ihre Daten sichern.  <\/p>\n\n<p><strong>Kontaktangaben:<\/strong><\/p>\n\n<p>Magnetenspecialist<br\/>Buddy Boldenlaan 40 <br\/>NL-5629 RD Eindhoven  <br\/>+31 (0)6-24 77 10 59  <\/p>\n\n<p><a href=\"mailto:info@magnetenspecialist.nl\">info@magnetenspecialist.nl<\/a>\n<\/p>\n\n<p><strong>Personenbezogene Daten\ndie wir verarbeiten  <\/strong><\/p>\n\n<p>Magnetspezialist bearbeitet Ihre\npersonenbezogene Daten, weil Sie unsere Dienste nutzen und\/oder weil Sie sie nutzen\nuns selbst zur Verf\u00fcgung gestellt.  <\/p>\n\n<p>Wenn Sie eine Bestellung aufgeben\nwir bitten Sie um die folgenden Informationen, um unseren Verpflichtungen nachkommen zu k\u00f6nnen\nausreichen:<\/p>\n\n<ul class=\"wp-block-list\"><li>Vor- und Nachname;<\/li><li>Adressdaten;<\/li><li>Telefonnummer;<\/li><li>E-Mail-Adresse.<\/li><\/ul>\n\n<p><strong>Andere Daten, die wir verarbeiten:<\/strong><\/p>\n\n<ul class=\"wp-block-list\"><li>IP-Adresse;<\/li><li>Standortdaten;<\/li><li>Informationen \u00fcber Ihre Aktivit\u00e4ten auf unserer Website;<\/li><li>andere personenbezogene Daten, die Sie aktiv zur Verf\u00fcgung stellen, z. B. durch\nerstellen Sie ein Konto auf dieser Website, in Korrespondenz und telefonisch.<\/li><\/ul>\n\n<p><strong>Besondere\n personenbezogene Daten, die wir verarbeiten<\/strong>\u2028<\/p>\n\n<p>Daten von Personen unter 16 Jahren. Unsere Website und\/oder\nDer Dienst beabsichtigt nicht, Daten von Website-Besuchern zu sammeln, die\nunter 16 Jahre alt sind. Wir k\u00f6nnen jedoch nicht \u00fcberpr\u00fcfen, ob ein Besucher\nist \u00fcber 16 Jahre alt. Wir raten Eltern daher, sich an den Online-Aktivit\u00e4ten zu beteiligen.\nihrer Kinder, um zu verhindern, dass Daten von Kindern gesammelt werden\nohne elterliche Zustimmung. Wenn Sie davon \u00fcberzeugt sind, dass wir ungewollt sind\npersonenbezogene Daten von einem\nMinderj\u00e4hriger, bitte kontaktieren Sie uns \u00fcber <a href=\"mailto:info@magnetenspecialist.nl\">info@magnetenspecialist.nl<\/a> und wir werden entfernen\ndiese Informationen.<\/p>\n\n<p><strong>Magnetspezialist\n<\/strong> <strong>verarbeitet Ihre\n personenbezogenen Daten zu folgenden Zwecken: <\/strong> <\/p>\n\n<ul class=\"wp-block-list\"><li>Bearbeitung Ihrer Bestellung.<\/li><li>Versand unseres Newsletters und\/oder Werbebrosch\u00fcren.<\/li><li>Um Sie anrufen oder ihnen eine E-Mail senden zu k\u00f6nnen, wenn dies erforderlich ist,\num Dienstleistungen erbringen zu k\u00f6nnen.<\/li><li>Um Sie \u00fcber \u00c4nderungen unserer Dienstleistungen zu informieren und\nProdukte.<\/li><li>Um Ihnen die M\u00f6glichkeit zu bieten, ein Konto zu erstellen.<\/li><li>Um Waren an Sie zu liefern.<\/li><li>Magnetspezialist analysiert Ihre\nVerhalten auf der Website, um die Website und das Angebot von\nProdukte und Dienstleistungen an Ihre Pr\u00e4ferenzen anzupassen.<\/li><li>Magnetspezialist verarbeitet auch\npersonenbezogene Daten, wenn wir gesetzlich dazu verpflichtet sind, wie z.B. Daten\ndie wir f\u00fcr unsere Steuererkl\u00e4rung ben\u00f6tigen.<\/li><\/ul>\n\n<p><strong>Automatisiert\nEntscheidungsfindung  <\/strong><\/p>\n\n<p>Magnetspezialist nimmt unter keinen Umst\u00e4nden auf\nbasierend auf automatisierter Verarbeitung und Entscheidungen in Angelegenheiten, die\nkann (erhebliche) Folgen f\u00fcr Den Menschen haben. Hier geht es um\nEntscheidungen von Computerprogrammen oder -systemen, ohne\ndass es einen Menschen dazwischen gibt.  <\/p>\n\n<p><strong>Wie\nwie lange wir personenbezogene Daten speichern  <\/strong><\/p>\n\n<p>Magnet Fachgesch\u00e4fte Ihre\npersonenbezogene Daten nicht l\u00e4nger als zur Erf\u00fcllung der Zwecke unbedingt erforderlich\nerkennen, wof\u00fcr Ihre Daten gesammelt werden. Sie k\u00f6nnen jederzeit eine Anfrage zur Bereitstellung Ihrer personenbezogenen Daten stellen\nlassen Sie es entfernen. Dies k\u00f6nnen Sie tun, indem Sie Ihre Anfrage per E-Mail an <a href=\"mailto:info@magnetenspecialist.nl\">info@magnetenspecialist.nl<\/a>\noder durch\nMail an Magnetenspecialist.<\/p>\n\n<p>Wenn eine gesetzlich festgelegte Mindestaufbewahrungsfrist gilt\nIhre Daten k\u00f6nnen erst nach Ablauf der eingestellten Frist gel\u00f6scht werden.<\/p>\n\n<p>Die Mindestaufbewahrungsfrist von Schuldnern und Gl\u00e4ubigern\nDie Verwaltung betr\u00e4gt 7 Jahre auf der Grundlage des staatlichen Steuergesetzes.<\/p>\n\n<p><strong>Freigeben\nvon personenbezogenen Daten bei Dritten  <\/strong><\/p>\n\n<p>Magnetenspecialist teilt Ihre pers\u00f6nlichen Daten\nnur mit Dritten, wenn dies f\u00fcr die Durchf\u00fchrung der\nZustimmung und zur Einhaltung gesetzlicher Verpflichtungen. Das\nParteien haben nur Zugriff auf die Daten, die sie ben\u00f6tigen, um\num einen Auftrag ausf\u00fchren zu k\u00f6nnen.  <\/p>\n\n<p>Mit Unternehmen, die Ihre Daten in unserem Auftrag verarbeiten, schlie\u00dfen Sie\nWir haben eine Vereinbarung, um das gleiche Ma\u00df an Sicherheit und Vertraulichkeit zu gew\u00e4hrleisten\nIhrer Daten. Magnetspezialist bleibt verantwortlich\nf\u00fcr diese Verarbeitungsvorg\u00e4nge.  <\/p>\n\n<p><strong>Cookies\noder \u00e4hnliche Techniken, die wir verwenden  <\/strong><\/p>\n\n<p>Magnetspezialist verwendet technische, funktionale,\nund analytische Cookies. Ein Cookie ist eine kleine Textdatei, die bei der ersten\nDer Besuch dieser Website wird im Browser Ihres Computers, Tablets gespeichert\noder Smartphone. Magnetenspecialist verwendet Cookies mit\neine technische Funktionalit\u00e4t. Diese stellen sicher, dass die Website ordnungsgem\u00e4\u00df ist\nfunktioniert und dass z.B. Ihre bevorzugten Einstellungen gespeichert werden.  <\/p>\n\n<p>Analytische Cookies verarbeiten Daten \u00fcber die Nutzung der\nWebsite immer anonym. Diese Cookies werden verwendet, um zu beobachten, wie die\nWebsite verwendet wird. Mit diesen Informationen k\u00f6nnen wir die Webseite optimieren.<\/p>\n\n<p>Dar\u00fcber hinaus platzieren wir Cookies, die Ihr Surfverhalten verfolgen, damit wir\nin der Lage sein, ma\u00dfgeschneiderte Inhalte und Werbung anzubieten.  <\/p>\n\n<p>Bei Ihrem ersten Besuch auf unserer Website haben wir Sie bereits informiert\n\u00fcber diese Cookies und die f\u00fcr ihre Platzierung angeforderte Erlaubnis. Sie k\u00f6nnen\nDeaktivieren Sie Cookies, indem Sie Ihren Internetbrowser so einstellen, dass er dies nicht tut\nCookies mehr.  <\/p>\n\n<p>Hinweis: Wenn Sie Cookies deaktivieren, k\u00f6nnen Sie die Website weiterhin nutzen\naber geben Sie keine Bestellung auf. Es ist auch m\u00f6glich, dass bestimmte\nInhalt wird nicht angezeigt.  <\/p>\n\n<p>Dar\u00fcber hinaus k\u00f6nnen Sie auch auf alle zuvor gespeicherten Informationen zugreifen \u00fcber\nL\u00f6schen Sie Ihre Browsereinstellungen. Wenn Sie dies tun, werden alle\nVoreinstellungen verloren.  <\/p>\n\n<p>Eine Erkl\u00e4rung finden Sie unter: <a href=\"https:\/\/veiliginternetten.nl\/themes\/situatie\/cookies-wat-zijn-het-en-wat-doe-ik-ermee\/\">https:\/\/veiliginternetten.nl\/themes\/situatie\/cookies-wat-zijn-het-en-wat-doe-ik-ermee\/<\/a><\/p>\n\n<p><strong>Daten\nAnzeigen, \u00c4ndern oder L\u00f6schen  <\/strong><\/p>\n\n<p>Sie haben das Recht, Ihre personenbezogenen Daten einzusehen und zu korrigieren\noder l\u00f6schen. Dar\u00fcber hinaus haben Sie das Recht, Ihre Einwilligung einzuholen, falls vorhanden, um\ndie Datenverarbeitung zur\u00fcckzuziehen oder der Verarbeitung von\nIhre personenbezogenen Daten von Magnetenspecialist und haben Sie die\nRecht auf Daten\u00fcbertragbarkeit. Das bedeutet, dass Sie eine Anfrage an uns richten k\u00f6nnen.\n\u00dcbermittlung der personenbezogenen Daten, die wir \u00fcber Sie gespeichert haben, in einer Computerdatei\nan Sie oder eine andere von Ihnen genannte Organisation.  <\/p>\n\n<p>Sie k\u00f6nnen Zugang, Berichtigung, L\u00f6schung,\nDaten\u00fcbermittlung Ihrer personenbezogenen Daten, Antrag auf Widerruf Ihrer\nDie Einwilligung oder den Widerspruch gegen die Verarbeitung Ihrer personenbezogenen Daten per E-Mail zu \u00fcbermitteln\nzu <a href=\"mailto:info@magnetenspecialist.nl\">info@magnetenspecialist.nl<\/a>.  <\/p>\n\n<p>Sollte dies nicht m\u00f6glich sein, k\u00f6nnen Sie einen Brief an unsere Postadresse senden.\nSenden. Um sicherzustellen, dass der Antrag auf Zugang von Ihnen gestellt wurde,\nWir bitten Sie, eine Kopie Ihres Identit\u00e4tsnachweises mit der Anfrage zu senden.\nMachen Sie in dieser Kopie Ihr Passfoto, MRZ (maschinenlesbare Zone, der Streifen mit\nB. Nummern am unteren Rand des Reisepasses), Passnummer und Citizen Service Number (BSN)\nschwarz. Dies dient dem Schutz Ihrer Privatsph\u00e4re. Wir werden so schnell wie m\u00f6glich antworten, aber\ninnerhalb von vier Wochen, auf Ihren Wunsch. Magnetspezialist will sie auch dort haben\nangeben, dass Sie die M\u00f6glichkeit haben, eine Beschwerde bei der\nnationale Aufsichtsbeh\u00f6rde, die niederl\u00e4ndische Datenschutzbeh\u00f6rde.  <\/p>\n\n<p>Dies kann \u00fcber folgenden Link erfolgen: <a href=\"https:\/\/autoriteitpersoonsgegevens.nl\/nl\/contact-met-de-autoriteit-persoonsgegevens\/tip-ons\">https:\/\/autoriteitpersoonsgegevens.nl\/nl\/contact-met-de-autoriteit-persoonsgegevens\/tip-ons<\/a> <\/p>\n\n<p><strong>Wie\nwir sch\u00fctzen personenbezogene Daten  <\/strong><\/p>\n\n<p>Magnetspezialist nimmt den Schutz\nIhrer Daten ernsthaft und ergreift geeignete Ma\u00dfnahmen, um Missbrauch, Verlust zu verhindern,\nunbefugter Zugriff, unerw\u00fcnschte Offenlegung und unbefugte \u00c4nderung gegen\nzu gehen.  <\/p>\n\n<p>Ihre Daten werden durch modernes Online gesch\u00fctzt\nSicherheitssysteme. Die \u00dcbertragung Ihrer Daten erfolgt verschl\u00fcsselt \u00fcber ein\nsichere Verbindung. Wenn Sie den Eindruck haben, dass Ihre Daten nicht gut sind\nsicher sind oder es Hinweise auf Missbrauch gibt, bitte kontaktieren Sie uns telefonisch\nmit uns, per E-Mail auf <a href=\"mailto:info@magnetenspecialist.nl\">info@magnetenspecialist.nl<\/a> oder per\nPost.<\/p>\n\n<p><strong>\u00c4nderungen\nin dieser Datenschutzerkl\u00e4rung<\/strong><\/p>\n\n<p>Magnetenspecialist kann diese Privatsph\u00e4re bieten\nChange-Anweisung. Konsultieren Sie daher\nregelm\u00e4\u00dfig die Website, es ist immer die aktuellste Version zu finden.<\/p>\n\n<p>Datenschutzerkl\u00e4rung Juni 2019<\/p>\n","protected":false},"excerpt":{"rendered":"<p>Magnetspezialist ist verantwortlich f\u00fcr die Verarbeitung personenbezogener Daten. In dieser Privatsph\u00e4re Erl\u00e4uterung erl\u00e4utern wir, welche personenbezogenen Daten wir verarbeiten, mit welchen Zweck und wie wir Ihre Daten sichern. Kontaktangaben: MagnetenspecialistBuddy Boldenlaan 40 NL-5629 RD Eindhoven +31 (0)6-24 77 10 59 info@magnetenspecialist.nl Personenbezogene Daten die wir verarbeiten Magnetspezialist bearbeitet Ihre personenbezogene Daten, weil Sie unsere Dienste [&hellip;]<\/p>\n","protected":false},"author":1,"featured_media":0,"parent":0,"menu_order":0,"comment_status":"closed","ping_status":"open","template":"template-legals.php","meta":{"_acf_changed":false,"footnotes":""},"class_list":["post-107401","page","type-page","status-publish","hentry"],"acf":[],"yoast_head":"<!-- This site is optimized with the Yoast SEO Premium plugin v24.7 (Yoast SEO v24.7) - https:\/\/yoast.com\/wordpress\/plugins\/seo\/ -->\n<title>Datenschutzrichtlinie - Magnetenspecialist.nl<\/title>\n<meta name=\"robots\" content=\"index, follow, max-snippet:-1, max-image-preview:large, max-video-preview:-1\" \/>\n<link rel=\"canonical\" href=\"https:\/\/www.magnetenspecialist.nl\/de\/datenschutzrichtlinie\/\" \/>\n<meta property=\"og:locale\" content=\"de_DE\" \/>\n<meta property=\"og:type\" content=\"article\" \/>\n<meta property=\"og:title\" content=\"Datenschutzrichtlinie\" \/>\n<meta property=\"og:description\" content=\"Magnetspezialist ist verantwortlich f\u00fcr die Verarbeitung personenbezogener Daten. In dieser Privatsph\u00e4re Erl\u00e4uterung erl\u00e4utern wir, welche personenbezogenen Daten wir verarbeiten, mit welchen Zweck und wie wir Ihre Daten sichern. Kontaktangaben: MagnetenspecialistBuddy Boldenlaan 40 NL-5629 RD Eindhoven +31 (0)6-24 77 10 59 info@magnetenspecialist.nl Personenbezogene Daten die wir verarbeiten Magnetspezialist bearbeitet Ihre personenbezogene Daten, weil Sie unsere Dienste [&hellip;]\" \/>\n<meta property=\"og:url\" content=\"https:\/\/www.magnetenspecialist.nl\/de\/datenschutzrichtlinie\/\" \/>\n<meta property=\"og:site_name\" content=\"Magnetenspecialist.nl\" \/>\n<meta property=\"article:publisher\" content=\"https:\/\/www.facebook.com\/Magnetenspecialist.nl\" \/>\n<meta property=\"article:modified_time\" content=\"2022-08-01T11:10:38+00:00\" \/>\n<meta name=\"twitter:card\" content=\"summary_large_image\" \/>\n<meta name=\"twitter:site\" content=\"@magnetenspecial\" \/>\n<meta name=\"twitter:label1\" content=\"Gesch\u00e4tzte Lesezeit\" \/>\n\t<meta name=\"twitter:data1\" content=\"6\u00a0Minuten\" \/>\n<script type=\"application\/ld+json\" class=\"yoast-schema-graph\">{\"@context\":\"https:\/\/schema.org\",\"@graph\":[{\"@type\":\"WebPage\",\"@id\":\"https:\/\/www.magnetenspecialist.nl\/de\/datenschutzrichtlinie\/\",\"url\":\"https:\/\/www.magnetenspecialist.nl\/de\/datenschutzrichtlinie\/\",\"name\":\"Datenschutzrichtlinie - Magnetenspecialist.nl\",\"isPartOf\":{\"@id\":\"https:\/\/www.magnetenspecialist.nl\/de\/#website\"},\"datePublished\":\"2018-09-21T06:51:19+00:00\",\"dateModified\":\"2022-08-01T11:10:38+00:00\",\"breadcrumb\":{\"@id\":\"https:\/\/www.magnetenspecialist.nl\/de\/datenschutzrichtlinie\/#breadcrumb\"},\"inLanguage\":\"de\",\"potentialAction\":[{\"@type\":\"ReadAction\",\"target\":[\"https:\/\/www.magnetenspecialist.nl\/de\/datenschutzrichtlinie\/\"]}]},{\"@type\":\"BreadcrumbList\",\"@id\":\"https:\/\/www.magnetenspecialist.nl\/de\/datenschutzrichtlinie\/#breadcrumb\",\"itemListElement\":[{\"@type\":\"ListItem\",\"position\":1,\"name\":\"Startseite\",\"item\":\"https:\/\/www.magnetenspecialist.nl\/de\/\"},{\"@type\":\"ListItem\",\"position\":2,\"name\":\"Datenschutzrichtlinie\"}]},{\"@type\":\"WebSite\",\"@id\":\"https:\/\/www.magnetenspecialist.nl\/de\/#website\",\"url\":\"https:\/\/www.magnetenspecialist.nl\/de\/\",\"name\":\"Magnetenspecialist.nl\",\"description\":\"Umfangreiches Angebot an Neodym-Magneten\",\"publisher\":{\"@id\":\"https:\/\/www.magnetenspecialist.nl\/de\/#organization\"},\"potentialAction\":[{\"@type\":\"SearchAction\",\"target\":{\"@type\":\"EntryPoint\",\"urlTemplate\":\"https:\/\/www.magnetenspecialist.nl\/de\/?s={search_term_string}\"},\"query-input\":{\"@type\":\"PropertyValueSpecification\",\"valueRequired\":true,\"valueName\":\"search_term_string\"}}],\"inLanguage\":\"de\"},{\"@type\":\"Organization\",\"@id\":\"https:\/\/www.magnetenspecialist.nl\/de\/#organization\",\"name\":\"Magnetenspecialist.nl\",\"url\":\"https:\/\/www.magnetenspecialist.nl\/de\/\",\"logo\":{\"@type\":\"ImageObject\",\"inLanguage\":\"de\",\"@id\":\"https:\/\/www.magnetenspecialist.nl\/de\/#\/schema\/logo\/image\/\",\"url\":\"https:\/\/www.magnetenspecialist.nl\/wp-content\/uploads\/2018\/10\/magneten-logo.jpg\",\"contentUrl\":\"https:\/\/www.magnetenspecialist.nl\/wp-content\/uploads\/2018\/10\/magneten-logo.jpg\",\"width\":151,\"height\":151,\"caption\":\"Magnetenspecialist.nl\"},\"image\":{\"@id\":\"https:\/\/www.magnetenspecialist.nl\/de\/#\/schema\/logo\/image\/\"},\"sameAs\":[\"https:\/\/www.facebook.com\/Magnetenspecialist.nl\",\"https:\/\/x.com\/magnetenspecial\"]}]}<\/script>\n<!-- \/ Yoast SEO Premium plugin. -->","yoast_head_json":{"title":"Datenschutzrichtlinie - Magnetenspecialist.nl","robots":{"index":"index","follow":"follow","max-snippet":"max-snippet:-1","max-image-preview":"max-image-preview:large","max-video-preview":"max-video-preview:-1"},"canonical":"https:\/\/www.magnetenspecialist.nl\/de\/datenschutzrichtlinie\/","og_locale":"de_DE","og_type":"article","og_title":"Datenschutzrichtlinie","og_description":"Magnetspezialist ist verantwortlich f\u00fcr die Verarbeitung personenbezogener Daten. In dieser Privatsph\u00e4re Erl\u00e4uterung erl\u00e4utern wir, welche personenbezogenen Daten wir verarbeiten, mit welchen Zweck und wie wir Ihre Daten sichern. Kontaktangaben: MagnetenspecialistBuddy Boldenlaan 40 NL-5629 RD Eindhoven +31 (0)6-24 77 10 59 info@magnetenspecialist.nl Personenbezogene Daten die wir verarbeiten Magnetspezialist bearbeitet Ihre personenbezogene Daten, weil Sie unsere Dienste [&hellip;]","og_url":"https:\/\/www.magnetenspecialist.nl\/de\/datenschutzrichtlinie\/","og_site_name":"Magnetenspecialist.nl","article_publisher":"https:\/\/www.facebook.com\/Magnetenspecialist.nl","article_modified_time":"2022-08-01T11:10:38+00:00","twitter_card":"summary_large_image","twitter_site":"@magnetenspecial","twitter_misc":{"Gesch\u00e4tzte Lesezeit":"6\u00a0Minuten"},"schema":{"@context":"https:\/\/schema.org","@graph":[{"@type":"WebPage","@id":"https:\/\/www.magnetenspecialist.nl\/de\/datenschutzrichtlinie\/","url":"https:\/\/www.magnetenspecialist.nl\/de\/datenschutzrichtlinie\/","name":"Datenschutzrichtlinie - Magnetenspecialist.nl","isPartOf":{"@id":"https:\/\/www.magnetenspecialist.nl\/de\/#website"},"datePublished":"2018-09-21T06:51:19+00:00","dateModified":"2022-08-01T11:10:38+00:00","breadcrumb":{"@id":"https:\/\/www.magnetenspecialist.nl\/de\/datenschutzrichtlinie\/#breadcrumb"},"inLanguage":"de","potentialAction":[{"@type":"ReadAction","target":["https:\/\/www.magnetenspecialist.nl\/de\/datenschutzrichtlinie\/"]}]},{"@type":"BreadcrumbList","@id":"https:\/\/www.magnetenspecialist.nl\/de\/datenschutzrichtlinie\/#breadcrumb","itemListElement":[{"@type":"ListItem","position":1,"name":"Startseite","item":"https:\/\/www.magnetenspecialist.nl\/de\/"},{"@type":"ListItem","position":2,"name":"Datenschutzrichtlinie"}]},{"@type":"WebSite","@id":"https:\/\/www.magnetenspecialist.nl\/de\/#website","url":"https:\/\/www.magnetenspecialist.nl\/de\/","name":"Magnetenspecialist.nl","description":"Umfangreiches Angebot an Neodym-Magneten","publisher":{"@id":"https:\/\/www.magnetenspecialist.nl\/de\/#organization"},"potentialAction":[{"@type":"SearchAction","target":{"@type":"EntryPoint","urlTemplate":"https:\/\/www.magnetenspecialist.nl\/de\/?s={search_term_string}"},"query-input":{"@type":"PropertyValueSpecification","valueRequired":true,"valueName":"search_term_string"}}],"inLanguage":"de"},{"@type":"Organization","@id":"https:\/\/www.magnetenspecialist.nl\/de\/#organization","name":"Magnetenspecialist.nl","url":"https:\/\/www.magnetenspecialist.nl\/de\/","logo":{"@type":"ImageObject","inLanguage":"de","@id":"https:\/\/www.magnetenspecialist.nl\/de\/#\/schema\/logo\/image\/","url":"https:\/\/www.magnetenspecialist.nl\/wp-content\/uploads\/2018\/10\/magneten-logo.jpg","contentUrl":"https:\/\/www.magnetenspecialist.nl\/wp-content\/uploads\/2018\/10\/magneten-logo.jpg","width":151,"height":151,"caption":"Magnetenspecialist.nl"},"image":{"@id":"https:\/\/www.magnetenspecialist.nl\/de\/#\/schema\/logo\/image\/"},"sameAs":["https:\/\/www.facebook.com\/Magnetenspecialist.nl","https:\/\/x.com\/magnetenspecial"]}]}},"_links":{"self":[{"href":"https:\/\/www.magnetenspecialist.nl\/de\/wp-json\/wp\/v2\/pages\/107401","targetHints":{"allow":["GET"]}}],"collection":[{"href":"https:\/\/www.magnetenspecialist.nl\/de\/wp-json\/wp\/v2\/pages"}],"about":[{"href":"https:\/\/www.magnetenspecialist.nl\/de\/wp-json\/wp\/v2\/types\/page"}],"author":[{"embeddable":true,"href":"https:\/\/www.magnetenspecialist.nl\/de\/wp-json\/wp\/v2\/users\/1"}],"replies":[{"embeddable":true,"href":"https:\/\/www.magnetenspecialist.nl\/de\/wp-json\/wp\/v2\/comments?post=107401"}],"version-history":[{"count":0,"href":"https:\/\/www.magnetenspecialist.nl\/de\/wp-json\/wp\/v2\/pages\/107401\/revisions"}],"wp:attachment":[{"href":"https:\/\/www.magnetenspecialist.nl\/de\/wp-json\/wp\/v2\/media?parent=107401"}],"curies":[{"name":"wp","href":"https:\/\/api.w.org\/{rel}","templated":true}]}}