{"id":107410,"date":"2019-03-12T16:03:24","date_gmt":"2019-03-12T15:03:24","guid":{"rendered":"https:\/\/www.magnetenspecialist.nl\/kleine-magnete\/"},"modified":"2022-02-04T12:13:53","modified_gmt":"2022-02-04T11:13:53","slug":"kleine-magnete","status":"publish","type":"page","link":"https:\/\/www.magnetenspecialist.nl\/de\/kleine-magnete\/","title":{"rendered":"Kleine Magnete"},"content":{"rendered":"\n<div class=\"row d-flex align-items-center\">\n<div class=\"col-md-6 col-lg-4 col-xl-3\">\n<figure class=\"wp-block-image\"><img decoding=\"async\" src=\"https:\/\/www.magnetenspecialist.nl\/wp-content\/uploads\/2019\/03\/Image-117.png\" alt=\"Kleine Magnete\" class=\"aligncenter\"\/><\/figure><\/div>\n\n<div class=\"col-md-6 col-lg-8 col-xl-9\">\n<h2>Kleine Magnete online bestellen<\/h2>\n<p>Sie k\u00f6nnen die kleinsten Magnete auch beim Magnetspezialisten kaufen. Sie werden f\u00fcr viele Zwecke verwendet. Vor allem die kleinen W\u00fcrfelmagnete, wie sie auf dem Bild zu sehen sind, finden in vielen Hobbyprojekten ihre Anwendung. Von der Realisierung kleiner Elektromotoren bis zum Bau von Skulpturen &#8211; kleine Magnetw\u00fcrfel regen die Fantasie vieler an. <strong>Klein, aber stark<\/strong>, auch kleine Magnete sind starke Magnete, im Verh\u00e4ltnis nat\u00fcrlich genauso stark wie alle unsere anderen Neodym-Magnete.  <\/p>\n<\/div>\n<\/div>\n\n<h3 class=\"wp-block-heading\">Siehe z. B. unsere Kugelmagnete<\/h3>\n\n<p>Beliebt sind die kleinen Magnete in Form von Kugelmagneten. Denn die Magnetkugeln k\u00f6nnen f\u00fcr viele verschiedene Zwecke verwendet werden. Von praktischen Dingen bis hin zu kreativen Konstruktionen. <a title=\"kogelmagneten\" href=\"https:\/\/www.magnetenspecialist.nl\/de\/produktkategorien\/kugelmagnete\/\">Kugelmagnete<\/a> sind interessant f\u00fcr ein kreatives Projekt. Wir haben die sch\u00f6nsten und \u00fcberraschendsten Kreationen gesehen. K\u00f6nnen Sie auch mit unseren Magnetkugeln arbeiten?<\/p>\n\n<h2 class=\"wp-block-heading\">Immer der beste Service  <\/h2>\n\n<p>Ob gro\u00dfe oder kleine Magnete, beim Magnetspezialisten erhalten Sie immer den besten pers\u00f6nlichen Service. Wir haben eine sehr umfangreiche Online-Kollektion von superstarken Neodym-Magneten. Bequemes Online-Shopping in einer sicheren Einkaufsumgebung und kundenorientierter Service mit einer Auswahl an Zahlungsm\u00f6glichkeiten. Aber auch wenn Sie superstarke gro\u00dfe Magnete ben\u00f6tigen, werden Sie beim Magnetspezialisten f\u00fcndig.  <\/p>\n\n<div class=\"cta-banner\">\n    <h4>Siehe unsere kleinen Magnete<\/h4>\n    <a class=\"cta-banner-btn\" href=\"https:\/\/www.magnetenspecialist.nl\/winkel\/?orderby=price\" title=\"bekijk onze kleine magneten\">Jetzt ansehen<\/a>\n<\/div>\n\n\n<h3 class=\"wp-block-heading\">Einfache Online-Bestellung und schnelle Lieferung nach Hause<\/h3>\n\nBei dem Magnetspezialisten k\u00f6nnen Sie bequem online einkaufen. Wir bieten so viele praktische Informationen wie m\u00f6glich \u00fcber alle unsere Magnete. M\u00f6chten Sie noch mehr wissen? Dann <a title=\"contact\" href=\"https:\/\/www.magnetenspecialist.nl\/de\/kundendienst\/kontakt\/\">kontaktieren Sie<\/a> uns bitte. Wir stellen Ihnen gerne die erforderlichen Informationen zur Verf\u00fcgung. M\u00f6chten Sie alles \u00fcber Garantie, Lieferzeit, Zahlung und R\u00fcckgabe lesen? Dann werfen Sie einen Blick auf unsere <a title=\"klantenservice pagina\" href=\"https:\/\/www.magnetenspecialist.nl\/de\/kundendienst\/\">Kundenservice-Seite.<\/a> Hier finden Sie viele n\u00fctzliche Informationen und h\u00e4ufig gestellte Fragen.\n","protected":false},"excerpt":{"rendered":"<p>Kleine Magnete online bestellen Sie k\u00f6nnen die kleinsten Magnete auch beim Magnetspezialisten kaufen. Sie werden f\u00fcr viele Zwecke verwendet. Vor allem die kleinen W\u00fcrfelmagnete, wie sie auf dem Bild zu sehen sind, finden in vielen Hobbyprojekten ihre Anwendung. Von der Realisierung kleiner Elektromotoren bis zum Bau von Skulpturen &#8211; kleine Magnetw\u00fcrfel regen die Fantasie vieler [&hellip;]<\/p>\n","protected":false},"author":1,"featured_media":0,"parent":0,"menu_order":0,"comment_status":"closed","ping_status":"closed","template":"template-full.php","meta":{"_acf_changed":false,"footnotes":""},"class_list":["post-107410","page","type-page","status-publish","hentry"],"acf":[],"yoast_head":"<!-- This site is optimized with the Yoast SEO Premium plugin v24.7 (Yoast SEO v24.7) - https:\/\/yoast.com\/wordpress\/plugins\/seo\/ -->\n<title>Kleine Magnete online kaufen bei Magnetenspecialist | Klein aber stark<\/title>\n<meta name=\"description\" content=\"Selbst unsere kleinsten Neodym-Magnete haben eine gro\u00dfe Tragf\u00e4higkeit. Es gibt sie in vielen Formen, Gr\u00f6\u00dfen und Auspr\u00e4gungen. Schauen Sie sich in unserem Online-Magnetshop um.\" \/>\n<meta name=\"robots\" content=\"index, follow, max-snippet:-1, max-image-preview:large, max-video-preview:-1\" \/>\n<link rel=\"canonical\" href=\"https:\/\/www.magnetenspecialist.nl\/de\/kleine-magnete\/\" \/>\n<meta property=\"og:locale\" content=\"de_DE\" \/>\n<meta property=\"og:type\" content=\"article\" \/>\n<meta property=\"og:title\" content=\"Kleine Magnete\" \/>\n<meta property=\"og:description\" content=\"Selbst unsere kleinsten Neodym-Magnete haben eine gro\u00dfe Tragf\u00e4higkeit. Es gibt sie in vielen Formen, Gr\u00f6\u00dfen und Auspr\u00e4gungen. Schauen Sie sich in unserem Online-Magnetshop um.\" \/>\n<meta property=\"og:url\" content=\"https:\/\/www.magnetenspecialist.nl\/de\/kleine-magnete\/\" \/>\n<meta property=\"og:site_name\" content=\"Magnetenspecialist.nl\" \/>\n<meta property=\"article:publisher\" content=\"https:\/\/www.facebook.com\/Magnetenspecialist.nl\" \/>\n<meta property=\"article:modified_time\" content=\"2022-02-04T11:13:53+00:00\" \/>\n<meta property=\"og:image\" content=\"https:\/\/www.magnetenspecialist.nl\/wp-content\/uploads\/2019\/03\/Image-117.png\" \/>\n<meta name=\"twitter:card\" content=\"summary_large_image\" \/>\n<meta name=\"twitter:site\" content=\"@magnetenspecial\" \/>\n<meta name=\"twitter:label1\" content=\"Gesch\u00e4tzte Lesezeit\" \/>\n\t<meta name=\"twitter:data1\" content=\"1\u00a0Minute\" \/>\n<script type=\"application\/ld+json\" class=\"yoast-schema-graph\">{\"@context\":\"https:\/\/schema.org\",\"@graph\":[{\"@type\":\"WebPage\",\"@id\":\"https:\/\/www.magnetenspecialist.nl\/de\/kleine-magnete\/\",\"url\":\"https:\/\/www.magnetenspecialist.nl\/de\/kleine-magnete\/\",\"name\":\"Kleine Magnete online kaufen bei Magnetenspecialist | Klein aber stark\",\"isPartOf\":{\"@id\":\"https:\/\/www.magnetenspecialist.nl\/de\/#website\"},\"primaryImageOfPage\":{\"@id\":\"https:\/\/www.magnetenspecialist.nl\/de\/kleine-magnete\/#primaryimage\"},\"image\":{\"@id\":\"https:\/\/www.magnetenspecialist.nl\/de\/kleine-magnete\/#primaryimage\"},\"thumbnailUrl\":\"https:\/\/www.magnetenspecialist.nl\/wp-content\/uploads\/2019\/03\/Image-117.png\",\"datePublished\":\"2019-03-12T15:03:24+00:00\",\"dateModified\":\"2022-02-04T11:13:53+00:00\",\"description\":\"Selbst unsere kleinsten Neodym-Magnete haben eine gro\u00dfe Tragf\u00e4higkeit. Es gibt sie in vielen Formen, Gr\u00f6\u00dfen und Auspr\u00e4gungen. Schauen Sie sich in unserem Online-Magnetshop um.\",\"breadcrumb\":{\"@id\":\"https:\/\/www.magnetenspecialist.nl\/de\/kleine-magnete\/#breadcrumb\"},\"inLanguage\":\"de\",\"potentialAction\":[{\"@type\":\"ReadAction\",\"target\":[\"https:\/\/www.magnetenspecialist.nl\/de\/kleine-magnete\/\"]}]},{\"@type\":\"ImageObject\",\"inLanguage\":\"de\",\"@id\":\"https:\/\/www.magnetenspecialist.nl\/de\/kleine-magnete\/#primaryimage\",\"url\":\"https:\/\/www.magnetenspecialist.nl\/wp-content\/uploads\/2019\/03\/Image-117.png\",\"contentUrl\":\"https:\/\/www.magnetenspecialist.nl\/wp-content\/uploads\/2019\/03\/Image-117.png\"},{\"@type\":\"BreadcrumbList\",\"@id\":\"https:\/\/www.magnetenspecialist.nl\/de\/kleine-magnete\/#breadcrumb\",\"itemListElement\":[{\"@type\":\"ListItem\",\"position\":1,\"name\":\"Startseite\",\"item\":\"https:\/\/www.magnetenspecialist.nl\/de\/\"},{\"@type\":\"ListItem\",\"position\":2,\"name\":\"Kleine Magnete\"}]},{\"@type\":\"WebSite\",\"@id\":\"https:\/\/www.magnetenspecialist.nl\/de\/#website\",\"url\":\"https:\/\/www.magnetenspecialist.nl\/de\/\",\"name\":\"Magnetenspecialist.nl\",\"description\":\"Umfangreiches Angebot an Neodym-Magneten\",\"publisher\":{\"@id\":\"https:\/\/www.magnetenspecialist.nl\/de\/#organization\"},\"potentialAction\":[{\"@type\":\"SearchAction\",\"target\":{\"@type\":\"EntryPoint\",\"urlTemplate\":\"https:\/\/www.magnetenspecialist.nl\/de\/?s={search_term_string}\"},\"query-input\":{\"@type\":\"PropertyValueSpecification\",\"valueRequired\":true,\"valueName\":\"search_term_string\"}}],\"inLanguage\":\"de\"},{\"@type\":\"Organization\",\"@id\":\"https:\/\/www.magnetenspecialist.nl\/de\/#organization\",\"name\":\"Magnetenspecialist.nl\",\"url\":\"https:\/\/www.magnetenspecialist.nl\/de\/\",\"logo\":{\"@type\":\"ImageObject\",\"inLanguage\":\"de\",\"@id\":\"https:\/\/www.magnetenspecialist.nl\/de\/#\/schema\/logo\/image\/\",\"url\":\"https:\/\/www.magnetenspecialist.nl\/wp-content\/uploads\/2018\/10\/magneten-logo.jpg\",\"contentUrl\":\"https:\/\/www.magnetenspecialist.nl\/wp-content\/uploads\/2018\/10\/magneten-logo.jpg\",\"width\":151,\"height\":151,\"caption\":\"Magnetenspecialist.nl\"},\"image\":{\"@id\":\"https:\/\/www.magnetenspecialist.nl\/de\/#\/schema\/logo\/image\/\"},\"sameAs\":[\"https:\/\/www.facebook.com\/Magnetenspecialist.nl\",\"https:\/\/x.com\/magnetenspecial\"]}]}<\/script>\n<!-- \/ Yoast SEO Premium plugin. -->","yoast_head_json":{"title":"Kleine Magnete online kaufen bei Magnetenspecialist | Klein aber stark","description":"Selbst unsere kleinsten Neodym-Magnete haben eine gro\u00dfe Tragf\u00e4higkeit. Es gibt sie in vielen Formen, Gr\u00f6\u00dfen und Auspr\u00e4gungen. Schauen Sie sich in unserem Online-Magnetshop um.","robots":{"index":"index","follow":"follow","max-snippet":"max-snippet:-1","max-image-preview":"max-image-preview:large","max-video-preview":"max-video-preview:-1"},"canonical":"https:\/\/www.magnetenspecialist.nl\/de\/kleine-magnete\/","og_locale":"de_DE","og_type":"article","og_title":"Kleine Magnete","og_description":"Selbst unsere kleinsten Neodym-Magnete haben eine gro\u00dfe Tragf\u00e4higkeit. Es gibt sie in vielen Formen, Gr\u00f6\u00dfen und Auspr\u00e4gungen. Schauen Sie sich in unserem Online-Magnetshop um.","og_url":"https:\/\/www.magnetenspecialist.nl\/de\/kleine-magnete\/","og_site_name":"Magnetenspecialist.nl","article_publisher":"https:\/\/www.facebook.com\/Magnetenspecialist.nl","article_modified_time":"2022-02-04T11:13:53+00:00","og_image":[{"url":"https:\/\/www.magnetenspecialist.nl\/wp-content\/uploads\/2019\/03\/Image-117.png","type":"","width":"","height":""}],"twitter_card":"summary_large_image","twitter_site":"@magnetenspecial","twitter_misc":{"Gesch\u00e4tzte Lesezeit":"1\u00a0Minute"},"schema":{"@context":"https:\/\/schema.org","@graph":[{"@type":"WebPage","@id":"https:\/\/www.magnetenspecialist.nl\/de\/kleine-magnete\/","url":"https:\/\/www.magnetenspecialist.nl\/de\/kleine-magnete\/","name":"Kleine Magnete online kaufen bei Magnetenspecialist | Klein aber stark","isPartOf":{"@id":"https:\/\/www.magnetenspecialist.nl\/de\/#website"},"primaryImageOfPage":{"@id":"https:\/\/www.magnetenspecialist.nl\/de\/kleine-magnete\/#primaryimage"},"image":{"@id":"https:\/\/www.magnetenspecialist.nl\/de\/kleine-magnete\/#primaryimage"},"thumbnailUrl":"https:\/\/www.magnetenspecialist.nl\/wp-content\/uploads\/2019\/03\/Image-117.png","datePublished":"2019-03-12T15:03:24+00:00","dateModified":"2022-02-04T11:13:53+00:00","description":"Selbst unsere kleinsten Neodym-Magnete haben eine gro\u00dfe Tragf\u00e4higkeit. Es gibt sie in vielen Formen, Gr\u00f6\u00dfen und Auspr\u00e4gungen. Schauen Sie sich in unserem Online-Magnetshop um.","breadcrumb":{"@id":"https:\/\/www.magnetenspecialist.nl\/de\/kleine-magnete\/#breadcrumb"},"inLanguage":"de","potentialAction":[{"@type":"ReadAction","target":["https:\/\/www.magnetenspecialist.nl\/de\/kleine-magnete\/"]}]},{"@type":"ImageObject","inLanguage":"de","@id":"https:\/\/www.magnetenspecialist.nl\/de\/kleine-magnete\/#primaryimage","url":"https:\/\/www.magnetenspecialist.nl\/wp-content\/uploads\/2019\/03\/Image-117.png","contentUrl":"https:\/\/www.magnetenspecialist.nl\/wp-content\/uploads\/2019\/03\/Image-117.png"},{"@type":"BreadcrumbList","@id":"https:\/\/www.magnetenspecialist.nl\/de\/kleine-magnete\/#breadcrumb","itemListElement":[{"@type":"ListItem","position":1,"name":"Startseite","item":"https:\/\/www.magnetenspecialist.nl\/de\/"},{"@type":"ListItem","position":2,"name":"Kleine Magnete"}]},{"@type":"WebSite","@id":"https:\/\/www.magnetenspecialist.nl\/de\/#website","url":"https:\/\/www.magnetenspecialist.nl\/de\/","name":"Magnetenspecialist.nl","description":"Umfangreiches Angebot an Neodym-Magneten","publisher":{"@id":"https:\/\/www.magnetenspecialist.nl\/de\/#organization"},"potentialAction":[{"@type":"SearchAction","target":{"@type":"EntryPoint","urlTemplate":"https:\/\/www.magnetenspecialist.nl\/de\/?s={search_term_string}"},"query-input":{"@type":"PropertyValueSpecification","valueRequired":true,"valueName":"search_term_string"}}],"inLanguage":"de"},{"@type":"Organization","@id":"https:\/\/www.magnetenspecialist.nl\/de\/#organization","name":"Magnetenspecialist.nl","url":"https:\/\/www.magnetenspecialist.nl\/de\/","logo":{"@type":"ImageObject","inLanguage":"de","@id":"https:\/\/www.magnetenspecialist.nl\/de\/#\/schema\/logo\/image\/","url":"https:\/\/www.magnetenspecialist.nl\/wp-content\/uploads\/2018\/10\/magneten-logo.jpg","contentUrl":"https:\/\/www.magnetenspecialist.nl\/wp-content\/uploads\/2018\/10\/magneten-logo.jpg","width":151,"height":151,"caption":"Magnetenspecialist.nl"},"image":{"@id":"https:\/\/www.magnetenspecialist.nl\/de\/#\/schema\/logo\/image\/"},"sameAs":["https:\/\/www.facebook.com\/Magnetenspecialist.nl","https:\/\/x.com\/magnetenspecial"]}]}},"_links":{"self":[{"href":"https:\/\/www.magnetenspecialist.nl\/de\/wp-json\/wp\/v2\/pages\/107410","targetHints":{"allow":["GET"]}}],"collection":[{"href":"https:\/\/www.magnetenspecialist.nl\/de\/wp-json\/wp\/v2\/pages"}],"about":[{"href":"https:\/\/www.magnetenspecialist.nl\/de\/wp-json\/wp\/v2\/types\/page"}],"author":[{"embeddable":true,"href":"https:\/\/www.magnetenspecialist.nl\/de\/wp-json\/wp\/v2\/users\/1"}],"replies":[{"embeddable":true,"href":"https:\/\/www.magnetenspecialist.nl\/de\/wp-json\/wp\/v2\/comments?post=107410"}],"version-history":[{"count":0,"href":"https:\/\/www.magnetenspecialist.nl\/de\/wp-json\/wp\/v2\/pages\/107410\/revisions"}],"wp:attachment":[{"href":"https:\/\/www.magnetenspecialist.nl\/de\/wp-json\/wp\/v2\/media?parent=107410"}],"curies":[{"name":"wp","href":"https:\/\/api.w.org\/{rel}","templated":true}]}}