{"id":107415,"date":"2019-03-12T16:07:53","date_gmt":"2019-03-12T15:07:53","guid":{"rendered":"https:\/\/www.magnetenspecialist.nl\/magnet-preis\/"},"modified":"2022-02-04T12:13:54","modified_gmt":"2022-02-04T11:13:54","slug":"magnet-preis","status":"publish","type":"page","link":"https:\/\/www.magnetenspecialist.nl\/de\/magnet-preis\/","title":{"rendered":"Magnet Preis"},"content":{"rendered":"\n<div class=\"row d-flex align-items-center\">\n<div class=\"col-md-6 col-lg-4 col-xl-3\">\n<figure class=\"wp-block-image\"><img decoding=\"async\" src=\"https:\/\/www.magnetenspecialist.nl\/wp-content\/uploads\/2018\/12\/Logo-640x480.jpg\" alt=\"magneet prijs\" class=\"aligncenter\"\/><\/figure><\/div>\n\n<div class=\"col-md-6 col-lg-8 col-xl-9\">\n<h2>Magnetpreis f\u00fcr alle Magnete online bei Magnet Specialist<\/h2>\n<p>Sie sind auf der Suche nach einem Magneten und m\u00f6chten wissen, wo Sie den besten Preis finden? Dann werfen Sie einen Blick in den Webshop des Magnetspezialisten. Ein komplettes, \u00fcbersichtliches Sortiment an Magneten, geordnet nach Form und Haftkraft. Der Preis ist f\u00fcr jeden einzelnen Magneten deutlich angegeben. Bei Magnetenspecialist kaufen Sie immer einen Magneten zu einem sehr niedrigen, wettbewerbsf\u00e4higen Preis.<\/p>\n<\/div>\n<\/div>\n\n<h2 class=\"wp-block-heading\">Konkurrenzf\u00e4higer Magnetpreis und ausgezeichneter Service  <\/h2>\n\n<p>Der Preis eines Magneten bei Magnetenspecialist ist immer vorteilhaft, aber auch die Qualit\u00e4t und der Service sind hervorragend. Wenn Sie vor 17.00 Uhr bestellt haben, liefert der Magnetspezialist Ihre Bestellung bereits am n\u00e4chsten Tag. In Kombination mit den kurzen Lieferzeiten bestellen mehr als 10.000 Kunden regelm\u00e4\u00dfig bei dem Magnetspezialisten. Bestellen Sie Ihren Magneten jetzt online, der Preis wird Sie sicher \u00fcberraschen.  <\/p>\n\n<div class=\"cta-banner\">\n    <h4>Sehen Sie die Magnetpreise von Magnet Specialist<\/h4>\n    <a class=\"cta-banner-btn\" href=\"https:\/\/www.magnetenspecialist.nl\/?s=Corsage+magneten&#038;post_type=product\" title=\"Sehen Sie die Magnetpreise von Magnet Specialist\">Jetzt ansehen<\/a>\n<\/div>\n\n<h3 class=\"wp-block-heading\">Selbst die st\u00e4rksten Magnete sind preiswert<\/h3>\n\n<p>Dank der guten Einkaufskan\u00e4le kann der Magnetspezialist jeden Magneten zu einem g\u00fcnstigen Preis liefern. Im Online-Shop des Magnetspezialisten k\u00f6nnen Sie selbst die <a href=\"https:\/\/www.magnetenspecialist.nl\/winkel\/?orderby=price-desc\">gr\u00f6\u00dften und schwersten Magnete<\/a> zu einem g\u00fcnstigen Preis kaufen. Alle unsere Neodym-Magnete sind von h\u00f6chster Qualit\u00e4t. Dies bedeutet, dass die Zusammensetzung der Materialien von hoher Qualit\u00e4t ist, was wiederum sicherstellt, dass unsere Magnete im Laufe der Zeit nicht an Kraft verlieren. Im Gegensatz zu einigen anderen Magneten, die zu billig sind, um von guter Qualit\u00e4t zu sein, liefern wir nur Magnete von bester Qualit\u00e4t zum besten Preis, den Sie f\u00fcr sie finden k\u00f6nnen.  <\/p>\n","protected":false},"excerpt":{"rendered":"<p>Magnetpreis f\u00fcr alle Magnete online bei Magnet Specialist Sie sind auf der Suche nach einem Magneten und m\u00f6chten wissen, wo Sie den besten Preis finden? Dann werfen Sie einen Blick in den Webshop des Magnetspezialisten. Ein komplettes, \u00fcbersichtliches Sortiment an Magneten, geordnet nach Form und Haftkraft. Der Preis ist f\u00fcr jeden einzelnen Magneten deutlich angegeben. [&hellip;]<\/p>\n","protected":false},"author":1,"featured_media":0,"parent":0,"menu_order":0,"comment_status":"closed","ping_status":"closed","template":"template-full.php","meta":{"_acf_changed":false,"footnotes":""},"class_list":["post-107415","page","type-page","status-publish","hentry"],"acf":[],"yoast_head":"<!-- This site is optimized with the Yoast SEO Premium plugin v24.7 (Yoast SEO v24.7) - https:\/\/yoast.com\/wordpress\/plugins\/seo\/ -->\n<title>Ein unschlagbarer Magnet Preis bei The Magnetenspecialist.nl<\/title>\n<meta name=\"description\" content=\"Qualit\u00e4tsmagnete zu einem unschlagbaren Preis. Der Magnetpreis bei Magnetspezialist ist sehr g\u00fcnstig in Anbetracht der Qualit\u00e4t, die wir liefern.\" \/>\n<meta name=\"robots\" content=\"index, follow, max-snippet:-1, max-image-preview:large, max-video-preview:-1\" \/>\n<link rel=\"canonical\" href=\"https:\/\/www.magnetenspecialist.nl\/de\/magnet-preis\/\" \/>\n<meta property=\"og:locale\" content=\"de_DE\" \/>\n<meta property=\"og:type\" content=\"article\" \/>\n<meta property=\"og:title\" content=\"Magnet Preis\" \/>\n<meta property=\"og:description\" content=\"Qualit\u00e4tsmagnete zu einem unschlagbaren Preis. Der Magnetpreis bei Magnetspezialist ist sehr g\u00fcnstig in Anbetracht der Qualit\u00e4t, die wir liefern.\" \/>\n<meta property=\"og:url\" content=\"https:\/\/www.magnetenspecialist.nl\/de\/magnet-preis\/\" \/>\n<meta property=\"og:site_name\" content=\"Magnetenspecialist.nl\" \/>\n<meta property=\"article:publisher\" content=\"https:\/\/www.facebook.com\/Magnetenspecialist.nl\" \/>\n<meta property=\"article:modified_time\" content=\"2022-02-04T11:13:54+00:00\" \/>\n<meta property=\"og:image\" content=\"https:\/\/www.magnetenspecialist.nl\/wp-content\/uploads\/2018\/12\/Logo-640x480.jpg\" \/>\n<meta name=\"twitter:card\" content=\"summary_large_image\" \/>\n<meta name=\"twitter:site\" content=\"@magnetenspecial\" \/>\n<meta name=\"twitter:label1\" content=\"Gesch\u00e4tzte Lesezeit\" \/>\n\t<meta name=\"twitter:data1\" content=\"1\u00a0Minute\" \/>\n<script type=\"application\/ld+json\" class=\"yoast-schema-graph\">{\"@context\":\"https:\/\/schema.org\",\"@graph\":[{\"@type\":\"WebPage\",\"@id\":\"https:\/\/www.magnetenspecialist.nl\/de\/magnet-preis\/\",\"url\":\"https:\/\/www.magnetenspecialist.nl\/de\/magnet-preis\/\",\"name\":\"Ein unschlagbarer Magnet Preis bei The Magnetenspecialist.nl\",\"isPartOf\":{\"@id\":\"https:\/\/www.magnetenspecialist.nl\/de\/#website\"},\"primaryImageOfPage\":{\"@id\":\"https:\/\/www.magnetenspecialist.nl\/de\/magnet-preis\/#primaryimage\"},\"image\":{\"@id\":\"https:\/\/www.magnetenspecialist.nl\/de\/magnet-preis\/#primaryimage\"},\"thumbnailUrl\":\"https:\/\/www.magnetenspecialist.nl\/wp-content\/uploads\/2018\/12\/Logo-640x480.jpg\",\"datePublished\":\"2019-03-12T15:07:53+00:00\",\"dateModified\":\"2022-02-04T11:13:54+00:00\",\"description\":\"Qualit\u00e4tsmagnete zu einem unschlagbaren Preis. Der Magnetpreis bei Magnetspezialist ist sehr g\u00fcnstig in Anbetracht der Qualit\u00e4t, die wir liefern.\",\"breadcrumb\":{\"@id\":\"https:\/\/www.magnetenspecialist.nl\/de\/magnet-preis\/#breadcrumb\"},\"inLanguage\":\"de\",\"potentialAction\":[{\"@type\":\"ReadAction\",\"target\":[\"https:\/\/www.magnetenspecialist.nl\/de\/magnet-preis\/\"]}]},{\"@type\":\"ImageObject\",\"inLanguage\":\"de\",\"@id\":\"https:\/\/www.magnetenspecialist.nl\/de\/magnet-preis\/#primaryimage\",\"url\":\"https:\/\/www.magnetenspecialist.nl\/wp-content\/uploads\/2018\/12\/Logo-640x480.jpg\",\"contentUrl\":\"https:\/\/www.magnetenspecialist.nl\/wp-content\/uploads\/2018\/12\/Logo-640x480.jpg\"},{\"@type\":\"BreadcrumbList\",\"@id\":\"https:\/\/www.magnetenspecialist.nl\/de\/magnet-preis\/#breadcrumb\",\"itemListElement\":[{\"@type\":\"ListItem\",\"position\":1,\"name\":\"Startseite\",\"item\":\"https:\/\/www.magnetenspecialist.nl\/de\/\"},{\"@type\":\"ListItem\",\"position\":2,\"name\":\"Magnet Preis\"}]},{\"@type\":\"WebSite\",\"@id\":\"https:\/\/www.magnetenspecialist.nl\/de\/#website\",\"url\":\"https:\/\/www.magnetenspecialist.nl\/de\/\",\"name\":\"Magnetenspecialist.nl\",\"description\":\"Umfangreiches Angebot an Neodym-Magneten\",\"publisher\":{\"@id\":\"https:\/\/www.magnetenspecialist.nl\/de\/#organization\"},\"potentialAction\":[{\"@type\":\"SearchAction\",\"target\":{\"@type\":\"EntryPoint\",\"urlTemplate\":\"https:\/\/www.magnetenspecialist.nl\/de\/?s={search_term_string}\"},\"query-input\":{\"@type\":\"PropertyValueSpecification\",\"valueRequired\":true,\"valueName\":\"search_term_string\"}}],\"inLanguage\":\"de\"},{\"@type\":\"Organization\",\"@id\":\"https:\/\/www.magnetenspecialist.nl\/de\/#organization\",\"name\":\"Magnetenspecialist.nl\",\"url\":\"https:\/\/www.magnetenspecialist.nl\/de\/\",\"logo\":{\"@type\":\"ImageObject\",\"inLanguage\":\"de\",\"@id\":\"https:\/\/www.magnetenspecialist.nl\/de\/#\/schema\/logo\/image\/\",\"url\":\"https:\/\/www.magnetenspecialist.nl\/wp-content\/uploads\/2018\/10\/magneten-logo.jpg\",\"contentUrl\":\"https:\/\/www.magnetenspecialist.nl\/wp-content\/uploads\/2018\/10\/magneten-logo.jpg\",\"width\":151,\"height\":151,\"caption\":\"Magnetenspecialist.nl\"},\"image\":{\"@id\":\"https:\/\/www.magnetenspecialist.nl\/de\/#\/schema\/logo\/image\/\"},\"sameAs\":[\"https:\/\/www.facebook.com\/Magnetenspecialist.nl\",\"https:\/\/x.com\/magnetenspecial\"]}]}<\/script>\n<!-- \/ Yoast SEO Premium plugin. -->","yoast_head_json":{"title":"Ein unschlagbarer Magnet Preis bei The Magnetenspecialist.nl","description":"Qualit\u00e4tsmagnete zu einem unschlagbaren Preis. Der Magnetpreis bei Magnetspezialist ist sehr g\u00fcnstig in Anbetracht der Qualit\u00e4t, die wir liefern.","robots":{"index":"index","follow":"follow","max-snippet":"max-snippet:-1","max-image-preview":"max-image-preview:large","max-video-preview":"max-video-preview:-1"},"canonical":"https:\/\/www.magnetenspecialist.nl\/de\/magnet-preis\/","og_locale":"de_DE","og_type":"article","og_title":"Magnet Preis","og_description":"Qualit\u00e4tsmagnete zu einem unschlagbaren Preis. Der Magnetpreis bei Magnetspezialist ist sehr g\u00fcnstig in Anbetracht der Qualit\u00e4t, die wir liefern.","og_url":"https:\/\/www.magnetenspecialist.nl\/de\/magnet-preis\/","og_site_name":"Magnetenspecialist.nl","article_publisher":"https:\/\/www.facebook.com\/Magnetenspecialist.nl","article_modified_time":"2022-02-04T11:13:54+00:00","og_image":[{"url":"https:\/\/www.magnetenspecialist.nl\/wp-content\/uploads\/2018\/12\/Logo-640x480.jpg","type":"","width":"","height":""}],"twitter_card":"summary_large_image","twitter_site":"@magnetenspecial","twitter_misc":{"Gesch\u00e4tzte Lesezeit":"1\u00a0Minute"},"schema":{"@context":"https:\/\/schema.org","@graph":[{"@type":"WebPage","@id":"https:\/\/www.magnetenspecialist.nl\/de\/magnet-preis\/","url":"https:\/\/www.magnetenspecialist.nl\/de\/magnet-preis\/","name":"Ein unschlagbarer Magnet Preis bei The Magnetenspecialist.nl","isPartOf":{"@id":"https:\/\/www.magnetenspecialist.nl\/de\/#website"},"primaryImageOfPage":{"@id":"https:\/\/www.magnetenspecialist.nl\/de\/magnet-preis\/#primaryimage"},"image":{"@id":"https:\/\/www.magnetenspecialist.nl\/de\/magnet-preis\/#primaryimage"},"thumbnailUrl":"https:\/\/www.magnetenspecialist.nl\/wp-content\/uploads\/2018\/12\/Logo-640x480.jpg","datePublished":"2019-03-12T15:07:53+00:00","dateModified":"2022-02-04T11:13:54+00:00","description":"Qualit\u00e4tsmagnete zu einem unschlagbaren Preis. Der Magnetpreis bei Magnetspezialist ist sehr g\u00fcnstig in Anbetracht der Qualit\u00e4t, die wir liefern.","breadcrumb":{"@id":"https:\/\/www.magnetenspecialist.nl\/de\/magnet-preis\/#breadcrumb"},"inLanguage":"de","potentialAction":[{"@type":"ReadAction","target":["https:\/\/www.magnetenspecialist.nl\/de\/magnet-preis\/"]}]},{"@type":"ImageObject","inLanguage":"de","@id":"https:\/\/www.magnetenspecialist.nl\/de\/magnet-preis\/#primaryimage","url":"https:\/\/www.magnetenspecialist.nl\/wp-content\/uploads\/2018\/12\/Logo-640x480.jpg","contentUrl":"https:\/\/www.magnetenspecialist.nl\/wp-content\/uploads\/2018\/12\/Logo-640x480.jpg"},{"@type":"BreadcrumbList","@id":"https:\/\/www.magnetenspecialist.nl\/de\/magnet-preis\/#breadcrumb","itemListElement":[{"@type":"ListItem","position":1,"name":"Startseite","item":"https:\/\/www.magnetenspecialist.nl\/de\/"},{"@type":"ListItem","position":2,"name":"Magnet Preis"}]},{"@type":"WebSite","@id":"https:\/\/www.magnetenspecialist.nl\/de\/#website","url":"https:\/\/www.magnetenspecialist.nl\/de\/","name":"Magnetenspecialist.nl","description":"Umfangreiches Angebot an Neodym-Magneten","publisher":{"@id":"https:\/\/www.magnetenspecialist.nl\/de\/#organization"},"potentialAction":[{"@type":"SearchAction","target":{"@type":"EntryPoint","urlTemplate":"https:\/\/www.magnetenspecialist.nl\/de\/?s={search_term_string}"},"query-input":{"@type":"PropertyValueSpecification","valueRequired":true,"valueName":"search_term_string"}}],"inLanguage":"de"},{"@type":"Organization","@id":"https:\/\/www.magnetenspecialist.nl\/de\/#organization","name":"Magnetenspecialist.nl","url":"https:\/\/www.magnetenspecialist.nl\/de\/","logo":{"@type":"ImageObject","inLanguage":"de","@id":"https:\/\/www.magnetenspecialist.nl\/de\/#\/schema\/logo\/image\/","url":"https:\/\/www.magnetenspecialist.nl\/wp-content\/uploads\/2018\/10\/magneten-logo.jpg","contentUrl":"https:\/\/www.magnetenspecialist.nl\/wp-content\/uploads\/2018\/10\/magneten-logo.jpg","width":151,"height":151,"caption":"Magnetenspecialist.nl"},"image":{"@id":"https:\/\/www.magnetenspecialist.nl\/de\/#\/schema\/logo\/image\/"},"sameAs":["https:\/\/www.facebook.com\/Magnetenspecialist.nl","https:\/\/x.com\/magnetenspecial"]}]}},"_links":{"self":[{"href":"https:\/\/www.magnetenspecialist.nl\/de\/wp-json\/wp\/v2\/pages\/107415","targetHints":{"allow":["GET"]}}],"collection":[{"href":"https:\/\/www.magnetenspecialist.nl\/de\/wp-json\/wp\/v2\/pages"}],"about":[{"href":"https:\/\/www.magnetenspecialist.nl\/de\/wp-json\/wp\/v2\/types\/page"}],"author":[{"embeddable":true,"href":"https:\/\/www.magnetenspecialist.nl\/de\/wp-json\/wp\/v2\/users\/1"}],"replies":[{"embeddable":true,"href":"https:\/\/www.magnetenspecialist.nl\/de\/wp-json\/wp\/v2\/comments?post=107415"}],"version-history":[{"count":0,"href":"https:\/\/www.magnetenspecialist.nl\/de\/wp-json\/wp\/v2\/pages\/107415\/revisions"}],"wp:attachment":[{"href":"https:\/\/www.magnetenspecialist.nl\/de\/wp-json\/wp\/v2\/media?parent=107415"}],"curies":[{"name":"wp","href":"https:\/\/api.w.org\/{rel}","templated":true}]}}