{"id":107427,"date":"2019-03-12T15:58:13","date_gmt":"2019-03-12T14:58:13","guid":{"rendered":"https:\/\/www.magnetenspecialist.nl\/industrielle-magnete\/"},"modified":"2022-02-04T12:13:52","modified_gmt":"2022-02-04T11:13:52","slug":"industrielle-magnete","status":"publish","type":"page","link":"https:\/\/www.magnetenspecialist.nl\/de\/industrielle-magnete\/","title":{"rendered":"Industrielle Magnete"},"content":{"rendered":"\n<div class=\"row d-flex align-items-center\">\n<div class=\"col-md-6 col-lg-4 col-xl-3\">\n<figure class=\"wp-block-image\"><img decoding=\"async\" src=\"https:\/\/www.magnetenspecialist.nl\/wp-content\/uploads\/2019\/03\/Image-191-300x300.png\" alt=\"industri\u00eble magneet\" class=\"aligncenter\"\/><\/figure><\/div>\n\n<div class=\"col-md-6 col-lg-8 col-xl-9\">\n<h2>Bestellen Sie Industriemagnete online beim Magnetspezialisten<\/h2>\n<p>Industriemagnete werden haupts\u00e4chlich zum Heben schwerer Lasten verwendet. Zum Beispiel beim Sortieren von (altem) Eisen. Diese industriellen Anwendungen erfordern oft sehr gro\u00dfe magnetische Kr\u00e4fte. Aus diesem Grund liefert Magnet Specialist unter anderem Blockmagnete mit einer Haftkraft von mehr als 500 kg. Anwendbar in vielen verschiedenen Industriezweigen. Sie k\u00f6nnen diese Magnete einfach online beim Magnetspezialisten bestellen, wir liefern sie schnell.<\/p>\n<\/div>\n<\/div>\n\n<h2 class=\"wp-block-heading\">Industriemagnete in gro\u00dfen Mengen verf\u00fcgbar  <\/h2>\n\n<p>Der Magnetspezialist bietet eine schnelle Lieferung in den Niederlanden und Belgien. Magnetenspecialist.nl ist nicht an einen Lieferanten gebunden, sondern hat mit mehr als 25 Jahren Erfahrung f\u00fcnf zuverl\u00e4ssige Lieferanten nach Preis und Qualit\u00e4t ausgew\u00e4hlt. Service, Spitzenqualit\u00e4t und Leidenschaft sind einige der Merkmale unseres Unternehmens. Wir liefern unsere Magnete unter anderem an die Industrie, das Baugewerbe und den Handel.  <\/p>\n\n<div class=\"cta-banner\">\n    <h4>Finden Sie Ihre Industriemagnete<\/h4>\n    <a class=\"cta-banner-btn\" href=\"https:\/\/www.magnetenspecialist.nl\/winkel\/\" title=\"Zoek uw industri\u00eble magneten\">Jetzt ansehen<\/a>\n<\/div>\n\n\n<h3 class=\"wp-block-heading\">Schnelle Lieferung f\u00fcr unser gesamtes Produktsortiment<\/h3>\n\n<p>Bestellen Sie Industriemagnete einfach online, auch wenn Sie gr\u00f6\u00dfere Mengen ben\u00f6tigen. Je nach Bestellzeitpunkt k\u00f6nnen wir Ihre Bestellung oft noch am selben Tag versenden. F\u00fcr gr\u00f6\u00dfere Pakete versenden wir mit GLS. Wir werden Sie w\u00e4hrend des gesamten Prozesses \u00fcber den Fortschritt Ihrer Bestellung auf dem Laufenden halten. Mit dem Track &amp; Trace, das Sie per E-Mail erhalten, k\u00f6nnen Sie das Paket verfolgen. Wenn Sie Fragen zu Ihrer Bestellung haben, kontaktieren Sie uns bitte. Oder werfen Sie einen Blick auf unsere Seite <a href=\"https:\/\/www.magnetenspecialist.nl\/de\/kundendienst\/bestellen-und-versenden\/\">&#8220;Bestellung &amp; Versand&#8221;<\/a>.  <\/p>\n\n<h3 class=\"wp-block-heading\">Magnete f\u00fcr die Industrie  <\/h3>\n\n<p>Industriemagnete sind oft gro\u00df und haben eine hohe Tragf\u00e4higkeit. Der Magnetspezialist wei\u00df, wie man diese starken Magnete sicher transportiert und liefert. Bei der Lieferung starker Neodym-Magnete ist die Art und Weise, wie sie versandt und verpackt werden, sehr wichtig. Bestellen Sie also beim Magnetspezialisten. Wir erledigen alles professionell.<\/p>\n","protected":false},"excerpt":{"rendered":"<p>Bestellen Sie Industriemagnete online beim Magnetspezialisten Industriemagnete werden haupts\u00e4chlich zum Heben schwerer Lasten verwendet. Zum Beispiel beim Sortieren von (altem) Eisen. Diese industriellen Anwendungen erfordern oft sehr gro\u00dfe magnetische Kr\u00e4fte. Aus diesem Grund liefert Magnet Specialist unter anderem Blockmagnete mit einer Haftkraft von mehr als 500 kg. Anwendbar in vielen verschiedenen Industriezweigen. Sie k\u00f6nnen diese [&hellip;]<\/p>\n","protected":false},"author":1,"featured_media":0,"parent":0,"menu_order":0,"comment_status":"closed","ping_status":"closed","template":"template-full.php","meta":{"_acf_changed":false,"footnotes":""},"class_list":["post-107427","page","type-page","status-publish","hentry"],"acf":[],"yoast_head":"<!-- This site is optimized with the Yoast SEO Premium plugin v24.7 (Yoast SEO v24.7) - https:\/\/yoast.com\/wordpress\/plugins\/seo\/ -->\n<title>Industriemagnete online kaufen bei Der Magnetspezialist<\/title>\n<meta name=\"description\" content=\"Magnete f\u00fcr die Industrie k\u00f6nnen Sie beim Spezialisten f\u00fcr Online-Magnete kaufen. Wir haben eine breite Palette von Magneten, auch Industriemagnete\" \/>\n<meta name=\"robots\" content=\"index, follow, max-snippet:-1, max-image-preview:large, max-video-preview:-1\" \/>\n<link rel=\"canonical\" href=\"https:\/\/www.magnetenspecialist.nl\/de\/industrielle-magnete\/\" \/>\n<meta property=\"og:locale\" content=\"de_DE\" \/>\n<meta property=\"og:type\" content=\"article\" \/>\n<meta property=\"og:title\" content=\"Industrielle Magnete\" \/>\n<meta property=\"og:description\" content=\"Magnete f\u00fcr die Industrie k\u00f6nnen Sie beim Spezialisten f\u00fcr Online-Magnete kaufen. Wir haben eine breite Palette von Magneten, auch Industriemagnete\" \/>\n<meta property=\"og:url\" content=\"https:\/\/www.magnetenspecialist.nl\/de\/industrielle-magnete\/\" \/>\n<meta property=\"og:site_name\" content=\"Magnetenspecialist.nl\" \/>\n<meta property=\"article:publisher\" content=\"https:\/\/www.facebook.com\/Magnetenspecialist.nl\" \/>\n<meta property=\"article:modified_time\" content=\"2022-02-04T11:13:52+00:00\" \/>\n<meta property=\"og:image\" content=\"https:\/\/www.magnetenspecialist.nl\/wp-content\/uploads\/2019\/03\/Image-191-300x300.png\" \/>\n<meta name=\"twitter:card\" content=\"summary_large_image\" \/>\n<meta name=\"twitter:site\" content=\"@magnetenspecial\" \/>\n<meta name=\"twitter:label1\" content=\"Gesch\u00e4tzte Lesezeit\" \/>\n\t<meta name=\"twitter:data1\" content=\"1\u00a0Minute\" \/>\n<script type=\"application\/ld+json\" class=\"yoast-schema-graph\">{\"@context\":\"https:\/\/schema.org\",\"@graph\":[{\"@type\":\"WebPage\",\"@id\":\"https:\/\/www.magnetenspecialist.nl\/de\/industrielle-magnete\/\",\"url\":\"https:\/\/www.magnetenspecialist.nl\/de\/industrielle-magnete\/\",\"name\":\"Industriemagnete online kaufen bei Der Magnetspezialist\",\"isPartOf\":{\"@id\":\"https:\/\/www.magnetenspecialist.nl\/de\/#website\"},\"primaryImageOfPage\":{\"@id\":\"https:\/\/www.magnetenspecialist.nl\/de\/industrielle-magnete\/#primaryimage\"},\"image\":{\"@id\":\"https:\/\/www.magnetenspecialist.nl\/de\/industrielle-magnete\/#primaryimage\"},\"thumbnailUrl\":\"https:\/\/www.magnetenspecialist.nl\/wp-content\/uploads\/2019\/03\/Image-191-300x300.png\",\"datePublished\":\"2019-03-12T14:58:13+00:00\",\"dateModified\":\"2022-02-04T11:13:52+00:00\",\"description\":\"Magnete f\u00fcr die Industrie k\u00f6nnen Sie beim Spezialisten f\u00fcr Online-Magnete kaufen. Wir haben eine breite Palette von Magneten, auch Industriemagnete\",\"breadcrumb\":{\"@id\":\"https:\/\/www.magnetenspecialist.nl\/de\/industrielle-magnete\/#breadcrumb\"},\"inLanguage\":\"de\",\"potentialAction\":[{\"@type\":\"ReadAction\",\"target\":[\"https:\/\/www.magnetenspecialist.nl\/de\/industrielle-magnete\/\"]}]},{\"@type\":\"ImageObject\",\"inLanguage\":\"de\",\"@id\":\"https:\/\/www.magnetenspecialist.nl\/de\/industrielle-magnete\/#primaryimage\",\"url\":\"https:\/\/www.magnetenspecialist.nl\/wp-content\/uploads\/2019\/03\/Image-191-300x300.png\",\"contentUrl\":\"https:\/\/www.magnetenspecialist.nl\/wp-content\/uploads\/2019\/03\/Image-191-300x300.png\"},{\"@type\":\"BreadcrumbList\",\"@id\":\"https:\/\/www.magnetenspecialist.nl\/de\/industrielle-magnete\/#breadcrumb\",\"itemListElement\":[{\"@type\":\"ListItem\",\"position\":1,\"name\":\"Startseite\",\"item\":\"https:\/\/www.magnetenspecialist.nl\/de\/\"},{\"@type\":\"ListItem\",\"position\":2,\"name\":\"Industrielle Magnete\"}]},{\"@type\":\"WebSite\",\"@id\":\"https:\/\/www.magnetenspecialist.nl\/de\/#website\",\"url\":\"https:\/\/www.magnetenspecialist.nl\/de\/\",\"name\":\"Magnetenspecialist.nl\",\"description\":\"Umfangreiches Angebot an Neodym-Magneten\",\"publisher\":{\"@id\":\"https:\/\/www.magnetenspecialist.nl\/de\/#organization\"},\"potentialAction\":[{\"@type\":\"SearchAction\",\"target\":{\"@type\":\"EntryPoint\",\"urlTemplate\":\"https:\/\/www.magnetenspecialist.nl\/de\/?s={search_term_string}\"},\"query-input\":{\"@type\":\"PropertyValueSpecification\",\"valueRequired\":true,\"valueName\":\"search_term_string\"}}],\"inLanguage\":\"de\"},{\"@type\":\"Organization\",\"@id\":\"https:\/\/www.magnetenspecialist.nl\/de\/#organization\",\"name\":\"Magnetenspecialist.nl\",\"url\":\"https:\/\/www.magnetenspecialist.nl\/de\/\",\"logo\":{\"@type\":\"ImageObject\",\"inLanguage\":\"de\",\"@id\":\"https:\/\/www.magnetenspecialist.nl\/de\/#\/schema\/logo\/image\/\",\"url\":\"https:\/\/www.magnetenspecialist.nl\/wp-content\/uploads\/2018\/10\/magneten-logo.jpg\",\"contentUrl\":\"https:\/\/www.magnetenspecialist.nl\/wp-content\/uploads\/2018\/10\/magneten-logo.jpg\",\"width\":151,\"height\":151,\"caption\":\"Magnetenspecialist.nl\"},\"image\":{\"@id\":\"https:\/\/www.magnetenspecialist.nl\/de\/#\/schema\/logo\/image\/\"},\"sameAs\":[\"https:\/\/www.facebook.com\/Magnetenspecialist.nl\",\"https:\/\/x.com\/magnetenspecial\"]}]}<\/script>\n<!-- \/ Yoast SEO Premium plugin. -->","yoast_head_json":{"title":"Industriemagnete online kaufen bei Der Magnetspezialist","description":"Magnete f\u00fcr die Industrie k\u00f6nnen Sie beim Spezialisten f\u00fcr Online-Magnete kaufen. Wir haben eine breite Palette von Magneten, auch Industriemagnete","robots":{"index":"index","follow":"follow","max-snippet":"max-snippet:-1","max-image-preview":"max-image-preview:large","max-video-preview":"max-video-preview:-1"},"canonical":"https:\/\/www.magnetenspecialist.nl\/de\/industrielle-magnete\/","og_locale":"de_DE","og_type":"article","og_title":"Industrielle Magnete","og_description":"Magnete f\u00fcr die Industrie k\u00f6nnen Sie beim Spezialisten f\u00fcr Online-Magnete kaufen. Wir haben eine breite Palette von Magneten, auch Industriemagnete","og_url":"https:\/\/www.magnetenspecialist.nl\/de\/industrielle-magnete\/","og_site_name":"Magnetenspecialist.nl","article_publisher":"https:\/\/www.facebook.com\/Magnetenspecialist.nl","article_modified_time":"2022-02-04T11:13:52+00:00","og_image":[{"url":"https:\/\/www.magnetenspecialist.nl\/wp-content\/uploads\/2019\/03\/Image-191-300x300.png","type":"","width":"","height":""}],"twitter_card":"summary_large_image","twitter_site":"@magnetenspecial","twitter_misc":{"Gesch\u00e4tzte Lesezeit":"1\u00a0Minute"},"schema":{"@context":"https:\/\/schema.org","@graph":[{"@type":"WebPage","@id":"https:\/\/www.magnetenspecialist.nl\/de\/industrielle-magnete\/","url":"https:\/\/www.magnetenspecialist.nl\/de\/industrielle-magnete\/","name":"Industriemagnete online kaufen bei Der Magnetspezialist","isPartOf":{"@id":"https:\/\/www.magnetenspecialist.nl\/de\/#website"},"primaryImageOfPage":{"@id":"https:\/\/www.magnetenspecialist.nl\/de\/industrielle-magnete\/#primaryimage"},"image":{"@id":"https:\/\/www.magnetenspecialist.nl\/de\/industrielle-magnete\/#primaryimage"},"thumbnailUrl":"https:\/\/www.magnetenspecialist.nl\/wp-content\/uploads\/2019\/03\/Image-191-300x300.png","datePublished":"2019-03-12T14:58:13+00:00","dateModified":"2022-02-04T11:13:52+00:00","description":"Magnete f\u00fcr die Industrie k\u00f6nnen Sie beim Spezialisten f\u00fcr Online-Magnete kaufen. Wir haben eine breite Palette von Magneten, auch Industriemagnete","breadcrumb":{"@id":"https:\/\/www.magnetenspecialist.nl\/de\/industrielle-magnete\/#breadcrumb"},"inLanguage":"de","potentialAction":[{"@type":"ReadAction","target":["https:\/\/www.magnetenspecialist.nl\/de\/industrielle-magnete\/"]}]},{"@type":"ImageObject","inLanguage":"de","@id":"https:\/\/www.magnetenspecialist.nl\/de\/industrielle-magnete\/#primaryimage","url":"https:\/\/www.magnetenspecialist.nl\/wp-content\/uploads\/2019\/03\/Image-191-300x300.png","contentUrl":"https:\/\/www.magnetenspecialist.nl\/wp-content\/uploads\/2019\/03\/Image-191-300x300.png"},{"@type":"BreadcrumbList","@id":"https:\/\/www.magnetenspecialist.nl\/de\/industrielle-magnete\/#breadcrumb","itemListElement":[{"@type":"ListItem","position":1,"name":"Startseite","item":"https:\/\/www.magnetenspecialist.nl\/de\/"},{"@type":"ListItem","position":2,"name":"Industrielle Magnete"}]},{"@type":"WebSite","@id":"https:\/\/www.magnetenspecialist.nl\/de\/#website","url":"https:\/\/www.magnetenspecialist.nl\/de\/","name":"Magnetenspecialist.nl","description":"Umfangreiches Angebot an Neodym-Magneten","publisher":{"@id":"https:\/\/www.magnetenspecialist.nl\/de\/#organization"},"potentialAction":[{"@type":"SearchAction","target":{"@type":"EntryPoint","urlTemplate":"https:\/\/www.magnetenspecialist.nl\/de\/?s={search_term_string}"},"query-input":{"@type":"PropertyValueSpecification","valueRequired":true,"valueName":"search_term_string"}}],"inLanguage":"de"},{"@type":"Organization","@id":"https:\/\/www.magnetenspecialist.nl\/de\/#organization","name":"Magnetenspecialist.nl","url":"https:\/\/www.magnetenspecialist.nl\/de\/","logo":{"@type":"ImageObject","inLanguage":"de","@id":"https:\/\/www.magnetenspecialist.nl\/de\/#\/schema\/logo\/image\/","url":"https:\/\/www.magnetenspecialist.nl\/wp-content\/uploads\/2018\/10\/magneten-logo.jpg","contentUrl":"https:\/\/www.magnetenspecialist.nl\/wp-content\/uploads\/2018\/10\/magneten-logo.jpg","width":151,"height":151,"caption":"Magnetenspecialist.nl"},"image":{"@id":"https:\/\/www.magnetenspecialist.nl\/de\/#\/schema\/logo\/image\/"},"sameAs":["https:\/\/www.facebook.com\/Magnetenspecialist.nl","https:\/\/x.com\/magnetenspecial"]}]}},"_links":{"self":[{"href":"https:\/\/www.magnetenspecialist.nl\/de\/wp-json\/wp\/v2\/pages\/107427","targetHints":{"allow":["GET"]}}],"collection":[{"href":"https:\/\/www.magnetenspecialist.nl\/de\/wp-json\/wp\/v2\/pages"}],"about":[{"href":"https:\/\/www.magnetenspecialist.nl\/de\/wp-json\/wp\/v2\/types\/page"}],"author":[{"embeddable":true,"href":"https:\/\/www.magnetenspecialist.nl\/de\/wp-json\/wp\/v2\/users\/1"}],"replies":[{"embeddable":true,"href":"https:\/\/www.magnetenspecialist.nl\/de\/wp-json\/wp\/v2\/comments?post=107427"}],"version-history":[{"count":0,"href":"https:\/\/www.magnetenspecialist.nl\/de\/wp-json\/wp\/v2\/pages\/107427\/revisions"}],"wp:attachment":[{"href":"https:\/\/www.magnetenspecialist.nl\/de\/wp-json\/wp\/v2\/media?parent=107427"}],"curies":[{"name":"wp","href":"https:\/\/api.w.org\/{rel}","templated":true}]}}