{"id":107436,"date":"2019-03-12T16:05:04","date_gmt":"2019-03-12T15:05:04","guid":{"rendered":"https:\/\/www.magnetenspecialist.nl\/mini-magnete\/"},"modified":"2022-02-04T12:13:53","modified_gmt":"2022-02-04T11:13:53","slug":"mini-magnete","status":"publish","type":"page","link":"https:\/\/www.magnetenspecialist.nl\/de\/mini-magnete\/","title":{"rendered":"Mini-Magnete"},"content":{"rendered":"\n<div class=\"row d-flex align-items-center\">\n<div class=\"col-md-6 col-lg-4 col-xl-3\">\n<figure class=\"wp-block-image\"><img decoding=\"async\" src=\"https:\/\/www.magnetenspecialist.nl\/wp-content\/uploads\/2019\/03\/Image-11.png\" alt=\"mini magneten\" class=\"aligncenter\"\/><\/figure><\/div>\n\n<div class=\"col-md-6 col-lg-8 col-xl-9\">\n<h2>Starke Mini-Magnete<\/h2>\n<p>Lassen Sie sich nicht von der Gr\u00f6\u00dfe t\u00e4uschen. Selbst die kleinsten Magnete von Magnetenspecialist.nl sind superstark. Durch die Qualit\u00e4t unserer Magnete garantieren wir auch bei den kleinsten Neodym-Magneten eine hohe und dauerhafte Tragf\u00e4higkeit. Unsere <a href=\"https:\/\/www.magnetenspecialist.nl\/de\/speichern\/scheibenmagnete\/scheibenmagnet-2-x-2-mm\/\">kleinsten Mini-Magnete<\/a> haben eine Gr\u00f6\u00dfe von nur 2 x 2 mm! Sie sind immer noch stark genug, um eine Notiz an einer Magnetwand zu halten. Sie werden auch von Forschern und Bastlern verwendet, um kleinste Partikel\/Objekte unter dem Mikroskop festzuhalten.  \n<\/p>\n<\/div>\n<\/div>\n\n<h2 class=\"wp-block-heading\">Kleine Magnete mit vielen Verwendungsm\u00f6glichkeiten  <\/h2>\n\n<p>Der Einsatz von Mini-Magneten f\u00fcr Privatpersonen oder Unternehmen hat viele Anwendungsm\u00f6glichkeiten. Zu Hause sind sie sehr praktisch, um z. B. Zeichnungen am K\u00fchlschrank zu befestigen, oder im Kinderzimmer sind sie ein praktisches Befestigungssystem f\u00fcr z. B. Poster. In der Gesch\u00e4ftswelt werden sie u. a. verwendet, um Notizen auf einem Whiteboard anzubringen. Sie werden \u00fcberall gebraucht und sind \u00e4u\u00dferst praktisch.<\/p>\n\n<h2 class=\"wp-block-heading\">Magnete schnell online bestellen  <\/h2>\n\n<p>Die Mini-Magnete k\u00f6nnen online im Webshop des Magnetspezialisten bestellt werden, in kleinen oder gro\u00dfen Mengen. Sie k\u00f6nnen in einer sicheren Umgebung bestellen und haben die Wahl zwischen verschiedenen Zahlungsm\u00f6glichkeiten. Wenn Sie Ihre Bestellung vor 16.00 Uhr aufgeben, k\u00f6nnen Sie in der Regel am n\u00e4chsten Arbeitstag mit der Lieferung rechnen. Die Mini-Magnete werden in den Niederlanden und Belgien geliefert.  <\/p>\n\n<div class=\"cta-banner\">\n    <h4>Siehe unsere Mini-Magnete<\/h4>\n    <a class=\"cta-banner-btn\" href=\"https:\/\/www.magnetenspecialist.nl\/winkel\/?orderby=price\" title=\"bekijk onze mini magneetjes\">Jetzt ansehen<\/a>\n<\/div>\n","protected":false},"excerpt":{"rendered":"<p>Starke Mini-Magnete Lassen Sie sich nicht von der Gr\u00f6\u00dfe t\u00e4uschen. Selbst die kleinsten Magnete von Magnetenspecialist.nl sind superstark. Durch die Qualit\u00e4t unserer Magnete garantieren wir auch bei den kleinsten Neodym-Magneten eine hohe und dauerhafte Tragf\u00e4higkeit. Unsere kleinsten Mini-Magnete haben eine Gr\u00f6\u00dfe von nur 2 x 2 mm! Sie sind immer noch stark genug, um eine [&hellip;]<\/p>\n","protected":false},"author":1,"featured_media":0,"parent":0,"menu_order":0,"comment_status":"closed","ping_status":"closed","template":"template-full.php","meta":{"_acf_changed":false,"footnotes":""},"class_list":["post-107436","page","type-page","status-publish","hentry"],"acf":[],"yoast_head":"<!-- This site is optimized with the Yoast SEO Premium plugin v24.7 (Yoast SEO v24.7) - https:\/\/yoast.com\/wordpress\/plugins\/seo\/ -->\n<title>Mini-Magnete von Magnetenspecialist.nl |Klein aber oho<\/title>\n<meta name=\"description\" content=\"Mini-Magnete von Magnetenspecialist.nl sind dank der Qualit\u00e4t unserer Magnete sehr stark. Sie verlieren auch nicht ihre Magnetisierung.\" \/>\n<meta name=\"robots\" content=\"index, follow, max-snippet:-1, max-image-preview:large, max-video-preview:-1\" \/>\n<link rel=\"canonical\" href=\"https:\/\/www.magnetenspecialist.nl\/de\/mini-magnete\/\" \/>\n<meta property=\"og:locale\" content=\"de_DE\" \/>\n<meta property=\"og:type\" content=\"article\" \/>\n<meta property=\"og:title\" content=\"Mini-Magnete\" \/>\n<meta property=\"og:description\" content=\"Mini-Magnete von Magnetenspecialist.nl sind dank der Qualit\u00e4t unserer Magnete sehr stark. Sie verlieren auch nicht ihre Magnetisierung.\" \/>\n<meta property=\"og:url\" content=\"https:\/\/www.magnetenspecialist.nl\/de\/mini-magnete\/\" \/>\n<meta property=\"og:site_name\" content=\"Magnetenspecialist.nl\" \/>\n<meta property=\"article:publisher\" content=\"https:\/\/www.facebook.com\/Magnetenspecialist.nl\" \/>\n<meta property=\"article:modified_time\" content=\"2022-02-04T11:13:53+00:00\" \/>\n<meta property=\"og:image\" content=\"https:\/\/www.magnetenspecialist.nl\/wp-content\/uploads\/2019\/03\/Image-11.png\" \/>\n<meta name=\"twitter:card\" content=\"summary_large_image\" \/>\n<meta name=\"twitter:site\" content=\"@magnetenspecial\" \/>\n<meta name=\"twitter:label1\" content=\"Gesch\u00e4tzte Lesezeit\" \/>\n\t<meta name=\"twitter:data1\" content=\"1\u00a0Minute\" \/>\n<script type=\"application\/ld+json\" class=\"yoast-schema-graph\">{\"@context\":\"https:\/\/schema.org\",\"@graph\":[{\"@type\":\"WebPage\",\"@id\":\"https:\/\/www.magnetenspecialist.nl\/de\/mini-magnete\/\",\"url\":\"https:\/\/www.magnetenspecialist.nl\/de\/mini-magnete\/\",\"name\":\"Mini-Magnete von Magnetenspecialist.nl |Klein aber oho\",\"isPartOf\":{\"@id\":\"https:\/\/www.magnetenspecialist.nl\/de\/#website\"},\"primaryImageOfPage\":{\"@id\":\"https:\/\/www.magnetenspecialist.nl\/de\/mini-magnete\/#primaryimage\"},\"image\":{\"@id\":\"https:\/\/www.magnetenspecialist.nl\/de\/mini-magnete\/#primaryimage\"},\"thumbnailUrl\":\"https:\/\/www.magnetenspecialist.nl\/wp-content\/uploads\/2019\/03\/Image-11.png\",\"datePublished\":\"2019-03-12T15:05:04+00:00\",\"dateModified\":\"2022-02-04T11:13:53+00:00\",\"description\":\"Mini-Magnete von Magnetenspecialist.nl sind dank der Qualit\u00e4t unserer Magnete sehr stark. Sie verlieren auch nicht ihre Magnetisierung.\",\"breadcrumb\":{\"@id\":\"https:\/\/www.magnetenspecialist.nl\/de\/mini-magnete\/#breadcrumb\"},\"inLanguage\":\"de\",\"potentialAction\":[{\"@type\":\"ReadAction\",\"target\":[\"https:\/\/www.magnetenspecialist.nl\/de\/mini-magnete\/\"]}]},{\"@type\":\"ImageObject\",\"inLanguage\":\"de\",\"@id\":\"https:\/\/www.magnetenspecialist.nl\/de\/mini-magnete\/#primaryimage\",\"url\":\"https:\/\/www.magnetenspecialist.nl\/wp-content\/uploads\/2019\/03\/Image-11.png\",\"contentUrl\":\"https:\/\/www.magnetenspecialist.nl\/wp-content\/uploads\/2019\/03\/Image-11.png\"},{\"@type\":\"BreadcrumbList\",\"@id\":\"https:\/\/www.magnetenspecialist.nl\/de\/mini-magnete\/#breadcrumb\",\"itemListElement\":[{\"@type\":\"ListItem\",\"position\":1,\"name\":\"Startseite\",\"item\":\"https:\/\/www.magnetenspecialist.nl\/de\/\"},{\"@type\":\"ListItem\",\"position\":2,\"name\":\"Mini-Magnete\"}]},{\"@type\":\"WebSite\",\"@id\":\"https:\/\/www.magnetenspecialist.nl\/de\/#website\",\"url\":\"https:\/\/www.magnetenspecialist.nl\/de\/\",\"name\":\"Magnetenspecialist.nl\",\"description\":\"Umfangreiches Angebot an Neodym-Magneten\",\"publisher\":{\"@id\":\"https:\/\/www.magnetenspecialist.nl\/de\/#organization\"},\"potentialAction\":[{\"@type\":\"SearchAction\",\"target\":{\"@type\":\"EntryPoint\",\"urlTemplate\":\"https:\/\/www.magnetenspecialist.nl\/de\/?s={search_term_string}\"},\"query-input\":{\"@type\":\"PropertyValueSpecification\",\"valueRequired\":true,\"valueName\":\"search_term_string\"}}],\"inLanguage\":\"de\"},{\"@type\":\"Organization\",\"@id\":\"https:\/\/www.magnetenspecialist.nl\/de\/#organization\",\"name\":\"Magnetenspecialist.nl\",\"url\":\"https:\/\/www.magnetenspecialist.nl\/de\/\",\"logo\":{\"@type\":\"ImageObject\",\"inLanguage\":\"de\",\"@id\":\"https:\/\/www.magnetenspecialist.nl\/de\/#\/schema\/logo\/image\/\",\"url\":\"https:\/\/www.magnetenspecialist.nl\/wp-content\/uploads\/2018\/10\/magneten-logo.jpg\",\"contentUrl\":\"https:\/\/www.magnetenspecialist.nl\/wp-content\/uploads\/2018\/10\/magneten-logo.jpg\",\"width\":151,\"height\":151,\"caption\":\"Magnetenspecialist.nl\"},\"image\":{\"@id\":\"https:\/\/www.magnetenspecialist.nl\/de\/#\/schema\/logo\/image\/\"},\"sameAs\":[\"https:\/\/www.facebook.com\/Magnetenspecialist.nl\",\"https:\/\/x.com\/magnetenspecial\"]}]}<\/script>\n<!-- \/ Yoast SEO Premium plugin. -->","yoast_head_json":{"title":"Mini-Magnete von Magnetenspecialist.nl |Klein aber oho","description":"Mini-Magnete von Magnetenspecialist.nl sind dank der Qualit\u00e4t unserer Magnete sehr stark. Sie verlieren auch nicht ihre Magnetisierung.","robots":{"index":"index","follow":"follow","max-snippet":"max-snippet:-1","max-image-preview":"max-image-preview:large","max-video-preview":"max-video-preview:-1"},"canonical":"https:\/\/www.magnetenspecialist.nl\/de\/mini-magnete\/","og_locale":"de_DE","og_type":"article","og_title":"Mini-Magnete","og_description":"Mini-Magnete von Magnetenspecialist.nl sind dank der Qualit\u00e4t unserer Magnete sehr stark. Sie verlieren auch nicht ihre Magnetisierung.","og_url":"https:\/\/www.magnetenspecialist.nl\/de\/mini-magnete\/","og_site_name":"Magnetenspecialist.nl","article_publisher":"https:\/\/www.facebook.com\/Magnetenspecialist.nl","article_modified_time":"2022-02-04T11:13:53+00:00","og_image":[{"url":"https:\/\/www.magnetenspecialist.nl\/wp-content\/uploads\/2019\/03\/Image-11.png","type":"","width":"","height":""}],"twitter_card":"summary_large_image","twitter_site":"@magnetenspecial","twitter_misc":{"Gesch\u00e4tzte Lesezeit":"1\u00a0Minute"},"schema":{"@context":"https:\/\/schema.org","@graph":[{"@type":"WebPage","@id":"https:\/\/www.magnetenspecialist.nl\/de\/mini-magnete\/","url":"https:\/\/www.magnetenspecialist.nl\/de\/mini-magnete\/","name":"Mini-Magnete von Magnetenspecialist.nl |Klein aber oho","isPartOf":{"@id":"https:\/\/www.magnetenspecialist.nl\/de\/#website"},"primaryImageOfPage":{"@id":"https:\/\/www.magnetenspecialist.nl\/de\/mini-magnete\/#primaryimage"},"image":{"@id":"https:\/\/www.magnetenspecialist.nl\/de\/mini-magnete\/#primaryimage"},"thumbnailUrl":"https:\/\/www.magnetenspecialist.nl\/wp-content\/uploads\/2019\/03\/Image-11.png","datePublished":"2019-03-12T15:05:04+00:00","dateModified":"2022-02-04T11:13:53+00:00","description":"Mini-Magnete von Magnetenspecialist.nl sind dank der Qualit\u00e4t unserer Magnete sehr stark. Sie verlieren auch nicht ihre Magnetisierung.","breadcrumb":{"@id":"https:\/\/www.magnetenspecialist.nl\/de\/mini-magnete\/#breadcrumb"},"inLanguage":"de","potentialAction":[{"@type":"ReadAction","target":["https:\/\/www.magnetenspecialist.nl\/de\/mini-magnete\/"]}]},{"@type":"ImageObject","inLanguage":"de","@id":"https:\/\/www.magnetenspecialist.nl\/de\/mini-magnete\/#primaryimage","url":"https:\/\/www.magnetenspecialist.nl\/wp-content\/uploads\/2019\/03\/Image-11.png","contentUrl":"https:\/\/www.magnetenspecialist.nl\/wp-content\/uploads\/2019\/03\/Image-11.png"},{"@type":"BreadcrumbList","@id":"https:\/\/www.magnetenspecialist.nl\/de\/mini-magnete\/#breadcrumb","itemListElement":[{"@type":"ListItem","position":1,"name":"Startseite","item":"https:\/\/www.magnetenspecialist.nl\/de\/"},{"@type":"ListItem","position":2,"name":"Mini-Magnete"}]},{"@type":"WebSite","@id":"https:\/\/www.magnetenspecialist.nl\/de\/#website","url":"https:\/\/www.magnetenspecialist.nl\/de\/","name":"Magnetenspecialist.nl","description":"Umfangreiches Angebot an Neodym-Magneten","publisher":{"@id":"https:\/\/www.magnetenspecialist.nl\/de\/#organization"},"potentialAction":[{"@type":"SearchAction","target":{"@type":"EntryPoint","urlTemplate":"https:\/\/www.magnetenspecialist.nl\/de\/?s={search_term_string}"},"query-input":{"@type":"PropertyValueSpecification","valueRequired":true,"valueName":"search_term_string"}}],"inLanguage":"de"},{"@type":"Organization","@id":"https:\/\/www.magnetenspecialist.nl\/de\/#organization","name":"Magnetenspecialist.nl","url":"https:\/\/www.magnetenspecialist.nl\/de\/","logo":{"@type":"ImageObject","inLanguage":"de","@id":"https:\/\/www.magnetenspecialist.nl\/de\/#\/schema\/logo\/image\/","url":"https:\/\/www.magnetenspecialist.nl\/wp-content\/uploads\/2018\/10\/magneten-logo.jpg","contentUrl":"https:\/\/www.magnetenspecialist.nl\/wp-content\/uploads\/2018\/10\/magneten-logo.jpg","width":151,"height":151,"caption":"Magnetenspecialist.nl"},"image":{"@id":"https:\/\/www.magnetenspecialist.nl\/de\/#\/schema\/logo\/image\/"},"sameAs":["https:\/\/www.facebook.com\/Magnetenspecialist.nl","https:\/\/x.com\/magnetenspecial"]}]}},"_links":{"self":[{"href":"https:\/\/www.magnetenspecialist.nl\/de\/wp-json\/wp\/v2\/pages\/107436","targetHints":{"allow":["GET"]}}],"collection":[{"href":"https:\/\/www.magnetenspecialist.nl\/de\/wp-json\/wp\/v2\/pages"}],"about":[{"href":"https:\/\/www.magnetenspecialist.nl\/de\/wp-json\/wp\/v2\/types\/page"}],"author":[{"embeddable":true,"href":"https:\/\/www.magnetenspecialist.nl\/de\/wp-json\/wp\/v2\/users\/1"}],"replies":[{"embeddable":true,"href":"https:\/\/www.magnetenspecialist.nl\/de\/wp-json\/wp\/v2\/comments?post=107436"}],"version-history":[{"count":0,"href":"https:\/\/www.magnetenspecialist.nl\/de\/wp-json\/wp\/v2\/pages\/107436\/revisions"}],"wp:attachment":[{"href":"https:\/\/www.magnetenspecialist.nl\/de\/wp-json\/wp\/v2\/media?parent=107436"}],"curies":[{"name":"wp","href":"https:\/\/api.w.org\/{rel}","templated":true}]}}