{"id":107440,"date":"2019-03-12T16:10:54","date_gmt":"2019-03-12T15:10:54","guid":{"rendered":"https:\/\/www.magnetenspecialist.nl\/runder-magnet\/"},"modified":"2022-02-04T12:13:55","modified_gmt":"2022-02-04T11:13:55","slug":"runder-magnet","status":"publish","type":"page","link":"https:\/\/www.magnetenspecialist.nl\/de\/runder-magnet\/","title":{"rendered":"Runder Magnet"},"content":{"rendered":"\n<div class=\"row d-flex align-items-center\">\n<div class=\"col-md-6 col-lg-4 col-xl-3\">\n<figure class=\"wp-block-image\"><img decoding=\"async\" src=\"https:\/\/www.magnetenspecialist.nl\/wp-content\/uploads\/2019\/03\/Image-67.png\" alt=\"ronde magneet\" class=\"aligncenter\"\/><\/figure><\/div>\n\n<div class=\"col-md-6 col-lg-8 col-xl-9\">\n<h2>Runder Magnet online  <\/h2>\n<p>F\u00fcr einen runden Magneten k\u00f6nnen Sie sich an den Magnetspezialisten wenden. Erh\u00e4ltlich in verschiedenen Gr\u00f6\u00dfen und mit unterschiedlicher Haftkraft pro Magnet. Im Internet finden Sie einen Magneten f\u00fcr jeden Zweck. Einfach online zu bestellen und schnell geliefert, das Prinzip ist, vor 17 Uhr zu bestellen? Lieferung am n\u00e4chsten Tag. Oder Sie k\u00f6nnen sie selbst abholen. Wenn Sie also auf der Suche nach einem bestimmten runden Magneten sind, sollten Sie sich das breite Angebot ansehen.<\/p>\n<\/div>\n<\/div>\n\n<h2 class=\"wp-block-heading\">Runde Magnete, aber auch andere Formen erh\u00e4ltlich  <\/h2>\n\n<p>F\u00fcr runde Magnete gibt es bereits eine gro\u00dfe Auswahl, aber auch in anderen Formen ist ein gro\u00dfes Sortiment online verf\u00fcgbar. Die angebotenen Magnete sind nach Form, Gr\u00f6\u00dfe und Haftkraft unterteilt. Das ist sehr praktisch, wenn Sie einen bestimmten Magneten suchen. Bestellungen k\u00f6nnen 24 Stunden am Tag, 7 Tage die Woche aufgegeben werden. Wann immer Sie also einen runden Magneten oder eine andere Form ben\u00f6tigen, werden Sie bei Magnetenspecialist f\u00fcndig.  <\/p>\n\n<div class=\"cta-banner\">\n    <h4>Finden Sie Ihre runden Magnete in unserem Shop<\/h4>\n    <a class=\"cta-banner-btn\" href=\"https:\/\/www.magnetenspecialist.nl\/winkel\/\" title=\"Zoek uw ronde magneten in onze shop\">Jetzt ansehen<\/a>\n<\/div>\n\n<h3 class=\"wp-block-heading\">Mehrere starke runde Magnete<\/h3>\n\n<p>Was auch immer Sie f\u00fcr einen runden Magneten suchen, wir haben ihn. Runde Magnete werden f\u00fcr viele Zwecke verwendet. Unsere kleinen Scheibenmagnete zum Beispiel sind ideal f\u00fcr die <a href=\"https:\/\/www.magnetenspecialist.nl\/de\/speichern\/andere-magnete\/startnummer-magnete-fur-laufer-set-8-stuck\/\">Befestigung<\/a> einer <a href=\"https:\/\/www.magnetenspecialist.nl\/de\/speichern\/andere-magnete\/startnummer-magnete-fur-laufer-set-8-stuck\/\">Korsage<\/a>, aber auch die gr\u00f6\u00dferen Varianten sind vielseitig einsetzbar. Vom Messebau \u00fcber Innenausbauprojekte bis hin zum Modellbau und Hobbybereich. Runde Scheibenmagnete haben aufgrund ihrer Form sehr hohe Haftkr\u00e4fte. Die ebenen Fl\u00e4chen sorgen f\u00fcr sehr feste Verbindungen auch in kleinsten Dimensionen.  <\/p>\n","protected":false},"excerpt":{"rendered":"<p>Runder Magnet online F\u00fcr einen runden Magneten k\u00f6nnen Sie sich an den Magnetspezialisten wenden. Erh\u00e4ltlich in verschiedenen Gr\u00f6\u00dfen und mit unterschiedlicher Haftkraft pro Magnet. Im Internet finden Sie einen Magneten f\u00fcr jeden Zweck. Einfach online zu bestellen und schnell geliefert, das Prinzip ist, vor 17 Uhr zu bestellen? Lieferung am n\u00e4chsten Tag. Oder Sie k\u00f6nnen [&hellip;]<\/p>\n","protected":false},"author":1,"featured_media":0,"parent":0,"menu_order":0,"comment_status":"closed","ping_status":"closed","template":"template-full.php","meta":{"_acf_changed":false,"footnotes":""},"class_list":["post-107440","page","type-page","status-publish","hentry"],"acf":[],"yoast_head":"<!-- This site is optimized with the Yoast SEO Premium plugin v24.7 (Yoast SEO v24.7) - https:\/\/yoast.com\/wordpress\/plugins\/seo\/ -->\n<title>M\u00f6chten Sie einen runden Magneten kaufen? | De Magnetenspecialist.nl hat sie im Haus<\/title>\n<meta name=\"description\" content=\"Starke runde Magnete in allen Formen und Gr\u00f6\u00dfen, finden Sie bei Magnetenspecialist.nl. Eine sehr breite Palette von Neodym-Magneten\" \/>\n<meta name=\"robots\" content=\"index, follow, max-snippet:-1, max-image-preview:large, max-video-preview:-1\" \/>\n<link rel=\"canonical\" href=\"https:\/\/www.magnetenspecialist.nl\/de\/runder-magnet\/\" \/>\n<meta property=\"og:locale\" content=\"de_DE\" \/>\n<meta property=\"og:type\" content=\"article\" \/>\n<meta property=\"og:title\" content=\"Runder Magnet\" \/>\n<meta property=\"og:description\" content=\"Starke runde Magnete in allen Formen und Gr\u00f6\u00dfen, finden Sie bei Magnetenspecialist.nl. Eine sehr breite Palette von Neodym-Magneten\" \/>\n<meta property=\"og:url\" content=\"https:\/\/www.magnetenspecialist.nl\/de\/runder-magnet\/\" \/>\n<meta property=\"og:site_name\" content=\"Magnetenspecialist.nl\" \/>\n<meta property=\"article:publisher\" content=\"https:\/\/www.facebook.com\/Magnetenspecialist.nl\" \/>\n<meta property=\"article:modified_time\" content=\"2022-02-04T11:13:55+00:00\" \/>\n<meta property=\"og:image\" content=\"https:\/\/www.magnetenspecialist.nl\/wp-content\/uploads\/2019\/03\/Image-67.png\" \/>\n<meta name=\"twitter:card\" content=\"summary_large_image\" \/>\n<meta name=\"twitter:site\" content=\"@magnetenspecial\" \/>\n<meta name=\"twitter:label1\" content=\"Gesch\u00e4tzte Lesezeit\" \/>\n\t<meta name=\"twitter:data1\" content=\"1\u00a0Minute\" \/>\n<script type=\"application\/ld+json\" class=\"yoast-schema-graph\">{\"@context\":\"https:\/\/schema.org\",\"@graph\":[{\"@type\":\"WebPage\",\"@id\":\"https:\/\/www.magnetenspecialist.nl\/de\/runder-magnet\/\",\"url\":\"https:\/\/www.magnetenspecialist.nl\/de\/runder-magnet\/\",\"name\":\"M\u00f6chten Sie einen runden Magneten kaufen? | De Magnetenspecialist.nl hat sie im Haus\",\"isPartOf\":{\"@id\":\"https:\/\/www.magnetenspecialist.nl\/de\/#website\"},\"primaryImageOfPage\":{\"@id\":\"https:\/\/www.magnetenspecialist.nl\/de\/runder-magnet\/#primaryimage\"},\"image\":{\"@id\":\"https:\/\/www.magnetenspecialist.nl\/de\/runder-magnet\/#primaryimage\"},\"thumbnailUrl\":\"https:\/\/www.magnetenspecialist.nl\/wp-content\/uploads\/2019\/03\/Image-67.png\",\"datePublished\":\"2019-03-12T15:10:54+00:00\",\"dateModified\":\"2022-02-04T11:13:55+00:00\",\"description\":\"Starke runde Magnete in allen Formen und Gr\u00f6\u00dfen, finden Sie bei Magnetenspecialist.nl. Eine sehr breite Palette von Neodym-Magneten\",\"breadcrumb\":{\"@id\":\"https:\/\/www.magnetenspecialist.nl\/de\/runder-magnet\/#breadcrumb\"},\"inLanguage\":\"de\",\"potentialAction\":[{\"@type\":\"ReadAction\",\"target\":[\"https:\/\/www.magnetenspecialist.nl\/de\/runder-magnet\/\"]}]},{\"@type\":\"ImageObject\",\"inLanguage\":\"de\",\"@id\":\"https:\/\/www.magnetenspecialist.nl\/de\/runder-magnet\/#primaryimage\",\"url\":\"https:\/\/www.magnetenspecialist.nl\/wp-content\/uploads\/2019\/03\/Image-67.png\",\"contentUrl\":\"https:\/\/www.magnetenspecialist.nl\/wp-content\/uploads\/2019\/03\/Image-67.png\"},{\"@type\":\"BreadcrumbList\",\"@id\":\"https:\/\/www.magnetenspecialist.nl\/de\/runder-magnet\/#breadcrumb\",\"itemListElement\":[{\"@type\":\"ListItem\",\"position\":1,\"name\":\"Startseite\",\"item\":\"https:\/\/www.magnetenspecialist.nl\/de\/\"},{\"@type\":\"ListItem\",\"position\":2,\"name\":\"Runder Magnet\"}]},{\"@type\":\"WebSite\",\"@id\":\"https:\/\/www.magnetenspecialist.nl\/de\/#website\",\"url\":\"https:\/\/www.magnetenspecialist.nl\/de\/\",\"name\":\"Magnetenspecialist.nl\",\"description\":\"Umfangreiches Angebot an Neodym-Magneten\",\"publisher\":{\"@id\":\"https:\/\/www.magnetenspecialist.nl\/de\/#organization\"},\"potentialAction\":[{\"@type\":\"SearchAction\",\"target\":{\"@type\":\"EntryPoint\",\"urlTemplate\":\"https:\/\/www.magnetenspecialist.nl\/de\/?s={search_term_string}\"},\"query-input\":{\"@type\":\"PropertyValueSpecification\",\"valueRequired\":true,\"valueName\":\"search_term_string\"}}],\"inLanguage\":\"de\"},{\"@type\":\"Organization\",\"@id\":\"https:\/\/www.magnetenspecialist.nl\/de\/#organization\",\"name\":\"Magnetenspecialist.nl\",\"url\":\"https:\/\/www.magnetenspecialist.nl\/de\/\",\"logo\":{\"@type\":\"ImageObject\",\"inLanguage\":\"de\",\"@id\":\"https:\/\/www.magnetenspecialist.nl\/de\/#\/schema\/logo\/image\/\",\"url\":\"https:\/\/www.magnetenspecialist.nl\/wp-content\/uploads\/2018\/10\/magneten-logo.jpg\",\"contentUrl\":\"https:\/\/www.magnetenspecialist.nl\/wp-content\/uploads\/2018\/10\/magneten-logo.jpg\",\"width\":151,\"height\":151,\"caption\":\"Magnetenspecialist.nl\"},\"image\":{\"@id\":\"https:\/\/www.magnetenspecialist.nl\/de\/#\/schema\/logo\/image\/\"},\"sameAs\":[\"https:\/\/www.facebook.com\/Magnetenspecialist.nl\",\"https:\/\/x.com\/magnetenspecial\"]}]}<\/script>\n<!-- \/ Yoast SEO Premium plugin. -->","yoast_head_json":{"title":"M\u00f6chten Sie einen runden Magneten kaufen? | De Magnetenspecialist.nl hat sie im Haus","description":"Starke runde Magnete in allen Formen und Gr\u00f6\u00dfen, finden Sie bei Magnetenspecialist.nl. Eine sehr breite Palette von Neodym-Magneten","robots":{"index":"index","follow":"follow","max-snippet":"max-snippet:-1","max-image-preview":"max-image-preview:large","max-video-preview":"max-video-preview:-1"},"canonical":"https:\/\/www.magnetenspecialist.nl\/de\/runder-magnet\/","og_locale":"de_DE","og_type":"article","og_title":"Runder Magnet","og_description":"Starke runde Magnete in allen Formen und Gr\u00f6\u00dfen, finden Sie bei Magnetenspecialist.nl. Eine sehr breite Palette von Neodym-Magneten","og_url":"https:\/\/www.magnetenspecialist.nl\/de\/runder-magnet\/","og_site_name":"Magnetenspecialist.nl","article_publisher":"https:\/\/www.facebook.com\/Magnetenspecialist.nl","article_modified_time":"2022-02-04T11:13:55+00:00","og_image":[{"url":"https:\/\/www.magnetenspecialist.nl\/wp-content\/uploads\/2019\/03\/Image-67.png","type":"","width":"","height":""}],"twitter_card":"summary_large_image","twitter_site":"@magnetenspecial","twitter_misc":{"Gesch\u00e4tzte Lesezeit":"1\u00a0Minute"},"schema":{"@context":"https:\/\/schema.org","@graph":[{"@type":"WebPage","@id":"https:\/\/www.magnetenspecialist.nl\/de\/runder-magnet\/","url":"https:\/\/www.magnetenspecialist.nl\/de\/runder-magnet\/","name":"M\u00f6chten Sie einen runden Magneten kaufen? | De Magnetenspecialist.nl hat sie im Haus","isPartOf":{"@id":"https:\/\/www.magnetenspecialist.nl\/de\/#website"},"primaryImageOfPage":{"@id":"https:\/\/www.magnetenspecialist.nl\/de\/runder-magnet\/#primaryimage"},"image":{"@id":"https:\/\/www.magnetenspecialist.nl\/de\/runder-magnet\/#primaryimage"},"thumbnailUrl":"https:\/\/www.magnetenspecialist.nl\/wp-content\/uploads\/2019\/03\/Image-67.png","datePublished":"2019-03-12T15:10:54+00:00","dateModified":"2022-02-04T11:13:55+00:00","description":"Starke runde Magnete in allen Formen und Gr\u00f6\u00dfen, finden Sie bei Magnetenspecialist.nl. Eine sehr breite Palette von Neodym-Magneten","breadcrumb":{"@id":"https:\/\/www.magnetenspecialist.nl\/de\/runder-magnet\/#breadcrumb"},"inLanguage":"de","potentialAction":[{"@type":"ReadAction","target":["https:\/\/www.magnetenspecialist.nl\/de\/runder-magnet\/"]}]},{"@type":"ImageObject","inLanguage":"de","@id":"https:\/\/www.magnetenspecialist.nl\/de\/runder-magnet\/#primaryimage","url":"https:\/\/www.magnetenspecialist.nl\/wp-content\/uploads\/2019\/03\/Image-67.png","contentUrl":"https:\/\/www.magnetenspecialist.nl\/wp-content\/uploads\/2019\/03\/Image-67.png"},{"@type":"BreadcrumbList","@id":"https:\/\/www.magnetenspecialist.nl\/de\/runder-magnet\/#breadcrumb","itemListElement":[{"@type":"ListItem","position":1,"name":"Startseite","item":"https:\/\/www.magnetenspecialist.nl\/de\/"},{"@type":"ListItem","position":2,"name":"Runder Magnet"}]},{"@type":"WebSite","@id":"https:\/\/www.magnetenspecialist.nl\/de\/#website","url":"https:\/\/www.magnetenspecialist.nl\/de\/","name":"Magnetenspecialist.nl","description":"Umfangreiches Angebot an Neodym-Magneten","publisher":{"@id":"https:\/\/www.magnetenspecialist.nl\/de\/#organization"},"potentialAction":[{"@type":"SearchAction","target":{"@type":"EntryPoint","urlTemplate":"https:\/\/www.magnetenspecialist.nl\/de\/?s={search_term_string}"},"query-input":{"@type":"PropertyValueSpecification","valueRequired":true,"valueName":"search_term_string"}}],"inLanguage":"de"},{"@type":"Organization","@id":"https:\/\/www.magnetenspecialist.nl\/de\/#organization","name":"Magnetenspecialist.nl","url":"https:\/\/www.magnetenspecialist.nl\/de\/","logo":{"@type":"ImageObject","inLanguage":"de","@id":"https:\/\/www.magnetenspecialist.nl\/de\/#\/schema\/logo\/image\/","url":"https:\/\/www.magnetenspecialist.nl\/wp-content\/uploads\/2018\/10\/magneten-logo.jpg","contentUrl":"https:\/\/www.magnetenspecialist.nl\/wp-content\/uploads\/2018\/10\/magneten-logo.jpg","width":151,"height":151,"caption":"Magnetenspecialist.nl"},"image":{"@id":"https:\/\/www.magnetenspecialist.nl\/de\/#\/schema\/logo\/image\/"},"sameAs":["https:\/\/www.facebook.com\/Magnetenspecialist.nl","https:\/\/x.com\/magnetenspecial"]}]}},"_links":{"self":[{"href":"https:\/\/www.magnetenspecialist.nl\/de\/wp-json\/wp\/v2\/pages\/107440","targetHints":{"allow":["GET"]}}],"collection":[{"href":"https:\/\/www.magnetenspecialist.nl\/de\/wp-json\/wp\/v2\/pages"}],"about":[{"href":"https:\/\/www.magnetenspecialist.nl\/de\/wp-json\/wp\/v2\/types\/page"}],"author":[{"embeddable":true,"href":"https:\/\/www.magnetenspecialist.nl\/de\/wp-json\/wp\/v2\/users\/1"}],"replies":[{"embeddable":true,"href":"https:\/\/www.magnetenspecialist.nl\/de\/wp-json\/wp\/v2\/comments?post=107440"}],"version-history":[{"count":0,"href":"https:\/\/www.magnetenspecialist.nl\/de\/wp-json\/wp\/v2\/pages\/107440\/revisions"}],"wp:attachment":[{"href":"https:\/\/www.magnetenspecialist.nl\/de\/wp-json\/wp\/v2\/media?parent=107440"}],"curies":[{"name":"wp","href":"https:\/\/api.w.org\/{rel}","templated":true}]}}