{"id":107444,"date":"2019-03-12T16:09:29","date_gmt":"2019-03-12T15:09:29","guid":{"rendered":"https:\/\/www.magnetenspecialist.nl\/magnete\/"},"modified":"2022-02-04T12:13:54","modified_gmt":"2022-02-04T11:13:54","slug":"magnete","status":"publish","type":"page","link":"https:\/\/www.magnetenspecialist.nl\/de\/magnete\/","title":{"rendered":"Magnete"},"content":{"rendered":"\n<div class=\"row d-flex align-items-center\">\n<div class=\"col-md-6 col-lg-4 col-xl-3\">\n<figure class=\"wp-block-image\"><img decoding=\"async\" src=\"https:\/\/www.magnetenspecialist.nl\/wp-content\/uploads\/2019\/03\/Image-128.png\" alt=\"magneetjes\" class=\"aligncenter\"\/><\/figure><\/div>\n\n<div class=\"col-md-6 col-lg-8 col-xl-9\">\n<h2>Magnete vom Magnetspezialisten  <\/h2>\n<p>Was auch immer Sie an Magneten ben\u00f6tigen, der Magnetspezialist hat sie in seinem Sortiment. Erh\u00e4ltlich in vielen Formen, z. B. als Block-, Stab-, Kugel- und W\u00fcrfelmagnete. Sie sind aber auch als Ring-, Scheiben-, Topf- und Hakenmagnete erh\u00e4ltlich. Und alle diese Magnete sind mit unterschiedlicher Haftkraft erh\u00e4ltlich, so dass sie f\u00fcr jede Aufgabe verwendet werden k\u00f6nnen. Magnete vom Magnetspezialisten sind zu g\u00fcnstigen Preisen erh\u00e4ltlich.  <\/p>\n<\/div>\n<\/div>\n\n\n<h2 class=\"wp-block-heading\">Schnelle und sichere Online-Bestellung  <\/h2>\n\n<p>Die Magnete sind immer sicher und schnell online zu bestellen, 24 Stunden am Tag. Sie k\u00f6nnen auch zwischen verschiedenen Zahlungsm\u00f6glichkeiten w\u00e4hlen. Der Magnetspezialist bietet eine schnelle Lieferung in den Niederlanden und Belgien. Auch die Lieferung von gro\u00dfen Mengen ist kein Problem. Ob Sie Magnete oder Supermagnete ben\u00f6tigen, pers\u00f6nlicher Service und die Lieferung von Spitzenqualit\u00e4t, das ist der Magnet Spezialist.  <\/p>\n\n<div class=\"cta-banner\">\n    <h4>Siehe unsere kleinen Magnete<\/h4>\n    <a class=\"cta-banner-btn\" href=\"https:\/\/www.magnetenspecialist.nl\/winkel\/?orderby=price\" title=\"Bekijk onze kleine magneetjes\">Jetzt ansehen<\/a>\n<\/div>\n\n<h3 class=\"wp-block-heading\">Kleine starke Magnete<\/h3>\n\n<p>Auch unsere kleinen Magnete sind sehr leistungsstark. Da unsere Magnete von h\u00f6chster Qualit\u00e4t sind, haben selbst die kleinsten Magnete eine relativ hohe Tragf\u00e4higkeit. Sie werden daher vielseitig eingesetzt und finden h\u00e4ufig Verwendung im Modellbau, im Kunstbau und als kleines Baumaterial.  <\/p>\n\n<h3 class=\"wp-block-heading\">Brauchen Sie einen Rat? Der Magnetspezialist hilft.<\/h3>\n\n<p>Brauchen Sie eine Beratung, welcher Magnet am besten zu Ihren Bed\u00fcrfnissen passt?  <a href=\"https:\/\/www.magnetenspecialist.nl\/de\/kundendienst\/kontakt\/\">Dann kontaktieren Sie uns bitte.<\/a>  Dank unserer Erfahrung k\u00f6nnen wir Ihnen viel \u00fcber unsere Magnete und ihre verschiedenen Anwendungen erz\u00e4hlen. Auch wir sind immer wieder \u00fcberrascht, wie sehr unsere Kunden Magnete einsetzen.  <\/p>\n","protected":false},"excerpt":{"rendered":"<p>Magnete vom Magnetspezialisten Was auch immer Sie an Magneten ben\u00f6tigen, der Magnetspezialist hat sie in seinem Sortiment. Erh\u00e4ltlich in vielen Formen, z. B. als Block-, Stab-, Kugel- und W\u00fcrfelmagnete. Sie sind aber auch als Ring-, Scheiben-, Topf- und Hakenmagnete erh\u00e4ltlich. Und alle diese Magnete sind mit unterschiedlicher Haftkraft erh\u00e4ltlich, so dass sie f\u00fcr jede Aufgabe [&hellip;]<\/p>\n","protected":false},"author":1,"featured_media":0,"parent":0,"menu_order":0,"comment_status":"closed","ping_status":"closed","template":"template-full.php","meta":{"_acf_changed":false,"footnotes":""},"class_list":["post-107444","page","type-page","status-publish","hentry"],"acf":[],"yoast_head":"<!-- This site is optimized with the Yoast SEO Premium plugin v24.7 (Yoast SEO v24.7) - https:\/\/yoast.com\/wordpress\/plugins\/seo\/ -->\n<title>Magnete vom Magnetspezialisten Leistungsstarke Neodym-Magnete<\/title>\n<meta name=\"description\" content=\"Magnete online kaufen beim Magnetspezialisten. Wir liefern unsere Magnete schnell. Vor 16:00 Uhr bestellt? 1 Arbeitstag nach Ihrer Bestellung.\" \/>\n<meta name=\"robots\" content=\"index, follow, max-snippet:-1, max-image-preview:large, max-video-preview:-1\" \/>\n<link rel=\"canonical\" href=\"https:\/\/www.magnetenspecialist.nl\/de\/magnete\/\" \/>\n<meta property=\"og:locale\" content=\"de_DE\" \/>\n<meta property=\"og:type\" content=\"article\" \/>\n<meta property=\"og:title\" content=\"Magnete\" \/>\n<meta property=\"og:description\" content=\"Magnete online kaufen beim Magnetspezialisten. Wir liefern unsere Magnete schnell. Vor 16:00 Uhr bestellt? 1 Arbeitstag nach Ihrer Bestellung.\" \/>\n<meta property=\"og:url\" content=\"https:\/\/www.magnetenspecialist.nl\/de\/magnete\/\" \/>\n<meta property=\"og:site_name\" content=\"Magnetenspecialist.nl\" \/>\n<meta property=\"article:publisher\" content=\"https:\/\/www.facebook.com\/Magnetenspecialist.nl\" \/>\n<meta property=\"article:modified_time\" content=\"2022-02-04T11:13:54+00:00\" \/>\n<meta property=\"og:image\" content=\"https:\/\/www.magnetenspecialist.nl\/wp-content\/uploads\/2019\/03\/Image-128.png\" \/>\n<meta name=\"twitter:card\" content=\"summary_large_image\" \/>\n<meta name=\"twitter:site\" content=\"@magnetenspecial\" \/>\n<meta name=\"twitter:label1\" content=\"Gesch\u00e4tzte Lesezeit\" \/>\n\t<meta name=\"twitter:data1\" content=\"1\u00a0Minute\" \/>\n<script type=\"application\/ld+json\" class=\"yoast-schema-graph\">{\"@context\":\"https:\/\/schema.org\",\"@graph\":[{\"@type\":\"WebPage\",\"@id\":\"https:\/\/www.magnetenspecialist.nl\/de\/magnete\/\",\"url\":\"https:\/\/www.magnetenspecialist.nl\/de\/magnete\/\",\"name\":\"Magnete vom Magnetspezialisten Leistungsstarke Neodym-Magnete\",\"isPartOf\":{\"@id\":\"https:\/\/www.magnetenspecialist.nl\/de\/#website\"},\"primaryImageOfPage\":{\"@id\":\"https:\/\/www.magnetenspecialist.nl\/de\/magnete\/#primaryimage\"},\"image\":{\"@id\":\"https:\/\/www.magnetenspecialist.nl\/de\/magnete\/#primaryimage\"},\"thumbnailUrl\":\"https:\/\/www.magnetenspecialist.nl\/wp-content\/uploads\/2019\/03\/Image-128.png\",\"datePublished\":\"2019-03-12T15:09:29+00:00\",\"dateModified\":\"2022-02-04T11:13:54+00:00\",\"description\":\"Magnete online kaufen beim Magnetspezialisten. Wir liefern unsere Magnete schnell. Vor 16:00 Uhr bestellt? 1 Arbeitstag nach Ihrer Bestellung.\",\"breadcrumb\":{\"@id\":\"https:\/\/www.magnetenspecialist.nl\/de\/magnete\/#breadcrumb\"},\"inLanguage\":\"de\",\"potentialAction\":[{\"@type\":\"ReadAction\",\"target\":[\"https:\/\/www.magnetenspecialist.nl\/de\/magnete\/\"]}]},{\"@type\":\"ImageObject\",\"inLanguage\":\"de\",\"@id\":\"https:\/\/www.magnetenspecialist.nl\/de\/magnete\/#primaryimage\",\"url\":\"https:\/\/www.magnetenspecialist.nl\/wp-content\/uploads\/2019\/03\/Image-128.png\",\"contentUrl\":\"https:\/\/www.magnetenspecialist.nl\/wp-content\/uploads\/2019\/03\/Image-128.png\"},{\"@type\":\"BreadcrumbList\",\"@id\":\"https:\/\/www.magnetenspecialist.nl\/de\/magnete\/#breadcrumb\",\"itemListElement\":[{\"@type\":\"ListItem\",\"position\":1,\"name\":\"Startseite\",\"item\":\"https:\/\/www.magnetenspecialist.nl\/de\/\"},{\"@type\":\"ListItem\",\"position\":2,\"name\":\"Magnete\"}]},{\"@type\":\"WebSite\",\"@id\":\"https:\/\/www.magnetenspecialist.nl\/de\/#website\",\"url\":\"https:\/\/www.magnetenspecialist.nl\/de\/\",\"name\":\"Magnetenspecialist.nl\",\"description\":\"Umfangreiches Angebot an Neodym-Magneten\",\"publisher\":{\"@id\":\"https:\/\/www.magnetenspecialist.nl\/de\/#organization\"},\"potentialAction\":[{\"@type\":\"SearchAction\",\"target\":{\"@type\":\"EntryPoint\",\"urlTemplate\":\"https:\/\/www.magnetenspecialist.nl\/de\/?s={search_term_string}\"},\"query-input\":{\"@type\":\"PropertyValueSpecification\",\"valueRequired\":true,\"valueName\":\"search_term_string\"}}],\"inLanguage\":\"de\"},{\"@type\":\"Organization\",\"@id\":\"https:\/\/www.magnetenspecialist.nl\/de\/#organization\",\"name\":\"Magnetenspecialist.nl\",\"url\":\"https:\/\/www.magnetenspecialist.nl\/de\/\",\"logo\":{\"@type\":\"ImageObject\",\"inLanguage\":\"de\",\"@id\":\"https:\/\/www.magnetenspecialist.nl\/de\/#\/schema\/logo\/image\/\",\"url\":\"https:\/\/www.magnetenspecialist.nl\/wp-content\/uploads\/2018\/10\/magneten-logo.jpg\",\"contentUrl\":\"https:\/\/www.magnetenspecialist.nl\/wp-content\/uploads\/2018\/10\/magneten-logo.jpg\",\"width\":151,\"height\":151,\"caption\":\"Magnetenspecialist.nl\"},\"image\":{\"@id\":\"https:\/\/www.magnetenspecialist.nl\/de\/#\/schema\/logo\/image\/\"},\"sameAs\":[\"https:\/\/www.facebook.com\/Magnetenspecialist.nl\",\"https:\/\/x.com\/magnetenspecial\"]}]}<\/script>\n<!-- \/ Yoast SEO Premium plugin. -->","yoast_head_json":{"title":"Magnete vom Magnetspezialisten Leistungsstarke Neodym-Magnete","description":"Magnete online kaufen beim Magnetspezialisten. Wir liefern unsere Magnete schnell. Vor 16:00 Uhr bestellt? 1 Arbeitstag nach Ihrer Bestellung.","robots":{"index":"index","follow":"follow","max-snippet":"max-snippet:-1","max-image-preview":"max-image-preview:large","max-video-preview":"max-video-preview:-1"},"canonical":"https:\/\/www.magnetenspecialist.nl\/de\/magnete\/","og_locale":"de_DE","og_type":"article","og_title":"Magnete","og_description":"Magnete online kaufen beim Magnetspezialisten. Wir liefern unsere Magnete schnell. Vor 16:00 Uhr bestellt? 1 Arbeitstag nach Ihrer Bestellung.","og_url":"https:\/\/www.magnetenspecialist.nl\/de\/magnete\/","og_site_name":"Magnetenspecialist.nl","article_publisher":"https:\/\/www.facebook.com\/Magnetenspecialist.nl","article_modified_time":"2022-02-04T11:13:54+00:00","og_image":[{"url":"https:\/\/www.magnetenspecialist.nl\/wp-content\/uploads\/2019\/03\/Image-128.png","type":"","width":"","height":""}],"twitter_card":"summary_large_image","twitter_site":"@magnetenspecial","twitter_misc":{"Gesch\u00e4tzte Lesezeit":"1\u00a0Minute"},"schema":{"@context":"https:\/\/schema.org","@graph":[{"@type":"WebPage","@id":"https:\/\/www.magnetenspecialist.nl\/de\/magnete\/","url":"https:\/\/www.magnetenspecialist.nl\/de\/magnete\/","name":"Magnete vom Magnetspezialisten Leistungsstarke Neodym-Magnete","isPartOf":{"@id":"https:\/\/www.magnetenspecialist.nl\/de\/#website"},"primaryImageOfPage":{"@id":"https:\/\/www.magnetenspecialist.nl\/de\/magnete\/#primaryimage"},"image":{"@id":"https:\/\/www.magnetenspecialist.nl\/de\/magnete\/#primaryimage"},"thumbnailUrl":"https:\/\/www.magnetenspecialist.nl\/wp-content\/uploads\/2019\/03\/Image-128.png","datePublished":"2019-03-12T15:09:29+00:00","dateModified":"2022-02-04T11:13:54+00:00","description":"Magnete online kaufen beim Magnetspezialisten. Wir liefern unsere Magnete schnell. Vor 16:00 Uhr bestellt? 1 Arbeitstag nach Ihrer Bestellung.","breadcrumb":{"@id":"https:\/\/www.magnetenspecialist.nl\/de\/magnete\/#breadcrumb"},"inLanguage":"de","potentialAction":[{"@type":"ReadAction","target":["https:\/\/www.magnetenspecialist.nl\/de\/magnete\/"]}]},{"@type":"ImageObject","inLanguage":"de","@id":"https:\/\/www.magnetenspecialist.nl\/de\/magnete\/#primaryimage","url":"https:\/\/www.magnetenspecialist.nl\/wp-content\/uploads\/2019\/03\/Image-128.png","contentUrl":"https:\/\/www.magnetenspecialist.nl\/wp-content\/uploads\/2019\/03\/Image-128.png"},{"@type":"BreadcrumbList","@id":"https:\/\/www.magnetenspecialist.nl\/de\/magnete\/#breadcrumb","itemListElement":[{"@type":"ListItem","position":1,"name":"Startseite","item":"https:\/\/www.magnetenspecialist.nl\/de\/"},{"@type":"ListItem","position":2,"name":"Magnete"}]},{"@type":"WebSite","@id":"https:\/\/www.magnetenspecialist.nl\/de\/#website","url":"https:\/\/www.magnetenspecialist.nl\/de\/","name":"Magnetenspecialist.nl","description":"Umfangreiches Angebot an Neodym-Magneten","publisher":{"@id":"https:\/\/www.magnetenspecialist.nl\/de\/#organization"},"potentialAction":[{"@type":"SearchAction","target":{"@type":"EntryPoint","urlTemplate":"https:\/\/www.magnetenspecialist.nl\/de\/?s={search_term_string}"},"query-input":{"@type":"PropertyValueSpecification","valueRequired":true,"valueName":"search_term_string"}}],"inLanguage":"de"},{"@type":"Organization","@id":"https:\/\/www.magnetenspecialist.nl\/de\/#organization","name":"Magnetenspecialist.nl","url":"https:\/\/www.magnetenspecialist.nl\/de\/","logo":{"@type":"ImageObject","inLanguage":"de","@id":"https:\/\/www.magnetenspecialist.nl\/de\/#\/schema\/logo\/image\/","url":"https:\/\/www.magnetenspecialist.nl\/wp-content\/uploads\/2018\/10\/magneten-logo.jpg","contentUrl":"https:\/\/www.magnetenspecialist.nl\/wp-content\/uploads\/2018\/10\/magneten-logo.jpg","width":151,"height":151,"caption":"Magnetenspecialist.nl"},"image":{"@id":"https:\/\/www.magnetenspecialist.nl\/de\/#\/schema\/logo\/image\/"},"sameAs":["https:\/\/www.facebook.com\/Magnetenspecialist.nl","https:\/\/x.com\/magnetenspecial"]}]}},"_links":{"self":[{"href":"https:\/\/www.magnetenspecialist.nl\/de\/wp-json\/wp\/v2\/pages\/107444","targetHints":{"allow":["GET"]}}],"collection":[{"href":"https:\/\/www.magnetenspecialist.nl\/de\/wp-json\/wp\/v2\/pages"}],"about":[{"href":"https:\/\/www.magnetenspecialist.nl\/de\/wp-json\/wp\/v2\/types\/page"}],"author":[{"embeddable":true,"href":"https:\/\/www.magnetenspecialist.nl\/de\/wp-json\/wp\/v2\/users\/1"}],"replies":[{"embeddable":true,"href":"https:\/\/www.magnetenspecialist.nl\/de\/wp-json\/wp\/v2\/comments?post=107444"}],"version-history":[{"count":0,"href":"https:\/\/www.magnetenspecialist.nl\/de\/wp-json\/wp\/v2\/pages\/107444\/revisions"}],"wp:attachment":[{"href":"https:\/\/www.magnetenspecialist.nl\/de\/wp-json\/wp\/v2\/media?parent=107444"}],"curies":[{"name":"wp","href":"https:\/\/api.w.org\/{rel}","templated":true}]}}