{"id":107447,"date":"2019-03-12T15:52:09","date_gmt":"2019-03-12T14:52:09","guid":{"rendered":"https:\/\/www.magnetenspecialist.nl\/grosse-magnete\/"},"modified":"2022-02-04T12:13:46","modified_gmt":"2022-02-04T11:13:46","slug":"grosse-magnete","status":"publish","type":"page","link":"https:\/\/www.magnetenspecialist.nl\/de\/grosse-magnete\/","title":{"rendered":"Gro\u00dfe Magnete"},"content":{"rendered":"<div class=\"row d-flex align-items-center\">\n<div class=\"col-md-6 col-lg-4 col-xl-3\">\n<figure class=\"wp-block-image\"><img decoding=\"async\" src=\"https:\/\/www.magnetenspecialist.nl\/wp-content\/uploads\/2019\/03\/Image-72.png\" alt=\"Gro\u00dfe Magnete\" class=\"aligncenter\"\/><\/figure><\/div>\n\n<div class=\"col-md-6 col-lg-8 col-xl-9\">\n<h2>Gro\u00dfe Magnete in vielen Formen und Gr\u00f6\u00dfen erh\u00e4ltlich<\/h2>\n<p>De Magnetenspecialist, spezialisiert auf Neodym-Magnete, verkauft online Magnete in vielen Formen und Gr\u00f6\u00dfen. In Block-, Kugel-, Ring- oder Stabform, aber auch die praktischen Hakenmagnete sind erh\u00e4ltlich. Unser Sortiment ist mit unterschiedlicher Magnetisierung und Haftkraft erh\u00e4ltlich. Anwendbar f\u00fcr industrielle Zwecke, aber auch bequem f\u00fcr den Gebrauch zu Hause. Einfache Online-Bestellung beim Magnetspezialisten.<\/p>\n<\/div>\n<\/div><h2 class=\"wp-block-heading\">Magnete schnell und einfach online bestellen  <\/h2><p>Magnete k\u00f6nnen jetzt einfach online beim Magnetspezialisten bestellt werden. Sie k\u00f6nnen aus verschiedenen Zahlungsm\u00f6glichkeiten w\u00e4hlen und Ihre Bestellung wird schnell geliefert. Auch gro\u00dfe Zahlen sind f\u00fcr den Magnetspezialisten kein Problem. Gro\u00dfe Magnete in jeder Form und Gr\u00f6\u00dfe, bestellen Sie sie jetzt und der Magnetspezialist sorgt f\u00fcr eine schnelle Lieferung.  <\/p><div class=\"cta-banner\">\n    <h4>Finden Sie Ihren idealen gro\u00dfen Magneten<\/h4>\n    <a class=\"cta-banner-btn\" href=\"https:\/\/www.magnetenspecialist.nl\/winkel\/?orderby=price-desc\" title=\"Zoek uw ideale grote\">Jetzt ansehen<\/a>\n<\/div><h3 class=\"wp-block-heading\">Suchen Sie nach einem bestimmten Gro\u00dfmagneten?<\/h3><p>Dann werfen Sie einen Blick auf unser breites Angebot. Sie k\u00f6nnen nicht finden, was Sie suchen? Dann z\u00f6gern Sie nicht, uns zu <a href=\"https:\/\/www.magnetenspecialist.nl\/de\/kundendienst\/kontakt\/\">kontaktieren<\/a>. Wir k\u00f6nnen Ihnen oft bei der Suche nach bestimmten Magneten helfen. Wir k\u00f6nnen auch Produkte mit Ihren bevorzugten Spezifikationen f\u00fcr den industriellen Einsatz liefern.  <\/p><h3 class=\"wp-block-heading\">Der ausgewiesene Spezialist f\u00fcr Online-Magnete<\/h3><p>Mit unserem hohen Serviceniveau ist der Magnetspezialist die richtige Adresse, um Ihre Magnete online zu kaufen. Da wir unser gesamtes Sortiment auf Lager haben, k\u00f6nnen wir Ihre Bestellung immer schnell liefern. Je nachdem, zu welcher Tageszeit Sie Ihre Bestellung aufgeben, versenden wir oft noch am selben Tag. Wir halten Sie stets \u00fcber den Status Ihrer Bestellung auf dem Laufenden. So wissen Sie immer, wo Sie stehen. M\u00f6chten Sie mehr erfahren? Werfen Sie einen Blick in unseren <a href=\"https:\/\/www.magnetenspecialist.nl\/de\/kundendienst\/\">Kundendienstbereich <\/a>, vielleicht finden Sie dort die Antwort auf Ihre Fragen. Nat\u00fcrlich ist es auch kein Problem, mit uns Kontakt aufzunehmen.<\/p>","protected":false},"excerpt":{"rendered":"<p>Gro\u00dfe Magnete in vielen Formen und Gr\u00f6\u00dfen erh\u00e4ltlich De Magnetenspecialist, spezialisiert auf Neodym-Magnete, verkauft online Magnete in vielen Formen und Gr\u00f6\u00dfen. In Block-, Kugel-, Ring- oder Stabform, aber auch die praktischen Hakenmagnete sind erh\u00e4ltlich. Unser Sortiment ist mit unterschiedlicher Magnetisierung und Haftkraft erh\u00e4ltlich. Anwendbar f\u00fcr industrielle Zwecke, aber auch bequem f\u00fcr den Gebrauch zu Hause. [&hellip;]<\/p>\n","protected":false},"author":1,"featured_media":0,"parent":0,"menu_order":0,"comment_status":"closed","ping_status":"closed","template":"template-full.php","meta":{"_acf_changed":false,"footnotes":""},"class_list":["post-107447","page","type-page","status-publish","hentry"],"acf":[],"yoast_head":"<!-- This site is optimized with the Yoast SEO Premium plugin v24.7 (Yoast SEO v24.7) - https:\/\/yoast.com\/wordpress\/plugins\/seo\/ -->\n<title>Gro\u00dfe Magnete online kaufen beim Magnetspezialisten<\/title>\n<meta name=\"description\" content=\"Kaufen Sie Ihre gro\u00dfen Magnete online mit schneller Lieferung. Der Magnetspezialist steht Ihnen zur Verf\u00fcgung. Sie brauchen schnell einen gro\u00dfen Magneten? Jetzt bestellen!\" \/>\n<meta name=\"robots\" content=\"index, follow, max-snippet:-1, max-image-preview:large, max-video-preview:-1\" \/>\n<link rel=\"canonical\" href=\"https:\/\/www.magnetenspecialist.nl\/de\/grosse-magnete\/\" \/>\n<meta property=\"og:locale\" content=\"de_DE\" \/>\n<meta property=\"og:type\" content=\"article\" \/>\n<meta property=\"og:title\" content=\"Gro\u00dfe Magnete\" \/>\n<meta property=\"og:description\" content=\"Kaufen Sie Ihre gro\u00dfen Magnete online mit schneller Lieferung. Der Magnetspezialist steht Ihnen zur Verf\u00fcgung. Sie brauchen schnell einen gro\u00dfen Magneten? Jetzt bestellen!\" \/>\n<meta property=\"og:url\" content=\"https:\/\/www.magnetenspecialist.nl\/de\/grosse-magnete\/\" \/>\n<meta property=\"og:site_name\" content=\"Magnetenspecialist.nl\" \/>\n<meta property=\"article:publisher\" content=\"https:\/\/www.facebook.com\/Magnetenspecialist.nl\" \/>\n<meta property=\"article:modified_time\" content=\"2022-02-04T11:13:46+00:00\" \/>\n<meta property=\"og:image\" content=\"https:\/\/www.magnetenspecialist.nl\/wp-content\/uploads\/2019\/03\/Image-72.png\" \/>\n<meta name=\"twitter:card\" content=\"summary_large_image\" \/>\n<meta name=\"twitter:site\" content=\"@magnetenspecial\" \/>\n<meta name=\"twitter:label1\" content=\"Gesch\u00e4tzte Lesezeit\" \/>\n\t<meta name=\"twitter:data1\" content=\"2 Minuten\" \/>\n<script type=\"application\/ld+json\" class=\"yoast-schema-graph\">{\"@context\":\"https:\/\/schema.org\",\"@graph\":[{\"@type\":\"WebPage\",\"@id\":\"https:\/\/www.magnetenspecialist.nl\/de\/grosse-magnete\/\",\"url\":\"https:\/\/www.magnetenspecialist.nl\/de\/grosse-magnete\/\",\"name\":\"Gro\u00dfe Magnete online kaufen beim Magnetspezialisten\",\"isPartOf\":{\"@id\":\"https:\/\/www.magnetenspecialist.nl\/de\/#website\"},\"primaryImageOfPage\":{\"@id\":\"https:\/\/www.magnetenspecialist.nl\/de\/grosse-magnete\/#primaryimage\"},\"image\":{\"@id\":\"https:\/\/www.magnetenspecialist.nl\/de\/grosse-magnete\/#primaryimage\"},\"thumbnailUrl\":\"https:\/\/www.magnetenspecialist.nl\/wp-content\/uploads\/2019\/03\/Image-72.png\",\"datePublished\":\"2019-03-12T14:52:09+00:00\",\"dateModified\":\"2022-02-04T11:13:46+00:00\",\"description\":\"Kaufen Sie Ihre gro\u00dfen Magnete online mit schneller Lieferung. Der Magnetspezialist steht Ihnen zur Verf\u00fcgung. Sie brauchen schnell einen gro\u00dfen Magneten? Jetzt bestellen!\",\"breadcrumb\":{\"@id\":\"https:\/\/www.magnetenspecialist.nl\/de\/grosse-magnete\/#breadcrumb\"},\"inLanguage\":\"de-DE\",\"potentialAction\":[{\"@type\":\"ReadAction\",\"target\":[\"https:\/\/www.magnetenspecialist.nl\/de\/grosse-magnete\/\"]}]},{\"@type\":\"ImageObject\",\"inLanguage\":\"de-DE\",\"@id\":\"https:\/\/www.magnetenspecialist.nl\/de\/grosse-magnete\/#primaryimage\",\"url\":\"https:\/\/www.magnetenspecialist.nl\/wp-content\/uploads\/2019\/03\/Image-72.png\",\"contentUrl\":\"https:\/\/www.magnetenspecialist.nl\/wp-content\/uploads\/2019\/03\/Image-72.png\"},{\"@type\":\"BreadcrumbList\",\"@id\":\"https:\/\/www.magnetenspecialist.nl\/de\/grosse-magnete\/#breadcrumb\",\"itemListElement\":[{\"@type\":\"ListItem\",\"position\":1,\"name\":\"Startseite\",\"item\":\"https:\/\/www.magnetenspecialist.nl\/de\/\"},{\"@type\":\"ListItem\",\"position\":2,\"name\":\"Gro\u00dfe Magnete\"}]},{\"@type\":\"WebSite\",\"@id\":\"https:\/\/www.magnetenspecialist.nl\/de\/#website\",\"url\":\"https:\/\/www.magnetenspecialist.nl\/de\/\",\"name\":\"Magnetenspecialist.nl\",\"description\":\"Umfangreiches Angebot an Neodym-Magneten\",\"publisher\":{\"@id\":\"https:\/\/www.magnetenspecialist.nl\/de\/#organization\"},\"potentialAction\":[{\"@type\":\"SearchAction\",\"target\":{\"@type\":\"EntryPoint\",\"urlTemplate\":\"https:\/\/www.magnetenspecialist.nl\/de\/?s={search_term_string}\"},\"query-input\":{\"@type\":\"PropertyValueSpecification\",\"valueRequired\":true,\"valueName\":\"search_term_string\"}}],\"inLanguage\":\"de-DE\"},{\"@type\":\"Organization\",\"@id\":\"https:\/\/www.magnetenspecialist.nl\/de\/#organization\",\"name\":\"Magnetenspecialist.nl\",\"url\":\"https:\/\/www.magnetenspecialist.nl\/de\/\",\"logo\":{\"@type\":\"ImageObject\",\"inLanguage\":\"de-DE\",\"@id\":\"https:\/\/www.magnetenspecialist.nl\/de\/#\/schema\/logo\/image\/\",\"url\":\"https:\/\/www.magnetenspecialist.nl\/wp-content\/uploads\/2018\/10\/magneten-logo.jpg\",\"contentUrl\":\"https:\/\/www.magnetenspecialist.nl\/wp-content\/uploads\/2018\/10\/magneten-logo.jpg\",\"width\":151,\"height\":151,\"caption\":\"Magnetenspecialist.nl\"},\"image\":{\"@id\":\"https:\/\/www.magnetenspecialist.nl\/de\/#\/schema\/logo\/image\/\"},\"sameAs\":[\"https:\/\/www.facebook.com\/Magnetenspecialist.nl\",\"https:\/\/x.com\/magnetenspecial\"]}]}<\/script>\n<!-- \/ Yoast SEO Premium plugin. -->","yoast_head_json":{"title":"Gro\u00dfe Magnete online kaufen beim Magnetspezialisten","description":"Kaufen Sie Ihre gro\u00dfen Magnete online mit schneller Lieferung. Der Magnetspezialist steht Ihnen zur Verf\u00fcgung. Sie brauchen schnell einen gro\u00dfen Magneten? Jetzt bestellen!","robots":{"index":"index","follow":"follow","max-snippet":"max-snippet:-1","max-image-preview":"max-image-preview:large","max-video-preview":"max-video-preview:-1"},"canonical":"https:\/\/www.magnetenspecialist.nl\/de\/grosse-magnete\/","og_locale":"de_DE","og_type":"article","og_title":"Gro\u00dfe Magnete","og_description":"Kaufen Sie Ihre gro\u00dfen Magnete online mit schneller Lieferung. Der Magnetspezialist steht Ihnen zur Verf\u00fcgung. Sie brauchen schnell einen gro\u00dfen Magneten? Jetzt bestellen!","og_url":"https:\/\/www.magnetenspecialist.nl\/de\/grosse-magnete\/","og_site_name":"Magnetenspecialist.nl","article_publisher":"https:\/\/www.facebook.com\/Magnetenspecialist.nl","article_modified_time":"2022-02-04T11:13:46+00:00","og_image":[{"url":"https:\/\/www.magnetenspecialist.nl\/wp-content\/uploads\/2019\/03\/Image-72.png","type":"","width":"","height":""}],"twitter_card":"summary_large_image","twitter_site":"@magnetenspecial","twitter_misc":{"Gesch\u00e4tzte Lesezeit":"2 Minuten"},"schema":{"@context":"https:\/\/schema.org","@graph":[{"@type":"WebPage","@id":"https:\/\/www.magnetenspecialist.nl\/de\/grosse-magnete\/","url":"https:\/\/www.magnetenspecialist.nl\/de\/grosse-magnete\/","name":"Gro\u00dfe Magnete online kaufen beim Magnetspezialisten","isPartOf":{"@id":"https:\/\/www.magnetenspecialist.nl\/de\/#website"},"primaryImageOfPage":{"@id":"https:\/\/www.magnetenspecialist.nl\/de\/grosse-magnete\/#primaryimage"},"image":{"@id":"https:\/\/www.magnetenspecialist.nl\/de\/grosse-magnete\/#primaryimage"},"thumbnailUrl":"https:\/\/www.magnetenspecialist.nl\/wp-content\/uploads\/2019\/03\/Image-72.png","datePublished":"2019-03-12T14:52:09+00:00","dateModified":"2022-02-04T11:13:46+00:00","description":"Kaufen Sie Ihre gro\u00dfen Magnete online mit schneller Lieferung. Der Magnetspezialist steht Ihnen zur Verf\u00fcgung. Sie brauchen schnell einen gro\u00dfen Magneten? Jetzt bestellen!","breadcrumb":{"@id":"https:\/\/www.magnetenspecialist.nl\/de\/grosse-magnete\/#breadcrumb"},"inLanguage":"de-DE","potentialAction":[{"@type":"ReadAction","target":["https:\/\/www.magnetenspecialist.nl\/de\/grosse-magnete\/"]}]},{"@type":"ImageObject","inLanguage":"de-DE","@id":"https:\/\/www.magnetenspecialist.nl\/de\/grosse-magnete\/#primaryimage","url":"https:\/\/www.magnetenspecialist.nl\/wp-content\/uploads\/2019\/03\/Image-72.png","contentUrl":"https:\/\/www.magnetenspecialist.nl\/wp-content\/uploads\/2019\/03\/Image-72.png"},{"@type":"BreadcrumbList","@id":"https:\/\/www.magnetenspecialist.nl\/de\/grosse-magnete\/#breadcrumb","itemListElement":[{"@type":"ListItem","position":1,"name":"Startseite","item":"https:\/\/www.magnetenspecialist.nl\/de\/"},{"@type":"ListItem","position":2,"name":"Gro\u00dfe Magnete"}]},{"@type":"WebSite","@id":"https:\/\/www.magnetenspecialist.nl\/de\/#website","url":"https:\/\/www.magnetenspecialist.nl\/de\/","name":"Magnetenspecialist.nl","description":"Umfangreiches Angebot an Neodym-Magneten","publisher":{"@id":"https:\/\/www.magnetenspecialist.nl\/de\/#organization"},"potentialAction":[{"@type":"SearchAction","target":{"@type":"EntryPoint","urlTemplate":"https:\/\/www.magnetenspecialist.nl\/de\/?s={search_term_string}"},"query-input":{"@type":"PropertyValueSpecification","valueRequired":true,"valueName":"search_term_string"}}],"inLanguage":"de-DE"},{"@type":"Organization","@id":"https:\/\/www.magnetenspecialist.nl\/de\/#organization","name":"Magnetenspecialist.nl","url":"https:\/\/www.magnetenspecialist.nl\/de\/","logo":{"@type":"ImageObject","inLanguage":"de-DE","@id":"https:\/\/www.magnetenspecialist.nl\/de\/#\/schema\/logo\/image\/","url":"https:\/\/www.magnetenspecialist.nl\/wp-content\/uploads\/2018\/10\/magneten-logo.jpg","contentUrl":"https:\/\/www.magnetenspecialist.nl\/wp-content\/uploads\/2018\/10\/magneten-logo.jpg","width":151,"height":151,"caption":"Magnetenspecialist.nl"},"image":{"@id":"https:\/\/www.magnetenspecialist.nl\/de\/#\/schema\/logo\/image\/"},"sameAs":["https:\/\/www.facebook.com\/Magnetenspecialist.nl","https:\/\/x.com\/magnetenspecial"]}]}},"_links":{"self":[{"href":"https:\/\/www.magnetenspecialist.nl\/de\/wp-json\/wp\/v2\/pages\/107447"}],"collection":[{"href":"https:\/\/www.magnetenspecialist.nl\/de\/wp-json\/wp\/v2\/pages"}],"about":[{"href":"https:\/\/www.magnetenspecialist.nl\/de\/wp-json\/wp\/v2\/types\/page"}],"author":[{"embeddable":true,"href":"https:\/\/www.magnetenspecialist.nl\/de\/wp-json\/wp\/v2\/users\/1"}],"replies":[{"embeddable":true,"href":"https:\/\/www.magnetenspecialist.nl\/de\/wp-json\/wp\/v2\/comments?post=107447"}],"version-history":[{"count":0,"href":"https:\/\/www.magnetenspecialist.nl\/de\/wp-json\/wp\/v2\/pages\/107447\/revisions"}],"wp:attachment":[{"href":"https:\/\/www.magnetenspecialist.nl\/de\/wp-json\/wp\/v2\/media?parent=107447"}],"curies":[{"name":"wp","href":"https:\/\/api.w.org\/{rel}","templated":true}]}}