{"id":107458,"date":"2019-03-12T16:13:51","date_gmt":"2019-03-12T15:13:51","guid":{"rendered":"https:\/\/www.magnetenspecialist.nl\/runde-magnete\/"},"modified":"2022-02-04T12:13:55","modified_gmt":"2022-02-04T11:13:55","slug":"runde-magnete","status":"publish","type":"page","link":"https:\/\/www.magnetenspecialist.nl\/de\/runde-magnete\/","title":{"rendered":"Runde Magnete"},"content":{"rendered":"\n<div class=\"row d-flex align-items-center\">\n<div class=\"col-md-6 col-lg-4 col-xl-3\">\n<figure class=\"wp-block-image\"><img decoding=\"async\" src=\"https:\/\/www.magnetenspecialist.nl\/wp-content\/uploads\/2019\/03\/Image-58-300x300.png\" alt=\"ronde magneten\" class=\"aligncenter\"\/><\/figure><\/div>\n\n<div class=\"col-md-6 col-lg-8 col-xl-9\">\n<h2>Sie brauchen einen runden Magneten?<\/h2>\n<p>Der Magnetspezialist bietet runde Magnete in vielen verschiedenen Typen, Gr\u00f6\u00dfen, Ausf\u00fchrungen und Anwendungen an. Unsere Magnete sind von hervorragender Qualit\u00e4t. Es handelt sich um starke Neodym-Magnete, die ihre Haftkraft nicht verlieren. Hier finden Sie auch speziell entwickelte runde Magnete. Zum Beispiel mit Senkbohrung, Gewindestift, Gummih\u00fclle usw. Schauen Sie sich in unserem Shop um und finden Sie den Magneten, der Ihnen vorschwebt.<\/p>\n<\/div>\n<\/div>\n\n<h2 class=\"wp-block-heading\">Bestellen Sie runde Magnete online beim Magnetenspezialist  <\/h2>\n\n<p>Bestellen Sie runde Magnete einfach und schnell beim Magnetspezialisten. Sie haben eine gro\u00dfe Auswahl an Gr\u00f6\u00dfen und Haftkraft der Magnete. Wof\u00fcr auch immer Sie die Magnete verwenden wollen, Sie werden sie hier finden. Sie k\u00f6nnen jeden Tag in der Woche, 24 Stunden am Tag hierher kommen. Wenn Sie die runden Magnete vor 17.00 Uhr bestellt haben, werden sie am n\u00e4chsten Tag geliefert. Oder Sie k\u00f6nnen sie selbst abholen.  <\/p>\n\n<h2 class=\"wp-block-heading\">Magnete f\u00fcr Industrie, Bau und Gewerbe  <\/h2>\n\n<p>Die Magnete werden bei Magnetenspecialist unter anderem von Industrie, Baugewerbe und Handel bestellt, aber auch die Privatperson ist hier willkommen. Service, Spitzenqualit\u00e4t, Leidenschaft &#8211; das sind nur einige Merkmale des Magnetspezialisten. Der moderne, sichere und \u00fcbersichtliche Webshop ist auf dem neuesten Stand der Technik. Hier finden Sie alle Informationen \u00fcber den Magnetspezialisten und das Angebot an Magneten. F\u00fcr runde Magnete gibt es eine gro\u00dfe Auswahl, aber auch in anderen Formen ist ein gro\u00dfes Sortiment online verf\u00fcgbar.  <\/p>\n\n<div class=\"cta-banner\">\n    <h4>Finden Sie Ihren idealen runden Magneten<\/h4>\n    <a class=\"cta-banner-btn\" href=\"https:\/\/www.magnetenspecialist.nl\/winkel\/\" title=\"Zoek uw ideale ronde magneet\">Siehe unsere Magnete<\/a>\n<\/div>\n","protected":false},"excerpt":{"rendered":"<p>Sie brauchen einen runden Magneten? Der Magnetspezialist bietet runde Magnete in vielen verschiedenen Typen, Gr\u00f6\u00dfen, Ausf\u00fchrungen und Anwendungen an. Unsere Magnete sind von hervorragender Qualit\u00e4t. Es handelt sich um starke Neodym-Magnete, die ihre Haftkraft nicht verlieren. Hier finden Sie auch speziell entwickelte runde Magnete. Zum Beispiel mit Senkbohrung, Gewindestift, Gummih\u00fclle usw. Schauen Sie sich in [&hellip;]<\/p>\n","protected":false},"author":1,"featured_media":0,"parent":0,"menu_order":0,"comment_status":"closed","ping_status":"closed","template":"template-full.php","meta":{"_acf_changed":false,"footnotes":""},"class_list":["post-107458","page","type-page","status-publish","hentry"],"acf":[],"yoast_head":"<!-- This site is optimized with the Yoast SEO Premium plugin v24.7 (Yoast SEO v24.7) - https:\/\/yoast.com\/wordpress\/plugins\/seo\/ -->\n<title>Runde Magnete in vielen verschiedenen Designs | Magnet Spezialist<\/title>\n<meta name=\"description\" content=\"Sie k\u00f6nnen runde Magnete beim Magnetspezialisten kaufen. Wir haben eine gro\u00dfe Auswahl an runden Magneten in vielen verschiedenen Ausf\u00fchrungen.\" \/>\n<meta name=\"robots\" content=\"index, follow, max-snippet:-1, max-image-preview:large, max-video-preview:-1\" \/>\n<link rel=\"canonical\" href=\"https:\/\/www.magnetenspecialist.nl\/de\/runde-magnete\/\" \/>\n<meta property=\"og:locale\" content=\"de_DE\" \/>\n<meta property=\"og:type\" content=\"article\" \/>\n<meta property=\"og:title\" content=\"Runde Magnete\" \/>\n<meta property=\"og:description\" content=\"Sie k\u00f6nnen runde Magnete beim Magnetspezialisten kaufen. Wir haben eine gro\u00dfe Auswahl an runden Magneten in vielen verschiedenen Ausf\u00fchrungen.\" \/>\n<meta property=\"og:url\" content=\"https:\/\/www.magnetenspecialist.nl\/de\/runde-magnete\/\" \/>\n<meta property=\"og:site_name\" content=\"Magnetenspecialist.nl\" \/>\n<meta property=\"article:publisher\" content=\"https:\/\/www.facebook.com\/Magnetenspecialist.nl\" \/>\n<meta property=\"article:modified_time\" content=\"2022-02-04T11:13:55+00:00\" \/>\n<meta property=\"og:image\" content=\"https:\/\/www.magnetenspecialist.nl\/wp-content\/uploads\/2019\/03\/Image-58-300x300.png\" \/>\n<meta name=\"twitter:card\" content=\"summary_large_image\" \/>\n<meta name=\"twitter:site\" content=\"@magnetenspecial\" \/>\n<meta name=\"twitter:label1\" content=\"Gesch\u00e4tzte Lesezeit\" \/>\n\t<meta name=\"twitter:data1\" content=\"1\u00a0Minute\" \/>\n<script type=\"application\/ld+json\" class=\"yoast-schema-graph\">{\"@context\":\"https:\/\/schema.org\",\"@graph\":[{\"@type\":\"WebPage\",\"@id\":\"https:\/\/www.magnetenspecialist.nl\/de\/runde-magnete\/\",\"url\":\"https:\/\/www.magnetenspecialist.nl\/de\/runde-magnete\/\",\"name\":\"Runde Magnete in vielen verschiedenen Designs | Magnet Spezialist\",\"isPartOf\":{\"@id\":\"https:\/\/www.magnetenspecialist.nl\/de\/#website\"},\"primaryImageOfPage\":{\"@id\":\"https:\/\/www.magnetenspecialist.nl\/de\/runde-magnete\/#primaryimage\"},\"image\":{\"@id\":\"https:\/\/www.magnetenspecialist.nl\/de\/runde-magnete\/#primaryimage\"},\"thumbnailUrl\":\"https:\/\/www.magnetenspecialist.nl\/wp-content\/uploads\/2019\/03\/Image-58-300x300.png\",\"datePublished\":\"2019-03-12T15:13:51+00:00\",\"dateModified\":\"2022-02-04T11:13:55+00:00\",\"description\":\"Sie k\u00f6nnen runde Magnete beim Magnetspezialisten kaufen. Wir haben eine gro\u00dfe Auswahl an runden Magneten in vielen verschiedenen Ausf\u00fchrungen.\",\"breadcrumb\":{\"@id\":\"https:\/\/www.magnetenspecialist.nl\/de\/runde-magnete\/#breadcrumb\"},\"inLanguage\":\"de\",\"potentialAction\":[{\"@type\":\"ReadAction\",\"target\":[\"https:\/\/www.magnetenspecialist.nl\/de\/runde-magnete\/\"]}]},{\"@type\":\"ImageObject\",\"inLanguage\":\"de\",\"@id\":\"https:\/\/www.magnetenspecialist.nl\/de\/runde-magnete\/#primaryimage\",\"url\":\"https:\/\/www.magnetenspecialist.nl\/wp-content\/uploads\/2019\/03\/Image-58-300x300.png\",\"contentUrl\":\"https:\/\/www.magnetenspecialist.nl\/wp-content\/uploads\/2019\/03\/Image-58-300x300.png\"},{\"@type\":\"BreadcrumbList\",\"@id\":\"https:\/\/www.magnetenspecialist.nl\/de\/runde-magnete\/#breadcrumb\",\"itemListElement\":[{\"@type\":\"ListItem\",\"position\":1,\"name\":\"Startseite\",\"item\":\"https:\/\/www.magnetenspecialist.nl\/de\/\"},{\"@type\":\"ListItem\",\"position\":2,\"name\":\"Runde Magnete\"}]},{\"@type\":\"WebSite\",\"@id\":\"https:\/\/www.magnetenspecialist.nl\/de\/#website\",\"url\":\"https:\/\/www.magnetenspecialist.nl\/de\/\",\"name\":\"Magnetenspecialist.nl\",\"description\":\"Umfangreiches Angebot an Neodym-Magneten\",\"publisher\":{\"@id\":\"https:\/\/www.magnetenspecialist.nl\/de\/#organization\"},\"potentialAction\":[{\"@type\":\"SearchAction\",\"target\":{\"@type\":\"EntryPoint\",\"urlTemplate\":\"https:\/\/www.magnetenspecialist.nl\/de\/?s={search_term_string}\"},\"query-input\":{\"@type\":\"PropertyValueSpecification\",\"valueRequired\":true,\"valueName\":\"search_term_string\"}}],\"inLanguage\":\"de\"},{\"@type\":\"Organization\",\"@id\":\"https:\/\/www.magnetenspecialist.nl\/de\/#organization\",\"name\":\"Magnetenspecialist.nl\",\"url\":\"https:\/\/www.magnetenspecialist.nl\/de\/\",\"logo\":{\"@type\":\"ImageObject\",\"inLanguage\":\"de\",\"@id\":\"https:\/\/www.magnetenspecialist.nl\/de\/#\/schema\/logo\/image\/\",\"url\":\"https:\/\/www.magnetenspecialist.nl\/wp-content\/uploads\/2018\/10\/magneten-logo.jpg\",\"contentUrl\":\"https:\/\/www.magnetenspecialist.nl\/wp-content\/uploads\/2018\/10\/magneten-logo.jpg\",\"width\":151,\"height\":151,\"caption\":\"Magnetenspecialist.nl\"},\"image\":{\"@id\":\"https:\/\/www.magnetenspecialist.nl\/de\/#\/schema\/logo\/image\/\"},\"sameAs\":[\"https:\/\/www.facebook.com\/Magnetenspecialist.nl\",\"https:\/\/x.com\/magnetenspecial\"]}]}<\/script>\n<!-- \/ Yoast SEO Premium plugin. -->","yoast_head_json":{"title":"Runde Magnete in vielen verschiedenen Designs | Magnet Spezialist","description":"Sie k\u00f6nnen runde Magnete beim Magnetspezialisten kaufen. Wir haben eine gro\u00dfe Auswahl an runden Magneten in vielen verschiedenen Ausf\u00fchrungen.","robots":{"index":"index","follow":"follow","max-snippet":"max-snippet:-1","max-image-preview":"max-image-preview:large","max-video-preview":"max-video-preview:-1"},"canonical":"https:\/\/www.magnetenspecialist.nl\/de\/runde-magnete\/","og_locale":"de_DE","og_type":"article","og_title":"Runde Magnete","og_description":"Sie k\u00f6nnen runde Magnete beim Magnetspezialisten kaufen. Wir haben eine gro\u00dfe Auswahl an runden Magneten in vielen verschiedenen Ausf\u00fchrungen.","og_url":"https:\/\/www.magnetenspecialist.nl\/de\/runde-magnete\/","og_site_name":"Magnetenspecialist.nl","article_publisher":"https:\/\/www.facebook.com\/Magnetenspecialist.nl","article_modified_time":"2022-02-04T11:13:55+00:00","og_image":[{"url":"https:\/\/www.magnetenspecialist.nl\/wp-content\/uploads\/2019\/03\/Image-58-300x300.png","type":"","width":"","height":""}],"twitter_card":"summary_large_image","twitter_site":"@magnetenspecial","twitter_misc":{"Gesch\u00e4tzte Lesezeit":"1\u00a0Minute"},"schema":{"@context":"https:\/\/schema.org","@graph":[{"@type":"WebPage","@id":"https:\/\/www.magnetenspecialist.nl\/de\/runde-magnete\/","url":"https:\/\/www.magnetenspecialist.nl\/de\/runde-magnete\/","name":"Runde Magnete in vielen verschiedenen Designs | Magnet Spezialist","isPartOf":{"@id":"https:\/\/www.magnetenspecialist.nl\/de\/#website"},"primaryImageOfPage":{"@id":"https:\/\/www.magnetenspecialist.nl\/de\/runde-magnete\/#primaryimage"},"image":{"@id":"https:\/\/www.magnetenspecialist.nl\/de\/runde-magnete\/#primaryimage"},"thumbnailUrl":"https:\/\/www.magnetenspecialist.nl\/wp-content\/uploads\/2019\/03\/Image-58-300x300.png","datePublished":"2019-03-12T15:13:51+00:00","dateModified":"2022-02-04T11:13:55+00:00","description":"Sie k\u00f6nnen runde Magnete beim Magnetspezialisten kaufen. Wir haben eine gro\u00dfe Auswahl an runden Magneten in vielen verschiedenen Ausf\u00fchrungen.","breadcrumb":{"@id":"https:\/\/www.magnetenspecialist.nl\/de\/runde-magnete\/#breadcrumb"},"inLanguage":"de","potentialAction":[{"@type":"ReadAction","target":["https:\/\/www.magnetenspecialist.nl\/de\/runde-magnete\/"]}]},{"@type":"ImageObject","inLanguage":"de","@id":"https:\/\/www.magnetenspecialist.nl\/de\/runde-magnete\/#primaryimage","url":"https:\/\/www.magnetenspecialist.nl\/wp-content\/uploads\/2019\/03\/Image-58-300x300.png","contentUrl":"https:\/\/www.magnetenspecialist.nl\/wp-content\/uploads\/2019\/03\/Image-58-300x300.png"},{"@type":"BreadcrumbList","@id":"https:\/\/www.magnetenspecialist.nl\/de\/runde-magnete\/#breadcrumb","itemListElement":[{"@type":"ListItem","position":1,"name":"Startseite","item":"https:\/\/www.magnetenspecialist.nl\/de\/"},{"@type":"ListItem","position":2,"name":"Runde Magnete"}]},{"@type":"WebSite","@id":"https:\/\/www.magnetenspecialist.nl\/de\/#website","url":"https:\/\/www.magnetenspecialist.nl\/de\/","name":"Magnetenspecialist.nl","description":"Umfangreiches Angebot an Neodym-Magneten","publisher":{"@id":"https:\/\/www.magnetenspecialist.nl\/de\/#organization"},"potentialAction":[{"@type":"SearchAction","target":{"@type":"EntryPoint","urlTemplate":"https:\/\/www.magnetenspecialist.nl\/de\/?s={search_term_string}"},"query-input":{"@type":"PropertyValueSpecification","valueRequired":true,"valueName":"search_term_string"}}],"inLanguage":"de"},{"@type":"Organization","@id":"https:\/\/www.magnetenspecialist.nl\/de\/#organization","name":"Magnetenspecialist.nl","url":"https:\/\/www.magnetenspecialist.nl\/de\/","logo":{"@type":"ImageObject","inLanguage":"de","@id":"https:\/\/www.magnetenspecialist.nl\/de\/#\/schema\/logo\/image\/","url":"https:\/\/www.magnetenspecialist.nl\/wp-content\/uploads\/2018\/10\/magneten-logo.jpg","contentUrl":"https:\/\/www.magnetenspecialist.nl\/wp-content\/uploads\/2018\/10\/magneten-logo.jpg","width":151,"height":151,"caption":"Magnetenspecialist.nl"},"image":{"@id":"https:\/\/www.magnetenspecialist.nl\/de\/#\/schema\/logo\/image\/"},"sameAs":["https:\/\/www.facebook.com\/Magnetenspecialist.nl","https:\/\/x.com\/magnetenspecial"]}]}},"_links":{"self":[{"href":"https:\/\/www.magnetenspecialist.nl\/de\/wp-json\/wp\/v2\/pages\/107458","targetHints":{"allow":["GET"]}}],"collection":[{"href":"https:\/\/www.magnetenspecialist.nl\/de\/wp-json\/wp\/v2\/pages"}],"about":[{"href":"https:\/\/www.magnetenspecialist.nl\/de\/wp-json\/wp\/v2\/types\/page"}],"author":[{"embeddable":true,"href":"https:\/\/www.magnetenspecialist.nl\/de\/wp-json\/wp\/v2\/users\/1"}],"replies":[{"embeddable":true,"href":"https:\/\/www.magnetenspecialist.nl\/de\/wp-json\/wp\/v2\/comments?post=107458"}],"version-history":[{"count":0,"href":"https:\/\/www.magnetenspecialist.nl\/de\/wp-json\/wp\/v2\/pages\/107458\/revisions"}],"wp:attachment":[{"href":"https:\/\/www.magnetenspecialist.nl\/de\/wp-json\/wp\/v2\/media?parent=107458"}],"curies":[{"name":"wp","href":"https:\/\/api.w.org\/{rel}","templated":true}]}}