{"id":107467,"date":"2019-03-13T09:39:02","date_gmt":"2019-03-13T08:39:02","guid":{"rendered":"https:\/\/www.magnetenspecialist.nl\/magnet-laden\/"},"modified":"2022-02-04T12:14:00","modified_gmt":"2022-02-04T11:14:00","slug":"magnet-laden","status":"publish","type":"page","link":"https:\/\/www.magnetenspecialist.nl\/de\/magnet-laden\/","title":{"rendered":"Magnet Laden"},"content":{"rendered":"\n<div class=\"row d-flex align-items-center\">\n<div class=\"col-md-6 col-lg-4 col-xl-3\">\n<figure class=\"wp-block-image\"><img decoding=\"async\" src=\"https:\/\/www.magnetenspecialist.nl\/wp-content\/uploads\/2018\/12\/Logo-640x480.jpg\" alt=\"Magnet Laden\" class=\"aligncenter\"\/><\/figure><\/div>\n\n<div class=\"col-md-6 col-lg-8 col-xl-9\">\n<h2>Alle Arten von Magneten in 1 Webshop<\/h2>\n<p>Vom Magnetshop mit starken Magneten mit mehr als 500 kg Tragkraft bis hin zu den speziellsten Magneten f\u00fcr besondere Anwendungen finden Sie diese im Magnetshop. Bestellen Sie einfach in unserem Webshop und bezahlen Sie sicher online. Wir sorgen dann f\u00fcr eine schnelle Lieferung und, wenn n\u00f6tig, f\u00fcr den besten Service!<\/p>\n<\/div>\n<\/div>\n\n<h2 class=\"wp-block-heading\">Online-Magnetshop mit ausgezeichnetem Service.  <\/h2>\n\n<p>Magnete sind Spezialprodukte. Der Magnetspezialist tr\u00e4gt seinen Namen nicht umsonst, wir wissen alles \u00fcber Magnete und k\u00f6nnen Sie bei Bedarf fundiert beraten. Wenn Sie eine Bestellung aufgeben, k\u00f6nnen Sie w\u00e4hlen, ob Sie sie selbst abholen oder geliefert bekommen m\u00f6chten. Wenn Sie an einem Werktag vor 16 Uhr bestellen und mit IDEAL bezahlen, wird Ihre Bestellung in der Regel noch am selben Tag versandt. Der Kundendienst ist bereit, alle Fragen schnell zu beantworten und ehrliche Ratschl\u00e4ge zu geben.  <\/p>\n\n<p>F\u00fcr Bestellungen \u00fcber 100 \u20ac berechnen wir keine Lieferkosten. Auch die Bestellung gro\u00dfer Mengen von Magneten ist bei dem Magnetspezialisten m\u00f6glich. Haben Sie noch Fragen? Dann wenden Sie sich bitte an unseren Kundendienst, der alle Ihre Fragen schnell beantworten und Sie ehrlich beraten wird.  <\/p>\n\n<div class=\"cta-banner\">\n    <h4>Pr\u00fcfen Sie unser komplettes Angebot im Online-Magnetshop<\/h4>\n    <a class=\"cta-banner-btn\" href=\"https:\/\/www.magnetenspecialist.nl\/winkel\/\" title=\"Bekijk ons complete aanbod\">Jetzt ansehen<\/a>\n<\/div>\n","protected":false},"excerpt":{"rendered":"<p>Alle Arten von Magneten in 1 Webshop Vom Magnetshop mit starken Magneten mit mehr als 500 kg Tragkraft bis hin zu den speziellsten Magneten f\u00fcr besondere Anwendungen finden Sie diese im Magnetshop. Bestellen Sie einfach in unserem Webshop und bezahlen Sie sicher online. Wir sorgen dann f\u00fcr eine schnelle Lieferung und, wenn n\u00f6tig, f\u00fcr den [&hellip;]<\/p>\n","protected":false},"author":1,"featured_media":0,"parent":0,"menu_order":0,"comment_status":"closed","ping_status":"closed","template":"template-full.php","meta":{"_acf_changed":false,"footnotes":""},"class_list":["post-107467","page","type-page","status-publish","hentry"],"acf":[],"yoast_head":"<!-- This site is optimized with the Yoast SEO Premium plugin v24.7 (Yoast SEO v24.7) - https:\/\/yoast.com\/wordpress\/plugins\/seo\/ -->\n<title>Magnet Shop | Magnet Spezialist | Der komplette Online Magnet Shop<\/title>\n<meta name=\"description\" content=\"Der Magnetshop von Magnetenspecialist.nl bietet eine gro\u00dfe Auswahl an Neodym-Magneten. Schauen Sie sich um, wir haben wahrscheinlich den Magneten, den Sie suchen\" \/>\n<meta name=\"robots\" content=\"index, follow, max-snippet:-1, max-image-preview:large, max-video-preview:-1\" \/>\n<link rel=\"canonical\" href=\"https:\/\/www.magnetenspecialist.nl\/de\/magnet-laden\/\" \/>\n<meta property=\"og:locale\" content=\"de_DE\" \/>\n<meta property=\"og:type\" content=\"article\" \/>\n<meta property=\"og:title\" content=\"Magnet Laden\" \/>\n<meta property=\"og:description\" content=\"Der Magnetshop von Magnetenspecialist.nl bietet eine gro\u00dfe Auswahl an Neodym-Magneten. Schauen Sie sich um, wir haben wahrscheinlich den Magneten, den Sie suchen\" \/>\n<meta property=\"og:url\" content=\"https:\/\/www.magnetenspecialist.nl\/de\/magnet-laden\/\" \/>\n<meta property=\"og:site_name\" content=\"Magnetenspecialist.nl\" \/>\n<meta property=\"article:publisher\" content=\"https:\/\/www.facebook.com\/Magnetenspecialist.nl\" \/>\n<meta property=\"article:modified_time\" content=\"2022-02-04T11:14:00+00:00\" \/>\n<meta property=\"og:image\" content=\"https:\/\/www.magnetenspecialist.nl\/wp-content\/uploads\/2018\/12\/Logo-640x480.jpg\" \/>\n<meta name=\"twitter:card\" content=\"summary_large_image\" \/>\n<meta name=\"twitter:site\" content=\"@magnetenspecial\" \/>\n<meta name=\"twitter:label1\" content=\"Gesch\u00e4tzte Lesezeit\" \/>\n\t<meta name=\"twitter:data1\" content=\"1\u00a0Minute\" \/>\n<script type=\"application\/ld+json\" class=\"yoast-schema-graph\">{\"@context\":\"https:\/\/schema.org\",\"@graph\":[{\"@type\":\"WebPage\",\"@id\":\"https:\/\/www.magnetenspecialist.nl\/de\/magnet-laden\/\",\"url\":\"https:\/\/www.magnetenspecialist.nl\/de\/magnet-laden\/\",\"name\":\"Magnet Shop | Magnet Spezialist | Der komplette Online Magnet Shop\",\"isPartOf\":{\"@id\":\"https:\/\/www.magnetenspecialist.nl\/de\/#website\"},\"primaryImageOfPage\":{\"@id\":\"https:\/\/www.magnetenspecialist.nl\/de\/magnet-laden\/#primaryimage\"},\"image\":{\"@id\":\"https:\/\/www.magnetenspecialist.nl\/de\/magnet-laden\/#primaryimage\"},\"thumbnailUrl\":\"https:\/\/www.magnetenspecialist.nl\/wp-content\/uploads\/2018\/12\/Logo-640x480.jpg\",\"datePublished\":\"2019-03-13T08:39:02+00:00\",\"dateModified\":\"2022-02-04T11:14:00+00:00\",\"description\":\"Der Magnetshop von Magnetenspecialist.nl bietet eine gro\u00dfe Auswahl an Neodym-Magneten. Schauen Sie sich um, wir haben wahrscheinlich den Magneten, den Sie suchen\",\"breadcrumb\":{\"@id\":\"https:\/\/www.magnetenspecialist.nl\/de\/magnet-laden\/#breadcrumb\"},\"inLanguage\":\"de\",\"potentialAction\":[{\"@type\":\"ReadAction\",\"target\":[\"https:\/\/www.magnetenspecialist.nl\/de\/magnet-laden\/\"]}]},{\"@type\":\"ImageObject\",\"inLanguage\":\"de\",\"@id\":\"https:\/\/www.magnetenspecialist.nl\/de\/magnet-laden\/#primaryimage\",\"url\":\"https:\/\/www.magnetenspecialist.nl\/wp-content\/uploads\/2018\/12\/Logo-640x480.jpg\",\"contentUrl\":\"https:\/\/www.magnetenspecialist.nl\/wp-content\/uploads\/2018\/12\/Logo-640x480.jpg\"},{\"@type\":\"BreadcrumbList\",\"@id\":\"https:\/\/www.magnetenspecialist.nl\/de\/magnet-laden\/#breadcrumb\",\"itemListElement\":[{\"@type\":\"ListItem\",\"position\":1,\"name\":\"Startseite\",\"item\":\"https:\/\/www.magnetenspecialist.nl\/de\/\"},{\"@type\":\"ListItem\",\"position\":2,\"name\":\"Magnet Laden\"}]},{\"@type\":\"WebSite\",\"@id\":\"https:\/\/www.magnetenspecialist.nl\/de\/#website\",\"url\":\"https:\/\/www.magnetenspecialist.nl\/de\/\",\"name\":\"Magnetenspecialist.nl\",\"description\":\"Umfangreiches Angebot an Neodym-Magneten\",\"publisher\":{\"@id\":\"https:\/\/www.magnetenspecialist.nl\/de\/#organization\"},\"potentialAction\":[{\"@type\":\"SearchAction\",\"target\":{\"@type\":\"EntryPoint\",\"urlTemplate\":\"https:\/\/www.magnetenspecialist.nl\/de\/?s={search_term_string}\"},\"query-input\":{\"@type\":\"PropertyValueSpecification\",\"valueRequired\":true,\"valueName\":\"search_term_string\"}}],\"inLanguage\":\"de\"},{\"@type\":\"Organization\",\"@id\":\"https:\/\/www.magnetenspecialist.nl\/de\/#organization\",\"name\":\"Magnetenspecialist.nl\",\"url\":\"https:\/\/www.magnetenspecialist.nl\/de\/\",\"logo\":{\"@type\":\"ImageObject\",\"inLanguage\":\"de\",\"@id\":\"https:\/\/www.magnetenspecialist.nl\/de\/#\/schema\/logo\/image\/\",\"url\":\"https:\/\/www.magnetenspecialist.nl\/wp-content\/uploads\/2018\/10\/magneten-logo.jpg\",\"contentUrl\":\"https:\/\/www.magnetenspecialist.nl\/wp-content\/uploads\/2018\/10\/magneten-logo.jpg\",\"width\":151,\"height\":151,\"caption\":\"Magnetenspecialist.nl\"},\"image\":{\"@id\":\"https:\/\/www.magnetenspecialist.nl\/de\/#\/schema\/logo\/image\/\"},\"sameAs\":[\"https:\/\/www.facebook.com\/Magnetenspecialist.nl\",\"https:\/\/x.com\/magnetenspecial\"]}]}<\/script>\n<!-- \/ Yoast SEO Premium plugin. -->","yoast_head_json":{"title":"Magnet Shop | Magnet Spezialist | Der komplette Online Magnet Shop","description":"Der Magnetshop von Magnetenspecialist.nl bietet eine gro\u00dfe Auswahl an Neodym-Magneten. Schauen Sie sich um, wir haben wahrscheinlich den Magneten, den Sie suchen","robots":{"index":"index","follow":"follow","max-snippet":"max-snippet:-1","max-image-preview":"max-image-preview:large","max-video-preview":"max-video-preview:-1"},"canonical":"https:\/\/www.magnetenspecialist.nl\/de\/magnet-laden\/","og_locale":"de_DE","og_type":"article","og_title":"Magnet Laden","og_description":"Der Magnetshop von Magnetenspecialist.nl bietet eine gro\u00dfe Auswahl an Neodym-Magneten. Schauen Sie sich um, wir haben wahrscheinlich den Magneten, den Sie suchen","og_url":"https:\/\/www.magnetenspecialist.nl\/de\/magnet-laden\/","og_site_name":"Magnetenspecialist.nl","article_publisher":"https:\/\/www.facebook.com\/Magnetenspecialist.nl","article_modified_time":"2022-02-04T11:14:00+00:00","og_image":[{"url":"https:\/\/www.magnetenspecialist.nl\/wp-content\/uploads\/2018\/12\/Logo-640x480.jpg","type":"","width":"","height":""}],"twitter_card":"summary_large_image","twitter_site":"@magnetenspecial","twitter_misc":{"Gesch\u00e4tzte Lesezeit":"1\u00a0Minute"},"schema":{"@context":"https:\/\/schema.org","@graph":[{"@type":"WebPage","@id":"https:\/\/www.magnetenspecialist.nl\/de\/magnet-laden\/","url":"https:\/\/www.magnetenspecialist.nl\/de\/magnet-laden\/","name":"Magnet Shop | Magnet Spezialist | Der komplette Online Magnet Shop","isPartOf":{"@id":"https:\/\/www.magnetenspecialist.nl\/de\/#website"},"primaryImageOfPage":{"@id":"https:\/\/www.magnetenspecialist.nl\/de\/magnet-laden\/#primaryimage"},"image":{"@id":"https:\/\/www.magnetenspecialist.nl\/de\/magnet-laden\/#primaryimage"},"thumbnailUrl":"https:\/\/www.magnetenspecialist.nl\/wp-content\/uploads\/2018\/12\/Logo-640x480.jpg","datePublished":"2019-03-13T08:39:02+00:00","dateModified":"2022-02-04T11:14:00+00:00","description":"Der Magnetshop von Magnetenspecialist.nl bietet eine gro\u00dfe Auswahl an Neodym-Magneten. Schauen Sie sich um, wir haben wahrscheinlich den Magneten, den Sie suchen","breadcrumb":{"@id":"https:\/\/www.magnetenspecialist.nl\/de\/magnet-laden\/#breadcrumb"},"inLanguage":"de","potentialAction":[{"@type":"ReadAction","target":["https:\/\/www.magnetenspecialist.nl\/de\/magnet-laden\/"]}]},{"@type":"ImageObject","inLanguage":"de","@id":"https:\/\/www.magnetenspecialist.nl\/de\/magnet-laden\/#primaryimage","url":"https:\/\/www.magnetenspecialist.nl\/wp-content\/uploads\/2018\/12\/Logo-640x480.jpg","contentUrl":"https:\/\/www.magnetenspecialist.nl\/wp-content\/uploads\/2018\/12\/Logo-640x480.jpg"},{"@type":"BreadcrumbList","@id":"https:\/\/www.magnetenspecialist.nl\/de\/magnet-laden\/#breadcrumb","itemListElement":[{"@type":"ListItem","position":1,"name":"Startseite","item":"https:\/\/www.magnetenspecialist.nl\/de\/"},{"@type":"ListItem","position":2,"name":"Magnet Laden"}]},{"@type":"WebSite","@id":"https:\/\/www.magnetenspecialist.nl\/de\/#website","url":"https:\/\/www.magnetenspecialist.nl\/de\/","name":"Magnetenspecialist.nl","description":"Umfangreiches Angebot an Neodym-Magneten","publisher":{"@id":"https:\/\/www.magnetenspecialist.nl\/de\/#organization"},"potentialAction":[{"@type":"SearchAction","target":{"@type":"EntryPoint","urlTemplate":"https:\/\/www.magnetenspecialist.nl\/de\/?s={search_term_string}"},"query-input":{"@type":"PropertyValueSpecification","valueRequired":true,"valueName":"search_term_string"}}],"inLanguage":"de"},{"@type":"Organization","@id":"https:\/\/www.magnetenspecialist.nl\/de\/#organization","name":"Magnetenspecialist.nl","url":"https:\/\/www.magnetenspecialist.nl\/de\/","logo":{"@type":"ImageObject","inLanguage":"de","@id":"https:\/\/www.magnetenspecialist.nl\/de\/#\/schema\/logo\/image\/","url":"https:\/\/www.magnetenspecialist.nl\/wp-content\/uploads\/2018\/10\/magneten-logo.jpg","contentUrl":"https:\/\/www.magnetenspecialist.nl\/wp-content\/uploads\/2018\/10\/magneten-logo.jpg","width":151,"height":151,"caption":"Magnetenspecialist.nl"},"image":{"@id":"https:\/\/www.magnetenspecialist.nl\/de\/#\/schema\/logo\/image\/"},"sameAs":["https:\/\/www.facebook.com\/Magnetenspecialist.nl","https:\/\/x.com\/magnetenspecial"]}]}},"_links":{"self":[{"href":"https:\/\/www.magnetenspecialist.nl\/de\/wp-json\/wp\/v2\/pages\/107467","targetHints":{"allow":["GET"]}}],"collection":[{"href":"https:\/\/www.magnetenspecialist.nl\/de\/wp-json\/wp\/v2\/pages"}],"about":[{"href":"https:\/\/www.magnetenspecialist.nl\/de\/wp-json\/wp\/v2\/types\/page"}],"author":[{"embeddable":true,"href":"https:\/\/www.magnetenspecialist.nl\/de\/wp-json\/wp\/v2\/users\/1"}],"replies":[{"embeddable":true,"href":"https:\/\/www.magnetenspecialist.nl\/de\/wp-json\/wp\/v2\/comments?post=107467"}],"version-history":[{"count":0,"href":"https:\/\/www.magnetenspecialist.nl\/de\/wp-json\/wp\/v2\/pages\/107467\/revisions"}],"wp:attachment":[{"href":"https:\/\/www.magnetenspecialist.nl\/de\/wp-json\/wp\/v2\/media?parent=107467"}],"curies":[{"name":"wp","href":"https:\/\/api.w.org\/{rel}","templated":true}]}}