{"id":107471,"date":"2019-03-12T16:20:19","date_gmt":"2019-03-12T15:20:19","guid":{"rendered":"https:\/\/www.magnetenspecialist.nl\/stabmagnete\/"},"modified":"2022-02-04T12:13:57","modified_gmt":"2022-02-04T11:13:57","slug":"stabmagnete","status":"publish","type":"page","link":"https:\/\/www.magnetenspecialist.nl\/de\/stabmagnete\/","title":{"rendered":"Stabmagnete"},"content":{"rendered":"\n<div class=\"row d-flex align-items-center\">\n<div class=\"col-md-6 col-lg-4 col-xl-3\">\n<figure class=\"wp-block-image\"><img decoding=\"async\" src=\"https:\/\/www.magnetenspecialist.nl\/wp-content\/uploads\/2019\/03\/Image-103.png\" alt=\"Stabmagnete\" class=\"aligncenter\"\/><\/figure><\/div>\n\n<div class=\"col-md-6 col-lg-8 col-xl-9\">\n<h2>Stabmagnete vom Magnetspezialisten<\/h2>\n<p>Die Stabmagnete, die der Magnetspezialist in seinem Sortiment hat, k\u00f6nnen 24 Stunden am Tag, 7 Tage die Woche online bestellt werden. Es gibt eine gro\u00dfe Auswahl an Haltekraft und Gr\u00f6\u00dfe. Gro\u00dfe St\u00fcckzahlen sind kein Problem, der Magnetspezialist hat bereits mehr als 10.000 Kunden bedienen k\u00f6nnen, die auch regelm\u00e4\u00dfig eine weitere Bestellung aufgeben. Brauchen Sie Stabmagnete? Bestellen Sie sie einfach und schnell beim Magnetspezialisten.  <\/p>\n<\/div>\n<\/div>\n\n<h2 class=\"wp-block-heading\">Hochwertige Magnete mit gutem Service  <\/h2>\n\n<p>Die Stabmagnete, die der Magnetspezialist in seinem Sortiment hat, sind alle von hoher Qualit\u00e4t. Service, Spitzenqualit\u00e4t, Leidenschaft, das sind einige der Merkmale dieses Unternehmens. Wir liefern an Industrie, Baugewerbe und Handel, aber auch an Privatpersonen. Ob Sie eine kleine oder eine gro\u00dfe Anzahl von Stabmagneten ben\u00f6tigen, Magnetenspecialist sorgt f\u00fcr eine superschnelle Lieferung in den Niederlanden und Belgien.  <\/p>\n\n<div class=\"cta-banner\">\n    <h4>Stabmagnete &#8211; Sehen Sie sich hier das komplette Sortiment an<\/h4>\n    <a class=\"cta-banner-btn\" href=\"https:\/\/www.magnetenspecialist.nl\/de\/produktkategorien\/stabmagnete\/\" title=\"Staafmagneten - Bekijk hier het complete assortiment\">Jetzt ansehen<\/a>\n<\/div>\n\n<h2 class=\"wp-block-heading\">Anwendungen von Stabmagneten  <\/h2>\n\n<p>Stabmagnete werden, wie alle anderen Magnete auch, f\u00fcr viele verschiedene Zwecke verwendet. Verwenden Sie zum Beispiel einen langen Stabmagneten, um w\u00e4hrend der Arbeit alles Metallische aufzufangen und zu sammeln. Dazu geh\u00f6ren Schrauben, N\u00e4gel, Bolzen, Muttern, Feilsp\u00e4ne usw. Oder verwenden Sie Stabmagnete in Kombination mit z. B. Kugelmagneten, um Scharniere\/Gelenke f\u00fcr Modelle und Skulpturen herzustellen.<\/p>\n\n<h3 class=\"wp-block-heading\">Magnetst\u00e4be pro St\u00fcck oder als Sch\u00fcttgut<\/h3>\n\n<p>Bei Magnetenspecialist.nl k\u00f6nnen Sie Magnetst\u00e4be einzeln oder in gro\u00dfen Mengen kaufen. Gro\u00dfe Mengen sind f\u00fcr uns kein Problem. De Magnetenspecialist hat Erfahrung in der Lieferung von Bulkware an die Industrie und andere Fachleute. Sie k\u00f6nnen <a href=\"https:\/\/www.magnetenspecialist.nl\/de\/kundendienst\/\">uns<\/a> auch f\u00fcr Sonderw\u00fcnsche kontaktieren. Wir wissen und liefern alles, wenn es um Magnete geht. Schlie\u00dflich sind wir der Magnetspezialist.<\/p>\n","protected":false},"excerpt":{"rendered":"<p>Stabmagnete vom Magnetspezialisten Die Stabmagnete, die der Magnetspezialist in seinem Sortiment hat, k\u00f6nnen 24 Stunden am Tag, 7 Tage die Woche online bestellt werden. Es gibt eine gro\u00dfe Auswahl an Haltekraft und Gr\u00f6\u00dfe. Gro\u00dfe St\u00fcckzahlen sind kein Problem, der Magnetspezialist hat bereits mehr als 10.000 Kunden bedienen k\u00f6nnen, die auch regelm\u00e4\u00dfig eine weitere Bestellung aufgeben. [&hellip;]<\/p>\n","protected":false},"author":1,"featured_media":0,"parent":0,"menu_order":0,"comment_status":"closed","ping_status":"closed","template":"template-full.php","meta":{"_acf_changed":false,"footnotes":""},"class_list":["post-107471","page","type-page","status-publish","hentry"],"acf":[],"yoast_head":"<!-- This site is optimized with the Yoast SEO Premium plugin v24.7 (Yoast SEO v24.7) - https:\/\/yoast.com\/wordpress\/plugins\/seo\/ -->\n<title>Stabmagnete online kaufen bei Magnetenspecialist.nl<\/title>\n<meta name=\"description\" content=\"Stabmagnete in vielen verschiedenen Arten und Gr\u00f6\u00dfen. Starke Neodym-Stabmagnete k\u00f6nnen preiswert online bei magnetenspecialist.nl gekauft werden.\" \/>\n<meta name=\"robots\" content=\"index, follow, max-snippet:-1, max-image-preview:large, max-video-preview:-1\" \/>\n<link rel=\"canonical\" href=\"https:\/\/www.magnetenspecialist.nl\/de\/stabmagnete\/\" \/>\n<meta property=\"og:locale\" content=\"de_DE\" \/>\n<meta property=\"og:type\" content=\"article\" \/>\n<meta property=\"og:title\" content=\"Stabmagnete\" \/>\n<meta property=\"og:description\" content=\"Stabmagnete in vielen verschiedenen Arten und Gr\u00f6\u00dfen. Starke Neodym-Stabmagnete k\u00f6nnen preiswert online bei magnetenspecialist.nl gekauft werden.\" \/>\n<meta property=\"og:url\" content=\"https:\/\/www.magnetenspecialist.nl\/de\/stabmagnete\/\" \/>\n<meta property=\"og:site_name\" content=\"Magnetenspecialist.nl\" \/>\n<meta property=\"article:publisher\" content=\"https:\/\/www.facebook.com\/Magnetenspecialist.nl\" \/>\n<meta property=\"article:modified_time\" content=\"2022-02-04T11:13:57+00:00\" \/>\n<meta property=\"og:image\" content=\"https:\/\/www.magnetenspecialist.nl\/wp-content\/uploads\/2019\/03\/Image-103.png\" \/>\n<meta name=\"twitter:card\" content=\"summary_large_image\" \/>\n<meta name=\"twitter:site\" content=\"@magnetenspecial\" \/>\n<meta name=\"twitter:label1\" content=\"Gesch\u00e4tzte Lesezeit\" \/>\n\t<meta name=\"twitter:data1\" content=\"1\u00a0Minute\" \/>\n<script type=\"application\/ld+json\" class=\"yoast-schema-graph\">{\"@context\":\"https:\/\/schema.org\",\"@graph\":[{\"@type\":\"WebPage\",\"@id\":\"https:\/\/www.magnetenspecialist.nl\/de\/stabmagnete\/\",\"url\":\"https:\/\/www.magnetenspecialist.nl\/de\/stabmagnete\/\",\"name\":\"Stabmagnete online kaufen bei Magnetenspecialist.nl\",\"isPartOf\":{\"@id\":\"https:\/\/www.magnetenspecialist.nl\/de\/#website\"},\"primaryImageOfPage\":{\"@id\":\"https:\/\/www.magnetenspecialist.nl\/de\/stabmagnete\/#primaryimage\"},\"image\":{\"@id\":\"https:\/\/www.magnetenspecialist.nl\/de\/stabmagnete\/#primaryimage\"},\"thumbnailUrl\":\"https:\/\/www.magnetenspecialist.nl\/wp-content\/uploads\/2019\/03\/Image-103.png\",\"datePublished\":\"2019-03-12T15:20:19+00:00\",\"dateModified\":\"2022-02-04T11:13:57+00:00\",\"description\":\"Stabmagnete in vielen verschiedenen Arten und Gr\u00f6\u00dfen. Starke Neodym-Stabmagnete k\u00f6nnen preiswert online bei magnetenspecialist.nl gekauft werden.\",\"breadcrumb\":{\"@id\":\"https:\/\/www.magnetenspecialist.nl\/de\/stabmagnete\/#breadcrumb\"},\"inLanguage\":\"de\",\"potentialAction\":[{\"@type\":\"ReadAction\",\"target\":[\"https:\/\/www.magnetenspecialist.nl\/de\/stabmagnete\/\"]}]},{\"@type\":\"ImageObject\",\"inLanguage\":\"de\",\"@id\":\"https:\/\/www.magnetenspecialist.nl\/de\/stabmagnete\/#primaryimage\",\"url\":\"https:\/\/www.magnetenspecialist.nl\/wp-content\/uploads\/2019\/03\/Image-103.png\",\"contentUrl\":\"https:\/\/www.magnetenspecialist.nl\/wp-content\/uploads\/2019\/03\/Image-103.png\"},{\"@type\":\"BreadcrumbList\",\"@id\":\"https:\/\/www.magnetenspecialist.nl\/de\/stabmagnete\/#breadcrumb\",\"itemListElement\":[{\"@type\":\"ListItem\",\"position\":1,\"name\":\"Startseite\",\"item\":\"https:\/\/www.magnetenspecialist.nl\/de\/\"},{\"@type\":\"ListItem\",\"position\":2,\"name\":\"Stabmagnete\"}]},{\"@type\":\"WebSite\",\"@id\":\"https:\/\/www.magnetenspecialist.nl\/de\/#website\",\"url\":\"https:\/\/www.magnetenspecialist.nl\/de\/\",\"name\":\"Magnetenspecialist.nl\",\"description\":\"Umfangreiches Angebot an Neodym-Magneten\",\"publisher\":{\"@id\":\"https:\/\/www.magnetenspecialist.nl\/de\/#organization\"},\"potentialAction\":[{\"@type\":\"SearchAction\",\"target\":{\"@type\":\"EntryPoint\",\"urlTemplate\":\"https:\/\/www.magnetenspecialist.nl\/de\/?s={search_term_string}\"},\"query-input\":{\"@type\":\"PropertyValueSpecification\",\"valueRequired\":true,\"valueName\":\"search_term_string\"}}],\"inLanguage\":\"de\"},{\"@type\":\"Organization\",\"@id\":\"https:\/\/www.magnetenspecialist.nl\/de\/#organization\",\"name\":\"Magnetenspecialist.nl\",\"url\":\"https:\/\/www.magnetenspecialist.nl\/de\/\",\"logo\":{\"@type\":\"ImageObject\",\"inLanguage\":\"de\",\"@id\":\"https:\/\/www.magnetenspecialist.nl\/de\/#\/schema\/logo\/image\/\",\"url\":\"https:\/\/www.magnetenspecialist.nl\/wp-content\/uploads\/2018\/10\/magneten-logo.jpg\",\"contentUrl\":\"https:\/\/www.magnetenspecialist.nl\/wp-content\/uploads\/2018\/10\/magneten-logo.jpg\",\"width\":151,\"height\":151,\"caption\":\"Magnetenspecialist.nl\"},\"image\":{\"@id\":\"https:\/\/www.magnetenspecialist.nl\/de\/#\/schema\/logo\/image\/\"},\"sameAs\":[\"https:\/\/www.facebook.com\/Magnetenspecialist.nl\",\"https:\/\/x.com\/magnetenspecial\"]}]}<\/script>\n<!-- \/ Yoast SEO Premium plugin. -->","yoast_head_json":{"title":"Stabmagnete online kaufen bei Magnetenspecialist.nl","description":"Stabmagnete in vielen verschiedenen Arten und Gr\u00f6\u00dfen. Starke Neodym-Stabmagnete k\u00f6nnen preiswert online bei magnetenspecialist.nl gekauft werden.","robots":{"index":"index","follow":"follow","max-snippet":"max-snippet:-1","max-image-preview":"max-image-preview:large","max-video-preview":"max-video-preview:-1"},"canonical":"https:\/\/www.magnetenspecialist.nl\/de\/stabmagnete\/","og_locale":"de_DE","og_type":"article","og_title":"Stabmagnete","og_description":"Stabmagnete in vielen verschiedenen Arten und Gr\u00f6\u00dfen. Starke Neodym-Stabmagnete k\u00f6nnen preiswert online bei magnetenspecialist.nl gekauft werden.","og_url":"https:\/\/www.magnetenspecialist.nl\/de\/stabmagnete\/","og_site_name":"Magnetenspecialist.nl","article_publisher":"https:\/\/www.facebook.com\/Magnetenspecialist.nl","article_modified_time":"2022-02-04T11:13:57+00:00","og_image":[{"url":"https:\/\/www.magnetenspecialist.nl\/wp-content\/uploads\/2019\/03\/Image-103.png","type":"","width":"","height":""}],"twitter_card":"summary_large_image","twitter_site":"@magnetenspecial","twitter_misc":{"Gesch\u00e4tzte Lesezeit":"1\u00a0Minute"},"schema":{"@context":"https:\/\/schema.org","@graph":[{"@type":"WebPage","@id":"https:\/\/www.magnetenspecialist.nl\/de\/stabmagnete\/","url":"https:\/\/www.magnetenspecialist.nl\/de\/stabmagnete\/","name":"Stabmagnete online kaufen bei Magnetenspecialist.nl","isPartOf":{"@id":"https:\/\/www.magnetenspecialist.nl\/de\/#website"},"primaryImageOfPage":{"@id":"https:\/\/www.magnetenspecialist.nl\/de\/stabmagnete\/#primaryimage"},"image":{"@id":"https:\/\/www.magnetenspecialist.nl\/de\/stabmagnete\/#primaryimage"},"thumbnailUrl":"https:\/\/www.magnetenspecialist.nl\/wp-content\/uploads\/2019\/03\/Image-103.png","datePublished":"2019-03-12T15:20:19+00:00","dateModified":"2022-02-04T11:13:57+00:00","description":"Stabmagnete in vielen verschiedenen Arten und Gr\u00f6\u00dfen. Starke Neodym-Stabmagnete k\u00f6nnen preiswert online bei magnetenspecialist.nl gekauft werden.","breadcrumb":{"@id":"https:\/\/www.magnetenspecialist.nl\/de\/stabmagnete\/#breadcrumb"},"inLanguage":"de","potentialAction":[{"@type":"ReadAction","target":["https:\/\/www.magnetenspecialist.nl\/de\/stabmagnete\/"]}]},{"@type":"ImageObject","inLanguage":"de","@id":"https:\/\/www.magnetenspecialist.nl\/de\/stabmagnete\/#primaryimage","url":"https:\/\/www.magnetenspecialist.nl\/wp-content\/uploads\/2019\/03\/Image-103.png","contentUrl":"https:\/\/www.magnetenspecialist.nl\/wp-content\/uploads\/2019\/03\/Image-103.png"},{"@type":"BreadcrumbList","@id":"https:\/\/www.magnetenspecialist.nl\/de\/stabmagnete\/#breadcrumb","itemListElement":[{"@type":"ListItem","position":1,"name":"Startseite","item":"https:\/\/www.magnetenspecialist.nl\/de\/"},{"@type":"ListItem","position":2,"name":"Stabmagnete"}]},{"@type":"WebSite","@id":"https:\/\/www.magnetenspecialist.nl\/de\/#website","url":"https:\/\/www.magnetenspecialist.nl\/de\/","name":"Magnetenspecialist.nl","description":"Umfangreiches Angebot an Neodym-Magneten","publisher":{"@id":"https:\/\/www.magnetenspecialist.nl\/de\/#organization"},"potentialAction":[{"@type":"SearchAction","target":{"@type":"EntryPoint","urlTemplate":"https:\/\/www.magnetenspecialist.nl\/de\/?s={search_term_string}"},"query-input":{"@type":"PropertyValueSpecification","valueRequired":true,"valueName":"search_term_string"}}],"inLanguage":"de"},{"@type":"Organization","@id":"https:\/\/www.magnetenspecialist.nl\/de\/#organization","name":"Magnetenspecialist.nl","url":"https:\/\/www.magnetenspecialist.nl\/de\/","logo":{"@type":"ImageObject","inLanguage":"de","@id":"https:\/\/www.magnetenspecialist.nl\/de\/#\/schema\/logo\/image\/","url":"https:\/\/www.magnetenspecialist.nl\/wp-content\/uploads\/2018\/10\/magneten-logo.jpg","contentUrl":"https:\/\/www.magnetenspecialist.nl\/wp-content\/uploads\/2018\/10\/magneten-logo.jpg","width":151,"height":151,"caption":"Magnetenspecialist.nl"},"image":{"@id":"https:\/\/www.magnetenspecialist.nl\/de\/#\/schema\/logo\/image\/"},"sameAs":["https:\/\/www.facebook.com\/Magnetenspecialist.nl","https:\/\/x.com\/magnetenspecial"]}]}},"_links":{"self":[{"href":"https:\/\/www.magnetenspecialist.nl\/de\/wp-json\/wp\/v2\/pages\/107471","targetHints":{"allow":["GET"]}}],"collection":[{"href":"https:\/\/www.magnetenspecialist.nl\/de\/wp-json\/wp\/v2\/pages"}],"about":[{"href":"https:\/\/www.magnetenspecialist.nl\/de\/wp-json\/wp\/v2\/types\/page"}],"author":[{"embeddable":true,"href":"https:\/\/www.magnetenspecialist.nl\/de\/wp-json\/wp\/v2\/users\/1"}],"replies":[{"embeddable":true,"href":"https:\/\/www.magnetenspecialist.nl\/de\/wp-json\/wp\/v2\/comments?post=107471"}],"version-history":[{"count":0,"href":"https:\/\/www.magnetenspecialist.nl\/de\/wp-json\/wp\/v2\/pages\/107471\/revisions"}],"wp:attachment":[{"href":"https:\/\/www.magnetenspecialist.nl\/de\/wp-json\/wp\/v2\/media?parent=107471"}],"curies":[{"name":"wp","href":"https:\/\/api.w.org\/{rel}","templated":true}]}}