{"id":107473,"date":"2019-03-13T09:17:20","date_gmt":"2019-03-13T08:17:20","guid":{"rendered":"https:\/\/www.magnetenspecialist.nl\/schwere-magnete\/"},"modified":"2022-02-04T12:13:58","modified_gmt":"2022-02-04T11:13:58","slug":"schwere-magnete","status":"publish","type":"page","link":"https:\/\/www.magnetenspecialist.nl\/de\/schwere-magnete\/","title":{"rendered":"Schwere Magnete"},"content":{"rendered":"\n<div class=\"row d-flex align-items-center\">\n<div class=\"col-md-6 col-lg-4 col-xl-3\">\n<figure class=\"wp-block-image\"><img decoding=\"async\" src=\"https:\/\/www.magnetenspecialist.nl\/wp-content\/uploads\/2019\/03\/Image-189.png\" alt=\"zware magneten\" class=\"aligncenter\"\/><\/figure><\/div>\n\n<div class=\"col-md-6 col-lg-8 col-xl-9\">\n<h2>Schwerlastmagnete in vielen Formen und Gr\u00f6\u00dfen erh\u00e4ltlich  <\/h2>\n<p>Schwere Magnete gibt es beim Magnetspezialisten, der sich auf Neodym-Magnete spezialisiert hat, in vielen Formen und Gr\u00f6\u00dfen. Denken Sie an Block-, Kugel-, Ring- oder Stabmagnete, aber auch Schwerlastmagnete wie handliche Hakenmagnete sind bei uns erh\u00e4ltlich. Schwere Magnete gibt es mit unterschiedlicher Magnetisierung und Haftkraft. Suchen Sie zum Beispiel nach Magneten, die f\u00fcr industrielle Zwecke verwendet werden k\u00f6nnen? Oder f\u00fcr den Hausgebrauch? Bei dem Magnetspezialisten finden Sie sicher den Magneten, den Sie suchen. Bestellen Sie sie einfach online \u00fcber unseren Webshop.<\/p>\n<\/div>\n<\/div>\n\n<h2 class=\"wp-block-heading\">Magnete schnell und einfach online bestellen  <\/h2>\n\n<p>Bestellen Sie den gew\u00fcnschten Magneten einfach online beim Magnetspezialisten. Wir bieten verschiedene Zahlungsm\u00f6glichkeiten und garantieren immer eine schnelle Lieferung nach Hause. Auch gro\u00dfe Mengen an schweren Magneten sind f\u00fcr den Magnetspezialisten kein Problem. Magnete in jeder Form, Gr\u00f6\u00dfe und Tragf\u00e4higkeit. Sie k\u00f6nnen sie einfach online bestellen und wir vom Magnetspezialisten sorgen f\u00fcr eine schnelle Lieferung.  <\/p>\n\n<div class=\"cta-banner\">\n    <h4>Siehe die Hochleistungsmagnete in unserem Shop<\/h4>\n    <a class=\"cta-banner-btn\" href=\"https:\/\/www.magnetenspecialist.nl\/winkel\/?orderby=price-desc\" title=\"Bekijk de zware magneten in onze shop\">Jetzt ansehen<\/a>\n<\/div>\n\n<h3 class=\"wp-block-heading\">Starke, hochbelastbare Neodym-Magnete<\/h3>\n\n<p>Bei Magneten wird die St\u00e4rke u. a. durch das Volumen des Magneten bestimmt. Daher kann man sagen, dass der Magnet, je gr\u00f6\u00dfer (schwerer) er wird, auch st\u00e4rker wird. Dar\u00fcber hinaus spielen die Form des Magneten, die Proportionen des Magneten (z. B. das Verh\u00e4ltnis von Durchmesser zu Dicke bei einer Magnetscheibe) und die Kombination mit anderen Materialien, z. B. ob der Magnet auf einem Metallst\u00fcck oder in einem Metalltopf befestigt ist oder frei steht, eine Rolle f\u00fcr die St\u00e4rke des Magneten. Schwere Magnete sind daher in der Regel auch starke Magnete.<\/p>\n","protected":false},"excerpt":{"rendered":"<p>Schwerlastmagnete in vielen Formen und Gr\u00f6\u00dfen erh\u00e4ltlich Schwere Magnete gibt es beim Magnetspezialisten, der sich auf Neodym-Magnete spezialisiert hat, in vielen Formen und Gr\u00f6\u00dfen. Denken Sie an Block-, Kugel-, Ring- oder Stabmagnete, aber auch Schwerlastmagnete wie handliche Hakenmagnete sind bei uns erh\u00e4ltlich. Schwere Magnete gibt es mit unterschiedlicher Magnetisierung und Haftkraft. Suchen Sie zum Beispiel [&hellip;]<\/p>\n","protected":false},"author":1,"featured_media":0,"parent":0,"menu_order":0,"comment_status":"closed","ping_status":"closed","template":"template-full.php","meta":{"_acf_changed":false,"footnotes":""},"class_list":["post-107473","page","type-page","status-publish","hentry"],"acf":[],"yoast_head":"<!-- This site is optimized with the Yoast SEO Premium plugin v24.7 (Yoast SEO v24.7) - https:\/\/yoast.com\/wordpress\/plugins\/seo\/ -->\n<title>Schwere Magnete online kaufen bei Magnetenspecialist.nl<\/title>\n<meta name=\"description\" content=\"Verschiedene Arten und Gr\u00f6\u00dfen von schweren Magneten auf Lager mit einer Haftkraft von bis zu 800 kg! Wenn Sie auf der Suche nach schweren Magneten sind, sind Sie beim Magnetspezialisten an der richtigen Adresse.\" \/>\n<meta name=\"robots\" content=\"index, follow, max-snippet:-1, max-image-preview:large, max-video-preview:-1\" \/>\n<link rel=\"canonical\" href=\"https:\/\/www.magnetenspecialist.nl\/de\/schwere-magnete\/\" \/>\n<meta property=\"og:locale\" content=\"de_DE\" \/>\n<meta property=\"og:type\" content=\"article\" \/>\n<meta property=\"og:title\" content=\"Schwere Magnete\" \/>\n<meta property=\"og:description\" content=\"Verschiedene Arten und Gr\u00f6\u00dfen von schweren Magneten auf Lager mit einer Haftkraft von bis zu 800 kg! Wenn Sie auf der Suche nach schweren Magneten sind, sind Sie beim Magnetspezialisten an der richtigen Adresse.\" \/>\n<meta property=\"og:url\" content=\"https:\/\/www.magnetenspecialist.nl\/de\/schwere-magnete\/\" \/>\n<meta property=\"og:site_name\" content=\"Magnetenspecialist.nl\" \/>\n<meta property=\"article:publisher\" content=\"https:\/\/www.facebook.com\/Magnetenspecialist.nl\" \/>\n<meta property=\"article:modified_time\" content=\"2022-02-04T11:13:58+00:00\" \/>\n<meta property=\"og:image\" content=\"https:\/\/www.magnetenspecialist.nl\/wp-content\/uploads\/2019\/03\/Image-189.png\" \/>\n<meta name=\"twitter:card\" content=\"summary_large_image\" \/>\n<meta name=\"twitter:site\" content=\"@magnetenspecial\" \/>\n<meta name=\"twitter:label1\" content=\"Gesch\u00e4tzte Lesezeit\" \/>\n\t<meta name=\"twitter:data1\" content=\"1\u00a0Minute\" \/>\n<script type=\"application\/ld+json\" class=\"yoast-schema-graph\">{\"@context\":\"https:\/\/schema.org\",\"@graph\":[{\"@type\":\"WebPage\",\"@id\":\"https:\/\/www.magnetenspecialist.nl\/de\/schwere-magnete\/\",\"url\":\"https:\/\/www.magnetenspecialist.nl\/de\/schwere-magnete\/\",\"name\":\"Schwere Magnete online kaufen bei Magnetenspecialist.nl\",\"isPartOf\":{\"@id\":\"https:\/\/www.magnetenspecialist.nl\/de\/#website\"},\"primaryImageOfPage\":{\"@id\":\"https:\/\/www.magnetenspecialist.nl\/de\/schwere-magnete\/#primaryimage\"},\"image\":{\"@id\":\"https:\/\/www.magnetenspecialist.nl\/de\/schwere-magnete\/#primaryimage\"},\"thumbnailUrl\":\"https:\/\/www.magnetenspecialist.nl\/wp-content\/uploads\/2019\/03\/Image-189.png\",\"datePublished\":\"2019-03-13T08:17:20+00:00\",\"dateModified\":\"2022-02-04T11:13:58+00:00\",\"description\":\"Verschiedene Arten und Gr\u00f6\u00dfen von schweren Magneten auf Lager mit einer Haftkraft von bis zu 800 kg! Wenn Sie auf der Suche nach schweren Magneten sind, sind Sie beim Magnetspezialisten an der richtigen Adresse.\",\"breadcrumb\":{\"@id\":\"https:\/\/www.magnetenspecialist.nl\/de\/schwere-magnete\/#breadcrumb\"},\"inLanguage\":\"de\",\"potentialAction\":[{\"@type\":\"ReadAction\",\"target\":[\"https:\/\/www.magnetenspecialist.nl\/de\/schwere-magnete\/\"]}]},{\"@type\":\"ImageObject\",\"inLanguage\":\"de\",\"@id\":\"https:\/\/www.magnetenspecialist.nl\/de\/schwere-magnete\/#primaryimage\",\"url\":\"https:\/\/www.magnetenspecialist.nl\/wp-content\/uploads\/2019\/03\/Image-189.png\",\"contentUrl\":\"https:\/\/www.magnetenspecialist.nl\/wp-content\/uploads\/2019\/03\/Image-189.png\"},{\"@type\":\"BreadcrumbList\",\"@id\":\"https:\/\/www.magnetenspecialist.nl\/de\/schwere-magnete\/#breadcrumb\",\"itemListElement\":[{\"@type\":\"ListItem\",\"position\":1,\"name\":\"Startseite\",\"item\":\"https:\/\/www.magnetenspecialist.nl\/de\/\"},{\"@type\":\"ListItem\",\"position\":2,\"name\":\"Schwere Magnete\"}]},{\"@type\":\"WebSite\",\"@id\":\"https:\/\/www.magnetenspecialist.nl\/de\/#website\",\"url\":\"https:\/\/www.magnetenspecialist.nl\/de\/\",\"name\":\"Magnetenspecialist.nl\",\"description\":\"Umfangreiches Angebot an Neodym-Magneten\",\"publisher\":{\"@id\":\"https:\/\/www.magnetenspecialist.nl\/de\/#organization\"},\"potentialAction\":[{\"@type\":\"SearchAction\",\"target\":{\"@type\":\"EntryPoint\",\"urlTemplate\":\"https:\/\/www.magnetenspecialist.nl\/de\/?s={search_term_string}\"},\"query-input\":{\"@type\":\"PropertyValueSpecification\",\"valueRequired\":true,\"valueName\":\"search_term_string\"}}],\"inLanguage\":\"de\"},{\"@type\":\"Organization\",\"@id\":\"https:\/\/www.magnetenspecialist.nl\/de\/#organization\",\"name\":\"Magnetenspecialist.nl\",\"url\":\"https:\/\/www.magnetenspecialist.nl\/de\/\",\"logo\":{\"@type\":\"ImageObject\",\"inLanguage\":\"de\",\"@id\":\"https:\/\/www.magnetenspecialist.nl\/de\/#\/schema\/logo\/image\/\",\"url\":\"https:\/\/www.magnetenspecialist.nl\/wp-content\/uploads\/2018\/10\/magneten-logo.jpg\",\"contentUrl\":\"https:\/\/www.magnetenspecialist.nl\/wp-content\/uploads\/2018\/10\/magneten-logo.jpg\",\"width\":151,\"height\":151,\"caption\":\"Magnetenspecialist.nl\"},\"image\":{\"@id\":\"https:\/\/www.magnetenspecialist.nl\/de\/#\/schema\/logo\/image\/\"},\"sameAs\":[\"https:\/\/www.facebook.com\/Magnetenspecialist.nl\",\"https:\/\/x.com\/magnetenspecial\"]}]}<\/script>\n<!-- \/ Yoast SEO Premium plugin. -->","yoast_head_json":{"title":"Schwere Magnete online kaufen bei Magnetenspecialist.nl","description":"Verschiedene Arten und Gr\u00f6\u00dfen von schweren Magneten auf Lager mit einer Haftkraft von bis zu 800 kg! Wenn Sie auf der Suche nach schweren Magneten sind, sind Sie beim Magnetspezialisten an der richtigen Adresse.","robots":{"index":"index","follow":"follow","max-snippet":"max-snippet:-1","max-image-preview":"max-image-preview:large","max-video-preview":"max-video-preview:-1"},"canonical":"https:\/\/www.magnetenspecialist.nl\/de\/schwere-magnete\/","og_locale":"de_DE","og_type":"article","og_title":"Schwere Magnete","og_description":"Verschiedene Arten und Gr\u00f6\u00dfen von schweren Magneten auf Lager mit einer Haftkraft von bis zu 800 kg! Wenn Sie auf der Suche nach schweren Magneten sind, sind Sie beim Magnetspezialisten an der richtigen Adresse.","og_url":"https:\/\/www.magnetenspecialist.nl\/de\/schwere-magnete\/","og_site_name":"Magnetenspecialist.nl","article_publisher":"https:\/\/www.facebook.com\/Magnetenspecialist.nl","article_modified_time":"2022-02-04T11:13:58+00:00","og_image":[{"url":"https:\/\/www.magnetenspecialist.nl\/wp-content\/uploads\/2019\/03\/Image-189.png","type":"","width":"","height":""}],"twitter_card":"summary_large_image","twitter_site":"@magnetenspecial","twitter_misc":{"Gesch\u00e4tzte Lesezeit":"1\u00a0Minute"},"schema":{"@context":"https:\/\/schema.org","@graph":[{"@type":"WebPage","@id":"https:\/\/www.magnetenspecialist.nl\/de\/schwere-magnete\/","url":"https:\/\/www.magnetenspecialist.nl\/de\/schwere-magnete\/","name":"Schwere Magnete online kaufen bei Magnetenspecialist.nl","isPartOf":{"@id":"https:\/\/www.magnetenspecialist.nl\/de\/#website"},"primaryImageOfPage":{"@id":"https:\/\/www.magnetenspecialist.nl\/de\/schwere-magnete\/#primaryimage"},"image":{"@id":"https:\/\/www.magnetenspecialist.nl\/de\/schwere-magnete\/#primaryimage"},"thumbnailUrl":"https:\/\/www.magnetenspecialist.nl\/wp-content\/uploads\/2019\/03\/Image-189.png","datePublished":"2019-03-13T08:17:20+00:00","dateModified":"2022-02-04T11:13:58+00:00","description":"Verschiedene Arten und Gr\u00f6\u00dfen von schweren Magneten auf Lager mit einer Haftkraft von bis zu 800 kg! Wenn Sie auf der Suche nach schweren Magneten sind, sind Sie beim Magnetspezialisten an der richtigen Adresse.","breadcrumb":{"@id":"https:\/\/www.magnetenspecialist.nl\/de\/schwere-magnete\/#breadcrumb"},"inLanguage":"de","potentialAction":[{"@type":"ReadAction","target":["https:\/\/www.magnetenspecialist.nl\/de\/schwere-magnete\/"]}]},{"@type":"ImageObject","inLanguage":"de","@id":"https:\/\/www.magnetenspecialist.nl\/de\/schwere-magnete\/#primaryimage","url":"https:\/\/www.magnetenspecialist.nl\/wp-content\/uploads\/2019\/03\/Image-189.png","contentUrl":"https:\/\/www.magnetenspecialist.nl\/wp-content\/uploads\/2019\/03\/Image-189.png"},{"@type":"BreadcrumbList","@id":"https:\/\/www.magnetenspecialist.nl\/de\/schwere-magnete\/#breadcrumb","itemListElement":[{"@type":"ListItem","position":1,"name":"Startseite","item":"https:\/\/www.magnetenspecialist.nl\/de\/"},{"@type":"ListItem","position":2,"name":"Schwere Magnete"}]},{"@type":"WebSite","@id":"https:\/\/www.magnetenspecialist.nl\/de\/#website","url":"https:\/\/www.magnetenspecialist.nl\/de\/","name":"Magnetenspecialist.nl","description":"Umfangreiches Angebot an Neodym-Magneten","publisher":{"@id":"https:\/\/www.magnetenspecialist.nl\/de\/#organization"},"potentialAction":[{"@type":"SearchAction","target":{"@type":"EntryPoint","urlTemplate":"https:\/\/www.magnetenspecialist.nl\/de\/?s={search_term_string}"},"query-input":{"@type":"PropertyValueSpecification","valueRequired":true,"valueName":"search_term_string"}}],"inLanguage":"de"},{"@type":"Organization","@id":"https:\/\/www.magnetenspecialist.nl\/de\/#organization","name":"Magnetenspecialist.nl","url":"https:\/\/www.magnetenspecialist.nl\/de\/","logo":{"@type":"ImageObject","inLanguage":"de","@id":"https:\/\/www.magnetenspecialist.nl\/de\/#\/schema\/logo\/image\/","url":"https:\/\/www.magnetenspecialist.nl\/wp-content\/uploads\/2018\/10\/magneten-logo.jpg","contentUrl":"https:\/\/www.magnetenspecialist.nl\/wp-content\/uploads\/2018\/10\/magneten-logo.jpg","width":151,"height":151,"caption":"Magnetenspecialist.nl"},"image":{"@id":"https:\/\/www.magnetenspecialist.nl\/de\/#\/schema\/logo\/image\/"},"sameAs":["https:\/\/www.facebook.com\/Magnetenspecialist.nl","https:\/\/x.com\/magnetenspecial"]}]}},"_links":{"self":[{"href":"https:\/\/www.magnetenspecialist.nl\/de\/wp-json\/wp\/v2\/pages\/107473","targetHints":{"allow":["GET"]}}],"collection":[{"href":"https:\/\/www.magnetenspecialist.nl\/de\/wp-json\/wp\/v2\/pages"}],"about":[{"href":"https:\/\/www.magnetenspecialist.nl\/de\/wp-json\/wp\/v2\/types\/page"}],"author":[{"embeddable":true,"href":"https:\/\/www.magnetenspecialist.nl\/de\/wp-json\/wp\/v2\/users\/1"}],"replies":[{"embeddable":true,"href":"https:\/\/www.magnetenspecialist.nl\/de\/wp-json\/wp\/v2\/comments?post=107473"}],"version-history":[{"count":0,"href":"https:\/\/www.magnetenspecialist.nl\/de\/wp-json\/wp\/v2\/pages\/107473\/revisions"}],"wp:attachment":[{"href":"https:\/\/www.magnetenspecialist.nl\/de\/wp-json\/wp\/v2\/media?parent=107473"}],"curies":[{"name":"wp","href":"https:\/\/api.w.org\/{rel}","templated":true}]}}