{"id":107489,"date":"2019-03-12T16:17:22","date_gmt":"2019-03-12T15:17:22","guid":{"rendered":"https:\/\/www.magnetenspecialist.nl\/neodym-magnet\/"},"modified":"2022-02-04T12:13:56","modified_gmt":"2022-02-04T11:13:56","slug":"neodym-magnet","status":"publish","type":"page","link":"https:\/\/www.magnetenspecialist.nl\/de\/neodym-magnet\/","title":{"rendered":"Neodym-Magnet"},"content":{"rendered":"\n<div class=\"row d-flex align-items-center\">\n<div class=\"col-md-6 col-lg-4 col-xl-3\">\n<figure class=\"wp-block-image\"><img decoding=\"async\" src=\"https:\/\/www.magnetenspecialist.nl\/wp-content\/uploads\/2019\/03\/Image-144.png\" alt=\"corsage magneet\" class=\"aligncenter\"\/><\/figure><\/div>\n\n<div class=\"col-md-6 col-lg-8 col-xl-9\">\n<h2>Ein Neodym-Magnet ist superstark<\/h2>\n<p>Ein Neodym-Magnet hat eine superstarke Haftkraft und kann online bei Magnet Specialist bestellt werden. Einfache Bestellung, sichere Bezahlung auf verschiedenen Wegen und Bestellungen, die vor 16 Uhr aufgegeben werden, werden am n\u00e4chsten Tag geliefert. Spitzenqualit\u00e4t, Service und Support sind f\u00fcr Magnetenspecialist wichtig. Egal, ob Sie einen Neodym-Magneten f\u00fcr die Industrie, das Baugewerbe, den Handel oder den privaten Gebrauch bestellen, Sie erhalten den gleichen Service.<\/p>\n<\/div>\n<\/div>\n\n\n<h2 class=\"wp-block-heading\">Verf\u00fcgbar mit Haltekraft &gt;500 kg  <\/h2>\n\n<p>Bei Magnet Specialist ist ein Magnet mit einer Haftkraft von bis zu \u00fcber 500 kg erh\u00e4ltlich. Ganz gleich, f\u00fcr welche schwierige Aufgabe Sie ihn brauchen, dieser Neodym-Magnet wird sie sicher meistern. Erh\u00e4ltlich in Blockform mit den Abmessungen 80x80x40 mm. Ein Magnet von h\u00f6chster Qualit\u00e4t, den Sie jetzt 24 Stunden am Tag, 7 Tage die Woche einfach online bestellen k\u00f6nnen.  <\/p>\n\n<div class=\"cta-banner\">\n    <h4>Neodym-Magnete<\/h4>\n    <a class=\"cta-banner-btn\" href=\"https:\/\/www.magnetenspecialist.nl\/winkel\/\" title=\"Bekijk onze Neodymium magneten\">Jetzt ansehen<\/a>\n<\/div>\n\n<p><em>Neodym-Magnete f\u00fcr schwere Arbeiten<\/em><\/p>\n\n<h2 class=\"wp-block-heading\">Magnete vom Magnetspezialisten<\/h2>\n\n<p>Neodym-Magnete sind f\u00fcr ihre superstarke Haftkraft bekannt und Magnet Specialist hat sich auf diese superstarken Magnete spezialisiert. Die Magnete sind von h\u00f6chster Qualit\u00e4t und <a href=\"https:\/\/www.magnetenspecialist.nl\/de\/kundendienst\/\">Service und Support<\/a> werden von Magnetenspecialist sehr gesch\u00e4tzt. Die Lieferung erfolgt an Industrie, Baugewerbe und Handel, aber auch an Privatpersonen. Sie sind einfach online zu bestellen, Sie k\u00f6nnen sicher bezahlen und Bestellungen, die vor 17 Uhr eingehen, werden am n\u00e4chsten Tag geliefert.<br\/><\/p>\n\n<h2 class=\"wp-block-heading\">Neodym-Magnete und andere geformte Magnete<\/h2>\n\n<p>Bei Magnet Specialist ist ein Neodym-Magnet mit einer Haftkraft von mehr als 500 kg erh\u00e4ltlich. So gibt es f\u00fcr jede schwere Aufgabe den passenden Magneten. Kaufen Sie sie z.B. in Blockform und mit einer maximalen Gr\u00f6\u00dfe von 80x80x40 mm. Aber auch f\u00fcr viele andere Formen von Magneten k\u00f6nnen Sie zu Magnetenspecialist kommen. Magnete in Spitzenqualit\u00e4t, jetzt schnell online bestellen.<\/p>\n","protected":false},"excerpt":{"rendered":"<p>Ein Neodym-Magnet ist superstark Ein Neodym-Magnet hat eine superstarke Haftkraft und kann online bei Magnet Specialist bestellt werden. Einfache Bestellung, sichere Bezahlung auf verschiedenen Wegen und Bestellungen, die vor 16 Uhr aufgegeben werden, werden am n\u00e4chsten Tag geliefert. Spitzenqualit\u00e4t, Service und Support sind f\u00fcr Magnetenspecialist wichtig. Egal, ob Sie einen Neodym-Magneten f\u00fcr die Industrie, das [&hellip;]<\/p>\n","protected":false},"author":1,"featured_media":0,"parent":0,"menu_order":0,"comment_status":"closed","ping_status":"closed","template":"template-full.php","meta":{"_acf_changed":false,"footnotes":""},"class_list":["post-107489","page","type-page","status-publish","hentry"],"acf":[],"yoast_head":"<!-- This site is optimized with the Yoast SEO Premium plugin v24.7 (Yoast SEO v24.7) - https:\/\/yoast.com\/wordpress\/plugins\/seo\/ -->\n<title>Neodym-Magnet kaufen bei Magnetenspecialist.nl<\/title>\n<meta name=\"description\" content=\"Sie k\u00f6nnen einen Neodym-Magneten online bei Magnetenspecialist.nl kaufen. Wir garantieren eine schnelle Lieferung und haben alle Typen und Gr\u00f6\u00dfen auf Lager.\" \/>\n<meta name=\"robots\" content=\"index, follow, max-snippet:-1, max-image-preview:large, max-video-preview:-1\" \/>\n<link rel=\"canonical\" href=\"https:\/\/www.magnetenspecialist.nl\/de\/neodym-magnet\/\" \/>\n<meta property=\"og:locale\" content=\"de_DE\" \/>\n<meta property=\"og:type\" content=\"article\" \/>\n<meta property=\"og:title\" content=\"Neodym-Magnet\" \/>\n<meta property=\"og:description\" content=\"Sie k\u00f6nnen einen Neodym-Magneten online bei Magnetenspecialist.nl kaufen. Wir garantieren eine schnelle Lieferung und haben alle Typen und Gr\u00f6\u00dfen auf Lager.\" \/>\n<meta property=\"og:url\" content=\"https:\/\/www.magnetenspecialist.nl\/de\/neodym-magnet\/\" \/>\n<meta property=\"og:site_name\" content=\"Magnetenspecialist.nl\" \/>\n<meta property=\"article:publisher\" content=\"https:\/\/www.facebook.com\/Magnetenspecialist.nl\" \/>\n<meta property=\"article:modified_time\" content=\"2022-02-04T11:13:56+00:00\" \/>\n<meta property=\"og:image\" content=\"https:\/\/www.magnetenspecialist.nl\/wp-content\/uploads\/2019\/03\/Image-144.png\" \/>\n<meta name=\"twitter:card\" content=\"summary_large_image\" \/>\n<meta name=\"twitter:site\" content=\"@magnetenspecial\" \/>\n<meta name=\"twitter:label1\" content=\"Gesch\u00e4tzte Lesezeit\" \/>\n\t<meta name=\"twitter:data1\" content=\"1\u00a0Minute\" \/>\n<script type=\"application\/ld+json\" class=\"yoast-schema-graph\">{\"@context\":\"https:\/\/schema.org\",\"@graph\":[{\"@type\":\"WebPage\",\"@id\":\"https:\/\/www.magnetenspecialist.nl\/de\/neodym-magnet\/\",\"url\":\"https:\/\/www.magnetenspecialist.nl\/de\/neodym-magnet\/\",\"name\":\"Neodym-Magnet kaufen bei Magnetenspecialist.nl\",\"isPartOf\":{\"@id\":\"https:\/\/www.magnetenspecialist.nl\/de\/#website\"},\"primaryImageOfPage\":{\"@id\":\"https:\/\/www.magnetenspecialist.nl\/de\/neodym-magnet\/#primaryimage\"},\"image\":{\"@id\":\"https:\/\/www.magnetenspecialist.nl\/de\/neodym-magnet\/#primaryimage\"},\"thumbnailUrl\":\"https:\/\/www.magnetenspecialist.nl\/wp-content\/uploads\/2019\/03\/Image-144.png\",\"datePublished\":\"2019-03-12T15:17:22+00:00\",\"dateModified\":\"2022-02-04T11:13:56+00:00\",\"description\":\"Sie k\u00f6nnen einen Neodym-Magneten online bei Magnetenspecialist.nl kaufen. Wir garantieren eine schnelle Lieferung und haben alle Typen und Gr\u00f6\u00dfen auf Lager.\",\"breadcrumb\":{\"@id\":\"https:\/\/www.magnetenspecialist.nl\/de\/neodym-magnet\/#breadcrumb\"},\"inLanguage\":\"de\",\"potentialAction\":[{\"@type\":\"ReadAction\",\"target\":[\"https:\/\/www.magnetenspecialist.nl\/de\/neodym-magnet\/\"]}]},{\"@type\":\"ImageObject\",\"inLanguage\":\"de\",\"@id\":\"https:\/\/www.magnetenspecialist.nl\/de\/neodym-magnet\/#primaryimage\",\"url\":\"https:\/\/www.magnetenspecialist.nl\/wp-content\/uploads\/2019\/03\/Image-144.png\",\"contentUrl\":\"https:\/\/www.magnetenspecialist.nl\/wp-content\/uploads\/2019\/03\/Image-144.png\"},{\"@type\":\"BreadcrumbList\",\"@id\":\"https:\/\/www.magnetenspecialist.nl\/de\/neodym-magnet\/#breadcrumb\",\"itemListElement\":[{\"@type\":\"ListItem\",\"position\":1,\"name\":\"Startseite\",\"item\":\"https:\/\/www.magnetenspecialist.nl\/de\/\"},{\"@type\":\"ListItem\",\"position\":2,\"name\":\"Neodym-Magnet\"}]},{\"@type\":\"WebSite\",\"@id\":\"https:\/\/www.magnetenspecialist.nl\/de\/#website\",\"url\":\"https:\/\/www.magnetenspecialist.nl\/de\/\",\"name\":\"Magnetenspecialist.nl\",\"description\":\"Umfangreiches Angebot an Neodym-Magneten\",\"publisher\":{\"@id\":\"https:\/\/www.magnetenspecialist.nl\/de\/#organization\"},\"potentialAction\":[{\"@type\":\"SearchAction\",\"target\":{\"@type\":\"EntryPoint\",\"urlTemplate\":\"https:\/\/www.magnetenspecialist.nl\/de\/?s={search_term_string}\"},\"query-input\":{\"@type\":\"PropertyValueSpecification\",\"valueRequired\":true,\"valueName\":\"search_term_string\"}}],\"inLanguage\":\"de\"},{\"@type\":\"Organization\",\"@id\":\"https:\/\/www.magnetenspecialist.nl\/de\/#organization\",\"name\":\"Magnetenspecialist.nl\",\"url\":\"https:\/\/www.magnetenspecialist.nl\/de\/\",\"logo\":{\"@type\":\"ImageObject\",\"inLanguage\":\"de\",\"@id\":\"https:\/\/www.magnetenspecialist.nl\/de\/#\/schema\/logo\/image\/\",\"url\":\"https:\/\/www.magnetenspecialist.nl\/wp-content\/uploads\/2018\/10\/magneten-logo.jpg\",\"contentUrl\":\"https:\/\/www.magnetenspecialist.nl\/wp-content\/uploads\/2018\/10\/magneten-logo.jpg\",\"width\":151,\"height\":151,\"caption\":\"Magnetenspecialist.nl\"},\"image\":{\"@id\":\"https:\/\/www.magnetenspecialist.nl\/de\/#\/schema\/logo\/image\/\"},\"sameAs\":[\"https:\/\/www.facebook.com\/Magnetenspecialist.nl\",\"https:\/\/x.com\/magnetenspecial\"]}]}<\/script>\n<!-- \/ Yoast SEO Premium plugin. -->","yoast_head_json":{"title":"Neodym-Magnet kaufen bei Magnetenspecialist.nl","description":"Sie k\u00f6nnen einen Neodym-Magneten online bei Magnetenspecialist.nl kaufen. Wir garantieren eine schnelle Lieferung und haben alle Typen und Gr\u00f6\u00dfen auf Lager.","robots":{"index":"index","follow":"follow","max-snippet":"max-snippet:-1","max-image-preview":"max-image-preview:large","max-video-preview":"max-video-preview:-1"},"canonical":"https:\/\/www.magnetenspecialist.nl\/de\/neodym-magnet\/","og_locale":"de_DE","og_type":"article","og_title":"Neodym-Magnet","og_description":"Sie k\u00f6nnen einen Neodym-Magneten online bei Magnetenspecialist.nl kaufen. Wir garantieren eine schnelle Lieferung und haben alle Typen und Gr\u00f6\u00dfen auf Lager.","og_url":"https:\/\/www.magnetenspecialist.nl\/de\/neodym-magnet\/","og_site_name":"Magnetenspecialist.nl","article_publisher":"https:\/\/www.facebook.com\/Magnetenspecialist.nl","article_modified_time":"2022-02-04T11:13:56+00:00","og_image":[{"url":"https:\/\/www.magnetenspecialist.nl\/wp-content\/uploads\/2019\/03\/Image-144.png","type":"","width":"","height":""}],"twitter_card":"summary_large_image","twitter_site":"@magnetenspecial","twitter_misc":{"Gesch\u00e4tzte Lesezeit":"1\u00a0Minute"},"schema":{"@context":"https:\/\/schema.org","@graph":[{"@type":"WebPage","@id":"https:\/\/www.magnetenspecialist.nl\/de\/neodym-magnet\/","url":"https:\/\/www.magnetenspecialist.nl\/de\/neodym-magnet\/","name":"Neodym-Magnet kaufen bei Magnetenspecialist.nl","isPartOf":{"@id":"https:\/\/www.magnetenspecialist.nl\/de\/#website"},"primaryImageOfPage":{"@id":"https:\/\/www.magnetenspecialist.nl\/de\/neodym-magnet\/#primaryimage"},"image":{"@id":"https:\/\/www.magnetenspecialist.nl\/de\/neodym-magnet\/#primaryimage"},"thumbnailUrl":"https:\/\/www.magnetenspecialist.nl\/wp-content\/uploads\/2019\/03\/Image-144.png","datePublished":"2019-03-12T15:17:22+00:00","dateModified":"2022-02-04T11:13:56+00:00","description":"Sie k\u00f6nnen einen Neodym-Magneten online bei Magnetenspecialist.nl kaufen. Wir garantieren eine schnelle Lieferung und haben alle Typen und Gr\u00f6\u00dfen auf Lager.","breadcrumb":{"@id":"https:\/\/www.magnetenspecialist.nl\/de\/neodym-magnet\/#breadcrumb"},"inLanguage":"de","potentialAction":[{"@type":"ReadAction","target":["https:\/\/www.magnetenspecialist.nl\/de\/neodym-magnet\/"]}]},{"@type":"ImageObject","inLanguage":"de","@id":"https:\/\/www.magnetenspecialist.nl\/de\/neodym-magnet\/#primaryimage","url":"https:\/\/www.magnetenspecialist.nl\/wp-content\/uploads\/2019\/03\/Image-144.png","contentUrl":"https:\/\/www.magnetenspecialist.nl\/wp-content\/uploads\/2019\/03\/Image-144.png"},{"@type":"BreadcrumbList","@id":"https:\/\/www.magnetenspecialist.nl\/de\/neodym-magnet\/#breadcrumb","itemListElement":[{"@type":"ListItem","position":1,"name":"Startseite","item":"https:\/\/www.magnetenspecialist.nl\/de\/"},{"@type":"ListItem","position":2,"name":"Neodym-Magnet"}]},{"@type":"WebSite","@id":"https:\/\/www.magnetenspecialist.nl\/de\/#website","url":"https:\/\/www.magnetenspecialist.nl\/de\/","name":"Magnetenspecialist.nl","description":"Umfangreiches Angebot an Neodym-Magneten","publisher":{"@id":"https:\/\/www.magnetenspecialist.nl\/de\/#organization"},"potentialAction":[{"@type":"SearchAction","target":{"@type":"EntryPoint","urlTemplate":"https:\/\/www.magnetenspecialist.nl\/de\/?s={search_term_string}"},"query-input":{"@type":"PropertyValueSpecification","valueRequired":true,"valueName":"search_term_string"}}],"inLanguage":"de"},{"@type":"Organization","@id":"https:\/\/www.magnetenspecialist.nl\/de\/#organization","name":"Magnetenspecialist.nl","url":"https:\/\/www.magnetenspecialist.nl\/de\/","logo":{"@type":"ImageObject","inLanguage":"de","@id":"https:\/\/www.magnetenspecialist.nl\/de\/#\/schema\/logo\/image\/","url":"https:\/\/www.magnetenspecialist.nl\/wp-content\/uploads\/2018\/10\/magneten-logo.jpg","contentUrl":"https:\/\/www.magnetenspecialist.nl\/wp-content\/uploads\/2018\/10\/magneten-logo.jpg","width":151,"height":151,"caption":"Magnetenspecialist.nl"},"image":{"@id":"https:\/\/www.magnetenspecialist.nl\/de\/#\/schema\/logo\/image\/"},"sameAs":["https:\/\/www.facebook.com\/Magnetenspecialist.nl","https:\/\/x.com\/magnetenspecial"]}]}},"_links":{"self":[{"href":"https:\/\/www.magnetenspecialist.nl\/de\/wp-json\/wp\/v2\/pages\/107489","targetHints":{"allow":["GET"]}}],"collection":[{"href":"https:\/\/www.magnetenspecialist.nl\/de\/wp-json\/wp\/v2\/pages"}],"about":[{"href":"https:\/\/www.magnetenspecialist.nl\/de\/wp-json\/wp\/v2\/types\/page"}],"author":[{"embeddable":true,"href":"https:\/\/www.magnetenspecialist.nl\/de\/wp-json\/wp\/v2\/users\/1"}],"replies":[{"embeddable":true,"href":"https:\/\/www.magnetenspecialist.nl\/de\/wp-json\/wp\/v2\/comments?post=107489"}],"version-history":[{"count":0,"href":"https:\/\/www.magnetenspecialist.nl\/de\/wp-json\/wp\/v2\/pages\/107489\/revisions"}],"wp:attachment":[{"href":"https:\/\/www.magnetenspecialist.nl\/de\/wp-json\/wp\/v2\/media?parent=107489"}],"curies":[{"name":"wp","href":"https:\/\/api.w.org\/{rel}","templated":true}]}}