{"id":107495,"date":"2019-03-13T09:35:17","date_gmt":"2019-03-13T08:35:17","guid":{"rendered":"https:\/\/www.magnetenspecialist.nl\/magnete-vom-magnetspezialisten\/"},"modified":"2022-02-04T12:13:59","modified_gmt":"2022-02-04T11:13:59","slug":"magnete-vom-magnetspezialisten","status":"publish","type":"page","link":"https:\/\/www.magnetenspecialist.nl\/de\/magnete-vom-magnetspezialisten\/","title":{"rendered":"Magnete vom Magnetspezialisten."},"content":{"rendered":"<div class=\"row d-flex align-items-center\">\n<div class=\"col-md-6 col-lg-4 col-xl-3\">\n<figure class=\"wp-block-image\"><img decoding=\"async\" src=\"https:\/\/www.magnetenspecialist.nl\/wp-content\/uploads\/2018\/12\/Logo-640x480.jpg\" alt=\"Magnetenspecialist Magneten\" class=\"aligncenter\"\/><\/figure><\/div>\n\n<div class=\"col-md-6 col-lg-8 col-xl-9\">\n<h2>Hier finden Sie eine gro\u00dfe Auswahl an Magneten.<\/h2>\n<p>Der Magnetspezialist hat ein sehr umfangreiches Sortiment an Magneten in allen Formen, Gr\u00f6\u00dfen und Tragf\u00e4higkeiten. Wenn Sie auf der Suche nach Magneten jeglicher Art sind, k\u00f6nnen Sie den Webshop des Magnetspezialisten besuchen. Benutzen Sie die Filter in unserem Webshop, um zu finden, was Sie suchen. Wir haben zweifellos den Magneten, den Sie brauchen.<\/p>\n<\/div>\n<\/div><p><strong><em>Der Magnetspezialist hat ein sehr umfangreiches Sortiment in allen Typen, Gr\u00f6\u00dfen, Formen und Tragf\u00e4higkeiten.  <\/em><\/strong> <\/p><h2 class=\"wp-block-heading\">Eine breite Palette von Produkten mit schneller Lieferung und ausgezeichnetem Service.  <\/h2><p>Beim Magnetspezialisten k\u00f6nnen Sie immer mit einer schnellen Lieferung und einem hervorragenden Service rechnen. Auch f\u00fcr gro\u00dfe Sendungen k\u00f6nnen wir eine schnelle Lieferung zu Ihnen nach Hause gew\u00e4hrleisten. Wir verkaufen sowohl an Privatpersonen als auch an Fachleute. Magnete des Magnetspezialisten gibt es nicht nur in allen Formen, Gr\u00f6\u00dfen und Tragf\u00e4higkeiten, sondern auch passend f\u00fcr bestimmte Anwendungen. Zum Beispiel Magnete in praktischer Eckform, zum <a href=\"https:\/\/www.magnetenspecialist.nl\/de\/speichern\/andere-magnete\/boule-ball-magnet-aufnehmen\/\">Boulespielen<\/a> oder als Aufnahmehilfe.  <\/p><div class=\"cta-banner\">\n    <h4>Sehen Sie sich unser umfangreiches Angebot an<\/h4>\n    <a class=\"cta-banner-btn\" href=\"https:\/\/www.magnetenspecialist.nl\/winkel\/\" title=\"Bekijk ons uitgebreide assortiment\">Jetzt ansehen<\/a>\n<\/div><h2 class=\"wp-block-heading\">Der gr\u00f6\u00dfte Online-Magnetshop<\/h2><p>F\u00fcr das umfangreichste Angebot an Neodym-Magneten sind Sie bei uns an der richtigen Adresse! Wenn Sie Tipps haben oder etwas sehen, das nicht in Ordnung ist <a href=\"https:\/\/www.magnetenspecialist.nl\/?page\/17152\/contactgegevens.aspx\">, lassen Sie es uns bitte wissen.<\/a> Sie k\u00f6nnen sich auch an uns wenden und sich beraten lassen, wir sind nicht umsonst der Magnetspezialist. Wir kennen die Anwendungen unserer Magnete und lernen jeden Tag von unseren Kunden und Lieferanten. Der Magnetspezialist gibt sein Wissen gerne an Sie weiter. Z\u00f6gern Sie nicht, <a href=\"https:\/\/www.magnetenspecialist.nl\/de\/kundendienst\/kontakt\/\">uns<\/a> f\u00fcr Ratschl\u00e4ge und Fragen zu kontaktieren.<\/p>","protected":false},"excerpt":{"rendered":"<p>Hier finden Sie eine gro\u00dfe Auswahl an Magneten. Der Magnetspezialist hat ein sehr umfangreiches Sortiment an Magneten in allen Formen, Gr\u00f6\u00dfen und Tragf\u00e4higkeiten. Wenn Sie auf der Suche nach Magneten jeglicher Art sind, k\u00f6nnen Sie den Webshop des Magnetspezialisten besuchen. Benutzen Sie die Filter in unserem Webshop, um zu finden, was Sie suchen. Wir haben [&hellip;]<\/p>\n","protected":false},"author":1,"featured_media":0,"parent":0,"menu_order":0,"comment_status":"closed","ping_status":"closed","template":"template-full.php","meta":{"_acf_changed":false,"footnotes":""},"class_list":["post-107495","page","type-page","status-publish","hentry"],"acf":[],"yoast_head":"<!-- This site is optimized with the Yoast SEO Premium plugin v24.7 (Yoast SEO v24.7) - https:\/\/yoast.com\/wordpress\/plugins\/seo\/ -->\n<title>Magnete von Der Magnet Spezialist | Der gr\u00f6\u00dfte Online Magnet Shop<\/title>\n<meta name=\"description\" content=\"Kaufen Sie Ihre Magnete sicher und schnell online bei Magnetenspecialist.nl. Wir beraten Sie auch gerne, wenn es um Magnete geht.\" \/>\n<meta name=\"robots\" content=\"index, follow, max-snippet:-1, max-image-preview:large, max-video-preview:-1\" \/>\n<link rel=\"canonical\" href=\"https:\/\/www.magnetenspecialist.nl\/de\/magnete-vom-magnetspezialisten\/\" \/>\n<meta property=\"og:locale\" content=\"de_DE\" \/>\n<meta property=\"og:type\" content=\"article\" \/>\n<meta property=\"og:title\" content=\"Magnete vom Magnetspezialisten.\" \/>\n<meta property=\"og:description\" content=\"Kaufen Sie Ihre Magnete sicher und schnell online bei Magnetenspecialist.nl. Wir beraten Sie auch gerne, wenn es um Magnete geht.\" \/>\n<meta property=\"og:url\" content=\"https:\/\/www.magnetenspecialist.nl\/de\/magnete-vom-magnetspezialisten\/\" \/>\n<meta property=\"og:site_name\" content=\"Magnetenspecialist.nl\" \/>\n<meta property=\"article:publisher\" content=\"https:\/\/www.facebook.com\/Magnetenspecialist.nl\" \/>\n<meta property=\"article:modified_time\" content=\"2022-02-04T11:13:59+00:00\" \/>\n<meta property=\"og:image\" content=\"https:\/\/www.magnetenspecialist.nl\/wp-content\/uploads\/2018\/12\/Logo-640x480.jpg\" \/>\n<meta name=\"twitter:card\" content=\"summary_large_image\" \/>\n<meta name=\"twitter:site\" content=\"@magnetenspecial\" \/>\n<meta name=\"twitter:label1\" content=\"Gesch\u00e4tzte Lesezeit\" \/>\n\t<meta name=\"twitter:data1\" content=\"1 Minute\" \/>\n<script type=\"application\/ld+json\" class=\"yoast-schema-graph\">{\"@context\":\"https:\/\/schema.org\",\"@graph\":[{\"@type\":\"WebPage\",\"@id\":\"https:\/\/www.magnetenspecialist.nl\/de\/magnete-vom-magnetspezialisten\/\",\"url\":\"https:\/\/www.magnetenspecialist.nl\/de\/magnete-vom-magnetspezialisten\/\",\"name\":\"Magnete von Der Magnet Spezialist | Der gr\u00f6\u00dfte Online Magnet Shop\",\"isPartOf\":{\"@id\":\"https:\/\/www.magnetenspecialist.nl\/de\/#website\"},\"primaryImageOfPage\":{\"@id\":\"https:\/\/www.magnetenspecialist.nl\/de\/magnete-vom-magnetspezialisten\/#primaryimage\"},\"image\":{\"@id\":\"https:\/\/www.magnetenspecialist.nl\/de\/magnete-vom-magnetspezialisten\/#primaryimage\"},\"thumbnailUrl\":\"https:\/\/www.magnetenspecialist.nl\/wp-content\/uploads\/2018\/12\/Logo-640x480.jpg\",\"datePublished\":\"2019-03-13T08:35:17+00:00\",\"dateModified\":\"2022-02-04T11:13:59+00:00\",\"description\":\"Kaufen Sie Ihre Magnete sicher und schnell online bei Magnetenspecialist.nl. Wir beraten Sie auch gerne, wenn es um Magnete geht.\",\"breadcrumb\":{\"@id\":\"https:\/\/www.magnetenspecialist.nl\/de\/magnete-vom-magnetspezialisten\/#breadcrumb\"},\"inLanguage\":\"de-DE\",\"potentialAction\":[{\"@type\":\"ReadAction\",\"target\":[\"https:\/\/www.magnetenspecialist.nl\/de\/magnete-vom-magnetspezialisten\/\"]}]},{\"@type\":\"ImageObject\",\"inLanguage\":\"de-DE\",\"@id\":\"https:\/\/www.magnetenspecialist.nl\/de\/magnete-vom-magnetspezialisten\/#primaryimage\",\"url\":\"https:\/\/www.magnetenspecialist.nl\/wp-content\/uploads\/2018\/12\/Logo-640x480.jpg\",\"contentUrl\":\"https:\/\/www.magnetenspecialist.nl\/wp-content\/uploads\/2018\/12\/Logo-640x480.jpg\"},{\"@type\":\"BreadcrumbList\",\"@id\":\"https:\/\/www.magnetenspecialist.nl\/de\/magnete-vom-magnetspezialisten\/#breadcrumb\",\"itemListElement\":[{\"@type\":\"ListItem\",\"position\":1,\"name\":\"Startseite\",\"item\":\"https:\/\/www.magnetenspecialist.nl\/de\/\"},{\"@type\":\"ListItem\",\"position\":2,\"name\":\"Magnete vom Magnetspezialisten.\"}]},{\"@type\":\"WebSite\",\"@id\":\"https:\/\/www.magnetenspecialist.nl\/de\/#website\",\"url\":\"https:\/\/www.magnetenspecialist.nl\/de\/\",\"name\":\"Magnetenspecialist.nl\",\"description\":\"Umfangreiches Angebot an Neodym-Magneten\",\"publisher\":{\"@id\":\"https:\/\/www.magnetenspecialist.nl\/de\/#organization\"},\"potentialAction\":[{\"@type\":\"SearchAction\",\"target\":{\"@type\":\"EntryPoint\",\"urlTemplate\":\"https:\/\/www.magnetenspecialist.nl\/de\/?s={search_term_string}\"},\"query-input\":{\"@type\":\"PropertyValueSpecification\",\"valueRequired\":true,\"valueName\":\"search_term_string\"}}],\"inLanguage\":\"de-DE\"},{\"@type\":\"Organization\",\"@id\":\"https:\/\/www.magnetenspecialist.nl\/de\/#organization\",\"name\":\"Magnetenspecialist.nl\",\"url\":\"https:\/\/www.magnetenspecialist.nl\/de\/\",\"logo\":{\"@type\":\"ImageObject\",\"inLanguage\":\"de-DE\",\"@id\":\"https:\/\/www.magnetenspecialist.nl\/de\/#\/schema\/logo\/image\/\",\"url\":\"https:\/\/www.magnetenspecialist.nl\/wp-content\/uploads\/2018\/10\/magneten-logo.jpg\",\"contentUrl\":\"https:\/\/www.magnetenspecialist.nl\/wp-content\/uploads\/2018\/10\/magneten-logo.jpg\",\"width\":151,\"height\":151,\"caption\":\"Magnetenspecialist.nl\"},\"image\":{\"@id\":\"https:\/\/www.magnetenspecialist.nl\/de\/#\/schema\/logo\/image\/\"},\"sameAs\":[\"https:\/\/www.facebook.com\/Magnetenspecialist.nl\",\"https:\/\/x.com\/magnetenspecial\"]}]}<\/script>\n<!-- \/ Yoast SEO Premium plugin. -->","yoast_head_json":{"title":"Magnete von Der Magnet Spezialist | Der gr\u00f6\u00dfte Online Magnet Shop","description":"Kaufen Sie Ihre Magnete sicher und schnell online bei Magnetenspecialist.nl. Wir beraten Sie auch gerne, wenn es um Magnete geht.","robots":{"index":"index","follow":"follow","max-snippet":"max-snippet:-1","max-image-preview":"max-image-preview:large","max-video-preview":"max-video-preview:-1"},"canonical":"https:\/\/www.magnetenspecialist.nl\/de\/magnete-vom-magnetspezialisten\/","og_locale":"de_DE","og_type":"article","og_title":"Magnete vom Magnetspezialisten.","og_description":"Kaufen Sie Ihre Magnete sicher und schnell online bei Magnetenspecialist.nl. Wir beraten Sie auch gerne, wenn es um Magnete geht.","og_url":"https:\/\/www.magnetenspecialist.nl\/de\/magnete-vom-magnetspezialisten\/","og_site_name":"Magnetenspecialist.nl","article_publisher":"https:\/\/www.facebook.com\/Magnetenspecialist.nl","article_modified_time":"2022-02-04T11:13:59+00:00","og_image":[{"url":"https:\/\/www.magnetenspecialist.nl\/wp-content\/uploads\/2018\/12\/Logo-640x480.jpg","type":"","width":"","height":""}],"twitter_card":"summary_large_image","twitter_site":"@magnetenspecial","twitter_misc":{"Gesch\u00e4tzte Lesezeit":"1 Minute"},"schema":{"@context":"https:\/\/schema.org","@graph":[{"@type":"WebPage","@id":"https:\/\/www.magnetenspecialist.nl\/de\/magnete-vom-magnetspezialisten\/","url":"https:\/\/www.magnetenspecialist.nl\/de\/magnete-vom-magnetspezialisten\/","name":"Magnete von Der Magnet Spezialist | Der gr\u00f6\u00dfte Online Magnet Shop","isPartOf":{"@id":"https:\/\/www.magnetenspecialist.nl\/de\/#website"},"primaryImageOfPage":{"@id":"https:\/\/www.magnetenspecialist.nl\/de\/magnete-vom-magnetspezialisten\/#primaryimage"},"image":{"@id":"https:\/\/www.magnetenspecialist.nl\/de\/magnete-vom-magnetspezialisten\/#primaryimage"},"thumbnailUrl":"https:\/\/www.magnetenspecialist.nl\/wp-content\/uploads\/2018\/12\/Logo-640x480.jpg","datePublished":"2019-03-13T08:35:17+00:00","dateModified":"2022-02-04T11:13:59+00:00","description":"Kaufen Sie Ihre Magnete sicher und schnell online bei Magnetenspecialist.nl. Wir beraten Sie auch gerne, wenn es um Magnete geht.","breadcrumb":{"@id":"https:\/\/www.magnetenspecialist.nl\/de\/magnete-vom-magnetspezialisten\/#breadcrumb"},"inLanguage":"de-DE","potentialAction":[{"@type":"ReadAction","target":["https:\/\/www.magnetenspecialist.nl\/de\/magnete-vom-magnetspezialisten\/"]}]},{"@type":"ImageObject","inLanguage":"de-DE","@id":"https:\/\/www.magnetenspecialist.nl\/de\/magnete-vom-magnetspezialisten\/#primaryimage","url":"https:\/\/www.magnetenspecialist.nl\/wp-content\/uploads\/2018\/12\/Logo-640x480.jpg","contentUrl":"https:\/\/www.magnetenspecialist.nl\/wp-content\/uploads\/2018\/12\/Logo-640x480.jpg"},{"@type":"BreadcrumbList","@id":"https:\/\/www.magnetenspecialist.nl\/de\/magnete-vom-magnetspezialisten\/#breadcrumb","itemListElement":[{"@type":"ListItem","position":1,"name":"Startseite","item":"https:\/\/www.magnetenspecialist.nl\/de\/"},{"@type":"ListItem","position":2,"name":"Magnete vom Magnetspezialisten."}]},{"@type":"WebSite","@id":"https:\/\/www.magnetenspecialist.nl\/de\/#website","url":"https:\/\/www.magnetenspecialist.nl\/de\/","name":"Magnetenspecialist.nl","description":"Umfangreiches Angebot an Neodym-Magneten","publisher":{"@id":"https:\/\/www.magnetenspecialist.nl\/de\/#organization"},"potentialAction":[{"@type":"SearchAction","target":{"@type":"EntryPoint","urlTemplate":"https:\/\/www.magnetenspecialist.nl\/de\/?s={search_term_string}"},"query-input":{"@type":"PropertyValueSpecification","valueRequired":true,"valueName":"search_term_string"}}],"inLanguage":"de-DE"},{"@type":"Organization","@id":"https:\/\/www.magnetenspecialist.nl\/de\/#organization","name":"Magnetenspecialist.nl","url":"https:\/\/www.magnetenspecialist.nl\/de\/","logo":{"@type":"ImageObject","inLanguage":"de-DE","@id":"https:\/\/www.magnetenspecialist.nl\/de\/#\/schema\/logo\/image\/","url":"https:\/\/www.magnetenspecialist.nl\/wp-content\/uploads\/2018\/10\/magneten-logo.jpg","contentUrl":"https:\/\/www.magnetenspecialist.nl\/wp-content\/uploads\/2018\/10\/magneten-logo.jpg","width":151,"height":151,"caption":"Magnetenspecialist.nl"},"image":{"@id":"https:\/\/www.magnetenspecialist.nl\/de\/#\/schema\/logo\/image\/"},"sameAs":["https:\/\/www.facebook.com\/Magnetenspecialist.nl","https:\/\/x.com\/magnetenspecial"]}]}},"_links":{"self":[{"href":"https:\/\/www.magnetenspecialist.nl\/de\/wp-json\/wp\/v2\/pages\/107495"}],"collection":[{"href":"https:\/\/www.magnetenspecialist.nl\/de\/wp-json\/wp\/v2\/pages"}],"about":[{"href":"https:\/\/www.magnetenspecialist.nl\/de\/wp-json\/wp\/v2\/types\/page"}],"author":[{"embeddable":true,"href":"https:\/\/www.magnetenspecialist.nl\/de\/wp-json\/wp\/v2\/users\/1"}],"replies":[{"embeddable":true,"href":"https:\/\/www.magnetenspecialist.nl\/de\/wp-json\/wp\/v2\/comments?post=107495"}],"version-history":[{"count":0,"href":"https:\/\/www.magnetenspecialist.nl\/de\/wp-json\/wp\/v2\/pages\/107495\/revisions"}],"wp:attachment":[{"href":"https:\/\/www.magnetenspecialist.nl\/de\/wp-json\/wp\/v2\/media?parent=107495"}],"curies":[{"name":"wp","href":"https:\/\/api.w.org\/{rel}","templated":true}]}}