{"id":107500,"date":"2019-03-12T16:22:01","date_gmt":"2019-03-12T15:22:01","guid":{"rendered":"https:\/\/www.magnetenspecialist.nl\/fischmagnete\/"},"modified":"2024-09-10T15:04:00","modified_gmt":"2024-09-10T13:04:00","slug":"fischmagnete","status":"publish","type":"page","link":"https:\/\/www.magnetenspecialist.nl\/de\/fischmagnete\/","title":{"rendered":"Fischmagnete"},"content":{"rendered":"\n<div class=\"row d-flex align-items-center\">\n<div class=\"col-md-6 col-lg-4 col-xl-3\">\n<figure class=\"wp-block-image\"><img decoding=\"async\" src=\"https:\/\/www.magnetenspecialist.nl\/wp-content\/uploads\/2019\/03\/Image-267.png\" alt=\"sterkste vismagneet\" class=\"aligncenter\"\/><\/figure>\n<\/div>\n\n<div class=\"col-md-6 col-lg-8 col-xl-9\">\n<h2>Fischmagnete vom Magnetspezialisten<\/h2>\n<p>Der Magnetspezialist hat viele verschiedene Arten und Gr\u00f6\u00dfen von Fischmagneten auf Lager, die alle schnell geliefert werden k\u00f6nnen. Fischmagnete mit einer Haftkraft von 88 kg bis zu 500 kg! Den st\u00e4rksten Angelmagneten k\u00f6nnen Sie beim Magnetspezialisten kaufen. Sie werden alle mit 20 oder 25 Metern Seil geliefert, das an einer robusten \u00d6senmutter befestigt ist. Die \u00d6senmutter ist fest mit dem Magneten verbunden, so dass Sie auch die schwersten Gegenst\u00e4nde angeln k\u00f6nnen.<\/p>\n<\/div>\n<\/div>\n\n<h2 class=\"wp-block-heading\">Wie funktioniert das Magnetfischen?<\/h2>\n\n<p>Der Magnet wird an einem meterlangen Seil befestigt und ist in verschiedenen Zugst\u00e4rken erh\u00e4ltlich; je h\u00f6her die Zugst\u00e4rke, desto mehr Schwermetalle k\u00f6nnen angehoben werden. Der Magnet wird in einen T\u00fcmpel, Teich oder Graben geworfen, um Eisengegenst\u00e4nde zu bergen; Arch\u00e4ologen arbeiten seit langem damit, um historische Gegenst\u00e4nde aus der Antike zu bergen. Das Spannende ist vor allem, was dabei herauskommt.  <\/p>\n\n<h3 class=\"wp-block-heading\">Magnetisches Fischen regt die Fantasie an.<\/h3>\n\n<p>Man wei\u00df nie, was einem begegnen k\u00f6nnte. Wir haben schon oft genug erlebt, dass in Kriegen verlorene Munition wiedergefunden wurde. Die meisten Gegenst\u00e4nde, die herausgefischt werden, sind jedoch einfach interessant, seltsam oder manchmal sogar antik und viel Geld wert! Ein Schrotth\u00e4ndler kann sich gut am\u00fcsieren, denn die Kan\u00e4le sind oft voll mit alten Fahrr\u00e4dern, aus denen man kiloweise Schrott herausholen kann.  <\/p>\n\n<div class=\"cta-banner\">\n    <h4>Alle unsere starken Angelmagnete ansehen<\/h4>\n    <a class=\"cta-banner-btn\" href=\"https:\/\/www.magnetenspecialist.nl\/?s=Vismagneet&#038;post_type=product\" title=\"Alle unsere starken Angelmagnete ansehen\">Jetzt ansehen<\/a>\n<\/div>\n\n<h2 class=\"wp-block-heading\">Hochwertige Fischmagnete mit gutem Service  <\/h2>\n\n<p>Alle unsere Angelmagnete sind von h\u00f6chster Qualit\u00e4t und speziell f\u00fcr das Magnetfischen entwickelt. Die gr\u00f6\u00dften Fischmagnete werden in einen Stahltopf gelegt, so dass der Boden des Magneten die Arbeit \u00fcbernehmen kann. Die schwersten Fischmagnete sind mit schweren Ringmuttern ausgestattet, die mit einem dicken Bolzen durch den Magneten hindurch befestigt werden. Diese sind sehr geeignet f\u00fcr die wirklich schwere Arbeit.  <\/p>\n","protected":false},"excerpt":{"rendered":"<p>Fischmagnete vom Magnetspezialisten Der Magnetspezialist hat viele verschiedene Arten und Gr\u00f6\u00dfen von Fischmagneten auf Lager, die alle schnell geliefert werden k\u00f6nnen. Fischmagnete mit einer Haftkraft von 88 kg bis zu 500 kg! Den st\u00e4rksten Angelmagneten k\u00f6nnen Sie beim Magnetspezialisten kaufen. Sie werden alle mit 20 oder 25 Metern Seil geliefert, das an einer robusten \u00d6senmutter [&hellip;]<\/p>\n","protected":false},"author":1,"featured_media":0,"parent":0,"menu_order":0,"comment_status":"closed","ping_status":"closed","template":"template-full.php","meta":{"_acf_changed":false,"footnotes":""},"class_list":["post-107500","page","type-page","status-publish","hentry"],"acf":[],"yoast_head":"<!-- This site is optimized with the Yoast SEO Premium plugin v24.7 (Yoast SEO v24.7) - https:\/\/yoast.com\/wordpress\/plugins\/seo\/ -->\n<title>Fischmagnete | Der st\u00e4rkste Fischmagnet<\/title>\n<meta name=\"description\" content=\"Fischmagnete mit einer Tragf\u00e4higkeit von bis zu 500 kg! Die st\u00e4rksten Fischmagnete, gr\u00f6\u00dften Fischmagnete und schwersten Fischmagnete finden Sie bei Magnet Specialist.\" \/>\n<meta name=\"robots\" content=\"index, follow, max-snippet:-1, max-image-preview:large, max-video-preview:-1\" \/>\n<link rel=\"canonical\" href=\"https:\/\/www.magnetenspecialist.nl\/de\/fischmagnete\/\" \/>\n<meta property=\"og:locale\" content=\"de_DE\" \/>\n<meta property=\"og:type\" content=\"article\" \/>\n<meta property=\"og:title\" content=\"Fischmagnete\" \/>\n<meta property=\"og:description\" content=\"Fischmagnete mit einer Tragf\u00e4higkeit von bis zu 500 kg! Die st\u00e4rksten Fischmagnete, gr\u00f6\u00dften Fischmagnete und schwersten Fischmagnete finden Sie bei Magnet Specialist.\" \/>\n<meta property=\"og:url\" content=\"https:\/\/www.magnetenspecialist.nl\/de\/fischmagnete\/\" \/>\n<meta property=\"og:site_name\" content=\"Magnetenspecialist.nl\" \/>\n<meta property=\"article:publisher\" content=\"https:\/\/www.facebook.com\/Magnetenspecialist.nl\" \/>\n<meta property=\"article:modified_time\" content=\"2024-09-10T13:04:00+00:00\" \/>\n<meta property=\"og:image\" content=\"https:\/\/www.magnetenspecialist.nl\/wp-content\/uploads\/2019\/03\/Image-267.png\" \/>\n<meta name=\"twitter:card\" content=\"summary_large_image\" \/>\n<meta name=\"twitter:site\" content=\"@magnetenspecial\" \/>\n<meta name=\"twitter:label1\" content=\"Gesch\u00e4tzte Lesezeit\" \/>\n\t<meta name=\"twitter:data1\" content=\"1\u00a0Minute\" \/>\n<script type=\"application\/ld+json\" class=\"yoast-schema-graph\">{\"@context\":\"https:\/\/schema.org\",\"@graph\":[{\"@type\":\"WebPage\",\"@id\":\"https:\/\/www.magnetenspecialist.nl\/de\/fischmagnete\/\",\"url\":\"https:\/\/www.magnetenspecialist.nl\/de\/fischmagnete\/\",\"name\":\"Fischmagnete | Der st\u00e4rkste Fischmagnet\",\"isPartOf\":{\"@id\":\"https:\/\/www.magnetenspecialist.nl\/de\/#website\"},\"primaryImageOfPage\":{\"@id\":\"https:\/\/www.magnetenspecialist.nl\/de\/fischmagnete\/#primaryimage\"},\"image\":{\"@id\":\"https:\/\/www.magnetenspecialist.nl\/de\/fischmagnete\/#primaryimage\"},\"thumbnailUrl\":\"https:\/\/www.magnetenspecialist.nl\/wp-content\/uploads\/2019\/03\/Image-267.png\",\"datePublished\":\"2019-03-12T15:22:01+00:00\",\"dateModified\":\"2024-09-10T13:04:00+00:00\",\"description\":\"Fischmagnete mit einer Tragf\u00e4higkeit von bis zu 500 kg! Die st\u00e4rksten Fischmagnete, gr\u00f6\u00dften Fischmagnete und schwersten Fischmagnete finden Sie bei Magnet Specialist.\",\"breadcrumb\":{\"@id\":\"https:\/\/www.magnetenspecialist.nl\/de\/fischmagnete\/#breadcrumb\"},\"inLanguage\":\"de\",\"potentialAction\":[{\"@type\":\"ReadAction\",\"target\":[\"https:\/\/www.magnetenspecialist.nl\/de\/fischmagnete\/\"]}]},{\"@type\":\"ImageObject\",\"inLanguage\":\"de\",\"@id\":\"https:\/\/www.magnetenspecialist.nl\/de\/fischmagnete\/#primaryimage\",\"url\":\"https:\/\/www.magnetenspecialist.nl\/wp-content\/uploads\/2019\/03\/Image-267.png\",\"contentUrl\":\"https:\/\/www.magnetenspecialist.nl\/wp-content\/uploads\/2019\/03\/Image-267.png\"},{\"@type\":\"BreadcrumbList\",\"@id\":\"https:\/\/www.magnetenspecialist.nl\/de\/fischmagnete\/#breadcrumb\",\"itemListElement\":[{\"@type\":\"ListItem\",\"position\":1,\"name\":\"Startseite\",\"item\":\"https:\/\/www.magnetenspecialist.nl\/de\/\"},{\"@type\":\"ListItem\",\"position\":2,\"name\":\"Fischmagnete\"}]},{\"@type\":\"WebSite\",\"@id\":\"https:\/\/www.magnetenspecialist.nl\/de\/#website\",\"url\":\"https:\/\/www.magnetenspecialist.nl\/de\/\",\"name\":\"Magnetenspecialist.nl\",\"description\":\"Umfangreiches Angebot an Neodym-Magneten\",\"publisher\":{\"@id\":\"https:\/\/www.magnetenspecialist.nl\/de\/#organization\"},\"potentialAction\":[{\"@type\":\"SearchAction\",\"target\":{\"@type\":\"EntryPoint\",\"urlTemplate\":\"https:\/\/www.magnetenspecialist.nl\/de\/?s={search_term_string}\"},\"query-input\":{\"@type\":\"PropertyValueSpecification\",\"valueRequired\":true,\"valueName\":\"search_term_string\"}}],\"inLanguage\":\"de\"},{\"@type\":\"Organization\",\"@id\":\"https:\/\/www.magnetenspecialist.nl\/de\/#organization\",\"name\":\"Magnetenspecialist.nl\",\"url\":\"https:\/\/www.magnetenspecialist.nl\/de\/\",\"logo\":{\"@type\":\"ImageObject\",\"inLanguage\":\"de\",\"@id\":\"https:\/\/www.magnetenspecialist.nl\/de\/#\/schema\/logo\/image\/\",\"url\":\"https:\/\/www.magnetenspecialist.nl\/wp-content\/uploads\/2018\/10\/magneten-logo.jpg\",\"contentUrl\":\"https:\/\/www.magnetenspecialist.nl\/wp-content\/uploads\/2018\/10\/magneten-logo.jpg\",\"width\":151,\"height\":151,\"caption\":\"Magnetenspecialist.nl\"},\"image\":{\"@id\":\"https:\/\/www.magnetenspecialist.nl\/de\/#\/schema\/logo\/image\/\"},\"sameAs\":[\"https:\/\/www.facebook.com\/Magnetenspecialist.nl\",\"https:\/\/x.com\/magnetenspecial\"]}]}<\/script>\n<!-- \/ Yoast SEO Premium plugin. -->","yoast_head_json":{"title":"Fischmagnete | Der st\u00e4rkste Fischmagnet","description":"Fischmagnete mit einer Tragf\u00e4higkeit von bis zu 500 kg! Die st\u00e4rksten Fischmagnete, gr\u00f6\u00dften Fischmagnete und schwersten Fischmagnete finden Sie bei Magnet Specialist.","robots":{"index":"index","follow":"follow","max-snippet":"max-snippet:-1","max-image-preview":"max-image-preview:large","max-video-preview":"max-video-preview:-1"},"canonical":"https:\/\/www.magnetenspecialist.nl\/de\/fischmagnete\/","og_locale":"de_DE","og_type":"article","og_title":"Fischmagnete","og_description":"Fischmagnete mit einer Tragf\u00e4higkeit von bis zu 500 kg! Die st\u00e4rksten Fischmagnete, gr\u00f6\u00dften Fischmagnete und schwersten Fischmagnete finden Sie bei Magnet Specialist.","og_url":"https:\/\/www.magnetenspecialist.nl\/de\/fischmagnete\/","og_site_name":"Magnetenspecialist.nl","article_publisher":"https:\/\/www.facebook.com\/Magnetenspecialist.nl","article_modified_time":"2024-09-10T13:04:00+00:00","og_image":[{"url":"https:\/\/www.magnetenspecialist.nl\/wp-content\/uploads\/2019\/03\/Image-267.png","type":"","width":"","height":""}],"twitter_card":"summary_large_image","twitter_site":"@magnetenspecial","twitter_misc":{"Gesch\u00e4tzte Lesezeit":"1\u00a0Minute"},"schema":{"@context":"https:\/\/schema.org","@graph":[{"@type":"WebPage","@id":"https:\/\/www.magnetenspecialist.nl\/de\/fischmagnete\/","url":"https:\/\/www.magnetenspecialist.nl\/de\/fischmagnete\/","name":"Fischmagnete | Der st\u00e4rkste Fischmagnet","isPartOf":{"@id":"https:\/\/www.magnetenspecialist.nl\/de\/#website"},"primaryImageOfPage":{"@id":"https:\/\/www.magnetenspecialist.nl\/de\/fischmagnete\/#primaryimage"},"image":{"@id":"https:\/\/www.magnetenspecialist.nl\/de\/fischmagnete\/#primaryimage"},"thumbnailUrl":"https:\/\/www.magnetenspecialist.nl\/wp-content\/uploads\/2019\/03\/Image-267.png","datePublished":"2019-03-12T15:22:01+00:00","dateModified":"2024-09-10T13:04:00+00:00","description":"Fischmagnete mit einer Tragf\u00e4higkeit von bis zu 500 kg! Die st\u00e4rksten Fischmagnete, gr\u00f6\u00dften Fischmagnete und schwersten Fischmagnete finden Sie bei Magnet Specialist.","breadcrumb":{"@id":"https:\/\/www.magnetenspecialist.nl\/de\/fischmagnete\/#breadcrumb"},"inLanguage":"de","potentialAction":[{"@type":"ReadAction","target":["https:\/\/www.magnetenspecialist.nl\/de\/fischmagnete\/"]}]},{"@type":"ImageObject","inLanguage":"de","@id":"https:\/\/www.magnetenspecialist.nl\/de\/fischmagnete\/#primaryimage","url":"https:\/\/www.magnetenspecialist.nl\/wp-content\/uploads\/2019\/03\/Image-267.png","contentUrl":"https:\/\/www.magnetenspecialist.nl\/wp-content\/uploads\/2019\/03\/Image-267.png"},{"@type":"BreadcrumbList","@id":"https:\/\/www.magnetenspecialist.nl\/de\/fischmagnete\/#breadcrumb","itemListElement":[{"@type":"ListItem","position":1,"name":"Startseite","item":"https:\/\/www.magnetenspecialist.nl\/de\/"},{"@type":"ListItem","position":2,"name":"Fischmagnete"}]},{"@type":"WebSite","@id":"https:\/\/www.magnetenspecialist.nl\/de\/#website","url":"https:\/\/www.magnetenspecialist.nl\/de\/","name":"Magnetenspecialist.nl","description":"Umfangreiches Angebot an Neodym-Magneten","publisher":{"@id":"https:\/\/www.magnetenspecialist.nl\/de\/#organization"},"potentialAction":[{"@type":"SearchAction","target":{"@type":"EntryPoint","urlTemplate":"https:\/\/www.magnetenspecialist.nl\/de\/?s={search_term_string}"},"query-input":{"@type":"PropertyValueSpecification","valueRequired":true,"valueName":"search_term_string"}}],"inLanguage":"de"},{"@type":"Organization","@id":"https:\/\/www.magnetenspecialist.nl\/de\/#organization","name":"Magnetenspecialist.nl","url":"https:\/\/www.magnetenspecialist.nl\/de\/","logo":{"@type":"ImageObject","inLanguage":"de","@id":"https:\/\/www.magnetenspecialist.nl\/de\/#\/schema\/logo\/image\/","url":"https:\/\/www.magnetenspecialist.nl\/wp-content\/uploads\/2018\/10\/magneten-logo.jpg","contentUrl":"https:\/\/www.magnetenspecialist.nl\/wp-content\/uploads\/2018\/10\/magneten-logo.jpg","width":151,"height":151,"caption":"Magnetenspecialist.nl"},"image":{"@id":"https:\/\/www.magnetenspecialist.nl\/de\/#\/schema\/logo\/image\/"},"sameAs":["https:\/\/www.facebook.com\/Magnetenspecialist.nl","https:\/\/x.com\/magnetenspecial"]}]}},"_links":{"self":[{"href":"https:\/\/www.magnetenspecialist.nl\/de\/wp-json\/wp\/v2\/pages\/107500","targetHints":{"allow":["GET"]}}],"collection":[{"href":"https:\/\/www.magnetenspecialist.nl\/de\/wp-json\/wp\/v2\/pages"}],"about":[{"href":"https:\/\/www.magnetenspecialist.nl\/de\/wp-json\/wp\/v2\/types\/page"}],"author":[{"embeddable":true,"href":"https:\/\/www.magnetenspecialist.nl\/de\/wp-json\/wp\/v2\/users\/1"}],"replies":[{"embeddable":true,"href":"https:\/\/www.magnetenspecialist.nl\/de\/wp-json\/wp\/v2\/comments?post=107500"}],"version-history":[{"count":2,"href":"https:\/\/www.magnetenspecialist.nl\/de\/wp-json\/wp\/v2\/pages\/107500\/revisions"}],"predecessor-version":[{"id":132805,"href":"https:\/\/www.magnetenspecialist.nl\/de\/wp-json\/wp\/v2\/pages\/107500\/revisions\/132805"}],"wp:attachment":[{"href":"https:\/\/www.magnetenspecialist.nl\/de\/wp-json\/wp\/v2\/media?parent=107500"}],"curies":[{"name":"wp","href":"https:\/\/api.w.org\/{rel}","templated":true}]}}