{"id":107519,"date":"2019-03-13T09:45:23","date_gmt":"2019-03-13T08:45:23","guid":{"rendered":"https:\/\/www.magnetenspecialist.nl\/entkopplungsmagnete\/"},"modified":"2022-02-04T12:14:03","modified_gmt":"2022-02-04T11:14:03","slug":"entkopplungsmagnete","status":"publish","type":"page","link":"https:\/\/www.magnetenspecialist.nl\/de\/entkopplungsmagnete\/","title":{"rendered":"Entkopplungsmagnete"},"content":{"rendered":"<div class=\"row d-flex align-items-center\">\n<div class=\"col-md-6 col-lg-4 col-xl-3\">\n<figure class=\"wp-block-image\"><img decoding=\"async\" src=\"https:\/\/www.magnetenspecialist.nl\/wp-content\/uploads\/2019\/03\/Image-287.png\" alt=\"Entkopplungsmagnete\" class=\"aligncenter\"\/><\/figure><\/div>\n\n<div class=\"col-md-6 col-lg-8 col-xl-9\">\n<h2>Entkopplungsmagnet online kaufen<\/h2>\n<p>Mit den Abziehmagneten k\u00f6nnen Sie Diebstahlsicherungsetiketten von Produkten abziehen. Wir verkaufen verschiedene Arten von Entkopplungsmagneten. Jeder Magnet ist in der Lage, viele verschiedene Arten von Diebstahlsicherungsetiketten zu l\u00f6sen. Sie m\u00f6chten wissen, welchen Entkopplungsmagneten Sie ben\u00f6tigen? Dann nehmen Sie Kontakt auf. Wir helfen Ihnen gerne.<\/p>\n<\/div>\n<\/div><h2 class=\"wp-block-heading\">Abziehmagnete f\u00fcr den Diebstahlschutz im Einzelhandel<\/h2><p>Ein Entkopplungsmagnet wird haupts\u00e4chlich im Einzelhandel eingesetzt. In Bekleidungsgesch\u00e4ften zum Beispiel entfernt das Personal an der Kasse das Diebstahlsicherungsetikett, und der Artikel kann verkauft werden. Entkopplungsmagnete k\u00f6nnen Sie schnell online beim Magnetspezialisten kaufen. Im Webshop von magnetenspecialist.nl finden Sie verschiedene Arten und Gr\u00f6\u00dfen von Entkopplungsmagneten. Wir bieten Ihnen eine gro\u00dfe Auswahl und schnelle Lieferung. Auch gro\u00dfe Chargen sind f\u00fcr uns kein Problem. Wir bieten eine detaillierte \u00dcbersicht \u00fcber die Produktspezifikationen f\u00fcr jedes Produkt, so dass es fast unm\u00f6glich ist, einen Fehler zu machen.  <\/p><h2 class=\"wp-block-heading\">Entkopplungsmagnet f\u00fcr den Einzelhandel  <\/h2><p>Suchen Sie einen speziellen Entkopplungsmagneten f\u00fcr den Einzelhandel? Der Magnetspezialist wird Ihnen helfen. Klicken Sie auf den unten stehenden Link, um unser gesamtes Sortiment an Entkopplungsmagneten zu sehen. Geben Sie eine Bestellung auf und genie\u00dfen Sie unsere schnelle Lieferung. Wir k\u00f6nnen Ihnen auch gro\u00dfe Chargen von Entkopplungsmagneten schnell und problemlos liefern.  <\/p><div class=\"cta-banner\">\n    <h4>Siehe unsere Entkopplungsmagnete<\/h4>\n    <a class=\"cta-banner-btn\" href=\"https:\/\/www.magnetenspecialist.nl\/?s=Ontkoppelmagneet&#038;post_type=product\" title=\"Bekijk onze ontkoppelmagneten\">Jetzt ansehen<\/a>\n<\/div>","protected":false},"excerpt":{"rendered":"<p>Entkopplungsmagnet online kaufen Mit den Abziehmagneten k\u00f6nnen Sie Diebstahlsicherungsetiketten von Produkten abziehen. Wir verkaufen verschiedene Arten von Entkopplungsmagneten. Jeder Magnet ist in der Lage, viele verschiedene Arten von Diebstahlsicherungsetiketten zu l\u00f6sen. Sie m\u00f6chten wissen, welchen Entkopplungsmagneten Sie ben\u00f6tigen? Dann nehmen Sie Kontakt auf. Wir helfen Ihnen gerne. Abziehmagnete f\u00fcr den Diebstahlschutz im Einzelhandel Ein Entkopplungsmagnet [&hellip;]<\/p>\n","protected":false},"author":1,"featured_media":0,"parent":0,"menu_order":0,"comment_status":"closed","ping_status":"closed","template":"template-full.php","meta":{"_acf_changed":false,"footnotes":""},"class_list":["post-107519","page","type-page","status-publish","hentry"],"acf":[],"yoast_head":"<!-- This site is optimized with the Yoast SEO Premium plugin v24.7 (Yoast SEO v24.7) - https:\/\/yoast.com\/wordpress\/plugins\/seo\/ -->\n<title>Trennmagnete f\u00fcr Diebstahlsicherungsanh\u00e4nger | De Magnetenspecialist.nl<\/title>\n<meta name=\"description\" content=\"Sie ben\u00f6tigen Entkopplungsmagnete f\u00fcr den Einzelhandel? Werfen Sie einen Blick auf die Entkopplungsmagnete von Magnet Specialist. Zu wettbewerbsf\u00e4higen Preisen, schnelle Lieferung.\" \/>\n<meta name=\"robots\" content=\"index, follow, max-snippet:-1, max-image-preview:large, max-video-preview:-1\" \/>\n<link rel=\"canonical\" href=\"https:\/\/www.magnetenspecialist.nl\/de\/entkopplungsmagnete\/\" \/>\n<meta property=\"og:locale\" content=\"de_DE\" \/>\n<meta property=\"og:type\" content=\"article\" \/>\n<meta property=\"og:title\" content=\"Entkopplungsmagnete\" \/>\n<meta property=\"og:description\" content=\"Sie ben\u00f6tigen Entkopplungsmagnete f\u00fcr den Einzelhandel? Werfen Sie einen Blick auf die Entkopplungsmagnete von Magnet Specialist. Zu wettbewerbsf\u00e4higen Preisen, schnelle Lieferung.\" \/>\n<meta property=\"og:url\" content=\"https:\/\/www.magnetenspecialist.nl\/de\/entkopplungsmagnete\/\" \/>\n<meta property=\"og:site_name\" content=\"Magnetenspecialist.nl\" \/>\n<meta property=\"article:publisher\" content=\"https:\/\/www.facebook.com\/Magnetenspecialist.nl\" \/>\n<meta property=\"article:modified_time\" content=\"2022-02-04T11:14:03+00:00\" \/>\n<meta property=\"og:image\" content=\"https:\/\/www.magnetenspecialist.nl\/wp-content\/uploads\/2019\/03\/Image-287.png\" \/>\n<meta name=\"twitter:card\" content=\"summary_large_image\" \/>\n<meta name=\"twitter:site\" content=\"@magnetenspecial\" \/>\n<meta name=\"twitter:label1\" content=\"Gesch\u00e4tzte Lesezeit\" \/>\n\t<meta name=\"twitter:data1\" content=\"1 Minute\" \/>\n<script type=\"application\/ld+json\" class=\"yoast-schema-graph\">{\"@context\":\"https:\/\/schema.org\",\"@graph\":[{\"@type\":\"WebPage\",\"@id\":\"https:\/\/www.magnetenspecialist.nl\/de\/entkopplungsmagnete\/\",\"url\":\"https:\/\/www.magnetenspecialist.nl\/de\/entkopplungsmagnete\/\",\"name\":\"Trennmagnete f\u00fcr Diebstahlsicherungsanh\u00e4nger | De Magnetenspecialist.nl\",\"isPartOf\":{\"@id\":\"https:\/\/www.magnetenspecialist.nl\/de\/#website\"},\"primaryImageOfPage\":{\"@id\":\"https:\/\/www.magnetenspecialist.nl\/de\/entkopplungsmagnete\/#primaryimage\"},\"image\":{\"@id\":\"https:\/\/www.magnetenspecialist.nl\/de\/entkopplungsmagnete\/#primaryimage\"},\"thumbnailUrl\":\"https:\/\/www.magnetenspecialist.nl\/wp-content\/uploads\/2019\/03\/Image-287.png\",\"datePublished\":\"2019-03-13T08:45:23+00:00\",\"dateModified\":\"2022-02-04T11:14:03+00:00\",\"description\":\"Sie ben\u00f6tigen Entkopplungsmagnete f\u00fcr den Einzelhandel? Werfen Sie einen Blick auf die Entkopplungsmagnete von Magnet Specialist. Zu wettbewerbsf\u00e4higen Preisen, schnelle Lieferung.\",\"breadcrumb\":{\"@id\":\"https:\/\/www.magnetenspecialist.nl\/de\/entkopplungsmagnete\/#breadcrumb\"},\"inLanguage\":\"de-DE\",\"potentialAction\":[{\"@type\":\"ReadAction\",\"target\":[\"https:\/\/www.magnetenspecialist.nl\/de\/entkopplungsmagnete\/\"]}]},{\"@type\":\"ImageObject\",\"inLanguage\":\"de-DE\",\"@id\":\"https:\/\/www.magnetenspecialist.nl\/de\/entkopplungsmagnete\/#primaryimage\",\"url\":\"https:\/\/www.magnetenspecialist.nl\/wp-content\/uploads\/2019\/03\/Image-287.png\",\"contentUrl\":\"https:\/\/www.magnetenspecialist.nl\/wp-content\/uploads\/2019\/03\/Image-287.png\"},{\"@type\":\"BreadcrumbList\",\"@id\":\"https:\/\/www.magnetenspecialist.nl\/de\/entkopplungsmagnete\/#breadcrumb\",\"itemListElement\":[{\"@type\":\"ListItem\",\"position\":1,\"name\":\"Startseite\",\"item\":\"https:\/\/www.magnetenspecialist.nl\/de\/\"},{\"@type\":\"ListItem\",\"position\":2,\"name\":\"Entkopplungsmagnete\"}]},{\"@type\":\"WebSite\",\"@id\":\"https:\/\/www.magnetenspecialist.nl\/de\/#website\",\"url\":\"https:\/\/www.magnetenspecialist.nl\/de\/\",\"name\":\"Magnetenspecialist.nl\",\"description\":\"Umfangreiches Angebot an Neodym-Magneten\",\"publisher\":{\"@id\":\"https:\/\/www.magnetenspecialist.nl\/de\/#organization\"},\"potentialAction\":[{\"@type\":\"SearchAction\",\"target\":{\"@type\":\"EntryPoint\",\"urlTemplate\":\"https:\/\/www.magnetenspecialist.nl\/de\/?s={search_term_string}\"},\"query-input\":{\"@type\":\"PropertyValueSpecification\",\"valueRequired\":true,\"valueName\":\"search_term_string\"}}],\"inLanguage\":\"de-DE\"},{\"@type\":\"Organization\",\"@id\":\"https:\/\/www.magnetenspecialist.nl\/de\/#organization\",\"name\":\"Magnetenspecialist.nl\",\"url\":\"https:\/\/www.magnetenspecialist.nl\/de\/\",\"logo\":{\"@type\":\"ImageObject\",\"inLanguage\":\"de-DE\",\"@id\":\"https:\/\/www.magnetenspecialist.nl\/de\/#\/schema\/logo\/image\/\",\"url\":\"https:\/\/www.magnetenspecialist.nl\/wp-content\/uploads\/2018\/10\/magneten-logo.jpg\",\"contentUrl\":\"https:\/\/www.magnetenspecialist.nl\/wp-content\/uploads\/2018\/10\/magneten-logo.jpg\",\"width\":151,\"height\":151,\"caption\":\"Magnetenspecialist.nl\"},\"image\":{\"@id\":\"https:\/\/www.magnetenspecialist.nl\/de\/#\/schema\/logo\/image\/\"},\"sameAs\":[\"https:\/\/www.facebook.com\/Magnetenspecialist.nl\",\"https:\/\/x.com\/magnetenspecial\"]}]}<\/script>\n<!-- \/ Yoast SEO Premium plugin. -->","yoast_head_json":{"title":"Trennmagnete f\u00fcr Diebstahlsicherungsanh\u00e4nger | De Magnetenspecialist.nl","description":"Sie ben\u00f6tigen Entkopplungsmagnete f\u00fcr den Einzelhandel? Werfen Sie einen Blick auf die Entkopplungsmagnete von Magnet Specialist. Zu wettbewerbsf\u00e4higen Preisen, schnelle Lieferung.","robots":{"index":"index","follow":"follow","max-snippet":"max-snippet:-1","max-image-preview":"max-image-preview:large","max-video-preview":"max-video-preview:-1"},"canonical":"https:\/\/www.magnetenspecialist.nl\/de\/entkopplungsmagnete\/","og_locale":"de_DE","og_type":"article","og_title":"Entkopplungsmagnete","og_description":"Sie ben\u00f6tigen Entkopplungsmagnete f\u00fcr den Einzelhandel? Werfen Sie einen Blick auf die Entkopplungsmagnete von Magnet Specialist. Zu wettbewerbsf\u00e4higen Preisen, schnelle Lieferung.","og_url":"https:\/\/www.magnetenspecialist.nl\/de\/entkopplungsmagnete\/","og_site_name":"Magnetenspecialist.nl","article_publisher":"https:\/\/www.facebook.com\/Magnetenspecialist.nl","article_modified_time":"2022-02-04T11:14:03+00:00","og_image":[{"url":"https:\/\/www.magnetenspecialist.nl\/wp-content\/uploads\/2019\/03\/Image-287.png","type":"","width":"","height":""}],"twitter_card":"summary_large_image","twitter_site":"@magnetenspecial","twitter_misc":{"Gesch\u00e4tzte Lesezeit":"1 Minute"},"schema":{"@context":"https:\/\/schema.org","@graph":[{"@type":"WebPage","@id":"https:\/\/www.magnetenspecialist.nl\/de\/entkopplungsmagnete\/","url":"https:\/\/www.magnetenspecialist.nl\/de\/entkopplungsmagnete\/","name":"Trennmagnete f\u00fcr Diebstahlsicherungsanh\u00e4nger | De Magnetenspecialist.nl","isPartOf":{"@id":"https:\/\/www.magnetenspecialist.nl\/de\/#website"},"primaryImageOfPage":{"@id":"https:\/\/www.magnetenspecialist.nl\/de\/entkopplungsmagnete\/#primaryimage"},"image":{"@id":"https:\/\/www.magnetenspecialist.nl\/de\/entkopplungsmagnete\/#primaryimage"},"thumbnailUrl":"https:\/\/www.magnetenspecialist.nl\/wp-content\/uploads\/2019\/03\/Image-287.png","datePublished":"2019-03-13T08:45:23+00:00","dateModified":"2022-02-04T11:14:03+00:00","description":"Sie ben\u00f6tigen Entkopplungsmagnete f\u00fcr den Einzelhandel? Werfen Sie einen Blick auf die Entkopplungsmagnete von Magnet Specialist. Zu wettbewerbsf\u00e4higen Preisen, schnelle Lieferung.","breadcrumb":{"@id":"https:\/\/www.magnetenspecialist.nl\/de\/entkopplungsmagnete\/#breadcrumb"},"inLanguage":"de-DE","potentialAction":[{"@type":"ReadAction","target":["https:\/\/www.magnetenspecialist.nl\/de\/entkopplungsmagnete\/"]}]},{"@type":"ImageObject","inLanguage":"de-DE","@id":"https:\/\/www.magnetenspecialist.nl\/de\/entkopplungsmagnete\/#primaryimage","url":"https:\/\/www.magnetenspecialist.nl\/wp-content\/uploads\/2019\/03\/Image-287.png","contentUrl":"https:\/\/www.magnetenspecialist.nl\/wp-content\/uploads\/2019\/03\/Image-287.png"},{"@type":"BreadcrumbList","@id":"https:\/\/www.magnetenspecialist.nl\/de\/entkopplungsmagnete\/#breadcrumb","itemListElement":[{"@type":"ListItem","position":1,"name":"Startseite","item":"https:\/\/www.magnetenspecialist.nl\/de\/"},{"@type":"ListItem","position":2,"name":"Entkopplungsmagnete"}]},{"@type":"WebSite","@id":"https:\/\/www.magnetenspecialist.nl\/de\/#website","url":"https:\/\/www.magnetenspecialist.nl\/de\/","name":"Magnetenspecialist.nl","description":"Umfangreiches Angebot an Neodym-Magneten","publisher":{"@id":"https:\/\/www.magnetenspecialist.nl\/de\/#organization"},"potentialAction":[{"@type":"SearchAction","target":{"@type":"EntryPoint","urlTemplate":"https:\/\/www.magnetenspecialist.nl\/de\/?s={search_term_string}"},"query-input":{"@type":"PropertyValueSpecification","valueRequired":true,"valueName":"search_term_string"}}],"inLanguage":"de-DE"},{"@type":"Organization","@id":"https:\/\/www.magnetenspecialist.nl\/de\/#organization","name":"Magnetenspecialist.nl","url":"https:\/\/www.magnetenspecialist.nl\/de\/","logo":{"@type":"ImageObject","inLanguage":"de-DE","@id":"https:\/\/www.magnetenspecialist.nl\/de\/#\/schema\/logo\/image\/","url":"https:\/\/www.magnetenspecialist.nl\/wp-content\/uploads\/2018\/10\/magneten-logo.jpg","contentUrl":"https:\/\/www.magnetenspecialist.nl\/wp-content\/uploads\/2018\/10\/magneten-logo.jpg","width":151,"height":151,"caption":"Magnetenspecialist.nl"},"image":{"@id":"https:\/\/www.magnetenspecialist.nl\/de\/#\/schema\/logo\/image\/"},"sameAs":["https:\/\/www.facebook.com\/Magnetenspecialist.nl","https:\/\/x.com\/magnetenspecial"]}]}},"_links":{"self":[{"href":"https:\/\/www.magnetenspecialist.nl\/de\/wp-json\/wp\/v2\/pages\/107519"}],"collection":[{"href":"https:\/\/www.magnetenspecialist.nl\/de\/wp-json\/wp\/v2\/pages"}],"about":[{"href":"https:\/\/www.magnetenspecialist.nl\/de\/wp-json\/wp\/v2\/types\/page"}],"author":[{"embeddable":true,"href":"https:\/\/www.magnetenspecialist.nl\/de\/wp-json\/wp\/v2\/users\/1"}],"replies":[{"embeddable":true,"href":"https:\/\/www.magnetenspecialist.nl\/de\/wp-json\/wp\/v2\/comments?post=107519"}],"version-history":[{"count":0,"href":"https:\/\/www.magnetenspecialist.nl\/de\/wp-json\/wp\/v2\/pages\/107519\/revisions"}],"wp:attachment":[{"href":"https:\/\/www.magnetenspecialist.nl\/de\/wp-json\/wp\/v2\/media?parent=107519"}],"curies":[{"name":"wp","href":"https:\/\/api.w.org\/{rel}","templated":true}]}}