{"id":102296,"date":"2021-08-15T19:30:16","date_gmt":"2021-08-15T17:30:16","guid":{"rendered":"https:\/\/www.magnetenspecialist.nl\/?post_type=product&#038;p=102296"},"modified":"2025-03-18T15:49:38","modified_gmt":"2025-03-18T14:49:38","slug":"blokmagneet-40-x-15-x-3-mm","status":"publish","type":"product","link":"https:\/\/www.magnetenspecialist.nl\/de\/speichern\/blockmagnete\/blokmagneet-40-x-15-x-3-mm\/","title":{"rendered":"Blockmagnet 40 x 15 x 3 mm, N45"},"content":{"rendered":"<h3>Leistungsstarke Blockmagnete schnell und preiswert geliefert<\/h3>\n<p>  Ein Blockmagnet ist vielleicht die traditionellste Form eines Magneten: rechteckig und leicht aufnehmbar. Gleichzeitig sind Blockmagnete aber auch sehr stark. Ideal f\u00fcr den Einsatz zu Hause, im B\u00fcro oder f\u00fcr industrielle Anwendungen. Sie suchen also starke Neodym-Blockmagnete? Bei Magnetenspecialist.nl k\u00f6nnen Sie sie online bestellen. Auf dieser Website k\u00f6nnen Sie unser komplettes Angebot sehen. F\u00fcr jeden Blockmagneten sehen Sie ein Bild mit der Gr\u00f6\u00dfe und den Spezifikationen.<\/p>\n","protected":false},"excerpt":{"rendered":"<p>Ein Neodym-Blockmagnet mit den Ma\u00dfen 40 x 15 x 3 mm ist ein starker Magnet mit einer rechteckigen Form, der in verschiedenen Bereichen wie der Industrie, der Wissenschaft und im Hobbybereich weit verbreitet ist. Dieser aus Neodym, Eisen und Bor hergestellte Magnet hat eine sehr hohe Magnetkraft, die es ihm erm\u00f6glicht, gro\u00dfe Metallgegenst\u00e4nde anzuziehen und zu halten. Der kompakte und einfach zu bedienende Magnet kann in verschiedenen Situationen eingesetzt werden, z. B. im Maschinenbau, in der medizinischen Industrie oder als Spielzeug f\u00fcr Kinder. Es ist wichtig, dass Sie beim Umgang mit diesem Magneten vorsichtig sind, da er sehr stark ist und bei unsachgem\u00e4\u00dfer Verwendung schwere Verletzungen verursachen kann.<\/p>\n","protected":false},"featured_media":113712,"template":"","meta":{"_acf_changed":false},"product_brand":[3521],"product_cat":[1377],"product_tag":[3164],"class_list":{"0":"post-102296","1":"product","2":"type-product","3":"status-publish","4":"has-post-thumbnail","6":"product_brand-magnetenspecialist","7":"product_cat-blockmagnete","8":"product_tag-groep-4-de","9":"pa_herkomst-china-de","10":"pa_houdkracht-5-8-de","11":"pa_magnetisering-n45-de","12":"pa_magnetiseringsrichting-axiaal-de","13":"pa_materiaal-vernickelt-ni-cu-ni-de-2","14":"pa_maximale-gebruikstemperatuur-80-de","15":"pa_model-block-de","16":"pa_preferentiele-oorsprong-nein","17":"pa_taric-code-8505-1110-99-0-de","19":"first","20":"instock","21":"taxable","22":"shipping-taxable","23":"purchasable","24":"product-type-simple"},"supplier_id":null,"supplier_sku":"","barcode":null,"atum_controlled":true,"out_stock_date":null,"out_stock_threshold":null,"inheritable":false,"inbound_stock":0,"stock_on_hold":0,"sold_today":0,"sales_last_days":50,"reserved_stock":0,"customer_returns":0,"warehouse_damage":0,"lost_in_post":0,"other_logs":0,"out_stock_days":0,"lost_sales":0,"has_location":false,"update_date":"2026-04-25T07:17:45","atum_locations":[],"atum_stock_status":"instock","restock_status":false,"low_stock_amount":1600,"sales_update_date":"2026-04-25T07:17:43","calc_backorders":null,"acf":[],"yoast_head":"<!-- This site is optimized with the Yoast SEO Premium plugin v24.7 (Yoast SEO v24.7) - https:\/\/yoast.com\/wordpress\/plugins\/seo\/ -->\n<title>Block Magnet 40x15x3mm N45 for Medium-Strength Magnetic Solutions<\/title>\n<meta name=\"description\" content=\"Suchen Sie einen Blockmagnet 40 x 15 x 3 mm, N45? Magnete k\u00f6nnen bequem online gekauft werden Magnetenspecialist.nl 1 Werktag Lieferzeit \u2713 14 Tage Bedenkzeit \u2713 Versand oder Abholung *.\" \/>\n<meta name=\"robots\" content=\"index, follow, max-snippet:-1, max-image-preview:large, max-video-preview:-1\" \/>\n<link rel=\"canonical\" href=\"https:\/\/www.magnetenspecialist.nl\/de\/speichern\/blockmagnete\/blokmagneet-40-x-15-x-3-mm\/\" \/>\n<meta property=\"og:locale\" content=\"de_DE\" \/>\n<meta property=\"og:type\" content=\"article\" \/>\n<meta property=\"og:title\" content=\"Blockmagnet 40 x 15 x 3 mm, N45\" \/>\n<meta property=\"og:description\" content=\"Suchen Sie einen Blockmagnet 40 x 15 x 3 mm, N45? Magnete k\u00f6nnen bequem online gekauft werden Magnetenspecialist.nl 1 Werktag Lieferzeit \u2713 14 Tage Bedenkzeit \u2713 Versand oder Abholung *.\" \/>\n<meta property=\"og:url\" content=\"https:\/\/www.magnetenspecialist.nl\/de\/speichern\/blockmagnete\/blokmagneet-40-x-15-x-3-mm\/\" \/>\n<meta property=\"og:site_name\" content=\"Magnetenspecialist.nl\" \/>\n<meta property=\"article:publisher\" content=\"https:\/\/www.facebook.com\/Magnetenspecialist.nl\" \/>\n<meta property=\"article:modified_time\" content=\"2025-03-18T14:49:38+00:00\" \/>\n<meta property=\"og:image\" content=\"https:\/\/www.magnetenspecialist.nl\/wp-content\/uploads\/2021\/08\/Magnetenspecialist.nl_Blokmagneet-40-x-15-x-3-mm_2.jpg\" \/>\n\t<meta property=\"og:image:width\" content=\"1500\" \/>\n\t<meta property=\"og:image:height\" content=\"1500\" \/>\n\t<meta property=\"og:image:type\" content=\"image\/jpeg\" \/>\n<meta name=\"twitter:card\" content=\"summary_large_image\" \/>\n<meta name=\"twitter:site\" content=\"@magnetenspecial\" \/>\n<meta name=\"twitter:label1\" content=\"Preis\" \/>\n\t<meta name=\"twitter:data1\" content=\"&euro;&nbsp;3,51\" \/>\n\t<meta name=\"twitter:label2\" content=\"Verf\u00fcgbarkeit\" \/>\n\t<meta name=\"twitter:data2\" content=\"Auf Lager\" \/>\n<script type=\"application\/ld+json\" class=\"yoast-schema-graph\">{\"@context\":\"https:\/\/schema.org\",\"@graph\":[{\"@type\":\"WebPage\",\"@id\":\"https:\/\/www.magnetenspecialist.nl\/de\/speichern\/blockmagnete\/blokmagneet-40-x-15-x-3-mm\/\",\"url\":\"https:\/\/www.magnetenspecialist.nl\/de\/speichern\/blockmagnete\/blokmagneet-40-x-15-x-3-mm\/\",\"name\":\"Block Magnet 40x15x3mm N45 for Medium-Strength Magnetic Solutions\",\"isPartOf\":{\"@id\":\"https:\/\/www.magnetenspecialist.nl\/de\/#website\"},\"primaryImageOfPage\":{\"@id\":\"https:\/\/www.magnetenspecialist.nl\/de\/speichern\/blockmagnete\/blokmagneet-40-x-15-x-3-mm\/#primaryimage\"},\"image\":{\"@id\":\"https:\/\/www.magnetenspecialist.nl\/de\/speichern\/blockmagnete\/blokmagneet-40-x-15-x-3-mm\/#primaryimage\"},\"thumbnailUrl\":\"https:\/\/www.magnetenspecialist.nl\/wp-content\/uploads\/2021\/08\/Magnetenspecialist.nl_Blokmagneet-40-x-15-x-3-mm_2.jpg\",\"datePublished\":\"2021-08-15T17:30:16+00:00\",\"dateModified\":\"2025-03-18T14:49:38+00:00\",\"description\":\"Suchen Sie einen Blockmagnet 40 x 15 x 3 mm, N45? Magnete k\u00f6nnen bequem online gekauft werden Magnetenspecialist.nl 1 Werktag Lieferzeit \u2713 14 Tage Bedenkzeit \u2713 Versand oder Abholung *.\",\"breadcrumb\":{\"@id\":\"https:\/\/www.magnetenspecialist.nl\/de\/speichern\/blockmagnete\/blokmagneet-40-x-15-x-3-mm\/#breadcrumb\"},\"inLanguage\":\"de\",\"potentialAction\":[{\"@type\":\"ReadAction\",\"target\":[\"https:\/\/www.magnetenspecialist.nl\/de\/speichern\/blockmagnete\/blokmagneet-40-x-15-x-3-mm\/\"]}]},{\"@type\":\"ImageObject\",\"inLanguage\":\"de\",\"@id\":\"https:\/\/www.magnetenspecialist.nl\/de\/speichern\/blockmagnete\/blokmagneet-40-x-15-x-3-mm\/#primaryimage\",\"url\":\"https:\/\/www.magnetenspecialist.nl\/wp-content\/uploads\/2021\/08\/Magnetenspecialist.nl_Blokmagneet-40-x-15-x-3-mm_2.jpg\",\"contentUrl\":\"https:\/\/www.magnetenspecialist.nl\/wp-content\/uploads\/2021\/08\/Magnetenspecialist.nl_Blokmagneet-40-x-15-x-3-mm_2.jpg\",\"width\":1500,\"height\":1500},{\"@type\":\"BreadcrumbList\",\"@id\":\"https:\/\/www.magnetenspecialist.nl\/de\/speichern\/blockmagnete\/blokmagneet-40-x-15-x-3-mm\/#breadcrumb\",\"itemListElement\":[{\"@type\":\"ListItem\",\"position\":1,\"name\":\"Startseite\",\"item\":\"https:\/\/www.magnetenspecialist.nl\/de\/\"},{\"@type\":\"ListItem\",\"position\":2,\"name\":\"Shop\",\"item\":\"https:\/\/www.magnetenspecialist.nl\/de\/shop\/\"},{\"@type\":\"ListItem\",\"position\":3,\"name\":\"Blockmagnet 40 x 15 x 3 mm, N45\"}]},{\"@type\":\"WebSite\",\"@id\":\"https:\/\/www.magnetenspecialist.nl\/de\/#website\",\"url\":\"https:\/\/www.magnetenspecialist.nl\/de\/\",\"name\":\"Magnetenspecialist.nl\",\"description\":\"Umfangreiches Angebot an Neodym-Magneten\",\"publisher\":{\"@id\":\"https:\/\/www.magnetenspecialist.nl\/de\/#organization\"},\"potentialAction\":[{\"@type\":\"SearchAction\",\"target\":{\"@type\":\"EntryPoint\",\"urlTemplate\":\"https:\/\/www.magnetenspecialist.nl\/de\/?s={search_term_string}\"},\"query-input\":{\"@type\":\"PropertyValueSpecification\",\"valueRequired\":true,\"valueName\":\"search_term_string\"}}],\"inLanguage\":\"de\"},{\"@type\":\"Organization\",\"@id\":\"https:\/\/www.magnetenspecialist.nl\/de\/#organization\",\"name\":\"Magnetenspecialist.nl\",\"url\":\"https:\/\/www.magnetenspecialist.nl\/de\/\",\"logo\":{\"@type\":\"ImageObject\",\"inLanguage\":\"de\",\"@id\":\"https:\/\/www.magnetenspecialist.nl\/de\/#\/schema\/logo\/image\/\",\"url\":\"https:\/\/www.magnetenspecialist.nl\/wp-content\/uploads\/2018\/10\/magneten-logo.jpg\",\"contentUrl\":\"https:\/\/www.magnetenspecialist.nl\/wp-content\/uploads\/2018\/10\/magneten-logo.jpg\",\"width\":151,\"height\":151,\"caption\":\"Magnetenspecialist.nl\"},\"image\":{\"@id\":\"https:\/\/www.magnetenspecialist.nl\/de\/#\/schema\/logo\/image\/\"},\"sameAs\":[\"https:\/\/www.facebook.com\/Magnetenspecialist.nl\",\"https:\/\/x.com\/magnetenspecial\"]}]}<\/script>\n<meta property=\"product:price:amount\" content=\"3.51\" \/>\n<meta property=\"product:price:currency\" content=\"EUR\" \/>\n<meta property=\"og:availability\" content=\"instock\" \/>\n<meta property=\"product:availability\" content=\"instock\" \/>\n<meta property=\"product:retailer_item_id\" content=\"bl040x015x003-N-1\" \/>\n<meta property=\"product:condition\" content=\"new\" \/>\n<!-- \/ Yoast SEO Premium plugin. -->","yoast_head_json":{"title":"Block Magnet 40x15x3mm N45 for Medium-Strength Magnetic Solutions","description":"Suchen Sie einen Blockmagnet 40 x 15 x 3 mm, N45? Magnete k\u00f6nnen bequem online gekauft werden Magnetenspecialist.nl 1 Werktag Lieferzeit \u2713 14 Tage Bedenkzeit \u2713 Versand oder Abholung *.","robots":{"index":"index","follow":"follow","max-snippet":"max-snippet:-1","max-image-preview":"max-image-preview:large","max-video-preview":"max-video-preview:-1"},"canonical":"https:\/\/www.magnetenspecialist.nl\/de\/speichern\/blockmagnete\/blokmagneet-40-x-15-x-3-mm\/","og_locale":"de_DE","og_type":"article","og_title":"Blockmagnet 40 x 15 x 3 mm, N45","og_description":"Suchen Sie einen Blockmagnet 40 x 15 x 3 mm, N45? Magnete k\u00f6nnen bequem online gekauft werden Magnetenspecialist.nl 1 Werktag Lieferzeit \u2713 14 Tage Bedenkzeit \u2713 Versand oder Abholung *.","og_url":"https:\/\/www.magnetenspecialist.nl\/de\/speichern\/blockmagnete\/blokmagneet-40-x-15-x-3-mm\/","og_site_name":"Magnetenspecialist.nl","article_publisher":"https:\/\/www.facebook.com\/Magnetenspecialist.nl","article_modified_time":"2025-03-18T14:49:38+00:00","og_image":[{"width":1500,"height":1500,"url":"https:\/\/www.magnetenspecialist.nl\/wp-content\/uploads\/2021\/08\/Magnetenspecialist.nl_Blokmagneet-40-x-15-x-3-mm_2.jpg","type":"image\/jpeg"}],"twitter_card":"summary_large_image","twitter_site":"@magnetenspecial","twitter_misc":{"Preis":"&euro;&nbsp;3,51","Verf\u00fcgbarkeit":"Auf Lager"},"schema":{"@context":"https:\/\/schema.org","@graph":[{"@type":"WebPage","@id":"https:\/\/www.magnetenspecialist.nl\/de\/speichern\/blockmagnete\/blokmagneet-40-x-15-x-3-mm\/","url":"https:\/\/www.magnetenspecialist.nl\/de\/speichern\/blockmagnete\/blokmagneet-40-x-15-x-3-mm\/","name":"Block Magnet 40x15x3mm N45 for Medium-Strength Magnetic Solutions","isPartOf":{"@id":"https:\/\/www.magnetenspecialist.nl\/de\/#website"},"primaryImageOfPage":{"@id":"https:\/\/www.magnetenspecialist.nl\/de\/speichern\/blockmagnete\/blokmagneet-40-x-15-x-3-mm\/#primaryimage"},"image":{"@id":"https:\/\/www.magnetenspecialist.nl\/de\/speichern\/blockmagnete\/blokmagneet-40-x-15-x-3-mm\/#primaryimage"},"thumbnailUrl":"https:\/\/www.magnetenspecialist.nl\/wp-content\/uploads\/2021\/08\/Magnetenspecialist.nl_Blokmagneet-40-x-15-x-3-mm_2.jpg","datePublished":"2021-08-15T17:30:16+00:00","dateModified":"2025-03-18T14:49:38+00:00","description":"Suchen Sie einen Blockmagnet 40 x 15 x 3 mm, N45? Magnete k\u00f6nnen bequem online gekauft werden Magnetenspecialist.nl 1 Werktag Lieferzeit \u2713 14 Tage Bedenkzeit \u2713 Versand oder Abholung *.","breadcrumb":{"@id":"https:\/\/www.magnetenspecialist.nl\/de\/speichern\/blockmagnete\/blokmagneet-40-x-15-x-3-mm\/#breadcrumb"},"inLanguage":"de","potentialAction":[{"@type":"ReadAction","target":["https:\/\/www.magnetenspecialist.nl\/de\/speichern\/blockmagnete\/blokmagneet-40-x-15-x-3-mm\/"]}]},{"@type":"ImageObject","inLanguage":"de","@id":"https:\/\/www.magnetenspecialist.nl\/de\/speichern\/blockmagnete\/blokmagneet-40-x-15-x-3-mm\/#primaryimage","url":"https:\/\/www.magnetenspecialist.nl\/wp-content\/uploads\/2021\/08\/Magnetenspecialist.nl_Blokmagneet-40-x-15-x-3-mm_2.jpg","contentUrl":"https:\/\/www.magnetenspecialist.nl\/wp-content\/uploads\/2021\/08\/Magnetenspecialist.nl_Blokmagneet-40-x-15-x-3-mm_2.jpg","width":1500,"height":1500},{"@type":"BreadcrumbList","@id":"https:\/\/www.magnetenspecialist.nl\/de\/speichern\/blockmagnete\/blokmagneet-40-x-15-x-3-mm\/#breadcrumb","itemListElement":[{"@type":"ListItem","position":1,"name":"Startseite","item":"https:\/\/www.magnetenspecialist.nl\/de\/"},{"@type":"ListItem","position":2,"name":"Shop","item":"https:\/\/www.magnetenspecialist.nl\/de\/shop\/"},{"@type":"ListItem","position":3,"name":"Blockmagnet 40 x 15 x 3 mm, N45"}]},{"@type":"WebSite","@id":"https:\/\/www.magnetenspecialist.nl\/de\/#website","url":"https:\/\/www.magnetenspecialist.nl\/de\/","name":"Magnetenspecialist.nl","description":"Umfangreiches Angebot an Neodym-Magneten","publisher":{"@id":"https:\/\/www.magnetenspecialist.nl\/de\/#organization"},"potentialAction":[{"@type":"SearchAction","target":{"@type":"EntryPoint","urlTemplate":"https:\/\/www.magnetenspecialist.nl\/de\/?s={search_term_string}"},"query-input":{"@type":"PropertyValueSpecification","valueRequired":true,"valueName":"search_term_string"}}],"inLanguage":"de"},{"@type":"Organization","@id":"https:\/\/www.magnetenspecialist.nl\/de\/#organization","name":"Magnetenspecialist.nl","url":"https:\/\/www.magnetenspecialist.nl\/de\/","logo":{"@type":"ImageObject","inLanguage":"de","@id":"https:\/\/www.magnetenspecialist.nl\/de\/#\/schema\/logo\/image\/","url":"https:\/\/www.magnetenspecialist.nl\/wp-content\/uploads\/2018\/10\/magneten-logo.jpg","contentUrl":"https:\/\/www.magnetenspecialist.nl\/wp-content\/uploads\/2018\/10\/magneten-logo.jpg","width":151,"height":151,"caption":"Magnetenspecialist.nl"},"image":{"@id":"https:\/\/www.magnetenspecialist.nl\/de\/#\/schema\/logo\/image\/"},"sameAs":["https:\/\/www.facebook.com\/Magnetenspecialist.nl","https:\/\/x.com\/magnetenspecial"]}]},"product_price_amount":"3.51","product_price_currency":"EUR","og_availability":"instock","product_availability":"instock","product_retailer_item_id":"bl040x015x003-N-1","product_condition":"new"},"_links":{"self":[{"href":"https:\/\/www.magnetenspecialist.nl\/de\/wp-json\/wp\/v2\/product\/102296","targetHints":{"allow":["GET"]}}],"collection":[{"href":"https:\/\/www.magnetenspecialist.nl\/de\/wp-json\/wp\/v2\/product"}],"about":[{"href":"https:\/\/www.magnetenspecialist.nl\/de\/wp-json\/wp\/v2\/types\/product"}],"wp:featuredmedia":[{"embeddable":true,"href":"https:\/\/www.magnetenspecialist.nl\/de\/wp-json\/wp\/v2\/media\/113712"}],"wp:attachment":[{"href":"https:\/\/www.magnetenspecialist.nl\/de\/wp-json\/wp\/v2\/media?parent=102296"}],"wp:term":[{"taxonomy":"product_brand","embeddable":true,"href":"https:\/\/www.magnetenspecialist.nl\/de\/wp-json\/wp\/v2\/product_brand?post=102296"},{"taxonomy":"product_cat","embeddable":true,"href":"https:\/\/www.magnetenspecialist.nl\/de\/wp-json\/wp\/v2\/product_cat?post=102296"},{"taxonomy":"product_tag","embeddable":true,"href":"https:\/\/www.magnetenspecialist.nl\/de\/wp-json\/wp\/v2\/product_tag?post=102296"}],"curies":[{"name":"wp","href":"https:\/\/api.w.org\/{rel}","templated":true}]}}