{"id":104373,"date":"2021-08-03T14:41:04","date_gmt":"2021-08-03T12:41:04","guid":{"rendered":"https:\/\/www.magnetenspecialist.nl\/winkel\/unkategorisiert\/104373\/"},"modified":"2025-03-18T15:51:13","modified_gmt":"2025-03-18T14:51:13","slug":"magnet-spender-maximum-hohe-15mm-o15mm","status":"publish","type":"product","link":"https:\/\/www.magnetenspecialist.nl\/de\/speichern\/magnetspender\/magnet-spender-maximum-hohe-15mm-o15mm\/","title":{"rendered":"Magnetischer Spender &#8211; maximale Abmessungen: H\u00f6he 1,5 mm, \u00d8 15 mm"},"content":{"rendered":"<div style=\"width: 640px;\" class=\"wp-video\"><video class=\"wp-video-shortcode\" id=\"video-104373-1\" width=\"640\" height=\"360\" preload=\"metadata\" controls=\"controls\"><source type=\"video\/mp4\" src=\"https:\/\/www.magnetenspecialist.nl\/wp-content\/uploads\/2021\/08\/Mijn-film-6-2.mp4?_=1\" \/><a href=\"https:\/\/www.magnetenspecialist.nl\/wp-content\/uploads\/2021\/08\/Mijn-film-6-2.mp4\">https:\/\/www.magnetenspecialist.nl\/wp-content\/uploads\/2021\/08\/Mijn-film-6-2.mp4<\/a><\/video><\/div>\n<p>&nbsp;<\/p>\n<p><strong>Magnetischer Spender H\u00f6he 1,5 mm, \u00d8 15 mm<\/strong><\/p>\n<p>Dieser Magnetspender macht es einfach, kleine Magnete voneinander zu trennen. Dieses Produkt ist sehr praktisch, wenn man gr\u00f6\u00dfere Mengen von Magneten beim Basteln verwendet.<\/p>\n<p>&#x2660; keine wunden Finger mehr beim Herumschieben der Magnete<\/p>\n<p>&#x2660; geringere Gefahr der Besch\u00e4digung von Magneten durch kontrollierte Handhabung<\/p>\n<p>&#x2660; vereinfacht den Prozess der Entkopplung der Magnete<\/p>\n<p>&nbsp;<\/p>\n","protected":false},"excerpt":{"rendered":"<p>&nbsp; Magnetischer Spender H\u00f6he 1,5 mm, \u00d8 15 mm Dieser Magnetspender macht es einfach, kleine Magnete voneinander zu trennen. Dieses Produkt ist sehr praktisch, wenn man gr\u00f6\u00dfere Mengen von Magneten beim Basteln verwendet. &#x2660; keine wunden Finger mehr beim Herumschieben der Magnete &#x2660; geringere Gefahr der Besch\u00e4digung von Magneten durch kontrollierte Handhabung &#x2660; vereinfacht den [&hellip;]<\/p>\n","protected":false},"featured_media":101833,"template":"","meta":{"_acf_changed":false},"product_brand":[3521],"product_cat":[3271],"product_tag":[3162,3038,3044,3041],"class_list":{"0":"post-104373","1":"product","2":"type-product","3":"status-publish","4":"has-post-thumbnail","6":"product_brand-magnetenspecialist","7":"product_cat-magnetspender","8":"product_tag-groep-2-de","9":"product_tag-magnet-de","10":"product_tag-magnetischer-entkoppler","11":"product_tag-magnetspender","13":"first","14":"outofstock","15":"taxable","16":"shipping-taxable","17":"purchasable","18":"product-type-simple"},"supplier_id":null,"supplier_sku":"","barcode":null,"atum_controlled":true,"out_stock_date":null,"out_stock_threshold":null,"inheritable":false,"inbound_stock":0,"stock_on_hold":0,"sold_today":0,"sales_last_days":0,"reserved_stock":0,"customer_returns":0,"warehouse_damage":0,"lost_in_post":0,"other_logs":0,"out_stock_days":0,"lost_sales":0,"has_location":false,"update_date":"2026-04-21T09:57:53","atum_locations":[],"atum_stock_status":"outofstock","restock_status":false,"low_stock_amount":"","sales_update_date":"2026-04-03T08:06:19","calc_backorders":null,"acf":[],"yoast_head":"<!-- This site is optimized with the Yoast SEO Premium plugin v24.7 (Yoast SEO v24.7) - https:\/\/yoast.com\/wordpress\/plugins\/seo\/ -->\n<title>Magnetischer Spender - maximale Abmessungen: H\u00f6he 1,5 mm, \u00d8 15 mm - Magnetenspecialist.nl<\/title>\n<meta name=\"description\" content=\"Suchen Sie einen Magnetischer Spender - maximale Abmessungen: H\u00f6he 1,5 mm, \u00d8 15 mm? Magnete k\u00f6nnen bequem online gekauft werden Magnetenspecialist.nl 1 Werktag Lieferzeit \u2713 14 Tage Bedenkzeit \u2713 Versand oder Abholung *.\" \/>\n<meta name=\"robots\" content=\"index, follow, max-snippet:-1, max-image-preview:large, max-video-preview:-1\" \/>\n<link rel=\"canonical\" href=\"https:\/\/www.magnetenspecialist.nl\/de\/speichern\/magnetspender\/magnet-spender-maximum-hohe-15mm-o15mm\/\" \/>\n<meta property=\"og:locale\" content=\"de_DE\" \/>\n<meta property=\"og:type\" content=\"article\" \/>\n<meta property=\"og:title\" content=\"Magnetischer Spender - maximale Abmessungen: H\u00f6he 1,5 mm, \u00d8 15 mm\" \/>\n<meta property=\"og:description\" content=\"Suchen Sie einen Magnetischer Spender - maximale Abmessungen: H\u00f6he 1,5 mm, \u00d8 15 mm? Magnete k\u00f6nnen bequem online gekauft werden Magnetenspecialist.nl 1 Werktag Lieferzeit \u2713 14 Tage Bedenkzeit \u2713 Versand oder Abholung *.\" \/>\n<meta property=\"og:url\" content=\"https:\/\/www.magnetenspecialist.nl\/de\/speichern\/magnetspender\/magnet-spender-maximum-hohe-15mm-o15mm\/\" \/>\n<meta property=\"og:site_name\" content=\"Magnetenspecialist.nl\" \/>\n<meta property=\"article:publisher\" content=\"https:\/\/www.facebook.com\/Magnetenspecialist.nl\" \/>\n<meta property=\"article:modified_time\" content=\"2025-03-18T14:51:13+00:00\" \/>\n<meta property=\"og:image\" content=\"https:\/\/www.magnetenspecialist.nl\/wp-content\/uploads\/2021\/08\/magneet-dispensor-foto-2.jpg\" \/>\n\t<meta property=\"og:image:width\" content=\"1420\" \/>\n\t<meta property=\"og:image:height\" content=\"1080\" \/>\n\t<meta property=\"og:image:type\" content=\"image\/jpeg\" \/>\n<meta name=\"twitter:card\" content=\"summary_large_image\" \/>\n<meta name=\"twitter:site\" content=\"@magnetenspecial\" \/>\n<meta name=\"twitter:label1\" content=\"Preis\" \/>\n\t<meta name=\"twitter:data1\" content=\"&euro;&nbsp;28,92\" \/>\n\t<meta name=\"twitter:label2\" content=\"Verf\u00fcgbarkeit\" \/>\n\t<meta name=\"twitter:data2\" content=\"ausverkauft\" \/>\n<script type=\"application\/ld+json\" class=\"yoast-schema-graph\">{\"@context\":\"https:\/\/schema.org\",\"@graph\":[{\"@type\":\"WebPage\",\"@id\":\"https:\/\/www.magnetenspecialist.nl\/de\/speichern\/magnetspender\/magnet-spender-maximum-hohe-15mm-o15mm\/\",\"url\":\"https:\/\/www.magnetenspecialist.nl\/de\/speichern\/magnetspender\/magnet-spender-maximum-hohe-15mm-o15mm\/\",\"name\":\"Magnetischer Spender - maximale Abmessungen: H\u00f6he 1,5 mm, \u00d8 15 mm - Magnetenspecialist.nl\",\"isPartOf\":{\"@id\":\"https:\/\/www.magnetenspecialist.nl\/de\/#website\"},\"primaryImageOfPage\":{\"@id\":\"https:\/\/www.magnetenspecialist.nl\/de\/speichern\/magnetspender\/magnet-spender-maximum-hohe-15mm-o15mm\/#primaryimage\"},\"image\":{\"@id\":\"https:\/\/www.magnetenspecialist.nl\/de\/speichern\/magnetspender\/magnet-spender-maximum-hohe-15mm-o15mm\/#primaryimage\"},\"thumbnailUrl\":\"https:\/\/www.magnetenspecialist.nl\/wp-content\/uploads\/2021\/08\/magneet-dispensor-foto-2.jpg\",\"datePublished\":\"2021-08-03T12:41:04+00:00\",\"dateModified\":\"2025-03-18T14:51:13+00:00\",\"description\":\"Suchen Sie einen Magnetischer Spender - maximale Abmessungen: H\u00f6he 1,5 mm, \u00d8 15 mm? Magnete k\u00f6nnen bequem online gekauft werden Magnetenspecialist.nl 1 Werktag Lieferzeit \u2713 14 Tage Bedenkzeit \u2713 Versand oder Abholung *.\",\"breadcrumb\":{\"@id\":\"https:\/\/www.magnetenspecialist.nl\/de\/speichern\/magnetspender\/magnet-spender-maximum-hohe-15mm-o15mm\/#breadcrumb\"},\"inLanguage\":\"de\",\"potentialAction\":[{\"@type\":\"ReadAction\",\"target\":[\"https:\/\/www.magnetenspecialist.nl\/de\/speichern\/magnetspender\/magnet-spender-maximum-hohe-15mm-o15mm\/\"]}]},{\"@type\":\"ImageObject\",\"inLanguage\":\"de\",\"@id\":\"https:\/\/www.magnetenspecialist.nl\/de\/speichern\/magnetspender\/magnet-spender-maximum-hohe-15mm-o15mm\/#primaryimage\",\"url\":\"https:\/\/www.magnetenspecialist.nl\/wp-content\/uploads\/2021\/08\/magneet-dispensor-foto-2.jpg\",\"contentUrl\":\"https:\/\/www.magnetenspecialist.nl\/wp-content\/uploads\/2021\/08\/magneet-dispensor-foto-2.jpg\",\"width\":1420,\"height\":1080,\"caption\":\"magneet dispensor foto 2\"},{\"@type\":\"BreadcrumbList\",\"@id\":\"https:\/\/www.magnetenspecialist.nl\/de\/speichern\/magnetspender\/magnet-spender-maximum-hohe-15mm-o15mm\/#breadcrumb\",\"itemListElement\":[{\"@type\":\"ListItem\",\"position\":1,\"name\":\"Startseite\",\"item\":\"https:\/\/www.magnetenspecialist.nl\/de\/\"},{\"@type\":\"ListItem\",\"position\":2,\"name\":\"Shop\",\"item\":\"https:\/\/www.magnetenspecialist.nl\/de\/shop\/\"},{\"@type\":\"ListItem\",\"position\":3,\"name\":\"Magnetischer Spender &#8211; maximale Abmessungen: H\u00f6he 1,5 mm, \u00d8 15 mm\"}]},{\"@type\":\"WebSite\",\"@id\":\"https:\/\/www.magnetenspecialist.nl\/de\/#website\",\"url\":\"https:\/\/www.magnetenspecialist.nl\/de\/\",\"name\":\"Magnetenspecialist.nl\",\"description\":\"Umfangreiches Angebot an Neodym-Magneten\",\"publisher\":{\"@id\":\"https:\/\/www.magnetenspecialist.nl\/de\/#organization\"},\"potentialAction\":[{\"@type\":\"SearchAction\",\"target\":{\"@type\":\"EntryPoint\",\"urlTemplate\":\"https:\/\/www.magnetenspecialist.nl\/de\/?s={search_term_string}\"},\"query-input\":{\"@type\":\"PropertyValueSpecification\",\"valueRequired\":true,\"valueName\":\"search_term_string\"}}],\"inLanguage\":\"de\"},{\"@type\":\"Organization\",\"@id\":\"https:\/\/www.magnetenspecialist.nl\/de\/#organization\",\"name\":\"Magnetenspecialist.nl\",\"url\":\"https:\/\/www.magnetenspecialist.nl\/de\/\",\"logo\":{\"@type\":\"ImageObject\",\"inLanguage\":\"de\",\"@id\":\"https:\/\/www.magnetenspecialist.nl\/de\/#\/schema\/logo\/image\/\",\"url\":\"https:\/\/www.magnetenspecialist.nl\/wp-content\/uploads\/2018\/10\/magneten-logo.jpg\",\"contentUrl\":\"https:\/\/www.magnetenspecialist.nl\/wp-content\/uploads\/2018\/10\/magneten-logo.jpg\",\"width\":151,\"height\":151,\"caption\":\"Magnetenspecialist.nl\"},\"image\":{\"@id\":\"https:\/\/www.magnetenspecialist.nl\/de\/#\/schema\/logo\/image\/\"},\"sameAs\":[\"https:\/\/www.facebook.com\/Magnetenspecialist.nl\",\"https:\/\/x.com\/magnetenspecial\"]}]}<\/script>\n<meta property=\"product:price:amount\" content=\"28.92\" \/>\n<meta property=\"product:price:currency\" content=\"EUR\" \/>\n<meta property=\"og:availability\" content=\"out of stock\" \/>\n<meta property=\"product:availability\" content=\"out of stock\" \/>\n<meta property=\"product:retailer_item_id\" content=\"MD15x1.5\" \/>\n<meta property=\"product:condition\" content=\"new\" \/>\n<!-- \/ Yoast SEO Premium plugin. -->","yoast_head_json":{"title":"Magnetischer Spender - maximale Abmessungen: H\u00f6he 1,5 mm, \u00d8 15 mm - Magnetenspecialist.nl","description":"Suchen Sie einen Magnetischer Spender - maximale Abmessungen: H\u00f6he 1,5 mm, \u00d8 15 mm? Magnete k\u00f6nnen bequem online gekauft werden Magnetenspecialist.nl 1 Werktag Lieferzeit \u2713 14 Tage Bedenkzeit \u2713 Versand oder Abholung *.","robots":{"index":"index","follow":"follow","max-snippet":"max-snippet:-1","max-image-preview":"max-image-preview:large","max-video-preview":"max-video-preview:-1"},"canonical":"https:\/\/www.magnetenspecialist.nl\/de\/speichern\/magnetspender\/magnet-spender-maximum-hohe-15mm-o15mm\/","og_locale":"de_DE","og_type":"article","og_title":"Magnetischer Spender - maximale Abmessungen: H\u00f6he 1,5 mm, \u00d8 15 mm","og_description":"Suchen Sie einen Magnetischer Spender - maximale Abmessungen: H\u00f6he 1,5 mm, \u00d8 15 mm? Magnete k\u00f6nnen bequem online gekauft werden Magnetenspecialist.nl 1 Werktag Lieferzeit \u2713 14 Tage Bedenkzeit \u2713 Versand oder Abholung *.","og_url":"https:\/\/www.magnetenspecialist.nl\/de\/speichern\/magnetspender\/magnet-spender-maximum-hohe-15mm-o15mm\/","og_site_name":"Magnetenspecialist.nl","article_publisher":"https:\/\/www.facebook.com\/Magnetenspecialist.nl","article_modified_time":"2025-03-18T14:51:13+00:00","og_image":[{"width":1420,"height":1080,"url":"https:\/\/www.magnetenspecialist.nl\/wp-content\/uploads\/2021\/08\/magneet-dispensor-foto-2.jpg","type":"image\/jpeg"}],"twitter_card":"summary_large_image","twitter_site":"@magnetenspecial","twitter_misc":{"Preis":"&euro;&nbsp;28,92","Verf\u00fcgbarkeit":"ausverkauft"},"schema":{"@context":"https:\/\/schema.org","@graph":[{"@type":"WebPage","@id":"https:\/\/www.magnetenspecialist.nl\/de\/speichern\/magnetspender\/magnet-spender-maximum-hohe-15mm-o15mm\/","url":"https:\/\/www.magnetenspecialist.nl\/de\/speichern\/magnetspender\/magnet-spender-maximum-hohe-15mm-o15mm\/","name":"Magnetischer Spender - maximale Abmessungen: H\u00f6he 1,5 mm, \u00d8 15 mm - Magnetenspecialist.nl","isPartOf":{"@id":"https:\/\/www.magnetenspecialist.nl\/de\/#website"},"primaryImageOfPage":{"@id":"https:\/\/www.magnetenspecialist.nl\/de\/speichern\/magnetspender\/magnet-spender-maximum-hohe-15mm-o15mm\/#primaryimage"},"image":{"@id":"https:\/\/www.magnetenspecialist.nl\/de\/speichern\/magnetspender\/magnet-spender-maximum-hohe-15mm-o15mm\/#primaryimage"},"thumbnailUrl":"https:\/\/www.magnetenspecialist.nl\/wp-content\/uploads\/2021\/08\/magneet-dispensor-foto-2.jpg","datePublished":"2021-08-03T12:41:04+00:00","dateModified":"2025-03-18T14:51:13+00:00","description":"Suchen Sie einen Magnetischer Spender - maximale Abmessungen: H\u00f6he 1,5 mm, \u00d8 15 mm? Magnete k\u00f6nnen bequem online gekauft werden Magnetenspecialist.nl 1 Werktag Lieferzeit \u2713 14 Tage Bedenkzeit \u2713 Versand oder Abholung *.","breadcrumb":{"@id":"https:\/\/www.magnetenspecialist.nl\/de\/speichern\/magnetspender\/magnet-spender-maximum-hohe-15mm-o15mm\/#breadcrumb"},"inLanguage":"de","potentialAction":[{"@type":"ReadAction","target":["https:\/\/www.magnetenspecialist.nl\/de\/speichern\/magnetspender\/magnet-spender-maximum-hohe-15mm-o15mm\/"]}]},{"@type":"ImageObject","inLanguage":"de","@id":"https:\/\/www.magnetenspecialist.nl\/de\/speichern\/magnetspender\/magnet-spender-maximum-hohe-15mm-o15mm\/#primaryimage","url":"https:\/\/www.magnetenspecialist.nl\/wp-content\/uploads\/2021\/08\/magneet-dispensor-foto-2.jpg","contentUrl":"https:\/\/www.magnetenspecialist.nl\/wp-content\/uploads\/2021\/08\/magneet-dispensor-foto-2.jpg","width":1420,"height":1080,"caption":"magneet dispensor foto 2"},{"@type":"BreadcrumbList","@id":"https:\/\/www.magnetenspecialist.nl\/de\/speichern\/magnetspender\/magnet-spender-maximum-hohe-15mm-o15mm\/#breadcrumb","itemListElement":[{"@type":"ListItem","position":1,"name":"Startseite","item":"https:\/\/www.magnetenspecialist.nl\/de\/"},{"@type":"ListItem","position":2,"name":"Shop","item":"https:\/\/www.magnetenspecialist.nl\/de\/shop\/"},{"@type":"ListItem","position":3,"name":"Magnetischer Spender &#8211; maximale Abmessungen: H\u00f6he 1,5 mm, \u00d8 15 mm"}]},{"@type":"WebSite","@id":"https:\/\/www.magnetenspecialist.nl\/de\/#website","url":"https:\/\/www.magnetenspecialist.nl\/de\/","name":"Magnetenspecialist.nl","description":"Umfangreiches Angebot an Neodym-Magneten","publisher":{"@id":"https:\/\/www.magnetenspecialist.nl\/de\/#organization"},"potentialAction":[{"@type":"SearchAction","target":{"@type":"EntryPoint","urlTemplate":"https:\/\/www.magnetenspecialist.nl\/de\/?s={search_term_string}"},"query-input":{"@type":"PropertyValueSpecification","valueRequired":true,"valueName":"search_term_string"}}],"inLanguage":"de"},{"@type":"Organization","@id":"https:\/\/www.magnetenspecialist.nl\/de\/#organization","name":"Magnetenspecialist.nl","url":"https:\/\/www.magnetenspecialist.nl\/de\/","logo":{"@type":"ImageObject","inLanguage":"de","@id":"https:\/\/www.magnetenspecialist.nl\/de\/#\/schema\/logo\/image\/","url":"https:\/\/www.magnetenspecialist.nl\/wp-content\/uploads\/2018\/10\/magneten-logo.jpg","contentUrl":"https:\/\/www.magnetenspecialist.nl\/wp-content\/uploads\/2018\/10\/magneten-logo.jpg","width":151,"height":151,"caption":"Magnetenspecialist.nl"},"image":{"@id":"https:\/\/www.magnetenspecialist.nl\/de\/#\/schema\/logo\/image\/"},"sameAs":["https:\/\/www.facebook.com\/Magnetenspecialist.nl","https:\/\/x.com\/magnetenspecial"]}]},"product_price_amount":"28.92","product_price_currency":"EUR","og_availability":"out of stock","product_availability":"out of stock","product_retailer_item_id":"MD15x1.5","product_condition":"new"},"_links":{"self":[{"href":"https:\/\/www.magnetenspecialist.nl\/de\/wp-json\/wp\/v2\/product\/104373","targetHints":{"allow":["GET"]}}],"collection":[{"href":"https:\/\/www.magnetenspecialist.nl\/de\/wp-json\/wp\/v2\/product"}],"about":[{"href":"https:\/\/www.magnetenspecialist.nl\/de\/wp-json\/wp\/v2\/types\/product"}],"wp:featuredmedia":[{"embeddable":true,"href":"https:\/\/www.magnetenspecialist.nl\/de\/wp-json\/wp\/v2\/media\/101833"}],"wp:attachment":[{"href":"https:\/\/www.magnetenspecialist.nl\/de\/wp-json\/wp\/v2\/media?parent=104373"}],"wp:term":[{"taxonomy":"product_brand","embeddable":true,"href":"https:\/\/www.magnetenspecialist.nl\/de\/wp-json\/wp\/v2\/product_brand?post=104373"},{"taxonomy":"product_cat","embeddable":true,"href":"https:\/\/www.magnetenspecialist.nl\/de\/wp-json\/wp\/v2\/product_cat?post=104373"},{"taxonomy":"product_tag","embeddable":true,"href":"https:\/\/www.magnetenspecialist.nl\/de\/wp-json\/wp\/v2\/product_tag?post=104373"}],"curies":[{"name":"wp","href":"https:\/\/api.w.org\/{rel}","templated":true}]}}