{"id":111603,"date":"2022-05-25T15:33:52","date_gmt":"2022-05-25T13:33:52","guid":{"rendered":"https:\/\/www.magnetenspecialist.nl\/?post_type=product&#038;p=111603"},"modified":"2025-06-09T20:00:49","modified_gmt":"2025-06-09T18:00:49","slug":"osenschraube-edelstahl-magnet-mit-gummiummantelung-66mm-kopie","status":"publish","type":"product","link":"https:\/\/www.magnetenspecialist.nl\/de\/speichern\/osenmagnete\/osenschraube-edelstahl-magnet-mit-gummiummantelung-66mm-kopie\/","title":{"rendered":"Ringschraube Edelstahlmagnet mit Gummiummantelung 66mm"},"content":{"rendered":"<h3>Augenmagnete sind \u00fcberall n\u00fctzlich. Aber welches Format passt am besten zu Ihnen?<\/h3>\n<p>  Augenmagnete sind Magnete, die Sie auf jeder Stahloberfl\u00e4che anbringen k\u00f6nnen. Dank seiner gro\u00dfen Haltekraft k\u00f6nnen Sie alle Arten von Produkten, Werkzeugen und Ger\u00e4ten daran aufh\u00e4ngen. Das macht diese Augen ideal f\u00fcr einen dynamischen Arbeitsplatz! Neodym-Augenmagnete sind nicht im Baumarkt erh\u00e4ltlich. Schauen Sie sich also bei Ihrem Online-Magnetspezialisten um. Denn wir haben eine gro\u00dfe Auswahl an Augenmagneten und Ringen mit versenkten L\u00f6chern (Topfmagnete). Sie k\u00f6nnen sie einfach online bestellen.<\/p>\n","protected":false},"excerpt":{"rendered":"<p>\u00d6se aus rostfreiem Stahl M6<\/p>\n","protected":false},"featured_media":112911,"template":"","meta":{"_acf_changed":false},"product_brand":[3521],"product_cat":[1389],"product_tag":[3163],"class_list":{"0":"post-111603","1":"product","2":"type-product","3":"status-publish","4":"has-post-thumbnail","6":"product_brand-magnetenspecialist","7":"product_cat-osenmagnete","8":"product_tag-groep-3-de","9":"pa_houdkracht-25-de","10":"pa_magnetisering-n40-de","11":"pa_magnetiseringsrichting-axiaal-de","12":"pa_materiaal-vernickeltes-neodym","13":"pa_model-geschmiedete-ringschraube-edelstahl","15":"first","16":"instock","17":"taxable","18":"shipping-taxable","19":"purchasable","20":"product-type-simple"},"supplier_id":null,"supplier_sku":"","barcode":null,"atum_controlled":true,"out_stock_date":null,"out_stock_threshold":null,"inheritable":false,"inbound_stock":0,"stock_on_hold":1,"sold_today":2,"sales_last_days":2,"reserved_stock":0,"customer_returns":0,"warehouse_damage":0,"lost_in_post":0,"other_logs":0,"out_stock_days":0,"lost_sales":0,"has_location":false,"update_date":"2026-04-24T15:00:53","atum_locations":[],"atum_stock_status":"instock","restock_status":false,"low_stock_amount":80,"sales_update_date":"2026-04-24T14:44:43","calc_backorders":null,"acf":[],"yoast_head":"<!-- This site is optimized with the Yoast SEO Premium plugin v24.7 (Yoast SEO v24.7) - https:\/\/yoast.com\/wordpress\/plugins\/seo\/ -->\n<title>Ringschraube Edelstahlmagnet mit Gummiummantelung 66mm - Magnetenspecialist.nl<\/title>\n<meta name=\"description\" content=\"Suchen Sie einen Ringschraube Edelstahlmagnet mit Gummiummantelung 66mm? Magnete k\u00f6nnen bequem online gekauft werden Magnetenspecialist.nl 1 Werktag Lieferzeit \u2713 14 Tage Bedenkzeit \u2713 Versand oder Abholung *.\" \/>\n<meta name=\"robots\" content=\"index, follow, max-snippet:-1, max-image-preview:large, max-video-preview:-1\" \/>\n<link rel=\"canonical\" href=\"https:\/\/www.magnetenspecialist.nl\/de\/speichern\/osenmagnete\/osenschraube-edelstahl-magnet-mit-gummiummantelung-66mm-kopie\/\" \/>\n<meta property=\"og:locale\" content=\"de_DE\" \/>\n<meta property=\"og:type\" content=\"article\" \/>\n<meta property=\"og:title\" content=\"Ringschraube Edelstahlmagnet mit Gummiummantelung 66mm\" \/>\n<meta property=\"og:description\" content=\"Suchen Sie einen Ringschraube Edelstahlmagnet mit Gummiummantelung 66mm? Magnete k\u00f6nnen bequem online gekauft werden Magnetenspecialist.nl 1 Werktag Lieferzeit \u2713 14 Tage Bedenkzeit \u2713 Versand oder Abholung *.\" \/>\n<meta property=\"og:url\" content=\"https:\/\/www.magnetenspecialist.nl\/de\/speichern\/osenmagnete\/osenschraube-edelstahl-magnet-mit-gummiummantelung-66mm-kopie\/\" \/>\n<meta property=\"og:site_name\" content=\"Magnetenspecialist.nl\" \/>\n<meta property=\"article:publisher\" content=\"https:\/\/www.facebook.com\/Magnetenspecialist.nl\" \/>\n<meta property=\"article:modified_time\" content=\"2025-06-09T18:00:49+00:00\" \/>\n<meta property=\"og:image\" content=\"https:\/\/www.magnetenspecialist.nl\/wp-content\/uploads\/2022\/05\/Magnetenspecialist.nl_Oogbout-RVS-magneet-met-rubberen-ommanteling-66mm_2.jpg\" \/>\n\t<meta property=\"og:image:width\" content=\"1500\" \/>\n\t<meta property=\"og:image:height\" content=\"1500\" \/>\n\t<meta property=\"og:image:type\" content=\"image\/jpeg\" \/>\n<meta name=\"twitter:card\" content=\"summary_large_image\" \/>\n<meta name=\"twitter:site\" content=\"@magnetenspecial\" \/>\n<meta name=\"twitter:label1\" content=\"Preis\" \/>\n\t<meta name=\"twitter:data1\" content=\"&euro;&nbsp;14,46\" \/>\n\t<meta name=\"twitter:label2\" content=\"Verf\u00fcgbarkeit\" \/>\n\t<meta name=\"twitter:data2\" content=\"Auf Lager\" \/>\n<script type=\"application\/ld+json\" class=\"yoast-schema-graph\">{\"@context\":\"https:\/\/schema.org\",\"@graph\":[{\"@type\":\"WebPage\",\"@id\":\"https:\/\/www.magnetenspecialist.nl\/de\/speichern\/osenmagnete\/osenschraube-edelstahl-magnet-mit-gummiummantelung-66mm-kopie\/\",\"url\":\"https:\/\/www.magnetenspecialist.nl\/de\/speichern\/osenmagnete\/osenschraube-edelstahl-magnet-mit-gummiummantelung-66mm-kopie\/\",\"name\":\"Ringschraube Edelstahlmagnet mit Gummiummantelung 66mm - Magnetenspecialist.nl\",\"isPartOf\":{\"@id\":\"https:\/\/www.magnetenspecialist.nl\/de\/#website\"},\"primaryImageOfPage\":{\"@id\":\"https:\/\/www.magnetenspecialist.nl\/de\/speichern\/osenmagnete\/osenschraube-edelstahl-magnet-mit-gummiummantelung-66mm-kopie\/#primaryimage\"},\"image\":{\"@id\":\"https:\/\/www.magnetenspecialist.nl\/de\/speichern\/osenmagnete\/osenschraube-edelstahl-magnet-mit-gummiummantelung-66mm-kopie\/#primaryimage\"},\"thumbnailUrl\":\"https:\/\/www.magnetenspecialist.nl\/wp-content\/uploads\/2022\/05\/Magnetenspecialist.nl_Oogbout-RVS-magneet-met-rubberen-ommanteling-66mm_2.jpg\",\"datePublished\":\"2022-05-25T13:33:52+00:00\",\"dateModified\":\"2025-06-09T18:00:49+00:00\",\"description\":\"Suchen Sie einen Ringschraube Edelstahlmagnet mit Gummiummantelung 66mm? Magnete k\u00f6nnen bequem online gekauft werden Magnetenspecialist.nl 1 Werktag Lieferzeit \u2713 14 Tage Bedenkzeit \u2713 Versand oder Abholung *.\",\"breadcrumb\":{\"@id\":\"https:\/\/www.magnetenspecialist.nl\/de\/speichern\/osenmagnete\/osenschraube-edelstahl-magnet-mit-gummiummantelung-66mm-kopie\/#breadcrumb\"},\"inLanguage\":\"de\",\"potentialAction\":[{\"@type\":\"ReadAction\",\"target\":[\"https:\/\/www.magnetenspecialist.nl\/de\/speichern\/osenmagnete\/osenschraube-edelstahl-magnet-mit-gummiummantelung-66mm-kopie\/\"]}]},{\"@type\":\"ImageObject\",\"inLanguage\":\"de\",\"@id\":\"https:\/\/www.magnetenspecialist.nl\/de\/speichern\/osenmagnete\/osenschraube-edelstahl-magnet-mit-gummiummantelung-66mm-kopie\/#primaryimage\",\"url\":\"https:\/\/www.magnetenspecialist.nl\/wp-content\/uploads\/2022\/05\/Magnetenspecialist.nl_Oogbout-RVS-magneet-met-rubberen-ommanteling-66mm_2.jpg\",\"contentUrl\":\"https:\/\/www.magnetenspecialist.nl\/wp-content\/uploads\/2022\/05\/Magnetenspecialist.nl_Oogbout-RVS-magneet-met-rubberen-ommanteling-66mm_2.jpg\",\"width\":1500,\"height\":1500,\"caption\":\"RVS oogboutmagneet \u00d866 mm \u2013 corrosiebestendig met rubberbescherming\"},{\"@type\":\"BreadcrumbList\",\"@id\":\"https:\/\/www.magnetenspecialist.nl\/de\/speichern\/osenmagnete\/osenschraube-edelstahl-magnet-mit-gummiummantelung-66mm-kopie\/#breadcrumb\",\"itemListElement\":[{\"@type\":\"ListItem\",\"position\":1,\"name\":\"Startseite\",\"item\":\"https:\/\/www.magnetenspecialist.nl\/de\/\"},{\"@type\":\"ListItem\",\"position\":2,\"name\":\"Shop\",\"item\":\"https:\/\/www.magnetenspecialist.nl\/de\/shop\/\"},{\"@type\":\"ListItem\",\"position\":3,\"name\":\"Ringschraube Edelstahlmagnet mit Gummiummantelung 66mm\"}]},{\"@type\":\"WebSite\",\"@id\":\"https:\/\/www.magnetenspecialist.nl\/de\/#website\",\"url\":\"https:\/\/www.magnetenspecialist.nl\/de\/\",\"name\":\"Magnetenspecialist.nl\",\"description\":\"Umfangreiches Angebot an Neodym-Magneten\",\"publisher\":{\"@id\":\"https:\/\/www.magnetenspecialist.nl\/de\/#organization\"},\"potentialAction\":[{\"@type\":\"SearchAction\",\"target\":{\"@type\":\"EntryPoint\",\"urlTemplate\":\"https:\/\/www.magnetenspecialist.nl\/de\/?s={search_term_string}\"},\"query-input\":{\"@type\":\"PropertyValueSpecification\",\"valueRequired\":true,\"valueName\":\"search_term_string\"}}],\"inLanguage\":\"de\"},{\"@type\":\"Organization\",\"@id\":\"https:\/\/www.magnetenspecialist.nl\/de\/#organization\",\"name\":\"Magnetenspecialist.nl\",\"url\":\"https:\/\/www.magnetenspecialist.nl\/de\/\",\"logo\":{\"@type\":\"ImageObject\",\"inLanguage\":\"de\",\"@id\":\"https:\/\/www.magnetenspecialist.nl\/de\/#\/schema\/logo\/image\/\",\"url\":\"https:\/\/www.magnetenspecialist.nl\/wp-content\/uploads\/2018\/10\/magneten-logo.jpg\",\"contentUrl\":\"https:\/\/www.magnetenspecialist.nl\/wp-content\/uploads\/2018\/10\/magneten-logo.jpg\",\"width\":151,\"height\":151,\"caption\":\"Magnetenspecialist.nl\"},\"image\":{\"@id\":\"https:\/\/www.magnetenspecialist.nl\/de\/#\/schema\/logo\/image\/\"},\"sameAs\":[\"https:\/\/www.facebook.com\/Magnetenspecialist.nl\",\"https:\/\/x.com\/magnetenspecial\"]}]}<\/script>\n<meta property=\"product:price:amount\" content=\"14.46\" \/>\n<meta property=\"product:price:currency\" content=\"EUR\" \/>\n<meta property=\"og:availability\" content=\"instock\" \/>\n<meta property=\"product:availability\" content=\"instock\" \/>\n<meta property=\"product:retailer_item_id\" content=\"og066x000x0000-Nrvs\" \/>\n<meta property=\"product:condition\" content=\"new\" \/>\n<!-- \/ Yoast SEO Premium plugin. -->","yoast_head_json":{"title":"Ringschraube Edelstahlmagnet mit Gummiummantelung 66mm - Magnetenspecialist.nl","description":"Suchen Sie einen Ringschraube Edelstahlmagnet mit Gummiummantelung 66mm? Magnete k\u00f6nnen bequem online gekauft werden Magnetenspecialist.nl 1 Werktag Lieferzeit \u2713 14 Tage Bedenkzeit \u2713 Versand oder Abholung *.","robots":{"index":"index","follow":"follow","max-snippet":"max-snippet:-1","max-image-preview":"max-image-preview:large","max-video-preview":"max-video-preview:-1"},"canonical":"https:\/\/www.magnetenspecialist.nl\/de\/speichern\/osenmagnete\/osenschraube-edelstahl-magnet-mit-gummiummantelung-66mm-kopie\/","og_locale":"de_DE","og_type":"article","og_title":"Ringschraube Edelstahlmagnet mit Gummiummantelung 66mm","og_description":"Suchen Sie einen Ringschraube Edelstahlmagnet mit Gummiummantelung 66mm? Magnete k\u00f6nnen bequem online gekauft werden Magnetenspecialist.nl 1 Werktag Lieferzeit \u2713 14 Tage Bedenkzeit \u2713 Versand oder Abholung *.","og_url":"https:\/\/www.magnetenspecialist.nl\/de\/speichern\/osenmagnete\/osenschraube-edelstahl-magnet-mit-gummiummantelung-66mm-kopie\/","og_site_name":"Magnetenspecialist.nl","article_publisher":"https:\/\/www.facebook.com\/Magnetenspecialist.nl","article_modified_time":"2025-06-09T18:00:49+00:00","og_image":[{"width":1500,"height":1500,"url":"https:\/\/www.magnetenspecialist.nl\/wp-content\/uploads\/2022\/05\/Magnetenspecialist.nl_Oogbout-RVS-magneet-met-rubberen-ommanteling-66mm_2.jpg","type":"image\/jpeg"}],"twitter_card":"summary_large_image","twitter_site":"@magnetenspecial","twitter_misc":{"Preis":"&euro;&nbsp;14,46","Verf\u00fcgbarkeit":"Auf Lager"},"schema":{"@context":"https:\/\/schema.org","@graph":[{"@type":"WebPage","@id":"https:\/\/www.magnetenspecialist.nl\/de\/speichern\/osenmagnete\/osenschraube-edelstahl-magnet-mit-gummiummantelung-66mm-kopie\/","url":"https:\/\/www.magnetenspecialist.nl\/de\/speichern\/osenmagnete\/osenschraube-edelstahl-magnet-mit-gummiummantelung-66mm-kopie\/","name":"Ringschraube Edelstahlmagnet mit Gummiummantelung 66mm - Magnetenspecialist.nl","isPartOf":{"@id":"https:\/\/www.magnetenspecialist.nl\/de\/#website"},"primaryImageOfPage":{"@id":"https:\/\/www.magnetenspecialist.nl\/de\/speichern\/osenmagnete\/osenschraube-edelstahl-magnet-mit-gummiummantelung-66mm-kopie\/#primaryimage"},"image":{"@id":"https:\/\/www.magnetenspecialist.nl\/de\/speichern\/osenmagnete\/osenschraube-edelstahl-magnet-mit-gummiummantelung-66mm-kopie\/#primaryimage"},"thumbnailUrl":"https:\/\/www.magnetenspecialist.nl\/wp-content\/uploads\/2022\/05\/Magnetenspecialist.nl_Oogbout-RVS-magneet-met-rubberen-ommanteling-66mm_2.jpg","datePublished":"2022-05-25T13:33:52+00:00","dateModified":"2025-06-09T18:00:49+00:00","description":"Suchen Sie einen Ringschraube Edelstahlmagnet mit Gummiummantelung 66mm? Magnete k\u00f6nnen bequem online gekauft werden Magnetenspecialist.nl 1 Werktag Lieferzeit \u2713 14 Tage Bedenkzeit \u2713 Versand oder Abholung *.","breadcrumb":{"@id":"https:\/\/www.magnetenspecialist.nl\/de\/speichern\/osenmagnete\/osenschraube-edelstahl-magnet-mit-gummiummantelung-66mm-kopie\/#breadcrumb"},"inLanguage":"de","potentialAction":[{"@type":"ReadAction","target":["https:\/\/www.magnetenspecialist.nl\/de\/speichern\/osenmagnete\/osenschraube-edelstahl-magnet-mit-gummiummantelung-66mm-kopie\/"]}]},{"@type":"ImageObject","inLanguage":"de","@id":"https:\/\/www.magnetenspecialist.nl\/de\/speichern\/osenmagnete\/osenschraube-edelstahl-magnet-mit-gummiummantelung-66mm-kopie\/#primaryimage","url":"https:\/\/www.magnetenspecialist.nl\/wp-content\/uploads\/2022\/05\/Magnetenspecialist.nl_Oogbout-RVS-magneet-met-rubberen-ommanteling-66mm_2.jpg","contentUrl":"https:\/\/www.magnetenspecialist.nl\/wp-content\/uploads\/2022\/05\/Magnetenspecialist.nl_Oogbout-RVS-magneet-met-rubberen-ommanteling-66mm_2.jpg","width":1500,"height":1500,"caption":"RVS oogboutmagneet \u00d866 mm \u2013 corrosiebestendig met rubberbescherming"},{"@type":"BreadcrumbList","@id":"https:\/\/www.magnetenspecialist.nl\/de\/speichern\/osenmagnete\/osenschraube-edelstahl-magnet-mit-gummiummantelung-66mm-kopie\/#breadcrumb","itemListElement":[{"@type":"ListItem","position":1,"name":"Startseite","item":"https:\/\/www.magnetenspecialist.nl\/de\/"},{"@type":"ListItem","position":2,"name":"Shop","item":"https:\/\/www.magnetenspecialist.nl\/de\/shop\/"},{"@type":"ListItem","position":3,"name":"Ringschraube Edelstahlmagnet mit Gummiummantelung 66mm"}]},{"@type":"WebSite","@id":"https:\/\/www.magnetenspecialist.nl\/de\/#website","url":"https:\/\/www.magnetenspecialist.nl\/de\/","name":"Magnetenspecialist.nl","description":"Umfangreiches Angebot an Neodym-Magneten","publisher":{"@id":"https:\/\/www.magnetenspecialist.nl\/de\/#organization"},"potentialAction":[{"@type":"SearchAction","target":{"@type":"EntryPoint","urlTemplate":"https:\/\/www.magnetenspecialist.nl\/de\/?s={search_term_string}"},"query-input":{"@type":"PropertyValueSpecification","valueRequired":true,"valueName":"search_term_string"}}],"inLanguage":"de"},{"@type":"Organization","@id":"https:\/\/www.magnetenspecialist.nl\/de\/#organization","name":"Magnetenspecialist.nl","url":"https:\/\/www.magnetenspecialist.nl\/de\/","logo":{"@type":"ImageObject","inLanguage":"de","@id":"https:\/\/www.magnetenspecialist.nl\/de\/#\/schema\/logo\/image\/","url":"https:\/\/www.magnetenspecialist.nl\/wp-content\/uploads\/2018\/10\/magneten-logo.jpg","contentUrl":"https:\/\/www.magnetenspecialist.nl\/wp-content\/uploads\/2018\/10\/magneten-logo.jpg","width":151,"height":151,"caption":"Magnetenspecialist.nl"},"image":{"@id":"https:\/\/www.magnetenspecialist.nl\/de\/#\/schema\/logo\/image\/"},"sameAs":["https:\/\/www.facebook.com\/Magnetenspecialist.nl","https:\/\/x.com\/magnetenspecial"]}]},"product_price_amount":"14.46","product_price_currency":"EUR","og_availability":"instock","product_availability":"instock","product_retailer_item_id":"og066x000x0000-Nrvs","product_condition":"new"},"_links":{"self":[{"href":"https:\/\/www.magnetenspecialist.nl\/de\/wp-json\/wp\/v2\/product\/111603","targetHints":{"allow":["GET"]}}],"collection":[{"href":"https:\/\/www.magnetenspecialist.nl\/de\/wp-json\/wp\/v2\/product"}],"about":[{"href":"https:\/\/www.magnetenspecialist.nl\/de\/wp-json\/wp\/v2\/types\/product"}],"wp:featuredmedia":[{"embeddable":true,"href":"https:\/\/www.magnetenspecialist.nl\/de\/wp-json\/wp\/v2\/media\/112911"}],"wp:attachment":[{"href":"https:\/\/www.magnetenspecialist.nl\/de\/wp-json\/wp\/v2\/media?parent=111603"}],"wp:term":[{"taxonomy":"product_brand","embeddable":true,"href":"https:\/\/www.magnetenspecialist.nl\/de\/wp-json\/wp\/v2\/product_brand?post=111603"},{"taxonomy":"product_cat","embeddable":true,"href":"https:\/\/www.magnetenspecialist.nl\/de\/wp-json\/wp\/v2\/product_cat?post=111603"},{"taxonomy":"product_tag","embeddable":true,"href":"https:\/\/www.magnetenspecialist.nl\/de\/wp-json\/wp\/v2\/product_tag?post=111603"}],"curies":[{"name":"wp","href":"https:\/\/api.w.org\/{rel}","templated":true}]}}