{"id":111849,"date":"2022-05-27T16:14:49","date_gmt":"2022-05-27T14:14:49","guid":{"rendered":"https:\/\/www.magnetenspecialist.nl\/?post_type=product&#038;p=111849"},"modified":"2025-05-20T13:33:49","modified_gmt":"2025-05-20T11:33:49","slug":"oogbout-magneet-50-x-12-x-11-mm-kopie","status":"publish","type":"product","link":"https:\/\/www.magnetenspecialist.nl\/de\/speichern\/osenmagnete\/oogbout-magneet-50-x-12-x-11-mm-kopie\/","title":{"rendered":"\u00d6senmagnet 50 x 12 x 11 mm &#8211; Neodym N40 Magnet in Stahlgeh\u00e4use"},"content":{"rendered":"<p class=\"\" data-start=\"81\" data-end=\"115\"><strong data-start=\"81\" data-end=\"115\">Ringschraube Magnet 50 x 12 x 11 mm<\/strong><\/p>\n<p class=\"\" data-start=\"117\" data-end=\"651\">Dieser \u00d6senmagnet misst 50 mm (Durchmesser) x 12 mm (H\u00f6he) und verf\u00fcgt \u00fcber eine 11 mm gro\u00dfe \u00d6se, mit der Sie ihn leicht an Haken, Ketten oder anderen Befestigungssystemen anbringen k\u00f6nnen. Hergestellt aus Neodym, dem st\u00e4rksten permanentmagnetischen Material, bietet dieser Magnet eine starke Magnetkraft zum Aufh\u00e4ngen schwerer Gegenst\u00e4nde oder zum Herstellen stabiler magnetischer Verbindungen. Dieser \u00d6senmagnet ist ideal f\u00fcr industrielle Anwendungen, Werkst\u00e4tten, Lagerh\u00e4user und verschiedene Hobbyprojekte.  <\/p>\n<p class=\"\" data-start=\"653\" data-end=\"667\"><strong data-start=\"653\" data-end=\"667\">Merkmale:<\/strong><\/p>\n<ul data-start=\"668\" data-end=\"1207\">\n<li class=\"\" data-start=\"668\" data-end=\"719\">\n<p class=\"\" data-start=\"670\" data-end=\"719\"><strong data-start=\"670\" data-end=\"684\">Abmessungen<\/strong>: 50 mm (Durchmesser) x 12 mm (H\u00f6he)<\/p>\n<\/li>\n<li class=\"\" data-start=\"720\" data-end=\"794\">\n<p class=\"\" data-start=\"722\" data-end=\"794\"><strong data-start=\"722\" data-end=\"739\">L\u00e4nge der \u00d6senschraube<\/strong>: 11 mm zur einfachen Befestigung an Haken oder Kette<\/p>\n<\/li>\n<li class=\"\" data-start=\"795\" data-end=\"855\">\n<p class=\"\" data-start=\"797\" data-end=\"855\"><strong data-start=\"797\" data-end=\"810\">Material<\/strong>: Neodym f\u00fcr starke Magnetkraft<\/p>\n<\/li>\n<li class=\"\" data-start=\"856\" data-end=\"931\">\n<p class=\"\" data-start=\"858\" data-end=\"931\"><strong data-start=\"858\" data-end=\"869\">Beschichtung<\/strong>: Vernickelt f\u00fcr zus\u00e4tzlichen Schutz vor Korrosion und Abrieb<\/p>\n<\/li>\n<li class=\"\" data-start=\"932\" data-end=\"1033\">\n<p class=\"\" data-start=\"934\" data-end=\"1033\"><strong data-start=\"934\" data-end=\"948\">Haftkraft<\/strong>: starke Magnetkraft f\u00fcr zuverl\u00e4ssige Haftung (oberfl\u00e4chenabh\u00e4ngig)<\/p>\n<\/li>\n<li class=\"\" data-start=\"1034\" data-end=\"1207\">\n<p class=\"\" data-start=\"1036\" data-end=\"1207\"><strong data-start=\"1036\" data-end=\"1052\">Anwendungen<\/strong>: Perfekt f\u00fcr industrielle Anwendungen, zum Aufh\u00e4ngen von Gegenst\u00e4nden und zum Erstellen von magnetischen Aufh\u00e4ngesystemen in Werkst\u00e4tten oder kommerziellen Umgebungen<\/p>\n<\/li>\n<\/ul>\n<p class=\"\" data-start=\"1209\" data-end=\"1411\">Dieser \u00d6senmagnet bietet eine robuste L\u00f6sung zum Aufh\u00e4ngen und Befestigen schwerer Gegenst\u00e4nde. Der starke Neodym-Magnet sorgt f\u00fcr eine zuverl\u00e4ssige und dauerhafte magnetische Verbindung.<\/p>\n","protected":false},"excerpt":{"rendered":"<p><strong data-start=\"182\" data-end=\"260\">\u00d6senmagnet 50 x 12 x 11 mm &#8211; Neodym N40 Magnet im Stahlgeh\u00e4use<\/strong><br data-start=\"260\" data-end=\"263\">Dieser \u00d6senmagnet hat einen Durchmesser von 50 mm, verf\u00fcgt \u00fcber einen starken Neodym N40 Magneten und ist in ein robustes Stahlgeh\u00e4use eingebaut. Er wurde f\u00fcr Situationen entwickelt, in denen eine hohe Anziehungskraft erforderlich ist. Ideal f\u00fcr den Einsatz in Lagern, Werkst\u00e4tten, industriellen Anwendungen und auf Baustellen. Die robuste Augenschraube erm\u00f6glicht die einfache Befestigung von Kabeln, Werkzeugen oder Schildern.   <\/p>\n","protected":false},"featured_media":113557,"template":"","meta":{"_acf_changed":false},"product_brand":[3521],"product_cat":[1389],"product_tag":[3163],"class_list":{"0":"post-111849","1":"product","2":"type-product","3":"status-publish","4":"has-post-thumbnail","6":"product_brand-magnetenspecialist","7":"product_cat-osenmagnete","8":"product_tag-groep-3-de","9":"pa_houdkracht-95-de","10":"pa_magnetisering-n40-de","11":"pa_magnetiseringsrichting-axiaal-de","12":"pa_materiaal-vernickeltes-neodym","13":"pa_model-osenmagnet","15":"first","16":"instock","17":"taxable","18":"shipping-taxable","19":"purchasable","20":"product-type-simple"},"supplier_id":null,"supplier_sku":"","barcode":null,"atum_controlled":true,"out_stock_date":null,"out_stock_threshold":null,"inheritable":false,"inbound_stock":0,"stock_on_hold":0,"sold_today":0,"sales_last_days":7,"reserved_stock":0,"customer_returns":0,"warehouse_damage":0,"lost_in_post":0,"other_logs":0,"out_stock_days":0,"lost_sales":0,"has_location":false,"update_date":"2026-04-03T08:06:17","atum_locations":[],"atum_stock_status":"instock","restock_status":false,"low_stock_amount":250,"sales_update_date":"2026-04-03T08:06:17","calc_backorders":null,"acf":[],"yoast_head":"<!-- This site is optimized with the Yoast SEO Premium plugin v24.7 (Yoast SEO v24.7) - https:\/\/yoast.com\/wordpress\/plugins\/seo\/ -->\n<title>\u00d6senmagnet 50 x 12 x 11 mm - Starke Haftung - Magnetenspecialist.nl<\/title>\n<meta name=\"description\" content=\"Entdecken Sie den kraftvollen \u00d6senmagneten 50 x 12 x 11 mm - Neodym N40 Magnet f\u00fcr stabile Verbindungen. Perfekt f\u00fcr Werkst\u00e4tten und Hobbyprojekte!\" \/>\n<meta name=\"robots\" content=\"index, follow, max-snippet:-1, max-image-preview:large, max-video-preview:-1\" \/>\n<link rel=\"canonical\" href=\"https:\/\/www.magnetenspecialist.nl\/de\/speichern\/osenmagnete\/oogbout-magneet-50-x-12-x-11-mm-kopie\/\" \/>\n<meta property=\"og:locale\" content=\"de_DE\" \/>\n<meta property=\"og:type\" content=\"article\" \/>\n<meta property=\"og:title\" content=\"\u00d6senmagnet 50 x 12 x 11 mm - Neodym N40 Magnet in Stahlgeh\u00e4use\" \/>\n<meta property=\"og:description\" content=\"Entdecken Sie den kraftvollen \u00d6senmagneten 50 x 12 x 11 mm - Neodym N40 Magnet f\u00fcr stabile Verbindungen. Perfekt f\u00fcr Werkst\u00e4tten und Hobbyprojekte!\" \/>\n<meta property=\"og:url\" content=\"https:\/\/www.magnetenspecialist.nl\/de\/speichern\/osenmagnete\/oogbout-magneet-50-x-12-x-11-mm-kopie\/\" \/>\n<meta property=\"og:site_name\" content=\"Magnetenspecialist.nl\" \/>\n<meta property=\"article:publisher\" content=\"https:\/\/www.facebook.com\/Magnetenspecialist.nl\" \/>\n<meta property=\"article:modified_time\" content=\"2025-05-20T11:33:49+00:00\" \/>\n<meta property=\"og:image\" content=\"https:\/\/www.magnetenspecialist.nl\/wp-content\/uploads\/2022\/05\/Magnetenspecialist.nl_Oogbout-magneet-50-x-12-x-11-mm_1-1.jpg\" \/>\n\t<meta property=\"og:image:width\" content=\"1500\" \/>\n\t<meta property=\"og:image:height\" content=\"1500\" \/>\n\t<meta property=\"og:image:type\" content=\"image\/jpeg\" \/>\n<meta name=\"twitter:card\" content=\"summary_large_image\" \/>\n<meta name=\"twitter:site\" content=\"@magnetenspecial\" \/>\n<meta name=\"twitter:label1\" content=\"Preis\" \/>\n\t<meta name=\"twitter:data1\" content=\"&euro;&nbsp;16,27\" \/>\n\t<meta name=\"twitter:label2\" content=\"Verf\u00fcgbarkeit\" \/>\n\t<meta name=\"twitter:data2\" content=\"Auf Lager\" \/>\n<script type=\"application\/ld+json\" class=\"yoast-schema-graph\">{\"@context\":\"https:\/\/schema.org\",\"@graph\":[{\"@type\":\"WebPage\",\"@id\":\"https:\/\/www.magnetenspecialist.nl\/de\/speichern\/osenmagnete\/oogbout-magneet-50-x-12-x-11-mm-kopie\/\",\"url\":\"https:\/\/www.magnetenspecialist.nl\/de\/speichern\/osenmagnete\/oogbout-magneet-50-x-12-x-11-mm-kopie\/\",\"name\":\"\u00d6senmagnet 50 x 12 x 11 mm - Starke Haftung - Magnetenspecialist.nl\",\"isPartOf\":{\"@id\":\"https:\/\/www.magnetenspecialist.nl\/de\/#website\"},\"primaryImageOfPage\":{\"@id\":\"https:\/\/www.magnetenspecialist.nl\/de\/speichern\/osenmagnete\/oogbout-magneet-50-x-12-x-11-mm-kopie\/#primaryimage\"},\"image\":{\"@id\":\"https:\/\/www.magnetenspecialist.nl\/de\/speichern\/osenmagnete\/oogbout-magneet-50-x-12-x-11-mm-kopie\/#primaryimage\"},\"thumbnailUrl\":\"https:\/\/www.magnetenspecialist.nl\/wp-content\/uploads\/2022\/05\/Magnetenspecialist.nl_Oogbout-magneet-50-x-12-x-11-mm_1-1.jpg\",\"datePublished\":\"2022-05-27T14:14:49+00:00\",\"dateModified\":\"2025-05-20T11:33:49+00:00\",\"description\":\"Entdecken Sie den kraftvollen \u00d6senmagneten 50 x 12 x 11 mm - Neodym N40 Magnet f\u00fcr stabile Verbindungen. Perfekt f\u00fcr Werkst\u00e4tten und Hobbyprojekte!\",\"breadcrumb\":{\"@id\":\"https:\/\/www.magnetenspecialist.nl\/de\/speichern\/osenmagnete\/oogbout-magneet-50-x-12-x-11-mm-kopie\/#breadcrumb\"},\"inLanguage\":\"de\",\"potentialAction\":[{\"@type\":\"ReadAction\",\"target\":[\"https:\/\/www.magnetenspecialist.nl\/de\/speichern\/osenmagnete\/oogbout-magneet-50-x-12-x-11-mm-kopie\/\"]}]},{\"@type\":\"ImageObject\",\"inLanguage\":\"de\",\"@id\":\"https:\/\/www.magnetenspecialist.nl\/de\/speichern\/osenmagnete\/oogbout-magneet-50-x-12-x-11-mm-kopie\/#primaryimage\",\"url\":\"https:\/\/www.magnetenspecialist.nl\/wp-content\/uploads\/2022\/05\/Magnetenspecialist.nl_Oogbout-magneet-50-x-12-x-11-mm_1-1.jpg\",\"contentUrl\":\"https:\/\/www.magnetenspecialist.nl\/wp-content\/uploads\/2022\/05\/Magnetenspecialist.nl_Oogbout-magneet-50-x-12-x-11-mm_1-1.jpg\",\"width\":1500,\"height\":1500,\"caption\":\"Sterke oogboutmagneet \u00d850 mm \u2013 ideaal voor industri\u00eble bevestiging\"},{\"@type\":\"BreadcrumbList\",\"@id\":\"https:\/\/www.magnetenspecialist.nl\/de\/speichern\/osenmagnete\/oogbout-magneet-50-x-12-x-11-mm-kopie\/#breadcrumb\",\"itemListElement\":[{\"@type\":\"ListItem\",\"position\":1,\"name\":\"Startseite\",\"item\":\"https:\/\/www.magnetenspecialist.nl\/de\/\"},{\"@type\":\"ListItem\",\"position\":2,\"name\":\"Shop\",\"item\":\"https:\/\/www.magnetenspecialist.nl\/de\/shop\/\"},{\"@type\":\"ListItem\",\"position\":3,\"name\":\"\u00d6senmagnet 50 x 12 x 11 mm &#8211; Neodym N40 Magnet in Stahlgeh\u00e4use\"}]},{\"@type\":\"WebSite\",\"@id\":\"https:\/\/www.magnetenspecialist.nl\/de\/#website\",\"url\":\"https:\/\/www.magnetenspecialist.nl\/de\/\",\"name\":\"Magnetenspecialist.nl\",\"description\":\"Umfangreiches Angebot an Neodym-Magneten\",\"publisher\":{\"@id\":\"https:\/\/www.magnetenspecialist.nl\/de\/#organization\"},\"potentialAction\":[{\"@type\":\"SearchAction\",\"target\":{\"@type\":\"EntryPoint\",\"urlTemplate\":\"https:\/\/www.magnetenspecialist.nl\/de\/?s={search_term_string}\"},\"query-input\":{\"@type\":\"PropertyValueSpecification\",\"valueRequired\":true,\"valueName\":\"search_term_string\"}}],\"inLanguage\":\"de\"},{\"@type\":\"Organization\",\"@id\":\"https:\/\/www.magnetenspecialist.nl\/de\/#organization\",\"name\":\"Magnetenspecialist.nl\",\"url\":\"https:\/\/www.magnetenspecialist.nl\/de\/\",\"logo\":{\"@type\":\"ImageObject\",\"inLanguage\":\"de\",\"@id\":\"https:\/\/www.magnetenspecialist.nl\/de\/#\/schema\/logo\/image\/\",\"url\":\"https:\/\/www.magnetenspecialist.nl\/wp-content\/uploads\/2018\/10\/magneten-logo.jpg\",\"contentUrl\":\"https:\/\/www.magnetenspecialist.nl\/wp-content\/uploads\/2018\/10\/magneten-logo.jpg\",\"width\":151,\"height\":151,\"caption\":\"Magnetenspecialist.nl\"},\"image\":{\"@id\":\"https:\/\/www.magnetenspecialist.nl\/de\/#\/schema\/logo\/image\/\"},\"sameAs\":[\"https:\/\/www.facebook.com\/Magnetenspecialist.nl\",\"https:\/\/x.com\/magnetenspecial\"]}]}<\/script>\n<meta property=\"product:price:amount\" content=\"16.27\" \/>\n<meta property=\"product:price:currency\" content=\"EUR\" \/>\n<meta property=\"og:availability\" content=\"instock\" \/>\n<meta property=\"product:availability\" content=\"instock\" \/>\n<meta property=\"product:retailer_item_id\" content=\"og050x012x0110-N\" \/>\n<meta property=\"product:condition\" content=\"new\" \/>\n<!-- \/ Yoast SEO Premium plugin. -->","yoast_head_json":{"title":"\u00d6senmagnet 50 x 12 x 11 mm - Starke Haftung - Magnetenspecialist.nl","description":"Entdecken Sie den kraftvollen \u00d6senmagneten 50 x 12 x 11 mm - Neodym N40 Magnet f\u00fcr stabile Verbindungen. Perfekt f\u00fcr Werkst\u00e4tten und Hobbyprojekte!","robots":{"index":"index","follow":"follow","max-snippet":"max-snippet:-1","max-image-preview":"max-image-preview:large","max-video-preview":"max-video-preview:-1"},"canonical":"https:\/\/www.magnetenspecialist.nl\/de\/speichern\/osenmagnete\/oogbout-magneet-50-x-12-x-11-mm-kopie\/","og_locale":"de_DE","og_type":"article","og_title":"\u00d6senmagnet 50 x 12 x 11 mm - Neodym N40 Magnet in Stahlgeh\u00e4use","og_description":"Entdecken Sie den kraftvollen \u00d6senmagneten 50 x 12 x 11 mm - Neodym N40 Magnet f\u00fcr stabile Verbindungen. Perfekt f\u00fcr Werkst\u00e4tten und Hobbyprojekte!","og_url":"https:\/\/www.magnetenspecialist.nl\/de\/speichern\/osenmagnete\/oogbout-magneet-50-x-12-x-11-mm-kopie\/","og_site_name":"Magnetenspecialist.nl","article_publisher":"https:\/\/www.facebook.com\/Magnetenspecialist.nl","article_modified_time":"2025-05-20T11:33:49+00:00","og_image":[{"width":1500,"height":1500,"url":"https:\/\/www.magnetenspecialist.nl\/wp-content\/uploads\/2022\/05\/Magnetenspecialist.nl_Oogbout-magneet-50-x-12-x-11-mm_1-1.jpg","type":"image\/jpeg"}],"twitter_card":"summary_large_image","twitter_site":"@magnetenspecial","twitter_misc":{"Preis":"&euro;&nbsp;16,27","Verf\u00fcgbarkeit":"Auf Lager"},"schema":{"@context":"https:\/\/schema.org","@graph":[{"@type":"WebPage","@id":"https:\/\/www.magnetenspecialist.nl\/de\/speichern\/osenmagnete\/oogbout-magneet-50-x-12-x-11-mm-kopie\/","url":"https:\/\/www.magnetenspecialist.nl\/de\/speichern\/osenmagnete\/oogbout-magneet-50-x-12-x-11-mm-kopie\/","name":"\u00d6senmagnet 50 x 12 x 11 mm - Starke Haftung - Magnetenspecialist.nl","isPartOf":{"@id":"https:\/\/www.magnetenspecialist.nl\/de\/#website"},"primaryImageOfPage":{"@id":"https:\/\/www.magnetenspecialist.nl\/de\/speichern\/osenmagnete\/oogbout-magneet-50-x-12-x-11-mm-kopie\/#primaryimage"},"image":{"@id":"https:\/\/www.magnetenspecialist.nl\/de\/speichern\/osenmagnete\/oogbout-magneet-50-x-12-x-11-mm-kopie\/#primaryimage"},"thumbnailUrl":"https:\/\/www.magnetenspecialist.nl\/wp-content\/uploads\/2022\/05\/Magnetenspecialist.nl_Oogbout-magneet-50-x-12-x-11-mm_1-1.jpg","datePublished":"2022-05-27T14:14:49+00:00","dateModified":"2025-05-20T11:33:49+00:00","description":"Entdecken Sie den kraftvollen \u00d6senmagneten 50 x 12 x 11 mm - Neodym N40 Magnet f\u00fcr stabile Verbindungen. Perfekt f\u00fcr Werkst\u00e4tten und Hobbyprojekte!","breadcrumb":{"@id":"https:\/\/www.magnetenspecialist.nl\/de\/speichern\/osenmagnete\/oogbout-magneet-50-x-12-x-11-mm-kopie\/#breadcrumb"},"inLanguage":"de","potentialAction":[{"@type":"ReadAction","target":["https:\/\/www.magnetenspecialist.nl\/de\/speichern\/osenmagnete\/oogbout-magneet-50-x-12-x-11-mm-kopie\/"]}]},{"@type":"ImageObject","inLanguage":"de","@id":"https:\/\/www.magnetenspecialist.nl\/de\/speichern\/osenmagnete\/oogbout-magneet-50-x-12-x-11-mm-kopie\/#primaryimage","url":"https:\/\/www.magnetenspecialist.nl\/wp-content\/uploads\/2022\/05\/Magnetenspecialist.nl_Oogbout-magneet-50-x-12-x-11-mm_1-1.jpg","contentUrl":"https:\/\/www.magnetenspecialist.nl\/wp-content\/uploads\/2022\/05\/Magnetenspecialist.nl_Oogbout-magneet-50-x-12-x-11-mm_1-1.jpg","width":1500,"height":1500,"caption":"Sterke oogboutmagneet \u00d850 mm \u2013 ideaal voor industri\u00eble bevestiging"},{"@type":"BreadcrumbList","@id":"https:\/\/www.magnetenspecialist.nl\/de\/speichern\/osenmagnete\/oogbout-magneet-50-x-12-x-11-mm-kopie\/#breadcrumb","itemListElement":[{"@type":"ListItem","position":1,"name":"Startseite","item":"https:\/\/www.magnetenspecialist.nl\/de\/"},{"@type":"ListItem","position":2,"name":"Shop","item":"https:\/\/www.magnetenspecialist.nl\/de\/shop\/"},{"@type":"ListItem","position":3,"name":"\u00d6senmagnet 50 x 12 x 11 mm &#8211; Neodym N40 Magnet in Stahlgeh\u00e4use"}]},{"@type":"WebSite","@id":"https:\/\/www.magnetenspecialist.nl\/de\/#website","url":"https:\/\/www.magnetenspecialist.nl\/de\/","name":"Magnetenspecialist.nl","description":"Umfangreiches Angebot an Neodym-Magneten","publisher":{"@id":"https:\/\/www.magnetenspecialist.nl\/de\/#organization"},"potentialAction":[{"@type":"SearchAction","target":{"@type":"EntryPoint","urlTemplate":"https:\/\/www.magnetenspecialist.nl\/de\/?s={search_term_string}"},"query-input":{"@type":"PropertyValueSpecification","valueRequired":true,"valueName":"search_term_string"}}],"inLanguage":"de"},{"@type":"Organization","@id":"https:\/\/www.magnetenspecialist.nl\/de\/#organization","name":"Magnetenspecialist.nl","url":"https:\/\/www.magnetenspecialist.nl\/de\/","logo":{"@type":"ImageObject","inLanguage":"de","@id":"https:\/\/www.magnetenspecialist.nl\/de\/#\/schema\/logo\/image\/","url":"https:\/\/www.magnetenspecialist.nl\/wp-content\/uploads\/2018\/10\/magneten-logo.jpg","contentUrl":"https:\/\/www.magnetenspecialist.nl\/wp-content\/uploads\/2018\/10\/magneten-logo.jpg","width":151,"height":151,"caption":"Magnetenspecialist.nl"},"image":{"@id":"https:\/\/www.magnetenspecialist.nl\/de\/#\/schema\/logo\/image\/"},"sameAs":["https:\/\/www.facebook.com\/Magnetenspecialist.nl","https:\/\/x.com\/magnetenspecial"]}]},"product_price_amount":"16.27","product_price_currency":"EUR","og_availability":"instock","product_availability":"instock","product_retailer_item_id":"og050x012x0110-N","product_condition":"new"},"_links":{"self":[{"href":"https:\/\/www.magnetenspecialist.nl\/de\/wp-json\/wp\/v2\/product\/111849","targetHints":{"allow":["GET"]}}],"collection":[{"href":"https:\/\/www.magnetenspecialist.nl\/de\/wp-json\/wp\/v2\/product"}],"about":[{"href":"https:\/\/www.magnetenspecialist.nl\/de\/wp-json\/wp\/v2\/types\/product"}],"wp:featuredmedia":[{"embeddable":true,"href":"https:\/\/www.magnetenspecialist.nl\/de\/wp-json\/wp\/v2\/media\/113557"}],"wp:attachment":[{"href":"https:\/\/www.magnetenspecialist.nl\/de\/wp-json\/wp\/v2\/media?parent=111849"}],"wp:term":[{"taxonomy":"product_brand","embeddable":true,"href":"https:\/\/www.magnetenspecialist.nl\/de\/wp-json\/wp\/v2\/product_brand?post=111849"},{"taxonomy":"product_cat","embeddable":true,"href":"https:\/\/www.magnetenspecialist.nl\/de\/wp-json\/wp\/v2\/product_cat?post=111849"},{"taxonomy":"product_tag","embeddable":true,"href":"https:\/\/www.magnetenspecialist.nl\/de\/wp-json\/wp\/v2\/product_tag?post=111849"}],"curies":[{"name":"wp","href":"https:\/\/api.w.org\/{rel}","templated":true}]}}