{"id":114535,"date":"2022-07-01T11:48:07","date_gmt":"2022-07-01T09:48:07","guid":{"rendered":"https:\/\/www.magnetenspecialist.nl\/?post_type=product&#038;p=114535"},"modified":"2025-03-18T15:45:27","modified_gmt":"2025-03-18T14:45:27","slug":"topfmagnet-63-x-14-mm-mit-drahtbuchse-m8","status":"publish","type":"product","link":"https:\/\/www.magnetenspecialist.nl\/de\/speichern\/topfmagnete\/topfmagnet-63-x-14-mm-mit-drahtbuchse-m8\/","title":{"rendered":"Topfmagnet 63 x 14 mm Ferrit mit Drahtbuchse M8"},"content":{"rendered":"<h3>Topfmagnet 63 x 14 mm Ferrit mit Drahtbuchse M8<\/h3>\n<p>  &#8220;Entdecken Sie die Kraft unseres Topfmagneten 63 x 14 mm! Ideal f\u00fcr Unternehmen und Bastler gleicherma\u00dfen. Dieser Ferritmagnet mit M8-Gewindebuchse bietet un\u00fcbertroffenen Halt und Haltbarkeit. Optimieren Sie Ihre Projekte mit dieser vielseitigen magnetischen L\u00f6sung. Bestellen Sie noch heute und erleben Sie die Magie des m\u00fchelosen Befestigens!&#8221;  &nbsp;<\/p>\n","protected":false},"excerpt":{"rendered":"<p>&#8220;Unser Topfmagnet mit 63 mm Durchmesser (D) und 14 mm H\u00f6he (H) bietet optimale magnetische Leistung f\u00fcr Gesch\u00e4ftsanwendungen. Ausgestattet mit einer M6-Gewindeh\u00fclse (Durchmesser Gewindeh\u00fclse d: 12 mm) f\u00fcr eine m\u00fchelose Installation. Mit einer Gesamth\u00f6he (L) von 25,5 mm und einer maximalen Arbeitstemperatur von 200,00 \u00b0C ist dieser Magnet ideal f\u00fcr industrielle Umgebungen. Erzielen Sie eine Anziehungskraft von bis zu 36,00 kg bei einem Gewicht von 245,00 gr. Verbessern Sie Ihre Gesch\u00e4ftsprozesse mit unserer zuverl\u00e4ssigen Magnetl\u00f6sung.&#8221;<\/p>\n","protected":false},"featured_media":114682,"template":"","meta":{"_acf_changed":false},"product_brand":[3521],"product_cat":[2941,3252,1395],"product_tag":[3163],"class_list":{"0":"post-114535","1":"product","2":"type-product","3":"status-publish","4":"has-post-thumbnail","6":"product_brand-magnetenspecialist","7":"product_cat-magnete-zum-anschrauben","8":"product_cat-topfmagnet-mit-gewindebuchse","9":"product_cat-topfmagnete","10":"product_tag-groep-3-de","11":"pa_houdkracht-36-de","12":"pa_magnetisering-y30-de","13":"pa_magnetiseringsrichting-axiaal-de","14":"pa_materiaal-ferrit","15":"pa_maximale-gebruikstemperatuur-200-de","16":"pa_model-topfmagnete","18":"first","19":"instock","20":"taxable","21":"shipping-taxable","22":"purchasable","23":"product-type-simple"},"supplier_id":null,"supplier_sku":"","barcode":null,"atum_controlled":true,"out_stock_date":null,"out_stock_threshold":null,"inheritable":false,"inbound_stock":0,"stock_on_hold":0,"sold_today":0,"sales_last_days":0,"reserved_stock":0,"customer_returns":0,"warehouse_damage":0,"lost_in_post":0,"other_logs":0,"out_stock_days":0,"lost_sales":0,"has_location":false,"update_date":"2026-04-10T12:00:49","atum_locations":[],"atum_stock_status":"instock","restock_status":false,"low_stock_amount":0,"sales_update_date":"2026-04-10T12:00:47","calc_backorders":null,"acf":[],"yoast_head":"<!-- This site is optimized with the Yoast SEO Premium plugin v24.7 (Yoast SEO v24.7) - https:\/\/yoast.com\/wordpress\/plugins\/seo\/ -->\n<title>Topfmagnet 63 x 14 mm Ferrit mit Drahtbuchse M8 - Magnetenspecialist.nl<\/title>\n<meta name=\"description\" content=\"Suchen Sie einen Topfmagnet 63 x 14 mm Ferrit mit Drahtbuchse M8? Neodym-Magnete einfach online kaufen bei Magnetenspecialist.nl \u2713 1 Werktag Lieferzeit*.\" \/>\n<meta name=\"robots\" content=\"index, follow, max-snippet:-1, max-image-preview:large, max-video-preview:-1\" \/>\n<link rel=\"canonical\" href=\"https:\/\/www.magnetenspecialist.nl\/de\/speichern\/topfmagnete\/topfmagnet-63-x-14-mm-mit-drahtbuchse-m8\/\" \/>\n<meta property=\"og:locale\" content=\"de_DE\" \/>\n<meta property=\"og:type\" content=\"article\" \/>\n<meta property=\"og:title\" content=\"Topfmagnet 63 x 14 mm Ferrit mit Drahtbuchse M8\" \/>\n<meta property=\"og:description\" content=\"Suchen Sie einen Topfmagnet 63 x 14 mm Ferrit mit Drahtbuchse M8? Neodym-Magnete einfach online kaufen bei Magnetenspecialist.nl \u2713 1 Werktag Lieferzeit*.\" \/>\n<meta property=\"og:url\" content=\"https:\/\/www.magnetenspecialist.nl\/de\/speichern\/topfmagnete\/topfmagnet-63-x-14-mm-mit-drahtbuchse-m8\/\" \/>\n<meta property=\"og:site_name\" content=\"Magnetenspecialist.nl\" \/>\n<meta property=\"article:publisher\" content=\"https:\/\/www.facebook.com\/Magnetenspecialist.nl\" \/>\n<meta property=\"article:modified_time\" content=\"2025-03-18T14:45:27+00:00\" \/>\n<meta property=\"og:image\" content=\"https:\/\/www.magnetenspecialist.nl\/wp-content\/uploads\/2022\/07\/FFGB-63-Z_1_5.jpg\" \/>\n\t<meta property=\"og:image:width\" content=\"500\" \/>\n\t<meta property=\"og:image:height\" content=\"500\" \/>\n\t<meta property=\"og:image:type\" content=\"image\/jpeg\" \/>\n<meta name=\"twitter:card\" content=\"summary_large_image\" \/>\n<meta name=\"twitter:site\" content=\"@magnetenspecial\" \/>\n<meta name=\"twitter:label1\" content=\"Preis\" \/>\n\t<meta name=\"twitter:data1\" content=\"&euro;&nbsp;8,63\" \/>\n\t<meta name=\"twitter:label2\" content=\"Verf\u00fcgbarkeit\" \/>\n\t<meta name=\"twitter:data2\" content=\"Auf Lager\" \/>\n<script type=\"application\/ld+json\" class=\"yoast-schema-graph\">{\"@context\":\"https:\/\/schema.org\",\"@graph\":[{\"@type\":\"WebPage\",\"@id\":\"https:\/\/www.magnetenspecialist.nl\/de\/speichern\/topfmagnete\/topfmagnet-63-x-14-mm-mit-drahtbuchse-m8\/\",\"url\":\"https:\/\/www.magnetenspecialist.nl\/de\/speichern\/topfmagnete\/topfmagnet-63-x-14-mm-mit-drahtbuchse-m8\/\",\"name\":\"Topfmagnet 63 x 14 mm Ferrit mit Drahtbuchse M8 - Magnetenspecialist.nl\",\"isPartOf\":{\"@id\":\"https:\/\/www.magnetenspecialist.nl\/de\/#website\"},\"primaryImageOfPage\":{\"@id\":\"https:\/\/www.magnetenspecialist.nl\/de\/speichern\/topfmagnete\/topfmagnet-63-x-14-mm-mit-drahtbuchse-m8\/#primaryimage\"},\"image\":{\"@id\":\"https:\/\/www.magnetenspecialist.nl\/de\/speichern\/topfmagnete\/topfmagnet-63-x-14-mm-mit-drahtbuchse-m8\/#primaryimage\"},\"thumbnailUrl\":\"https:\/\/www.magnetenspecialist.nl\/wp-content\/uploads\/2022\/07\/FFGB-63-Z_1_5.jpg\",\"datePublished\":\"2022-07-01T09:48:07+00:00\",\"dateModified\":\"2025-03-18T14:45:27+00:00\",\"description\":\"Suchen Sie einen Topfmagnet 63 x 14 mm Ferrit mit Drahtbuchse M8? Neodym-Magnete einfach online kaufen bei Magnetenspecialist.nl \u2713 1 Werktag Lieferzeit*.\",\"breadcrumb\":{\"@id\":\"https:\/\/www.magnetenspecialist.nl\/de\/speichern\/topfmagnete\/topfmagnet-63-x-14-mm-mit-drahtbuchse-m8\/#breadcrumb\"},\"inLanguage\":\"de\",\"potentialAction\":[{\"@type\":\"ReadAction\",\"target\":[\"https:\/\/www.magnetenspecialist.nl\/de\/speichern\/topfmagnete\/topfmagnet-63-x-14-mm-mit-drahtbuchse-m8\/\"]}]},{\"@type\":\"ImageObject\",\"inLanguage\":\"de\",\"@id\":\"https:\/\/www.magnetenspecialist.nl\/de\/speichern\/topfmagnete\/topfmagnet-63-x-14-mm-mit-drahtbuchse-m8\/#primaryimage\",\"url\":\"https:\/\/www.magnetenspecialist.nl\/wp-content\/uploads\/2022\/07\/FFGB-63-Z_1_5.jpg\",\"contentUrl\":\"https:\/\/www.magnetenspecialist.nl\/wp-content\/uploads\/2022\/07\/FFGB-63-Z_1_5.jpg\",\"width\":500,\"height\":500,\"caption\":\"OLYMPUS DIGITAL CAMERA\"},{\"@type\":\"BreadcrumbList\",\"@id\":\"https:\/\/www.magnetenspecialist.nl\/de\/speichern\/topfmagnete\/topfmagnet-63-x-14-mm-mit-drahtbuchse-m8\/#breadcrumb\",\"itemListElement\":[{\"@type\":\"ListItem\",\"position\":1,\"name\":\"Startseite\",\"item\":\"https:\/\/www.magnetenspecialist.nl\/de\/\"},{\"@type\":\"ListItem\",\"position\":2,\"name\":\"Shop\",\"item\":\"https:\/\/www.magnetenspecialist.nl\/de\/shop\/\"},{\"@type\":\"ListItem\",\"position\":3,\"name\":\"Topfmagnet 63 x 14 mm Ferrit mit Drahtbuchse M8\"}]},{\"@type\":\"WebSite\",\"@id\":\"https:\/\/www.magnetenspecialist.nl\/de\/#website\",\"url\":\"https:\/\/www.magnetenspecialist.nl\/de\/\",\"name\":\"Magnetenspecialist.nl\",\"description\":\"Umfangreiches Angebot an Neodym-Magneten\",\"publisher\":{\"@id\":\"https:\/\/www.magnetenspecialist.nl\/de\/#organization\"},\"potentialAction\":[{\"@type\":\"SearchAction\",\"target\":{\"@type\":\"EntryPoint\",\"urlTemplate\":\"https:\/\/www.magnetenspecialist.nl\/de\/?s={search_term_string}\"},\"query-input\":{\"@type\":\"PropertyValueSpecification\",\"valueRequired\":true,\"valueName\":\"search_term_string\"}}],\"inLanguage\":\"de\"},{\"@type\":\"Organization\",\"@id\":\"https:\/\/www.magnetenspecialist.nl\/de\/#organization\",\"name\":\"Magnetenspecialist.nl\",\"url\":\"https:\/\/www.magnetenspecialist.nl\/de\/\",\"logo\":{\"@type\":\"ImageObject\",\"inLanguage\":\"de\",\"@id\":\"https:\/\/www.magnetenspecialist.nl\/de\/#\/schema\/logo\/image\/\",\"url\":\"https:\/\/www.magnetenspecialist.nl\/wp-content\/uploads\/2018\/10\/magneten-logo.jpg\",\"contentUrl\":\"https:\/\/www.magnetenspecialist.nl\/wp-content\/uploads\/2018\/10\/magneten-logo.jpg\",\"width\":151,\"height\":151,\"caption\":\"Magnetenspecialist.nl\"},\"image\":{\"@id\":\"https:\/\/www.magnetenspecialist.nl\/de\/#\/schema\/logo\/image\/\"},\"sameAs\":[\"https:\/\/www.facebook.com\/Magnetenspecialist.nl\",\"https:\/\/x.com\/magnetenspecial\"]}]}<\/script>\n<meta property=\"product:price:amount\" content=\"8.63\" \/>\n<meta property=\"product:price:currency\" content=\"EUR\" \/>\n<meta property=\"og:availability\" content=\"instock\" \/>\n<meta property=\"product:availability\" content=\"instock\" \/>\n<meta property=\"product:retailer_item_id\" content=\"po063x014-F\" \/>\n<meta property=\"product:condition\" content=\"new\" \/>\n<!-- \/ Yoast SEO Premium plugin. -->","yoast_head_json":{"title":"Topfmagnet 63 x 14 mm Ferrit mit Drahtbuchse M8 - Magnetenspecialist.nl","description":"Suchen Sie einen Topfmagnet 63 x 14 mm Ferrit mit Drahtbuchse M8? Neodym-Magnete einfach online kaufen bei Magnetenspecialist.nl \u2713 1 Werktag Lieferzeit*.","robots":{"index":"index","follow":"follow","max-snippet":"max-snippet:-1","max-image-preview":"max-image-preview:large","max-video-preview":"max-video-preview:-1"},"canonical":"https:\/\/www.magnetenspecialist.nl\/de\/speichern\/topfmagnete\/topfmagnet-63-x-14-mm-mit-drahtbuchse-m8\/","og_locale":"de_DE","og_type":"article","og_title":"Topfmagnet 63 x 14 mm Ferrit mit Drahtbuchse M8","og_description":"Suchen Sie einen Topfmagnet 63 x 14 mm Ferrit mit Drahtbuchse M8? Neodym-Magnete einfach online kaufen bei Magnetenspecialist.nl \u2713 1 Werktag Lieferzeit*.","og_url":"https:\/\/www.magnetenspecialist.nl\/de\/speichern\/topfmagnete\/topfmagnet-63-x-14-mm-mit-drahtbuchse-m8\/","og_site_name":"Magnetenspecialist.nl","article_publisher":"https:\/\/www.facebook.com\/Magnetenspecialist.nl","article_modified_time":"2025-03-18T14:45:27+00:00","og_image":[{"width":500,"height":500,"url":"https:\/\/www.magnetenspecialist.nl\/wp-content\/uploads\/2022\/07\/FFGB-63-Z_1_5.jpg","type":"image\/jpeg"}],"twitter_card":"summary_large_image","twitter_site":"@magnetenspecial","twitter_misc":{"Preis":"&euro;&nbsp;8,63","Verf\u00fcgbarkeit":"Auf Lager"},"schema":{"@context":"https:\/\/schema.org","@graph":[{"@type":"WebPage","@id":"https:\/\/www.magnetenspecialist.nl\/de\/speichern\/topfmagnete\/topfmagnet-63-x-14-mm-mit-drahtbuchse-m8\/","url":"https:\/\/www.magnetenspecialist.nl\/de\/speichern\/topfmagnete\/topfmagnet-63-x-14-mm-mit-drahtbuchse-m8\/","name":"Topfmagnet 63 x 14 mm Ferrit mit Drahtbuchse M8 - Magnetenspecialist.nl","isPartOf":{"@id":"https:\/\/www.magnetenspecialist.nl\/de\/#website"},"primaryImageOfPage":{"@id":"https:\/\/www.magnetenspecialist.nl\/de\/speichern\/topfmagnete\/topfmagnet-63-x-14-mm-mit-drahtbuchse-m8\/#primaryimage"},"image":{"@id":"https:\/\/www.magnetenspecialist.nl\/de\/speichern\/topfmagnete\/topfmagnet-63-x-14-mm-mit-drahtbuchse-m8\/#primaryimage"},"thumbnailUrl":"https:\/\/www.magnetenspecialist.nl\/wp-content\/uploads\/2022\/07\/FFGB-63-Z_1_5.jpg","datePublished":"2022-07-01T09:48:07+00:00","dateModified":"2025-03-18T14:45:27+00:00","description":"Suchen Sie einen Topfmagnet 63 x 14 mm Ferrit mit Drahtbuchse M8? Neodym-Magnete einfach online kaufen bei Magnetenspecialist.nl \u2713 1 Werktag Lieferzeit*.","breadcrumb":{"@id":"https:\/\/www.magnetenspecialist.nl\/de\/speichern\/topfmagnete\/topfmagnet-63-x-14-mm-mit-drahtbuchse-m8\/#breadcrumb"},"inLanguage":"de","potentialAction":[{"@type":"ReadAction","target":["https:\/\/www.magnetenspecialist.nl\/de\/speichern\/topfmagnete\/topfmagnet-63-x-14-mm-mit-drahtbuchse-m8\/"]}]},{"@type":"ImageObject","inLanguage":"de","@id":"https:\/\/www.magnetenspecialist.nl\/de\/speichern\/topfmagnete\/topfmagnet-63-x-14-mm-mit-drahtbuchse-m8\/#primaryimage","url":"https:\/\/www.magnetenspecialist.nl\/wp-content\/uploads\/2022\/07\/FFGB-63-Z_1_5.jpg","contentUrl":"https:\/\/www.magnetenspecialist.nl\/wp-content\/uploads\/2022\/07\/FFGB-63-Z_1_5.jpg","width":500,"height":500,"caption":"OLYMPUS DIGITAL CAMERA"},{"@type":"BreadcrumbList","@id":"https:\/\/www.magnetenspecialist.nl\/de\/speichern\/topfmagnete\/topfmagnet-63-x-14-mm-mit-drahtbuchse-m8\/#breadcrumb","itemListElement":[{"@type":"ListItem","position":1,"name":"Startseite","item":"https:\/\/www.magnetenspecialist.nl\/de\/"},{"@type":"ListItem","position":2,"name":"Shop","item":"https:\/\/www.magnetenspecialist.nl\/de\/shop\/"},{"@type":"ListItem","position":3,"name":"Topfmagnet 63 x 14 mm Ferrit mit Drahtbuchse M8"}]},{"@type":"WebSite","@id":"https:\/\/www.magnetenspecialist.nl\/de\/#website","url":"https:\/\/www.magnetenspecialist.nl\/de\/","name":"Magnetenspecialist.nl","description":"Umfangreiches Angebot an Neodym-Magneten","publisher":{"@id":"https:\/\/www.magnetenspecialist.nl\/de\/#organization"},"potentialAction":[{"@type":"SearchAction","target":{"@type":"EntryPoint","urlTemplate":"https:\/\/www.magnetenspecialist.nl\/de\/?s={search_term_string}"},"query-input":{"@type":"PropertyValueSpecification","valueRequired":true,"valueName":"search_term_string"}}],"inLanguage":"de"},{"@type":"Organization","@id":"https:\/\/www.magnetenspecialist.nl\/de\/#organization","name":"Magnetenspecialist.nl","url":"https:\/\/www.magnetenspecialist.nl\/de\/","logo":{"@type":"ImageObject","inLanguage":"de","@id":"https:\/\/www.magnetenspecialist.nl\/de\/#\/schema\/logo\/image\/","url":"https:\/\/www.magnetenspecialist.nl\/wp-content\/uploads\/2018\/10\/magneten-logo.jpg","contentUrl":"https:\/\/www.magnetenspecialist.nl\/wp-content\/uploads\/2018\/10\/magneten-logo.jpg","width":151,"height":151,"caption":"Magnetenspecialist.nl"},"image":{"@id":"https:\/\/www.magnetenspecialist.nl\/de\/#\/schema\/logo\/image\/"},"sameAs":["https:\/\/www.facebook.com\/Magnetenspecialist.nl","https:\/\/x.com\/magnetenspecial"]}]},"product_price_amount":"8.63","product_price_currency":"EUR","og_availability":"instock","product_availability":"instock","product_retailer_item_id":"po063x014-F","product_condition":"new"},"_links":{"self":[{"href":"https:\/\/www.magnetenspecialist.nl\/de\/wp-json\/wp\/v2\/product\/114535","targetHints":{"allow":["GET"]}}],"collection":[{"href":"https:\/\/www.magnetenspecialist.nl\/de\/wp-json\/wp\/v2\/product"}],"about":[{"href":"https:\/\/www.magnetenspecialist.nl\/de\/wp-json\/wp\/v2\/types\/product"}],"wp:featuredmedia":[{"embeddable":true,"href":"https:\/\/www.magnetenspecialist.nl\/de\/wp-json\/wp\/v2\/media\/114682"}],"wp:attachment":[{"href":"https:\/\/www.magnetenspecialist.nl\/de\/wp-json\/wp\/v2\/media?parent=114535"}],"wp:term":[{"taxonomy":"product_brand","embeddable":true,"href":"https:\/\/www.magnetenspecialist.nl\/de\/wp-json\/wp\/v2\/product_brand?post=114535"},{"taxonomy":"product_cat","embeddable":true,"href":"https:\/\/www.magnetenspecialist.nl\/de\/wp-json\/wp\/v2\/product_cat?post=114535"},{"taxonomy":"product_tag","embeddable":true,"href":"https:\/\/www.magnetenspecialist.nl\/de\/wp-json\/wp\/v2\/product_tag?post=114535"}],"curies":[{"name":"wp","href":"https:\/\/api.w.org\/{rel}","templated":true}]}}