{"id":125243,"date":"2023-10-09T15:35:52","date_gmt":"2023-10-09T13:35:52","guid":{"rendered":"https:\/\/www.magnetenspecialist.nl\/?post_type=product&#038;p=125243"},"modified":"2025-03-18T15:41:33","modified_gmt":"2025-03-18T14:41:33","slug":"blockmagnet-8-x-4-x-3-mm-kopie","status":"publish","type":"product","link":"https:\/\/www.magnetenspecialist.nl\/de\/speichern\/kuhlerfolienmagnete-de\/blockmagnet-8-x-4-x-3-mm-kopie\/","title":{"rendered":"Blockmagnet 8 x 4 x 3 mm"},"content":{"rendered":"<h3>Starker Blockmagnet 8 x 4 x 3 mm, N50, Haftkraft 1,0 KG <img decoding=\"async\" class=\"alignnone size-medium wp-image-111493\" style=\"font-size: 16px;\" src=\"https:\/\/www.magnetenspecialist.nl\/wp-content\/uploads\/2019\/03\/Magnetenspecialist.nl_Blokmagneet-8-x-4-x-3-mm_2-300x300.jpg\" alt=\"\" width=\"300\" height=\"300\" srcset=\"https:\/\/www.magnetenspecialist.nl\/wp-content\/uploads\/2019\/03\/Magnetenspecialist.nl_Blokmagneet-8-x-4-x-3-mm_2-300x300.jpg 300w, https:\/\/www.magnetenspecialist.nl\/wp-content\/uploads\/2019\/03\/Magnetenspecialist.nl_Blokmagneet-8-x-4-x-3-mm_2-1024x1024.jpg 1024w, https:\/\/www.magnetenspecialist.nl\/wp-content\/uploads\/2019\/03\/Magnetenspecialist.nl_Blokmagneet-8-x-4-x-3-mm_2-150x150.jpg 150w, https:\/\/www.magnetenspecialist.nl\/wp-content\/uploads\/2019\/03\/Magnetenspecialist.nl_Blokmagneet-8-x-4-x-3-mm_2-768x768.jpg 768w, https:\/\/www.magnetenspecialist.nl\/wp-content\/uploads\/2019\/03\/Magnetenspecialist.nl_Blokmagneet-8-x-4-x-3-mm_2-600x600.jpg 600w, https:\/\/www.magnetenspecialist.nl\/wp-content\/uploads\/2019\/03\/Magnetenspecialist.nl_Blokmagneet-8-x-4-x-3-mm_2-100x100.jpg 100w, https:\/\/www.magnetenspecialist.nl\/wp-content\/uploads\/2019\/03\/Magnetenspecialist.nl_Blokmagneet-8-x-4-x-3-mm_2.jpg 1500w\" sizes=\"(max-width: 300px) 100vw, 300px\" \/><\/h3>\n<p>Ein Blockmagnet ist vielleicht die traditionellste Form eines Magneten: rechteckig und leicht aufnehmbar. Gleichzeitig sind Blockmagnete aber auch sehr stark. Ideal f\u00fcr den Einsatz zu Hause, im B\u00fcro oder f\u00fcr industrielle Anwendungen. Sie suchen also starke Neodym-Blockmagnete? Bei Magnetenspecialist.nl k\u00f6nnen Sie sie online bestellen. Auf dieser Website k\u00f6nnen Sie unser komplettes Angebot sehen. F\u00fcr jeden Blockmagneten sehen Sie ein Bild mit der Gr\u00f6\u00dfe und den Spezifikationen.<\/p>\n","protected":false},"excerpt":{"rendered":"<p>Starker Blockmagnet 8 x 4 x 3 mm, N50, Haftkraft 1,0 KG Ein Blockmagnet ist vielleicht die traditionellste Form eines Magneten: rechteckig und leicht aufnehmbar. Gleichzeitig sind Blockmagnete aber auch sehr stark. Ideal f\u00fcr den Einsatz zu Hause, im B\u00fcro oder f\u00fcr industrielle Anwendungen. Sie suchen also starke Neodym-Blockmagnete? Bei Magnetenspecialist.nl k\u00f6nnen Sie sie online [&hellip;]<\/p>\n","protected":false},"featured_media":111492,"template":"","meta":{"_acf_changed":false},"product_brand":[3521],"product_cat":[3496],"product_tag":[3484],"class_list":{"0":"post-125243","1":"product","2":"type-product","3":"status-publish","4":"has-post-thumbnail","6":"product_brand-magnetenspecialist","7":"product_cat-kuhlerfolienmagnete-de","8":"product_tag-kuhlerfolienmagnete-set","9":"pa_herkomst-china-de","10":"pa_houdkracht-1-de","11":"pa_magnetisering-n50-de","12":"pa_magnetiseringsrichting-axiaal-de","13":"pa_materiaal-vernickelt-ni-cu-ni-de-2","14":"pa_maximale-gebruikstemperatuur-80-de","15":"pa_model-block-de","16":"pa_preferentiele-oorsprong-nein","17":"pa_taric-code-8505-1110-99-0-de","19":"first","20":"instock","21":"taxable","22":"shipping-taxable","23":"purchasable","24":"product-type-simple"},"supplier_id":null,"supplier_sku":"","barcode":null,"atum_controlled":true,"out_stock_date":null,"out_stock_threshold":null,"inheritable":false,"inbound_stock":0,"stock_on_hold":0,"sold_today":0,"sales_last_days":0,"reserved_stock":0,"customer_returns":0,"warehouse_damage":0,"lost_in_post":0,"other_logs":0,"out_stock_days":0,"lost_sales":0,"has_location":false,"update_date":"2026-04-03T08:06:14","atum_locations":[],"atum_stock_status":"instock","restock_status":false,"low_stock_amount":50000,"sales_update_date":"2026-04-03T08:06:14","calc_backorders":null,"acf":[],"yoast_head":"<!-- This site is optimized with the Yoast SEO Premium plugin v24.7 (Yoast SEO v24.7) - https:\/\/yoast.com\/wordpress\/plugins\/seo\/ -->\n<title>Blockmagnet 8 x 4 x 3 mm f\u00fcr kleine Magnetanwendungen<\/title>\n<meta name=\"description\" content=\"Suchen Sie einen Blockmagnet 8 x 4 x 3 mm? Magnete k\u00f6nnen bequem online gekauft werden Magnetenspecialist.nl 1 Werktag Lieferzeit \u2713 14 Tage Bedenkzeit \u2713 Versand oder Abholung *.\" \/>\n<meta name=\"robots\" content=\"index, follow, max-snippet:-1, max-image-preview:large, max-video-preview:-1\" \/>\n<link rel=\"canonical\" href=\"https:\/\/www.magnetenspecialist.nl\/de\/speichern\/kuhlerfolienmagnete-de\/blockmagnet-8-x-4-x-3-mm-kopie\/\" \/>\n<meta property=\"og:locale\" content=\"de_DE\" \/>\n<meta property=\"og:type\" content=\"article\" \/>\n<meta property=\"og:title\" content=\"Blockmagnet 8 x 4 x 3 mm\" \/>\n<meta property=\"og:description\" content=\"Suchen Sie einen Blockmagnet 8 x 4 x 3 mm? Magnete k\u00f6nnen bequem online gekauft werden Magnetenspecialist.nl 1 Werktag Lieferzeit \u2713 14 Tage Bedenkzeit \u2713 Versand oder Abholung *.\" \/>\n<meta property=\"og:url\" content=\"https:\/\/www.magnetenspecialist.nl\/de\/speichern\/kuhlerfolienmagnete-de\/blockmagnet-8-x-4-x-3-mm-kopie\/\" \/>\n<meta property=\"og:site_name\" content=\"Magnetenspecialist.nl\" \/>\n<meta property=\"article:publisher\" content=\"https:\/\/www.facebook.com\/Magnetenspecialist.nl\" \/>\n<meta property=\"article:modified_time\" content=\"2025-03-18T14:41:33+00:00\" \/>\n<meta property=\"og:image\" content=\"https:\/\/www.magnetenspecialist.nl\/wp-content\/uploads\/2019\/03\/Magnetenspecialist.nl_Blokmagneet-8-x-4-x-3-mm_1.jpg\" \/>\n\t<meta property=\"og:image:width\" content=\"1500\" \/>\n\t<meta property=\"og:image:height\" content=\"1500\" \/>\n\t<meta property=\"og:image:type\" content=\"image\/jpeg\" \/>\n<meta name=\"twitter:card\" content=\"summary_large_image\" \/>\n<meta name=\"twitter:site\" content=\"@magnetenspecial\" \/>\n<meta name=\"twitter:label1\" content=\"Preis\" \/>\n\t<meta name=\"twitter:data1\" content=\"&euro;&nbsp;4,50\" \/>\n\t<meta name=\"twitter:label2\" content=\"Verf\u00fcgbarkeit\" \/>\n\t<meta name=\"twitter:data2\" content=\"Auf Lager\" \/>\n<script type=\"application\/ld+json\" class=\"yoast-schema-graph\">{\"@context\":\"https:\/\/schema.org\",\"@graph\":[{\"@type\":\"WebPage\",\"@id\":\"https:\/\/www.magnetenspecialist.nl\/de\/speichern\/kuhlerfolienmagnete-de\/blockmagnet-8-x-4-x-3-mm-kopie\/\",\"url\":\"https:\/\/www.magnetenspecialist.nl\/de\/speichern\/kuhlerfolienmagnete-de\/blockmagnet-8-x-4-x-3-mm-kopie\/\",\"name\":\"Blockmagnet 8 x 4 x 3 mm f\u00fcr kleine Magnetanwendungen\",\"isPartOf\":{\"@id\":\"https:\/\/www.magnetenspecialist.nl\/de\/#website\"},\"primaryImageOfPage\":{\"@id\":\"https:\/\/www.magnetenspecialist.nl\/de\/speichern\/kuhlerfolienmagnete-de\/blockmagnet-8-x-4-x-3-mm-kopie\/#primaryimage\"},\"image\":{\"@id\":\"https:\/\/www.magnetenspecialist.nl\/de\/speichern\/kuhlerfolienmagnete-de\/blockmagnet-8-x-4-x-3-mm-kopie\/#primaryimage\"},\"thumbnailUrl\":\"https:\/\/www.magnetenspecialist.nl\/wp-content\/uploads\/2019\/03\/Magnetenspecialist.nl_Blokmagneet-8-x-4-x-3-mm_1.jpg\",\"datePublished\":\"2023-10-09T13:35:52+00:00\",\"dateModified\":\"2025-03-18T14:41:33+00:00\",\"description\":\"Suchen Sie einen Blockmagnet 8 x 4 x 3 mm? Magnete k\u00f6nnen bequem online gekauft werden Magnetenspecialist.nl 1 Werktag Lieferzeit \u2713 14 Tage Bedenkzeit \u2713 Versand oder Abholung *.\",\"breadcrumb\":{\"@id\":\"https:\/\/www.magnetenspecialist.nl\/de\/speichern\/kuhlerfolienmagnete-de\/blockmagnet-8-x-4-x-3-mm-kopie\/#breadcrumb\"},\"inLanguage\":\"de-DE\",\"potentialAction\":[{\"@type\":\"ReadAction\",\"target\":[\"https:\/\/www.magnetenspecialist.nl\/de\/speichern\/kuhlerfolienmagnete-de\/blockmagnet-8-x-4-x-3-mm-kopie\/\"]}]},{\"@type\":\"ImageObject\",\"inLanguage\":\"de-DE\",\"@id\":\"https:\/\/www.magnetenspecialist.nl\/de\/speichern\/kuhlerfolienmagnete-de\/blockmagnet-8-x-4-x-3-mm-kopie\/#primaryimage\",\"url\":\"https:\/\/www.magnetenspecialist.nl\/wp-content\/uploads\/2019\/03\/Magnetenspecialist.nl_Blokmagneet-8-x-4-x-3-mm_1.jpg\",\"contentUrl\":\"https:\/\/www.magnetenspecialist.nl\/wp-content\/uploads\/2019\/03\/Magnetenspecialist.nl_Blokmagneet-8-x-4-x-3-mm_1.jpg\",\"width\":1500,\"height\":1500,\"caption\":\"Blokmagneet 8x4x3mm voor oa radiatorfoliemagneet\"},{\"@type\":\"BreadcrumbList\",\"@id\":\"https:\/\/www.magnetenspecialist.nl\/de\/speichern\/kuhlerfolienmagnete-de\/blockmagnet-8-x-4-x-3-mm-kopie\/#breadcrumb\",\"itemListElement\":[{\"@type\":\"ListItem\",\"position\":1,\"name\":\"Startseite\",\"item\":\"https:\/\/www.magnetenspecialist.nl\/de\/\"},{\"@type\":\"ListItem\",\"position\":2,\"name\":\"Shop\",\"item\":\"https:\/\/www.magnetenspecialist.nl\/de\/shop\/\"},{\"@type\":\"ListItem\",\"position\":3,\"name\":\"Blockmagnet 8 x 4 x 3 mm\"}]},{\"@type\":\"WebSite\",\"@id\":\"https:\/\/www.magnetenspecialist.nl\/de\/#website\",\"url\":\"https:\/\/www.magnetenspecialist.nl\/de\/\",\"name\":\"Magnetenspecialist.nl\",\"description\":\"Umfangreiches Angebot an Neodym-Magneten\",\"publisher\":{\"@id\":\"https:\/\/www.magnetenspecialist.nl\/de\/#organization\"},\"potentialAction\":[{\"@type\":\"SearchAction\",\"target\":{\"@type\":\"EntryPoint\",\"urlTemplate\":\"https:\/\/www.magnetenspecialist.nl\/de\/?s={search_term_string}\"},\"query-input\":{\"@type\":\"PropertyValueSpecification\",\"valueRequired\":true,\"valueName\":\"search_term_string\"}}],\"inLanguage\":\"de-DE\"},{\"@type\":\"Organization\",\"@id\":\"https:\/\/www.magnetenspecialist.nl\/de\/#organization\",\"name\":\"Magnetenspecialist.nl\",\"url\":\"https:\/\/www.magnetenspecialist.nl\/de\/\",\"logo\":{\"@type\":\"ImageObject\",\"inLanguage\":\"de-DE\",\"@id\":\"https:\/\/www.magnetenspecialist.nl\/de\/#\/schema\/logo\/image\/\",\"url\":\"https:\/\/www.magnetenspecialist.nl\/wp-content\/uploads\/2018\/10\/magneten-logo.jpg\",\"contentUrl\":\"https:\/\/www.magnetenspecialist.nl\/wp-content\/uploads\/2018\/10\/magneten-logo.jpg\",\"width\":151,\"height\":151,\"caption\":\"Magnetenspecialist.nl\"},\"image\":{\"@id\":\"https:\/\/www.magnetenspecialist.nl\/de\/#\/schema\/logo\/image\/\"},\"sameAs\":[\"https:\/\/www.facebook.com\/Magnetenspecialist.nl\",\"https:\/\/x.com\/magnetenspecial\"]}]}<\/script>\n<meta property=\"product:price:amount\" content=\"4.50\" \/>\n<meta property=\"product:price:currency\" content=\"EUR\" \/>\n<meta property=\"og:availability\" content=\"instock\" \/>\n<meta property=\"product:availability\" content=\"instock\" \/>\n<meta property=\"product:retailer_item_id\" content=\"RFM008x004x003-N\" \/>\n<meta property=\"product:condition\" content=\"new\" \/>\n<!-- \/ Yoast SEO Premium plugin. -->","yoast_head_json":{"title":"Blockmagnet 8 x 4 x 3 mm f\u00fcr kleine Magnetanwendungen","description":"Suchen Sie einen Blockmagnet 8 x 4 x 3 mm? Magnete k\u00f6nnen bequem online gekauft werden Magnetenspecialist.nl 1 Werktag Lieferzeit \u2713 14 Tage Bedenkzeit \u2713 Versand oder Abholung *.","robots":{"index":"index","follow":"follow","max-snippet":"max-snippet:-1","max-image-preview":"max-image-preview:large","max-video-preview":"max-video-preview:-1"},"canonical":"https:\/\/www.magnetenspecialist.nl\/de\/speichern\/kuhlerfolienmagnete-de\/blockmagnet-8-x-4-x-3-mm-kopie\/","og_locale":"de_DE","og_type":"article","og_title":"Blockmagnet 8 x 4 x 3 mm","og_description":"Suchen Sie einen Blockmagnet 8 x 4 x 3 mm? Magnete k\u00f6nnen bequem online gekauft werden Magnetenspecialist.nl 1 Werktag Lieferzeit \u2713 14 Tage Bedenkzeit \u2713 Versand oder Abholung *.","og_url":"https:\/\/www.magnetenspecialist.nl\/de\/speichern\/kuhlerfolienmagnete-de\/blockmagnet-8-x-4-x-3-mm-kopie\/","og_site_name":"Magnetenspecialist.nl","article_publisher":"https:\/\/www.facebook.com\/Magnetenspecialist.nl","article_modified_time":"2025-03-18T14:41:33+00:00","og_image":[{"width":1500,"height":1500,"url":"https:\/\/www.magnetenspecialist.nl\/wp-content\/uploads\/2019\/03\/Magnetenspecialist.nl_Blokmagneet-8-x-4-x-3-mm_1.jpg","type":"image\/jpeg"}],"twitter_card":"summary_large_image","twitter_site":"@magnetenspecial","twitter_misc":{"Preis":"&euro;&nbsp;4,50","Verf\u00fcgbarkeit":"Auf Lager"},"schema":{"@context":"https:\/\/schema.org","@graph":[{"@type":"WebPage","@id":"https:\/\/www.magnetenspecialist.nl\/de\/speichern\/kuhlerfolienmagnete-de\/blockmagnet-8-x-4-x-3-mm-kopie\/","url":"https:\/\/www.magnetenspecialist.nl\/de\/speichern\/kuhlerfolienmagnete-de\/blockmagnet-8-x-4-x-3-mm-kopie\/","name":"Blockmagnet 8 x 4 x 3 mm f\u00fcr kleine Magnetanwendungen","isPartOf":{"@id":"https:\/\/www.magnetenspecialist.nl\/de\/#website"},"primaryImageOfPage":{"@id":"https:\/\/www.magnetenspecialist.nl\/de\/speichern\/kuhlerfolienmagnete-de\/blockmagnet-8-x-4-x-3-mm-kopie\/#primaryimage"},"image":{"@id":"https:\/\/www.magnetenspecialist.nl\/de\/speichern\/kuhlerfolienmagnete-de\/blockmagnet-8-x-4-x-3-mm-kopie\/#primaryimage"},"thumbnailUrl":"https:\/\/www.magnetenspecialist.nl\/wp-content\/uploads\/2019\/03\/Magnetenspecialist.nl_Blokmagneet-8-x-4-x-3-mm_1.jpg","datePublished":"2023-10-09T13:35:52+00:00","dateModified":"2025-03-18T14:41:33+00:00","description":"Suchen Sie einen Blockmagnet 8 x 4 x 3 mm? Magnete k\u00f6nnen bequem online gekauft werden Magnetenspecialist.nl 1 Werktag Lieferzeit \u2713 14 Tage Bedenkzeit \u2713 Versand oder Abholung *.","breadcrumb":{"@id":"https:\/\/www.magnetenspecialist.nl\/de\/speichern\/kuhlerfolienmagnete-de\/blockmagnet-8-x-4-x-3-mm-kopie\/#breadcrumb"},"inLanguage":"de-DE","potentialAction":[{"@type":"ReadAction","target":["https:\/\/www.magnetenspecialist.nl\/de\/speichern\/kuhlerfolienmagnete-de\/blockmagnet-8-x-4-x-3-mm-kopie\/"]}]},{"@type":"ImageObject","inLanguage":"de-DE","@id":"https:\/\/www.magnetenspecialist.nl\/de\/speichern\/kuhlerfolienmagnete-de\/blockmagnet-8-x-4-x-3-mm-kopie\/#primaryimage","url":"https:\/\/www.magnetenspecialist.nl\/wp-content\/uploads\/2019\/03\/Magnetenspecialist.nl_Blokmagneet-8-x-4-x-3-mm_1.jpg","contentUrl":"https:\/\/www.magnetenspecialist.nl\/wp-content\/uploads\/2019\/03\/Magnetenspecialist.nl_Blokmagneet-8-x-4-x-3-mm_1.jpg","width":1500,"height":1500,"caption":"Blokmagneet 8x4x3mm voor oa radiatorfoliemagneet"},{"@type":"BreadcrumbList","@id":"https:\/\/www.magnetenspecialist.nl\/de\/speichern\/kuhlerfolienmagnete-de\/blockmagnet-8-x-4-x-3-mm-kopie\/#breadcrumb","itemListElement":[{"@type":"ListItem","position":1,"name":"Startseite","item":"https:\/\/www.magnetenspecialist.nl\/de\/"},{"@type":"ListItem","position":2,"name":"Shop","item":"https:\/\/www.magnetenspecialist.nl\/de\/shop\/"},{"@type":"ListItem","position":3,"name":"Blockmagnet 8 x 4 x 3 mm"}]},{"@type":"WebSite","@id":"https:\/\/www.magnetenspecialist.nl\/de\/#website","url":"https:\/\/www.magnetenspecialist.nl\/de\/","name":"Magnetenspecialist.nl","description":"Umfangreiches Angebot an Neodym-Magneten","publisher":{"@id":"https:\/\/www.magnetenspecialist.nl\/de\/#organization"},"potentialAction":[{"@type":"SearchAction","target":{"@type":"EntryPoint","urlTemplate":"https:\/\/www.magnetenspecialist.nl\/de\/?s={search_term_string}"},"query-input":{"@type":"PropertyValueSpecification","valueRequired":true,"valueName":"search_term_string"}}],"inLanguage":"de-DE"},{"@type":"Organization","@id":"https:\/\/www.magnetenspecialist.nl\/de\/#organization","name":"Magnetenspecialist.nl","url":"https:\/\/www.magnetenspecialist.nl\/de\/","logo":{"@type":"ImageObject","inLanguage":"de-DE","@id":"https:\/\/www.magnetenspecialist.nl\/de\/#\/schema\/logo\/image\/","url":"https:\/\/www.magnetenspecialist.nl\/wp-content\/uploads\/2018\/10\/magneten-logo.jpg","contentUrl":"https:\/\/www.magnetenspecialist.nl\/wp-content\/uploads\/2018\/10\/magneten-logo.jpg","width":151,"height":151,"caption":"Magnetenspecialist.nl"},"image":{"@id":"https:\/\/www.magnetenspecialist.nl\/de\/#\/schema\/logo\/image\/"},"sameAs":["https:\/\/www.facebook.com\/Magnetenspecialist.nl","https:\/\/x.com\/magnetenspecial"]}]},"product_price_amount":"4.50","product_price_currency":"EUR","og_availability":"instock","product_availability":"instock","product_retailer_item_id":"RFM008x004x003-N","product_condition":"new"},"_links":{"self":[{"href":"https:\/\/www.magnetenspecialist.nl\/de\/wp-json\/wp\/v2\/product\/125243"}],"collection":[{"href":"https:\/\/www.magnetenspecialist.nl\/de\/wp-json\/wp\/v2\/product"}],"about":[{"href":"https:\/\/www.magnetenspecialist.nl\/de\/wp-json\/wp\/v2\/types\/product"}],"wp:featuredmedia":[{"embeddable":true,"href":"https:\/\/www.magnetenspecialist.nl\/de\/wp-json\/wp\/v2\/media\/111492"}],"wp:attachment":[{"href":"https:\/\/www.magnetenspecialist.nl\/de\/wp-json\/wp\/v2\/media?parent=125243"}],"wp:term":[{"taxonomy":"product_brand","embeddable":true,"href":"https:\/\/www.magnetenspecialist.nl\/de\/wp-json\/wp\/v2\/product_brand?post=125243"},{"taxonomy":"product_cat","embeddable":true,"href":"https:\/\/www.magnetenspecialist.nl\/de\/wp-json\/wp\/v2\/product_cat?post=125243"},{"taxonomy":"product_tag","embeddable":true,"href":"https:\/\/www.magnetenspecialist.nl\/de\/wp-json\/wp\/v2\/product_tag?post=125243"}],"curies":[{"name":"wp","href":"https:\/\/api.w.org\/{rel}","templated":true}]}}