{"id":126953,"date":"2024-01-09T15:09:37","date_gmt":"2024-01-09T14:09:37","guid":{"rendered":"https:\/\/www.magnetenspecialist.nl\/?post_type=product&#038;p=126953"},"modified":"2025-05-06T16:32:46","modified_gmt":"2025-05-06T14:32:46","slug":"hakenmagnet-16-x-6-x-45-mm-kopie","status":"publish","type":"product","link":"https:\/\/www.magnetenspecialist.nl\/de\/speichern\/magnete-einhaken\/hakenmagnet-16-x-6-x-45-mm-kopie\/","title":{"rendered":"Hakenmagnet 13 x 5 x 6 mm &#8211; Neodym N40 Magnet in Stahlgeh\u00e4use"},"content":{"rendered":"<p class=\"\" data-start=\"221\" data-end=\"294\"><strong data-start=\"221\" data-end=\"294\">Hakenmagnet 13 x 5 x 6 mm &#8211; Neodym N40 Magnet in Stahlgeh\u00e4use<\/strong><\/p>\n<p class=\"\" data-start=\"296\" data-end=\"693\">Dieser kompakte 13 mm Hakenmagnet verf\u00fcgt \u00fcber einen starken Neodym N40-Magneten, der in ein robustes Stahlgeh\u00e4use eingebettet ist. Dank seiner Gr\u00f6\u00dfe und St\u00e4rke ist dieser Magnet ideal f\u00fcr Anwendungen, bei denen der Platz begrenzt ist, aber eine zuverl\u00e4ssige Befestigung erforderlich ist. Mit dem Haken k\u00f6nnen Sie Gegenst\u00e4nde wie Schl\u00fcssel, Werkzeuge oder Kabel einfach und sicher an Metalloberfl\u00e4chen aufh\u00e4ngen.  <\/p>\n<p class=\"\" data-start=\"695\" data-end=\"858\"><strong data-start=\"695\" data-end=\"712\">Anwendungen:<\/strong> Geeignet f\u00fcr den Hausgebrauch, Werkst\u00e4tten, K\u00fcchen, B\u00fcros und industrielle Umgebungen, wo eine kleine, aber leistungsstarke Aufh\u00e4ngel\u00f6sung ben\u00f6tigt wird.<\/p>\n<p class=\"\" data-start=\"860\" data-end=\"888\"><strong data-start=\"860\" data-end=\"888\">Wichtige Merkmale:<\/strong><\/p>\n<ul data-start=\"889\" data-end=\"1242\">\n<li class=\"\" data-start=\"889\" data-end=\"965\">\n<p class=\"\" data-start=\"891\" data-end=\"965\"><strong data-start=\"891\" data-end=\"906\">Abmessungen:<\/strong> 13 mm Durchmesser x 5 mm H\u00f6he (Geh\u00e4use) x 6 mm Hakenh\u00f6he<\/p>\n<\/li>\n<li class=\"\" data-start=\"966\" data-end=\"1034\">\n<p class=\"\" data-start=\"968\" data-end=\"1034\"><strong data-start=\"968\" data-end=\"982\">Material:<\/strong> Neodym-Magnet N40 in verzinktem Stahlgeh\u00e4use<\/p>\n<\/li>\n<li class=\"\" data-start=\"1035\" data-end=\"1088\">\n<p class=\"\" data-start=\"1037\" data-end=\"1088\"><strong data-start=\"1037\" data-end=\"1046\">Haken:<\/strong> fest montiert, stabil und rostfrei<\/p>\n<\/li>\n<li class=\"\" data-start=\"1089\" data-end=\"1148\">\n<p class=\"\" data-start=\"1091\" data-end=\"1148\"><strong data-start=\"1091\" data-end=\"1103\">Verwendung:<\/strong> Aufh\u00e4ngen von leichten bis mittelschweren Gegenst\u00e4nden<\/p>\n<\/li>\n<li class=\"\" data-start=\"1149\" data-end=\"1242\">\n<p class=\"\" data-start=\"1151\" data-end=\"1242\"><strong data-start=\"1151\" data-end=\"1175\">Korrosionsschutz:<\/strong> bessere Widerstandsf\u00e4higkeit gegen Abnutzung und Rost dank der galvanischen Beschichtung<\/p>\n<\/li>\n<\/ul>\n","protected":false},"excerpt":{"rendered":"<p>Neodym Topfmagnet flach mit Haken ( Gewinde M4 )<br \/>\nMax. Betriebstemperatur: 80\u00b0C<br \/>\nInklusive Haken. <\/p>\n","protected":false},"featured_media":113491,"template":"","meta":{"_acf_changed":false},"product_brand":[3521],"product_cat":[1383],"product_tag":[3164],"class_list":{"0":"post-126953","1":"product","2":"type-product","3":"status-publish","4":"has-post-thumbnail","6":"product_brand-magnetenspecialist","7":"product_cat-magnete-einhaken","8":"product_tag-groep-4-de","9":"pa_magnetisering-n40-de","10":"pa_magnetiseringsrichting-axiaal-de","11":"pa_materiaal-vernickeltes-neodym","12":"pa_model-hakenmagnet","14":"first","15":"instock","16":"taxable","17":"shipping-taxable","18":"purchasable","19":"product-type-simple"},"supplier_id":null,"supplier_sku":"","barcode":null,"atum_controlled":true,"out_stock_date":null,"out_stock_threshold":null,"inheritable":false,"inbound_stock":0,"stock_on_hold":0,"sold_today":0,"sales_last_days":0,"reserved_stock":0,"customer_returns":0,"warehouse_damage":0,"lost_in_post":0,"other_logs":0,"out_stock_days":0,"lost_sales":0,"has_location":false,"update_date":"2026-04-21T09:54:25","atum_locations":[],"atum_stock_status":"instock","restock_status":false,"low_stock_amount":1500,"sales_update_date":"2026-04-03T08:06:14","calc_backorders":null,"acf":[],"yoast_head":"<!-- This site is optimized with the Yoast SEO Premium plugin v24.7 (Yoast SEO v24.7) - https:\/\/yoast.com\/wordpress\/plugins\/seo\/ -->\n<title>Hakenmagnet 13 x 5 x 6 mm - Neodym N40 Magnet in Stahlgeh\u00e4use - Magnetenspecialist.nl<\/title>\n<meta name=\"description\" content=\"Suchen Sie einen Hakenmagnet 13 x 5 x 6 mm - Neodym N40 Magnet in Stahlgeh\u00e4use? Magnete k\u00f6nnen bequem online gekauft werden Magnetenspecialist.nl 1 Werktag Lieferzeit \u2713 14 Tage Bedenkzeit \u2713 Versand oder Abholung *.\" \/>\n<meta name=\"robots\" content=\"index, follow, max-snippet:-1, max-image-preview:large, max-video-preview:-1\" \/>\n<link rel=\"canonical\" href=\"https:\/\/www.magnetenspecialist.nl\/de\/speichern\/magnete-einhaken\/hakenmagnet-16-x-6-x-45-mm-kopie\/\" \/>\n<meta property=\"og:locale\" content=\"de_DE\" \/>\n<meta property=\"og:type\" content=\"article\" \/>\n<meta property=\"og:title\" content=\"Hakenmagnet 13 x 5 x 6 mm - Neodym N40 Magnet in Stahlgeh\u00e4use\" \/>\n<meta property=\"og:description\" content=\"Suchen Sie einen Hakenmagnet 13 x 5 x 6 mm - Neodym N40 Magnet in Stahlgeh\u00e4use? Magnete k\u00f6nnen bequem online gekauft werden Magnetenspecialist.nl 1 Werktag Lieferzeit \u2713 14 Tage Bedenkzeit \u2713 Versand oder Abholung *.\" \/>\n<meta property=\"og:url\" content=\"https:\/\/www.magnetenspecialist.nl\/de\/speichern\/magnete-einhaken\/hakenmagnet-16-x-6-x-45-mm-kopie\/\" \/>\n<meta property=\"og:site_name\" content=\"Magnetenspecialist.nl\" \/>\n<meta property=\"article:publisher\" content=\"https:\/\/www.facebook.com\/Magnetenspecialist.nl\" \/>\n<meta property=\"article:modified_time\" content=\"2025-05-06T14:32:46+00:00\" \/>\n<meta property=\"og:image\" content=\"https:\/\/www.magnetenspecialist.nl\/wp-content\/uploads\/2019\/03\/Magnetenspecialist.nl_Haakmagneet-16-x-6-x-4.5-mm_1.jpg\" \/>\n\t<meta property=\"og:image:width\" content=\"1500\" \/>\n\t<meta property=\"og:image:height\" content=\"1500\" \/>\n\t<meta property=\"og:image:type\" content=\"image\/jpeg\" \/>\n<meta name=\"twitter:card\" content=\"summary_large_image\" \/>\n<meta name=\"twitter:site\" content=\"@magnetenspecial\" \/>\n<meta name=\"twitter:label1\" content=\"Preis\" \/>\n\t<meta name=\"twitter:data1\" content=\"&euro;&nbsp;2,04\" \/>\n\t<meta name=\"twitter:label2\" content=\"Verf\u00fcgbarkeit\" \/>\n\t<meta name=\"twitter:data2\" content=\"Auf Lager\" \/>\n<script type=\"application\/ld+json\" class=\"yoast-schema-graph\">{\"@context\":\"https:\/\/schema.org\",\"@graph\":[{\"@type\":\"WebPage\",\"@id\":\"https:\/\/www.magnetenspecialist.nl\/de\/speichern\/magnete-einhaken\/hakenmagnet-16-x-6-x-45-mm-kopie\/\",\"url\":\"https:\/\/www.magnetenspecialist.nl\/de\/speichern\/magnete-einhaken\/hakenmagnet-16-x-6-x-45-mm-kopie\/\",\"name\":\"Hakenmagnet 13 x 5 x 6 mm - Neodym N40 Magnet in Stahlgeh\u00e4use - Magnetenspecialist.nl\",\"isPartOf\":{\"@id\":\"https:\/\/www.magnetenspecialist.nl\/de\/#website\"},\"primaryImageOfPage\":{\"@id\":\"https:\/\/www.magnetenspecialist.nl\/de\/speichern\/magnete-einhaken\/hakenmagnet-16-x-6-x-45-mm-kopie\/#primaryimage\"},\"image\":{\"@id\":\"https:\/\/www.magnetenspecialist.nl\/de\/speichern\/magnete-einhaken\/hakenmagnet-16-x-6-x-45-mm-kopie\/#primaryimage\"},\"thumbnailUrl\":\"https:\/\/www.magnetenspecialist.nl\/wp-content\/uploads\/2019\/03\/Magnetenspecialist.nl_Haakmagneet-16-x-6-x-4.5-mm_1.jpg\",\"datePublished\":\"2024-01-09T14:09:37+00:00\",\"dateModified\":\"2025-05-06T14:32:46+00:00\",\"description\":\"Suchen Sie einen Hakenmagnet 13 x 5 x 6 mm - Neodym N40 Magnet in Stahlgeh\u00e4use? Magnete k\u00f6nnen bequem online gekauft werden Magnetenspecialist.nl 1 Werktag Lieferzeit \u2713 14 Tage Bedenkzeit \u2713 Versand oder Abholung *.\",\"breadcrumb\":{\"@id\":\"https:\/\/www.magnetenspecialist.nl\/de\/speichern\/magnete-einhaken\/hakenmagnet-16-x-6-x-45-mm-kopie\/#breadcrumb\"},\"inLanguage\":\"de\",\"potentialAction\":[{\"@type\":\"ReadAction\",\"target\":[\"https:\/\/www.magnetenspecialist.nl\/de\/speichern\/magnete-einhaken\/hakenmagnet-16-x-6-x-45-mm-kopie\/\"]}]},{\"@type\":\"ImageObject\",\"inLanguage\":\"de\",\"@id\":\"https:\/\/www.magnetenspecialist.nl\/de\/speichern\/magnete-einhaken\/hakenmagnet-16-x-6-x-45-mm-kopie\/#primaryimage\",\"url\":\"https:\/\/www.magnetenspecialist.nl\/wp-content\/uploads\/2019\/03\/Magnetenspecialist.nl_Haakmagneet-16-x-6-x-4.5-mm_1.jpg\",\"contentUrl\":\"https:\/\/www.magnetenspecialist.nl\/wp-content\/uploads\/2019\/03\/Magnetenspecialist.nl_Haakmagneet-16-x-6-x-4.5-mm_1.jpg\",\"width\":1500,\"height\":1500,\"caption\":\"Haakmagneet 13 x 5 x 6 mm met krachtige Neodymium N40 magneet in stalen behuizing. Praktisch voor thuis, werkplaats of industri\u00eble ophangsystemen.\"},{\"@type\":\"BreadcrumbList\",\"@id\":\"https:\/\/www.magnetenspecialist.nl\/de\/speichern\/magnete-einhaken\/hakenmagnet-16-x-6-x-45-mm-kopie\/#breadcrumb\",\"itemListElement\":[{\"@type\":\"ListItem\",\"position\":1,\"name\":\"Startseite\",\"item\":\"https:\/\/www.magnetenspecialist.nl\/de\/\"},{\"@type\":\"ListItem\",\"position\":2,\"name\":\"Shop\",\"item\":\"https:\/\/www.magnetenspecialist.nl\/de\/shop\/\"},{\"@type\":\"ListItem\",\"position\":3,\"name\":\"Hakenmagnet 13 x 5 x 6 mm &#8211; Neodym N40 Magnet in Stahlgeh\u00e4use\"}]},{\"@type\":\"WebSite\",\"@id\":\"https:\/\/www.magnetenspecialist.nl\/de\/#website\",\"url\":\"https:\/\/www.magnetenspecialist.nl\/de\/\",\"name\":\"Magnetenspecialist.nl\",\"description\":\"Umfangreiches Angebot an Neodym-Magneten\",\"publisher\":{\"@id\":\"https:\/\/www.magnetenspecialist.nl\/de\/#organization\"},\"potentialAction\":[{\"@type\":\"SearchAction\",\"target\":{\"@type\":\"EntryPoint\",\"urlTemplate\":\"https:\/\/www.magnetenspecialist.nl\/de\/?s={search_term_string}\"},\"query-input\":{\"@type\":\"PropertyValueSpecification\",\"valueRequired\":true,\"valueName\":\"search_term_string\"}}],\"inLanguage\":\"de\"},{\"@type\":\"Organization\",\"@id\":\"https:\/\/www.magnetenspecialist.nl\/de\/#organization\",\"name\":\"Magnetenspecialist.nl\",\"url\":\"https:\/\/www.magnetenspecialist.nl\/de\/\",\"logo\":{\"@type\":\"ImageObject\",\"inLanguage\":\"de\",\"@id\":\"https:\/\/www.magnetenspecialist.nl\/de\/#\/schema\/logo\/image\/\",\"url\":\"https:\/\/www.magnetenspecialist.nl\/wp-content\/uploads\/2018\/10\/magneten-logo.jpg\",\"contentUrl\":\"https:\/\/www.magnetenspecialist.nl\/wp-content\/uploads\/2018\/10\/magneten-logo.jpg\",\"width\":151,\"height\":151,\"caption\":\"Magnetenspecialist.nl\"},\"image\":{\"@id\":\"https:\/\/www.magnetenspecialist.nl\/de\/#\/schema\/logo\/image\/\"},\"sameAs\":[\"https:\/\/www.facebook.com\/Magnetenspecialist.nl\",\"https:\/\/x.com\/magnetenspecial\"]}]}<\/script>\n<meta property=\"product:price:amount\" content=\"2.04\" \/>\n<meta property=\"product:price:currency\" content=\"EUR\" \/>\n<meta property=\"og:availability\" content=\"instock\" \/>\n<meta property=\"product:availability\" content=\"instock\" \/>\n<meta property=\"product:retailer_item_id\" content=\"ha013x005x0060-N\" \/>\n<meta property=\"product:condition\" content=\"new\" \/>\n<!-- \/ Yoast SEO Premium plugin. -->","yoast_head_json":{"title":"Hakenmagnet 13 x 5 x 6 mm - Neodym N40 Magnet in Stahlgeh\u00e4use - Magnetenspecialist.nl","description":"Suchen Sie einen Hakenmagnet 13 x 5 x 6 mm - Neodym N40 Magnet in Stahlgeh\u00e4use? Magnete k\u00f6nnen bequem online gekauft werden Magnetenspecialist.nl 1 Werktag Lieferzeit \u2713 14 Tage Bedenkzeit \u2713 Versand oder Abholung *.","robots":{"index":"index","follow":"follow","max-snippet":"max-snippet:-1","max-image-preview":"max-image-preview:large","max-video-preview":"max-video-preview:-1"},"canonical":"https:\/\/www.magnetenspecialist.nl\/de\/speichern\/magnete-einhaken\/hakenmagnet-16-x-6-x-45-mm-kopie\/","og_locale":"de_DE","og_type":"article","og_title":"Hakenmagnet 13 x 5 x 6 mm - Neodym N40 Magnet in Stahlgeh\u00e4use","og_description":"Suchen Sie einen Hakenmagnet 13 x 5 x 6 mm - Neodym N40 Magnet in Stahlgeh\u00e4use? Magnete k\u00f6nnen bequem online gekauft werden Magnetenspecialist.nl 1 Werktag Lieferzeit \u2713 14 Tage Bedenkzeit \u2713 Versand oder Abholung *.","og_url":"https:\/\/www.magnetenspecialist.nl\/de\/speichern\/magnete-einhaken\/hakenmagnet-16-x-6-x-45-mm-kopie\/","og_site_name":"Magnetenspecialist.nl","article_publisher":"https:\/\/www.facebook.com\/Magnetenspecialist.nl","article_modified_time":"2025-05-06T14:32:46+00:00","og_image":[{"width":1500,"height":1500,"url":"https:\/\/www.magnetenspecialist.nl\/wp-content\/uploads\/2019\/03\/Magnetenspecialist.nl_Haakmagneet-16-x-6-x-4.5-mm_1.jpg","type":"image\/jpeg"}],"twitter_card":"summary_large_image","twitter_site":"@magnetenspecial","twitter_misc":{"Preis":"&euro;&nbsp;2,04","Verf\u00fcgbarkeit":"Auf Lager"},"schema":{"@context":"https:\/\/schema.org","@graph":[{"@type":"WebPage","@id":"https:\/\/www.magnetenspecialist.nl\/de\/speichern\/magnete-einhaken\/hakenmagnet-16-x-6-x-45-mm-kopie\/","url":"https:\/\/www.magnetenspecialist.nl\/de\/speichern\/magnete-einhaken\/hakenmagnet-16-x-6-x-45-mm-kopie\/","name":"Hakenmagnet 13 x 5 x 6 mm - Neodym N40 Magnet in Stahlgeh\u00e4use - Magnetenspecialist.nl","isPartOf":{"@id":"https:\/\/www.magnetenspecialist.nl\/de\/#website"},"primaryImageOfPage":{"@id":"https:\/\/www.magnetenspecialist.nl\/de\/speichern\/magnete-einhaken\/hakenmagnet-16-x-6-x-45-mm-kopie\/#primaryimage"},"image":{"@id":"https:\/\/www.magnetenspecialist.nl\/de\/speichern\/magnete-einhaken\/hakenmagnet-16-x-6-x-45-mm-kopie\/#primaryimage"},"thumbnailUrl":"https:\/\/www.magnetenspecialist.nl\/wp-content\/uploads\/2019\/03\/Magnetenspecialist.nl_Haakmagneet-16-x-6-x-4.5-mm_1.jpg","datePublished":"2024-01-09T14:09:37+00:00","dateModified":"2025-05-06T14:32:46+00:00","description":"Suchen Sie einen Hakenmagnet 13 x 5 x 6 mm - Neodym N40 Magnet in Stahlgeh\u00e4use? Magnete k\u00f6nnen bequem online gekauft werden Magnetenspecialist.nl 1 Werktag Lieferzeit \u2713 14 Tage Bedenkzeit \u2713 Versand oder Abholung *.","breadcrumb":{"@id":"https:\/\/www.magnetenspecialist.nl\/de\/speichern\/magnete-einhaken\/hakenmagnet-16-x-6-x-45-mm-kopie\/#breadcrumb"},"inLanguage":"de","potentialAction":[{"@type":"ReadAction","target":["https:\/\/www.magnetenspecialist.nl\/de\/speichern\/magnete-einhaken\/hakenmagnet-16-x-6-x-45-mm-kopie\/"]}]},{"@type":"ImageObject","inLanguage":"de","@id":"https:\/\/www.magnetenspecialist.nl\/de\/speichern\/magnete-einhaken\/hakenmagnet-16-x-6-x-45-mm-kopie\/#primaryimage","url":"https:\/\/www.magnetenspecialist.nl\/wp-content\/uploads\/2019\/03\/Magnetenspecialist.nl_Haakmagneet-16-x-6-x-4.5-mm_1.jpg","contentUrl":"https:\/\/www.magnetenspecialist.nl\/wp-content\/uploads\/2019\/03\/Magnetenspecialist.nl_Haakmagneet-16-x-6-x-4.5-mm_1.jpg","width":1500,"height":1500,"caption":"Haakmagneet 13 x 5 x 6 mm met krachtige Neodymium N40 magneet in stalen behuizing. Praktisch voor thuis, werkplaats of industri\u00eble ophangsystemen."},{"@type":"BreadcrumbList","@id":"https:\/\/www.magnetenspecialist.nl\/de\/speichern\/magnete-einhaken\/hakenmagnet-16-x-6-x-45-mm-kopie\/#breadcrumb","itemListElement":[{"@type":"ListItem","position":1,"name":"Startseite","item":"https:\/\/www.magnetenspecialist.nl\/de\/"},{"@type":"ListItem","position":2,"name":"Shop","item":"https:\/\/www.magnetenspecialist.nl\/de\/shop\/"},{"@type":"ListItem","position":3,"name":"Hakenmagnet 13 x 5 x 6 mm &#8211; Neodym N40 Magnet in Stahlgeh\u00e4use"}]},{"@type":"WebSite","@id":"https:\/\/www.magnetenspecialist.nl\/de\/#website","url":"https:\/\/www.magnetenspecialist.nl\/de\/","name":"Magnetenspecialist.nl","description":"Umfangreiches Angebot an Neodym-Magneten","publisher":{"@id":"https:\/\/www.magnetenspecialist.nl\/de\/#organization"},"potentialAction":[{"@type":"SearchAction","target":{"@type":"EntryPoint","urlTemplate":"https:\/\/www.magnetenspecialist.nl\/de\/?s={search_term_string}"},"query-input":{"@type":"PropertyValueSpecification","valueRequired":true,"valueName":"search_term_string"}}],"inLanguage":"de"},{"@type":"Organization","@id":"https:\/\/www.magnetenspecialist.nl\/de\/#organization","name":"Magnetenspecialist.nl","url":"https:\/\/www.magnetenspecialist.nl\/de\/","logo":{"@type":"ImageObject","inLanguage":"de","@id":"https:\/\/www.magnetenspecialist.nl\/de\/#\/schema\/logo\/image\/","url":"https:\/\/www.magnetenspecialist.nl\/wp-content\/uploads\/2018\/10\/magneten-logo.jpg","contentUrl":"https:\/\/www.magnetenspecialist.nl\/wp-content\/uploads\/2018\/10\/magneten-logo.jpg","width":151,"height":151,"caption":"Magnetenspecialist.nl"},"image":{"@id":"https:\/\/www.magnetenspecialist.nl\/de\/#\/schema\/logo\/image\/"},"sameAs":["https:\/\/www.facebook.com\/Magnetenspecialist.nl","https:\/\/x.com\/magnetenspecial"]}]},"product_price_amount":"2.04","product_price_currency":"EUR","og_availability":"instock","product_availability":"instock","product_retailer_item_id":"ha013x005x0060-N","product_condition":"new"},"_links":{"self":[{"href":"https:\/\/www.magnetenspecialist.nl\/de\/wp-json\/wp\/v2\/product\/126953","targetHints":{"allow":["GET"]}}],"collection":[{"href":"https:\/\/www.magnetenspecialist.nl\/de\/wp-json\/wp\/v2\/product"}],"about":[{"href":"https:\/\/www.magnetenspecialist.nl\/de\/wp-json\/wp\/v2\/types\/product"}],"wp:featuredmedia":[{"embeddable":true,"href":"https:\/\/www.magnetenspecialist.nl\/de\/wp-json\/wp\/v2\/media\/113491"}],"wp:attachment":[{"href":"https:\/\/www.magnetenspecialist.nl\/de\/wp-json\/wp\/v2\/media?parent=126953"}],"wp:term":[{"taxonomy":"product_brand","embeddable":true,"href":"https:\/\/www.magnetenspecialist.nl\/de\/wp-json\/wp\/v2\/product_brand?post=126953"},{"taxonomy":"product_cat","embeddable":true,"href":"https:\/\/www.magnetenspecialist.nl\/de\/wp-json\/wp\/v2\/product_cat?post=126953"},{"taxonomy":"product_tag","embeddable":true,"href":"https:\/\/www.magnetenspecialist.nl\/de\/wp-json\/wp\/v2\/product_tag?post=126953"}],"curies":[{"name":"wp","href":"https:\/\/api.w.org\/{rel}","templated":true}]}}