{"id":131985,"date":"2024-07-01T13:32:25","date_gmt":"2024-07-01T11:32:25","guid":{"rendered":"https:\/\/www.magnetenspecialist.nl\/winkel\/unkategorisiert\/magnalock-das-perfekte-magnetschloss-fuer-tueren\/"},"modified":"2025-03-18T15:38:54","modified_gmt":"2025-03-18T14:38:54","slug":"magnalock-das-perfekte-magnetschloss-fuer-tueren","status":"publish","type":"product","link":"https:\/\/www.magnetenspecialist.nl\/de\/speichern\/plastik-magnete\/magnalock-das-perfekte-magnetschloss-fuer-tueren\/","title":{"rendered":"MagnaLock &#8211; Das perfekte Magnetschloss f\u00fcr T\u00fcren"},"content":{"rendered":"<p><span style=\"font-family: -webkit-standard; font-size: medium; font-style: normal; font-weight: 400; letter-spacing: normal; text-align: start; text-indent: 0px; text-transform: none; text-decoration: none; display: inline !important; float: none;\">Das MagnaLock ist ein innovatives und ma\u00dfgeschneidertes magnetisches Verschlusssystem, das speziell daf\u00fcr entwickelt wurde, T\u00fcren m\u00fchelos und sicher zu schlie\u00dfen.<br \/>\nDieses fortschrittliche System besteht aus zwei leistungsstarken magnetischen Komponenten, die sich automatisch gegenseitig suchen und anziehen und so daf\u00fcr sorgen, dass Ihre T\u00fcren immer perfekt geschlossen sind, mit einem kleinen, aber optimalen Abstand zwischen ihnen. <\/span><\/p>\n<p>&nbsp;<\/p>\n<p><span style=\"font-family: -webkit-standard; font-size: medium; font-style: normal; font-weight: 400; letter-spacing: normal; text-align: start; text-indent: 0px; text-transform: none; text-decoration: none; display: inline !important; float: none;\"><span style=\"text-decoration: underline;\">Eigenschaften<\/span><\/span><\/p>\n<ul>\n<li>\n<h4><strong style=\"font-style: normal; letter-spacing: normal; text-align: start; text-indent: 0px; text-transform: none; text-decoration: none;\">Starke magnetische Anziehungskraft: <\/strong>Hochwertige Magnete sorgen jedes Mal f\u00fcr einen zuverl\u00e4ssigen und gleichm\u00e4\u00dfigen Verschluss.<\/h4>\n<\/li>\n<\/ul>\n<ul>\n<li>\n<h4><span style=\"font-family: -webkit-standard; font-size: medium; font-style: normal; font-weight: 400; letter-spacing: normal; text-align: start; text-indent: 0px; text-transform: none; text-decoration: none; display: inline !important; float: none;\"><strong>Einfache Installation<\/strong><\/span><span style=\"font-family: -webkit-standard; font-size: medium; font-style: normal; font-weight: 400; letter-spacing: normal; text-align: start; text-indent: 0px; text-transform: none; text-decoration: none; display: inline !important; float: none;\">: <\/span>Montieren Sie die Komponenten mit dem mitgelieferten Werkzeug ganz einfach an Ihrer T\u00fcr und am T\u00fcrrahmen. Keine komplexen Installationen oder Werkzeuge erforderlich.<\/h4>\n<\/li>\n<\/ul>\n<ul>\n<li>\n<h4><span style=\"font-family: -webkit-standard; font-size: medium; font-style: normal; font-weight: 400; letter-spacing: normal; text-align: start; text-indent: 0px; text-transform: none; text-decoration: none; display: inline !important; float: none;\"><strong>Automatische Ausrichtung<\/strong><\/span>Dank <span style=\"font-family: -webkit-standard; font-size: medium; font-style: normal; font-weight: 400; letter-spacing: normal; text-align: start; text-indent: 0px; text-transform: none; text-decoration: none; display: inline !important; float: none;\"> des <\/span>cleveren Designs suchen sich die Magnete automatisch gegenseitig und sorgen daf\u00fcr, dass Ihre T\u00fcr immer richtig geschlossen ist.<\/h4>\n<\/li>\n<li>\n<h4><strong style=\"font-style: normal; letter-spacing: normal; text-align: start; text-indent: 0px; text-transform: none; text-decoration: none;\">Langlebig und verl\u00e4sslich: <\/strong><strong><span style=\"font-size: 16px;\">Hergestellt aus hochwertigen Materialien, die langlebig sind und dem t\u00e4glichen Gebrauch standhalten.<\/span><\/strong><\/h4>\n<\/li>\n<li>\n<h4><strong style=\"font-style: normal; letter-spacing: normal; text-align: start; text-indent: 0px; text-transform: none; text-decoration: none;\">Sicher und leise: <\/strong>Schlie\u00dfen Sie Ihre T\u00fcren ohne hartes Zuschlagen und schaffen Sie so eine ruhigere und sicherere Umgebung.<\/h4>\n<\/li>\n<\/ul>\n<p>&nbsp;<\/p>\n<p><strong style=\"font-style: normal; letter-spacing: normal; text-align: start; text-indent: 0px; text-transform: none; text-decoration: none;\"><a href=\"%0A%0ADe%20MagnaLock%20is%20ideaal%20voor%20gebruik%20in%20huizen,%20kantoren,%20winkels%20en%20andere%20plaatsen%20waar%20een%20betrouwbare%20en%20esthetische%20sluiting%20van%20deuren%20gewenst%20is.%20Of%20het%20nu%20gaat%20om%20binnendeuren,%20kastdeuren%20of%20schuifdeuren,%20de%20MagnaLock%20biedt%20een%20veelzijdige%20en%20effici%C3%ABnte%20oplossing.%0A%0AErvaar%20de%20eenvoud%20en%20effici%C3%ABntie%20van%20de%20MagnaLock%20en%20geef%20uw%20deuren%20de%20perfecte%20sluiting%20die%20ze%20verdienen!\">Anwendungen:<\/a><\/strong><\/p>\n<p style=\"font-style: normal; font-weight: 400; letter-spacing: normal; text-align: start; text-indent: 0px; text-transform: none; text-decoration: none;\">Das MagnaLock ist ideal f\u00fcr den Einsatz in Wohnungen, B\u00fcros, Gesch\u00e4ften und anderen Orten, an denen ein zuverl\u00e4ssiger und \u00e4sthetischer T\u00fcrverschluss gew\u00fcnscht ist.<br \/>\nOb Innent\u00fcren, Schrankt\u00fcren, Stahlt\u00fcren oder Duscht\u00fcren, das MagnaLock bietet eine vielseitige und effiziente L\u00f6sung. <\/p>\n<p style=\"font-style: normal; font-weight: 400; letter-spacing: normal; text-align: start; text-indent: 0px; text-transform: none; text-decoration: none;\">Erleben Sie die Einfachheit und Effizienz des MagnaLocks und geben Sie Ihren T\u00fcren das perfekte Schloss, das sie verdienen!<\/p>\n","protected":false},"excerpt":{"rendered":"<p>Das MagnaLock ist ein innovatives und ma\u00dfgeschneidertes magnetisches Verschlusssystem, das speziell daf\u00fcr entwickelt wurde, T\u00fcren m\u00fchelos und sicher zu schlie\u00dfen. Dieses fortschrittliche System besteht aus zwei leistungsstarken magnetischen Komponenten, die sich automatisch gegenseitig suchen und anziehen und so daf\u00fcr sorgen, dass Ihre T\u00fcren immer perfekt geschlossen sind, mit einem kleinen, aber optimalen Abstand zwischen ihnen. [&hellip;]<\/p>\n","protected":false},"featured_media":131445,"template":"","meta":{"_acf_changed":false},"product_brand":[3521],"product_cat":[3510],"product_tag":[],"class_list":{"0":"post-131985","1":"product","2":"type-product","3":"status-publish","4":"has-post-thumbnail","6":"product_brand-magnetenspecialist","7":"product_cat-plastik-magnete","9":"first","10":"onbackorder","11":"sale","12":"taxable","13":"shipping-taxable","14":"purchasable","15":"product-type-simple"},"supplier_id":null,"supplier_sku":"","barcode":null,"atum_controlled":true,"out_stock_date":"2025-09-18 16:39:36","out_stock_threshold":null,"inheritable":false,"inbound_stock":0,"stock_on_hold":0,"sold_today":0,"sales_last_days":0,"reserved_stock":0,"customer_returns":0,"warehouse_damage":0,"lost_in_post":0,"other_logs":0,"out_stock_days":196,"lost_sales":0,"has_location":false,"update_date":"2026-04-03T08:06:13","atum_locations":[],"atum_stock_status":"onbackorder","restock_status":false,"low_stock_amount":0,"sales_update_date":"2026-04-03T08:06:13","calc_backorders":-1,"acf":[],"yoast_head":"<!-- This site is optimized with the Yoast SEO Premium plugin v24.7 (Yoast SEO v24.7) - https:\/\/yoast.com\/wordpress\/plugins\/seo\/ -->\n<title>MagnaLock - Das perfekte Magnetschloss f\u00fcr T\u00fcren - Magnetenspecialist.nl<\/title>\n<meta name=\"description\" content=\"Suchen Sie einen MagnaLock - Das perfekte Magnetschloss f\u00fcr T\u00fcren? Magnete k\u00f6nnen bequem online gekauft werden Magnetenspecialist.nl 1 Werktag Lieferzeit \u2713 14 Tage Bedenkzeit \u2713 Versand oder Abholung *.\" \/>\n<meta name=\"robots\" content=\"index, follow, max-snippet:-1, max-image-preview:large, max-video-preview:-1\" \/>\n<link rel=\"canonical\" href=\"https:\/\/www.magnetenspecialist.nl\/de\/speichern\/plastik-magnete\/magnalock-das-perfekte-magnetschloss-fuer-tueren\/\" \/>\n<meta property=\"og:locale\" content=\"de_DE\" \/>\n<meta property=\"og:type\" content=\"article\" \/>\n<meta property=\"og:title\" content=\"MagnaLock - Das perfekte Magnetschloss f\u00fcr T\u00fcren\" \/>\n<meta property=\"og:description\" content=\"Suchen Sie einen MagnaLock - Das perfekte Magnetschloss f\u00fcr T\u00fcren? Magnete k\u00f6nnen bequem online gekauft werden Magnetenspecialist.nl 1 Werktag Lieferzeit \u2713 14 Tage Bedenkzeit \u2713 Versand oder Abholung *.\" \/>\n<meta property=\"og:url\" content=\"https:\/\/www.magnetenspecialist.nl\/de\/speichern\/plastik-magnete\/magnalock-das-perfekte-magnetschloss-fuer-tueren\/\" \/>\n<meta property=\"og:site_name\" content=\"Magnetenspecialist.nl\" \/>\n<meta property=\"article:publisher\" content=\"https:\/\/www.facebook.com\/Magnetenspecialist.nl\" \/>\n<meta property=\"article:modified_time\" content=\"2025-03-18T14:38:54+00:00\" \/>\n<meta property=\"og:image\" content=\"https:\/\/www.magnetenspecialist.nl\/wp-content\/uploads\/2024\/07\/0d46cfc2-357b-4e8d-aa82-5b5dcecd3451.png\" \/>\n\t<meta property=\"og:image:width\" content=\"2048\" \/>\n\t<meta property=\"og:image:height\" content=\"2048\" \/>\n\t<meta property=\"og:image:type\" content=\"image\/png\" \/>\n<meta name=\"twitter:card\" content=\"summary_large_image\" \/>\n<meta name=\"twitter:site\" content=\"@magnetenspecial\" \/>\n<meta name=\"twitter:label1\" content=\"Preis\" \/>\n\t<meta name=\"twitter:data1\" content=\"&euro;&nbsp;50,00\" \/>\n\t<meta name=\"twitter:label2\" content=\"Verf\u00fcgbarkeit\" \/>\n\t<meta name=\"twitter:data2\" content=\"bei Nachbestellung\" \/>\n<script type=\"application\/ld+json\" class=\"yoast-schema-graph\">{\"@context\":\"https:\/\/schema.org\",\"@graph\":[{\"@type\":\"WebPage\",\"@id\":\"https:\/\/www.magnetenspecialist.nl\/de\/speichern\/plastik-magnete\/magnalock-das-perfekte-magnetschloss-fuer-tueren\/\",\"url\":\"https:\/\/www.magnetenspecialist.nl\/de\/speichern\/plastik-magnete\/magnalock-das-perfekte-magnetschloss-fuer-tueren\/\",\"name\":\"MagnaLock - Das perfekte Magnetschloss f\u00fcr T\u00fcren - Magnetenspecialist.nl\",\"isPartOf\":{\"@id\":\"https:\/\/www.magnetenspecialist.nl\/de\/#website\"},\"primaryImageOfPage\":{\"@id\":\"https:\/\/www.magnetenspecialist.nl\/de\/speichern\/plastik-magnete\/magnalock-das-perfekte-magnetschloss-fuer-tueren\/#primaryimage\"},\"image\":{\"@id\":\"https:\/\/www.magnetenspecialist.nl\/de\/speichern\/plastik-magnete\/magnalock-das-perfekte-magnetschloss-fuer-tueren\/#primaryimage\"},\"thumbnailUrl\":\"https:\/\/www.magnetenspecialist.nl\/wp-content\/uploads\/2024\/07\/0d46cfc2-357b-4e8d-aa82-5b5dcecd3451.png\",\"datePublished\":\"2024-07-01T11:32:25+00:00\",\"dateModified\":\"2025-03-18T14:38:54+00:00\",\"description\":\"Suchen Sie einen MagnaLock - Das perfekte Magnetschloss f\u00fcr T\u00fcren? Magnete k\u00f6nnen bequem online gekauft werden Magnetenspecialist.nl 1 Werktag Lieferzeit \u2713 14 Tage Bedenkzeit \u2713 Versand oder Abholung *.\",\"breadcrumb\":{\"@id\":\"https:\/\/www.magnetenspecialist.nl\/de\/speichern\/plastik-magnete\/magnalock-das-perfekte-magnetschloss-fuer-tueren\/#breadcrumb\"},\"inLanguage\":\"de\",\"potentialAction\":[{\"@type\":\"ReadAction\",\"target\":[\"https:\/\/www.magnetenspecialist.nl\/de\/speichern\/plastik-magnete\/magnalock-das-perfekte-magnetschloss-fuer-tueren\/\"]}]},{\"@type\":\"ImageObject\",\"inLanguage\":\"de\",\"@id\":\"https:\/\/www.magnetenspecialist.nl\/de\/speichern\/plastik-magnete\/magnalock-das-perfekte-magnetschloss-fuer-tueren\/#primaryimage\",\"url\":\"https:\/\/www.magnetenspecialist.nl\/wp-content\/uploads\/2024\/07\/0d46cfc2-357b-4e8d-aa82-5b5dcecd3451.png\",\"contentUrl\":\"https:\/\/www.magnetenspecialist.nl\/wp-content\/uploads\/2024\/07\/0d46cfc2-357b-4e8d-aa82-5b5dcecd3451.png\",\"width\":2048,\"height\":2048},{\"@type\":\"BreadcrumbList\",\"@id\":\"https:\/\/www.magnetenspecialist.nl\/de\/speichern\/plastik-magnete\/magnalock-das-perfekte-magnetschloss-fuer-tueren\/#breadcrumb\",\"itemListElement\":[{\"@type\":\"ListItem\",\"position\":1,\"name\":\"Startseite\",\"item\":\"https:\/\/www.magnetenspecialist.nl\/de\/\"},{\"@type\":\"ListItem\",\"position\":2,\"name\":\"Shop\",\"item\":\"https:\/\/www.magnetenspecialist.nl\/de\/shop\/\"},{\"@type\":\"ListItem\",\"position\":3,\"name\":\"MagnaLock &#8211; Das perfekte Magnetschloss f\u00fcr T\u00fcren\"}]},{\"@type\":\"WebSite\",\"@id\":\"https:\/\/www.magnetenspecialist.nl\/de\/#website\",\"url\":\"https:\/\/www.magnetenspecialist.nl\/de\/\",\"name\":\"Magnetenspecialist.nl\",\"description\":\"Umfangreiches Angebot an Neodym-Magneten\",\"publisher\":{\"@id\":\"https:\/\/www.magnetenspecialist.nl\/de\/#organization\"},\"potentialAction\":[{\"@type\":\"SearchAction\",\"target\":{\"@type\":\"EntryPoint\",\"urlTemplate\":\"https:\/\/www.magnetenspecialist.nl\/de\/?s={search_term_string}\"},\"query-input\":{\"@type\":\"PropertyValueSpecification\",\"valueRequired\":true,\"valueName\":\"search_term_string\"}}],\"inLanguage\":\"de\"},{\"@type\":\"Organization\",\"@id\":\"https:\/\/www.magnetenspecialist.nl\/de\/#organization\",\"name\":\"Magnetenspecialist.nl\",\"url\":\"https:\/\/www.magnetenspecialist.nl\/de\/\",\"logo\":{\"@type\":\"ImageObject\",\"inLanguage\":\"de\",\"@id\":\"https:\/\/www.magnetenspecialist.nl\/de\/#\/schema\/logo\/image\/\",\"url\":\"https:\/\/www.magnetenspecialist.nl\/wp-content\/uploads\/2018\/10\/magneten-logo.jpg\",\"contentUrl\":\"https:\/\/www.magnetenspecialist.nl\/wp-content\/uploads\/2018\/10\/magneten-logo.jpg\",\"width\":151,\"height\":151,\"caption\":\"Magnetenspecialist.nl\"},\"image\":{\"@id\":\"https:\/\/www.magnetenspecialist.nl\/de\/#\/schema\/logo\/image\/\"},\"sameAs\":[\"https:\/\/www.facebook.com\/Magnetenspecialist.nl\",\"https:\/\/x.com\/magnetenspecial\"]}]}<\/script>\n<meta property=\"product:price:amount\" content=\"50.00\" \/>\n<meta property=\"product:price:currency\" content=\"EUR\" \/>\n<meta property=\"og:availability\" content=\"backorder\" \/>\n<meta property=\"product:availability\" content=\"available for order\" \/>\n<meta property=\"product:retailer_item_id\" content=\"MALO2024\" \/>\n<meta property=\"product:condition\" content=\"new\" \/>\n<!-- \/ Yoast SEO Premium plugin. -->","yoast_head_json":{"title":"MagnaLock - Das perfekte Magnetschloss f\u00fcr T\u00fcren - Magnetenspecialist.nl","description":"Suchen Sie einen MagnaLock - Das perfekte Magnetschloss f\u00fcr T\u00fcren? Magnete k\u00f6nnen bequem online gekauft werden Magnetenspecialist.nl 1 Werktag Lieferzeit \u2713 14 Tage Bedenkzeit \u2713 Versand oder Abholung *.","robots":{"index":"index","follow":"follow","max-snippet":"max-snippet:-1","max-image-preview":"max-image-preview:large","max-video-preview":"max-video-preview:-1"},"canonical":"https:\/\/www.magnetenspecialist.nl\/de\/speichern\/plastik-magnete\/magnalock-das-perfekte-magnetschloss-fuer-tueren\/","og_locale":"de_DE","og_type":"article","og_title":"MagnaLock - Das perfekte Magnetschloss f\u00fcr T\u00fcren","og_description":"Suchen Sie einen MagnaLock - Das perfekte Magnetschloss f\u00fcr T\u00fcren? Magnete k\u00f6nnen bequem online gekauft werden Magnetenspecialist.nl 1 Werktag Lieferzeit \u2713 14 Tage Bedenkzeit \u2713 Versand oder Abholung *.","og_url":"https:\/\/www.magnetenspecialist.nl\/de\/speichern\/plastik-magnete\/magnalock-das-perfekte-magnetschloss-fuer-tueren\/","og_site_name":"Magnetenspecialist.nl","article_publisher":"https:\/\/www.facebook.com\/Magnetenspecialist.nl","article_modified_time":"2025-03-18T14:38:54+00:00","og_image":[{"width":2048,"height":2048,"url":"https:\/\/www.magnetenspecialist.nl\/wp-content\/uploads\/2024\/07\/0d46cfc2-357b-4e8d-aa82-5b5dcecd3451.png","type":"image\/png"}],"twitter_card":"summary_large_image","twitter_site":"@magnetenspecial","twitter_misc":{"Preis":"&euro;&nbsp;50,00","Verf\u00fcgbarkeit":"bei Nachbestellung"},"schema":{"@context":"https:\/\/schema.org","@graph":[{"@type":"WebPage","@id":"https:\/\/www.magnetenspecialist.nl\/de\/speichern\/plastik-magnete\/magnalock-das-perfekte-magnetschloss-fuer-tueren\/","url":"https:\/\/www.magnetenspecialist.nl\/de\/speichern\/plastik-magnete\/magnalock-das-perfekte-magnetschloss-fuer-tueren\/","name":"MagnaLock - Das perfekte Magnetschloss f\u00fcr T\u00fcren - Magnetenspecialist.nl","isPartOf":{"@id":"https:\/\/www.magnetenspecialist.nl\/de\/#website"},"primaryImageOfPage":{"@id":"https:\/\/www.magnetenspecialist.nl\/de\/speichern\/plastik-magnete\/magnalock-das-perfekte-magnetschloss-fuer-tueren\/#primaryimage"},"image":{"@id":"https:\/\/www.magnetenspecialist.nl\/de\/speichern\/plastik-magnete\/magnalock-das-perfekte-magnetschloss-fuer-tueren\/#primaryimage"},"thumbnailUrl":"https:\/\/www.magnetenspecialist.nl\/wp-content\/uploads\/2024\/07\/0d46cfc2-357b-4e8d-aa82-5b5dcecd3451.png","datePublished":"2024-07-01T11:32:25+00:00","dateModified":"2025-03-18T14:38:54+00:00","description":"Suchen Sie einen MagnaLock - Das perfekte Magnetschloss f\u00fcr T\u00fcren? Magnete k\u00f6nnen bequem online gekauft werden Magnetenspecialist.nl 1 Werktag Lieferzeit \u2713 14 Tage Bedenkzeit \u2713 Versand oder Abholung *.","breadcrumb":{"@id":"https:\/\/www.magnetenspecialist.nl\/de\/speichern\/plastik-magnete\/magnalock-das-perfekte-magnetschloss-fuer-tueren\/#breadcrumb"},"inLanguage":"de","potentialAction":[{"@type":"ReadAction","target":["https:\/\/www.magnetenspecialist.nl\/de\/speichern\/plastik-magnete\/magnalock-das-perfekte-magnetschloss-fuer-tueren\/"]}]},{"@type":"ImageObject","inLanguage":"de","@id":"https:\/\/www.magnetenspecialist.nl\/de\/speichern\/plastik-magnete\/magnalock-das-perfekte-magnetschloss-fuer-tueren\/#primaryimage","url":"https:\/\/www.magnetenspecialist.nl\/wp-content\/uploads\/2024\/07\/0d46cfc2-357b-4e8d-aa82-5b5dcecd3451.png","contentUrl":"https:\/\/www.magnetenspecialist.nl\/wp-content\/uploads\/2024\/07\/0d46cfc2-357b-4e8d-aa82-5b5dcecd3451.png","width":2048,"height":2048},{"@type":"BreadcrumbList","@id":"https:\/\/www.magnetenspecialist.nl\/de\/speichern\/plastik-magnete\/magnalock-das-perfekte-magnetschloss-fuer-tueren\/#breadcrumb","itemListElement":[{"@type":"ListItem","position":1,"name":"Startseite","item":"https:\/\/www.magnetenspecialist.nl\/de\/"},{"@type":"ListItem","position":2,"name":"Shop","item":"https:\/\/www.magnetenspecialist.nl\/de\/shop\/"},{"@type":"ListItem","position":3,"name":"MagnaLock &#8211; Das perfekte Magnetschloss f\u00fcr T\u00fcren"}]},{"@type":"WebSite","@id":"https:\/\/www.magnetenspecialist.nl\/de\/#website","url":"https:\/\/www.magnetenspecialist.nl\/de\/","name":"Magnetenspecialist.nl","description":"Umfangreiches Angebot an Neodym-Magneten","publisher":{"@id":"https:\/\/www.magnetenspecialist.nl\/de\/#organization"},"potentialAction":[{"@type":"SearchAction","target":{"@type":"EntryPoint","urlTemplate":"https:\/\/www.magnetenspecialist.nl\/de\/?s={search_term_string}"},"query-input":{"@type":"PropertyValueSpecification","valueRequired":true,"valueName":"search_term_string"}}],"inLanguage":"de"},{"@type":"Organization","@id":"https:\/\/www.magnetenspecialist.nl\/de\/#organization","name":"Magnetenspecialist.nl","url":"https:\/\/www.magnetenspecialist.nl\/de\/","logo":{"@type":"ImageObject","inLanguage":"de","@id":"https:\/\/www.magnetenspecialist.nl\/de\/#\/schema\/logo\/image\/","url":"https:\/\/www.magnetenspecialist.nl\/wp-content\/uploads\/2018\/10\/magneten-logo.jpg","contentUrl":"https:\/\/www.magnetenspecialist.nl\/wp-content\/uploads\/2018\/10\/magneten-logo.jpg","width":151,"height":151,"caption":"Magnetenspecialist.nl"},"image":{"@id":"https:\/\/www.magnetenspecialist.nl\/de\/#\/schema\/logo\/image\/"},"sameAs":["https:\/\/www.facebook.com\/Magnetenspecialist.nl","https:\/\/x.com\/magnetenspecial"]}]},"product_price_amount":"50.00","product_price_currency":"EUR","og_availability":"backorder","product_availability":"available for order","product_retailer_item_id":"MALO2024","product_condition":"new"},"_links":{"self":[{"href":"https:\/\/www.magnetenspecialist.nl\/de\/wp-json\/wp\/v2\/product\/131985","targetHints":{"allow":["GET"]}}],"collection":[{"href":"https:\/\/www.magnetenspecialist.nl\/de\/wp-json\/wp\/v2\/product"}],"about":[{"href":"https:\/\/www.magnetenspecialist.nl\/de\/wp-json\/wp\/v2\/types\/product"}],"wp:featuredmedia":[{"embeddable":true,"href":"https:\/\/www.magnetenspecialist.nl\/de\/wp-json\/wp\/v2\/media\/131445"}],"wp:attachment":[{"href":"https:\/\/www.magnetenspecialist.nl\/de\/wp-json\/wp\/v2\/media?parent=131985"}],"wp:term":[{"taxonomy":"product_brand","embeddable":true,"href":"https:\/\/www.magnetenspecialist.nl\/de\/wp-json\/wp\/v2\/product_brand?post=131985"},{"taxonomy":"product_cat","embeddable":true,"href":"https:\/\/www.magnetenspecialist.nl\/de\/wp-json\/wp\/v2\/product_cat?post=131985"},{"taxonomy":"product_tag","embeddable":true,"href":"https:\/\/www.magnetenspecialist.nl\/de\/wp-json\/wp\/v2\/product_tag?post=131985"}],"curies":[{"name":"wp","href":"https:\/\/api.w.org\/{rel}","templated":true}]}}