{"id":133598,"date":"2024-10-07T15:36:22","date_gmt":"2024-10-07T13:36:22","guid":{"rendered":"https:\/\/www.magnetenspecialist.nl\/winkel\/unkategorisiert\/blockmagnet-254-x-254-x-127-mm-mit-kunststoffummantelung-und-senkbohrung\/"},"modified":"2025-04-04T16:59:53","modified_gmt":"2025-04-04T14:59:53","slug":"blockmagnet-254-x-254-x-127-mm-mit-kunststoffummantelung-und-senkbohrung","status":"publish","type":"product","link":"https:\/\/www.magnetenspecialist.nl\/de\/speichern\/blockmagnete\/blockmagnet-254-x-254-x-127-mm-mit-kunststoffummantelung-und-senkbohrung\/","title":{"rendered":"Blockmagnet 25,4 x 25,4 x 12,7 mm &#8211; Neodym mit Kunststoff-Schutzbeschichtung und verzinkter Bohrung"},"content":{"rendered":"<h3 data-start=\"185\" data-end=\"320\"><strong data-start=\"189\" data-end=\"320\">Blockmagnet 25,4 x 25,4 x 12,7 mm mit Kunststoffummantelung und Versenkung &#8211; Leistungsstarker Neodym-Magnet f\u00fcr vielseitige Anwendungen<\/strong><\/h3>\n<p data-start=\"322\" data-end=\"346\"><strong data-start=\"322\" data-end=\"346\">Beschreibung des Produkts:<\/strong><\/p>\n<p data-start=\"348\" data-end=\"791\">Der <strong data-start=\"351\" data-end=\"388\">25,4 x 25,4 x 12,7 mm gro\u00dfe Blockmagnet<\/strong> mit <strong data-start=\"393\" data-end=\"412\">Kunststoffummantelung<\/strong> und <strong data-start=\"416\" data-end=\"430\">Senkung<\/strong> ist die ideale Wahl f\u00fcr alle, die einen starken, zuverl\u00e4ssigen Magneten f\u00fcr industrielle, technische oder Hobbyprojekte suchen. Dieser <strong data-start=\"569\" data-end=\"590\">Neodym-Magnet bietet eine<\/strong>ausgezeichnete magnetische St\u00e4rke, w\u00e4hrend die Kunststoffummantelung Schutz vor Verschlei\u00df und Besch\u00e4digung bietet. Die Senkbohrung macht es einfach, den Magneten schnell und effizient zu montieren.  <\/p>\n<p data-start=\"793\" data-end=\"1070\">Als die st\u00e4rksten Dauermagnete der Welt sind Neodym-Magnete ideal f\u00fcr Anwendungen, die eine starke und dauerhafte Magnetkraft erfordern. Ganz gleich, ob Sie in der Industrie, in der Technik oder bei einem Heimwerkerprojekt arbeiten, dieser Magnet wird Ihre Anforderungen erf\u00fcllen. <\/p>\n<p data-start=\"1072\" data-end=\"1086\"><strong data-start=\"1072\" data-end=\"1086\">Merkmale:<\/strong><\/p>\n<ul data-start=\"1088\" data-end=\"1542\">\n<li data-start=\"1088\" data-end=\"1127\"><strong data-start=\"1090\" data-end=\"1105\">Abmessungen:<\/strong> 25,4 x 25,4 x 12,7 mm<\/li>\n<li data-start=\"1128\" data-end=\"1213\"><strong data-start=\"1130\" data-end=\"1144\">Material:<\/strong> Neodym (NdFeB) mit <strong data-start=\"1171\" data-end=\"1190\">Kunststoffummantelung<\/strong> f\u00fcr zus\u00e4tzlichen Schutz<\/li>\n<li data-start=\"1214\" data-end=\"1299\"><strong data-start=\"1216\" data-end=\"1228\">Montage:<\/strong> Ausgestattet mit einem <strong data-start=\"1246\" data-end=\"1260\">Senker<\/strong> f\u00fcr eine einfache und sichere Installation<\/li>\n<li data-start=\"1300\" data-end=\"1373\"><strong data-start=\"1302\" data-end=\"1314\">Verwendung:<\/strong> Geeignet f\u00fcr industrielle, technische und Hobbyanwendungen<\/li>\n<li data-start=\"1374\" data-end=\"1453\"><strong data-start=\"1376\" data-end=\"1399\">Magnetische Kraft:<\/strong> Sehr starke Magnetkraft f\u00fcr zuverl\u00e4ssige Leistung<\/li>\n<li data-start=\"1454\" data-end=\"1542\"><strong data-start=\"1456\" data-end=\"1480\">Korrosionsschutz: Der<\/strong> Kunststoffmantel bietet Schutz vor Verschlei\u00df und Korrosion.<\/li>\n<\/ul>\n","protected":false},"excerpt":{"rendered":"<p data-start=\"1544\" data-end=\"1584\"><strong data-start=\"1544\" data-end=\"1584\">Warum sollten Sie diesen Blockmagneten w\u00e4hlen?<\/strong><\/p>\n<ul data-start=\"1586\" data-end=\"2126\">\n<li data-start=\"1586\" data-end=\"1727\"><strong data-start=\"1588\" data-end=\"1614\">Au\u00dfergew\u00f6hnliche St\u00e4rke:<\/strong> Neodym-Magnete sind die st\u00e4rksten Dauermagnete und verleihen diesem Magneten eine hervorragende Leistung.<\/li>\n<li data-start=\"1586\" data-end=\"1727\">\n \t<\/li>\n<li data-start=\"1728\" data-end=\"1849\"><strong data-start=\"1730\" data-end=\"1753\">Langlebig und sicher:<\/strong> Die Kunststoffh\u00fclle sch\u00fctzt den Magneten vor Besch\u00e4digungen und gew\u00e4hrleistet eine sichere Handhabung und Verwendung.<\/li>\n<li data-start=\"1728\" data-end=\"1849\">\n \t<\/li>\n<li data-start=\"1850\" data-end=\"1992\"><strong data-start=\"1852\" data-end=\"1879\">Einfache Installation:<\/strong> Dank der Senkbohrung l\u00e4sst sich der Magnet leicht anbringen, so dass Sie schnell mit Ihren Projekten beginnen k\u00f6nnen.<\/li>\n<li data-start=\"1850\" data-end=\"1992\">\n \t<\/li>\n<li data-start=\"1993\" data-end=\"2126\"><strong data-start=\"1995\" data-end=\"2018\">Vielseitig einsetzbar:<\/strong> Dieser Magnet ist f\u00fcr eine Vielzahl von Anwendungen geeignet, von industriellen Systemen bis hin zu Heimwerkerprojekten.<\/li>\n<\/ul>\n<p data-start=\"2758\" data-end=\"3048\">\n","protected":false},"featured_media":133569,"template":"","meta":{"_acf_changed":false},"product_brand":[3521],"product_cat":[1377],"product_tag":[3162],"class_list":{"0":"post-133598","1":"product","2":"type-product","3":"status-publish","4":"has-post-thumbnail","6":"product_brand-magnetenspecialist","7":"product_cat-blockmagnete","8":"product_tag-groep-2-de","9":"pa_magnetisering-n45-de","11":"first","12":"instock","13":"taxable","14":"shipping-taxable","15":"purchasable","16":"product-type-simple"},"supplier_id":null,"supplier_sku":"","barcode":null,"atum_controlled":true,"out_stock_date":null,"out_stock_threshold":null,"inheritable":false,"inbound_stock":0,"stock_on_hold":0,"sold_today":1,"sales_last_days":1,"reserved_stock":0,"customer_returns":0,"warehouse_damage":0,"lost_in_post":0,"other_logs":0,"out_stock_days":0,"lost_sales":0,"has_location":false,"update_date":"2026-05-12T11:20:07","atum_locations":[],"atum_stock_status":"instock","restock_status":false,"low_stock_amount":600,"sales_update_date":"2026-04-29T12:30:02","calc_backorders":null,"acf":[],"yoast_head":"<!-- This site is optimized with the Yoast SEO Premium plugin v24.7 (Yoast SEO v24.7) - https:\/\/yoast.com\/wordpress\/plugins\/seo\/ -->\n<title>Blockmagnet 25,4 mm Neodym mit Kunststoffschutz<\/title>\n<meta name=\"description\" content=\"Entdecken Sie die Kraft des Blockmagneten 25,4mm Neodym mit Kunststoffschutzbeschichtung und verzinkter Bohrung. Ideal f\u00fcr alle Ihre Industrie- und Hobbyprojekte!\" \/>\n<meta name=\"robots\" content=\"index, follow, max-snippet:-1, max-image-preview:large, max-video-preview:-1\" \/>\n<link rel=\"canonical\" href=\"https:\/\/www.magnetenspecialist.nl\/de\/speichern\/blockmagnete\/blockmagnet-254-x-254-x-127-mm-mit-kunststoffummantelung-und-senkbohrung\/\" \/>\n<meta property=\"og:locale\" content=\"de_DE\" \/>\n<meta property=\"og:type\" content=\"article\" \/>\n<meta property=\"og:title\" content=\"Blockmagnet 25,4 x 25,4 x 12,7 mm - Neodym mit Kunststoff-Schutzbeschichtung und verzinkter Bohrung\" \/>\n<meta property=\"og:description\" content=\"Entdecken Sie die Kraft des Blockmagneten 25,4mm Neodym mit Kunststoffschutzbeschichtung und verzinkter Bohrung. Ideal f\u00fcr alle Ihre Industrie- und Hobbyprojekte!\" \/>\n<meta property=\"og:url\" content=\"https:\/\/www.magnetenspecialist.nl\/de\/speichern\/blockmagnete\/blockmagnet-254-x-254-x-127-mm-mit-kunststoffummantelung-und-senkbohrung\/\" \/>\n<meta property=\"og:site_name\" content=\"Magnetenspecialist.nl\" \/>\n<meta property=\"article:publisher\" content=\"https:\/\/www.facebook.com\/Magnetenspecialist.nl\" \/>\n<meta property=\"article:modified_time\" content=\"2025-04-04T14:59:53+00:00\" \/>\n<meta property=\"og:image\" content=\"https:\/\/www.magnetenspecialist.nl\/wp-content\/uploads\/2024\/10\/Ontwerp-zonder-titel-27.png\" \/>\n\t<meta property=\"og:image:width\" content=\"1080\" \/>\n\t<meta property=\"og:image:height\" content=\"1080\" \/>\n\t<meta property=\"og:image:type\" content=\"image\/png\" \/>\n<meta name=\"twitter:card\" content=\"summary_large_image\" \/>\n<meta name=\"twitter:site\" content=\"@magnetenspecial\" \/>\n<meta name=\"twitter:label1\" content=\"Preis\" \/>\n\t<meta name=\"twitter:data1\" content=\"&euro;&nbsp;10,74\" \/>\n\t<meta name=\"twitter:label2\" content=\"Verf\u00fcgbarkeit\" \/>\n\t<meta name=\"twitter:data2\" content=\"Auf Lager\" \/>\n<script type=\"application\/ld+json\" class=\"yoast-schema-graph\">{\"@context\":\"https:\/\/schema.org\",\"@graph\":[{\"@type\":\"WebPage\",\"@id\":\"https:\/\/www.magnetenspecialist.nl\/de\/speichern\/blockmagnete\/blockmagnet-254-x-254-x-127-mm-mit-kunststoffummantelung-und-senkbohrung\/\",\"url\":\"https:\/\/www.magnetenspecialist.nl\/de\/speichern\/blockmagnete\/blockmagnet-254-x-254-x-127-mm-mit-kunststoffummantelung-und-senkbohrung\/\",\"name\":\"Blockmagnet 25,4 mm Neodym mit Kunststoffschutz\",\"isPartOf\":{\"@id\":\"https:\/\/www.magnetenspecialist.nl\/de\/#website\"},\"primaryImageOfPage\":{\"@id\":\"https:\/\/www.magnetenspecialist.nl\/de\/speichern\/blockmagnete\/blockmagnet-254-x-254-x-127-mm-mit-kunststoffummantelung-und-senkbohrung\/#primaryimage\"},\"image\":{\"@id\":\"https:\/\/www.magnetenspecialist.nl\/de\/speichern\/blockmagnete\/blockmagnet-254-x-254-x-127-mm-mit-kunststoffummantelung-und-senkbohrung\/#primaryimage\"},\"thumbnailUrl\":\"https:\/\/www.magnetenspecialist.nl\/wp-content\/uploads\/2024\/10\/Ontwerp-zonder-titel-27.png\",\"datePublished\":\"2024-10-07T13:36:22+00:00\",\"dateModified\":\"2025-04-04T14:59:53+00:00\",\"description\":\"Entdecken Sie die Kraft des Blockmagneten 25,4mm Neodym mit Kunststoffschutzbeschichtung und verzinkter Bohrung. Ideal f\u00fcr alle Ihre Industrie- und Hobbyprojekte!\",\"breadcrumb\":{\"@id\":\"https:\/\/www.magnetenspecialist.nl\/de\/speichern\/blockmagnete\/blockmagnet-254-x-254-x-127-mm-mit-kunststoffummantelung-und-senkbohrung\/#breadcrumb\"},\"inLanguage\":\"de\",\"potentialAction\":[{\"@type\":\"ReadAction\",\"target\":[\"https:\/\/www.magnetenspecialist.nl\/de\/speichern\/blockmagnete\/blockmagnet-254-x-254-x-127-mm-mit-kunststoffummantelung-und-senkbohrung\/\"]}]},{\"@type\":\"ImageObject\",\"inLanguage\":\"de\",\"@id\":\"https:\/\/www.magnetenspecialist.nl\/de\/speichern\/blockmagnete\/blockmagnet-254-x-254-x-127-mm-mit-kunststoffummantelung-und-senkbohrung\/#primaryimage\",\"url\":\"https:\/\/www.magnetenspecialist.nl\/wp-content\/uploads\/2024\/10\/Ontwerp-zonder-titel-27.png\",\"contentUrl\":\"https:\/\/www.magnetenspecialist.nl\/wp-content\/uploads\/2024\/10\/Ontwerp-zonder-titel-27.png\",\"width\":1080,\"height\":1080,\"caption\":\"Vooraanzicht van de blokmagneet (25,4 x 25,4 x 12,7 mm), beschermd door een duurzame kunststofmantel van polypropyleen met een verzonken gat voor eenvoudige montage.\"},{\"@type\":\"BreadcrumbList\",\"@id\":\"https:\/\/www.magnetenspecialist.nl\/de\/speichern\/blockmagnete\/blockmagnet-254-x-254-x-127-mm-mit-kunststoffummantelung-und-senkbohrung\/#breadcrumb\",\"itemListElement\":[{\"@type\":\"ListItem\",\"position\":1,\"name\":\"Startseite\",\"item\":\"https:\/\/www.magnetenspecialist.nl\/de\/\"},{\"@type\":\"ListItem\",\"position\":2,\"name\":\"Shop\",\"item\":\"https:\/\/www.magnetenspecialist.nl\/de\/shop\/\"},{\"@type\":\"ListItem\",\"position\":3,\"name\":\"Blockmagnet 25,4 x 25,4 x 12,7 mm &#8211; Neodym mit Kunststoff-Schutzbeschichtung und verzinkter Bohrung\"}]},{\"@type\":\"WebSite\",\"@id\":\"https:\/\/www.magnetenspecialist.nl\/de\/#website\",\"url\":\"https:\/\/www.magnetenspecialist.nl\/de\/\",\"name\":\"Magnetenspecialist.nl\",\"description\":\"Umfangreiches Angebot an Neodym-Magneten\",\"publisher\":{\"@id\":\"https:\/\/www.magnetenspecialist.nl\/de\/#organization\"},\"potentialAction\":[{\"@type\":\"SearchAction\",\"target\":{\"@type\":\"EntryPoint\",\"urlTemplate\":\"https:\/\/www.magnetenspecialist.nl\/de\/?s={search_term_string}\"},\"query-input\":{\"@type\":\"PropertyValueSpecification\",\"valueRequired\":true,\"valueName\":\"search_term_string\"}}],\"inLanguage\":\"de\"},{\"@type\":\"Organization\",\"@id\":\"https:\/\/www.magnetenspecialist.nl\/de\/#organization\",\"name\":\"Magnetenspecialist.nl\",\"url\":\"https:\/\/www.magnetenspecialist.nl\/de\/\",\"logo\":{\"@type\":\"ImageObject\",\"inLanguage\":\"de\",\"@id\":\"https:\/\/www.magnetenspecialist.nl\/de\/#\/schema\/logo\/image\/\",\"url\":\"https:\/\/www.magnetenspecialist.nl\/wp-content\/uploads\/2018\/10\/magneten-logo.jpg\",\"contentUrl\":\"https:\/\/www.magnetenspecialist.nl\/wp-content\/uploads\/2018\/10\/magneten-logo.jpg\",\"width\":151,\"height\":151,\"caption\":\"Magnetenspecialist.nl\"},\"image\":{\"@id\":\"https:\/\/www.magnetenspecialist.nl\/de\/#\/schema\/logo\/image\/\"},\"sameAs\":[\"https:\/\/www.facebook.com\/Magnetenspecialist.nl\",\"https:\/\/x.com\/magnetenspecial\"]}]}<\/script>\n<meta property=\"product:price:amount\" content=\"10.74\" \/>\n<meta property=\"product:price:currency\" content=\"EUR\" \/>\n<meta property=\"og:availability\" content=\"instock\" \/>\n<meta property=\"product:availability\" content=\"instock\" \/>\n<meta property=\"product:retailer_item_id\" content=\"BLK0254x0254x0127-N\" \/>\n<meta property=\"product:condition\" content=\"new\" \/>\n<!-- \/ Yoast SEO Premium plugin. -->","yoast_head_json":{"title":"Blockmagnet 25,4 mm Neodym mit Kunststoffschutz","description":"Entdecken Sie die Kraft des Blockmagneten 25,4mm Neodym mit Kunststoffschutzbeschichtung und verzinkter Bohrung. Ideal f\u00fcr alle Ihre Industrie- und Hobbyprojekte!","robots":{"index":"index","follow":"follow","max-snippet":"max-snippet:-1","max-image-preview":"max-image-preview:large","max-video-preview":"max-video-preview:-1"},"canonical":"https:\/\/www.magnetenspecialist.nl\/de\/speichern\/blockmagnete\/blockmagnet-254-x-254-x-127-mm-mit-kunststoffummantelung-und-senkbohrung\/","og_locale":"de_DE","og_type":"article","og_title":"Blockmagnet 25,4 x 25,4 x 12,7 mm - Neodym mit Kunststoff-Schutzbeschichtung und verzinkter Bohrung","og_description":"Entdecken Sie die Kraft des Blockmagneten 25,4mm Neodym mit Kunststoffschutzbeschichtung und verzinkter Bohrung. Ideal f\u00fcr alle Ihre Industrie- und Hobbyprojekte!","og_url":"https:\/\/www.magnetenspecialist.nl\/de\/speichern\/blockmagnete\/blockmagnet-254-x-254-x-127-mm-mit-kunststoffummantelung-und-senkbohrung\/","og_site_name":"Magnetenspecialist.nl","article_publisher":"https:\/\/www.facebook.com\/Magnetenspecialist.nl","article_modified_time":"2025-04-04T14:59:53+00:00","og_image":[{"width":1080,"height":1080,"url":"https:\/\/www.magnetenspecialist.nl\/wp-content\/uploads\/2024\/10\/Ontwerp-zonder-titel-27.png","type":"image\/png"}],"twitter_card":"summary_large_image","twitter_site":"@magnetenspecial","twitter_misc":{"Preis":"&euro;&nbsp;10,74","Verf\u00fcgbarkeit":"Auf Lager"},"schema":{"@context":"https:\/\/schema.org","@graph":[{"@type":"WebPage","@id":"https:\/\/www.magnetenspecialist.nl\/de\/speichern\/blockmagnete\/blockmagnet-254-x-254-x-127-mm-mit-kunststoffummantelung-und-senkbohrung\/","url":"https:\/\/www.magnetenspecialist.nl\/de\/speichern\/blockmagnete\/blockmagnet-254-x-254-x-127-mm-mit-kunststoffummantelung-und-senkbohrung\/","name":"Blockmagnet 25,4 mm Neodym mit Kunststoffschutz","isPartOf":{"@id":"https:\/\/www.magnetenspecialist.nl\/de\/#website"},"primaryImageOfPage":{"@id":"https:\/\/www.magnetenspecialist.nl\/de\/speichern\/blockmagnete\/blockmagnet-254-x-254-x-127-mm-mit-kunststoffummantelung-und-senkbohrung\/#primaryimage"},"image":{"@id":"https:\/\/www.magnetenspecialist.nl\/de\/speichern\/blockmagnete\/blockmagnet-254-x-254-x-127-mm-mit-kunststoffummantelung-und-senkbohrung\/#primaryimage"},"thumbnailUrl":"https:\/\/www.magnetenspecialist.nl\/wp-content\/uploads\/2024\/10\/Ontwerp-zonder-titel-27.png","datePublished":"2024-10-07T13:36:22+00:00","dateModified":"2025-04-04T14:59:53+00:00","description":"Entdecken Sie die Kraft des Blockmagneten 25,4mm Neodym mit Kunststoffschutzbeschichtung und verzinkter Bohrung. Ideal f\u00fcr alle Ihre Industrie- und Hobbyprojekte!","breadcrumb":{"@id":"https:\/\/www.magnetenspecialist.nl\/de\/speichern\/blockmagnete\/blockmagnet-254-x-254-x-127-mm-mit-kunststoffummantelung-und-senkbohrung\/#breadcrumb"},"inLanguage":"de","potentialAction":[{"@type":"ReadAction","target":["https:\/\/www.magnetenspecialist.nl\/de\/speichern\/blockmagnete\/blockmagnet-254-x-254-x-127-mm-mit-kunststoffummantelung-und-senkbohrung\/"]}]},{"@type":"ImageObject","inLanguage":"de","@id":"https:\/\/www.magnetenspecialist.nl\/de\/speichern\/blockmagnete\/blockmagnet-254-x-254-x-127-mm-mit-kunststoffummantelung-und-senkbohrung\/#primaryimage","url":"https:\/\/www.magnetenspecialist.nl\/wp-content\/uploads\/2024\/10\/Ontwerp-zonder-titel-27.png","contentUrl":"https:\/\/www.magnetenspecialist.nl\/wp-content\/uploads\/2024\/10\/Ontwerp-zonder-titel-27.png","width":1080,"height":1080,"caption":"Vooraanzicht van de blokmagneet (25,4 x 25,4 x 12,7 mm), beschermd door een duurzame kunststofmantel van polypropyleen met een verzonken gat voor eenvoudige montage."},{"@type":"BreadcrumbList","@id":"https:\/\/www.magnetenspecialist.nl\/de\/speichern\/blockmagnete\/blockmagnet-254-x-254-x-127-mm-mit-kunststoffummantelung-und-senkbohrung\/#breadcrumb","itemListElement":[{"@type":"ListItem","position":1,"name":"Startseite","item":"https:\/\/www.magnetenspecialist.nl\/de\/"},{"@type":"ListItem","position":2,"name":"Shop","item":"https:\/\/www.magnetenspecialist.nl\/de\/shop\/"},{"@type":"ListItem","position":3,"name":"Blockmagnet 25,4 x 25,4 x 12,7 mm &#8211; Neodym mit Kunststoff-Schutzbeschichtung und verzinkter Bohrung"}]},{"@type":"WebSite","@id":"https:\/\/www.magnetenspecialist.nl\/de\/#website","url":"https:\/\/www.magnetenspecialist.nl\/de\/","name":"Magnetenspecialist.nl","description":"Umfangreiches Angebot an Neodym-Magneten","publisher":{"@id":"https:\/\/www.magnetenspecialist.nl\/de\/#organization"},"potentialAction":[{"@type":"SearchAction","target":{"@type":"EntryPoint","urlTemplate":"https:\/\/www.magnetenspecialist.nl\/de\/?s={search_term_string}"},"query-input":{"@type":"PropertyValueSpecification","valueRequired":true,"valueName":"search_term_string"}}],"inLanguage":"de"},{"@type":"Organization","@id":"https:\/\/www.magnetenspecialist.nl\/de\/#organization","name":"Magnetenspecialist.nl","url":"https:\/\/www.magnetenspecialist.nl\/de\/","logo":{"@type":"ImageObject","inLanguage":"de","@id":"https:\/\/www.magnetenspecialist.nl\/de\/#\/schema\/logo\/image\/","url":"https:\/\/www.magnetenspecialist.nl\/wp-content\/uploads\/2018\/10\/magneten-logo.jpg","contentUrl":"https:\/\/www.magnetenspecialist.nl\/wp-content\/uploads\/2018\/10\/magneten-logo.jpg","width":151,"height":151,"caption":"Magnetenspecialist.nl"},"image":{"@id":"https:\/\/www.magnetenspecialist.nl\/de\/#\/schema\/logo\/image\/"},"sameAs":["https:\/\/www.facebook.com\/Magnetenspecialist.nl","https:\/\/x.com\/magnetenspecial"]}]},"product_price_amount":"10.74","product_price_currency":"EUR","og_availability":"instock","product_availability":"instock","product_retailer_item_id":"BLK0254x0254x0127-N","product_condition":"new"},"_links":{"self":[{"href":"https:\/\/www.magnetenspecialist.nl\/de\/wp-json\/wp\/v2\/product\/133598","targetHints":{"allow":["GET"]}}],"collection":[{"href":"https:\/\/www.magnetenspecialist.nl\/de\/wp-json\/wp\/v2\/product"}],"about":[{"href":"https:\/\/www.magnetenspecialist.nl\/de\/wp-json\/wp\/v2\/types\/product"}],"wp:featuredmedia":[{"embeddable":true,"href":"https:\/\/www.magnetenspecialist.nl\/de\/wp-json\/wp\/v2\/media\/133569"}],"wp:attachment":[{"href":"https:\/\/www.magnetenspecialist.nl\/de\/wp-json\/wp\/v2\/media?parent=133598"}],"wp:term":[{"taxonomy":"product_brand","embeddable":true,"href":"https:\/\/www.magnetenspecialist.nl\/de\/wp-json\/wp\/v2\/product_brand?post=133598"},{"taxonomy":"product_cat","embeddable":true,"href":"https:\/\/www.magnetenspecialist.nl\/de\/wp-json\/wp\/v2\/product_cat?post=133598"},{"taxonomy":"product_tag","embeddable":true,"href":"https:\/\/www.magnetenspecialist.nl\/de\/wp-json\/wp\/v2\/product_tag?post=133598"}],"curies":[{"name":"wp","href":"https:\/\/api.w.org\/{rel}","templated":true}]}}