{"id":138791,"date":"2025-05-20T12:35:52","date_gmt":"2025-05-20T10:35:52","guid":{"rendered":"https:\/\/www.magnetenspecialist.nl\/?post_type=product&p=138791"},"modified":"2025-05-20T12:35:52","modified_gmt":"2025-05-20T10:35:52","slug":"magnetspezialist-oesenmagnet-20-x-8-x-6-mm-neodym-n40-im-stahlgehaeuse-6er-set","status":"publish","type":"product","link":"https:\/\/www.magnetenspecialist.nl\/de\/speichern\/neodym-magnet-set\/magnetspezialist-oesenmagnet-20-x-8-x-6-mm-neodym-n40-im-stahlgehaeuse-6er-set\/","title":{"rendered":"Magnetspezialist \u00d6senmagnet 20 x 8 x 6 mm Neodym N40 im Stahlgeh\u00e4use 6er Set"},"content":{"rendered":"<h2 class=\"\" data-start=\"168\" data-end=\"256\"><strong data-start=\"174\" data-end=\"256\">Produktbeschreibung &#8211; Augenschraubenmagnet 20 x 8 x 6 mm (Neodym N40) &#8211; 6er Set<\/strong><\/h2>\n<p class=\"\" data-start=\"258\" data-end=\"558\">Diese leistungsstarken <strong data-start=\"273\" data-end=\"292\">\u00d6senmagnete<\/strong> bestehen aus einem starken <strong data-start=\"316\" data-end=\"352\">Neodym-Magneten (Klasse N40)<\/strong>, der in ein <strong data-start=\"369\" data-end=\"399\">Geh\u00e4use aus verzinktem Stahl<\/strong> eingebettet ist. Dank der angebrachten <strong data-start=\"423\" data-end=\"451\">\u00d6senschraube mit Gewinde<\/strong> eignen sie sich perfekt zum Aufh\u00e4ngen, Sichern oder vor\u00fcbergehenden Befestigen von Gegenst\u00e4nden ohne Bohren. <\/p>\n<p class=\"\" data-start=\"560\" data-end=\"810\">Das Stahlgeh\u00e4use bietet zus\u00e4tzlichen Schutz f\u00fcr den Magneten und verst\u00e4rkt das Magnetfeld an der Unterseite, so dass eine feste und gezielte Anziehung gew\u00e4hrleistet ist. Ideal f\u00fcr den Einsatz in technischen Umgebungen und f\u00fcr den Hausgebrauch. <\/p>\n<h3 class=\"\" data-start=\"812\" data-end=\"847\">&#x2705; <strong data-start=\"818\" data-end=\"847\">Anwendungen:<\/strong><\/h3>\n<ul data-start=\"848\" data-end=\"1103\">\n<li class=\"\" data-start=\"848\" data-end=\"907\">\n<p class=\"\" data-start=\"850\" data-end=\"907\">Aufh\u00e4ngen von Schildern, Beleuchtung, Kabeln oder Werkzeugen<\/p>\n<\/li>\n<li class=\"\" data-start=\"908\" data-end=\"961\">\n<p class=\"\" data-start=\"910\" data-end=\"961\">Tempor\u00e4re Befestigungen auf Messen oder in Gesch\u00e4ften<\/p>\n<\/li>\n<li class=\"\" data-start=\"962\" data-end=\"1005\">\n<p class=\"\" data-start=\"964\" data-end=\"1005\">Organisation von Werkst\u00e4tten oder Garagen<\/p>\n<\/li>\n<li class=\"\" data-start=\"1006\" data-end=\"1071\">\n<p class=\"\" data-start=\"1008\" data-end=\"1071\">Heimwerkerprojekte, bei denen Sie ohne Schrauben oder Klebstoff arbeiten m\u00f6chten<\/p>\n<\/li>\n<li class=\"\" data-start=\"1072\" data-end=\"1103\">\n<p class=\"\" data-start=\"1074\" data-end=\"1103\">H\u00e4ngende Netze oder Seile<\/p>\n<\/li>\n<\/ul>\n","protected":false},"excerpt":{"rendered":"<p>Produktbeschreibung &#8211; Augenschraubenmagnet 20 x 8 x 6 mm (Neodym N40) &#8211; 6er Set Diese leistungsstarken \u00d6senmagnete bestehen aus einem starken Neodym-Magneten (Klasse N40), der in ein Geh\u00e4use aus verzinktem Stahl eingebettet ist. Dank der angebrachten \u00d6senschraube mit Gewinde eignen sie sich perfekt zum Aufh\u00e4ngen, Sichern oder vor\u00fcbergehenden Befestigen von Gegenst\u00e4nden ohne Bohren. Das Stahlgeh\u00e4use [&hellip;]<\/p>\n","protected":false},"featured_media":113582,"template":"","meta":{"_acf_changed":false},"product_brand":[3521],"product_cat":[3532],"product_tag":[],"class_list":{"0":"post-138791","1":"product","2":"type-product","3":"status-publish","4":"has-post-thumbnail","6":"product_brand-magnetenspecialist","7":"product_cat-neodym-magnet-set","9":"first","10":"instock","11":"taxable","12":"shipping-taxable","13":"product-type-simple"},"supplier_id":null,"supplier_sku":"","barcode":null,"atum_controlled":true,"out_stock_date":null,"out_stock_threshold":null,"inheritable":false,"inbound_stock":0,"stock_on_hold":0,"sold_today":0,"sales_last_days":0,"reserved_stock":0,"customer_returns":0,"warehouse_damage":0,"lost_in_post":0,"other_logs":0,"out_stock_days":0,"lost_sales":0,"has_location":false,"update_date":"2026-04-03T08:06:11","atum_locations":[],"atum_stock_status":"instock","restock_status":false,"low_stock_amount":"","sales_update_date":"2026-04-03T08:06:11","calc_backorders":null,"acf":[],"yoast_head":"<!-- This site is optimized with the Yoast SEO Premium plugin v24.7 (Yoast SEO v24.7) - https:\/\/yoast.com\/wordpress\/plugins\/seo\/ -->\n<title>Ringanker-Magnet 20 x 8 x 6 mm N40 im Stahlgeh\u00e4use - Magnetenspecialist.nl<\/title>\n<meta name=\"description\" content=\"Entdecken Sie die Vielseitigkeit des \u00d6senmagneten 20 x 8 x 6 mm Neodym N40 im Stahlgeh\u00e4use. Perfekt f\u00fcr div. Befestigungen, kaufen Sie jetzt!\" \/>\n<meta name=\"robots\" content=\"index, follow, max-snippet:-1, max-image-preview:large, max-video-preview:-1\" \/>\n<link rel=\"canonical\" href=\"https:\/\/www.magnetenspecialist.nl\/de\/speichern\/neodym-magnet-set\/magnetspezialist-oesenmagnet-20-x-8-x-6-mm-neodym-n40-im-stahlgehaeuse-6er-set\/\" \/>\n<meta property=\"og:locale\" content=\"de_DE\" \/>\n<meta property=\"og:type\" content=\"article\" \/>\n<meta property=\"og:title\" content=\"Magnetspezialist \u00d6senmagnet 20 x 8 x 6 mm Neodym N40 im Stahlgeh\u00e4use 6er Set\" \/>\n<meta property=\"og:description\" content=\"Entdecken Sie die Vielseitigkeit des \u00d6senmagneten 20 x 8 x 6 mm Neodym N40 im Stahlgeh\u00e4use. Perfekt f\u00fcr div. Befestigungen, kaufen Sie jetzt!\" \/>\n<meta property=\"og:url\" content=\"https:\/\/www.magnetenspecialist.nl\/de\/speichern\/neodym-magnet-set\/magnetspezialist-oesenmagnet-20-x-8-x-6-mm-neodym-n40-im-stahlgehaeuse-6er-set\/\" \/>\n<meta property=\"og:site_name\" content=\"Magnetenspecialist.nl\" \/>\n<meta property=\"article:publisher\" content=\"https:\/\/www.facebook.com\/Magnetenspecialist.nl\" \/>\n<meta property=\"og:image\" content=\"https:\/\/www.magnetenspecialist.nl\/wp-content\/uploads\/2019\/03\/Magnetenspecialist.nl_Oogbout-magneet-20-x-8-x-6-mm_1.jpg\" \/>\n\t<meta property=\"og:image:width\" content=\"1500\" \/>\n\t<meta property=\"og:image:height\" content=\"1500\" \/>\n\t<meta property=\"og:image:type\" content=\"image\/jpeg\" \/>\n<meta name=\"twitter:card\" content=\"summary_large_image\" \/>\n<meta name=\"twitter:site\" content=\"@magnetenspecial\" \/>\n<meta name=\"twitter:label1\" content=\"Preis\" \/>\n\t<meta name=\"twitter:data1\" content=\"\" \/>\n\t<meta name=\"twitter:label2\" content=\"Verf\u00fcgbarkeit\" \/>\n\t<meta name=\"twitter:data2\" content=\"Auf Lager\" \/>\n<script type=\"application\/ld+json\" class=\"yoast-schema-graph\">{\"@context\":\"https:\/\/schema.org\",\"@graph\":[{\"@type\":\"WebPage\",\"@id\":\"https:\/\/www.magnetenspecialist.nl\/de\/speichern\/neodym-magnet-set\/magnetspezialist-oesenmagnet-20-x-8-x-6-mm-neodym-n40-im-stahlgehaeuse-6er-set\/\",\"url\":\"https:\/\/www.magnetenspecialist.nl\/de\/speichern\/neodym-magnet-set\/magnetspezialist-oesenmagnet-20-x-8-x-6-mm-neodym-n40-im-stahlgehaeuse-6er-set\/\",\"name\":\"Ringanker-Magnet 20 x 8 x 6 mm N40 im Stahlgeh\u00e4use - Magnetenspecialist.nl\",\"isPartOf\":{\"@id\":\"https:\/\/www.magnetenspecialist.nl\/de\/#website\"},\"primaryImageOfPage\":{\"@id\":\"https:\/\/www.magnetenspecialist.nl\/de\/speichern\/neodym-magnet-set\/magnetspezialist-oesenmagnet-20-x-8-x-6-mm-neodym-n40-im-stahlgehaeuse-6er-set\/#primaryimage\"},\"image\":{\"@id\":\"https:\/\/www.magnetenspecialist.nl\/de\/speichern\/neodym-magnet-set\/magnetspezialist-oesenmagnet-20-x-8-x-6-mm-neodym-n40-im-stahlgehaeuse-6er-set\/#primaryimage\"},\"thumbnailUrl\":\"https:\/\/www.magnetenspecialist.nl\/wp-content\/uploads\/2019\/03\/Magnetenspecialist.nl_Oogbout-magneet-20-x-8-x-6-mm_1.jpg\",\"datePublished\":\"2025-05-20T10:35:52+00:00\",\"description\":\"Entdecken Sie die Vielseitigkeit des \u00d6senmagneten 20 x 8 x 6 mm Neodym N40 im Stahlgeh\u00e4use. Perfekt f\u00fcr div. Befestigungen, kaufen Sie jetzt!\",\"breadcrumb\":{\"@id\":\"https:\/\/www.magnetenspecialist.nl\/de\/speichern\/neodym-magnet-set\/magnetspezialist-oesenmagnet-20-x-8-x-6-mm-neodym-n40-im-stahlgehaeuse-6er-set\/#breadcrumb\"},\"inLanguage\":\"de\",\"potentialAction\":[{\"@type\":\"ReadAction\",\"target\":[\"https:\/\/www.magnetenspecialist.nl\/de\/speichern\/neodym-magnet-set\/magnetspezialist-oesenmagnet-20-x-8-x-6-mm-neodym-n40-im-stahlgehaeuse-6er-set\/\"]}]},{\"@type\":\"ImageObject\",\"inLanguage\":\"de\",\"@id\":\"https:\/\/www.magnetenspecialist.nl\/de\/speichern\/neodym-magnet-set\/magnetspezialist-oesenmagnet-20-x-8-x-6-mm-neodym-n40-im-stahlgehaeuse-6er-set\/#primaryimage\",\"url\":\"https:\/\/www.magnetenspecialist.nl\/wp-content\/uploads\/2019\/03\/Magnetenspecialist.nl_Oogbout-magneet-20-x-8-x-6-mm_1.jpg\",\"contentUrl\":\"https:\/\/www.magnetenspecialist.nl\/wp-content\/uploads\/2019\/03\/Magnetenspecialist.nl_Oogbout-magneet-20-x-8-x-6-mm_1.jpg\",\"width\":1500,\"height\":1500,\"caption\":\"Neodymium oogboutmagneet 20 mm \u2013 krachtig en veelzijdig inzetbaar\"},{\"@type\":\"BreadcrumbList\",\"@id\":\"https:\/\/www.magnetenspecialist.nl\/de\/speichern\/neodym-magnet-set\/magnetspezialist-oesenmagnet-20-x-8-x-6-mm-neodym-n40-im-stahlgehaeuse-6er-set\/#breadcrumb\",\"itemListElement\":[{\"@type\":\"ListItem\",\"position\":1,\"name\":\"Startseite\",\"item\":\"https:\/\/www.magnetenspecialist.nl\/de\/\"},{\"@type\":\"ListItem\",\"position\":2,\"name\":\"Shop\",\"item\":\"https:\/\/www.magnetenspecialist.nl\/de\/shop\/\"},{\"@type\":\"ListItem\",\"position\":3,\"name\":\"Priv\u00e9: Magnetspezialist \u00d6senmagnet 20 x 8 x 6 mm Neodym N40 im Stahlgeh\u00e4use 6er Set\"}]},{\"@type\":\"WebSite\",\"@id\":\"https:\/\/www.magnetenspecialist.nl\/de\/#website\",\"url\":\"https:\/\/www.magnetenspecialist.nl\/de\/\",\"name\":\"Magnetenspecialist.nl\",\"description\":\"Umfangreiches Angebot an Neodym-Magneten\",\"publisher\":{\"@id\":\"https:\/\/www.magnetenspecialist.nl\/de\/#organization\"},\"potentialAction\":[{\"@type\":\"SearchAction\",\"target\":{\"@type\":\"EntryPoint\",\"urlTemplate\":\"https:\/\/www.magnetenspecialist.nl\/de\/?s={search_term_string}\"},\"query-input\":{\"@type\":\"PropertyValueSpecification\",\"valueRequired\":true,\"valueName\":\"search_term_string\"}}],\"inLanguage\":\"de\"},{\"@type\":\"Organization\",\"@id\":\"https:\/\/www.magnetenspecialist.nl\/de\/#organization\",\"name\":\"Magnetenspecialist.nl\",\"url\":\"https:\/\/www.magnetenspecialist.nl\/de\/\",\"logo\":{\"@type\":\"ImageObject\",\"inLanguage\":\"de\",\"@id\":\"https:\/\/www.magnetenspecialist.nl\/de\/#\/schema\/logo\/image\/\",\"url\":\"https:\/\/www.magnetenspecialist.nl\/wp-content\/uploads\/2018\/10\/magneten-logo.jpg\",\"contentUrl\":\"https:\/\/www.magnetenspecialist.nl\/wp-content\/uploads\/2018\/10\/magneten-logo.jpg\",\"width\":151,\"height\":151,\"caption\":\"Magnetenspecialist.nl\"},\"image\":{\"@id\":\"https:\/\/www.magnetenspecialist.nl\/de\/#\/schema\/logo\/image\/\"},\"sameAs\":[\"https:\/\/www.facebook.com\/Magnetenspecialist.nl\",\"https:\/\/x.com\/magnetenspecial\"]}]}<\/script>\n<meta property=\"product:price:currency\" content=\"EUR\" \/>\n<meta property=\"og:availability\" content=\"instock\" \/>\n<meta property=\"product:availability\" content=\"instock\" \/>\n<meta property=\"product:retailer_item_id\" content=\"og020x008x0060-N-6\" \/>\n<meta property=\"product:condition\" content=\"new\" \/>\n<!-- \/ Yoast SEO Premium plugin. -->","yoast_head_json":{"title":"Ringanker-Magnet 20 x 8 x 6 mm N40 im Stahlgeh\u00e4use - Magnetenspecialist.nl","description":"Entdecken Sie die Vielseitigkeit des \u00d6senmagneten 20 x 8 x 6 mm Neodym N40 im Stahlgeh\u00e4use. Perfekt f\u00fcr div. Befestigungen, kaufen Sie jetzt!","robots":{"index":"index","follow":"follow","max-snippet":"max-snippet:-1","max-image-preview":"max-image-preview:large","max-video-preview":"max-video-preview:-1"},"canonical":"https:\/\/www.magnetenspecialist.nl\/de\/speichern\/neodym-magnet-set\/magnetspezialist-oesenmagnet-20-x-8-x-6-mm-neodym-n40-im-stahlgehaeuse-6er-set\/","og_locale":"de_DE","og_type":"article","og_title":"Magnetspezialist \u00d6senmagnet 20 x 8 x 6 mm Neodym N40 im Stahlgeh\u00e4use 6er Set","og_description":"Entdecken Sie die Vielseitigkeit des \u00d6senmagneten 20 x 8 x 6 mm Neodym N40 im Stahlgeh\u00e4use. Perfekt f\u00fcr div. Befestigungen, kaufen Sie jetzt!","og_url":"https:\/\/www.magnetenspecialist.nl\/de\/speichern\/neodym-magnet-set\/magnetspezialist-oesenmagnet-20-x-8-x-6-mm-neodym-n40-im-stahlgehaeuse-6er-set\/","og_site_name":"Magnetenspecialist.nl","article_publisher":"https:\/\/www.facebook.com\/Magnetenspecialist.nl","og_image":[{"width":1500,"height":1500,"url":"https:\/\/www.magnetenspecialist.nl\/wp-content\/uploads\/2019\/03\/Magnetenspecialist.nl_Oogbout-magneet-20-x-8-x-6-mm_1.jpg","type":"image\/jpeg"}],"twitter_card":"summary_large_image","twitter_site":"@magnetenspecial","twitter_misc":{"Preis":"","Verf\u00fcgbarkeit":"Auf Lager"},"schema":{"@context":"https:\/\/schema.org","@graph":[{"@type":"WebPage","@id":"https:\/\/www.magnetenspecialist.nl\/de\/speichern\/neodym-magnet-set\/magnetspezialist-oesenmagnet-20-x-8-x-6-mm-neodym-n40-im-stahlgehaeuse-6er-set\/","url":"https:\/\/www.magnetenspecialist.nl\/de\/speichern\/neodym-magnet-set\/magnetspezialist-oesenmagnet-20-x-8-x-6-mm-neodym-n40-im-stahlgehaeuse-6er-set\/","name":"Ringanker-Magnet 20 x 8 x 6 mm N40 im Stahlgeh\u00e4use - Magnetenspecialist.nl","isPartOf":{"@id":"https:\/\/www.magnetenspecialist.nl\/de\/#website"},"primaryImageOfPage":{"@id":"https:\/\/www.magnetenspecialist.nl\/de\/speichern\/neodym-magnet-set\/magnetspezialist-oesenmagnet-20-x-8-x-6-mm-neodym-n40-im-stahlgehaeuse-6er-set\/#primaryimage"},"image":{"@id":"https:\/\/www.magnetenspecialist.nl\/de\/speichern\/neodym-magnet-set\/magnetspezialist-oesenmagnet-20-x-8-x-6-mm-neodym-n40-im-stahlgehaeuse-6er-set\/#primaryimage"},"thumbnailUrl":"https:\/\/www.magnetenspecialist.nl\/wp-content\/uploads\/2019\/03\/Magnetenspecialist.nl_Oogbout-magneet-20-x-8-x-6-mm_1.jpg","datePublished":"2025-05-20T10:35:52+00:00","description":"Entdecken Sie die Vielseitigkeit des \u00d6senmagneten 20 x 8 x 6 mm Neodym N40 im Stahlgeh\u00e4use. Perfekt f\u00fcr div. Befestigungen, kaufen Sie jetzt!","breadcrumb":{"@id":"https:\/\/www.magnetenspecialist.nl\/de\/speichern\/neodym-magnet-set\/magnetspezialist-oesenmagnet-20-x-8-x-6-mm-neodym-n40-im-stahlgehaeuse-6er-set\/#breadcrumb"},"inLanguage":"de","potentialAction":[{"@type":"ReadAction","target":["https:\/\/www.magnetenspecialist.nl\/de\/speichern\/neodym-magnet-set\/magnetspezialist-oesenmagnet-20-x-8-x-6-mm-neodym-n40-im-stahlgehaeuse-6er-set\/"]}]},{"@type":"ImageObject","inLanguage":"de","@id":"https:\/\/www.magnetenspecialist.nl\/de\/speichern\/neodym-magnet-set\/magnetspezialist-oesenmagnet-20-x-8-x-6-mm-neodym-n40-im-stahlgehaeuse-6er-set\/#primaryimage","url":"https:\/\/www.magnetenspecialist.nl\/wp-content\/uploads\/2019\/03\/Magnetenspecialist.nl_Oogbout-magneet-20-x-8-x-6-mm_1.jpg","contentUrl":"https:\/\/www.magnetenspecialist.nl\/wp-content\/uploads\/2019\/03\/Magnetenspecialist.nl_Oogbout-magneet-20-x-8-x-6-mm_1.jpg","width":1500,"height":1500,"caption":"Neodymium oogboutmagneet 20 mm \u2013 krachtig en veelzijdig inzetbaar"},{"@type":"BreadcrumbList","@id":"https:\/\/www.magnetenspecialist.nl\/de\/speichern\/neodym-magnet-set\/magnetspezialist-oesenmagnet-20-x-8-x-6-mm-neodym-n40-im-stahlgehaeuse-6er-set\/#breadcrumb","itemListElement":[{"@type":"ListItem","position":1,"name":"Startseite","item":"https:\/\/www.magnetenspecialist.nl\/de\/"},{"@type":"ListItem","position":2,"name":"Shop","item":"https:\/\/www.magnetenspecialist.nl\/de\/shop\/"},{"@type":"ListItem","position":3,"name":"Priv\u00e9: Magnetspezialist \u00d6senmagnet 20 x 8 x 6 mm Neodym N40 im Stahlgeh\u00e4use 6er Set"}]},{"@type":"WebSite","@id":"https:\/\/www.magnetenspecialist.nl\/de\/#website","url":"https:\/\/www.magnetenspecialist.nl\/de\/","name":"Magnetenspecialist.nl","description":"Umfangreiches Angebot an Neodym-Magneten","publisher":{"@id":"https:\/\/www.magnetenspecialist.nl\/de\/#organization"},"potentialAction":[{"@type":"SearchAction","target":{"@type":"EntryPoint","urlTemplate":"https:\/\/www.magnetenspecialist.nl\/de\/?s={search_term_string}"},"query-input":{"@type":"PropertyValueSpecification","valueRequired":true,"valueName":"search_term_string"}}],"inLanguage":"de"},{"@type":"Organization","@id":"https:\/\/www.magnetenspecialist.nl\/de\/#organization","name":"Magnetenspecialist.nl","url":"https:\/\/www.magnetenspecialist.nl\/de\/","logo":{"@type":"ImageObject","inLanguage":"de","@id":"https:\/\/www.magnetenspecialist.nl\/de\/#\/schema\/logo\/image\/","url":"https:\/\/www.magnetenspecialist.nl\/wp-content\/uploads\/2018\/10\/magneten-logo.jpg","contentUrl":"https:\/\/www.magnetenspecialist.nl\/wp-content\/uploads\/2018\/10\/magneten-logo.jpg","width":151,"height":151,"caption":"Magnetenspecialist.nl"},"image":{"@id":"https:\/\/www.magnetenspecialist.nl\/de\/#\/schema\/logo\/image\/"},"sameAs":["https:\/\/www.facebook.com\/Magnetenspecialist.nl","https:\/\/x.com\/magnetenspecial"]}]},"product_price_currency":"EUR","og_availability":"instock","product_availability":"instock","product_retailer_item_id":"og020x008x0060-N-6","product_condition":"new"},"_links":{"self":[{"href":"https:\/\/www.magnetenspecialist.nl\/de\/wp-json\/wp\/v2\/product\/138791","targetHints":{"allow":["GET"]}}],"collection":[{"href":"https:\/\/www.magnetenspecialist.nl\/de\/wp-json\/wp\/v2\/product"}],"about":[{"href":"https:\/\/www.magnetenspecialist.nl\/de\/wp-json\/wp\/v2\/types\/product"}],"wp:featuredmedia":[{"embeddable":true,"href":"https:\/\/www.magnetenspecialist.nl\/de\/wp-json\/wp\/v2\/media\/113582"}],"wp:attachment":[{"href":"https:\/\/www.magnetenspecialist.nl\/de\/wp-json\/wp\/v2\/media?parent=138791"}],"wp:term":[{"taxonomy":"product_brand","embeddable":true,"href":"https:\/\/www.magnetenspecialist.nl\/de\/wp-json\/wp\/v2\/product_brand?post=138791"},{"taxonomy":"product_cat","embeddable":true,"href":"https:\/\/www.magnetenspecialist.nl\/de\/wp-json\/wp\/v2\/product_cat?post=138791"},{"taxonomy":"product_tag","embeddable":true,"href":"https:\/\/www.magnetenspecialist.nl\/de\/wp-json\/wp\/v2\/product_tag?post=138791"}],"curies":[{"name":"wp","href":"https:\/\/api.w.org\/{rel}","templated":true}]}}