{"id":138807,"date":"2025-05-20T13:48:14","date_gmt":"2025-05-20T11:48:14","guid":{"rendered":"https:\/\/www.magnetenspecialist.nl\/?post_type=product&p=138807"},"modified":"2025-05-20T13:48:14","modified_gmt":"2025-05-20T11:48:14","slug":"magnetspezialist-oesenmagnet-mit-gummihuelle-43-mm-neodym-n40-kratzschutz-6er-set","status":"publish","type":"product","link":"https:\/\/www.magnetenspecialist.nl\/de\/speichern\/neodym-magnet-set\/magnetspezialist-oesenmagnet-mit-gummihuelle-43-mm-neodym-n40-kratzschutz-6er-set\/","title":{"rendered":"Magnetspezialist \u00d6senmagnet mit Gummih\u00fclle 43 mm Neodym N40 Kratzschutz 6er Set"},"content":{"rendered":"<h2 class=\"\" data-start=\"172\" data-end=\"255\"><strong data-start=\"178\" data-end=\"255\">\u00d6senmagnet 43 mm mit Gummih\u00fclle (N40)<\/strong><\/h2>\n<p class=\"\" data-start=\"257\" data-end=\"607\">Der <strong data-start=\"260\" data-end=\"328\">Magnet Specialist Eyebolt Magnet 43 mm mit Gummiummantelung<\/strong> ist ein starker <strong data-start=\"346\" data-end=\"379\">Neodym-Befestigungsmagnet<\/strong>, der speziell f\u00fcr sichere Anwendungen entwickelt wurde, bei denen die Kontaktfl\u00e4che nicht besch\u00e4digt werden darf. Dank der <strong data-start=\"494\" data-end=\"519\">Gummischutzh\u00fclle<\/strong> werden Kratzer auf empfindlichen Oberfl\u00e4chen (wie lackierten Metallen, Glas oder Edelstahl) verhindert. <\/p>\n<p class=\"\" data-start=\"609\" data-end=\"855\">Der Kern besteht aus einem starken <strong data-start=\"640\" data-end=\"665\">Neodym-Magneten N40<\/strong>, der in ein Stahlgeh\u00e4use mit <strong data-start=\"707\" data-end=\"726\">Gummiummantelung<\/strong> eingebettet ist. Die <strong data-start=\"731\" data-end=\"762\">Ringschraube mit M6-Gewinde<\/strong> erm\u00f6glicht die einfache Befestigung von Kabeln, Netzen, Bannern oder anderen Gegenst\u00e4nden. <\/p>\n<hr class=\"\" data-start=\"857\" data-end=\"860\">\n<h3 class=\"\" data-start=\"862\" data-end=\"885\">&#x2705; <strong data-start=\"868\" data-end=\"885\">Anwendungen:<\/strong><\/h3>\n<ul data-start=\"886\" data-end=\"1112\">\n<li class=\"\" data-start=\"886\" data-end=\"921\">\n<p class=\"\" data-start=\"888\" data-end=\"921\">Ausstellungen, Veranstaltungen, Standbau<\/p>\n<\/li>\n<li class=\"\" data-start=\"922\" data-end=\"970\">\n<p class=\"\" data-start=\"924\" data-end=\"970\">Befestigung von Werbung und Bannern ohne Bohren<\/p>\n<\/li>\n<li class=\"\" data-start=\"971\" data-end=\"1012\">\n<p class=\"\" data-start=\"973\" data-end=\"1012\">Lagerhallen, Fahrzeuge, Innenr\u00e4ume<\/p>\n<\/li>\n<li class=\"\" data-start=\"1013\" data-end=\"1068\">\n<p class=\"\" data-start=\"1015\" data-end=\"1068\">Tempor\u00e4re Federungssysteme auf empfindlichen Oberfl\u00e4chen<\/p>\n<\/li>\n<li class=\"\" data-start=\"1069\" data-end=\"1112\">\n<p class=\"\" data-start=\"1071\" data-end=\"1112\">Schutz vor Kratzern und Rost<\/p>\n<\/li>\n<\/ul>\n","protected":false},"excerpt":{"rendered":"<p>\u00d6senmagnet 43 mm mit Gummih\u00fclle (N40) Der Magnet Specialist Eyebolt Magnet 43 mm mit Gummiummantelung ist ein starker Neodym-Befestigungsmagnet, der speziell f\u00fcr sichere Anwendungen entwickelt wurde, bei denen die Kontaktfl\u00e4che nicht besch\u00e4digt werden darf. Dank der Gummischutzh\u00fclle werden Kratzer auf empfindlichen Oberfl\u00e4chen (wie lackierten Metallen, Glas oder Edelstahl) verhindert. Der Kern besteht aus einem starken [&hellip;]<\/p>\n","protected":false},"featured_media":113017,"template":"","meta":{"_acf_changed":false},"product_brand":[3521],"product_cat":[3532],"product_tag":[],"class_list":{"0":"post-138807","1":"product","2":"type-product","3":"status-publish","4":"has-post-thumbnail","6":"product_brand-magnetenspecialist","7":"product_cat-neodym-magnet-set","9":"first","10":"instock","11":"taxable","12":"shipping-taxable","13":"product-type-simple"},"supplier_id":null,"supplier_sku":"","barcode":null,"atum_controlled":true,"out_stock_date":null,"out_stock_threshold":null,"inheritable":false,"inbound_stock":0,"stock_on_hold":0,"sold_today":0,"sales_last_days":0,"reserved_stock":0,"customer_returns":0,"warehouse_damage":0,"lost_in_post":0,"other_logs":0,"out_stock_days":0,"lost_sales":0,"has_location":false,"update_date":"2026-04-03T08:06:11","atum_locations":[],"atum_stock_status":"instock","restock_status":false,"low_stock_amount":"","sales_update_date":"2026-04-03T08:06:11","calc_backorders":null,"acf":[],"yoast_head":"<!-- This site is optimized with the Yoast SEO Premium plugin v24.7 (Yoast SEO v24.7) - https:\/\/yoast.com\/wordpress\/plugins\/seo\/ -->\n<title>Magnetspezialist \u00d6senmagnet mit Gummih\u00fclle 43 mm Neodym N40 Kratzschutz 6er Set - Magnetenspecialist.nl<\/title>\n<meta name=\"description\" content=\"Suchen Sie einen Magnetspezialist \u00d6senmagnet mit Gummih\u00fclle 43 mm Neodym N40 Kratzschutz 6er Set? Magnete k\u00f6nnen bequem online gekauft werden Magnetenspecialist.nl 1 Werktag Lieferzeit \u2713 14 Tage Bedenkzeit \u2713 Versand oder Abholung *.\" \/>\n<meta name=\"robots\" content=\"index, follow, max-snippet:-1, max-image-preview:large, max-video-preview:-1\" \/>\n<link rel=\"canonical\" href=\"https:\/\/www.magnetenspecialist.nl\/de\/speichern\/neodym-magnet-set\/magnetspezialist-oesenmagnet-mit-gummihuelle-43-mm-neodym-n40-kratzschutz-6er-set\/\" \/>\n<meta property=\"og:locale\" content=\"de_DE\" \/>\n<meta property=\"og:type\" content=\"article\" \/>\n<meta property=\"og:title\" content=\"Magnetspezialist \u00d6senmagnet mit Gummih\u00fclle 43 mm Neodym N40 Kratzschutz 6er Set\" \/>\n<meta property=\"og:description\" content=\"Suchen Sie einen Magnetspezialist \u00d6senmagnet mit Gummih\u00fclle 43 mm Neodym N40 Kratzschutz 6er Set? Magnete k\u00f6nnen bequem online gekauft werden Magnetenspecialist.nl 1 Werktag Lieferzeit \u2713 14 Tage Bedenkzeit \u2713 Versand oder Abholung *.\" \/>\n<meta property=\"og:url\" content=\"https:\/\/www.magnetenspecialist.nl\/de\/speichern\/neodym-magnet-set\/magnetspezialist-oesenmagnet-mit-gummihuelle-43-mm-neodym-n40-kratzschutz-6er-set\/\" \/>\n<meta property=\"og:site_name\" content=\"Magnetenspecialist.nl\" \/>\n<meta property=\"article:publisher\" content=\"https:\/\/www.facebook.com\/Magnetenspecialist.nl\" \/>\n<meta property=\"og:image\" content=\"https:\/\/www.magnetenspecialist.nl\/wp-content\/uploads\/2020\/02\/Magnetenspecialist.nl_Oogbout-magneet-met-rubberen-ommanteling-43mm_1.jpg\" \/>\n\t<meta property=\"og:image:width\" content=\"1500\" \/>\n\t<meta property=\"og:image:height\" content=\"1500\" \/>\n\t<meta property=\"og:image:type\" content=\"image\/jpeg\" \/>\n<meta name=\"twitter:card\" content=\"summary_large_image\" \/>\n<meta name=\"twitter:site\" content=\"@magnetenspecial\" \/>\n<meta name=\"twitter:label1\" content=\"Preis\" \/>\n\t<meta name=\"twitter:data1\" content=\"\" \/>\n\t<meta name=\"twitter:label2\" content=\"Verf\u00fcgbarkeit\" \/>\n\t<meta name=\"twitter:data2\" content=\"Auf Lager\" \/>\n<script type=\"application\/ld+json\" class=\"yoast-schema-graph\">{\"@context\":\"https:\/\/schema.org\",\"@graph\":[{\"@type\":\"WebPage\",\"@id\":\"https:\/\/www.magnetenspecialist.nl\/de\/speichern\/neodym-magnet-set\/magnetspezialist-oesenmagnet-mit-gummihuelle-43-mm-neodym-n40-kratzschutz-6er-set\/\",\"url\":\"https:\/\/www.magnetenspecialist.nl\/de\/speichern\/neodym-magnet-set\/magnetspezialist-oesenmagnet-mit-gummihuelle-43-mm-neodym-n40-kratzschutz-6er-set\/\",\"name\":\"Magnetspezialist \u00d6senmagnet mit Gummih\u00fclle 43 mm Neodym N40 Kratzschutz 6er Set - Magnetenspecialist.nl\",\"isPartOf\":{\"@id\":\"https:\/\/www.magnetenspecialist.nl\/de\/#website\"},\"primaryImageOfPage\":{\"@id\":\"https:\/\/www.magnetenspecialist.nl\/de\/speichern\/neodym-magnet-set\/magnetspezialist-oesenmagnet-mit-gummihuelle-43-mm-neodym-n40-kratzschutz-6er-set\/#primaryimage\"},\"image\":{\"@id\":\"https:\/\/www.magnetenspecialist.nl\/de\/speichern\/neodym-magnet-set\/magnetspezialist-oesenmagnet-mit-gummihuelle-43-mm-neodym-n40-kratzschutz-6er-set\/#primaryimage\"},\"thumbnailUrl\":\"https:\/\/www.magnetenspecialist.nl\/wp-content\/uploads\/2020\/02\/Magnetenspecialist.nl_Oogbout-magneet-met-rubberen-ommanteling-43mm_1.jpg\",\"datePublished\":\"2025-05-20T11:48:14+00:00\",\"description\":\"Suchen Sie einen Magnetspezialist \u00d6senmagnet mit Gummih\u00fclle 43 mm Neodym N40 Kratzschutz 6er Set? Magnete k\u00f6nnen bequem online gekauft werden Magnetenspecialist.nl 1 Werktag Lieferzeit \u2713 14 Tage Bedenkzeit \u2713 Versand oder Abholung *.\",\"breadcrumb\":{\"@id\":\"https:\/\/www.magnetenspecialist.nl\/de\/speichern\/neodym-magnet-set\/magnetspezialist-oesenmagnet-mit-gummihuelle-43-mm-neodym-n40-kratzschutz-6er-set\/#breadcrumb\"},\"inLanguage\":\"de\",\"potentialAction\":[{\"@type\":\"ReadAction\",\"target\":[\"https:\/\/www.magnetenspecialist.nl\/de\/speichern\/neodym-magnet-set\/magnetspezialist-oesenmagnet-mit-gummihuelle-43-mm-neodym-n40-kratzschutz-6er-set\/\"]}]},{\"@type\":\"ImageObject\",\"inLanguage\":\"de\",\"@id\":\"https:\/\/www.magnetenspecialist.nl\/de\/speichern\/neodym-magnet-set\/magnetspezialist-oesenmagnet-mit-gummihuelle-43-mm-neodym-n40-kratzschutz-6er-set\/#primaryimage\",\"url\":\"https:\/\/www.magnetenspecialist.nl\/wp-content\/uploads\/2020\/02\/Magnetenspecialist.nl_Oogbout-magneet-met-rubberen-ommanteling-43mm_1.jpg\",\"contentUrl\":\"https:\/\/www.magnetenspecialist.nl\/wp-content\/uploads\/2020\/02\/Magnetenspecialist.nl_Oogbout-magneet-met-rubberen-ommanteling-43mm_1.jpg\",\"width\":1500,\"height\":1500,\"caption\":\"Oogboutmagneet met rubber \u00d843 mm \u2013 extra grip en krasbestendig\"},{\"@type\":\"BreadcrumbList\",\"@id\":\"https:\/\/www.magnetenspecialist.nl\/de\/speichern\/neodym-magnet-set\/magnetspezialist-oesenmagnet-mit-gummihuelle-43-mm-neodym-n40-kratzschutz-6er-set\/#breadcrumb\",\"itemListElement\":[{\"@type\":\"ListItem\",\"position\":1,\"name\":\"Startseite\",\"item\":\"https:\/\/www.magnetenspecialist.nl\/de\/\"},{\"@type\":\"ListItem\",\"position\":2,\"name\":\"Shop\",\"item\":\"https:\/\/www.magnetenspecialist.nl\/de\/shop\/\"},{\"@type\":\"ListItem\",\"position\":3,\"name\":\"Priv\u00e9: Magnetspezialist \u00d6senmagnet mit Gummih\u00fclle 43 mm Neodym N40 Kratzschutz 6er Set\"}]},{\"@type\":\"WebSite\",\"@id\":\"https:\/\/www.magnetenspecialist.nl\/de\/#website\",\"url\":\"https:\/\/www.magnetenspecialist.nl\/de\/\",\"name\":\"Magnetenspecialist.nl\",\"description\":\"Umfangreiches Angebot an Neodym-Magneten\",\"publisher\":{\"@id\":\"https:\/\/www.magnetenspecialist.nl\/de\/#organization\"},\"potentialAction\":[{\"@type\":\"SearchAction\",\"target\":{\"@type\":\"EntryPoint\",\"urlTemplate\":\"https:\/\/www.magnetenspecialist.nl\/de\/?s={search_term_string}\"},\"query-input\":{\"@type\":\"PropertyValueSpecification\",\"valueRequired\":true,\"valueName\":\"search_term_string\"}}],\"inLanguage\":\"de\"},{\"@type\":\"Organization\",\"@id\":\"https:\/\/www.magnetenspecialist.nl\/de\/#organization\",\"name\":\"Magnetenspecialist.nl\",\"url\":\"https:\/\/www.magnetenspecialist.nl\/de\/\",\"logo\":{\"@type\":\"ImageObject\",\"inLanguage\":\"de\",\"@id\":\"https:\/\/www.magnetenspecialist.nl\/de\/#\/schema\/logo\/image\/\",\"url\":\"https:\/\/www.magnetenspecialist.nl\/wp-content\/uploads\/2018\/10\/magneten-logo.jpg\",\"contentUrl\":\"https:\/\/www.magnetenspecialist.nl\/wp-content\/uploads\/2018\/10\/magneten-logo.jpg\",\"width\":151,\"height\":151,\"caption\":\"Magnetenspecialist.nl\"},\"image\":{\"@id\":\"https:\/\/www.magnetenspecialist.nl\/de\/#\/schema\/logo\/image\/\"},\"sameAs\":[\"https:\/\/www.facebook.com\/Magnetenspecialist.nl\",\"https:\/\/x.com\/magnetenspecial\"]}]}<\/script>\n<meta property=\"product:price:currency\" content=\"EUR\" \/>\n<meta property=\"og:availability\" content=\"instock\" \/>\n<meta property=\"product:availability\" content=\"instock\" \/>\n<meta property=\"product:retailer_item_id\" content=\"og043x000x0000-N-6\" \/>\n<meta property=\"product:condition\" content=\"new\" \/>\n<!-- \/ Yoast SEO Premium plugin. -->","yoast_head_json":{"title":"Magnetspezialist \u00d6senmagnet mit Gummih\u00fclle 43 mm Neodym N40 Kratzschutz 6er Set - Magnetenspecialist.nl","description":"Suchen Sie einen Magnetspezialist \u00d6senmagnet mit Gummih\u00fclle 43 mm Neodym N40 Kratzschutz 6er Set? Magnete k\u00f6nnen bequem online gekauft werden Magnetenspecialist.nl 1 Werktag Lieferzeit \u2713 14 Tage Bedenkzeit \u2713 Versand oder Abholung *.","robots":{"index":"index","follow":"follow","max-snippet":"max-snippet:-1","max-image-preview":"max-image-preview:large","max-video-preview":"max-video-preview:-1"},"canonical":"https:\/\/www.magnetenspecialist.nl\/de\/speichern\/neodym-magnet-set\/magnetspezialist-oesenmagnet-mit-gummihuelle-43-mm-neodym-n40-kratzschutz-6er-set\/","og_locale":"de_DE","og_type":"article","og_title":"Magnetspezialist \u00d6senmagnet mit Gummih\u00fclle 43 mm Neodym N40 Kratzschutz 6er Set","og_description":"Suchen Sie einen Magnetspezialist \u00d6senmagnet mit Gummih\u00fclle 43 mm Neodym N40 Kratzschutz 6er Set? Magnete k\u00f6nnen bequem online gekauft werden Magnetenspecialist.nl 1 Werktag Lieferzeit \u2713 14 Tage Bedenkzeit \u2713 Versand oder Abholung *.","og_url":"https:\/\/www.magnetenspecialist.nl\/de\/speichern\/neodym-magnet-set\/magnetspezialist-oesenmagnet-mit-gummihuelle-43-mm-neodym-n40-kratzschutz-6er-set\/","og_site_name":"Magnetenspecialist.nl","article_publisher":"https:\/\/www.facebook.com\/Magnetenspecialist.nl","og_image":[{"width":1500,"height":1500,"url":"https:\/\/www.magnetenspecialist.nl\/wp-content\/uploads\/2020\/02\/Magnetenspecialist.nl_Oogbout-magneet-met-rubberen-ommanteling-43mm_1.jpg","type":"image\/jpeg"}],"twitter_card":"summary_large_image","twitter_site":"@magnetenspecial","twitter_misc":{"Preis":"","Verf\u00fcgbarkeit":"Auf Lager"},"schema":{"@context":"https:\/\/schema.org","@graph":[{"@type":"WebPage","@id":"https:\/\/www.magnetenspecialist.nl\/de\/speichern\/neodym-magnet-set\/magnetspezialist-oesenmagnet-mit-gummihuelle-43-mm-neodym-n40-kratzschutz-6er-set\/","url":"https:\/\/www.magnetenspecialist.nl\/de\/speichern\/neodym-magnet-set\/magnetspezialist-oesenmagnet-mit-gummihuelle-43-mm-neodym-n40-kratzschutz-6er-set\/","name":"Magnetspezialist \u00d6senmagnet mit Gummih\u00fclle 43 mm Neodym N40 Kratzschutz 6er Set - Magnetenspecialist.nl","isPartOf":{"@id":"https:\/\/www.magnetenspecialist.nl\/de\/#website"},"primaryImageOfPage":{"@id":"https:\/\/www.magnetenspecialist.nl\/de\/speichern\/neodym-magnet-set\/magnetspezialist-oesenmagnet-mit-gummihuelle-43-mm-neodym-n40-kratzschutz-6er-set\/#primaryimage"},"image":{"@id":"https:\/\/www.magnetenspecialist.nl\/de\/speichern\/neodym-magnet-set\/magnetspezialist-oesenmagnet-mit-gummihuelle-43-mm-neodym-n40-kratzschutz-6er-set\/#primaryimage"},"thumbnailUrl":"https:\/\/www.magnetenspecialist.nl\/wp-content\/uploads\/2020\/02\/Magnetenspecialist.nl_Oogbout-magneet-met-rubberen-ommanteling-43mm_1.jpg","datePublished":"2025-05-20T11:48:14+00:00","description":"Suchen Sie einen Magnetspezialist \u00d6senmagnet mit Gummih\u00fclle 43 mm Neodym N40 Kratzschutz 6er Set? Magnete k\u00f6nnen bequem online gekauft werden Magnetenspecialist.nl 1 Werktag Lieferzeit \u2713 14 Tage Bedenkzeit \u2713 Versand oder Abholung *.","breadcrumb":{"@id":"https:\/\/www.magnetenspecialist.nl\/de\/speichern\/neodym-magnet-set\/magnetspezialist-oesenmagnet-mit-gummihuelle-43-mm-neodym-n40-kratzschutz-6er-set\/#breadcrumb"},"inLanguage":"de","potentialAction":[{"@type":"ReadAction","target":["https:\/\/www.magnetenspecialist.nl\/de\/speichern\/neodym-magnet-set\/magnetspezialist-oesenmagnet-mit-gummihuelle-43-mm-neodym-n40-kratzschutz-6er-set\/"]}]},{"@type":"ImageObject","inLanguage":"de","@id":"https:\/\/www.magnetenspecialist.nl\/de\/speichern\/neodym-magnet-set\/magnetspezialist-oesenmagnet-mit-gummihuelle-43-mm-neodym-n40-kratzschutz-6er-set\/#primaryimage","url":"https:\/\/www.magnetenspecialist.nl\/wp-content\/uploads\/2020\/02\/Magnetenspecialist.nl_Oogbout-magneet-met-rubberen-ommanteling-43mm_1.jpg","contentUrl":"https:\/\/www.magnetenspecialist.nl\/wp-content\/uploads\/2020\/02\/Magnetenspecialist.nl_Oogbout-magneet-met-rubberen-ommanteling-43mm_1.jpg","width":1500,"height":1500,"caption":"Oogboutmagneet met rubber \u00d843 mm \u2013 extra grip en krasbestendig"},{"@type":"BreadcrumbList","@id":"https:\/\/www.magnetenspecialist.nl\/de\/speichern\/neodym-magnet-set\/magnetspezialist-oesenmagnet-mit-gummihuelle-43-mm-neodym-n40-kratzschutz-6er-set\/#breadcrumb","itemListElement":[{"@type":"ListItem","position":1,"name":"Startseite","item":"https:\/\/www.magnetenspecialist.nl\/de\/"},{"@type":"ListItem","position":2,"name":"Shop","item":"https:\/\/www.magnetenspecialist.nl\/de\/shop\/"},{"@type":"ListItem","position":3,"name":"Priv\u00e9: Magnetspezialist \u00d6senmagnet mit Gummih\u00fclle 43 mm Neodym N40 Kratzschutz 6er Set"}]},{"@type":"WebSite","@id":"https:\/\/www.magnetenspecialist.nl\/de\/#website","url":"https:\/\/www.magnetenspecialist.nl\/de\/","name":"Magnetenspecialist.nl","description":"Umfangreiches Angebot an Neodym-Magneten","publisher":{"@id":"https:\/\/www.magnetenspecialist.nl\/de\/#organization"},"potentialAction":[{"@type":"SearchAction","target":{"@type":"EntryPoint","urlTemplate":"https:\/\/www.magnetenspecialist.nl\/de\/?s={search_term_string}"},"query-input":{"@type":"PropertyValueSpecification","valueRequired":true,"valueName":"search_term_string"}}],"inLanguage":"de"},{"@type":"Organization","@id":"https:\/\/www.magnetenspecialist.nl\/de\/#organization","name":"Magnetenspecialist.nl","url":"https:\/\/www.magnetenspecialist.nl\/de\/","logo":{"@type":"ImageObject","inLanguage":"de","@id":"https:\/\/www.magnetenspecialist.nl\/de\/#\/schema\/logo\/image\/","url":"https:\/\/www.magnetenspecialist.nl\/wp-content\/uploads\/2018\/10\/magneten-logo.jpg","contentUrl":"https:\/\/www.magnetenspecialist.nl\/wp-content\/uploads\/2018\/10\/magneten-logo.jpg","width":151,"height":151,"caption":"Magnetenspecialist.nl"},"image":{"@id":"https:\/\/www.magnetenspecialist.nl\/de\/#\/schema\/logo\/image\/"},"sameAs":["https:\/\/www.facebook.com\/Magnetenspecialist.nl","https:\/\/x.com\/magnetenspecial"]}]},"product_price_currency":"EUR","og_availability":"instock","product_availability":"instock","product_retailer_item_id":"og043x000x0000-N-6","product_condition":"new"},"_links":{"self":[{"href":"https:\/\/www.magnetenspecialist.nl\/de\/wp-json\/wp\/v2\/product\/138807","targetHints":{"allow":["GET"]}}],"collection":[{"href":"https:\/\/www.magnetenspecialist.nl\/de\/wp-json\/wp\/v2\/product"}],"about":[{"href":"https:\/\/www.magnetenspecialist.nl\/de\/wp-json\/wp\/v2\/types\/product"}],"wp:featuredmedia":[{"embeddable":true,"href":"https:\/\/www.magnetenspecialist.nl\/de\/wp-json\/wp\/v2\/media\/113017"}],"wp:attachment":[{"href":"https:\/\/www.magnetenspecialist.nl\/de\/wp-json\/wp\/v2\/media?parent=138807"}],"wp:term":[{"taxonomy":"product_brand","embeddable":true,"href":"https:\/\/www.magnetenspecialist.nl\/de\/wp-json\/wp\/v2\/product_brand?post=138807"},{"taxonomy":"product_cat","embeddable":true,"href":"https:\/\/www.magnetenspecialist.nl\/de\/wp-json\/wp\/v2\/product_cat?post=138807"},{"taxonomy":"product_tag","embeddable":true,"href":"https:\/\/www.magnetenspecialist.nl\/de\/wp-json\/wp\/v2\/product_tag?post=138807"}],"curies":[{"name":"wp","href":"https:\/\/api.w.org\/{rel}","templated":true}]}}