{"id":138903,"date":"2025-05-22T16:54:37","date_gmt":"2025-05-22T14:54:37","guid":{"rendered":"https:\/\/www.magnetenspecialist.nl\/?post_type=product&p=138903"},"modified":"2025-05-22T16:54:37","modified_gmt":"2025-05-22T14:54:37","slug":"magnet-specialist-neodym-blockmagnet-19-x-19-x-64-mm-mit-kunststoffbeschichtung-und-senkung-2er-set","status":"publish","type":"product","link":"https:\/\/www.magnetenspecialist.nl\/de\/speichern\/neodym-magnet-set\/magnet-specialist-neodym-blockmagnet-19-x-19-x-64-mm-mit-kunststoffbeschichtung-und-senkung-2er-set\/","title":{"rendered":"Magnet Specialist Neodym-Blockmagnet 19 \u00d7 19 \u00d7 6,4 mm mit Kunststoffbeschichtung und Senkung &#8211; 2er Set"},"content":{"rendered":"<h3 data-start=\"227\" data-end=\"321\"><strong data-start=\"231\" data-end=\"321\">Neodym-Blockmagnet 19 \u00d7 19 \u00d7 6,4 mm mit Kunststoffbeschichtung und Senkung &#8211; 2er-Set<\/strong><\/h3>\n<p data-start=\"323\" data-end=\"743\">Diese starken <strong data-start=\"338\" data-end=\"364\">Neodym-Blockmagnete<\/strong> (19 \u00d7 19 \u00d7 6,4 mm) sind speziell f\u00fcr maximalen Halt und dauerhafte Befestigung konzipiert. Dank der <strong data-start=\"463\" data-end=\"492\">robusten Kunststoffbeschichtung<\/strong> sind die Magnete nicht nur besser gegen Korrosion und Kratzer gesch\u00fctzt, sondern auch schonender f\u00fcr die Oberfl\u00e4che, auf der sie verwendet werden. Die <strong data-start=\"637\" data-end=\"653\">Senkbohrungen<\/strong> machen es einfach, die Magnete fest auf Holz, Metall oder Kunststoff zu schrauben.  <\/p>\n<h4 data-start=\"745\" data-end=\"775\"><strong data-start=\"750\" data-end=\"775\">Die Vorteile auf einen Blick:<\/strong><\/h4>\n<ul data-start=\"776\" data-end=\"1262\">\n<li data-start=\"776\" data-end=\"887\">\n<p data-start=\"778\" data-end=\"887\"><strong data-start=\"778\" data-end=\"799\">Extrem leistungsstark:<\/strong> Hergestellt aus hochwertigem Neodym (NdFeB), dem st\u00e4rksten Permanentmagneten auf dem Markt.<\/p>\n<\/li>\n<li data-start=\"888\" data-end=\"1022\">\n<p data-start=\"890\" data-end=\"1022\"><strong data-start=\"890\" data-end=\"915\">Schutzbeschichtung:<\/strong> Die Kunststoffummantelung verhindert Sch\u00e4den an den Kontaktfl\u00e4chen und verl\u00e4ngert die Lebensdauer des Magneten.<\/p>\n<\/li>\n<li data-start=\"1023\" data-end=\"1126\">\n<p data-start=\"1025\" data-end=\"1126\"><strong data-start=\"1025\" data-end=\"1048\">Einfache Montage:<\/strong> Ausgestattet mit einem Senker f\u00fcr die Schraubmontage &#8211; ideal f\u00fcr feste Installationen.<\/p>\n<\/li>\n<li data-start=\"1127\" data-end=\"1262\">\n<p data-start=\"1129\" data-end=\"1262\"><strong data-start=\"1129\" data-end=\"1154\">Vielseitig einsetzbar:<\/strong> Perfekt f\u00fcr den Einsatz in Werkst\u00e4tten, K\u00fcchen, M\u00f6beln, industriellen Anwendungen und Heimwerkerprojekten.<\/p>\n<\/li>\n<\/ul>\n<h4 data-start=\"1264\" data-end=\"1287\"><strong data-start=\"1269\" data-end=\"1287\">Spezifikationen:<\/strong><\/h4>\n<ul data-start=\"1288\" data-end=\"1466\">\n<li data-start=\"1288\" data-end=\"1324\">\n<p data-start=\"1290\" data-end=\"1324\"><strong data-start=\"1290\" data-end=\"1305\">Abmessungen:<\/strong> 19 \u00d7 19 \u00d7 6,4 mm<\/p>\n<\/li>\n<li data-start=\"1325\" data-end=\"1380\">\n<p data-start=\"1327\" data-end=\"1380\"><strong data-start=\"1327\" data-end=\"1341\">Material:<\/strong> Neodym (NdFeB), Kunststoffbeschichtung<\/p>\n<\/li>\n<li data-start=\"1381\" data-end=\"1432\">\n<p data-start=\"1383\" data-end=\"1432\"><strong data-start=\"1383\" data-end=\"1395\">Montage:<\/strong> Senkung f\u00fcr Schraubbefestigung<\/p>\n<\/li>\n<li data-start=\"1433\" data-end=\"1466\">\n<p data-start=\"1435\" data-end=\"1466\"><strong data-start=\"1435\" data-end=\"1448\">Lieferung:<\/strong> Set mit 2 St\u00fcck<\/p>\n<\/li>\n<\/ul>\n<p data-start=\"1468\" data-end=\"1587\"><strong data-start=\"1468\" data-end=\"1479\">Hinweis:<\/strong> Neodym-Magnete sind sehr stark &#8211; seien Sie vorsichtig im Umgang mit ihnen, um Quetschungen oder Besch\u00e4digungen zu vermeiden.<\/p>\n","protected":false},"excerpt":{"rendered":"<p>Neodym-Blockmagnet 19 \u00d7 19 \u00d7 6,4 mm mit Kunststoffbeschichtung und Senkung &#8211; 2er-Set Diese starken Neodym-Blockmagnete (19 \u00d7 19 \u00d7 6,4 mm) sind speziell f\u00fcr maximalen Halt und dauerhafte Befestigung konzipiert. Dank der robusten Kunststoffbeschichtung sind die Magnete nicht nur besser gegen Korrosion und Kratzer gesch\u00fctzt, sondern auch schonender f\u00fcr die Oberfl\u00e4che, auf der sie [&hellip;]<\/p>\n","protected":false},"featured_media":133573,"template":"","meta":{"_acf_changed":false},"product_brand":[3521],"product_cat":[3532],"product_tag":[],"class_list":{"0":"post-138903","1":"product","2":"type-product","3":"status-publish","4":"has-post-thumbnail","6":"product_brand-magnetenspecialist","7":"product_cat-neodym-magnet-set","9":"first","10":"instock","11":"taxable","12":"shipping-taxable","13":"product-type-simple"},"supplier_id":null,"supplier_sku":"","barcode":null,"atum_controlled":true,"out_stock_date":null,"out_stock_threshold":null,"inheritable":false,"inbound_stock":0,"stock_on_hold":0,"sold_today":0,"sales_last_days":0,"reserved_stock":0,"customer_returns":0,"warehouse_damage":0,"lost_in_post":0,"other_logs":0,"out_stock_days":0,"lost_sales":0,"has_location":false,"update_date":"2026-04-03T08:06:11","atum_locations":[],"atum_stock_status":"instock","restock_status":false,"low_stock_amount":"","sales_update_date":"2026-04-03T08:06:11","calc_backorders":null,"acf":[],"yoast_head":"<!-- This site is optimized with the Yoast SEO Premium plugin v24.7 (Yoast SEO v24.7) - https:\/\/yoast.com\/wordpress\/plugins\/seo\/ -->\n<title>Magnet Specialist Neodym-Blockmagnet 19 \u00d7 19 \u00d7 6,4 mm mit Kunststoffbeschichtung und Senkung - 2er Set - Magnetenspecialist.nl<\/title>\n<meta name=\"description\" content=\"Suchen Sie einen Magnet Specialist Neodym-Blockmagnet 19 \u00d7 19 \u00d7 6,4 mm mit Kunststoffbeschichtung und Senkung - 2er Set? Magnete k\u00f6nnen bequem online gekauft werden Magnetenspecialist.nl 1 Werktag Lieferzeit \u2713 14 Tage Bedenkzeit \u2713 Versand oder Abholung *.\" \/>\n<meta name=\"robots\" content=\"index, follow, max-snippet:-1, max-image-preview:large, max-video-preview:-1\" \/>\n<link rel=\"canonical\" href=\"https:\/\/www.magnetenspecialist.nl\/de\/speichern\/neodym-magnet-set\/magnet-specialist-neodym-blockmagnet-19-x-19-x-64-mm-mit-kunststoffbeschichtung-und-senkung-2er-set\/\" \/>\n<meta property=\"og:locale\" content=\"de_DE\" \/>\n<meta property=\"og:type\" content=\"article\" \/>\n<meta property=\"og:title\" content=\"Magnet Specialist Neodym-Blockmagnet 19 \u00d7 19 \u00d7 6,4 mm mit Kunststoffbeschichtung und Senkung - 2er Set\" \/>\n<meta property=\"og:description\" content=\"Suchen Sie einen Magnet Specialist Neodym-Blockmagnet 19 \u00d7 19 \u00d7 6,4 mm mit Kunststoffbeschichtung und Senkung - 2er Set? Magnete k\u00f6nnen bequem online gekauft werden Magnetenspecialist.nl 1 Werktag Lieferzeit \u2713 14 Tage Bedenkzeit \u2713 Versand oder Abholung *.\" \/>\n<meta property=\"og:url\" content=\"https:\/\/www.magnetenspecialist.nl\/de\/speichern\/neodym-magnet-set\/magnet-specialist-neodym-blockmagnet-19-x-19-x-64-mm-mit-kunststoffbeschichtung-und-senkung-2er-set\/\" \/>\n<meta property=\"og:site_name\" content=\"Magnetenspecialist.nl\" \/>\n<meta property=\"article:publisher\" content=\"https:\/\/www.facebook.com\/Magnetenspecialist.nl\" \/>\n<meta property=\"og:image\" content=\"https:\/\/www.magnetenspecialist.nl\/wp-content\/uploads\/2024\/10\/Ontwerp-zonder-titel-28.png\" \/>\n\t<meta property=\"og:image:width\" content=\"1080\" \/>\n\t<meta property=\"og:image:height\" content=\"1080\" \/>\n\t<meta property=\"og:image:type\" content=\"image\/png\" \/>\n<meta name=\"twitter:card\" content=\"summary_large_image\" \/>\n<meta name=\"twitter:site\" content=\"@magnetenspecial\" \/>\n<meta name=\"twitter:label1\" content=\"Preis\" \/>\n\t<meta name=\"twitter:data1\" content=\"\" \/>\n\t<meta name=\"twitter:label2\" content=\"Verf\u00fcgbarkeit\" \/>\n\t<meta name=\"twitter:data2\" content=\"Auf Lager\" \/>\n<script type=\"application\/ld+json\" class=\"yoast-schema-graph\">{\"@context\":\"https:\/\/schema.org\",\"@graph\":[{\"@type\":\"WebPage\",\"@id\":\"https:\/\/www.magnetenspecialist.nl\/de\/speichern\/neodym-magnet-set\/magnet-specialist-neodym-blockmagnet-19-x-19-x-64-mm-mit-kunststoffbeschichtung-und-senkung-2er-set\/\",\"url\":\"https:\/\/www.magnetenspecialist.nl\/de\/speichern\/neodym-magnet-set\/magnet-specialist-neodym-blockmagnet-19-x-19-x-64-mm-mit-kunststoffbeschichtung-und-senkung-2er-set\/\",\"name\":\"Magnet Specialist Neodym-Blockmagnet 19 \u00d7 19 \u00d7 6,4 mm mit Kunststoffbeschichtung und Senkung - 2er Set - Magnetenspecialist.nl\",\"isPartOf\":{\"@id\":\"https:\/\/www.magnetenspecialist.nl\/de\/#website\"},\"primaryImageOfPage\":{\"@id\":\"https:\/\/www.magnetenspecialist.nl\/de\/speichern\/neodym-magnet-set\/magnet-specialist-neodym-blockmagnet-19-x-19-x-64-mm-mit-kunststoffbeschichtung-und-senkung-2er-set\/#primaryimage\"},\"image\":{\"@id\":\"https:\/\/www.magnetenspecialist.nl\/de\/speichern\/neodym-magnet-set\/magnet-specialist-neodym-blockmagnet-19-x-19-x-64-mm-mit-kunststoffbeschichtung-und-senkung-2er-set\/#primaryimage\"},\"thumbnailUrl\":\"https:\/\/www.magnetenspecialist.nl\/wp-content\/uploads\/2024\/10\/Ontwerp-zonder-titel-28.png\",\"datePublished\":\"2025-05-22T14:54:37+00:00\",\"description\":\"Suchen Sie einen Magnet Specialist Neodym-Blockmagnet 19 \u00d7 19 \u00d7 6,4 mm mit Kunststoffbeschichtung und Senkung - 2er Set? Magnete k\u00f6nnen bequem online gekauft werden Magnetenspecialist.nl 1 Werktag Lieferzeit \u2713 14 Tage Bedenkzeit \u2713 Versand oder Abholung *.\",\"breadcrumb\":{\"@id\":\"https:\/\/www.magnetenspecialist.nl\/de\/speichern\/neodym-magnet-set\/magnet-specialist-neodym-blockmagnet-19-x-19-x-64-mm-mit-kunststoffbeschichtung-und-senkung-2er-set\/#breadcrumb\"},\"inLanguage\":\"de\",\"potentialAction\":[{\"@type\":\"ReadAction\",\"target\":[\"https:\/\/www.magnetenspecialist.nl\/de\/speichern\/neodym-magnet-set\/magnet-specialist-neodym-blockmagnet-19-x-19-x-64-mm-mit-kunststoffbeschichtung-und-senkung-2er-set\/\"]}]},{\"@type\":\"ImageObject\",\"inLanguage\":\"de\",\"@id\":\"https:\/\/www.magnetenspecialist.nl\/de\/speichern\/neodym-magnet-set\/magnet-specialist-neodym-blockmagnet-19-x-19-x-64-mm-mit-kunststoffbeschichtung-und-senkung-2er-set\/#primaryimage\",\"url\":\"https:\/\/www.magnetenspecialist.nl\/wp-content\/uploads\/2024\/10\/Ontwerp-zonder-titel-28.png\",\"contentUrl\":\"https:\/\/www.magnetenspecialist.nl\/wp-content\/uploads\/2024\/10\/Ontwerp-zonder-titel-28.png\",\"width\":1080,\"height\":1080,\"caption\":\"Vooraanzicht van de neodymium blokmagneet (19 x 19 x 6,4 mm), beschermd met een robuuste polypropyleen kunststof ommanteling en voorzien van een verzonken gat voor eenvoudige montage.\"},{\"@type\":\"BreadcrumbList\",\"@id\":\"https:\/\/www.magnetenspecialist.nl\/de\/speichern\/neodym-magnet-set\/magnet-specialist-neodym-blockmagnet-19-x-19-x-64-mm-mit-kunststoffbeschichtung-und-senkung-2er-set\/#breadcrumb\",\"itemListElement\":[{\"@type\":\"ListItem\",\"position\":1,\"name\":\"Startseite\",\"item\":\"https:\/\/www.magnetenspecialist.nl\/de\/\"},{\"@type\":\"ListItem\",\"position\":2,\"name\":\"Shop\",\"item\":\"https:\/\/www.magnetenspecialist.nl\/de\/shop\/\"},{\"@type\":\"ListItem\",\"position\":3,\"name\":\"Priv\u00e9: Magnet Specialist Neodym-Blockmagnet 19 \u00d7 19 \u00d7 6,4 mm mit Kunststoffbeschichtung und Senkung &#8211; 2er Set\"}]},{\"@type\":\"WebSite\",\"@id\":\"https:\/\/www.magnetenspecialist.nl\/de\/#website\",\"url\":\"https:\/\/www.magnetenspecialist.nl\/de\/\",\"name\":\"Magnetenspecialist.nl\",\"description\":\"Umfangreiches Angebot an Neodym-Magneten\",\"publisher\":{\"@id\":\"https:\/\/www.magnetenspecialist.nl\/de\/#organization\"},\"potentialAction\":[{\"@type\":\"SearchAction\",\"target\":{\"@type\":\"EntryPoint\",\"urlTemplate\":\"https:\/\/www.magnetenspecialist.nl\/de\/?s={search_term_string}\"},\"query-input\":{\"@type\":\"PropertyValueSpecification\",\"valueRequired\":true,\"valueName\":\"search_term_string\"}}],\"inLanguage\":\"de\"},{\"@type\":\"Organization\",\"@id\":\"https:\/\/www.magnetenspecialist.nl\/de\/#organization\",\"name\":\"Magnetenspecialist.nl\",\"url\":\"https:\/\/www.magnetenspecialist.nl\/de\/\",\"logo\":{\"@type\":\"ImageObject\",\"inLanguage\":\"de\",\"@id\":\"https:\/\/www.magnetenspecialist.nl\/de\/#\/schema\/logo\/image\/\",\"url\":\"https:\/\/www.magnetenspecialist.nl\/wp-content\/uploads\/2018\/10\/magneten-logo.jpg\",\"contentUrl\":\"https:\/\/www.magnetenspecialist.nl\/wp-content\/uploads\/2018\/10\/magneten-logo.jpg\",\"width\":151,\"height\":151,\"caption\":\"Magnetenspecialist.nl\"},\"image\":{\"@id\":\"https:\/\/www.magnetenspecialist.nl\/de\/#\/schema\/logo\/image\/\"},\"sameAs\":[\"https:\/\/www.facebook.com\/Magnetenspecialist.nl\",\"https:\/\/x.com\/magnetenspecial\"]}]}<\/script>\n<meta property=\"product:price:currency\" content=\"EUR\" \/>\n<meta property=\"og:availability\" content=\"instock\" \/>\n<meta property=\"product:availability\" content=\"instock\" \/>\n<meta property=\"product:retailer_item_id\" content=\"BLK19x19x6-N\" \/>\n<meta property=\"product:condition\" content=\"new\" \/>\n<!-- \/ Yoast SEO Premium plugin. -->","yoast_head_json":{"title":"Magnet Specialist Neodym-Blockmagnet 19 \u00d7 19 \u00d7 6,4 mm mit Kunststoffbeschichtung und Senkung - 2er Set - Magnetenspecialist.nl","description":"Suchen Sie einen Magnet Specialist Neodym-Blockmagnet 19 \u00d7 19 \u00d7 6,4 mm mit Kunststoffbeschichtung und Senkung - 2er Set? Magnete k\u00f6nnen bequem online gekauft werden Magnetenspecialist.nl 1 Werktag Lieferzeit \u2713 14 Tage Bedenkzeit \u2713 Versand oder Abholung *.","robots":{"index":"index","follow":"follow","max-snippet":"max-snippet:-1","max-image-preview":"max-image-preview:large","max-video-preview":"max-video-preview:-1"},"canonical":"https:\/\/www.magnetenspecialist.nl\/de\/speichern\/neodym-magnet-set\/magnet-specialist-neodym-blockmagnet-19-x-19-x-64-mm-mit-kunststoffbeschichtung-und-senkung-2er-set\/","og_locale":"de_DE","og_type":"article","og_title":"Magnet Specialist Neodym-Blockmagnet 19 \u00d7 19 \u00d7 6,4 mm mit Kunststoffbeschichtung und Senkung - 2er Set","og_description":"Suchen Sie einen Magnet Specialist Neodym-Blockmagnet 19 \u00d7 19 \u00d7 6,4 mm mit Kunststoffbeschichtung und Senkung - 2er Set? Magnete k\u00f6nnen bequem online gekauft werden Magnetenspecialist.nl 1 Werktag Lieferzeit \u2713 14 Tage Bedenkzeit \u2713 Versand oder Abholung *.","og_url":"https:\/\/www.magnetenspecialist.nl\/de\/speichern\/neodym-magnet-set\/magnet-specialist-neodym-blockmagnet-19-x-19-x-64-mm-mit-kunststoffbeschichtung-und-senkung-2er-set\/","og_site_name":"Magnetenspecialist.nl","article_publisher":"https:\/\/www.facebook.com\/Magnetenspecialist.nl","og_image":[{"width":1080,"height":1080,"url":"https:\/\/www.magnetenspecialist.nl\/wp-content\/uploads\/2024\/10\/Ontwerp-zonder-titel-28.png","type":"image\/png"}],"twitter_card":"summary_large_image","twitter_site":"@magnetenspecial","twitter_misc":{"Preis":"","Verf\u00fcgbarkeit":"Auf Lager"},"schema":{"@context":"https:\/\/schema.org","@graph":[{"@type":"WebPage","@id":"https:\/\/www.magnetenspecialist.nl\/de\/speichern\/neodym-magnet-set\/magnet-specialist-neodym-blockmagnet-19-x-19-x-64-mm-mit-kunststoffbeschichtung-und-senkung-2er-set\/","url":"https:\/\/www.magnetenspecialist.nl\/de\/speichern\/neodym-magnet-set\/magnet-specialist-neodym-blockmagnet-19-x-19-x-64-mm-mit-kunststoffbeschichtung-und-senkung-2er-set\/","name":"Magnet Specialist Neodym-Blockmagnet 19 \u00d7 19 \u00d7 6,4 mm mit Kunststoffbeschichtung und Senkung - 2er Set - Magnetenspecialist.nl","isPartOf":{"@id":"https:\/\/www.magnetenspecialist.nl\/de\/#website"},"primaryImageOfPage":{"@id":"https:\/\/www.magnetenspecialist.nl\/de\/speichern\/neodym-magnet-set\/magnet-specialist-neodym-blockmagnet-19-x-19-x-64-mm-mit-kunststoffbeschichtung-und-senkung-2er-set\/#primaryimage"},"image":{"@id":"https:\/\/www.magnetenspecialist.nl\/de\/speichern\/neodym-magnet-set\/magnet-specialist-neodym-blockmagnet-19-x-19-x-64-mm-mit-kunststoffbeschichtung-und-senkung-2er-set\/#primaryimage"},"thumbnailUrl":"https:\/\/www.magnetenspecialist.nl\/wp-content\/uploads\/2024\/10\/Ontwerp-zonder-titel-28.png","datePublished":"2025-05-22T14:54:37+00:00","description":"Suchen Sie einen Magnet Specialist Neodym-Blockmagnet 19 \u00d7 19 \u00d7 6,4 mm mit Kunststoffbeschichtung und Senkung - 2er Set? Magnete k\u00f6nnen bequem online gekauft werden Magnetenspecialist.nl 1 Werktag Lieferzeit \u2713 14 Tage Bedenkzeit \u2713 Versand oder Abholung *.","breadcrumb":{"@id":"https:\/\/www.magnetenspecialist.nl\/de\/speichern\/neodym-magnet-set\/magnet-specialist-neodym-blockmagnet-19-x-19-x-64-mm-mit-kunststoffbeschichtung-und-senkung-2er-set\/#breadcrumb"},"inLanguage":"de","potentialAction":[{"@type":"ReadAction","target":["https:\/\/www.magnetenspecialist.nl\/de\/speichern\/neodym-magnet-set\/magnet-specialist-neodym-blockmagnet-19-x-19-x-64-mm-mit-kunststoffbeschichtung-und-senkung-2er-set\/"]}]},{"@type":"ImageObject","inLanguage":"de","@id":"https:\/\/www.magnetenspecialist.nl\/de\/speichern\/neodym-magnet-set\/magnet-specialist-neodym-blockmagnet-19-x-19-x-64-mm-mit-kunststoffbeschichtung-und-senkung-2er-set\/#primaryimage","url":"https:\/\/www.magnetenspecialist.nl\/wp-content\/uploads\/2024\/10\/Ontwerp-zonder-titel-28.png","contentUrl":"https:\/\/www.magnetenspecialist.nl\/wp-content\/uploads\/2024\/10\/Ontwerp-zonder-titel-28.png","width":1080,"height":1080,"caption":"Vooraanzicht van de neodymium blokmagneet (19 x 19 x 6,4 mm), beschermd met een robuuste polypropyleen kunststof ommanteling en voorzien van een verzonken gat voor eenvoudige montage."},{"@type":"BreadcrumbList","@id":"https:\/\/www.magnetenspecialist.nl\/de\/speichern\/neodym-magnet-set\/magnet-specialist-neodym-blockmagnet-19-x-19-x-64-mm-mit-kunststoffbeschichtung-und-senkung-2er-set\/#breadcrumb","itemListElement":[{"@type":"ListItem","position":1,"name":"Startseite","item":"https:\/\/www.magnetenspecialist.nl\/de\/"},{"@type":"ListItem","position":2,"name":"Shop","item":"https:\/\/www.magnetenspecialist.nl\/de\/shop\/"},{"@type":"ListItem","position":3,"name":"Priv\u00e9: Magnet Specialist Neodym-Blockmagnet 19 \u00d7 19 \u00d7 6,4 mm mit Kunststoffbeschichtung und Senkung &#8211; 2er Set"}]},{"@type":"WebSite","@id":"https:\/\/www.magnetenspecialist.nl\/de\/#website","url":"https:\/\/www.magnetenspecialist.nl\/de\/","name":"Magnetenspecialist.nl","description":"Umfangreiches Angebot an Neodym-Magneten","publisher":{"@id":"https:\/\/www.magnetenspecialist.nl\/de\/#organization"},"potentialAction":[{"@type":"SearchAction","target":{"@type":"EntryPoint","urlTemplate":"https:\/\/www.magnetenspecialist.nl\/de\/?s={search_term_string}"},"query-input":{"@type":"PropertyValueSpecification","valueRequired":true,"valueName":"search_term_string"}}],"inLanguage":"de"},{"@type":"Organization","@id":"https:\/\/www.magnetenspecialist.nl\/de\/#organization","name":"Magnetenspecialist.nl","url":"https:\/\/www.magnetenspecialist.nl\/de\/","logo":{"@type":"ImageObject","inLanguage":"de","@id":"https:\/\/www.magnetenspecialist.nl\/de\/#\/schema\/logo\/image\/","url":"https:\/\/www.magnetenspecialist.nl\/wp-content\/uploads\/2018\/10\/magneten-logo.jpg","contentUrl":"https:\/\/www.magnetenspecialist.nl\/wp-content\/uploads\/2018\/10\/magneten-logo.jpg","width":151,"height":151,"caption":"Magnetenspecialist.nl"},"image":{"@id":"https:\/\/www.magnetenspecialist.nl\/de\/#\/schema\/logo\/image\/"},"sameAs":["https:\/\/www.facebook.com\/Magnetenspecialist.nl","https:\/\/x.com\/magnetenspecial"]}]},"product_price_currency":"EUR","og_availability":"instock","product_availability":"instock","product_retailer_item_id":"BLK19x19x6-N","product_condition":"new"},"_links":{"self":[{"href":"https:\/\/www.magnetenspecialist.nl\/de\/wp-json\/wp\/v2\/product\/138903","targetHints":{"allow":["GET"]}}],"collection":[{"href":"https:\/\/www.magnetenspecialist.nl\/de\/wp-json\/wp\/v2\/product"}],"about":[{"href":"https:\/\/www.magnetenspecialist.nl\/de\/wp-json\/wp\/v2\/types\/product"}],"wp:featuredmedia":[{"embeddable":true,"href":"https:\/\/www.magnetenspecialist.nl\/de\/wp-json\/wp\/v2\/media\/133573"}],"wp:attachment":[{"href":"https:\/\/www.magnetenspecialist.nl\/de\/wp-json\/wp\/v2\/media?parent=138903"}],"wp:term":[{"taxonomy":"product_brand","embeddable":true,"href":"https:\/\/www.magnetenspecialist.nl\/de\/wp-json\/wp\/v2\/product_brand?post=138903"},{"taxonomy":"product_cat","embeddable":true,"href":"https:\/\/www.magnetenspecialist.nl\/de\/wp-json\/wp\/v2\/product_cat?post=138903"},{"taxonomy":"product_tag","embeddable":true,"href":"https:\/\/www.magnetenspecialist.nl\/de\/wp-json\/wp\/v2\/product_tag?post=138903"}],"curies":[{"name":"wp","href":"https:\/\/api.w.org\/{rel}","templated":true}]}}