{"id":138933,"date":"2025-05-23T13:02:54","date_gmt":"2025-05-23T11:02:54","guid":{"rendered":"https:\/\/www.magnetenspecialist.nl\/?post_type=product&p=138933"},"modified":"2025-05-23T13:02:54","modified_gmt":"2025-05-23T11:02:54","slug":"magnetspezialist-haftblockmagnet-30-x-10-x-1-mm-neodym-n48-satz-zu-30-stueck","status":"publish","type":"product","link":"https:\/\/www.magnetenspecialist.nl\/de\/speichern\/neodym-magnet-set\/magnetspezialist-haftblockmagnet-30-x-10-x-1-mm-neodym-n48-satz-zu-30-stueck\/","title":{"rendered":"Magnetspezialist Haftblockmagnet 30 \u00d7 10 \u00d7 1 mm Neodym N48 &#8211; Satz zu 30 St\u00fcck"},"content":{"rendered":"<h3 data-start=\"161\" data-end=\"231\"><strong data-start=\"165\" data-end=\"231\">Haftblockmagnet 30\u00d710\u00d71 mm Neodym N48 &#8211; Satz von 30<\/strong><\/h3>\n<p data-start=\"233\" data-end=\"526\">Diese extralangen 30\u00d710\u00d71 mm <strong data-start=\"250\" data-end=\"289\">selbstklebenden Neodym-Blockmagnete<\/strong> bieten maximale Haftung in einem ultrad\u00fcnnen Profil. Dank der starken <strong data-start=\"373\" data-end=\"388\">3M Haftschicht<\/strong> und dem Hochleistungsmaterial N48 sind diese Magnete ideal f\u00fcr flache Montageanwendungen mit hohen Anforderungen an Haftung und Pr\u00e4zision. <\/p>\n<h4 data-start=\"528\" data-end=\"545\">&#x2705; Vorteile:<\/h4>\n<ul data-start=\"546\" data-end=\"921\">\n<li data-start=\"546\" data-end=\"646\">\n<p data-start=\"548\" data-end=\"646\"><strong data-start=\"548\" data-end=\"572\">Langes und d\u00fcnnes Profil:<\/strong> Nur 1 mm dick, aber mit zus\u00e4tzlicher L\u00e4nge f\u00fcr gr\u00f6\u00dfere Kontaktfl\u00e4chen.<\/p>\n<\/li>\n<li data-start=\"647\" data-end=\"740\">\n<p data-start=\"649\" data-end=\"740\"><strong data-start=\"649\" data-end=\"672\">Sofort einsatzbereit:<\/strong> Selbstklebend mit industriellem 3M-Klebeband &#8211; keine Schrauben oder Kleber erforderlich.<\/p>\n<\/li>\n<li data-start=\"741\" data-end=\"857\">\n<p data-start=\"743\" data-end=\"857\"><strong data-start=\"743\" data-end=\"777\">Ideal f\u00fcr enge Verarbeitungen:<\/strong> geeignet f\u00fcr M\u00f6bel, Displays, Verpackungen, Modellbau und Innenausstattungsprojekte.<\/p>\n<\/li>\n<li data-start=\"858\" data-end=\"921\">\n<p data-start=\"860\" data-end=\"921\"><strong data-start=\"860\" data-end=\"881\">Set mit 30 St\u00fcck:<\/strong> F\u00fcr den professionellen und kreativen Einsatz.<\/p>\n<\/li>\n<\/ul>\n<h4 data-start=\"923\" data-end=\"945\">&#x1f4d0; Spezifikationen:<\/h4>\n<ul data-start=\"946\" data-end=\"1155\">\n<li data-start=\"946\" data-end=\"1003\">\n<p data-start=\"948\" data-end=\"1003\"><strong data-start=\"948\" data-end=\"963\">Abmessungen:<\/strong> 30\u00d710\u00d71 mm (L\u00e4nge \u00d7 Breite \u00d7 Dicke)<\/p>\n<\/li>\n<li data-start=\"1004\" data-end=\"1045\">\n<p data-start=\"1006\" data-end=\"1045\"><strong data-start=\"1006\" data-end=\"1020\">Material:<\/strong> Neodym (NdFeB), N48<\/p>\n<\/li>\n<li data-start=\"1046\" data-end=\"1091\">\n<p data-start=\"1048\" data-end=\"1091\"><strong data-start=\"1048\" data-end=\"1064\">Befestigung:<\/strong> Selbstklebend mit 3M 467MP<\/p>\n<\/li>\n<li data-start=\"1092\" data-end=\"1130\">\n<p data-start=\"1094\" data-end=\"1130\"><strong data-start=\"1094\" data-end=\"1106\">Beschichtung:<\/strong> Vernickelt (Ni-Cu-Ni)<\/p>\n<\/li>\n<li data-start=\"1131\" data-end=\"1155\">\n<p data-start=\"1133\" data-end=\"1155\"><strong data-start=\"1133\" data-end=\"1144\">Anzahl:<\/strong> 30 St\u00fcck<\/p>\n<\/li>\n<\/ul>\n<p data-start=\"1157\" data-end=\"1299\">Mit ihrer flachen Form und starken Haftung sind diese Blockmagnete eine kluge Wahl f\u00fcr Anwendungen, bei denen Diskretion und Zuverl\u00e4ssigkeit zusammenkommen.<\/p>\n","protected":false},"excerpt":{"rendered":"<p>Haftblockmagnet 30\u00d710\u00d71 mm Neodym N48 &#8211; Satz von 30 Diese extralangen 30\u00d710\u00d71 mm selbstklebenden Neodym-Blockmagnete bieten maximale Haftung in einem ultrad\u00fcnnen Profil. Dank der starken 3M Haftschicht und dem Hochleistungsmaterial N48 sind diese Magnete ideal f\u00fcr flache Montageanwendungen mit hohen Anforderungen an Haftung und Pr\u00e4zision. &#x2705; Vorteile: Langes und d\u00fcnnes Profil: Nur 1 mm dick, [&hellip;]<\/p>\n","protected":false},"featured_media":113418,"template":"","meta":{"_acf_changed":false},"product_brand":[3521],"product_cat":[3532],"product_tag":[],"class_list":{"0":"post-138933","1":"product","2":"type-product","3":"status-publish","4":"has-post-thumbnail","6":"product_brand-magnetenspecialist","7":"product_cat-neodym-magnet-set","9":"first","10":"instock","11":"taxable","12":"shipping-taxable","13":"product-type-simple"},"supplier_id":null,"supplier_sku":"","barcode":null,"atum_controlled":true,"out_stock_date":null,"out_stock_threshold":null,"inheritable":false,"inbound_stock":0,"stock_on_hold":0,"sold_today":0,"sales_last_days":0,"reserved_stock":0,"customer_returns":0,"warehouse_damage":0,"lost_in_post":0,"other_logs":0,"out_stock_days":0,"lost_sales":0,"has_location":false,"update_date":"2026-04-03T08:06:11","atum_locations":[],"atum_stock_status":"instock","restock_status":false,"low_stock_amount":"","sales_update_date":"2026-04-03T08:06:11","calc_backorders":null,"acf":[],"yoast_head":"<!-- This site is optimized with the Yoast SEO Premium plugin v24.7 (Yoast SEO v24.7) - https:\/\/yoast.com\/wordpress\/plugins\/seo\/ -->\n<title>Magnetspezialist Haftblockmagnet 30 \u00d7 10 \u00d7 1 mm Neodym N48 - Satz zu 30 St\u00fcck - Magnetenspecialist.nl<\/title>\n<meta name=\"description\" content=\"Suchen Sie einen Magnetspezialist Haftblockmagnet 30 \u00d7 10 \u00d7 1 mm Neodym N48 - Satz zu 30 St\u00fcck? Magnete k\u00f6nnen bequem online gekauft werden Magnetenspecialist.nl 1 Werktag Lieferzeit \u2713 14 Tage Bedenkzeit \u2713 Versand oder Abholung *.\" \/>\n<meta name=\"robots\" content=\"index, follow, max-snippet:-1, max-image-preview:large, max-video-preview:-1\" \/>\n<link rel=\"canonical\" href=\"https:\/\/www.magnetenspecialist.nl\/de\/speichern\/neodym-magnet-set\/magnetspezialist-haftblockmagnet-30-x-10-x-1-mm-neodym-n48-satz-zu-30-stueck\/\" \/>\n<meta property=\"og:locale\" content=\"de_DE\" \/>\n<meta property=\"og:type\" content=\"article\" \/>\n<meta property=\"og:title\" content=\"Magnetspezialist Haftblockmagnet 30 \u00d7 10 \u00d7 1 mm Neodym N48 - Satz zu 30 St\u00fcck\" \/>\n<meta property=\"og:description\" content=\"Suchen Sie einen Magnetspezialist Haftblockmagnet 30 \u00d7 10 \u00d7 1 mm Neodym N48 - Satz zu 30 St\u00fcck? Magnete k\u00f6nnen bequem online gekauft werden Magnetenspecialist.nl 1 Werktag Lieferzeit \u2713 14 Tage Bedenkzeit \u2713 Versand oder Abholung *.\" \/>\n<meta property=\"og:url\" content=\"https:\/\/www.magnetenspecialist.nl\/de\/speichern\/neodym-magnet-set\/magnetspezialist-haftblockmagnet-30-x-10-x-1-mm-neodym-n48-satz-zu-30-stueck\/\" \/>\n<meta property=\"og:site_name\" content=\"Magnetenspecialist.nl\" \/>\n<meta property=\"article:publisher\" content=\"https:\/\/www.facebook.com\/Magnetenspecialist.nl\" \/>\n<meta property=\"og:image\" content=\"https:\/\/www.magnetenspecialist.nl\/wp-content\/uploads\/2019\/03\/Magnetenspecialist.nl_Blokmagneet-30-x-10-x-1-mm-zelfklevend_1.jpg\" \/>\n\t<meta property=\"og:image:width\" content=\"1500\" \/>\n\t<meta property=\"og:image:height\" content=\"1500\" \/>\n\t<meta property=\"og:image:type\" content=\"image\/jpeg\" \/>\n<meta name=\"twitter:card\" content=\"summary_large_image\" \/>\n<meta name=\"twitter:site\" content=\"@magnetenspecial\" \/>\n<meta name=\"twitter:label1\" content=\"Preis\" \/>\n\t<meta name=\"twitter:data1\" content=\"\" \/>\n\t<meta name=\"twitter:label2\" content=\"Verf\u00fcgbarkeit\" \/>\n\t<meta name=\"twitter:data2\" content=\"Auf Lager\" \/>\n<script type=\"application\/ld+json\" class=\"yoast-schema-graph\">{\"@context\":\"https:\/\/schema.org\",\"@graph\":[{\"@type\":\"WebPage\",\"@id\":\"https:\/\/www.magnetenspecialist.nl\/de\/speichern\/neodym-magnet-set\/magnetspezialist-haftblockmagnet-30-x-10-x-1-mm-neodym-n48-satz-zu-30-stueck\/\",\"url\":\"https:\/\/www.magnetenspecialist.nl\/de\/speichern\/neodym-magnet-set\/magnetspezialist-haftblockmagnet-30-x-10-x-1-mm-neodym-n48-satz-zu-30-stueck\/\",\"name\":\"Magnetspezialist Haftblockmagnet 30 \u00d7 10 \u00d7 1 mm Neodym N48 - Satz zu 30 St\u00fcck - Magnetenspecialist.nl\",\"isPartOf\":{\"@id\":\"https:\/\/www.magnetenspecialist.nl\/de\/#website\"},\"primaryImageOfPage\":{\"@id\":\"https:\/\/www.magnetenspecialist.nl\/de\/speichern\/neodym-magnet-set\/magnetspezialist-haftblockmagnet-30-x-10-x-1-mm-neodym-n48-satz-zu-30-stueck\/#primaryimage\"},\"image\":{\"@id\":\"https:\/\/www.magnetenspecialist.nl\/de\/speichern\/neodym-magnet-set\/magnetspezialist-haftblockmagnet-30-x-10-x-1-mm-neodym-n48-satz-zu-30-stueck\/#primaryimage\"},\"thumbnailUrl\":\"https:\/\/www.magnetenspecialist.nl\/wp-content\/uploads\/2019\/03\/Magnetenspecialist.nl_Blokmagneet-30-x-10-x-1-mm-zelfklevend_1.jpg\",\"datePublished\":\"2025-05-23T11:02:54+00:00\",\"description\":\"Suchen Sie einen Magnetspezialist Haftblockmagnet 30 \u00d7 10 \u00d7 1 mm Neodym N48 - Satz zu 30 St\u00fcck? Magnete k\u00f6nnen bequem online gekauft werden Magnetenspecialist.nl 1 Werktag Lieferzeit \u2713 14 Tage Bedenkzeit \u2713 Versand oder Abholung *.\",\"breadcrumb\":{\"@id\":\"https:\/\/www.magnetenspecialist.nl\/de\/speichern\/neodym-magnet-set\/magnetspezialist-haftblockmagnet-30-x-10-x-1-mm-neodym-n48-satz-zu-30-stueck\/#breadcrumb\"},\"inLanguage\":\"de\",\"potentialAction\":[{\"@type\":\"ReadAction\",\"target\":[\"https:\/\/www.magnetenspecialist.nl\/de\/speichern\/neodym-magnet-set\/magnetspezialist-haftblockmagnet-30-x-10-x-1-mm-neodym-n48-satz-zu-30-stueck\/\"]}]},{\"@type\":\"ImageObject\",\"inLanguage\":\"de\",\"@id\":\"https:\/\/www.magnetenspecialist.nl\/de\/speichern\/neodym-magnet-set\/magnetspezialist-haftblockmagnet-30-x-10-x-1-mm-neodym-n48-satz-zu-30-stueck\/#primaryimage\",\"url\":\"https:\/\/www.magnetenspecialist.nl\/wp-content\/uploads\/2019\/03\/Magnetenspecialist.nl_Blokmagneet-30-x-10-x-1-mm-zelfklevend_1.jpg\",\"contentUrl\":\"https:\/\/www.magnetenspecialist.nl\/wp-content\/uploads\/2019\/03\/Magnetenspecialist.nl_Blokmagneet-30-x-10-x-1-mm-zelfklevend_1.jpg\",\"width\":1500,\"height\":1500},{\"@type\":\"BreadcrumbList\",\"@id\":\"https:\/\/www.magnetenspecialist.nl\/de\/speichern\/neodym-magnet-set\/magnetspezialist-haftblockmagnet-30-x-10-x-1-mm-neodym-n48-satz-zu-30-stueck\/#breadcrumb\",\"itemListElement\":[{\"@type\":\"ListItem\",\"position\":1,\"name\":\"Startseite\",\"item\":\"https:\/\/www.magnetenspecialist.nl\/de\/\"},{\"@type\":\"ListItem\",\"position\":2,\"name\":\"Shop\",\"item\":\"https:\/\/www.magnetenspecialist.nl\/de\/shop\/\"},{\"@type\":\"ListItem\",\"position\":3,\"name\":\"Priv\u00e9: Magnetspezialist Haftblockmagnet 30 \u00d7 10 \u00d7 1 mm Neodym N48 &#8211; Satz zu 30 St\u00fcck\"}]},{\"@type\":\"WebSite\",\"@id\":\"https:\/\/www.magnetenspecialist.nl\/de\/#website\",\"url\":\"https:\/\/www.magnetenspecialist.nl\/de\/\",\"name\":\"Magnetenspecialist.nl\",\"description\":\"Umfangreiches Angebot an Neodym-Magneten\",\"publisher\":{\"@id\":\"https:\/\/www.magnetenspecialist.nl\/de\/#organization\"},\"potentialAction\":[{\"@type\":\"SearchAction\",\"target\":{\"@type\":\"EntryPoint\",\"urlTemplate\":\"https:\/\/www.magnetenspecialist.nl\/de\/?s={search_term_string}\"},\"query-input\":{\"@type\":\"PropertyValueSpecification\",\"valueRequired\":true,\"valueName\":\"search_term_string\"}}],\"inLanguage\":\"de\"},{\"@type\":\"Organization\",\"@id\":\"https:\/\/www.magnetenspecialist.nl\/de\/#organization\",\"name\":\"Magnetenspecialist.nl\",\"url\":\"https:\/\/www.magnetenspecialist.nl\/de\/\",\"logo\":{\"@type\":\"ImageObject\",\"inLanguage\":\"de\",\"@id\":\"https:\/\/www.magnetenspecialist.nl\/de\/#\/schema\/logo\/image\/\",\"url\":\"https:\/\/www.magnetenspecialist.nl\/wp-content\/uploads\/2018\/10\/magneten-logo.jpg\",\"contentUrl\":\"https:\/\/www.magnetenspecialist.nl\/wp-content\/uploads\/2018\/10\/magneten-logo.jpg\",\"width\":151,\"height\":151,\"caption\":\"Magnetenspecialist.nl\"},\"image\":{\"@id\":\"https:\/\/www.magnetenspecialist.nl\/de\/#\/schema\/logo\/image\/\"},\"sameAs\":[\"https:\/\/www.facebook.com\/Magnetenspecialist.nl\",\"https:\/\/x.com\/magnetenspecial\"]}]}<\/script>\n<meta property=\"product:price:currency\" content=\"EUR\" \/>\n<meta property=\"og:availability\" content=\"instock\" \/>\n<meta property=\"product:availability\" content=\"instock\" \/>\n<meta property=\"product:retailer_item_id\" content=\"BL30x10x1-N-30\" \/>\n<meta property=\"product:condition\" content=\"new\" \/>\n<!-- \/ Yoast SEO Premium plugin. -->","yoast_head_json":{"title":"Magnetspezialist Haftblockmagnet 30 \u00d7 10 \u00d7 1 mm Neodym N48 - Satz zu 30 St\u00fcck - Magnetenspecialist.nl","description":"Suchen Sie einen Magnetspezialist Haftblockmagnet 30 \u00d7 10 \u00d7 1 mm Neodym N48 - Satz zu 30 St\u00fcck? Magnete k\u00f6nnen bequem online gekauft werden Magnetenspecialist.nl 1 Werktag Lieferzeit \u2713 14 Tage Bedenkzeit \u2713 Versand oder Abholung *.","robots":{"index":"index","follow":"follow","max-snippet":"max-snippet:-1","max-image-preview":"max-image-preview:large","max-video-preview":"max-video-preview:-1"},"canonical":"https:\/\/www.magnetenspecialist.nl\/de\/speichern\/neodym-magnet-set\/magnetspezialist-haftblockmagnet-30-x-10-x-1-mm-neodym-n48-satz-zu-30-stueck\/","og_locale":"de_DE","og_type":"article","og_title":"Magnetspezialist Haftblockmagnet 30 \u00d7 10 \u00d7 1 mm Neodym N48 - Satz zu 30 St\u00fcck","og_description":"Suchen Sie einen Magnetspezialist Haftblockmagnet 30 \u00d7 10 \u00d7 1 mm Neodym N48 - Satz zu 30 St\u00fcck? Magnete k\u00f6nnen bequem online gekauft werden Magnetenspecialist.nl 1 Werktag Lieferzeit \u2713 14 Tage Bedenkzeit \u2713 Versand oder Abholung *.","og_url":"https:\/\/www.magnetenspecialist.nl\/de\/speichern\/neodym-magnet-set\/magnetspezialist-haftblockmagnet-30-x-10-x-1-mm-neodym-n48-satz-zu-30-stueck\/","og_site_name":"Magnetenspecialist.nl","article_publisher":"https:\/\/www.facebook.com\/Magnetenspecialist.nl","og_image":[{"width":1500,"height":1500,"url":"https:\/\/www.magnetenspecialist.nl\/wp-content\/uploads\/2019\/03\/Magnetenspecialist.nl_Blokmagneet-30-x-10-x-1-mm-zelfklevend_1.jpg","type":"image\/jpeg"}],"twitter_card":"summary_large_image","twitter_site":"@magnetenspecial","twitter_misc":{"Preis":"","Verf\u00fcgbarkeit":"Auf Lager"},"schema":{"@context":"https:\/\/schema.org","@graph":[{"@type":"WebPage","@id":"https:\/\/www.magnetenspecialist.nl\/de\/speichern\/neodym-magnet-set\/magnetspezialist-haftblockmagnet-30-x-10-x-1-mm-neodym-n48-satz-zu-30-stueck\/","url":"https:\/\/www.magnetenspecialist.nl\/de\/speichern\/neodym-magnet-set\/magnetspezialist-haftblockmagnet-30-x-10-x-1-mm-neodym-n48-satz-zu-30-stueck\/","name":"Magnetspezialist Haftblockmagnet 30 \u00d7 10 \u00d7 1 mm Neodym N48 - Satz zu 30 St\u00fcck - Magnetenspecialist.nl","isPartOf":{"@id":"https:\/\/www.magnetenspecialist.nl\/de\/#website"},"primaryImageOfPage":{"@id":"https:\/\/www.magnetenspecialist.nl\/de\/speichern\/neodym-magnet-set\/magnetspezialist-haftblockmagnet-30-x-10-x-1-mm-neodym-n48-satz-zu-30-stueck\/#primaryimage"},"image":{"@id":"https:\/\/www.magnetenspecialist.nl\/de\/speichern\/neodym-magnet-set\/magnetspezialist-haftblockmagnet-30-x-10-x-1-mm-neodym-n48-satz-zu-30-stueck\/#primaryimage"},"thumbnailUrl":"https:\/\/www.magnetenspecialist.nl\/wp-content\/uploads\/2019\/03\/Magnetenspecialist.nl_Blokmagneet-30-x-10-x-1-mm-zelfklevend_1.jpg","datePublished":"2025-05-23T11:02:54+00:00","description":"Suchen Sie einen Magnetspezialist Haftblockmagnet 30 \u00d7 10 \u00d7 1 mm Neodym N48 - Satz zu 30 St\u00fcck? Magnete k\u00f6nnen bequem online gekauft werden Magnetenspecialist.nl 1 Werktag Lieferzeit \u2713 14 Tage Bedenkzeit \u2713 Versand oder Abholung *.","breadcrumb":{"@id":"https:\/\/www.magnetenspecialist.nl\/de\/speichern\/neodym-magnet-set\/magnetspezialist-haftblockmagnet-30-x-10-x-1-mm-neodym-n48-satz-zu-30-stueck\/#breadcrumb"},"inLanguage":"de","potentialAction":[{"@type":"ReadAction","target":["https:\/\/www.magnetenspecialist.nl\/de\/speichern\/neodym-magnet-set\/magnetspezialist-haftblockmagnet-30-x-10-x-1-mm-neodym-n48-satz-zu-30-stueck\/"]}]},{"@type":"ImageObject","inLanguage":"de","@id":"https:\/\/www.magnetenspecialist.nl\/de\/speichern\/neodym-magnet-set\/magnetspezialist-haftblockmagnet-30-x-10-x-1-mm-neodym-n48-satz-zu-30-stueck\/#primaryimage","url":"https:\/\/www.magnetenspecialist.nl\/wp-content\/uploads\/2019\/03\/Magnetenspecialist.nl_Blokmagneet-30-x-10-x-1-mm-zelfklevend_1.jpg","contentUrl":"https:\/\/www.magnetenspecialist.nl\/wp-content\/uploads\/2019\/03\/Magnetenspecialist.nl_Blokmagneet-30-x-10-x-1-mm-zelfklevend_1.jpg","width":1500,"height":1500},{"@type":"BreadcrumbList","@id":"https:\/\/www.magnetenspecialist.nl\/de\/speichern\/neodym-magnet-set\/magnetspezialist-haftblockmagnet-30-x-10-x-1-mm-neodym-n48-satz-zu-30-stueck\/#breadcrumb","itemListElement":[{"@type":"ListItem","position":1,"name":"Startseite","item":"https:\/\/www.magnetenspecialist.nl\/de\/"},{"@type":"ListItem","position":2,"name":"Shop","item":"https:\/\/www.magnetenspecialist.nl\/de\/shop\/"},{"@type":"ListItem","position":3,"name":"Priv\u00e9: Magnetspezialist Haftblockmagnet 30 \u00d7 10 \u00d7 1 mm Neodym N48 &#8211; Satz zu 30 St\u00fcck"}]},{"@type":"WebSite","@id":"https:\/\/www.magnetenspecialist.nl\/de\/#website","url":"https:\/\/www.magnetenspecialist.nl\/de\/","name":"Magnetenspecialist.nl","description":"Umfangreiches Angebot an Neodym-Magneten","publisher":{"@id":"https:\/\/www.magnetenspecialist.nl\/de\/#organization"},"potentialAction":[{"@type":"SearchAction","target":{"@type":"EntryPoint","urlTemplate":"https:\/\/www.magnetenspecialist.nl\/de\/?s={search_term_string}"},"query-input":{"@type":"PropertyValueSpecification","valueRequired":true,"valueName":"search_term_string"}}],"inLanguage":"de"},{"@type":"Organization","@id":"https:\/\/www.magnetenspecialist.nl\/de\/#organization","name":"Magnetenspecialist.nl","url":"https:\/\/www.magnetenspecialist.nl\/de\/","logo":{"@type":"ImageObject","inLanguage":"de","@id":"https:\/\/www.magnetenspecialist.nl\/de\/#\/schema\/logo\/image\/","url":"https:\/\/www.magnetenspecialist.nl\/wp-content\/uploads\/2018\/10\/magneten-logo.jpg","contentUrl":"https:\/\/www.magnetenspecialist.nl\/wp-content\/uploads\/2018\/10\/magneten-logo.jpg","width":151,"height":151,"caption":"Magnetenspecialist.nl"},"image":{"@id":"https:\/\/www.magnetenspecialist.nl\/de\/#\/schema\/logo\/image\/"},"sameAs":["https:\/\/www.facebook.com\/Magnetenspecialist.nl","https:\/\/x.com\/magnetenspecial"]}]},"product_price_currency":"EUR","og_availability":"instock","product_availability":"instock","product_retailer_item_id":"BL30x10x1-N-30","product_condition":"new"},"_links":{"self":[{"href":"https:\/\/www.magnetenspecialist.nl\/de\/wp-json\/wp\/v2\/product\/138933","targetHints":{"allow":["GET"]}}],"collection":[{"href":"https:\/\/www.magnetenspecialist.nl\/de\/wp-json\/wp\/v2\/product"}],"about":[{"href":"https:\/\/www.magnetenspecialist.nl\/de\/wp-json\/wp\/v2\/types\/product"}],"wp:featuredmedia":[{"embeddable":true,"href":"https:\/\/www.magnetenspecialist.nl\/de\/wp-json\/wp\/v2\/media\/113418"}],"wp:attachment":[{"href":"https:\/\/www.magnetenspecialist.nl\/de\/wp-json\/wp\/v2\/media?parent=138933"}],"wp:term":[{"taxonomy":"product_brand","embeddable":true,"href":"https:\/\/www.magnetenspecialist.nl\/de\/wp-json\/wp\/v2\/product_brand?post=138933"},{"taxonomy":"product_cat","embeddable":true,"href":"https:\/\/www.magnetenspecialist.nl\/de\/wp-json\/wp\/v2\/product_cat?post=138933"},{"taxonomy":"product_tag","embeddable":true,"href":"https:\/\/www.magnetenspecialist.nl\/de\/wp-json\/wp\/v2\/product_tag?post=138933"}],"curies":[{"name":"wp","href":"https:\/\/api.w.org\/{rel}","templated":true}]}}