{"id":139014,"date":"2025-05-27T09:46:10","date_gmt":"2025-05-27T07:46:10","guid":{"rendered":"https:\/\/www.magnetenspecialist.nl\/winkel\/unkategorisiert\/neodym-stabmagnet-8-9x50mm-n52-diametral-magnetisiert\/"},"modified":"2025-05-27T09:46:10","modified_gmt":"2025-05-27T07:46:10","slug":"neodym-stabmagnet-8-9x50mm-n52-diametral-magnetisiert","status":"publish","type":"product","link":"https:\/\/www.magnetenspecialist.nl\/de\/speichern\/stabmagnete\/neodym-stabmagnet-8-9x50mm-n52-diametral-magnetisiert\/","title":{"rendered":"Neodym-Stabmagnet 8.9x50mm &#8211; N52, diametral magnetisiert"},"content":{"rendered":"<h3 data-start=\"259\" data-end=\"331\"><strong data-start=\"263\" data-end=\"331\">Neodym-Stabmagnet 8.9x50mm &#8211; N52, diametral magnetisiert<\/strong><\/h3>\n<p data-start=\"333\" data-end=\"782\">Dieser <strong data-start=\"338\" data-end=\"378\">Neodym-Stabmagnet (8,9 x 50 mm)<\/strong> mit der <strong data-start=\"383\" data-end=\"398\">St\u00e4rke N52<\/strong> ist einzigartig in seiner Art: Er ist <strong data-start=\"430\" data-end=\"459\">diametral magnetisiert<\/strong>, d.h. das Magnetfeld verl\u00e4uft <strong data-start=\"498\" data-end=\"518\">durch den Durchmesser<\/strong> &#8211; von Seite zu Seite &#8211; anstatt quer zur L\u00e4ngsachse. Dadurch entsteht eine <strong data-start=\"607\" data-end=\"634\">radiale Kraftverteilung<\/strong>, die sich perfekt f\u00fcr Anwendungen wie Drehkupplungen, Sensoren und technische Strukturen eignet, bei denen die herk\u00f6mmliche axiale Magnetisierung nicht ausreicht. <\/p>\n<h4 data-start=\"784\" data-end=\"805\">&#x2705; Spezifikationen:<\/h4>\n<ul data-start=\"806\" data-end=\"1019\">\n<li data-start=\"806\" data-end=\"860\">\n<p data-start=\"808\" data-end=\"860\"><strong data-start=\"808\" data-end=\"823\">Abmessungen:<\/strong> 8,9 mm (Durchmesser) x 50 mm (L\u00e4nge)<\/p>\n<\/li>\n<li data-start=\"861\" data-end=\"903\">\n<p data-start=\"863\" data-end=\"903\"><strong data-start=\"863\" data-end=\"881\">Magnetisierung:<\/strong> N52 &#8211; sehr stark<\/p>\n<\/li>\n<li data-start=\"904\" data-end=\"966\">\n<p data-start=\"906\" data-end=\"966\"><strong data-start=\"906\" data-end=\"927\">Magnetisierungsform:<\/strong> <strong data-start=\"928\" data-end=\"942\">Diametral<\/strong> (von Seite zu Seite)<\/p>\n<\/li>\n<li data-start=\"967\" data-end=\"1019\">\n<p data-start=\"969\" data-end=\"1019\"><strong data-start=\"969\" data-end=\"983\">Material:<\/strong> Neodym (NdFeB) mit Nickelbeschichtung<\/p>\n<\/li>\n<\/ul>\n<h4 data-start=\"1021\" data-end=\"1053\">&#x1f504; Einzigartig in unserem Sortiment<\/h4>\n<p data-start=\"1055\" data-end=\"1435\">Im Gegensatz zu den meisten unserer Stabmagnete &#8211; die <strong data-start=\"1119\" data-end=\"1144\">axial magnetisiert<\/strong> sind &#8211; geh\u00f6rt dieser Magnet zu einer <strong data-start=\"1181\" data-end=\"1240\">sehr begrenzten Auswahl an diametral magnetisierten Modellen<\/strong>. Das einzige andere Modell in unserem Sortiment ist der:<br data-start=\"1283\" data-end=\"1286\">&#x1f449; <a class=\"\" href=\"https:\/\/www.magnetenspecialist.nl\/winkel\/staafmagneten\/staafmagneet-10-x-50-mm\/\" target=\"_new\" rel=\"noopener\" data-start=\"1289\" data-end=\"1435\">Neodym-Stabmagnet 10x50mm &#8211; N42, diametral magnetisiert<\/a> <\/p>\n<p data-start=\"1437\" data-end=\"1564\">Diese 8,9-mm-Variante ist kompakter, aber dank der <strong data-start=\"1487\" data-end=\"1515\">h\u00f6heren N52-Einstufung<\/strong> im Verh\u00e4ltnis zu ihrer Gr\u00f6\u00dfe noch leistungsf\u00e4higer.<\/p>\n<h4 data-start=\"1566\" data-end=\"1586\">&#x1f9f2; Ideal f\u00fcr:<\/h4>\n<ul data-start=\"1587\" data-end=\"1777\">\n<li data-start=\"1587\" data-end=\"1636\">\n<p data-start=\"1589\" data-end=\"1636\">Drehsysteme und Magnetkupplungen<\/p>\n<\/li>\n<li data-start=\"1637\" data-end=\"1674\">\n<p data-start=\"1639\" data-end=\"1674\">Sensoren mit radialem Wirkungsfeld<\/p>\n<\/li>\n<li data-start=\"1675\" data-end=\"1720\">\n<p data-start=\"1677\" data-end=\"1720\">Hochpr\u00e4zises Engineering und Prototyping<\/p>\n<\/li>\n<li data-start=\"1721\" data-end=\"1777\">\n<p data-start=\"1723\" data-end=\"1777\">Spezielle mechanische oder elektrotechnische Anwendungen<\/p>\n<\/li>\n<\/ul>\n<h4 data-start=\"1779\" data-end=\"1807\">&#x1f4a1; Warum dieser Magnet?<\/h4>\n<ul data-start=\"1808\" data-end=\"2001\">\n<li data-start=\"1808\" data-end=\"1855\">\n<p data-start=\"1810\" data-end=\"1855\"><strong data-start=\"1810\" data-end=\"1840\">Seltene Art der Magnetisierung<\/strong> (diametral)<\/p>\n<\/li>\n<li data-start=\"1856\" data-end=\"1896\">\n<p data-start=\"1858\" data-end=\"1896\"><strong data-start=\"1858\" data-end=\"1894\">Kompakt und doch extrem leistungsstark<\/strong><\/p>\n<\/li>\n<li data-start=\"1897\" data-end=\"1956\">\n<p data-start=\"1899\" data-end=\"1956\"><strong data-start=\"1899\" data-end=\"1954\">Perfekte Erg\u00e4nzung f\u00fcr Spezialanwendungen<\/strong><\/p>\n<\/li>\n<li data-start=\"1957\" data-end=\"2001\">\n<p data-start=\"1959\" data-end=\"2001\"><strong data-start=\"1959\" data-end=\"2001\">Langlebige, korrosionsbest\u00e4ndige Oberfl\u00e4che<\/strong><\/p>\n<\/li>\n<\/ul>\n<blockquote data-start=\"2003\" data-end=\"2128\">\n<p data-start=\"2005\" data-end=\"2128\">&#x26a0;&#xfe0f; <strong data-start=\"2008\" data-end=\"2019\">Hinweis:<\/strong> Neodym-Magnete sind sehr stark &#8211; seien Sie bei der Verwendung vorsichtig. Nicht f\u00fcr Kinder geeignet. <\/p>\n<\/blockquote>\n","protected":false},"excerpt":{"rendered":"<p>Neodym-Stabmagnet 8.9x50mm &#8211; N52, diametral magnetisiert Dieser Neodym-Stabmagnet (8,9 x 50 mm) mit der St\u00e4rke N52 ist einzigartig in seiner Art: Er ist diametral magnetisiert, d.h. das Magnetfeld verl\u00e4uft durch den Durchmesser &#8211; von Seite zu Seite &#8211; anstatt quer zur L\u00e4ngsachse. Dadurch entsteht eine radiale Kraftverteilung, die sich perfekt f\u00fcr Anwendungen wie Drehkupplungen, Sensoren [&hellip;]<\/p>\n","protected":false},"featured_media":112148,"template":"","meta":{"_acf_changed":false},"product_brand":[],"product_cat":[1404],"product_tag":[3164],"class_list":{"0":"post-139014","1":"product","2":"type-product","3":"status-publish","4":"has-post-thumbnail","6":"product_cat-stabmagnete","7":"product_tag-groep-4-de","9":"first","10":"outofstock","11":"taxable","12":"shipping-taxable","13":"purchasable","14":"product-type-simple"},"supplier_id":null,"supplier_sku":"","barcode":null,"atum_controlled":true,"out_stock_date":"2025-05-27 09:51:25","out_stock_threshold":null,"inheritable":false,"inbound_stock":100,"stock_on_hold":0,"sold_today":0,"sales_last_days":0,"reserved_stock":0,"customer_returns":0,"warehouse_damage":0,"lost_in_post":0,"other_logs":0,"out_stock_days":310,"lost_sales":0,"has_location":false,"update_date":"2026-04-03T08:06:11","atum_locations":[],"atum_stock_status":"outofstock","restock_status":false,"low_stock_amount":"","sales_update_date":"2026-04-03T08:06:11","calc_backorders":null,"acf":[],"yoast_head":"<!-- This site is optimized with the Yoast SEO Premium plugin v24.7 (Yoast SEO v24.7) - https:\/\/yoast.com\/wordpress\/plugins\/seo\/ -->\n<title>Neodym-Stabmagnet 8.9x50mm - N52, jetzt verf\u00fcgbar - Magnetenspecialist.nl<\/title>\n<meta name=\"description\" content=\"Suchen Sie einen Neodym-Stabmagnet 8.9x50mm - N52, diametral magnetisiert? Magnete k\u00f6nnen bequem online gekauft werden Magnetenspecialist.nl 1 Werktag Lieferzeit \u2713 14 Tage Bedenkzeit \u2713 Versand oder Abholung *.\" \/>\n<meta name=\"robots\" content=\"index, follow, max-snippet:-1, max-image-preview:large, max-video-preview:-1\" \/>\n<link rel=\"canonical\" href=\"https:\/\/www.magnetenspecialist.nl\/de\/speichern\/stabmagnete\/neodym-stabmagnet-8-9x50mm-n52-diametral-magnetisiert\/\" \/>\n<meta property=\"og:locale\" content=\"de_DE\" \/>\n<meta property=\"og:type\" content=\"article\" \/>\n<meta property=\"og:title\" content=\"Neodym-Stabmagnet 8.9x50mm - N52, diametral magnetisiert\" \/>\n<meta property=\"og:description\" content=\"Suchen Sie einen Neodym-Stabmagnet 8.9x50mm - N52, diametral magnetisiert? Magnete k\u00f6nnen bequem online gekauft werden Magnetenspecialist.nl 1 Werktag Lieferzeit \u2713 14 Tage Bedenkzeit \u2713 Versand oder Abholung *.\" \/>\n<meta property=\"og:url\" content=\"https:\/\/www.magnetenspecialist.nl\/de\/speichern\/stabmagnete\/neodym-stabmagnet-8-9x50mm-n52-diametral-magnetisiert\/\" \/>\n<meta property=\"og:site_name\" content=\"Magnetenspecialist.nl\" \/>\n<meta property=\"article:publisher\" content=\"https:\/\/www.facebook.com\/Magnetenspecialist.nl\" \/>\n<meta property=\"og:image\" content=\"https:\/\/www.magnetenspecialist.nl\/wp-content\/uploads\/2019\/03\/Magnetenspecialist.nl_Staafmagneet-8-x-40-mm_1.jpg\" \/>\n\t<meta property=\"og:image:width\" content=\"1500\" \/>\n\t<meta property=\"og:image:height\" content=\"1500\" \/>\n\t<meta property=\"og:image:type\" content=\"image\/jpeg\" \/>\n<meta name=\"twitter:card\" content=\"summary_large_image\" \/>\n<meta name=\"twitter:site\" content=\"@magnetenspecial\" \/>\n<meta name=\"twitter:label1\" content=\"Preis\" \/>\n\t<meta name=\"twitter:data1\" content=\"&euro;&nbsp;7,50\" \/>\n\t<meta name=\"twitter:label2\" content=\"Verf\u00fcgbarkeit\" \/>\n\t<meta name=\"twitter:data2\" content=\"ausverkauft\" \/>\n<script type=\"application\/ld+json\" class=\"yoast-schema-graph\">{\"@context\":\"https:\/\/schema.org\",\"@graph\":[{\"@type\":\"WebPage\",\"@id\":\"https:\/\/www.magnetenspecialist.nl\/de\/speichern\/stabmagnete\/neodym-stabmagnet-8-9x50mm-n52-diametral-magnetisiert\/\",\"url\":\"https:\/\/www.magnetenspecialist.nl\/de\/speichern\/stabmagnete\/neodym-stabmagnet-8-9x50mm-n52-diametral-magnetisiert\/\",\"name\":\"Neodym-Stabmagnet 8.9x50mm - N52, jetzt verf\u00fcgbar - Magnetenspecialist.nl\",\"isPartOf\":{\"@id\":\"https:\/\/www.magnetenspecialist.nl\/de\/#website\"},\"primaryImageOfPage\":{\"@id\":\"https:\/\/www.magnetenspecialist.nl\/de\/speichern\/stabmagnete\/neodym-stabmagnet-8-9x50mm-n52-diametral-magnetisiert\/#primaryimage\"},\"image\":{\"@id\":\"https:\/\/www.magnetenspecialist.nl\/de\/speichern\/stabmagnete\/neodym-stabmagnet-8-9x50mm-n52-diametral-magnetisiert\/#primaryimage\"},\"thumbnailUrl\":\"https:\/\/www.magnetenspecialist.nl\/wp-content\/uploads\/2019\/03\/Magnetenspecialist.nl_Staafmagneet-8-x-40-mm_1.jpg\",\"datePublished\":\"2025-05-27T07:46:10+00:00\",\"description\":\"Suchen Sie einen Neodym-Stabmagnet 8.9x50mm - N52, diametral magnetisiert? Magnete k\u00f6nnen bequem online gekauft werden Magnetenspecialist.nl 1 Werktag Lieferzeit \u2713 14 Tage Bedenkzeit \u2713 Versand oder Abholung *.\",\"breadcrumb\":{\"@id\":\"https:\/\/www.magnetenspecialist.nl\/de\/speichern\/stabmagnete\/neodym-stabmagnet-8-9x50mm-n52-diametral-magnetisiert\/#breadcrumb\"},\"inLanguage\":\"de\",\"potentialAction\":[{\"@type\":\"ReadAction\",\"target\":[\"https:\/\/www.magnetenspecialist.nl\/de\/speichern\/stabmagnete\/neodym-stabmagnet-8-9x50mm-n52-diametral-magnetisiert\/\"]}]},{\"@type\":\"ImageObject\",\"inLanguage\":\"de\",\"@id\":\"https:\/\/www.magnetenspecialist.nl\/de\/speichern\/stabmagnete\/neodym-stabmagnet-8-9x50mm-n52-diametral-magnetisiert\/#primaryimage\",\"url\":\"https:\/\/www.magnetenspecialist.nl\/wp-content\/uploads\/2019\/03\/Magnetenspecialist.nl_Staafmagneet-8-x-40-mm_1.jpg\",\"contentUrl\":\"https:\/\/www.magnetenspecialist.nl\/wp-content\/uploads\/2019\/03\/Magnetenspecialist.nl_Staafmagneet-8-x-40-mm_1.jpg\",\"width\":1500,\"height\":1500},{\"@type\":\"BreadcrumbList\",\"@id\":\"https:\/\/www.magnetenspecialist.nl\/de\/speichern\/stabmagnete\/neodym-stabmagnet-8-9x50mm-n52-diametral-magnetisiert\/#breadcrumb\",\"itemListElement\":[{\"@type\":\"ListItem\",\"position\":1,\"name\":\"Startseite\",\"item\":\"https:\/\/www.magnetenspecialist.nl\/de\/\"},{\"@type\":\"ListItem\",\"position\":2,\"name\":\"Shop\",\"item\":\"https:\/\/www.magnetenspecialist.nl\/de\/shop\/\"},{\"@type\":\"ListItem\",\"position\":3,\"name\":\"Neodym-Stabmagnet 8.9x50mm &#8211; N52, diametral magnetisiert\"}]},{\"@type\":\"WebSite\",\"@id\":\"https:\/\/www.magnetenspecialist.nl\/de\/#website\",\"url\":\"https:\/\/www.magnetenspecialist.nl\/de\/\",\"name\":\"Magnetenspecialist.nl\",\"description\":\"Umfangreiches Angebot an Neodym-Magneten\",\"publisher\":{\"@id\":\"https:\/\/www.magnetenspecialist.nl\/de\/#organization\"},\"potentialAction\":[{\"@type\":\"SearchAction\",\"target\":{\"@type\":\"EntryPoint\",\"urlTemplate\":\"https:\/\/www.magnetenspecialist.nl\/de\/?s={search_term_string}\"},\"query-input\":{\"@type\":\"PropertyValueSpecification\",\"valueRequired\":true,\"valueName\":\"search_term_string\"}}],\"inLanguage\":\"de\"},{\"@type\":\"Organization\",\"@id\":\"https:\/\/www.magnetenspecialist.nl\/de\/#organization\",\"name\":\"Magnetenspecialist.nl\",\"url\":\"https:\/\/www.magnetenspecialist.nl\/de\/\",\"logo\":{\"@type\":\"ImageObject\",\"inLanguage\":\"de\",\"@id\":\"https:\/\/www.magnetenspecialist.nl\/de\/#\/schema\/logo\/image\/\",\"url\":\"https:\/\/www.magnetenspecialist.nl\/wp-content\/uploads\/2018\/10\/magneten-logo.jpg\",\"contentUrl\":\"https:\/\/www.magnetenspecialist.nl\/wp-content\/uploads\/2018\/10\/magneten-logo.jpg\",\"width\":151,\"height\":151,\"caption\":\"Magnetenspecialist.nl\"},\"image\":{\"@id\":\"https:\/\/www.magnetenspecialist.nl\/de\/#\/schema\/logo\/image\/\"},\"sameAs\":[\"https:\/\/www.facebook.com\/Magnetenspecialist.nl\",\"https:\/\/x.com\/magnetenspecial\"]}]}<\/script>\n<meta property=\"product:price:amount\" content=\"7.50\" \/>\n<meta property=\"product:price:currency\" content=\"EUR\" \/>\n<meta property=\"og:availability\" content=\"out of stock\" \/>\n<meta property=\"product:availability\" content=\"out of stock\" \/>\n<meta property=\"product:retailer_item_id\" content=\"st0089x050-N\" \/>\n<meta property=\"product:condition\" content=\"new\" \/>\n<!-- \/ Yoast SEO Premium plugin. -->","yoast_head_json":{"title":"Neodym-Stabmagnet 8.9x50mm - N52, jetzt verf\u00fcgbar - Magnetenspecialist.nl","description":"Suchen Sie einen Neodym-Stabmagnet 8.9x50mm - N52, diametral magnetisiert? Magnete k\u00f6nnen bequem online gekauft werden Magnetenspecialist.nl 1 Werktag Lieferzeit \u2713 14 Tage Bedenkzeit \u2713 Versand oder Abholung *.","robots":{"index":"index","follow":"follow","max-snippet":"max-snippet:-1","max-image-preview":"max-image-preview:large","max-video-preview":"max-video-preview:-1"},"canonical":"https:\/\/www.magnetenspecialist.nl\/de\/speichern\/stabmagnete\/neodym-stabmagnet-8-9x50mm-n52-diametral-magnetisiert\/","og_locale":"de_DE","og_type":"article","og_title":"Neodym-Stabmagnet 8.9x50mm - N52, diametral magnetisiert","og_description":"Suchen Sie einen Neodym-Stabmagnet 8.9x50mm - N52, diametral magnetisiert? Magnete k\u00f6nnen bequem online gekauft werden Magnetenspecialist.nl 1 Werktag Lieferzeit \u2713 14 Tage Bedenkzeit \u2713 Versand oder Abholung *.","og_url":"https:\/\/www.magnetenspecialist.nl\/de\/speichern\/stabmagnete\/neodym-stabmagnet-8-9x50mm-n52-diametral-magnetisiert\/","og_site_name":"Magnetenspecialist.nl","article_publisher":"https:\/\/www.facebook.com\/Magnetenspecialist.nl","og_image":[{"width":1500,"height":1500,"url":"https:\/\/www.magnetenspecialist.nl\/wp-content\/uploads\/2019\/03\/Magnetenspecialist.nl_Staafmagneet-8-x-40-mm_1.jpg","type":"image\/jpeg"}],"twitter_card":"summary_large_image","twitter_site":"@magnetenspecial","twitter_misc":{"Preis":"&euro;&nbsp;7,50","Verf\u00fcgbarkeit":"ausverkauft"},"schema":{"@context":"https:\/\/schema.org","@graph":[{"@type":"WebPage","@id":"https:\/\/www.magnetenspecialist.nl\/de\/speichern\/stabmagnete\/neodym-stabmagnet-8-9x50mm-n52-diametral-magnetisiert\/","url":"https:\/\/www.magnetenspecialist.nl\/de\/speichern\/stabmagnete\/neodym-stabmagnet-8-9x50mm-n52-diametral-magnetisiert\/","name":"Neodym-Stabmagnet 8.9x50mm - N52, jetzt verf\u00fcgbar - Magnetenspecialist.nl","isPartOf":{"@id":"https:\/\/www.magnetenspecialist.nl\/de\/#website"},"primaryImageOfPage":{"@id":"https:\/\/www.magnetenspecialist.nl\/de\/speichern\/stabmagnete\/neodym-stabmagnet-8-9x50mm-n52-diametral-magnetisiert\/#primaryimage"},"image":{"@id":"https:\/\/www.magnetenspecialist.nl\/de\/speichern\/stabmagnete\/neodym-stabmagnet-8-9x50mm-n52-diametral-magnetisiert\/#primaryimage"},"thumbnailUrl":"https:\/\/www.magnetenspecialist.nl\/wp-content\/uploads\/2019\/03\/Magnetenspecialist.nl_Staafmagneet-8-x-40-mm_1.jpg","datePublished":"2025-05-27T07:46:10+00:00","description":"Suchen Sie einen Neodym-Stabmagnet 8.9x50mm - N52, diametral magnetisiert? Magnete k\u00f6nnen bequem online gekauft werden Magnetenspecialist.nl 1 Werktag Lieferzeit \u2713 14 Tage Bedenkzeit \u2713 Versand oder Abholung *.","breadcrumb":{"@id":"https:\/\/www.magnetenspecialist.nl\/de\/speichern\/stabmagnete\/neodym-stabmagnet-8-9x50mm-n52-diametral-magnetisiert\/#breadcrumb"},"inLanguage":"de","potentialAction":[{"@type":"ReadAction","target":["https:\/\/www.magnetenspecialist.nl\/de\/speichern\/stabmagnete\/neodym-stabmagnet-8-9x50mm-n52-diametral-magnetisiert\/"]}]},{"@type":"ImageObject","inLanguage":"de","@id":"https:\/\/www.magnetenspecialist.nl\/de\/speichern\/stabmagnete\/neodym-stabmagnet-8-9x50mm-n52-diametral-magnetisiert\/#primaryimage","url":"https:\/\/www.magnetenspecialist.nl\/wp-content\/uploads\/2019\/03\/Magnetenspecialist.nl_Staafmagneet-8-x-40-mm_1.jpg","contentUrl":"https:\/\/www.magnetenspecialist.nl\/wp-content\/uploads\/2019\/03\/Magnetenspecialist.nl_Staafmagneet-8-x-40-mm_1.jpg","width":1500,"height":1500},{"@type":"BreadcrumbList","@id":"https:\/\/www.magnetenspecialist.nl\/de\/speichern\/stabmagnete\/neodym-stabmagnet-8-9x50mm-n52-diametral-magnetisiert\/#breadcrumb","itemListElement":[{"@type":"ListItem","position":1,"name":"Startseite","item":"https:\/\/www.magnetenspecialist.nl\/de\/"},{"@type":"ListItem","position":2,"name":"Shop","item":"https:\/\/www.magnetenspecialist.nl\/de\/shop\/"},{"@type":"ListItem","position":3,"name":"Neodym-Stabmagnet 8.9x50mm &#8211; N52, diametral magnetisiert"}]},{"@type":"WebSite","@id":"https:\/\/www.magnetenspecialist.nl\/de\/#website","url":"https:\/\/www.magnetenspecialist.nl\/de\/","name":"Magnetenspecialist.nl","description":"Umfangreiches Angebot an Neodym-Magneten","publisher":{"@id":"https:\/\/www.magnetenspecialist.nl\/de\/#organization"},"potentialAction":[{"@type":"SearchAction","target":{"@type":"EntryPoint","urlTemplate":"https:\/\/www.magnetenspecialist.nl\/de\/?s={search_term_string}"},"query-input":{"@type":"PropertyValueSpecification","valueRequired":true,"valueName":"search_term_string"}}],"inLanguage":"de"},{"@type":"Organization","@id":"https:\/\/www.magnetenspecialist.nl\/de\/#organization","name":"Magnetenspecialist.nl","url":"https:\/\/www.magnetenspecialist.nl\/de\/","logo":{"@type":"ImageObject","inLanguage":"de","@id":"https:\/\/www.magnetenspecialist.nl\/de\/#\/schema\/logo\/image\/","url":"https:\/\/www.magnetenspecialist.nl\/wp-content\/uploads\/2018\/10\/magneten-logo.jpg","contentUrl":"https:\/\/www.magnetenspecialist.nl\/wp-content\/uploads\/2018\/10\/magneten-logo.jpg","width":151,"height":151,"caption":"Magnetenspecialist.nl"},"image":{"@id":"https:\/\/www.magnetenspecialist.nl\/de\/#\/schema\/logo\/image\/"},"sameAs":["https:\/\/www.facebook.com\/Magnetenspecialist.nl","https:\/\/x.com\/magnetenspecial"]}]},"product_price_amount":"7.50","product_price_currency":"EUR","og_availability":"out of stock","product_availability":"out of stock","product_retailer_item_id":"st0089x050-N","product_condition":"new"},"_links":{"self":[{"href":"https:\/\/www.magnetenspecialist.nl\/de\/wp-json\/wp\/v2\/product\/139014","targetHints":{"allow":["GET"]}}],"collection":[{"href":"https:\/\/www.magnetenspecialist.nl\/de\/wp-json\/wp\/v2\/product"}],"about":[{"href":"https:\/\/www.magnetenspecialist.nl\/de\/wp-json\/wp\/v2\/types\/product"}],"wp:featuredmedia":[{"embeddable":true,"href":"https:\/\/www.magnetenspecialist.nl\/de\/wp-json\/wp\/v2\/media\/112148"}],"wp:attachment":[{"href":"https:\/\/www.magnetenspecialist.nl\/de\/wp-json\/wp\/v2\/media?parent=139014"}],"wp:term":[{"taxonomy":"product_brand","embeddable":true,"href":"https:\/\/www.magnetenspecialist.nl\/de\/wp-json\/wp\/v2\/product_brand?post=139014"},{"taxonomy":"product_cat","embeddable":true,"href":"https:\/\/www.magnetenspecialist.nl\/de\/wp-json\/wp\/v2\/product_cat?post=139014"},{"taxonomy":"product_tag","embeddable":true,"href":"https:\/\/www.magnetenspecialist.nl\/de\/wp-json\/wp\/v2\/product_tag?post=139014"}],"curies":[{"name":"wp","href":"https:\/\/api.w.org\/{rel}","templated":true}]}}