{"id":139035,"date":"2025-05-27T14:19:38","date_gmt":"2025-05-27T12:19:38","guid":{"rendered":"https:\/\/www.magnetenspecialist.nl\/?post_type=product&p=139035"},"modified":"2025-05-27T14:19:38","modified_gmt":"2025-05-27T12:19:38","slug":"magnetspezialist-haftscheibenmagnet-11-x-1-mm-neodym-n48-satz-zu-30-stueck","status":"publish","type":"product","link":"https:\/\/www.magnetenspecialist.nl\/de\/speichern\/neodym-magnet-set\/magnetspezialist-haftscheibenmagnet-11-x-1-mm-neodym-n48-satz-zu-30-stueck\/","title":{"rendered":"Magnetspezialist Haftscheibenmagnet 11 \u00d7 1 mm Neodym N48 &#8211; Satz zu 30 St\u00fcck"},"content":{"rendered":"<h3 data-start=\"82\" data-end=\"172\"><strong data-start=\"86\" data-end=\"172\">Magnetspezialist Haftscheibenmagnet 11 \u00d7 1 mm Neodym N48 &#8211; Satz zu 30 St\u00fcck<\/strong><\/h3>\n<p data-start=\"174\" data-end=\"494\">Diese ultrad\u00fcnnen selbstklebenden Neodym-Scheibenmagnete (Typ N48) sind ideal f\u00fcr Anwendungen, die kompakte Abmessungen und eine starke Haftung erfordern. Mit einem Durchmesser von 11 mm und einer Dicke von nur 1 mm sind sie kaum sichtbar, aber dennoch stark genug f\u00fcr viele kreative und technische Anwendungen. <\/p>\n<p data-start=\"496\" data-end=\"682\">Jeder Magnet ist auf einer Seite mit einer hochwertigen <strong data-start=\"542\" data-end=\"558\">3M-Klebebeschichtung<\/strong> versehen, so dass er einfach und sicher auf glatten Oberfl\u00e4chen angebracht werden kann &#8211; ohne Bohren oder Schrauben.<\/p>\n<hr data-start=\"684\" data-end=\"687\">\n<h3 data-start=\"689\" data-end=\"713\">&#x2705; <strong data-start=\"695\" data-end=\"713\">Spezifikationen:<\/strong><\/h3>\n<ul data-start=\"714\" data-end=\"1004\">\n<li data-start=\"714\" data-end=\"759\">\n<p data-start=\"716\" data-end=\"759\"><strong data-start=\"716\" data-end=\"731\">Abmessungen:<\/strong> 11 mm Durchmesser \u00d7 1 mm dick<\/p>\n<\/li>\n<li data-start=\"760\" data-end=\"807\">\n<p data-start=\"762\" data-end=\"807\"><strong data-start=\"762\" data-end=\"776\">Material:<\/strong> Neodym (N48 &#8211; sehr stark)<\/p>\n<\/li>\n<li data-start=\"808\" data-end=\"842\">\n<p data-start=\"810\" data-end=\"842\"><strong data-start=\"810\" data-end=\"826\">Magnetart:<\/strong> Scheibenmagnet<\/p>\n<\/li>\n<li data-start=\"843\" data-end=\"884\">\n<p data-start=\"845\" data-end=\"884\"><strong data-start=\"845\" data-end=\"862\">Magnetisierung:<\/strong> Axial (planar)<\/p>\n<\/li>\n<li data-start=\"885\" data-end=\"938\">\n<p data-start=\"887\" data-end=\"938\"><strong data-start=\"887\" data-end=\"903\">Selbstklebend:<\/strong> Ja, mit 3M-Klebeschicht auf einer Seite<\/p>\n<\/li>\n<li data-start=\"939\" data-end=\"970\">\n<p data-start=\"941\" data-end=\"970\"><strong data-start=\"941\" data-end=\"959\">Anzahl im Set:<\/strong> 30 St\u00fcck<\/p>\n<\/li>\n<li data-start=\"971\" data-end=\"1004\">\n<p data-start=\"973\" data-end=\"1004\"><strong data-start=\"973\" data-end=\"994\">Max. Temperatur:<\/strong> ca. 80 \u00b0C<\/p>\n<\/li>\n<\/ul>\n<hr data-start=\"1006\" data-end=\"1009\">\n<h3 data-start=\"1011\" data-end=\"1035\">&#x1f4e6; <strong data-start=\"1018\" data-end=\"1035\">Anwendungen:<\/strong><\/h3>\n<ul data-start=\"1036\" data-end=\"1230\">\n<li data-start=\"1036\" data-end=\"1089\">\n<p data-start=\"1038\" data-end=\"1089\">Karten, Einladungen und kreative DIY-Projekte<\/p>\n<\/li>\n<li data-start=\"1090\" data-end=\"1121\">\n<p data-start=\"1092\" data-end=\"1121\">Modellierung und Prototyping<\/p>\n<\/li>\n<li data-start=\"1122\" data-end=\"1165\">\n<p data-start=\"1124\" data-end=\"1165\">Displays, Verpackungen oder POS-Material<\/p>\n<\/li>\n<li data-start=\"1166\" data-end=\"1230\">\n<p data-start=\"1168\" data-end=\"1230\">Vor\u00fcbergehende Befestigung auf Metall oder anderen glatten Oberfl\u00e4chen<\/p>\n<\/li>\n<\/ul>\n<hr data-start=\"1232\" data-end=\"1235\">\n<p data-start=\"1237\" data-end=\"1351\">&#x1f9f2; Hinweis: Neodym-Magnete sind zerbrechlich &#8211; dr\u00fccken Sie sie beim Anbringen vorsichtig an, und vermeiden Sie rutschende Lasten.<\/p>\n","protected":false},"excerpt":{"rendered":"<p>Magnetspezialist Haftscheibenmagnet 11 \u00d7 1 mm Neodym N48 &#8211; Satz zu 30 St\u00fcck Diese ultrad\u00fcnnen selbstklebenden Neodym-Scheibenmagnete (Typ N48) sind ideal f\u00fcr Anwendungen, die kompakte Abmessungen und eine starke Haftung erfordern. Mit einem Durchmesser von 11 mm und einer Dicke von nur 1 mm sind sie kaum sichtbar, aber dennoch stark genug f\u00fcr viele kreative [&hellip;]<\/p>\n","protected":false},"featured_media":113446,"template":"","meta":{"_acf_changed":false},"product_brand":[3521],"product_cat":[3532],"product_tag":[],"class_list":{"0":"post-139035","1":"product","2":"type-product","3":"status-publish","4":"has-post-thumbnail","6":"product_brand-magnetenspecialist","7":"product_cat-neodym-magnet-set","9":"first","10":"instock","11":"taxable","12":"shipping-taxable","13":"product-type-simple"},"supplier_id":null,"supplier_sku":"","barcode":null,"atum_controlled":true,"out_stock_date":null,"out_stock_threshold":null,"inheritable":false,"inbound_stock":0,"stock_on_hold":0,"sold_today":0,"sales_last_days":0,"reserved_stock":0,"customer_returns":0,"warehouse_damage":0,"lost_in_post":0,"other_logs":0,"out_stock_days":0,"lost_sales":0,"has_location":false,"update_date":"2026-04-03T08:06:11","atum_locations":[],"atum_stock_status":"instock","restock_status":false,"low_stock_amount":"","sales_update_date":"2026-04-03T08:06:11","calc_backorders":null,"acf":[],"yoast_head":"<!-- This site is optimized with the Yoast SEO Premium plugin v24.7 (Yoast SEO v24.7) - https:\/\/yoast.com\/wordpress\/plugins\/seo\/ -->\n<title>Magnetspezialist Haftscheibenmagnet 11 \u00d7 1 mm Neodym N48 - Satz zu 30 St\u00fcck - Magnetenspecialist.nl<\/title>\n<meta name=\"description\" content=\"Suchen Sie einen Magnetspezialist Haftscheibenmagnet 11 \u00d7 1 mm Neodym N48 - Satz zu 30 St\u00fcck? Magnete k\u00f6nnen bequem online gekauft werden Magnetenspecialist.nl 1 Werktag Lieferzeit \u2713 14 Tage Bedenkzeit \u2713 Versand oder Abholung *.\" \/>\n<meta name=\"robots\" content=\"index, follow, max-snippet:-1, max-image-preview:large, max-video-preview:-1\" \/>\n<link rel=\"canonical\" href=\"https:\/\/www.magnetenspecialist.nl\/de\/speichern\/neodym-magnet-set\/magnetspezialist-haftscheibenmagnet-11-x-1-mm-neodym-n48-satz-zu-30-stueck\/\" \/>\n<meta property=\"og:locale\" content=\"de_DE\" \/>\n<meta property=\"og:type\" content=\"article\" \/>\n<meta property=\"og:title\" content=\"Magnetspezialist Haftscheibenmagnet 11 \u00d7 1 mm Neodym N48 - Satz zu 30 St\u00fcck\" \/>\n<meta property=\"og:description\" content=\"Suchen Sie einen Magnetspezialist Haftscheibenmagnet 11 \u00d7 1 mm Neodym N48 - Satz zu 30 St\u00fcck? Magnete k\u00f6nnen bequem online gekauft werden Magnetenspecialist.nl 1 Werktag Lieferzeit \u2713 14 Tage Bedenkzeit \u2713 Versand oder Abholung *.\" \/>\n<meta property=\"og:url\" content=\"https:\/\/www.magnetenspecialist.nl\/de\/speichern\/neodym-magnet-set\/magnetspezialist-haftscheibenmagnet-11-x-1-mm-neodym-n48-satz-zu-30-stueck\/\" \/>\n<meta property=\"og:site_name\" content=\"Magnetenspecialist.nl\" \/>\n<meta property=\"article:publisher\" content=\"https:\/\/www.facebook.com\/Magnetenspecialist.nl\" \/>\n<meta property=\"og:image\" content=\"https:\/\/www.magnetenspecialist.nl\/wp-content\/uploads\/2019\/03\/Magnetenspecialist.nl_Schijfmagneet-11-x-1-mm-Zelfklevend_2.jpg\" \/>\n\t<meta property=\"og:image:width\" content=\"1500\" \/>\n\t<meta property=\"og:image:height\" content=\"1500\" \/>\n\t<meta property=\"og:image:type\" content=\"image\/jpeg\" \/>\n<meta name=\"twitter:card\" content=\"summary_large_image\" \/>\n<meta name=\"twitter:site\" content=\"@magnetenspecial\" \/>\n<meta name=\"twitter:label1\" content=\"Preis\" \/>\n\t<meta name=\"twitter:data1\" content=\"\" \/>\n\t<meta name=\"twitter:label2\" content=\"Verf\u00fcgbarkeit\" \/>\n\t<meta name=\"twitter:data2\" content=\"Auf Lager\" \/>\n<script type=\"application\/ld+json\" class=\"yoast-schema-graph\">{\"@context\":\"https:\/\/schema.org\",\"@graph\":[{\"@type\":\"WebPage\",\"@id\":\"https:\/\/www.magnetenspecialist.nl\/de\/speichern\/neodym-magnet-set\/magnetspezialist-haftscheibenmagnet-11-x-1-mm-neodym-n48-satz-zu-30-stueck\/\",\"url\":\"https:\/\/www.magnetenspecialist.nl\/de\/speichern\/neodym-magnet-set\/magnetspezialist-haftscheibenmagnet-11-x-1-mm-neodym-n48-satz-zu-30-stueck\/\",\"name\":\"Magnetspezialist Haftscheibenmagnet 11 \u00d7 1 mm Neodym N48 - Satz zu 30 St\u00fcck - Magnetenspecialist.nl\",\"isPartOf\":{\"@id\":\"https:\/\/www.magnetenspecialist.nl\/de\/#website\"},\"primaryImageOfPage\":{\"@id\":\"https:\/\/www.magnetenspecialist.nl\/de\/speichern\/neodym-magnet-set\/magnetspezialist-haftscheibenmagnet-11-x-1-mm-neodym-n48-satz-zu-30-stueck\/#primaryimage\"},\"image\":{\"@id\":\"https:\/\/www.magnetenspecialist.nl\/de\/speichern\/neodym-magnet-set\/magnetspezialist-haftscheibenmagnet-11-x-1-mm-neodym-n48-satz-zu-30-stueck\/#primaryimage\"},\"thumbnailUrl\":\"https:\/\/www.magnetenspecialist.nl\/wp-content\/uploads\/2019\/03\/Magnetenspecialist.nl_Schijfmagneet-11-x-1-mm-Zelfklevend_2.jpg\",\"datePublished\":\"2025-05-27T12:19:38+00:00\",\"description\":\"Suchen Sie einen Magnetspezialist Haftscheibenmagnet 11 \u00d7 1 mm Neodym N48 - Satz zu 30 St\u00fcck? Magnete k\u00f6nnen bequem online gekauft werden Magnetenspecialist.nl 1 Werktag Lieferzeit \u2713 14 Tage Bedenkzeit \u2713 Versand oder Abholung *.\",\"breadcrumb\":{\"@id\":\"https:\/\/www.magnetenspecialist.nl\/de\/speichern\/neodym-magnet-set\/magnetspezialist-haftscheibenmagnet-11-x-1-mm-neodym-n48-satz-zu-30-stueck\/#breadcrumb\"},\"inLanguage\":\"de\",\"potentialAction\":[{\"@type\":\"ReadAction\",\"target\":[\"https:\/\/www.magnetenspecialist.nl\/de\/speichern\/neodym-magnet-set\/magnetspezialist-haftscheibenmagnet-11-x-1-mm-neodym-n48-satz-zu-30-stueck\/\"]}]},{\"@type\":\"ImageObject\",\"inLanguage\":\"de\",\"@id\":\"https:\/\/www.magnetenspecialist.nl\/de\/speichern\/neodym-magnet-set\/magnetspezialist-haftscheibenmagnet-11-x-1-mm-neodym-n48-satz-zu-30-stueck\/#primaryimage\",\"url\":\"https:\/\/www.magnetenspecialist.nl\/wp-content\/uploads\/2019\/03\/Magnetenspecialist.nl_Schijfmagneet-11-x-1-mm-Zelfklevend_2.jpg\",\"contentUrl\":\"https:\/\/www.magnetenspecialist.nl\/wp-content\/uploads\/2019\/03\/Magnetenspecialist.nl_Schijfmagneet-11-x-1-mm-Zelfklevend_2.jpg\",\"width\":1500,\"height\":1500},{\"@type\":\"BreadcrumbList\",\"@id\":\"https:\/\/www.magnetenspecialist.nl\/de\/speichern\/neodym-magnet-set\/magnetspezialist-haftscheibenmagnet-11-x-1-mm-neodym-n48-satz-zu-30-stueck\/#breadcrumb\",\"itemListElement\":[{\"@type\":\"ListItem\",\"position\":1,\"name\":\"Startseite\",\"item\":\"https:\/\/www.magnetenspecialist.nl\/de\/\"},{\"@type\":\"ListItem\",\"position\":2,\"name\":\"Shop\",\"item\":\"https:\/\/www.magnetenspecialist.nl\/de\/shop\/\"},{\"@type\":\"ListItem\",\"position\":3,\"name\":\"Priv\u00e9: Magnetspezialist Haftscheibenmagnet 11 \u00d7 1 mm Neodym N48 &#8211; Satz zu 30 St\u00fcck\"}]},{\"@type\":\"WebSite\",\"@id\":\"https:\/\/www.magnetenspecialist.nl\/de\/#website\",\"url\":\"https:\/\/www.magnetenspecialist.nl\/de\/\",\"name\":\"Magnetenspecialist.nl\",\"description\":\"Umfangreiches Angebot an Neodym-Magneten\",\"publisher\":{\"@id\":\"https:\/\/www.magnetenspecialist.nl\/de\/#organization\"},\"potentialAction\":[{\"@type\":\"SearchAction\",\"target\":{\"@type\":\"EntryPoint\",\"urlTemplate\":\"https:\/\/www.magnetenspecialist.nl\/de\/?s={search_term_string}\"},\"query-input\":{\"@type\":\"PropertyValueSpecification\",\"valueRequired\":true,\"valueName\":\"search_term_string\"}}],\"inLanguage\":\"de\"},{\"@type\":\"Organization\",\"@id\":\"https:\/\/www.magnetenspecialist.nl\/de\/#organization\",\"name\":\"Magnetenspecialist.nl\",\"url\":\"https:\/\/www.magnetenspecialist.nl\/de\/\",\"logo\":{\"@type\":\"ImageObject\",\"inLanguage\":\"de\",\"@id\":\"https:\/\/www.magnetenspecialist.nl\/de\/#\/schema\/logo\/image\/\",\"url\":\"https:\/\/www.magnetenspecialist.nl\/wp-content\/uploads\/2018\/10\/magneten-logo.jpg\",\"contentUrl\":\"https:\/\/www.magnetenspecialist.nl\/wp-content\/uploads\/2018\/10\/magneten-logo.jpg\",\"width\":151,\"height\":151,\"caption\":\"Magnetenspecialist.nl\"},\"image\":{\"@id\":\"https:\/\/www.magnetenspecialist.nl\/de\/#\/schema\/logo\/image\/\"},\"sameAs\":[\"https:\/\/www.facebook.com\/Magnetenspecialist.nl\",\"https:\/\/x.com\/magnetenspecial\"]}]}<\/script>\n<meta property=\"product:price:currency\" content=\"EUR\" \/>\n<meta property=\"og:availability\" content=\"instock\" \/>\n<meta property=\"product:availability\" content=\"instock\" \/>\n<meta property=\"product:retailer_item_id\" content=\"SC011x001-N-Z-30\" \/>\n<meta property=\"product:condition\" content=\"new\" \/>\n<!-- \/ Yoast SEO Premium plugin. -->","yoast_head_json":{"title":"Magnetspezialist Haftscheibenmagnet 11 \u00d7 1 mm Neodym N48 - Satz zu 30 St\u00fcck - Magnetenspecialist.nl","description":"Suchen Sie einen Magnetspezialist Haftscheibenmagnet 11 \u00d7 1 mm Neodym N48 - Satz zu 30 St\u00fcck? Magnete k\u00f6nnen bequem online gekauft werden Magnetenspecialist.nl 1 Werktag Lieferzeit \u2713 14 Tage Bedenkzeit \u2713 Versand oder Abholung *.","robots":{"index":"index","follow":"follow","max-snippet":"max-snippet:-1","max-image-preview":"max-image-preview:large","max-video-preview":"max-video-preview:-1"},"canonical":"https:\/\/www.magnetenspecialist.nl\/de\/speichern\/neodym-magnet-set\/magnetspezialist-haftscheibenmagnet-11-x-1-mm-neodym-n48-satz-zu-30-stueck\/","og_locale":"de_DE","og_type":"article","og_title":"Magnetspezialist Haftscheibenmagnet 11 \u00d7 1 mm Neodym N48 - Satz zu 30 St\u00fcck","og_description":"Suchen Sie einen Magnetspezialist Haftscheibenmagnet 11 \u00d7 1 mm Neodym N48 - Satz zu 30 St\u00fcck? Magnete k\u00f6nnen bequem online gekauft werden Magnetenspecialist.nl 1 Werktag Lieferzeit \u2713 14 Tage Bedenkzeit \u2713 Versand oder Abholung *.","og_url":"https:\/\/www.magnetenspecialist.nl\/de\/speichern\/neodym-magnet-set\/magnetspezialist-haftscheibenmagnet-11-x-1-mm-neodym-n48-satz-zu-30-stueck\/","og_site_name":"Magnetenspecialist.nl","article_publisher":"https:\/\/www.facebook.com\/Magnetenspecialist.nl","og_image":[{"width":1500,"height":1500,"url":"https:\/\/www.magnetenspecialist.nl\/wp-content\/uploads\/2019\/03\/Magnetenspecialist.nl_Schijfmagneet-11-x-1-mm-Zelfklevend_2.jpg","type":"image\/jpeg"}],"twitter_card":"summary_large_image","twitter_site":"@magnetenspecial","twitter_misc":{"Preis":"","Verf\u00fcgbarkeit":"Auf Lager"},"schema":{"@context":"https:\/\/schema.org","@graph":[{"@type":"WebPage","@id":"https:\/\/www.magnetenspecialist.nl\/de\/speichern\/neodym-magnet-set\/magnetspezialist-haftscheibenmagnet-11-x-1-mm-neodym-n48-satz-zu-30-stueck\/","url":"https:\/\/www.magnetenspecialist.nl\/de\/speichern\/neodym-magnet-set\/magnetspezialist-haftscheibenmagnet-11-x-1-mm-neodym-n48-satz-zu-30-stueck\/","name":"Magnetspezialist Haftscheibenmagnet 11 \u00d7 1 mm Neodym N48 - Satz zu 30 St\u00fcck - Magnetenspecialist.nl","isPartOf":{"@id":"https:\/\/www.magnetenspecialist.nl\/de\/#website"},"primaryImageOfPage":{"@id":"https:\/\/www.magnetenspecialist.nl\/de\/speichern\/neodym-magnet-set\/magnetspezialist-haftscheibenmagnet-11-x-1-mm-neodym-n48-satz-zu-30-stueck\/#primaryimage"},"image":{"@id":"https:\/\/www.magnetenspecialist.nl\/de\/speichern\/neodym-magnet-set\/magnetspezialist-haftscheibenmagnet-11-x-1-mm-neodym-n48-satz-zu-30-stueck\/#primaryimage"},"thumbnailUrl":"https:\/\/www.magnetenspecialist.nl\/wp-content\/uploads\/2019\/03\/Magnetenspecialist.nl_Schijfmagneet-11-x-1-mm-Zelfklevend_2.jpg","datePublished":"2025-05-27T12:19:38+00:00","description":"Suchen Sie einen Magnetspezialist Haftscheibenmagnet 11 \u00d7 1 mm Neodym N48 - Satz zu 30 St\u00fcck? Magnete k\u00f6nnen bequem online gekauft werden Magnetenspecialist.nl 1 Werktag Lieferzeit \u2713 14 Tage Bedenkzeit \u2713 Versand oder Abholung *.","breadcrumb":{"@id":"https:\/\/www.magnetenspecialist.nl\/de\/speichern\/neodym-magnet-set\/magnetspezialist-haftscheibenmagnet-11-x-1-mm-neodym-n48-satz-zu-30-stueck\/#breadcrumb"},"inLanguage":"de","potentialAction":[{"@type":"ReadAction","target":["https:\/\/www.magnetenspecialist.nl\/de\/speichern\/neodym-magnet-set\/magnetspezialist-haftscheibenmagnet-11-x-1-mm-neodym-n48-satz-zu-30-stueck\/"]}]},{"@type":"ImageObject","inLanguage":"de","@id":"https:\/\/www.magnetenspecialist.nl\/de\/speichern\/neodym-magnet-set\/magnetspezialist-haftscheibenmagnet-11-x-1-mm-neodym-n48-satz-zu-30-stueck\/#primaryimage","url":"https:\/\/www.magnetenspecialist.nl\/wp-content\/uploads\/2019\/03\/Magnetenspecialist.nl_Schijfmagneet-11-x-1-mm-Zelfklevend_2.jpg","contentUrl":"https:\/\/www.magnetenspecialist.nl\/wp-content\/uploads\/2019\/03\/Magnetenspecialist.nl_Schijfmagneet-11-x-1-mm-Zelfklevend_2.jpg","width":1500,"height":1500},{"@type":"BreadcrumbList","@id":"https:\/\/www.magnetenspecialist.nl\/de\/speichern\/neodym-magnet-set\/magnetspezialist-haftscheibenmagnet-11-x-1-mm-neodym-n48-satz-zu-30-stueck\/#breadcrumb","itemListElement":[{"@type":"ListItem","position":1,"name":"Startseite","item":"https:\/\/www.magnetenspecialist.nl\/de\/"},{"@type":"ListItem","position":2,"name":"Shop","item":"https:\/\/www.magnetenspecialist.nl\/de\/shop\/"},{"@type":"ListItem","position":3,"name":"Priv\u00e9: Magnetspezialist Haftscheibenmagnet 11 \u00d7 1 mm Neodym N48 &#8211; Satz zu 30 St\u00fcck"}]},{"@type":"WebSite","@id":"https:\/\/www.magnetenspecialist.nl\/de\/#website","url":"https:\/\/www.magnetenspecialist.nl\/de\/","name":"Magnetenspecialist.nl","description":"Umfangreiches Angebot an Neodym-Magneten","publisher":{"@id":"https:\/\/www.magnetenspecialist.nl\/de\/#organization"},"potentialAction":[{"@type":"SearchAction","target":{"@type":"EntryPoint","urlTemplate":"https:\/\/www.magnetenspecialist.nl\/de\/?s={search_term_string}"},"query-input":{"@type":"PropertyValueSpecification","valueRequired":true,"valueName":"search_term_string"}}],"inLanguage":"de"},{"@type":"Organization","@id":"https:\/\/www.magnetenspecialist.nl\/de\/#organization","name":"Magnetenspecialist.nl","url":"https:\/\/www.magnetenspecialist.nl\/de\/","logo":{"@type":"ImageObject","inLanguage":"de","@id":"https:\/\/www.magnetenspecialist.nl\/de\/#\/schema\/logo\/image\/","url":"https:\/\/www.magnetenspecialist.nl\/wp-content\/uploads\/2018\/10\/magneten-logo.jpg","contentUrl":"https:\/\/www.magnetenspecialist.nl\/wp-content\/uploads\/2018\/10\/magneten-logo.jpg","width":151,"height":151,"caption":"Magnetenspecialist.nl"},"image":{"@id":"https:\/\/www.magnetenspecialist.nl\/de\/#\/schema\/logo\/image\/"},"sameAs":["https:\/\/www.facebook.com\/Magnetenspecialist.nl","https:\/\/x.com\/magnetenspecial"]}]},"product_price_currency":"EUR","og_availability":"instock","product_availability":"instock","product_retailer_item_id":"SC011x001-N-Z-30","product_condition":"new"},"_links":{"self":[{"href":"https:\/\/www.magnetenspecialist.nl\/de\/wp-json\/wp\/v2\/product\/139035","targetHints":{"allow":["GET"]}}],"collection":[{"href":"https:\/\/www.magnetenspecialist.nl\/de\/wp-json\/wp\/v2\/product"}],"about":[{"href":"https:\/\/www.magnetenspecialist.nl\/de\/wp-json\/wp\/v2\/types\/product"}],"wp:featuredmedia":[{"embeddable":true,"href":"https:\/\/www.magnetenspecialist.nl\/de\/wp-json\/wp\/v2\/media\/113446"}],"wp:attachment":[{"href":"https:\/\/www.magnetenspecialist.nl\/de\/wp-json\/wp\/v2\/media?parent=139035"}],"wp:term":[{"taxonomy":"product_brand","embeddable":true,"href":"https:\/\/www.magnetenspecialist.nl\/de\/wp-json\/wp\/v2\/product_brand?post=139035"},{"taxonomy":"product_cat","embeddable":true,"href":"https:\/\/www.magnetenspecialist.nl\/de\/wp-json\/wp\/v2\/product_cat?post=139035"},{"taxonomy":"product_tag","embeddable":true,"href":"https:\/\/www.magnetenspecialist.nl\/de\/wp-json\/wp\/v2\/product_tag?post=139035"}],"curies":[{"name":"wp","href":"https:\/\/api.w.org\/{rel}","templated":true}]}}