{"id":139197,"date":"2025-06-03T14:23:08","date_gmt":"2025-06-03T12:23:08","guid":{"rendered":"https:\/\/www.magnetenspecialist.nl\/?post_type=product&p=139197"},"modified":"2025-06-03T14:23:08","modified_gmt":"2025-06-03T12:23:08","slug":"magnetspezialist-neodym-blockmagnet-254-x-254-x-127-mm-mit-kunststoffbeschichtung-und-senkung-2er-set","status":"publish","type":"product","link":"https:\/\/www.magnetenspecialist.nl\/de\/speichern\/neodym-magnet-set\/magnetspezialist-neodym-blockmagnet-254-x-254-x-127-mm-mit-kunststoffbeschichtung-und-senkung-2er-set\/","title":{"rendered":"Magnetspezialist Neodym-Blockmagnet 25,4 \u00d7 25,4 \u00d7 12,7 mm &#8211; mit Kunststoffbeschichtung und Senkung 2er-Set"},"content":{"rendered":"<h3 data-start=\"234\" data-end=\"261\"><strong data-start=\"238\" data-end=\"261\">Beschreibung des Produkts<\/strong><\/h3>\n<p data-start=\"263\" data-end=\"557\"><strong data-start=\"263\" data-end=\"347\">Neodym-Blockmagnete mit Kunststoffbeschichtung &#8211; 25,4 \u00d7 25,4 \u00d7 12,7 mm (2er Set)<\/strong><br data-start=\"347\" data-end=\"350\">Diese leistungsstarken Neodym-Blockmagnete von <strong data-start=\"392\" data-end=\"414\">Magnet Specialist<\/strong> kombinieren extreme Haftkraft mit einer haltbaren Kunststoffbeschichtung und sind damit ideal f\u00fcr industrielle und h\u00e4usliche Anwendungen.<\/p>\n<p data-start=\"559\" data-end=\"725\">Dank der <strong data-start=\"571\" data-end=\"585\">Senkbohrung<\/strong> k\u00f6nnen die Magnete einfach mit einer Schraube befestigt werden &#8211; perfekt f\u00fcr Situationen, in denen eine starke, dauerhafte Befestigung erforderlich ist.<\/p>\n<hr data-start=\"727\" data-end=\"730\">\n<h3 data-start=\"732\" data-end=\"750\"><strong data-start=\"736\" data-end=\"750\">Merkmale:<\/strong><\/h3>\n<ul data-start=\"751\" data-end=\"1090\">\n<li data-start=\"751\" data-end=\"798\">\n<p data-start=\"753\" data-end=\"798\"><strong data-start=\"753\" data-end=\"768\">Abmessungen:<\/strong> 25,4 mm \u00d7 25,4 mm \u00d7 12,7 mm<\/p>\n<\/li>\n<li data-start=\"799\" data-end=\"846\">\n<p data-start=\"801\" data-end=\"846\"><strong data-start=\"801\" data-end=\"815\">Material:<\/strong> Neodym (NdFeB) &#8211; Typ N35<\/p>\n<\/li>\n<li data-start=\"847\" data-end=\"912\">\n<p data-start=\"849\" data-end=\"912\"><strong data-start=\"849\" data-end=\"861\">Beschichtung:<\/strong> Abriebfeste Kunststoffschicht f\u00fcr zus\u00e4tzlichen Schutz<\/p>\n<\/li>\n<li data-start=\"913\" data-end=\"981\">\n<p data-start=\"915\" data-end=\"981\"><strong data-start=\"915\" data-end=\"931\">Befestigung:<\/strong> Mit Senkkopf f\u00fcr einfache Montage<\/p>\n<\/li>\n<li data-start=\"982\" data-end=\"1015\">\n<p data-start=\"984\" data-end=\"1015\"><strong data-start=\"984\" data-end=\"992\">Set:<\/strong> Enth\u00e4lt 2 Blockmagnete<\/p>\n<\/li>\n<li data-start=\"1016\" data-end=\"1090\">\n<p data-start=\"1018\" data-end=\"1090\"><strong data-start=\"1018\" data-end=\"1034\">Zugfestigkeit:<\/strong> Geeignet f\u00fcr Anwendungen, die eine hohe Haltekraft erfordern<\/p>\n<\/li>\n<\/ul>\n<hr data-start=\"1092\" data-end=\"1095\">\n<h3 data-start=\"1097\" data-end=\"1118\"><strong data-start=\"1101\" data-end=\"1118\">Anwendungen:<\/strong><\/h3>\n<ul data-start=\"1119\" data-end=\"1339\">\n<li data-start=\"1119\" data-end=\"1166\">\n<p data-start=\"1121\" data-end=\"1166\">Befestigen von Tafeln, Schildern oder Werkzeugen<\/p>\n<\/li>\n<li data-start=\"1167\" data-end=\"1221\">\n<p data-start=\"1169\" data-end=\"1221\">Heimwerkerprojekte zu Hause, in der Garage oder in der Werkstatt<\/p>\n<\/li>\n<li data-start=\"1222\" data-end=\"1289\">\n<p data-start=\"1224\" data-end=\"1289\">Professionelle Anwendungen in der Metallverarbeitung, im Maschinenbau oder im Design<\/p>\n<\/li>\n<li data-start=\"1290\" data-end=\"1339\">\n<p data-start=\"1292\" data-end=\"1339\">Sichern von T\u00fcren, Luken oder Maschinenabdeckungen<\/p>\n<\/li>\n<\/ul>\n<hr data-start=\"1341\" data-end=\"1344\">\n<h3 data-start=\"1346\" data-end=\"1392\"><strong data-start=\"1350\" data-end=\"1392\">Warum Magnetenspezialist w\u00e4hlen?<\/strong><\/h3>\n<p data-start=\"1393\" data-end=\"1607\">Magnet Specialist garantiert hochwertige Neodym-Magnete, die auf St\u00e4rke, Haltbarkeit und Zuverl\u00e4ssigkeit getestet sind. Mit Liebe zum Detail und zur Verarbeitung liefern wir Magnete, auf die Sie sich verlassen k\u00f6nnen. <\/p>\n<hr data-start=\"1609\" data-end=\"1612\">\n<p data-start=\"1614\" data-end=\"1749\">\n","protected":false},"excerpt":{"rendered":"<p>Beschreibung des Produkts Neodym-Blockmagnete mit Kunststoffbeschichtung &#8211; 25,4 \u00d7 25,4 \u00d7 12,7 mm (2er Set)Diese leistungsstarken Neodym-Blockmagnete von Magnet Specialist kombinieren extreme Haftkraft mit einer haltbaren Kunststoffbeschichtung und sind damit ideal f\u00fcr industrielle und h\u00e4usliche Anwendungen. Dank der Senkbohrung k\u00f6nnen die Magnete einfach mit einer Schraube befestigt werden &#8211; perfekt f\u00fcr Situationen, in denen eine [&hellip;]<\/p>\n","protected":false},"featured_media":133491,"template":"","meta":{"_acf_changed":false},"product_brand":[3521],"product_cat":[3532],"product_tag":[],"class_list":{"0":"post-139197","1":"product","2":"type-product","3":"status-publish","4":"has-post-thumbnail","6":"product_brand-magnetenspecialist","7":"product_cat-neodym-magnet-set","9":"first","10":"instock","11":"taxable","12":"shipping-taxable","13":"product-type-simple"},"supplier_id":null,"supplier_sku":"","barcode":null,"atum_controlled":true,"out_stock_date":null,"out_stock_threshold":null,"inheritable":false,"inbound_stock":0,"stock_on_hold":0,"sold_today":0,"sales_last_days":0,"reserved_stock":0,"customer_returns":0,"warehouse_damage":0,"lost_in_post":0,"other_logs":0,"out_stock_days":0,"lost_sales":0,"has_location":false,"update_date":"2026-04-03T08:06:11","atum_locations":[],"atum_stock_status":"instock","restock_status":false,"low_stock_amount":"","sales_update_date":"2026-04-03T08:06:11","calc_backorders":null,"acf":[],"yoast_head":"<!-- This site is optimized with the Yoast SEO Premium plugin v24.7 (Yoast SEO v24.7) - https:\/\/yoast.com\/wordpress\/plugins\/seo\/ -->\n<title>Magnetspezialist Neodym-Blockmagnet 25,4 \u00d7 25,4 \u00d7 12,7 mm - mit Kunststoffbeschichtung und Senkung 2er-Set - Magnetenspecialist.nl<\/title>\n<meta name=\"description\" content=\"Suchen Sie einen Magnetspezialist Neodym-Blockmagnet 25,4 \u00d7 25,4 \u00d7 12,7 mm - mit Kunststoffbeschichtung und Senkung 2er-Set? Magnete k\u00f6nnen bequem online gekauft werden Magnetenspecialist.nl 1 Werktag Lieferzeit \u2713 14 Tage Bedenkzeit \u2713 Versand oder Abholung *.\" \/>\n<meta name=\"robots\" content=\"index, follow, max-snippet:-1, max-image-preview:large, max-video-preview:-1\" \/>\n<link rel=\"canonical\" href=\"https:\/\/www.magnetenspecialist.nl\/de\/speichern\/neodym-magnet-set\/magnetspezialist-neodym-blockmagnet-254-x-254-x-127-mm-mit-kunststoffbeschichtung-und-senkung-2er-set\/\" \/>\n<meta property=\"og:locale\" content=\"de_DE\" \/>\n<meta property=\"og:type\" content=\"article\" \/>\n<meta property=\"og:title\" content=\"Magnetspezialist Neodym-Blockmagnet 25,4 \u00d7 25,4 \u00d7 12,7 mm - mit Kunststoffbeschichtung und Senkung 2er-Set\" \/>\n<meta property=\"og:description\" content=\"Suchen Sie einen Magnetspezialist Neodym-Blockmagnet 25,4 \u00d7 25,4 \u00d7 12,7 mm - mit Kunststoffbeschichtung und Senkung 2er-Set? Magnete k\u00f6nnen bequem online gekauft werden Magnetenspecialist.nl 1 Werktag Lieferzeit \u2713 14 Tage Bedenkzeit \u2713 Versand oder Abholung *.\" \/>\n<meta property=\"og:url\" content=\"https:\/\/www.magnetenspecialist.nl\/de\/speichern\/neodym-magnet-set\/magnetspezialist-neodym-blockmagnet-254-x-254-x-127-mm-mit-kunststoffbeschichtung-und-senkung-2er-set\/\" \/>\n<meta property=\"og:site_name\" content=\"Magnetenspecialist.nl\" \/>\n<meta property=\"article:publisher\" content=\"https:\/\/www.facebook.com\/Magnetenspecialist.nl\" \/>\n<meta property=\"og:image\" content=\"https:\/\/www.magnetenspecialist.nl\/wp-content\/uploads\/2024\/10\/Ontwerp-zonder-titel-9.png\" \/>\n\t<meta property=\"og:image:width\" content=\"1080\" \/>\n\t<meta property=\"og:image:height\" content=\"1080\" \/>\n\t<meta property=\"og:image:type\" content=\"image\/png\" \/>\n<meta name=\"twitter:card\" content=\"summary_large_image\" \/>\n<meta name=\"twitter:site\" content=\"@magnetenspecial\" \/>\n<meta name=\"twitter:label1\" content=\"Preis\" \/>\n\t<meta name=\"twitter:data1\" content=\"\" \/>\n\t<meta name=\"twitter:label2\" content=\"Verf\u00fcgbarkeit\" \/>\n\t<meta name=\"twitter:data2\" content=\"Auf Lager\" \/>\n<script type=\"application\/ld+json\" class=\"yoast-schema-graph\">{\"@context\":\"https:\/\/schema.org\",\"@graph\":[{\"@type\":\"WebPage\",\"@id\":\"https:\/\/www.magnetenspecialist.nl\/de\/speichern\/neodym-magnet-set\/magnetspezialist-neodym-blockmagnet-254-x-254-x-127-mm-mit-kunststoffbeschichtung-und-senkung-2er-set\/\",\"url\":\"https:\/\/www.magnetenspecialist.nl\/de\/speichern\/neodym-magnet-set\/magnetspezialist-neodym-blockmagnet-254-x-254-x-127-mm-mit-kunststoffbeschichtung-und-senkung-2er-set\/\",\"name\":\"Magnetspezialist Neodym-Blockmagnet 25,4 \u00d7 25,4 \u00d7 12,7 mm - mit Kunststoffbeschichtung und Senkung 2er-Set - Magnetenspecialist.nl\",\"isPartOf\":{\"@id\":\"https:\/\/www.magnetenspecialist.nl\/de\/#website\"},\"primaryImageOfPage\":{\"@id\":\"https:\/\/www.magnetenspecialist.nl\/de\/speichern\/neodym-magnet-set\/magnetspezialist-neodym-blockmagnet-254-x-254-x-127-mm-mit-kunststoffbeschichtung-und-senkung-2er-set\/#primaryimage\"},\"image\":{\"@id\":\"https:\/\/www.magnetenspecialist.nl\/de\/speichern\/neodym-magnet-set\/magnetspezialist-neodym-blockmagnet-254-x-254-x-127-mm-mit-kunststoffbeschichtung-und-senkung-2er-set\/#primaryimage\"},\"thumbnailUrl\":\"https:\/\/www.magnetenspecialist.nl\/wp-content\/uploads\/2024\/10\/Ontwerp-zonder-titel-9.png\",\"datePublished\":\"2025-06-03T12:23:08+00:00\",\"description\":\"Suchen Sie einen Magnetspezialist Neodym-Blockmagnet 25,4 \u00d7 25,4 \u00d7 12,7 mm - mit Kunststoffbeschichtung und Senkung 2er-Set? Magnete k\u00f6nnen bequem online gekauft werden Magnetenspecialist.nl 1 Werktag Lieferzeit \u2713 14 Tage Bedenkzeit \u2713 Versand oder Abholung *.\",\"breadcrumb\":{\"@id\":\"https:\/\/www.magnetenspecialist.nl\/de\/speichern\/neodym-magnet-set\/magnetspezialist-neodym-blockmagnet-254-x-254-x-127-mm-mit-kunststoffbeschichtung-und-senkung-2er-set\/#breadcrumb\"},\"inLanguage\":\"de\",\"potentialAction\":[{\"@type\":\"ReadAction\",\"target\":[\"https:\/\/www.magnetenspecialist.nl\/de\/speichern\/neodym-magnet-set\/magnetspezialist-neodym-blockmagnet-254-x-254-x-127-mm-mit-kunststoffbeschichtung-und-senkung-2er-set\/\"]}]},{\"@type\":\"ImageObject\",\"inLanguage\":\"de\",\"@id\":\"https:\/\/www.magnetenspecialist.nl\/de\/speichern\/neodym-magnet-set\/magnetspezialist-neodym-blockmagnet-254-x-254-x-127-mm-mit-kunststoffbeschichtung-und-senkung-2er-set\/#primaryimage\",\"url\":\"https:\/\/www.magnetenspecialist.nl\/wp-content\/uploads\/2024\/10\/Ontwerp-zonder-titel-9.png\",\"contentUrl\":\"https:\/\/www.magnetenspecialist.nl\/wp-content\/uploads\/2024\/10\/Ontwerp-zonder-titel-9.png\",\"width\":1080,\"height\":1080,\"caption\":\"Neodymium blokmagneet van 25,4 x 25,4 x 12,7 mm, voorzien van een robuuste kunststof ommanteling en een verzonken gat voor eenvoudige schroefbevestiging. Ideaal voor toepassingen in vochtige omgevingen zoals scheepsbouw, badkamers en campers.\"},{\"@type\":\"BreadcrumbList\",\"@id\":\"https:\/\/www.magnetenspecialist.nl\/de\/speichern\/neodym-magnet-set\/magnetspezialist-neodym-blockmagnet-254-x-254-x-127-mm-mit-kunststoffbeschichtung-und-senkung-2er-set\/#breadcrumb\",\"itemListElement\":[{\"@type\":\"ListItem\",\"position\":1,\"name\":\"Startseite\",\"item\":\"https:\/\/www.magnetenspecialist.nl\/de\/\"},{\"@type\":\"ListItem\",\"position\":2,\"name\":\"Shop\",\"item\":\"https:\/\/www.magnetenspecialist.nl\/de\/shop\/\"},{\"@type\":\"ListItem\",\"position\":3,\"name\":\"Priv\u00e9: Magnetspezialist Neodym-Blockmagnet 25,4 \u00d7 25,4 \u00d7 12,7 mm &#8211; mit Kunststoffbeschichtung und Senkung 2er-Set\"}]},{\"@type\":\"WebSite\",\"@id\":\"https:\/\/www.magnetenspecialist.nl\/de\/#website\",\"url\":\"https:\/\/www.magnetenspecialist.nl\/de\/\",\"name\":\"Magnetenspecialist.nl\",\"description\":\"Umfangreiches Angebot an Neodym-Magneten\",\"publisher\":{\"@id\":\"https:\/\/www.magnetenspecialist.nl\/de\/#organization\"},\"potentialAction\":[{\"@type\":\"SearchAction\",\"target\":{\"@type\":\"EntryPoint\",\"urlTemplate\":\"https:\/\/www.magnetenspecialist.nl\/de\/?s={search_term_string}\"},\"query-input\":{\"@type\":\"PropertyValueSpecification\",\"valueRequired\":true,\"valueName\":\"search_term_string\"}}],\"inLanguage\":\"de\"},{\"@type\":\"Organization\",\"@id\":\"https:\/\/www.magnetenspecialist.nl\/de\/#organization\",\"name\":\"Magnetenspecialist.nl\",\"url\":\"https:\/\/www.magnetenspecialist.nl\/de\/\",\"logo\":{\"@type\":\"ImageObject\",\"inLanguage\":\"de\",\"@id\":\"https:\/\/www.magnetenspecialist.nl\/de\/#\/schema\/logo\/image\/\",\"url\":\"https:\/\/www.magnetenspecialist.nl\/wp-content\/uploads\/2018\/10\/magneten-logo.jpg\",\"contentUrl\":\"https:\/\/www.magnetenspecialist.nl\/wp-content\/uploads\/2018\/10\/magneten-logo.jpg\",\"width\":151,\"height\":151,\"caption\":\"Magnetenspecialist.nl\"},\"image\":{\"@id\":\"https:\/\/www.magnetenspecialist.nl\/de\/#\/schema\/logo\/image\/\"},\"sameAs\":[\"https:\/\/www.facebook.com\/Magnetenspecialist.nl\",\"https:\/\/x.com\/magnetenspecial\"]}]}<\/script>\n<meta property=\"product:price:currency\" content=\"EUR\" \/>\n<meta property=\"og:availability\" content=\"instock\" \/>\n<meta property=\"product:availability\" content=\"instock\" \/>\n<meta property=\"product:retailer_item_id\" content=\"BLK25x25x12-N-2\" \/>\n<meta property=\"product:condition\" content=\"new\" \/>\n<!-- \/ Yoast SEO Premium plugin. -->","yoast_head_json":{"title":"Magnetspezialist Neodym-Blockmagnet 25,4 \u00d7 25,4 \u00d7 12,7 mm - mit Kunststoffbeschichtung und Senkung 2er-Set - Magnetenspecialist.nl","description":"Suchen Sie einen Magnetspezialist Neodym-Blockmagnet 25,4 \u00d7 25,4 \u00d7 12,7 mm - mit Kunststoffbeschichtung und Senkung 2er-Set? Magnete k\u00f6nnen bequem online gekauft werden Magnetenspecialist.nl 1 Werktag Lieferzeit \u2713 14 Tage Bedenkzeit \u2713 Versand oder Abholung *.","robots":{"index":"index","follow":"follow","max-snippet":"max-snippet:-1","max-image-preview":"max-image-preview:large","max-video-preview":"max-video-preview:-1"},"canonical":"https:\/\/www.magnetenspecialist.nl\/de\/speichern\/neodym-magnet-set\/magnetspezialist-neodym-blockmagnet-254-x-254-x-127-mm-mit-kunststoffbeschichtung-und-senkung-2er-set\/","og_locale":"de_DE","og_type":"article","og_title":"Magnetspezialist Neodym-Blockmagnet 25,4 \u00d7 25,4 \u00d7 12,7 mm - mit Kunststoffbeschichtung und Senkung 2er-Set","og_description":"Suchen Sie einen Magnetspezialist Neodym-Blockmagnet 25,4 \u00d7 25,4 \u00d7 12,7 mm - mit Kunststoffbeschichtung und Senkung 2er-Set? Magnete k\u00f6nnen bequem online gekauft werden Magnetenspecialist.nl 1 Werktag Lieferzeit \u2713 14 Tage Bedenkzeit \u2713 Versand oder Abholung *.","og_url":"https:\/\/www.magnetenspecialist.nl\/de\/speichern\/neodym-magnet-set\/magnetspezialist-neodym-blockmagnet-254-x-254-x-127-mm-mit-kunststoffbeschichtung-und-senkung-2er-set\/","og_site_name":"Magnetenspecialist.nl","article_publisher":"https:\/\/www.facebook.com\/Magnetenspecialist.nl","og_image":[{"width":1080,"height":1080,"url":"https:\/\/www.magnetenspecialist.nl\/wp-content\/uploads\/2024\/10\/Ontwerp-zonder-titel-9.png","type":"image\/png"}],"twitter_card":"summary_large_image","twitter_site":"@magnetenspecial","twitter_misc":{"Preis":"","Verf\u00fcgbarkeit":"Auf Lager"},"schema":{"@context":"https:\/\/schema.org","@graph":[{"@type":"WebPage","@id":"https:\/\/www.magnetenspecialist.nl\/de\/speichern\/neodym-magnet-set\/magnetspezialist-neodym-blockmagnet-254-x-254-x-127-mm-mit-kunststoffbeschichtung-und-senkung-2er-set\/","url":"https:\/\/www.magnetenspecialist.nl\/de\/speichern\/neodym-magnet-set\/magnetspezialist-neodym-blockmagnet-254-x-254-x-127-mm-mit-kunststoffbeschichtung-und-senkung-2er-set\/","name":"Magnetspezialist Neodym-Blockmagnet 25,4 \u00d7 25,4 \u00d7 12,7 mm - mit Kunststoffbeschichtung und Senkung 2er-Set - Magnetenspecialist.nl","isPartOf":{"@id":"https:\/\/www.magnetenspecialist.nl\/de\/#website"},"primaryImageOfPage":{"@id":"https:\/\/www.magnetenspecialist.nl\/de\/speichern\/neodym-magnet-set\/magnetspezialist-neodym-blockmagnet-254-x-254-x-127-mm-mit-kunststoffbeschichtung-und-senkung-2er-set\/#primaryimage"},"image":{"@id":"https:\/\/www.magnetenspecialist.nl\/de\/speichern\/neodym-magnet-set\/magnetspezialist-neodym-blockmagnet-254-x-254-x-127-mm-mit-kunststoffbeschichtung-und-senkung-2er-set\/#primaryimage"},"thumbnailUrl":"https:\/\/www.magnetenspecialist.nl\/wp-content\/uploads\/2024\/10\/Ontwerp-zonder-titel-9.png","datePublished":"2025-06-03T12:23:08+00:00","description":"Suchen Sie einen Magnetspezialist Neodym-Blockmagnet 25,4 \u00d7 25,4 \u00d7 12,7 mm - mit Kunststoffbeschichtung und Senkung 2er-Set? Magnete k\u00f6nnen bequem online gekauft werden Magnetenspecialist.nl 1 Werktag Lieferzeit \u2713 14 Tage Bedenkzeit \u2713 Versand oder Abholung *.","breadcrumb":{"@id":"https:\/\/www.magnetenspecialist.nl\/de\/speichern\/neodym-magnet-set\/magnetspezialist-neodym-blockmagnet-254-x-254-x-127-mm-mit-kunststoffbeschichtung-und-senkung-2er-set\/#breadcrumb"},"inLanguage":"de","potentialAction":[{"@type":"ReadAction","target":["https:\/\/www.magnetenspecialist.nl\/de\/speichern\/neodym-magnet-set\/magnetspezialist-neodym-blockmagnet-254-x-254-x-127-mm-mit-kunststoffbeschichtung-und-senkung-2er-set\/"]}]},{"@type":"ImageObject","inLanguage":"de","@id":"https:\/\/www.magnetenspecialist.nl\/de\/speichern\/neodym-magnet-set\/magnetspezialist-neodym-blockmagnet-254-x-254-x-127-mm-mit-kunststoffbeschichtung-und-senkung-2er-set\/#primaryimage","url":"https:\/\/www.magnetenspecialist.nl\/wp-content\/uploads\/2024\/10\/Ontwerp-zonder-titel-9.png","contentUrl":"https:\/\/www.magnetenspecialist.nl\/wp-content\/uploads\/2024\/10\/Ontwerp-zonder-titel-9.png","width":1080,"height":1080,"caption":"Neodymium blokmagneet van 25,4 x 25,4 x 12,7 mm, voorzien van een robuuste kunststof ommanteling en een verzonken gat voor eenvoudige schroefbevestiging. Ideaal voor toepassingen in vochtige omgevingen zoals scheepsbouw, badkamers en campers."},{"@type":"BreadcrumbList","@id":"https:\/\/www.magnetenspecialist.nl\/de\/speichern\/neodym-magnet-set\/magnetspezialist-neodym-blockmagnet-254-x-254-x-127-mm-mit-kunststoffbeschichtung-und-senkung-2er-set\/#breadcrumb","itemListElement":[{"@type":"ListItem","position":1,"name":"Startseite","item":"https:\/\/www.magnetenspecialist.nl\/de\/"},{"@type":"ListItem","position":2,"name":"Shop","item":"https:\/\/www.magnetenspecialist.nl\/de\/shop\/"},{"@type":"ListItem","position":3,"name":"Priv\u00e9: Magnetspezialist Neodym-Blockmagnet 25,4 \u00d7 25,4 \u00d7 12,7 mm &#8211; mit Kunststoffbeschichtung und Senkung 2er-Set"}]},{"@type":"WebSite","@id":"https:\/\/www.magnetenspecialist.nl\/de\/#website","url":"https:\/\/www.magnetenspecialist.nl\/de\/","name":"Magnetenspecialist.nl","description":"Umfangreiches Angebot an Neodym-Magneten","publisher":{"@id":"https:\/\/www.magnetenspecialist.nl\/de\/#organization"},"potentialAction":[{"@type":"SearchAction","target":{"@type":"EntryPoint","urlTemplate":"https:\/\/www.magnetenspecialist.nl\/de\/?s={search_term_string}"},"query-input":{"@type":"PropertyValueSpecification","valueRequired":true,"valueName":"search_term_string"}}],"inLanguage":"de"},{"@type":"Organization","@id":"https:\/\/www.magnetenspecialist.nl\/de\/#organization","name":"Magnetenspecialist.nl","url":"https:\/\/www.magnetenspecialist.nl\/de\/","logo":{"@type":"ImageObject","inLanguage":"de","@id":"https:\/\/www.magnetenspecialist.nl\/de\/#\/schema\/logo\/image\/","url":"https:\/\/www.magnetenspecialist.nl\/wp-content\/uploads\/2018\/10\/magneten-logo.jpg","contentUrl":"https:\/\/www.magnetenspecialist.nl\/wp-content\/uploads\/2018\/10\/magneten-logo.jpg","width":151,"height":151,"caption":"Magnetenspecialist.nl"},"image":{"@id":"https:\/\/www.magnetenspecialist.nl\/de\/#\/schema\/logo\/image\/"},"sameAs":["https:\/\/www.facebook.com\/Magnetenspecialist.nl","https:\/\/x.com\/magnetenspecial"]}]},"product_price_currency":"EUR","og_availability":"instock","product_availability":"instock","product_retailer_item_id":"BLK25x25x12-N-2","product_condition":"new"},"_links":{"self":[{"href":"https:\/\/www.magnetenspecialist.nl\/de\/wp-json\/wp\/v2\/product\/139197","targetHints":{"allow":["GET"]}}],"collection":[{"href":"https:\/\/www.magnetenspecialist.nl\/de\/wp-json\/wp\/v2\/product"}],"about":[{"href":"https:\/\/www.magnetenspecialist.nl\/de\/wp-json\/wp\/v2\/types\/product"}],"wp:featuredmedia":[{"embeddable":true,"href":"https:\/\/www.magnetenspecialist.nl\/de\/wp-json\/wp\/v2\/media\/133491"}],"wp:attachment":[{"href":"https:\/\/www.magnetenspecialist.nl\/de\/wp-json\/wp\/v2\/media?parent=139197"}],"wp:term":[{"taxonomy":"product_brand","embeddable":true,"href":"https:\/\/www.magnetenspecialist.nl\/de\/wp-json\/wp\/v2\/product_brand?post=139197"},{"taxonomy":"product_cat","embeddable":true,"href":"https:\/\/www.magnetenspecialist.nl\/de\/wp-json\/wp\/v2\/product_cat?post=139197"},{"taxonomy":"product_tag","embeddable":true,"href":"https:\/\/www.magnetenspecialist.nl\/de\/wp-json\/wp\/v2\/product_tag?post=139197"}],"curies":[{"name":"wp","href":"https:\/\/api.w.org\/{rel}","templated":true}]}}