{"id":139209,"date":"2025-05-23T13:20:52","date_gmt":"2025-05-23T11:20:52","guid":{"rendered":"https:\/\/www.magnetenspecialist.nl\/?post_type=product&p=139209"},"modified":"2025-05-23T13:20:52","modified_gmt":"2025-05-23T11:20:52","slug":"magnetspezialist-haftblockmagnet-40-x-12-x-1-mm-neodym-n48-satz-zu-30-stueck","status":"publish","type":"product","link":"https:\/\/www.magnetenspecialist.nl\/de\/speichern\/neodym-magnet-set\/magnetspezialist-haftblockmagnet-40-x-12-x-1-mm-neodym-n48-satz-zu-30-stueck\/","title":{"rendered":"Magnetspezialist Haftblockmagnet 40 \u00d7 12 \u00d7 1 mm Neodym N48 &#8211; Satz zu 30 St\u00fcck"},"content":{"rendered":"<h3 data-start=\"162\" data-end=\"232\"><strong data-start=\"166\" data-end=\"232\">Selbstklebender Blockmagnet 40\u00d712\u00d71 mm Neodym N48 &#8211; Satz von 30<\/strong><\/h3>\n<p data-start=\"234\" data-end=\"525\">Diese extralangen und flachen 40\u00d712\u00d71 mm <strong data-start=\"261\" data-end=\"287\">Neodym-Blockmagnete<\/strong> sind mit einer starken <strong data-start=\"336\" data-end=\"359\">selbstklebenden 3M-H\u00fclle<\/strong> ausgestattet und eignen sich daher perfekt f\u00fcr Anwendungen, bei denen wenig Platz vorhanden ist, aber eine starke Befestigung erforderlich ist. Ideal f\u00fcr kreative, technische oder dekorative Projekte. <\/p>\n<h4 data-start=\"527\" data-end=\"544\">&#x2705; Vorteile:<\/h4>\n<ul data-start=\"545\" data-end=\"1051\">\n<li data-start=\"545\" data-end=\"662\">\n<p data-start=\"547\" data-end=\"662\"><strong data-start=\"547\" data-end=\"574\">Ultrad\u00fcnn, aber leistungsstark:<\/strong> Nur 1 mm dick, aber mit starker N48-Magnetisierung f\u00fcr zuverl\u00e4ssige Haftung.<\/p>\n<\/li>\n<li data-start=\"663\" data-end=\"762\">\n<p data-start=\"665\" data-end=\"762\"><strong data-start=\"665\" data-end=\"693\">Einfach zu befestigen:<\/strong> Dank des hochwertigen 3M-Klebebands ben\u00f6tigen Sie weder Schrauben noch Klebstoff.<\/p>\n<\/li>\n<li data-start=\"763\" data-end=\"850\">\n<p data-start=\"765\" data-end=\"850\"><strong data-start=\"765\" data-end=\"785\">Gro\u00dfe Oberfl\u00e4che:<\/strong> Die lange Form bietet eine gr\u00f6\u00dfere Kontaktfl\u00e4che und damit zus\u00e4tzlichen Halt.<\/p>\n<\/li>\n<li data-start=\"851\" data-end=\"964\">\n<p data-start=\"853\" data-end=\"964\"><strong data-start=\"853\" data-end=\"878\">Vielseitig einsetzbar:<\/strong> Ideal f\u00fcr Displays, Verpackungen, M\u00f6bel, Bastelprojekte und Innenanwendungen.<\/p>\n<\/li>\n<li data-start=\"965\" data-end=\"1051\">\n<p data-start=\"967\" data-end=\"1051\"><strong data-start=\"967\" data-end=\"988\">Set mit 30 St\u00fcck:<\/strong> Perfekt f\u00fcr den professionellen Einsatz oder gro\u00dfe Projekte.<\/p>\n<\/li>\n<\/ul>\n<h4 data-start=\"1053\" data-end=\"1075\">&#x1f4d0; Spezifikationen:<\/h4>\n<ul data-start=\"1076\" data-end=\"1285\">\n<li data-start=\"1076\" data-end=\"1133\">\n<p data-start=\"1078\" data-end=\"1133\"><strong data-start=\"1078\" data-end=\"1093\">Abmessungen:<\/strong> 40\u00d712\u00d71 mm (L\u00e4nge \u00d7 Breite \u00d7 Dicke)<\/p>\n<\/li>\n<li data-start=\"1134\" data-end=\"1175\">\n<p data-start=\"1136\" data-end=\"1175\"><strong data-start=\"1136\" data-end=\"1150\">Material:<\/strong> Neodym (NdFeB), N48<\/p>\n<\/li>\n<li data-start=\"1176\" data-end=\"1221\">\n<p data-start=\"1178\" data-end=\"1221\"><strong data-start=\"1178\" data-end=\"1194\">Befestigung:<\/strong> Selbstklebend mit 3M 467MP<\/p>\n<\/li>\n<li data-start=\"1222\" data-end=\"1260\">\n<p data-start=\"1224\" data-end=\"1260\"><strong data-start=\"1224\" data-end=\"1236\">Beschichtung:<\/strong> Vernickelt (Ni-Cu-Ni)<\/p>\n<\/li>\n<li data-start=\"1261\" data-end=\"1285\">\n<p data-start=\"1263\" data-end=\"1285\"><strong data-start=\"1263\" data-end=\"1274\">Anzahl:<\/strong> 30 St\u00fcck<\/p>\n<\/li>\n<\/ul>\n<p data-start=\"1287\" data-end=\"1412\">Entscheiden Sie sich f\u00fcr eine schlanke, zuverl\u00e4ssige und professionelle Befestigungsl\u00f6sung mit diesen selbstklebenden Blockmagneten von h\u00f6chster Qualit\u00e4t.<\/p>\n","protected":false},"excerpt":{"rendered":"<p>Selbstklebender Blockmagnet 40\u00d712\u00d71 mm Neodym N48 &#8211; Satz von 30 Diese extralangen und flachen 40\u00d712\u00d71 mm Neodym-Blockmagnete sind mit einer starken selbstklebenden 3M-H\u00fclle ausgestattet und eignen sich daher perfekt f\u00fcr Anwendungen, bei denen wenig Platz vorhanden ist, aber eine starke Befestigung erforderlich ist. Ideal f\u00fcr kreative, technische oder dekorative Projekte. &#x2705; Vorteile: Ultrad\u00fcnn, aber leistungsstark: [&hellip;]<\/p>\n","protected":false},"featured_media":113426,"template":"","meta":{"_acf_changed":false},"product_brand":[3521],"product_cat":[3532],"product_tag":[],"class_list":{"0":"post-139209","1":"product","2":"type-product","3":"status-publish","4":"has-post-thumbnail","6":"product_brand-magnetenspecialist","7":"product_cat-neodym-magnet-set","9":"first","10":"instock","11":"taxable","12":"shipping-taxable","13":"product-type-simple"},"supplier_id":null,"supplier_sku":"","barcode":null,"atum_controlled":true,"out_stock_date":null,"out_stock_threshold":null,"inheritable":false,"inbound_stock":0,"stock_on_hold":0,"sold_today":0,"sales_last_days":0,"reserved_stock":0,"customer_returns":0,"warehouse_damage":0,"lost_in_post":0,"other_logs":0,"out_stock_days":0,"lost_sales":0,"has_location":false,"update_date":"2026-04-03T08:06:11","atum_locations":[],"atum_stock_status":"instock","restock_status":false,"low_stock_amount":"","sales_update_date":"2026-04-03T08:06:11","calc_backorders":null,"acf":[],"yoast_head":"<!-- This site is optimized with the Yoast SEO Premium plugin v24.7 (Yoast SEO v24.7) - https:\/\/yoast.com\/wordpress\/plugins\/seo\/ -->\n<title>Magnetspezialist Haftblockmagnet 40 \u00d7 12 \u00d7 1 mm Neodym N48 - Satz zu 30 St\u00fcck - Magnetenspecialist.nl<\/title>\n<meta name=\"description\" content=\"Suchen Sie einen Magnetspezialist Haftblockmagnet 40 \u00d7 12 \u00d7 1 mm Neodym N48 - Satz zu 30 St\u00fcck? Magnete k\u00f6nnen bequem online gekauft werden Magnetenspecialist.nl 1 Werktag Lieferzeit \u2713 14 Tage Bedenkzeit \u2713 Versand oder Abholung *.\" \/>\n<meta name=\"robots\" content=\"index, follow, max-snippet:-1, max-image-preview:large, max-video-preview:-1\" \/>\n<link rel=\"canonical\" href=\"https:\/\/www.magnetenspecialist.nl\/de\/speichern\/neodym-magnet-set\/magnetspezialist-haftblockmagnet-40-x-12-x-1-mm-neodym-n48-satz-zu-30-stueck\/\" \/>\n<meta property=\"og:locale\" content=\"de_DE\" \/>\n<meta property=\"og:type\" content=\"article\" \/>\n<meta property=\"og:title\" content=\"Magnetspezialist Haftblockmagnet 40 \u00d7 12 \u00d7 1 mm Neodym N48 - Satz zu 30 St\u00fcck\" \/>\n<meta property=\"og:description\" content=\"Suchen Sie einen Magnetspezialist Haftblockmagnet 40 \u00d7 12 \u00d7 1 mm Neodym N48 - Satz zu 30 St\u00fcck? Magnete k\u00f6nnen bequem online gekauft werden Magnetenspecialist.nl 1 Werktag Lieferzeit \u2713 14 Tage Bedenkzeit \u2713 Versand oder Abholung *.\" \/>\n<meta property=\"og:url\" content=\"https:\/\/www.magnetenspecialist.nl\/de\/speichern\/neodym-magnet-set\/magnetspezialist-haftblockmagnet-40-x-12-x-1-mm-neodym-n48-satz-zu-30-stueck\/\" \/>\n<meta property=\"og:site_name\" content=\"Magnetenspecialist.nl\" \/>\n<meta property=\"article:publisher\" content=\"https:\/\/www.facebook.com\/Magnetenspecialist.nl\" \/>\n<meta property=\"og:image\" content=\"https:\/\/www.magnetenspecialist.nl\/wp-content\/uploads\/2019\/03\/Magnetenspecialist.nl_Blokmagneet-40-x-12-x-1-mm-zelfklevend_1.jpg\" \/>\n\t<meta property=\"og:image:width\" content=\"1500\" \/>\n\t<meta property=\"og:image:height\" content=\"1500\" \/>\n\t<meta property=\"og:image:type\" content=\"image\/jpeg\" \/>\n<meta name=\"twitter:card\" content=\"summary_large_image\" \/>\n<meta name=\"twitter:site\" content=\"@magnetenspecial\" \/>\n<meta name=\"twitter:label1\" content=\"Preis\" \/>\n\t<meta name=\"twitter:data1\" content=\"\" \/>\n\t<meta name=\"twitter:label2\" content=\"Verf\u00fcgbarkeit\" \/>\n\t<meta name=\"twitter:data2\" content=\"Auf Lager\" \/>\n<script type=\"application\/ld+json\" class=\"yoast-schema-graph\">{\"@context\":\"https:\/\/schema.org\",\"@graph\":[{\"@type\":\"WebPage\",\"@id\":\"https:\/\/www.magnetenspecialist.nl\/de\/speichern\/neodym-magnet-set\/magnetspezialist-haftblockmagnet-40-x-12-x-1-mm-neodym-n48-satz-zu-30-stueck\/\",\"url\":\"https:\/\/www.magnetenspecialist.nl\/de\/speichern\/neodym-magnet-set\/magnetspezialist-haftblockmagnet-40-x-12-x-1-mm-neodym-n48-satz-zu-30-stueck\/\",\"name\":\"Magnetspezialist Haftblockmagnet 40 \u00d7 12 \u00d7 1 mm Neodym N48 - Satz zu 30 St\u00fcck - Magnetenspecialist.nl\",\"isPartOf\":{\"@id\":\"https:\/\/www.magnetenspecialist.nl\/de\/#website\"},\"primaryImageOfPage\":{\"@id\":\"https:\/\/www.magnetenspecialist.nl\/de\/speichern\/neodym-magnet-set\/magnetspezialist-haftblockmagnet-40-x-12-x-1-mm-neodym-n48-satz-zu-30-stueck\/#primaryimage\"},\"image\":{\"@id\":\"https:\/\/www.magnetenspecialist.nl\/de\/speichern\/neodym-magnet-set\/magnetspezialist-haftblockmagnet-40-x-12-x-1-mm-neodym-n48-satz-zu-30-stueck\/#primaryimage\"},\"thumbnailUrl\":\"https:\/\/www.magnetenspecialist.nl\/wp-content\/uploads\/2019\/03\/Magnetenspecialist.nl_Blokmagneet-40-x-12-x-1-mm-zelfklevend_1.jpg\",\"datePublished\":\"2025-05-23T11:20:52+00:00\",\"description\":\"Suchen Sie einen Magnetspezialist Haftblockmagnet 40 \u00d7 12 \u00d7 1 mm Neodym N48 - Satz zu 30 St\u00fcck? Magnete k\u00f6nnen bequem online gekauft werden Magnetenspecialist.nl 1 Werktag Lieferzeit \u2713 14 Tage Bedenkzeit \u2713 Versand oder Abholung *.\",\"breadcrumb\":{\"@id\":\"https:\/\/www.magnetenspecialist.nl\/de\/speichern\/neodym-magnet-set\/magnetspezialist-haftblockmagnet-40-x-12-x-1-mm-neodym-n48-satz-zu-30-stueck\/#breadcrumb\"},\"inLanguage\":\"de\",\"potentialAction\":[{\"@type\":\"ReadAction\",\"target\":[\"https:\/\/www.magnetenspecialist.nl\/de\/speichern\/neodym-magnet-set\/magnetspezialist-haftblockmagnet-40-x-12-x-1-mm-neodym-n48-satz-zu-30-stueck\/\"]}]},{\"@type\":\"ImageObject\",\"inLanguage\":\"de\",\"@id\":\"https:\/\/www.magnetenspecialist.nl\/de\/speichern\/neodym-magnet-set\/magnetspezialist-haftblockmagnet-40-x-12-x-1-mm-neodym-n48-satz-zu-30-stueck\/#primaryimage\",\"url\":\"https:\/\/www.magnetenspecialist.nl\/wp-content\/uploads\/2019\/03\/Magnetenspecialist.nl_Blokmagneet-40-x-12-x-1-mm-zelfklevend_1.jpg\",\"contentUrl\":\"https:\/\/www.magnetenspecialist.nl\/wp-content\/uploads\/2019\/03\/Magnetenspecialist.nl_Blokmagneet-40-x-12-x-1-mm-zelfklevend_1.jpg\",\"width\":1500,\"height\":1500},{\"@type\":\"BreadcrumbList\",\"@id\":\"https:\/\/www.magnetenspecialist.nl\/de\/speichern\/neodym-magnet-set\/magnetspezialist-haftblockmagnet-40-x-12-x-1-mm-neodym-n48-satz-zu-30-stueck\/#breadcrumb\",\"itemListElement\":[{\"@type\":\"ListItem\",\"position\":1,\"name\":\"Startseite\",\"item\":\"https:\/\/www.magnetenspecialist.nl\/de\/\"},{\"@type\":\"ListItem\",\"position\":2,\"name\":\"Shop\",\"item\":\"https:\/\/www.magnetenspecialist.nl\/de\/shop\/\"},{\"@type\":\"ListItem\",\"position\":3,\"name\":\"Priv\u00e9: Magnetspezialist Haftblockmagnet 40 \u00d7 12 \u00d7 1 mm Neodym N48 &#8211; Satz zu 30 St\u00fcck\"}]},{\"@type\":\"WebSite\",\"@id\":\"https:\/\/www.magnetenspecialist.nl\/de\/#website\",\"url\":\"https:\/\/www.magnetenspecialist.nl\/de\/\",\"name\":\"Magnetenspecialist.nl\",\"description\":\"Umfangreiches Angebot an Neodym-Magneten\",\"publisher\":{\"@id\":\"https:\/\/www.magnetenspecialist.nl\/de\/#organization\"},\"potentialAction\":[{\"@type\":\"SearchAction\",\"target\":{\"@type\":\"EntryPoint\",\"urlTemplate\":\"https:\/\/www.magnetenspecialist.nl\/de\/?s={search_term_string}\"},\"query-input\":{\"@type\":\"PropertyValueSpecification\",\"valueRequired\":true,\"valueName\":\"search_term_string\"}}],\"inLanguage\":\"de\"},{\"@type\":\"Organization\",\"@id\":\"https:\/\/www.magnetenspecialist.nl\/de\/#organization\",\"name\":\"Magnetenspecialist.nl\",\"url\":\"https:\/\/www.magnetenspecialist.nl\/de\/\",\"logo\":{\"@type\":\"ImageObject\",\"inLanguage\":\"de\",\"@id\":\"https:\/\/www.magnetenspecialist.nl\/de\/#\/schema\/logo\/image\/\",\"url\":\"https:\/\/www.magnetenspecialist.nl\/wp-content\/uploads\/2018\/10\/magneten-logo.jpg\",\"contentUrl\":\"https:\/\/www.magnetenspecialist.nl\/wp-content\/uploads\/2018\/10\/magneten-logo.jpg\",\"width\":151,\"height\":151,\"caption\":\"Magnetenspecialist.nl\"},\"image\":{\"@id\":\"https:\/\/www.magnetenspecialist.nl\/de\/#\/schema\/logo\/image\/\"},\"sameAs\":[\"https:\/\/www.facebook.com\/Magnetenspecialist.nl\",\"https:\/\/x.com\/magnetenspecial\"]}]}<\/script>\n<meta property=\"product:price:currency\" content=\"EUR\" \/>\n<meta property=\"og:availability\" content=\"instock\" \/>\n<meta property=\"product:availability\" content=\"instock\" \/>\n<meta property=\"product:retailer_item_id\" content=\"BL40x12x1-N-30\" \/>\n<meta property=\"product:condition\" content=\"new\" \/>\n<!-- \/ Yoast SEO Premium plugin. -->","yoast_head_json":{"title":"Magnetspezialist Haftblockmagnet 40 \u00d7 12 \u00d7 1 mm Neodym N48 - Satz zu 30 St\u00fcck - Magnetenspecialist.nl","description":"Suchen Sie einen Magnetspezialist Haftblockmagnet 40 \u00d7 12 \u00d7 1 mm Neodym N48 - Satz zu 30 St\u00fcck? Magnete k\u00f6nnen bequem online gekauft werden Magnetenspecialist.nl 1 Werktag Lieferzeit \u2713 14 Tage Bedenkzeit \u2713 Versand oder Abholung *.","robots":{"index":"index","follow":"follow","max-snippet":"max-snippet:-1","max-image-preview":"max-image-preview:large","max-video-preview":"max-video-preview:-1"},"canonical":"https:\/\/www.magnetenspecialist.nl\/de\/speichern\/neodym-magnet-set\/magnetspezialist-haftblockmagnet-40-x-12-x-1-mm-neodym-n48-satz-zu-30-stueck\/","og_locale":"de_DE","og_type":"article","og_title":"Magnetspezialist Haftblockmagnet 40 \u00d7 12 \u00d7 1 mm Neodym N48 - Satz zu 30 St\u00fcck","og_description":"Suchen Sie einen Magnetspezialist Haftblockmagnet 40 \u00d7 12 \u00d7 1 mm Neodym N48 - Satz zu 30 St\u00fcck? Magnete k\u00f6nnen bequem online gekauft werden Magnetenspecialist.nl 1 Werktag Lieferzeit \u2713 14 Tage Bedenkzeit \u2713 Versand oder Abholung *.","og_url":"https:\/\/www.magnetenspecialist.nl\/de\/speichern\/neodym-magnet-set\/magnetspezialist-haftblockmagnet-40-x-12-x-1-mm-neodym-n48-satz-zu-30-stueck\/","og_site_name":"Magnetenspecialist.nl","article_publisher":"https:\/\/www.facebook.com\/Magnetenspecialist.nl","og_image":[{"width":1500,"height":1500,"url":"https:\/\/www.magnetenspecialist.nl\/wp-content\/uploads\/2019\/03\/Magnetenspecialist.nl_Blokmagneet-40-x-12-x-1-mm-zelfklevend_1.jpg","type":"image\/jpeg"}],"twitter_card":"summary_large_image","twitter_site":"@magnetenspecial","twitter_misc":{"Preis":"","Verf\u00fcgbarkeit":"Auf Lager"},"schema":{"@context":"https:\/\/schema.org","@graph":[{"@type":"WebPage","@id":"https:\/\/www.magnetenspecialist.nl\/de\/speichern\/neodym-magnet-set\/magnetspezialist-haftblockmagnet-40-x-12-x-1-mm-neodym-n48-satz-zu-30-stueck\/","url":"https:\/\/www.magnetenspecialist.nl\/de\/speichern\/neodym-magnet-set\/magnetspezialist-haftblockmagnet-40-x-12-x-1-mm-neodym-n48-satz-zu-30-stueck\/","name":"Magnetspezialist Haftblockmagnet 40 \u00d7 12 \u00d7 1 mm Neodym N48 - Satz zu 30 St\u00fcck - Magnetenspecialist.nl","isPartOf":{"@id":"https:\/\/www.magnetenspecialist.nl\/de\/#website"},"primaryImageOfPage":{"@id":"https:\/\/www.magnetenspecialist.nl\/de\/speichern\/neodym-magnet-set\/magnetspezialist-haftblockmagnet-40-x-12-x-1-mm-neodym-n48-satz-zu-30-stueck\/#primaryimage"},"image":{"@id":"https:\/\/www.magnetenspecialist.nl\/de\/speichern\/neodym-magnet-set\/magnetspezialist-haftblockmagnet-40-x-12-x-1-mm-neodym-n48-satz-zu-30-stueck\/#primaryimage"},"thumbnailUrl":"https:\/\/www.magnetenspecialist.nl\/wp-content\/uploads\/2019\/03\/Magnetenspecialist.nl_Blokmagneet-40-x-12-x-1-mm-zelfklevend_1.jpg","datePublished":"2025-05-23T11:20:52+00:00","description":"Suchen Sie einen Magnetspezialist Haftblockmagnet 40 \u00d7 12 \u00d7 1 mm Neodym N48 - Satz zu 30 St\u00fcck? Magnete k\u00f6nnen bequem online gekauft werden Magnetenspecialist.nl 1 Werktag Lieferzeit \u2713 14 Tage Bedenkzeit \u2713 Versand oder Abholung *.","breadcrumb":{"@id":"https:\/\/www.magnetenspecialist.nl\/de\/speichern\/neodym-magnet-set\/magnetspezialist-haftblockmagnet-40-x-12-x-1-mm-neodym-n48-satz-zu-30-stueck\/#breadcrumb"},"inLanguage":"de","potentialAction":[{"@type":"ReadAction","target":["https:\/\/www.magnetenspecialist.nl\/de\/speichern\/neodym-magnet-set\/magnetspezialist-haftblockmagnet-40-x-12-x-1-mm-neodym-n48-satz-zu-30-stueck\/"]}]},{"@type":"ImageObject","inLanguage":"de","@id":"https:\/\/www.magnetenspecialist.nl\/de\/speichern\/neodym-magnet-set\/magnetspezialist-haftblockmagnet-40-x-12-x-1-mm-neodym-n48-satz-zu-30-stueck\/#primaryimage","url":"https:\/\/www.magnetenspecialist.nl\/wp-content\/uploads\/2019\/03\/Magnetenspecialist.nl_Blokmagneet-40-x-12-x-1-mm-zelfklevend_1.jpg","contentUrl":"https:\/\/www.magnetenspecialist.nl\/wp-content\/uploads\/2019\/03\/Magnetenspecialist.nl_Blokmagneet-40-x-12-x-1-mm-zelfklevend_1.jpg","width":1500,"height":1500},{"@type":"BreadcrumbList","@id":"https:\/\/www.magnetenspecialist.nl\/de\/speichern\/neodym-magnet-set\/magnetspezialist-haftblockmagnet-40-x-12-x-1-mm-neodym-n48-satz-zu-30-stueck\/#breadcrumb","itemListElement":[{"@type":"ListItem","position":1,"name":"Startseite","item":"https:\/\/www.magnetenspecialist.nl\/de\/"},{"@type":"ListItem","position":2,"name":"Shop","item":"https:\/\/www.magnetenspecialist.nl\/de\/shop\/"},{"@type":"ListItem","position":3,"name":"Priv\u00e9: Magnetspezialist Haftblockmagnet 40 \u00d7 12 \u00d7 1 mm Neodym N48 &#8211; Satz zu 30 St\u00fcck"}]},{"@type":"WebSite","@id":"https:\/\/www.magnetenspecialist.nl\/de\/#website","url":"https:\/\/www.magnetenspecialist.nl\/de\/","name":"Magnetenspecialist.nl","description":"Umfangreiches Angebot an Neodym-Magneten","publisher":{"@id":"https:\/\/www.magnetenspecialist.nl\/de\/#organization"},"potentialAction":[{"@type":"SearchAction","target":{"@type":"EntryPoint","urlTemplate":"https:\/\/www.magnetenspecialist.nl\/de\/?s={search_term_string}"},"query-input":{"@type":"PropertyValueSpecification","valueRequired":true,"valueName":"search_term_string"}}],"inLanguage":"de"},{"@type":"Organization","@id":"https:\/\/www.magnetenspecialist.nl\/de\/#organization","name":"Magnetenspecialist.nl","url":"https:\/\/www.magnetenspecialist.nl\/de\/","logo":{"@type":"ImageObject","inLanguage":"de","@id":"https:\/\/www.magnetenspecialist.nl\/de\/#\/schema\/logo\/image\/","url":"https:\/\/www.magnetenspecialist.nl\/wp-content\/uploads\/2018\/10\/magneten-logo.jpg","contentUrl":"https:\/\/www.magnetenspecialist.nl\/wp-content\/uploads\/2018\/10\/magneten-logo.jpg","width":151,"height":151,"caption":"Magnetenspecialist.nl"},"image":{"@id":"https:\/\/www.magnetenspecialist.nl\/de\/#\/schema\/logo\/image\/"},"sameAs":["https:\/\/www.facebook.com\/Magnetenspecialist.nl","https:\/\/x.com\/magnetenspecial"]}]},"product_price_currency":"EUR","og_availability":"instock","product_availability":"instock","product_retailer_item_id":"BL40x12x1-N-30","product_condition":"new"},"_links":{"self":[{"href":"https:\/\/www.magnetenspecialist.nl\/de\/wp-json\/wp\/v2\/product\/139209","targetHints":{"allow":["GET"]}}],"collection":[{"href":"https:\/\/www.magnetenspecialist.nl\/de\/wp-json\/wp\/v2\/product"}],"about":[{"href":"https:\/\/www.magnetenspecialist.nl\/de\/wp-json\/wp\/v2\/types\/product"}],"wp:featuredmedia":[{"embeddable":true,"href":"https:\/\/www.magnetenspecialist.nl\/de\/wp-json\/wp\/v2\/media\/113426"}],"wp:attachment":[{"href":"https:\/\/www.magnetenspecialist.nl\/de\/wp-json\/wp\/v2\/media?parent=139209"}],"wp:term":[{"taxonomy":"product_brand","embeddable":true,"href":"https:\/\/www.magnetenspecialist.nl\/de\/wp-json\/wp\/v2\/product_brand?post=139209"},{"taxonomy":"product_cat","embeddable":true,"href":"https:\/\/www.magnetenspecialist.nl\/de\/wp-json\/wp\/v2\/product_cat?post=139209"},{"taxonomy":"product_tag","embeddable":true,"href":"https:\/\/www.magnetenspecialist.nl\/de\/wp-json\/wp\/v2\/product_tag?post=139209"}],"curies":[{"name":"wp","href":"https:\/\/api.w.org\/{rel}","templated":true}]}}