{"id":139212,"date":"2025-06-03T16:47:31","date_gmt":"2025-06-03T14:47:31","guid":{"rendered":"https:\/\/www.magnetenspecialist.nl\/?post_type=product&#038;p=139212"},"modified":"2026-02-25T15:34:14","modified_gmt":"2026-02-25T14:34:14","slug":"magnetspezialist-haftscheibenmagnet-15-x-1-mm-neodym-n48-satz-zu-30-stueck","status":"publish","type":"product","link":"https:\/\/www.magnetenspecialist.nl\/de\/speichern\/neodym-magnet-set\/magnetspezialist-haftscheibenmagnet-15-x-1-mm-neodym-n48-satz-zu-30-stueck\/","title":{"rendered":"Magnetspezialist Haftscheibenmagnet 15 \u00d7 1 mm Neodym N48 &#8211; Satz zu 30 St\u00fcck"},"content":{"rendered":"<p>Haftscheibenmagnete 15 \u00d7 1 mm Neodym N48 &#8211; Set zu 30 St\u00fcck<\/p>\n<p>&nbsp;<\/p>\n<p data-start=\"265\" data-end=\"506\">Starke 15 \u00d7 1 mm (N48) selbstklebende Neodym-Scheibenmagnete &#8211; ideal f\u00fcr kreative Projekte, Modellieren, Basteln und professionelle Anwendungen. Verpackt zu 30 St\u00fcck. <\/p>\n<p data-start=\"508\" data-end=\"906\"><strong data-start=\"508\" data-end=\"531\">Lange Beschreibung:<\/strong><br data-start=\"531\" data-end=\"534\">Diese leistungsstarken <strong data-start=\"549\" data-end=\"580\">selbstklebenden Scheibenmagnete<\/strong> mit einem Durchmesser von <strong data-start=\"602\" data-end=\"611\">15 mm<\/strong> und einer Dicke von <strong data-start=\"629\" data-end=\"637\">1 mm<\/strong> bestehen aus hochwertigem <strong data-start=\"667\" data-end=\"686\">Neodym (N48)<\/strong> &#8211; einem der st\u00e4rksten magnetischen Materialien \u00fcberhaupt. Dank der <strong data-start=\"765\" data-end=\"780\">3M Haftschicht<\/strong> haften sie m\u00fchelos auf glatten Oberfl\u00e4chen wie Holz, Metall, Glas oder Kunststoff. Perfekt f\u00fcr zahlreiche Anwendungen wie z.B.:  <\/p>\n<ul data-start=\"908\" data-end=\"1082\">\n<li data-start=\"908\" data-end=\"934\">\n<p data-start=\"910\" data-end=\"934\">Heimwerker-Projekte<\/p>\n<\/li>\n<li data-start=\"935\" data-end=\"961\">\n<p data-start=\"937\" data-end=\"961\">Modellbau und Modelle<\/p>\n<\/li>\n<li data-start=\"962\" data-end=\"994\">\n<p data-start=\"964\" data-end=\"994\">Fotomontagen und Pr\u00e4sentationen<\/p>\n<\/li>\n<li data-start=\"995\" data-end=\"1043\">\n<p data-start=\"997\" data-end=\"1043\">Verschlussmechanismen f\u00fcr Verpackungen oder Schr\u00e4nke<\/p>\n<\/li>\n<li data-start=\"1044\" data-end=\"1082\">\n<p data-start=\"1046\" data-end=\"1082\">Kreative und dekorative L\u00f6sungen<\/p>\n<\/li>\n<\/ul>\n<p data-start=\"1084\" data-end=\"1114\"><strong data-start=\"1084\" data-end=\"1112\">Wichtige Merkmale:<\/strong><\/p>\n<ul data-start=\"1115\" data-end=\"1389\">\n<li data-start=\"1115\" data-end=\"1166\">\n<p data-start=\"1117\" data-end=\"1166\"><strong data-start=\"1117\" data-end=\"1132\">Abmessungen:<\/strong> 15 mm (Durchmesser) \u00d7 1 mm (Dicke)<\/p>\n<\/li>\n<li data-start=\"1167\" data-end=\"1206\">\n<p data-start=\"1169\" data-end=\"1206\"><strong data-start=\"1169\" data-end=\"1187\">Magnetisierung:<\/strong> N48 &#8211; sehr stark<\/p>\n<\/li>\n<li data-start=\"1207\" data-end=\"1255\">\n<p data-start=\"1209\" data-end=\"1255\"><strong data-start=\"1209\" data-end=\"1225\">Befestigung:<\/strong> Selbstklebend mit 3M-Klebeschicht<\/p>\n<\/li>\n<li data-start=\"1256\" data-end=\"1307\">\n<p data-start=\"1258\" data-end=\"1307\"><strong data-start=\"1258\" data-end=\"1272\">Material:<\/strong> Neodym (NdFeB), Nickelbeschichtung<\/p>\n<\/li>\n<li data-start=\"1308\" data-end=\"1332\">\n<p data-start=\"1310\" data-end=\"1332\"><strong data-start=\"1310\" data-end=\"1330\">Satz mit 30 St\u00fcck<\/strong><\/p>\n<\/li>\n<li data-start=\"1333\" data-end=\"1389\">\n<p data-start=\"1335\" data-end=\"1389\"><strong data-start=\"1335\" data-end=\"1363\">Zugkraft (indikativ):<\/strong> ca. 0,4 kg pro Magnet*<\/p>\n<\/li>\n<\/ul>\n<p data-start=\"1391\" data-end=\"1466\">* <em data-start=\"1394\" data-end=\"1466\">Die Zugfestigkeit h\u00e4ngt vom Substrat, der Kontaktfl\u00e4che und der Anwendung ab.<\/em><\/p>\n<p data-start=\"1468\" data-end=\"1651\"><strong data-start=\"1468\" data-end=\"1479\">Hinweis:<\/strong> Diese Magnete sind d\u00fcnn und stark &#8211; bei der Verwendung mit anderen Metallobjekten oder Magneten sollten Sie vorsichtig sein, um Sch\u00e4den oder Verletzungen zu vermeiden.<\/p>\n","protected":false},"excerpt":{"rendered":"<p>Haftscheibenmagnete 15 \u00d7 1 mm Neodym N48 &#8211; Set zu 30 St\u00fcck &nbsp; Starke 15 \u00d7 1 mm (N48) selbstklebende Neodym-Scheibenmagnete &#8211; ideal f\u00fcr kreative Projekte, Modellieren, Basteln und professionelle Anwendungen. Verpackt zu 30 St\u00fcck. Lange Beschreibung:Diese leistungsstarken selbstklebenden Scheibenmagnete mit einem Durchmesser von 15 mm und einer Dicke von 1 mm bestehen aus hochwertigem [&hellip;]<\/p>\n","protected":false},"featured_media":113463,"template":"","meta":{"_acf_changed":false},"product_brand":[3521],"product_cat":[3532],"product_tag":[],"class_list":{"0":"post-139212","1":"product","2":"type-product","3":"status-publish","4":"has-post-thumbnail","6":"product_brand-magnetenspecialist","7":"product_cat-neodym-magnet-set","9":"first","10":"instock","11":"taxable","12":"shipping-taxable","13":"product-type-simple"},"supplier_id":null,"supplier_sku":"","barcode":null,"atum_controlled":true,"out_stock_date":null,"out_stock_threshold":null,"inheritable":false,"inbound_stock":0,"stock_on_hold":0,"sold_today":0,"sales_last_days":0,"reserved_stock":0,"customer_returns":0,"warehouse_damage":0,"lost_in_post":0,"other_logs":0,"out_stock_days":0,"lost_sales":0,"has_location":false,"update_date":"2026-04-17T16:46:10","atum_locations":[],"atum_stock_status":"instock","restock_status":false,"low_stock_amount":"","sales_update_date":"2026-04-17T16:46:09","calc_backorders":null,"acf":[],"yoast_head":"<!-- This site is optimized with the Yoast SEO Premium plugin v24.7 (Yoast SEO v24.7) - https:\/\/yoast.com\/wordpress\/plugins\/seo\/ -->\n<title>Magnetspezialist Haftscheibenmagnet 15 \u00d7 1 mm Neodym N48 - Satz zu 30 St\u00fcck - Magnetenspecialist.nl<\/title>\n<meta name=\"description\" content=\"Suchen Sie einen Magnetspezialist Haftscheibenmagnet 15 \u00d7 1 mm Neodym N48 - Satz zu 30 St\u00fcck? Magnete k\u00f6nnen bequem online gekauft werden Magnetenspecialist.nl 1 Werktag Lieferzeit \u2713 14 Tage Bedenkzeit \u2713 Versand oder Abholung *.\" \/>\n<meta name=\"robots\" content=\"index, follow, max-snippet:-1, max-image-preview:large, max-video-preview:-1\" \/>\n<link rel=\"canonical\" href=\"https:\/\/www.magnetenspecialist.nl\/de\/speichern\/neodym-magnet-set\/magnetspezialist-haftscheibenmagnet-15-x-1-mm-neodym-n48-satz-zu-30-stueck\/\" \/>\n<meta property=\"og:locale\" content=\"de_DE\" \/>\n<meta property=\"og:type\" content=\"article\" \/>\n<meta property=\"og:title\" content=\"Magnetspezialist Haftscheibenmagnet 15 \u00d7 1 mm Neodym N48 - Satz zu 30 St\u00fcck\" \/>\n<meta property=\"og:description\" content=\"Suchen Sie einen Magnetspezialist Haftscheibenmagnet 15 \u00d7 1 mm Neodym N48 - Satz zu 30 St\u00fcck? Magnete k\u00f6nnen bequem online gekauft werden Magnetenspecialist.nl 1 Werktag Lieferzeit \u2713 14 Tage Bedenkzeit \u2713 Versand oder Abholung *.\" \/>\n<meta property=\"og:url\" content=\"https:\/\/www.magnetenspecialist.nl\/de\/speichern\/neodym-magnet-set\/magnetspezialist-haftscheibenmagnet-15-x-1-mm-neodym-n48-satz-zu-30-stueck\/\" \/>\n<meta property=\"og:site_name\" content=\"Magnetenspecialist.nl\" \/>\n<meta property=\"article:publisher\" content=\"https:\/\/www.facebook.com\/Magnetenspecialist.nl\" \/>\n<meta property=\"article:modified_time\" content=\"2026-02-25T14:34:14+00:00\" \/>\n<meta property=\"og:image\" content=\"https:\/\/www.magnetenspecialist.nl\/wp-content\/uploads\/2020\/11\/Magnetenspecialist.nl_Schijfmagneet-15-x-10-mm-Zelfklevend_2.jpg\" \/>\n\t<meta property=\"og:image:width\" content=\"1500\" \/>\n\t<meta property=\"og:image:height\" content=\"1500\" \/>\n\t<meta property=\"og:image:type\" content=\"image\/jpeg\" \/>\n<meta name=\"twitter:card\" content=\"summary_large_image\" \/>\n<meta name=\"twitter:site\" content=\"@magnetenspecial\" \/>\n<meta name=\"twitter:label1\" content=\"Preis\" \/>\n\t<meta name=\"twitter:data1\" content=\"\" \/>\n\t<meta name=\"twitter:label2\" content=\"Verf\u00fcgbarkeit\" \/>\n\t<meta name=\"twitter:data2\" content=\"Auf Lager\" \/>\n<script type=\"application\/ld+json\" class=\"yoast-schema-graph\">{\"@context\":\"https:\/\/schema.org\",\"@graph\":[{\"@type\":\"WebPage\",\"@id\":\"https:\/\/www.magnetenspecialist.nl\/de\/speichern\/neodym-magnet-set\/magnetspezialist-haftscheibenmagnet-15-x-1-mm-neodym-n48-satz-zu-30-stueck\/\",\"url\":\"https:\/\/www.magnetenspecialist.nl\/de\/speichern\/neodym-magnet-set\/magnetspezialist-haftscheibenmagnet-15-x-1-mm-neodym-n48-satz-zu-30-stueck\/\",\"name\":\"Magnetspezialist Haftscheibenmagnet 15 \u00d7 1 mm Neodym N48 - Satz zu 30 St\u00fcck - Magnetenspecialist.nl\",\"isPartOf\":{\"@id\":\"https:\/\/www.magnetenspecialist.nl\/de\/#website\"},\"primaryImageOfPage\":{\"@id\":\"https:\/\/www.magnetenspecialist.nl\/de\/speichern\/neodym-magnet-set\/magnetspezialist-haftscheibenmagnet-15-x-1-mm-neodym-n48-satz-zu-30-stueck\/#primaryimage\"},\"image\":{\"@id\":\"https:\/\/www.magnetenspecialist.nl\/de\/speichern\/neodym-magnet-set\/magnetspezialist-haftscheibenmagnet-15-x-1-mm-neodym-n48-satz-zu-30-stueck\/#primaryimage\"},\"thumbnailUrl\":\"https:\/\/www.magnetenspecialist.nl\/wp-content\/uploads\/2020\/11\/Magnetenspecialist.nl_Schijfmagneet-15-x-10-mm-Zelfklevend_2.jpg\",\"datePublished\":\"2025-06-03T14:47:31+00:00\",\"dateModified\":\"2026-02-25T14:34:14+00:00\",\"description\":\"Suchen Sie einen Magnetspezialist Haftscheibenmagnet 15 \u00d7 1 mm Neodym N48 - Satz zu 30 St\u00fcck? Magnete k\u00f6nnen bequem online gekauft werden Magnetenspecialist.nl 1 Werktag Lieferzeit \u2713 14 Tage Bedenkzeit \u2713 Versand oder Abholung *.\",\"breadcrumb\":{\"@id\":\"https:\/\/www.magnetenspecialist.nl\/de\/speichern\/neodym-magnet-set\/magnetspezialist-haftscheibenmagnet-15-x-1-mm-neodym-n48-satz-zu-30-stueck\/#breadcrumb\"},\"inLanguage\":\"de\",\"potentialAction\":[{\"@type\":\"ReadAction\",\"target\":[\"https:\/\/www.magnetenspecialist.nl\/de\/speichern\/neodym-magnet-set\/magnetspezialist-haftscheibenmagnet-15-x-1-mm-neodym-n48-satz-zu-30-stueck\/\"]}]},{\"@type\":\"ImageObject\",\"inLanguage\":\"de\",\"@id\":\"https:\/\/www.magnetenspecialist.nl\/de\/speichern\/neodym-magnet-set\/magnetspezialist-haftscheibenmagnet-15-x-1-mm-neodym-n48-satz-zu-30-stueck\/#primaryimage\",\"url\":\"https:\/\/www.magnetenspecialist.nl\/wp-content\/uploads\/2020\/11\/Magnetenspecialist.nl_Schijfmagneet-15-x-10-mm-Zelfklevend_2.jpg\",\"contentUrl\":\"https:\/\/www.magnetenspecialist.nl\/wp-content\/uploads\/2020\/11\/Magnetenspecialist.nl_Schijfmagneet-15-x-10-mm-Zelfklevend_2.jpg\",\"width\":1500,\"height\":1500},{\"@type\":\"BreadcrumbList\",\"@id\":\"https:\/\/www.magnetenspecialist.nl\/de\/speichern\/neodym-magnet-set\/magnetspezialist-haftscheibenmagnet-15-x-1-mm-neodym-n48-satz-zu-30-stueck\/#breadcrumb\",\"itemListElement\":[{\"@type\":\"ListItem\",\"position\":1,\"name\":\"Startseite\",\"item\":\"https:\/\/www.magnetenspecialist.nl\/de\/\"},{\"@type\":\"ListItem\",\"position\":2,\"name\":\"Shop\",\"item\":\"https:\/\/www.magnetenspecialist.nl\/de\/shop\/\"},{\"@type\":\"ListItem\",\"position\":3,\"name\":\"Magnetspezialist Haftscheibenmagnet 15 \u00d7 1 mm Neodym N48 &#8211; Satz zu 30 St\u00fcck\"}]},{\"@type\":\"WebSite\",\"@id\":\"https:\/\/www.magnetenspecialist.nl\/de\/#website\",\"url\":\"https:\/\/www.magnetenspecialist.nl\/de\/\",\"name\":\"Magnetenspecialist.nl\",\"description\":\"Umfangreiches Angebot an Neodym-Magneten\",\"publisher\":{\"@id\":\"https:\/\/www.magnetenspecialist.nl\/de\/#organization\"},\"potentialAction\":[{\"@type\":\"SearchAction\",\"target\":{\"@type\":\"EntryPoint\",\"urlTemplate\":\"https:\/\/www.magnetenspecialist.nl\/de\/?s={search_term_string}\"},\"query-input\":{\"@type\":\"PropertyValueSpecification\",\"valueRequired\":true,\"valueName\":\"search_term_string\"}}],\"inLanguage\":\"de\"},{\"@type\":\"Organization\",\"@id\":\"https:\/\/www.magnetenspecialist.nl\/de\/#organization\",\"name\":\"Magnetenspecialist.nl\",\"url\":\"https:\/\/www.magnetenspecialist.nl\/de\/\",\"logo\":{\"@type\":\"ImageObject\",\"inLanguage\":\"de\",\"@id\":\"https:\/\/www.magnetenspecialist.nl\/de\/#\/schema\/logo\/image\/\",\"url\":\"https:\/\/www.magnetenspecialist.nl\/wp-content\/uploads\/2018\/10\/magneten-logo.jpg\",\"contentUrl\":\"https:\/\/www.magnetenspecialist.nl\/wp-content\/uploads\/2018\/10\/magneten-logo.jpg\",\"width\":151,\"height\":151,\"caption\":\"Magnetenspecialist.nl\"},\"image\":{\"@id\":\"https:\/\/www.magnetenspecialist.nl\/de\/#\/schema\/logo\/image\/\"},\"sameAs\":[\"https:\/\/www.facebook.com\/Magnetenspecialist.nl\",\"https:\/\/x.com\/magnetenspecial\"]}]}<\/script>\n<meta property=\"product:price:currency\" content=\"EUR\" \/>\n<meta property=\"og:availability\" content=\"instock\" \/>\n<meta property=\"product:availability\" content=\"instock\" \/>\n<meta property=\"product:retailer_item_id\" content=\"SC015x001-N-Z-30\" \/>\n<meta property=\"product:condition\" content=\"new\" \/>\n<!-- \/ Yoast SEO Premium plugin. -->","yoast_head_json":{"title":"Magnetspezialist Haftscheibenmagnet 15 \u00d7 1 mm Neodym N48 - Satz zu 30 St\u00fcck - Magnetenspecialist.nl","description":"Suchen Sie einen Magnetspezialist Haftscheibenmagnet 15 \u00d7 1 mm Neodym N48 - Satz zu 30 St\u00fcck? Magnete k\u00f6nnen bequem online gekauft werden Magnetenspecialist.nl 1 Werktag Lieferzeit \u2713 14 Tage Bedenkzeit \u2713 Versand oder Abholung *.","robots":{"index":"index","follow":"follow","max-snippet":"max-snippet:-1","max-image-preview":"max-image-preview:large","max-video-preview":"max-video-preview:-1"},"canonical":"https:\/\/www.magnetenspecialist.nl\/de\/speichern\/neodym-magnet-set\/magnetspezialist-haftscheibenmagnet-15-x-1-mm-neodym-n48-satz-zu-30-stueck\/","og_locale":"de_DE","og_type":"article","og_title":"Magnetspezialist Haftscheibenmagnet 15 \u00d7 1 mm Neodym N48 - Satz zu 30 St\u00fcck","og_description":"Suchen Sie einen Magnetspezialist Haftscheibenmagnet 15 \u00d7 1 mm Neodym N48 - Satz zu 30 St\u00fcck? Magnete k\u00f6nnen bequem online gekauft werden Magnetenspecialist.nl 1 Werktag Lieferzeit \u2713 14 Tage Bedenkzeit \u2713 Versand oder Abholung *.","og_url":"https:\/\/www.magnetenspecialist.nl\/de\/speichern\/neodym-magnet-set\/magnetspezialist-haftscheibenmagnet-15-x-1-mm-neodym-n48-satz-zu-30-stueck\/","og_site_name":"Magnetenspecialist.nl","article_publisher":"https:\/\/www.facebook.com\/Magnetenspecialist.nl","article_modified_time":"2026-02-25T14:34:14+00:00","og_image":[{"width":1500,"height":1500,"url":"https:\/\/www.magnetenspecialist.nl\/wp-content\/uploads\/2020\/11\/Magnetenspecialist.nl_Schijfmagneet-15-x-10-mm-Zelfklevend_2.jpg","type":"image\/jpeg"}],"twitter_card":"summary_large_image","twitter_site":"@magnetenspecial","twitter_misc":{"Preis":"","Verf\u00fcgbarkeit":"Auf Lager"},"schema":{"@context":"https:\/\/schema.org","@graph":[{"@type":"WebPage","@id":"https:\/\/www.magnetenspecialist.nl\/de\/speichern\/neodym-magnet-set\/magnetspezialist-haftscheibenmagnet-15-x-1-mm-neodym-n48-satz-zu-30-stueck\/","url":"https:\/\/www.magnetenspecialist.nl\/de\/speichern\/neodym-magnet-set\/magnetspezialist-haftscheibenmagnet-15-x-1-mm-neodym-n48-satz-zu-30-stueck\/","name":"Magnetspezialist Haftscheibenmagnet 15 \u00d7 1 mm Neodym N48 - Satz zu 30 St\u00fcck - Magnetenspecialist.nl","isPartOf":{"@id":"https:\/\/www.magnetenspecialist.nl\/de\/#website"},"primaryImageOfPage":{"@id":"https:\/\/www.magnetenspecialist.nl\/de\/speichern\/neodym-magnet-set\/magnetspezialist-haftscheibenmagnet-15-x-1-mm-neodym-n48-satz-zu-30-stueck\/#primaryimage"},"image":{"@id":"https:\/\/www.magnetenspecialist.nl\/de\/speichern\/neodym-magnet-set\/magnetspezialist-haftscheibenmagnet-15-x-1-mm-neodym-n48-satz-zu-30-stueck\/#primaryimage"},"thumbnailUrl":"https:\/\/www.magnetenspecialist.nl\/wp-content\/uploads\/2020\/11\/Magnetenspecialist.nl_Schijfmagneet-15-x-10-mm-Zelfklevend_2.jpg","datePublished":"2025-06-03T14:47:31+00:00","dateModified":"2026-02-25T14:34:14+00:00","description":"Suchen Sie einen Magnetspezialist Haftscheibenmagnet 15 \u00d7 1 mm Neodym N48 - Satz zu 30 St\u00fcck? Magnete k\u00f6nnen bequem online gekauft werden Magnetenspecialist.nl 1 Werktag Lieferzeit \u2713 14 Tage Bedenkzeit \u2713 Versand oder Abholung *.","breadcrumb":{"@id":"https:\/\/www.magnetenspecialist.nl\/de\/speichern\/neodym-magnet-set\/magnetspezialist-haftscheibenmagnet-15-x-1-mm-neodym-n48-satz-zu-30-stueck\/#breadcrumb"},"inLanguage":"de","potentialAction":[{"@type":"ReadAction","target":["https:\/\/www.magnetenspecialist.nl\/de\/speichern\/neodym-magnet-set\/magnetspezialist-haftscheibenmagnet-15-x-1-mm-neodym-n48-satz-zu-30-stueck\/"]}]},{"@type":"ImageObject","inLanguage":"de","@id":"https:\/\/www.magnetenspecialist.nl\/de\/speichern\/neodym-magnet-set\/magnetspezialist-haftscheibenmagnet-15-x-1-mm-neodym-n48-satz-zu-30-stueck\/#primaryimage","url":"https:\/\/www.magnetenspecialist.nl\/wp-content\/uploads\/2020\/11\/Magnetenspecialist.nl_Schijfmagneet-15-x-10-mm-Zelfklevend_2.jpg","contentUrl":"https:\/\/www.magnetenspecialist.nl\/wp-content\/uploads\/2020\/11\/Magnetenspecialist.nl_Schijfmagneet-15-x-10-mm-Zelfklevend_2.jpg","width":1500,"height":1500},{"@type":"BreadcrumbList","@id":"https:\/\/www.magnetenspecialist.nl\/de\/speichern\/neodym-magnet-set\/magnetspezialist-haftscheibenmagnet-15-x-1-mm-neodym-n48-satz-zu-30-stueck\/#breadcrumb","itemListElement":[{"@type":"ListItem","position":1,"name":"Startseite","item":"https:\/\/www.magnetenspecialist.nl\/de\/"},{"@type":"ListItem","position":2,"name":"Shop","item":"https:\/\/www.magnetenspecialist.nl\/de\/shop\/"},{"@type":"ListItem","position":3,"name":"Magnetspezialist Haftscheibenmagnet 15 \u00d7 1 mm Neodym N48 &#8211; Satz zu 30 St\u00fcck"}]},{"@type":"WebSite","@id":"https:\/\/www.magnetenspecialist.nl\/de\/#website","url":"https:\/\/www.magnetenspecialist.nl\/de\/","name":"Magnetenspecialist.nl","description":"Umfangreiches Angebot an Neodym-Magneten","publisher":{"@id":"https:\/\/www.magnetenspecialist.nl\/de\/#organization"},"potentialAction":[{"@type":"SearchAction","target":{"@type":"EntryPoint","urlTemplate":"https:\/\/www.magnetenspecialist.nl\/de\/?s={search_term_string}"},"query-input":{"@type":"PropertyValueSpecification","valueRequired":true,"valueName":"search_term_string"}}],"inLanguage":"de"},{"@type":"Organization","@id":"https:\/\/www.magnetenspecialist.nl\/de\/#organization","name":"Magnetenspecialist.nl","url":"https:\/\/www.magnetenspecialist.nl\/de\/","logo":{"@type":"ImageObject","inLanguage":"de","@id":"https:\/\/www.magnetenspecialist.nl\/de\/#\/schema\/logo\/image\/","url":"https:\/\/www.magnetenspecialist.nl\/wp-content\/uploads\/2018\/10\/magneten-logo.jpg","contentUrl":"https:\/\/www.magnetenspecialist.nl\/wp-content\/uploads\/2018\/10\/magneten-logo.jpg","width":151,"height":151,"caption":"Magnetenspecialist.nl"},"image":{"@id":"https:\/\/www.magnetenspecialist.nl\/de\/#\/schema\/logo\/image\/"},"sameAs":["https:\/\/www.facebook.com\/Magnetenspecialist.nl","https:\/\/x.com\/magnetenspecial"]}]},"product_price_currency":"EUR","og_availability":"instock","product_availability":"instock","product_retailer_item_id":"SC015x001-N-Z-30","product_condition":"new"},"_links":{"self":[{"href":"https:\/\/www.magnetenspecialist.nl\/de\/wp-json\/wp\/v2\/product\/139212","targetHints":{"allow":["GET"]}}],"collection":[{"href":"https:\/\/www.magnetenspecialist.nl\/de\/wp-json\/wp\/v2\/product"}],"about":[{"href":"https:\/\/www.magnetenspecialist.nl\/de\/wp-json\/wp\/v2\/types\/product"}],"wp:featuredmedia":[{"embeddable":true,"href":"https:\/\/www.magnetenspecialist.nl\/de\/wp-json\/wp\/v2\/media\/113463"}],"wp:attachment":[{"href":"https:\/\/www.magnetenspecialist.nl\/de\/wp-json\/wp\/v2\/media?parent=139212"}],"wp:term":[{"taxonomy":"product_brand","embeddable":true,"href":"https:\/\/www.magnetenspecialist.nl\/de\/wp-json\/wp\/v2\/product_brand?post=139212"},{"taxonomy":"product_cat","embeddable":true,"href":"https:\/\/www.magnetenspecialist.nl\/de\/wp-json\/wp\/v2\/product_cat?post=139212"},{"taxonomy":"product_tag","embeddable":true,"href":"https:\/\/www.magnetenspecialist.nl\/de\/wp-json\/wp\/v2\/product_tag?post=139212"}],"curies":[{"name":"wp","href":"https:\/\/api.w.org\/{rel}","templated":true}]}}