{"id":140781,"date":"2025-08-06T16:09:51","date_gmt":"2025-08-06T14:09:51","guid":{"rendered":"https:\/\/www.magnetenspecialist.nl\/winkel\/unkategorisiert\/magnetspezialist-blockmagnet-80-x-20-x-39-mm-n35-epoxid-satz-mit-4-stueck\/"},"modified":"2025-08-06T16:09:51","modified_gmt":"2025-08-06T14:09:51","slug":"magnetspezialist-blockmagnet-80-x-20-x-39-mm-n35-epoxid-satz-mit-4-stueck","status":"publish","type":"product","link":"https:\/\/www.magnetenspecialist.nl\/de\/speichern\/neodym-magnet-set\/magnetspezialist-blockmagnet-80-x-20-x-39-mm-n35-epoxid-satz-mit-4-stueck\/","title":{"rendered":"Magnetspezialist Blockmagnet 80 \u00d7 20 \u00d7 3,9 mm &#8211; N35 Epoxid &#8211; Satz mit 4 St\u00fcck"},"content":{"rendered":"<h3 data-start=\"149\" data-end=\"230\"><strong data-start=\"153\" data-end=\"230\">Blockmagnet 80 \u00d7 20 \u00d7 3,9 mm &#8211; N35 Epoxy &#8211; 4er Set | Magnet Spezialist<\/strong><\/h3>\n<p data-start=\"232\" data-end=\"300\"><strong data-start=\"232\" data-end=\"300\">Gro\u00df, flach und robust &#8211; leistungsstark in Gr\u00f6\u00dfe und Funktionalit\u00e4t<\/strong><\/p>\n<p data-start=\"302\" data-end=\"678\">Diese <strong data-start=\"307\" data-end=\"354\">80 \u00d7 20 \u00d7 3,9 mm Neodym-Blockmagnete<\/strong> sind ideal f\u00fcr Anwendungen, bei denen eine <strong data-start=\"394\" data-end=\"420\">gro\u00dfe Kontaktfl\u00e4che und eine<\/strong> <strong data-start=\"424\" data-end=\"453\">zuverl\u00e4ssige Magnetkraft<\/strong> erforderlich sind. Die <strong data-start=\"471\" data-end=\"492\">N35-Magnetisierung<\/strong> bietet eine solide Anziehungskraft, w\u00e4hrend die <strong data-start=\"529\" data-end=\"546\">Epoxidbeschichtung Schutz<\/strong>vor Feuchtigkeit, Verschlei\u00df und Korrosion bietet. Perfekt f\u00fcr industrielle Anwendungen, Designprojekte oder kundenspezifische L\u00f6sungen.  <\/p>\n<h4 data-start=\"680\" data-end=\"704\"><strong data-start=\"685\" data-end=\"704\">Details zum Produkt:<\/strong><\/h4>\n<ul data-start=\"705\" data-end=\"1000\">\n<li data-start=\"705\" data-end=\"759\">\n<p data-start=\"707\" data-end=\"759\"><strong data-start=\"707\" data-end=\"722\">Abmessungen:<\/strong> 80 mm (L) \u00d7 20 mm (B) \u00d7 3,9 mm (H)<\/p>\n<\/li>\n<li data-start=\"760\" data-end=\"796\">\n<p data-start=\"762\" data-end=\"796\"><strong data-start=\"762\" data-end=\"776\">Material:<\/strong> Neodym (NdFeB)<\/p>\n<\/li>\n<li data-start=\"797\" data-end=\"872\">\n<p data-start=\"799\" data-end=\"872\"><strong data-start=\"799\" data-end=\"817\">Magnetisierung:<\/strong> N35 &#8211; ausgeglichene Kraft f\u00fcr gr\u00f6\u00dfere Fl\u00e4chen<\/p>\n<\/li>\n<li data-start=\"873\" data-end=\"928\">\n<p data-start=\"875\" data-end=\"928\"><strong data-start=\"875\" data-end=\"887\">Beschichtung:<\/strong> Schwarzes Epoxid &#8211; feuchtigkeits- und kratzfest<\/p>\n<\/li>\n<li data-start=\"929\" data-end=\"967\">\n<p data-start=\"931\" data-end=\"967\"><strong data-start=\"931\" data-end=\"956\">Maximale Temperatur:<\/strong> ca. 80\u00b0C<\/p>\n<\/li>\n<li data-start=\"968\" data-end=\"1000\">\n<p data-start=\"970\" data-end=\"1000\"><strong data-start=\"970\" data-end=\"992\">Packungsinhalt:<\/strong> 4 St\u00fcck<\/p>\n<\/li>\n<\/ul>\n<h4 data-start=\"1002\" data-end=\"1024\"><strong data-start=\"1007\" data-end=\"1024\">Anwendungen:<\/strong><\/h4>\n<ul data-start=\"1025\" data-end=\"1244\">\n<li data-start=\"1025\" data-end=\"1074\">\n<p data-start=\"1027\" data-end=\"1074\">Industrielle Konstruktionen und ma\u00dfgeschneiderte Projekte<\/p>\n<\/li>\n<li data-start=\"1075\" data-end=\"1113\">\n<p data-start=\"1077\" data-end=\"1113\">M\u00f6beldesign oder intelligente Verschl\u00fcsse<\/p>\n<\/li>\n<li data-start=\"1114\" data-end=\"1156\">\n<p data-start=\"1116\" data-end=\"1156\">Prototyping und technische Installationen<\/p>\n<\/li>\n<li data-start=\"1157\" data-end=\"1209\">\n<p data-start=\"1159\" data-end=\"1209\">Kreative Anwendungen mit schlankem Finish<\/p>\n<\/li>\n<li data-start=\"1210\" data-end=\"1244\">\n<p data-start=\"1212\" data-end=\"1244\">Befestigung von gr\u00f6\u00dferen Gegenst\u00e4nden<\/p>\n<\/li>\n<\/ul>\n<blockquote data-start=\"1246\" data-end=\"1395\">\n<p data-start=\"1248\" data-end=\"1395\">&#x26a0;&#xfe0f; <strong data-start=\"1251\" data-end=\"1262\">Hinweis:<\/strong> Diese gro\u00dfen Magnete sind stark und zerbrechlich. Nicht f\u00fcr Kinder geeignet. Vermeiden Sie den Kontakt mit Elektronik und magnetischen Tr\u00e4gern.  <\/p>\n<\/blockquote>\n","protected":false},"excerpt":{"rendered":"<p>Blockmagnet 80 \u00d7 20 \u00d7 3,9 mm &#8211; N35 Epoxy &#8211; 4er Set | Magnet Spezialist Gro\u00df, flach und robust &#8211; leistungsstark in Gr\u00f6\u00dfe und Funktionalit\u00e4t Diese 80 \u00d7 20 \u00d7 3,9 mm Neodym-Blockmagnete sind ideal f\u00fcr Anwendungen, bei denen eine gro\u00dfe Kontaktfl\u00e4che und eine zuverl\u00e4ssige Magnetkraft erforderlich sind. Die N35-Magnetisierung bietet eine solide Anziehungskraft, [&hellip;]<\/p>\n","protected":false},"featured_media":113637,"template":"","meta":{"_acf_changed":false},"product_brand":[3521],"product_cat":[3532],"product_tag":[],"class_list":{"0":"post-140781","1":"product","2":"type-product","3":"status-publish","4":"has-post-thumbnail","6":"product_brand-magnetenspecialist","7":"product_cat-neodym-magnet-set","9":"first","10":"instock","11":"taxable","12":"shipping-taxable","13":"product-type-simple"},"supplier_id":null,"supplier_sku":"","barcode":null,"atum_controlled":true,"out_stock_date":null,"out_stock_threshold":null,"inheritable":false,"inbound_stock":0,"stock_on_hold":0,"sold_today":0,"sales_last_days":0,"reserved_stock":0,"customer_returns":0,"warehouse_damage":0,"lost_in_post":0,"other_logs":0,"out_stock_days":0,"lost_sales":0,"has_location":false,"update_date":"2026-04-03T08:06:10","atum_locations":[],"atum_stock_status":"instock","restock_status":false,"low_stock_amount":"","sales_update_date":"2026-04-03T08:06:10","calc_backorders":null,"acf":[],"yoast_head":"<!-- This site is optimized with the Yoast SEO Premium plugin v24.7 (Yoast SEO v24.7) - https:\/\/yoast.com\/wordpress\/plugins\/seo\/ -->\n<title>Magnetspezialist Blockmagnet 80 \u00d7 20 \u00d7 3,9 mm - N35 Epoxid - Satz mit 4 St\u00fcck - Magnetenspecialist.nl<\/title>\n<meta name=\"description\" content=\"Suchen Sie einen Magnetspezialist Blockmagnet 80 \u00d7 20 \u00d7 3,9 mm - N35 Epoxid - Satz mit 4 St\u00fcck? Magnete k\u00f6nnen bequem online gekauft werden Magnetenspecialist.nl 1 Werktag Lieferzeit \u2713 14 Tage Bedenkzeit \u2713 Versand oder Abholung *.\" \/>\n<meta name=\"robots\" content=\"index, follow, max-snippet:-1, max-image-preview:large, max-video-preview:-1\" \/>\n<link rel=\"canonical\" href=\"https:\/\/www.magnetenspecialist.nl\/de\/speichern\/neodym-magnet-set\/magnetspezialist-blockmagnet-80-x-20-x-39-mm-n35-epoxid-satz-mit-4-stueck\/\" \/>\n<meta property=\"og:locale\" content=\"de_DE\" \/>\n<meta property=\"og:type\" content=\"article\" \/>\n<meta property=\"og:title\" content=\"Magnetspezialist Blockmagnet 80 \u00d7 20 \u00d7 3,9 mm - N35 Epoxid - Satz mit 4 St\u00fcck\" \/>\n<meta property=\"og:description\" content=\"Suchen Sie einen Magnetspezialist Blockmagnet 80 \u00d7 20 \u00d7 3,9 mm - N35 Epoxid - Satz mit 4 St\u00fcck? Magnete k\u00f6nnen bequem online gekauft werden Magnetenspecialist.nl 1 Werktag Lieferzeit \u2713 14 Tage Bedenkzeit \u2713 Versand oder Abholung *.\" \/>\n<meta property=\"og:url\" content=\"https:\/\/www.magnetenspecialist.nl\/de\/speichern\/neodym-magnet-set\/magnetspezialist-blockmagnet-80-x-20-x-39-mm-n35-epoxid-satz-mit-4-stueck\/\" \/>\n<meta property=\"og:site_name\" content=\"Magnetenspecialist.nl\" \/>\n<meta property=\"article:publisher\" content=\"https:\/\/www.facebook.com\/Magnetenspecialist.nl\" \/>\n<meta name=\"twitter:card\" content=\"summary_large_image\" \/>\n<meta name=\"twitter:site\" content=\"@magnetenspecial\" \/>\n<meta name=\"twitter:label1\" content=\"Preis\" \/>\n\t<meta name=\"twitter:data1\" content=\"\" \/>\n\t<meta name=\"twitter:label2\" content=\"Verf\u00fcgbarkeit\" \/>\n\t<meta name=\"twitter:data2\" content=\"Auf Lager\" \/>\n<script type=\"application\/ld+json\" class=\"yoast-schema-graph\">{\"@context\":\"https:\/\/schema.org\",\"@graph\":[{\"@type\":\"WebPage\",\"@id\":\"https:\/\/www.magnetenspecialist.nl\/de\/speichern\/neodym-magnet-set\/magnetspezialist-blockmagnet-80-x-20-x-39-mm-n35-epoxid-satz-mit-4-stueck\/\",\"url\":\"https:\/\/www.magnetenspecialist.nl\/de\/speichern\/neodym-magnet-set\/magnetspezialist-blockmagnet-80-x-20-x-39-mm-n35-epoxid-satz-mit-4-stueck\/\",\"name\":\"Magnetspezialist Blockmagnet 80 \u00d7 20 \u00d7 3,9 mm - N35 Epoxid - Satz mit 4 St\u00fcck - Magnetenspecialist.nl\",\"isPartOf\":{\"@id\":\"https:\/\/www.magnetenspecialist.nl\/de\/#website\"},\"primaryImageOfPage\":{\"@id\":\"https:\/\/www.magnetenspecialist.nl\/de\/speichern\/neodym-magnet-set\/magnetspezialist-blockmagnet-80-x-20-x-39-mm-n35-epoxid-satz-mit-4-stueck\/#primaryimage\"},\"image\":{\"@id\":\"https:\/\/www.magnetenspecialist.nl\/de\/speichern\/neodym-magnet-set\/magnetspezialist-blockmagnet-80-x-20-x-39-mm-n35-epoxid-satz-mit-4-stueck\/#primaryimage\"},\"thumbnailUrl\":\"https:\/\/www.magnetenspecialist.nl\/wp-content\/uploads\/2021\/02\/Magnetenspecialist.nl_Blokmagneet-80-x-20-x-39-mm-epoxy_1.jpg\",\"datePublished\":\"2025-08-06T14:09:51+00:00\",\"description\":\"Suchen Sie einen Magnetspezialist Blockmagnet 80 \u00d7 20 \u00d7 3,9 mm - N35 Epoxid - Satz mit 4 St\u00fcck? Magnete k\u00f6nnen bequem online gekauft werden Magnetenspecialist.nl 1 Werktag Lieferzeit \u2713 14 Tage Bedenkzeit \u2713 Versand oder Abholung *.\",\"breadcrumb\":{\"@id\":\"https:\/\/www.magnetenspecialist.nl\/de\/speichern\/neodym-magnet-set\/magnetspezialist-blockmagnet-80-x-20-x-39-mm-n35-epoxid-satz-mit-4-stueck\/#breadcrumb\"},\"inLanguage\":\"de\",\"potentialAction\":[{\"@type\":\"ReadAction\",\"target\":[\"https:\/\/www.magnetenspecialist.nl\/de\/speichern\/neodym-magnet-set\/magnetspezialist-blockmagnet-80-x-20-x-39-mm-n35-epoxid-satz-mit-4-stueck\/\"]}]},{\"@type\":\"ImageObject\",\"inLanguage\":\"de\",\"@id\":\"https:\/\/www.magnetenspecialist.nl\/de\/speichern\/neodym-magnet-set\/magnetspezialist-blockmagnet-80-x-20-x-39-mm-n35-epoxid-satz-mit-4-stueck\/#primaryimage\",\"url\":\"https:\/\/www.magnetenspecialist.nl\/wp-content\/uploads\/2021\/02\/Magnetenspecialist.nl_Blokmagneet-80-x-20-x-39-mm-epoxy_1.jpg\",\"contentUrl\":\"https:\/\/www.magnetenspecialist.nl\/wp-content\/uploads\/2021\/02\/Magnetenspecialist.nl_Blokmagneet-80-x-20-x-39-mm-epoxy_1.jpg\",\"width\":1500,\"height\":1500},{\"@type\":\"BreadcrumbList\",\"@id\":\"https:\/\/www.magnetenspecialist.nl\/de\/speichern\/neodym-magnet-set\/magnetspezialist-blockmagnet-80-x-20-x-39-mm-n35-epoxid-satz-mit-4-stueck\/#breadcrumb\",\"itemListElement\":[{\"@type\":\"ListItem\",\"position\":1,\"name\":\"Startseite\",\"item\":\"https:\/\/www.magnetenspecialist.nl\/de\/\"},{\"@type\":\"ListItem\",\"position\":2,\"name\":\"Shop\",\"item\":\"https:\/\/www.magnetenspecialist.nl\/de\/shop\/\"},{\"@type\":\"ListItem\",\"position\":3,\"name\":\"Magnetspezialist Blockmagnet 80 \u00d7 20 \u00d7 3,9 mm &#8211; N35 Epoxid &#8211; Satz mit 4 St\u00fcck\"}]},{\"@type\":\"WebSite\",\"@id\":\"https:\/\/www.magnetenspecialist.nl\/de\/#website\",\"url\":\"https:\/\/www.magnetenspecialist.nl\/de\/\",\"name\":\"Magnetenspecialist.nl\",\"description\":\"Umfangreiches Angebot an Neodym-Magneten\",\"publisher\":{\"@id\":\"https:\/\/www.magnetenspecialist.nl\/de\/#organization\"},\"potentialAction\":[{\"@type\":\"SearchAction\",\"target\":{\"@type\":\"EntryPoint\",\"urlTemplate\":\"https:\/\/www.magnetenspecialist.nl\/de\/?s={search_term_string}\"},\"query-input\":{\"@type\":\"PropertyValueSpecification\",\"valueRequired\":true,\"valueName\":\"search_term_string\"}}],\"inLanguage\":\"de\"},{\"@type\":\"Organization\",\"@id\":\"https:\/\/www.magnetenspecialist.nl\/de\/#organization\",\"name\":\"Magnetenspecialist.nl\",\"url\":\"https:\/\/www.magnetenspecialist.nl\/de\/\",\"logo\":{\"@type\":\"ImageObject\",\"inLanguage\":\"de\",\"@id\":\"https:\/\/www.magnetenspecialist.nl\/de\/#\/schema\/logo\/image\/\",\"url\":\"https:\/\/www.magnetenspecialist.nl\/wp-content\/uploads\/2018\/10\/magneten-logo.jpg\",\"contentUrl\":\"https:\/\/www.magnetenspecialist.nl\/wp-content\/uploads\/2018\/10\/magneten-logo.jpg\",\"width\":151,\"height\":151,\"caption\":\"Magnetenspecialist.nl\"},\"image\":{\"@id\":\"https:\/\/www.magnetenspecialist.nl\/de\/#\/schema\/logo\/image\/\"},\"sameAs\":[\"https:\/\/www.facebook.com\/Magnetenspecialist.nl\",\"https:\/\/x.com\/magnetenspecial\"]}]}<\/script>\n<meta property=\"product:price:currency\" content=\"EUR\" \/>\n<meta property=\"og:availability\" content=\"instock\" \/>\n<meta property=\"product:availability\" content=\"instock\" \/>\n<meta property=\"product:retailer_item_id\" content=\"bl080x020x0039-N-4\" \/>\n<meta property=\"product:condition\" content=\"new\" \/>\n<!-- \/ Yoast SEO Premium plugin. -->","yoast_head_json":{"title":"Magnetspezialist Blockmagnet 80 \u00d7 20 \u00d7 3,9 mm - N35 Epoxid - Satz mit 4 St\u00fcck - Magnetenspecialist.nl","description":"Suchen Sie einen Magnetspezialist Blockmagnet 80 \u00d7 20 \u00d7 3,9 mm - N35 Epoxid - Satz mit 4 St\u00fcck? Magnete k\u00f6nnen bequem online gekauft werden Magnetenspecialist.nl 1 Werktag Lieferzeit \u2713 14 Tage Bedenkzeit \u2713 Versand oder Abholung *.","robots":{"index":"index","follow":"follow","max-snippet":"max-snippet:-1","max-image-preview":"max-image-preview:large","max-video-preview":"max-video-preview:-1"},"canonical":"https:\/\/www.magnetenspecialist.nl\/de\/speichern\/neodym-magnet-set\/magnetspezialist-blockmagnet-80-x-20-x-39-mm-n35-epoxid-satz-mit-4-stueck\/","og_locale":"de_DE","og_type":"article","og_title":"Magnetspezialist Blockmagnet 80 \u00d7 20 \u00d7 3,9 mm - N35 Epoxid - Satz mit 4 St\u00fcck","og_description":"Suchen Sie einen Magnetspezialist Blockmagnet 80 \u00d7 20 \u00d7 3,9 mm - N35 Epoxid - Satz mit 4 St\u00fcck? Magnete k\u00f6nnen bequem online gekauft werden Magnetenspecialist.nl 1 Werktag Lieferzeit \u2713 14 Tage Bedenkzeit \u2713 Versand oder Abholung *.","og_url":"https:\/\/www.magnetenspecialist.nl\/de\/speichern\/neodym-magnet-set\/magnetspezialist-blockmagnet-80-x-20-x-39-mm-n35-epoxid-satz-mit-4-stueck\/","og_site_name":"Magnetenspecialist.nl","article_publisher":"https:\/\/www.facebook.com\/Magnetenspecialist.nl","twitter_card":"summary_large_image","twitter_site":"@magnetenspecial","twitter_misc":{"Preis":"","Verf\u00fcgbarkeit":"Auf Lager"},"schema":{"@context":"https:\/\/schema.org","@graph":[{"@type":"WebPage","@id":"https:\/\/www.magnetenspecialist.nl\/de\/speichern\/neodym-magnet-set\/magnetspezialist-blockmagnet-80-x-20-x-39-mm-n35-epoxid-satz-mit-4-stueck\/","url":"https:\/\/www.magnetenspecialist.nl\/de\/speichern\/neodym-magnet-set\/magnetspezialist-blockmagnet-80-x-20-x-39-mm-n35-epoxid-satz-mit-4-stueck\/","name":"Magnetspezialist Blockmagnet 80 \u00d7 20 \u00d7 3,9 mm - N35 Epoxid - Satz mit 4 St\u00fcck - Magnetenspecialist.nl","isPartOf":{"@id":"https:\/\/www.magnetenspecialist.nl\/de\/#website"},"primaryImageOfPage":{"@id":"https:\/\/www.magnetenspecialist.nl\/de\/speichern\/neodym-magnet-set\/magnetspezialist-blockmagnet-80-x-20-x-39-mm-n35-epoxid-satz-mit-4-stueck\/#primaryimage"},"image":{"@id":"https:\/\/www.magnetenspecialist.nl\/de\/speichern\/neodym-magnet-set\/magnetspezialist-blockmagnet-80-x-20-x-39-mm-n35-epoxid-satz-mit-4-stueck\/#primaryimage"},"thumbnailUrl":"https:\/\/www.magnetenspecialist.nl\/wp-content\/uploads\/2021\/02\/Magnetenspecialist.nl_Blokmagneet-80-x-20-x-39-mm-epoxy_1.jpg","datePublished":"2025-08-06T14:09:51+00:00","description":"Suchen Sie einen Magnetspezialist Blockmagnet 80 \u00d7 20 \u00d7 3,9 mm - N35 Epoxid - Satz mit 4 St\u00fcck? Magnete k\u00f6nnen bequem online gekauft werden Magnetenspecialist.nl 1 Werktag Lieferzeit \u2713 14 Tage Bedenkzeit \u2713 Versand oder Abholung *.","breadcrumb":{"@id":"https:\/\/www.magnetenspecialist.nl\/de\/speichern\/neodym-magnet-set\/magnetspezialist-blockmagnet-80-x-20-x-39-mm-n35-epoxid-satz-mit-4-stueck\/#breadcrumb"},"inLanguage":"de","potentialAction":[{"@type":"ReadAction","target":["https:\/\/www.magnetenspecialist.nl\/de\/speichern\/neodym-magnet-set\/magnetspezialist-blockmagnet-80-x-20-x-39-mm-n35-epoxid-satz-mit-4-stueck\/"]}]},{"@type":"ImageObject","inLanguage":"de","@id":"https:\/\/www.magnetenspecialist.nl\/de\/speichern\/neodym-magnet-set\/magnetspezialist-blockmagnet-80-x-20-x-39-mm-n35-epoxid-satz-mit-4-stueck\/#primaryimage","url":"https:\/\/www.magnetenspecialist.nl\/wp-content\/uploads\/2021\/02\/Magnetenspecialist.nl_Blokmagneet-80-x-20-x-39-mm-epoxy_1.jpg","contentUrl":"https:\/\/www.magnetenspecialist.nl\/wp-content\/uploads\/2021\/02\/Magnetenspecialist.nl_Blokmagneet-80-x-20-x-39-mm-epoxy_1.jpg","width":1500,"height":1500},{"@type":"BreadcrumbList","@id":"https:\/\/www.magnetenspecialist.nl\/de\/speichern\/neodym-magnet-set\/magnetspezialist-blockmagnet-80-x-20-x-39-mm-n35-epoxid-satz-mit-4-stueck\/#breadcrumb","itemListElement":[{"@type":"ListItem","position":1,"name":"Startseite","item":"https:\/\/www.magnetenspecialist.nl\/de\/"},{"@type":"ListItem","position":2,"name":"Shop","item":"https:\/\/www.magnetenspecialist.nl\/de\/shop\/"},{"@type":"ListItem","position":3,"name":"Magnetspezialist Blockmagnet 80 \u00d7 20 \u00d7 3,9 mm &#8211; N35 Epoxid &#8211; Satz mit 4 St\u00fcck"}]},{"@type":"WebSite","@id":"https:\/\/www.magnetenspecialist.nl\/de\/#website","url":"https:\/\/www.magnetenspecialist.nl\/de\/","name":"Magnetenspecialist.nl","description":"Umfangreiches Angebot an Neodym-Magneten","publisher":{"@id":"https:\/\/www.magnetenspecialist.nl\/de\/#organization"},"potentialAction":[{"@type":"SearchAction","target":{"@type":"EntryPoint","urlTemplate":"https:\/\/www.magnetenspecialist.nl\/de\/?s={search_term_string}"},"query-input":{"@type":"PropertyValueSpecification","valueRequired":true,"valueName":"search_term_string"}}],"inLanguage":"de"},{"@type":"Organization","@id":"https:\/\/www.magnetenspecialist.nl\/de\/#organization","name":"Magnetenspecialist.nl","url":"https:\/\/www.magnetenspecialist.nl\/de\/","logo":{"@type":"ImageObject","inLanguage":"de","@id":"https:\/\/www.magnetenspecialist.nl\/de\/#\/schema\/logo\/image\/","url":"https:\/\/www.magnetenspecialist.nl\/wp-content\/uploads\/2018\/10\/magneten-logo.jpg","contentUrl":"https:\/\/www.magnetenspecialist.nl\/wp-content\/uploads\/2018\/10\/magneten-logo.jpg","width":151,"height":151,"caption":"Magnetenspecialist.nl"},"image":{"@id":"https:\/\/www.magnetenspecialist.nl\/de\/#\/schema\/logo\/image\/"},"sameAs":["https:\/\/www.facebook.com\/Magnetenspecialist.nl","https:\/\/x.com\/magnetenspecial"]}]},"product_price_currency":"EUR","og_availability":"instock","product_availability":"instock","product_retailer_item_id":"bl080x020x0039-N-4","product_condition":"new"},"_links":{"self":[{"href":"https:\/\/www.magnetenspecialist.nl\/de\/wp-json\/wp\/v2\/product\/140781","targetHints":{"allow":["GET"]}}],"collection":[{"href":"https:\/\/www.magnetenspecialist.nl\/de\/wp-json\/wp\/v2\/product"}],"about":[{"href":"https:\/\/www.magnetenspecialist.nl\/de\/wp-json\/wp\/v2\/types\/product"}],"wp:featuredmedia":[{"embeddable":true,"href":"https:\/\/www.magnetenspecialist.nl\/de\/wp-json\/wp\/v2\/media\/113637"}],"wp:attachment":[{"href":"https:\/\/www.magnetenspecialist.nl\/de\/wp-json\/wp\/v2\/media?parent=140781"}],"wp:term":[{"taxonomy":"product_brand","embeddable":true,"href":"https:\/\/www.magnetenspecialist.nl\/de\/wp-json\/wp\/v2\/product_brand?post=140781"},{"taxonomy":"product_cat","embeddable":true,"href":"https:\/\/www.magnetenspecialist.nl\/de\/wp-json\/wp\/v2\/product_cat?post=140781"},{"taxonomy":"product_tag","embeddable":true,"href":"https:\/\/www.magnetenspecialist.nl\/de\/wp-json\/wp\/v2\/product_tag?post=140781"}],"curies":[{"name":"wp","href":"https:\/\/api.w.org\/{rel}","templated":true}]}}