{"id":142173,"date":"2025-08-12T15:28:49","date_gmt":"2025-08-12T13:28:49","guid":{"rendered":"https:\/\/www.magnetenspecialist.nl\/winkel\/unkategorisiert\/neodym-blockmagnet-80x20x2-mm-n40-epoxid-beschichtet\/"},"modified":"2025-08-12T15:28:49","modified_gmt":"2025-08-12T13:28:49","slug":"neodym-blockmagnet-80x20x2-mm-n40-epoxid-beschichtet","status":"publish","type":"product","link":"https:\/\/www.magnetenspecialist.nl\/de\/speichern\/blockmagnete\/neodym-blockmagnet-80x20x2-mm-n40-epoxid-beschichtet\/","title":{"rendered":"Neodym-Blockmagnet 80x20x2 mm &#8211; N40 Epoxid beschichtet"},"content":{"rendered":"<p data-start=\"207\" data-end=\"542\">Ultraflacher 80 x 20 x 2 mm Neodym-Blockmagnet, Qualit\u00e4t N35, mit haltbarer schwarzer Epoxidbeschichtung. Leicht und unauff\u00e4llig, aber erstaunlich stark. Ideal f\u00fcr Anwendungen, bei denen eine minimale Dicke erw\u00fcnscht ist, ohne Kompromisse bei der magnetischen St\u00e4rke einzugehen.  <\/p>\n<p data-start=\"544\" data-end=\"874\"><strong data-start=\"544\" data-end=\"573\">Detaillierte Beschreibung:<\/strong><br data-start=\"573\" data-end=\"576\">Dieser <strong data-start=\"581\" data-end=\"621\">Neodym-Blockmagnet 80 x 20 x 2 mm<\/strong> ist ein starker Magnet in einem extrem flachen Format. Er besteht aus hochwertigem N35 Neodym (NdFeB) und ist mit schwarzem <strong data-start=\"749\" data-end=\"766\">Epoxid<\/strong> beschichtet. Er kombiniert starke magnetische Eigenschaften mit zus\u00e4tzlichem Schutz vor Feuchtigkeit, Korrosion und Verschlei\u00df. <\/p>\n<p data-start=\"876\" data-end=\"1078\">Dank seiner geringen Dicke von nur 2 mm eignet es sich ideal f\u00fcr Anwendungen, bei denen jeder Millimeter z\u00e4hlt, wie z.B. bei M\u00f6beln, Displays, technischen Prototypen oder versteckten Befestigungssystemen.<\/p>\n<p data-start=\"1080\" data-end=\"1100\"><strong data-start=\"1080\" data-end=\"1098\">Merkmale:<\/strong><\/p>\n<ul data-start=\"1101\" data-end=\"1373\">\n<li data-start=\"1101\" data-end=\"1126\">\n<p data-start=\"1103\" data-end=\"1126\"><strong data-start=\"1103\" data-end=\"1112\">Typ:<\/strong> Blockmagnet<\/p>\n<\/li>\n<li data-start=\"1127\" data-end=\"1163\">\n<p data-start=\"1129\" data-end=\"1163\"><strong data-start=\"1129\" data-end=\"1143\">Material:<\/strong> Neodym (NdFeB)<\/p>\n<\/li>\n<li data-start=\"1164\" data-end=\"1198\">\n<p data-start=\"1166\" data-end=\"1198\"><strong data-start=\"1166\" data-end=\"1181\">Abmessungen:<\/strong> 80 x 20 x 2 mm<\/p>\n<\/li>\n<li data-start=\"1199\" data-end=\"1233\">\n<p data-start=\"1201\" data-end=\"1233\"><strong data-start=\"1201\" data-end=\"1227\">Magnetische Qualit\u00e4t:<\/strong> N35<\/p>\n<\/li>\n<li data-start=\"1234\" data-end=\"1295\">\n<p data-start=\"1236\" data-end=\"1295\"><strong data-start=\"1236\" data-end=\"1248\">Beschichtung:<\/strong> Schwarze Epoxidbeschichtung f\u00fcr erh\u00f6hte Haltbarkeit<\/p>\n<\/li>\n<li data-start=\"1296\" data-end=\"1342\">\n<p data-start=\"1298\" data-end=\"1342\"><strong data-start=\"1298\" data-end=\"1331\">Maximale Betriebstemperatur:<\/strong> ca. 80\u00b0C<\/p>\n<\/li>\n<li data-start=\"1343\" data-end=\"1373\">\n<p data-start=\"1345\" data-end=\"1373\"><strong data-start=\"1345\" data-end=\"1354\">Form:<\/strong> Rechteckiger Block<\/p>\n<\/li>\n<\/ul>\n<p data-start=\"1375\" data-end=\"1409\"><strong data-start=\"1375\" data-end=\"1407\">Vorteile der Epoxidbeschichtung:<\/strong><\/p>\n<ul data-start=\"1410\" data-end=\"1577\">\n<li data-start=\"1410\" data-end=\"1461\">\n<p data-start=\"1412\" data-end=\"1461\">Ausgezeichneter Schutz vor Feuchtigkeit und Korrosion<\/p>\n<\/li>\n<li data-start=\"1462\" data-end=\"1525\">\n<p data-start=\"1464\" data-end=\"1525\">Elegantes schwarzes Finish &#8211; unauff\u00e4llig in sichtbaren Anwendungen<\/p>\n<\/li>\n<li data-start=\"1526\" data-end=\"1577\">\n<p data-start=\"1528\" data-end=\"1577\">Erh\u00f6hte Verschlei\u00dffestigkeit an den Kontaktfl\u00e4chen<\/p>\n<\/li>\n<\/ul>\n<p data-start=\"1579\" data-end=\"1598\"><strong data-start=\"1579\" data-end=\"1596\">Anwendungen:<\/strong><\/p>\n<ul data-start=\"1599\" data-end=\"1783\">\n<li data-start=\"1599\" data-end=\"1654\">\n<p data-start=\"1601\" data-end=\"1654\">Verdeckte Befestigungen im M\u00f6bel- und Innenausbau<\/p>\n<\/li>\n<li data-start=\"1655\" data-end=\"1694\">\n<p data-start=\"1657\" data-end=\"1694\">Magnetische Systeme in beengten R\u00e4umen<\/p>\n<\/li>\n<li data-start=\"1695\" data-end=\"1746\">\n<p data-start=\"1697\" data-end=\"1746\">Industrielle Montage- und Befestigungsl\u00f6sungen<\/p>\n<\/li>\n<li data-start=\"1747\" data-end=\"1783\">\n<p data-start=\"1749\" data-end=\"1783\">Modellbau und Produktentwicklung<\/p>\n<\/li>\n<\/ul>\n<p data-start=\"1785\" data-end=\"1815\"><strong data-start=\"1785\" data-end=\"1813\">Sicherheitswarnung:<\/strong><\/p>\n<ul data-start=\"1816\" data-end=\"1961\">\n<li data-start=\"1816\" data-end=\"1899\">\n<p data-start=\"1818\" data-end=\"1899\">Au\u00dferhalb der Reichweite von Kindern aufbewahren &#8211; starke Magnete k\u00f6nnen eine Gefahr darstellen.<\/p>\n<\/li>\n<li data-start=\"1900\" data-end=\"1961\">\n<p data-start=\"1902\" data-end=\"1961\">Nicht in der N\u00e4he von elektronischen Ger\u00e4ten oder Herzschrittmachern verwenden.<\/p>\n<\/li>\n<\/ul>\n","protected":false},"excerpt":{"rendered":"<p>Ultraflacher 80 x 20 x 2 mm Neodym-Blockmagnet, Qualit\u00e4t N35, mit haltbarer schwarzer Epoxidbeschichtung. Leicht und unauff\u00e4llig, aber erstaunlich stark. Ideal f\u00fcr Anwendungen, bei denen eine minimale Dicke erw\u00fcnscht ist, ohne Kompromisse bei der magnetischen St\u00e4rke einzugehen. Detaillierte Beschreibung:Dieser Neodym-Blockmagnet 80 x 20 x 2 mm ist ein starker Magnet in einem extrem flachen Format. [&hellip;]<\/p>\n","protected":false},"featured_media":144348,"template":"","meta":{"_acf_changed":false},"product_brand":[3521],"product_cat":[1377],"product_tag":[3163],"class_list":{"0":"post-142173","1":"product","2":"type-product","3":"status-publish","4":"has-post-thumbnail","6":"product_brand-magnetenspecialist","7":"product_cat-blockmagnete","8":"product_tag-groep-3-de","10":"first","11":"instock","12":"taxable","13":"shipping-taxable","14":"purchasable","15":"product-type-simple"},"supplier_id":null,"supplier_sku":"","barcode":null,"atum_controlled":true,"out_stock_date":null,"out_stock_threshold":null,"inheritable":false,"inbound_stock":0,"stock_on_hold":0,"sold_today":0,"sales_last_days":16,"reserved_stock":0,"customer_returns":0,"warehouse_damage":0,"lost_in_post":0,"other_logs":0,"out_stock_days":0,"lost_sales":0,"has_location":false,"update_date":"2026-04-14T08:29:26","atum_locations":[],"atum_stock_status":"instock","restock_status":false,"low_stock_amount":"","sales_update_date":"2026-04-14T08:29:25","calc_backorders":null,"acf":[],"yoast_head":"<!-- This site is optimized with the Yoast SEO Premium plugin v24.7 (Yoast SEO v24.7) - https:\/\/yoast.com\/wordpress\/plugins\/seo\/ -->\n<title>Neodym-Blockmagnet 80x20x2 mm - N40 Epoxid beschichtet - Magnetenspecialist.nl<\/title>\n<meta name=\"description\" content=\"Suchen Sie einen Neodym-Blockmagnet 80x20x2 mm - N40 Epoxid beschichtet? Magnete k\u00f6nnen bequem online gekauft werden Magnetenspecialist.nl 1 Werktag Lieferzeit \u2713 14 Tage Bedenkzeit \u2713 Versand oder Abholung *.\" \/>\n<meta name=\"robots\" content=\"index, follow, max-snippet:-1, max-image-preview:large, max-video-preview:-1\" \/>\n<link rel=\"canonical\" href=\"https:\/\/www.magnetenspecialist.nl\/de\/speichern\/blockmagnete\/neodym-blockmagnet-80x20x2-mm-n40-epoxid-beschichtet\/\" \/>\n<meta property=\"og:locale\" content=\"de_DE\" \/>\n<meta property=\"og:type\" content=\"article\" \/>\n<meta property=\"og:title\" content=\"Neodym-Blockmagnet 80x20x2 mm - N40 Epoxid beschichtet\" \/>\n<meta property=\"og:description\" content=\"Suchen Sie einen Neodym-Blockmagnet 80x20x2 mm - N40 Epoxid beschichtet? Magnete k\u00f6nnen bequem online gekauft werden Magnetenspecialist.nl 1 Werktag Lieferzeit \u2713 14 Tage Bedenkzeit \u2713 Versand oder Abholung *.\" \/>\n<meta property=\"og:url\" content=\"https:\/\/www.magnetenspecialist.nl\/de\/speichern\/blockmagnete\/neodym-blockmagnet-80x20x2-mm-n40-epoxid-beschichtet\/\" \/>\n<meta property=\"og:site_name\" content=\"Magnetenspecialist.nl\" \/>\n<meta property=\"article:publisher\" content=\"https:\/\/www.facebook.com\/Magnetenspecialist.nl\" \/>\n<meta name=\"twitter:card\" content=\"summary_large_image\" \/>\n<meta name=\"twitter:site\" content=\"@magnetenspecial\" \/>\n<meta name=\"twitter:label1\" content=\"Preis\" \/>\n\t<meta name=\"twitter:data1\" content=\"&euro;&nbsp;5,43\" \/>\n\t<meta name=\"twitter:label2\" content=\"Verf\u00fcgbarkeit\" \/>\n\t<meta name=\"twitter:data2\" content=\"Auf Lager\" \/>\n<script type=\"application\/ld+json\" class=\"yoast-schema-graph\">{\"@context\":\"https:\/\/schema.org\",\"@graph\":[{\"@type\":\"WebPage\",\"@id\":\"https:\/\/www.magnetenspecialist.nl\/de\/speichern\/blockmagnete\/neodym-blockmagnet-80x20x2-mm-n40-epoxid-beschichtet\/\",\"url\":\"https:\/\/www.magnetenspecialist.nl\/de\/speichern\/blockmagnete\/neodym-blockmagnet-80x20x2-mm-n40-epoxid-beschichtet\/\",\"name\":\"Neodym-Blockmagnet 80x20x2 mm - N40 Epoxid beschichtet - Magnetenspecialist.nl\",\"isPartOf\":{\"@id\":\"https:\/\/www.magnetenspecialist.nl\/de\/#website\"},\"primaryImageOfPage\":{\"@id\":\"https:\/\/www.magnetenspecialist.nl\/de\/speichern\/blockmagnete\/neodym-blockmagnet-80x20x2-mm-n40-epoxid-beschichtet\/#primaryimage\"},\"image\":{\"@id\":\"https:\/\/www.magnetenspecialist.nl\/de\/speichern\/blockmagnete\/neodym-blockmagnet-80x20x2-mm-n40-epoxid-beschichtet\/#primaryimage\"},\"thumbnailUrl\":\"https:\/\/www.magnetenspecialist.nl\/wp-content\/uploads\/2025\/08\/Magnetenspecialist.nl_Blokmagneet-80-x-20-x-39-mm-epoxy_1-1.jpg\",\"datePublished\":\"2025-08-12T13:28:49+00:00\",\"description\":\"Suchen Sie einen Neodym-Blockmagnet 80x20x2 mm - N40 Epoxid beschichtet? Magnete k\u00f6nnen bequem online gekauft werden Magnetenspecialist.nl 1 Werktag Lieferzeit \u2713 14 Tage Bedenkzeit \u2713 Versand oder Abholung *.\",\"breadcrumb\":{\"@id\":\"https:\/\/www.magnetenspecialist.nl\/de\/speichern\/blockmagnete\/neodym-blockmagnet-80x20x2-mm-n40-epoxid-beschichtet\/#breadcrumb\"},\"inLanguage\":\"de\",\"potentialAction\":[{\"@type\":\"ReadAction\",\"target\":[\"https:\/\/www.magnetenspecialist.nl\/de\/speichern\/blockmagnete\/neodym-blockmagnet-80x20x2-mm-n40-epoxid-beschichtet\/\"]}]},{\"@type\":\"ImageObject\",\"inLanguage\":\"de\",\"@id\":\"https:\/\/www.magnetenspecialist.nl\/de\/speichern\/blockmagnete\/neodym-blockmagnet-80x20x2-mm-n40-epoxid-beschichtet\/#primaryimage\",\"url\":\"https:\/\/www.magnetenspecialist.nl\/wp-content\/uploads\/2025\/08\/Magnetenspecialist.nl_Blokmagneet-80-x-20-x-39-mm-epoxy_1-1.jpg\",\"contentUrl\":\"https:\/\/www.magnetenspecialist.nl\/wp-content\/uploads\/2025\/08\/Magnetenspecialist.nl_Blokmagneet-80-x-20-x-39-mm-epoxy_1-1.jpg\",\"width\":1500,\"height\":1500},{\"@type\":\"BreadcrumbList\",\"@id\":\"https:\/\/www.magnetenspecialist.nl\/de\/speichern\/blockmagnete\/neodym-blockmagnet-80x20x2-mm-n40-epoxid-beschichtet\/#breadcrumb\",\"itemListElement\":[{\"@type\":\"ListItem\",\"position\":1,\"name\":\"Startseite\",\"item\":\"https:\/\/www.magnetenspecialist.nl\/de\/\"},{\"@type\":\"ListItem\",\"position\":2,\"name\":\"Shop\",\"item\":\"https:\/\/www.magnetenspecialist.nl\/de\/shop\/\"},{\"@type\":\"ListItem\",\"position\":3,\"name\":\"Neodym-Blockmagnet 80x20x2 mm &#8211; N40 Epoxid beschichtet\"}]},{\"@type\":\"WebSite\",\"@id\":\"https:\/\/www.magnetenspecialist.nl\/de\/#website\",\"url\":\"https:\/\/www.magnetenspecialist.nl\/de\/\",\"name\":\"Magnetenspecialist.nl\",\"description\":\"Umfangreiches Angebot an Neodym-Magneten\",\"publisher\":{\"@id\":\"https:\/\/www.magnetenspecialist.nl\/de\/#organization\"},\"potentialAction\":[{\"@type\":\"SearchAction\",\"target\":{\"@type\":\"EntryPoint\",\"urlTemplate\":\"https:\/\/www.magnetenspecialist.nl\/de\/?s={search_term_string}\"},\"query-input\":{\"@type\":\"PropertyValueSpecification\",\"valueRequired\":true,\"valueName\":\"search_term_string\"}}],\"inLanguage\":\"de\"},{\"@type\":\"Organization\",\"@id\":\"https:\/\/www.magnetenspecialist.nl\/de\/#organization\",\"name\":\"Magnetenspecialist.nl\",\"url\":\"https:\/\/www.magnetenspecialist.nl\/de\/\",\"logo\":{\"@type\":\"ImageObject\",\"inLanguage\":\"de\",\"@id\":\"https:\/\/www.magnetenspecialist.nl\/de\/#\/schema\/logo\/image\/\",\"url\":\"https:\/\/www.magnetenspecialist.nl\/wp-content\/uploads\/2018\/10\/magneten-logo.jpg\",\"contentUrl\":\"https:\/\/www.magnetenspecialist.nl\/wp-content\/uploads\/2018\/10\/magneten-logo.jpg\",\"width\":151,\"height\":151,\"caption\":\"Magnetenspecialist.nl\"},\"image\":{\"@id\":\"https:\/\/www.magnetenspecialist.nl\/de\/#\/schema\/logo\/image\/\"},\"sameAs\":[\"https:\/\/www.facebook.com\/Magnetenspecialist.nl\",\"https:\/\/x.com\/magnetenspecial\"]}]}<\/script>\n<meta property=\"product:price:amount\" content=\"5.43\" \/>\n<meta property=\"product:price:currency\" content=\"EUR\" \/>\n<meta property=\"og:availability\" content=\"instock\" \/>\n<meta property=\"product:availability\" content=\"instock\" \/>\n<meta property=\"product:retailer_item_id\" content=\"bl080x020x002-N-E\" \/>\n<meta property=\"product:condition\" content=\"new\" \/>\n<!-- \/ Yoast SEO Premium plugin. -->","yoast_head_json":{"title":"Neodym-Blockmagnet 80x20x2 mm - N40 Epoxid beschichtet - Magnetenspecialist.nl","description":"Suchen Sie einen Neodym-Blockmagnet 80x20x2 mm - N40 Epoxid beschichtet? Magnete k\u00f6nnen bequem online gekauft werden Magnetenspecialist.nl 1 Werktag Lieferzeit \u2713 14 Tage Bedenkzeit \u2713 Versand oder Abholung *.","robots":{"index":"index","follow":"follow","max-snippet":"max-snippet:-1","max-image-preview":"max-image-preview:large","max-video-preview":"max-video-preview:-1"},"canonical":"https:\/\/www.magnetenspecialist.nl\/de\/speichern\/blockmagnete\/neodym-blockmagnet-80x20x2-mm-n40-epoxid-beschichtet\/","og_locale":"de_DE","og_type":"article","og_title":"Neodym-Blockmagnet 80x20x2 mm - N40 Epoxid beschichtet","og_description":"Suchen Sie einen Neodym-Blockmagnet 80x20x2 mm - N40 Epoxid beschichtet? Magnete k\u00f6nnen bequem online gekauft werden Magnetenspecialist.nl 1 Werktag Lieferzeit \u2713 14 Tage Bedenkzeit \u2713 Versand oder Abholung *.","og_url":"https:\/\/www.magnetenspecialist.nl\/de\/speichern\/blockmagnete\/neodym-blockmagnet-80x20x2-mm-n40-epoxid-beschichtet\/","og_site_name":"Magnetenspecialist.nl","article_publisher":"https:\/\/www.facebook.com\/Magnetenspecialist.nl","twitter_card":"summary_large_image","twitter_site":"@magnetenspecial","twitter_misc":{"Preis":"&euro;&nbsp;5,43","Verf\u00fcgbarkeit":"Auf Lager"},"schema":{"@context":"https:\/\/schema.org","@graph":[{"@type":"WebPage","@id":"https:\/\/www.magnetenspecialist.nl\/de\/speichern\/blockmagnete\/neodym-blockmagnet-80x20x2-mm-n40-epoxid-beschichtet\/","url":"https:\/\/www.magnetenspecialist.nl\/de\/speichern\/blockmagnete\/neodym-blockmagnet-80x20x2-mm-n40-epoxid-beschichtet\/","name":"Neodym-Blockmagnet 80x20x2 mm - N40 Epoxid beschichtet - Magnetenspecialist.nl","isPartOf":{"@id":"https:\/\/www.magnetenspecialist.nl\/de\/#website"},"primaryImageOfPage":{"@id":"https:\/\/www.magnetenspecialist.nl\/de\/speichern\/blockmagnete\/neodym-blockmagnet-80x20x2-mm-n40-epoxid-beschichtet\/#primaryimage"},"image":{"@id":"https:\/\/www.magnetenspecialist.nl\/de\/speichern\/blockmagnete\/neodym-blockmagnet-80x20x2-mm-n40-epoxid-beschichtet\/#primaryimage"},"thumbnailUrl":"https:\/\/www.magnetenspecialist.nl\/wp-content\/uploads\/2025\/08\/Magnetenspecialist.nl_Blokmagneet-80-x-20-x-39-mm-epoxy_1-1.jpg","datePublished":"2025-08-12T13:28:49+00:00","description":"Suchen Sie einen Neodym-Blockmagnet 80x20x2 mm - N40 Epoxid beschichtet? Magnete k\u00f6nnen bequem online gekauft werden Magnetenspecialist.nl 1 Werktag Lieferzeit \u2713 14 Tage Bedenkzeit \u2713 Versand oder Abholung *.","breadcrumb":{"@id":"https:\/\/www.magnetenspecialist.nl\/de\/speichern\/blockmagnete\/neodym-blockmagnet-80x20x2-mm-n40-epoxid-beschichtet\/#breadcrumb"},"inLanguage":"de","potentialAction":[{"@type":"ReadAction","target":["https:\/\/www.magnetenspecialist.nl\/de\/speichern\/blockmagnete\/neodym-blockmagnet-80x20x2-mm-n40-epoxid-beschichtet\/"]}]},{"@type":"ImageObject","inLanguage":"de","@id":"https:\/\/www.magnetenspecialist.nl\/de\/speichern\/blockmagnete\/neodym-blockmagnet-80x20x2-mm-n40-epoxid-beschichtet\/#primaryimage","url":"https:\/\/www.magnetenspecialist.nl\/wp-content\/uploads\/2025\/08\/Magnetenspecialist.nl_Blokmagneet-80-x-20-x-39-mm-epoxy_1-1.jpg","contentUrl":"https:\/\/www.magnetenspecialist.nl\/wp-content\/uploads\/2025\/08\/Magnetenspecialist.nl_Blokmagneet-80-x-20-x-39-mm-epoxy_1-1.jpg","width":1500,"height":1500},{"@type":"BreadcrumbList","@id":"https:\/\/www.magnetenspecialist.nl\/de\/speichern\/blockmagnete\/neodym-blockmagnet-80x20x2-mm-n40-epoxid-beschichtet\/#breadcrumb","itemListElement":[{"@type":"ListItem","position":1,"name":"Startseite","item":"https:\/\/www.magnetenspecialist.nl\/de\/"},{"@type":"ListItem","position":2,"name":"Shop","item":"https:\/\/www.magnetenspecialist.nl\/de\/shop\/"},{"@type":"ListItem","position":3,"name":"Neodym-Blockmagnet 80x20x2 mm &#8211; N40 Epoxid beschichtet"}]},{"@type":"WebSite","@id":"https:\/\/www.magnetenspecialist.nl\/de\/#website","url":"https:\/\/www.magnetenspecialist.nl\/de\/","name":"Magnetenspecialist.nl","description":"Umfangreiches Angebot an Neodym-Magneten","publisher":{"@id":"https:\/\/www.magnetenspecialist.nl\/de\/#organization"},"potentialAction":[{"@type":"SearchAction","target":{"@type":"EntryPoint","urlTemplate":"https:\/\/www.magnetenspecialist.nl\/de\/?s={search_term_string}"},"query-input":{"@type":"PropertyValueSpecification","valueRequired":true,"valueName":"search_term_string"}}],"inLanguage":"de"},{"@type":"Organization","@id":"https:\/\/www.magnetenspecialist.nl\/de\/#organization","name":"Magnetenspecialist.nl","url":"https:\/\/www.magnetenspecialist.nl\/de\/","logo":{"@type":"ImageObject","inLanguage":"de","@id":"https:\/\/www.magnetenspecialist.nl\/de\/#\/schema\/logo\/image\/","url":"https:\/\/www.magnetenspecialist.nl\/wp-content\/uploads\/2018\/10\/magneten-logo.jpg","contentUrl":"https:\/\/www.magnetenspecialist.nl\/wp-content\/uploads\/2018\/10\/magneten-logo.jpg","width":151,"height":151,"caption":"Magnetenspecialist.nl"},"image":{"@id":"https:\/\/www.magnetenspecialist.nl\/de\/#\/schema\/logo\/image\/"},"sameAs":["https:\/\/www.facebook.com\/Magnetenspecialist.nl","https:\/\/x.com\/magnetenspecial"]}]},"product_price_amount":"5.43","product_price_currency":"EUR","og_availability":"instock","product_availability":"instock","product_retailer_item_id":"bl080x020x002-N-E","product_condition":"new"},"_links":{"self":[{"href":"https:\/\/www.magnetenspecialist.nl\/de\/wp-json\/wp\/v2\/product\/142173","targetHints":{"allow":["GET"]}}],"collection":[{"href":"https:\/\/www.magnetenspecialist.nl\/de\/wp-json\/wp\/v2\/product"}],"about":[{"href":"https:\/\/www.magnetenspecialist.nl\/de\/wp-json\/wp\/v2\/types\/product"}],"wp:featuredmedia":[{"embeddable":true,"href":"https:\/\/www.magnetenspecialist.nl\/de\/wp-json\/wp\/v2\/media\/144348"}],"wp:attachment":[{"href":"https:\/\/www.magnetenspecialist.nl\/de\/wp-json\/wp\/v2\/media?parent=142173"}],"wp:term":[{"taxonomy":"product_brand","embeddable":true,"href":"https:\/\/www.magnetenspecialist.nl\/de\/wp-json\/wp\/v2\/product_brand?post=142173"},{"taxonomy":"product_cat","embeddable":true,"href":"https:\/\/www.magnetenspecialist.nl\/de\/wp-json\/wp\/v2\/product_cat?post=142173"},{"taxonomy":"product_tag","embeddable":true,"href":"https:\/\/www.magnetenspecialist.nl\/de\/wp-json\/wp\/v2\/product_tag?post=142173"}],"curies":[{"name":"wp","href":"https:\/\/api.w.org\/{rel}","templated":true}]}}