{"id":90934,"date":"2020-02-04T13:18:57","date_gmt":"2020-02-04T12:18:57","guid":{"rendered":"https:\/\/www.magnetenspecialist.nl\/winkel\/unkategorisiert\/magnet-mit-gummiabdeckung-31mm-mit-kabelbefestigung\/"},"modified":"2025-03-18T15:58:48","modified_gmt":"2025-03-18T14:58:48","slug":"topfmagnet-mit-gummiummantelung-31mm-kabelfixierung","status":"publish","type":"product","link":"https:\/\/www.magnetenspecialist.nl\/de\/speichern\/topfmagnete\/topfmagnet-mit-gummiummantelung-31mm-kabelfixierung\/","title":{"rendered":"Gummiummantelter Topfmagnet 31mm, mit Kabelbefestigung"},"content":{"rendered":"<h3>Superstarke Topfmagnete in verschiedenen Gr\u00f6\u00dfen und St\u00e4rken<\/h3>\n<p>Ein Topfmagnet kann f\u00fcr verschiedene Zwecke verwendet werden. Bei Magnetenspecialist.nl haben Sie die Wahl aus verschiedenen Topfmagneten. F\u00fcr jeden Topfmagneten geben wir deutlich die Magnetisierung und die Haftkraft an. Magnetenspecialist.nl ist vollst\u00e4ndig auf Neodym-Magnete spezialisiert. Dadurch sparen Sie Zeit und &#8211; was vielleicht noch wichtiger ist &#8211; Geld.<\/p>\n","protected":false},"excerpt":{"rendered":"<p>Innengewinde M5<\/p>\n","protected":false},"featured_media":113005,"template":"","meta":{"_acf_changed":false},"product_brand":[3521],"product_cat":[1395],"product_tag":[3164],"class_list":{"0":"post-90934","1":"product","2":"type-product","3":"status-publish","4":"has-post-thumbnail","6":"product_brand-magnetenspecialist","7":"product_cat-topfmagnete","8":"product_tag-groep-4-de","9":"pa_houdkracht-10-de","10":"pa_magnetisering-n40-de","11":"pa_magnetiseringsrichting-axiaal-de","12":"pa_materiaal-vernickeltes-neodym","13":"pa_model-andere-magnete","15":"first","16":"instock","17":"taxable","18":"shipping-taxable","19":"purchasable","20":"product-type-simple"},"supplier_id":null,"supplier_sku":"","barcode":null,"atum_controlled":true,"out_stock_date":null,"out_stock_threshold":null,"inheritable":false,"inbound_stock":0,"stock_on_hold":0,"sold_today":0,"sales_last_days":0,"reserved_stock":0,"customer_returns":0,"warehouse_damage":0,"lost_in_post":0,"other_logs":0,"out_stock_days":0,"lost_sales":0,"has_location":false,"update_date":"2026-05-12T11:31:45","atum_locations":[],"atum_stock_status":"instock","restock_status":false,"low_stock_amount":200,"sales_update_date":"2026-04-03T08:06:21","calc_backorders":null,"acf":[],"yoast_head":"<!-- This site is optimized with the Yoast SEO Premium plugin v24.7 (Yoast SEO v24.7) - https:\/\/yoast.com\/wordpress\/plugins\/seo\/ -->\n<title>Gummiummantelter Topfmagnet 31mm, mit Kabelbefestigung - Magnetenspecialist.nl<\/title>\n<meta name=\"description\" content=\"Suchen Sie einen Gummiummantelter Topfmagnet 31mm, mit Kabelbefestigung? Magnete k\u00f6nnen bequem online gekauft werden Magnetenspecialist.nl 1 Werktag Lieferzeit \u2713 14 Tage Bedenkzeit \u2713 Versand oder Abholung *.\" \/>\n<meta name=\"robots\" content=\"index, follow, max-snippet:-1, max-image-preview:large, max-video-preview:-1\" \/>\n<link rel=\"canonical\" href=\"https:\/\/www.magnetenspecialist.nl\/de\/speichern\/topfmagnete\/topfmagnet-mit-gummiummantelung-31mm-kabelfixierung\/\" \/>\n<meta property=\"og:locale\" content=\"de_DE\" \/>\n<meta property=\"og:type\" content=\"article\" \/>\n<meta property=\"og:title\" content=\"Gummiummantelter Topfmagnet 31mm, mit Kabelbefestigung\" \/>\n<meta property=\"og:description\" content=\"Suchen Sie einen Gummiummantelter Topfmagnet 31mm, mit Kabelbefestigung? Magnete k\u00f6nnen bequem online gekauft werden Magnetenspecialist.nl 1 Werktag Lieferzeit \u2713 14 Tage Bedenkzeit \u2713 Versand oder Abholung *.\" \/>\n<meta property=\"og:url\" content=\"https:\/\/www.magnetenspecialist.nl\/de\/speichern\/topfmagnete\/topfmagnet-mit-gummiummantelung-31mm-kabelfixierung\/\" \/>\n<meta property=\"og:site_name\" content=\"Magnetenspecialist.nl\" \/>\n<meta property=\"article:publisher\" content=\"https:\/\/www.facebook.com\/Magnetenspecialist.nl\" \/>\n<meta property=\"article:modified_time\" content=\"2025-03-18T14:58:48+00:00\" \/>\n<meta property=\"og:image\" content=\"https:\/\/www.magnetenspecialist.nl\/wp-content\/uploads\/2020\/02\/Magnetenspecialist.nl_Magneet-met-rubberen-ommanteling-31mm-met-kabelbevestiging_1.jpg\" \/>\n\t<meta property=\"og:image:width\" content=\"1500\" \/>\n\t<meta property=\"og:image:height\" content=\"1500\" \/>\n\t<meta property=\"og:image:type\" content=\"image\/jpeg\" \/>\n<meta name=\"twitter:card\" content=\"summary_large_image\" \/>\n<meta name=\"twitter:site\" content=\"@magnetenspecial\" \/>\n<meta name=\"twitter:label1\" content=\"Preis\" \/>\n\t<meta name=\"twitter:data1\" content=\"&euro;&nbsp;5,25\" \/>\n\t<meta name=\"twitter:label2\" content=\"Verf\u00fcgbarkeit\" \/>\n\t<meta name=\"twitter:data2\" content=\"Auf Lager\" \/>\n<script type=\"application\/ld+json\" class=\"yoast-schema-graph\">{\"@context\":\"https:\/\/schema.org\",\"@graph\":[{\"@type\":\"WebPage\",\"@id\":\"https:\/\/www.magnetenspecialist.nl\/de\/speichern\/topfmagnete\/topfmagnet-mit-gummiummantelung-31mm-kabelfixierung\/\",\"url\":\"https:\/\/www.magnetenspecialist.nl\/de\/speichern\/topfmagnete\/topfmagnet-mit-gummiummantelung-31mm-kabelfixierung\/\",\"name\":\"Gummiummantelter Topfmagnet 31mm, mit Kabelbefestigung - Magnetenspecialist.nl\",\"isPartOf\":{\"@id\":\"https:\/\/www.magnetenspecialist.nl\/de\/#website\"},\"primaryImageOfPage\":{\"@id\":\"https:\/\/www.magnetenspecialist.nl\/de\/speichern\/topfmagnete\/topfmagnet-mit-gummiummantelung-31mm-kabelfixierung\/#primaryimage\"},\"image\":{\"@id\":\"https:\/\/www.magnetenspecialist.nl\/de\/speichern\/topfmagnete\/topfmagnet-mit-gummiummantelung-31mm-kabelfixierung\/#primaryimage\"},\"thumbnailUrl\":\"https:\/\/www.magnetenspecialist.nl\/wp-content\/uploads\/2020\/02\/Magnetenspecialist.nl_Magneet-met-rubberen-ommanteling-31mm-met-kabelbevestiging_1.jpg\",\"datePublished\":\"2020-02-04T12:18:57+00:00\",\"dateModified\":\"2025-03-18T14:58:48+00:00\",\"description\":\"Suchen Sie einen Gummiummantelter Topfmagnet 31mm, mit Kabelbefestigung? Magnete k\u00f6nnen bequem online gekauft werden Magnetenspecialist.nl 1 Werktag Lieferzeit \u2713 14 Tage Bedenkzeit \u2713 Versand oder Abholung *.\",\"breadcrumb\":{\"@id\":\"https:\/\/www.magnetenspecialist.nl\/de\/speichern\/topfmagnete\/topfmagnet-mit-gummiummantelung-31mm-kabelfixierung\/#breadcrumb\"},\"inLanguage\":\"de\",\"potentialAction\":[{\"@type\":\"ReadAction\",\"target\":[\"https:\/\/www.magnetenspecialist.nl\/de\/speichern\/topfmagnete\/topfmagnet-mit-gummiummantelung-31mm-kabelfixierung\/\"]}]},{\"@type\":\"ImageObject\",\"inLanguage\":\"de\",\"@id\":\"https:\/\/www.magnetenspecialist.nl\/de\/speichern\/topfmagnete\/topfmagnet-mit-gummiummantelung-31mm-kabelfixierung\/#primaryimage\",\"url\":\"https:\/\/www.magnetenspecialist.nl\/wp-content\/uploads\/2020\/02\/Magnetenspecialist.nl_Magneet-met-rubberen-ommanteling-31mm-met-kabelbevestiging_1.jpg\",\"contentUrl\":\"https:\/\/www.magnetenspecialist.nl\/wp-content\/uploads\/2020\/02\/Magnetenspecialist.nl_Magneet-met-rubberen-ommanteling-31mm-met-kabelbevestiging_1.jpg\",\"width\":1500,\"height\":1500},{\"@type\":\"BreadcrumbList\",\"@id\":\"https:\/\/www.magnetenspecialist.nl\/de\/speichern\/topfmagnete\/topfmagnet-mit-gummiummantelung-31mm-kabelfixierung\/#breadcrumb\",\"itemListElement\":[{\"@type\":\"ListItem\",\"position\":1,\"name\":\"Startseite\",\"item\":\"https:\/\/www.magnetenspecialist.nl\/de\/\"},{\"@type\":\"ListItem\",\"position\":2,\"name\":\"Shop\",\"item\":\"https:\/\/www.magnetenspecialist.nl\/de\/shop\/\"},{\"@type\":\"ListItem\",\"position\":3,\"name\":\"Gummiummantelter Topfmagnet 31mm, mit Kabelbefestigung\"}]},{\"@type\":\"WebSite\",\"@id\":\"https:\/\/www.magnetenspecialist.nl\/de\/#website\",\"url\":\"https:\/\/www.magnetenspecialist.nl\/de\/\",\"name\":\"Magnetenspecialist.nl\",\"description\":\"Umfangreiches Angebot an Neodym-Magneten\",\"publisher\":{\"@id\":\"https:\/\/www.magnetenspecialist.nl\/de\/#organization\"},\"potentialAction\":[{\"@type\":\"SearchAction\",\"target\":{\"@type\":\"EntryPoint\",\"urlTemplate\":\"https:\/\/www.magnetenspecialist.nl\/de\/?s={search_term_string}\"},\"query-input\":{\"@type\":\"PropertyValueSpecification\",\"valueRequired\":true,\"valueName\":\"search_term_string\"}}],\"inLanguage\":\"de\"},{\"@type\":\"Organization\",\"@id\":\"https:\/\/www.magnetenspecialist.nl\/de\/#organization\",\"name\":\"Magnetenspecialist.nl\",\"url\":\"https:\/\/www.magnetenspecialist.nl\/de\/\",\"logo\":{\"@type\":\"ImageObject\",\"inLanguage\":\"de\",\"@id\":\"https:\/\/www.magnetenspecialist.nl\/de\/#\/schema\/logo\/image\/\",\"url\":\"https:\/\/www.magnetenspecialist.nl\/wp-content\/uploads\/2018\/10\/magneten-logo.jpg\",\"contentUrl\":\"https:\/\/www.magnetenspecialist.nl\/wp-content\/uploads\/2018\/10\/magneten-logo.jpg\",\"width\":151,\"height\":151,\"caption\":\"Magnetenspecialist.nl\"},\"image\":{\"@id\":\"https:\/\/www.magnetenspecialist.nl\/de\/#\/schema\/logo\/image\/\"},\"sameAs\":[\"https:\/\/www.facebook.com\/Magnetenspecialist.nl\",\"https:\/\/x.com\/magnetenspecial\"]}]}<\/script>\n<meta property=\"product:price:amount\" content=\"5.25\" \/>\n<meta property=\"product:price:currency\" content=\"EUR\" \/>\n<meta property=\"og:availability\" content=\"instock\" \/>\n<meta property=\"product:availability\" content=\"instock\" \/>\n<meta property=\"product:retailer_item_id\" content=\"Po031x006-N-R\" \/>\n<meta property=\"product:condition\" content=\"new\" \/>\n<!-- \/ Yoast SEO Premium plugin. -->","yoast_head_json":{"title":"Gummiummantelter Topfmagnet 31mm, mit Kabelbefestigung - Magnetenspecialist.nl","description":"Suchen Sie einen Gummiummantelter Topfmagnet 31mm, mit Kabelbefestigung? Magnete k\u00f6nnen bequem online gekauft werden Magnetenspecialist.nl 1 Werktag Lieferzeit \u2713 14 Tage Bedenkzeit \u2713 Versand oder Abholung *.","robots":{"index":"index","follow":"follow","max-snippet":"max-snippet:-1","max-image-preview":"max-image-preview:large","max-video-preview":"max-video-preview:-1"},"canonical":"https:\/\/www.magnetenspecialist.nl\/de\/speichern\/topfmagnete\/topfmagnet-mit-gummiummantelung-31mm-kabelfixierung\/","og_locale":"de_DE","og_type":"article","og_title":"Gummiummantelter Topfmagnet 31mm, mit Kabelbefestigung","og_description":"Suchen Sie einen Gummiummantelter Topfmagnet 31mm, mit Kabelbefestigung? Magnete k\u00f6nnen bequem online gekauft werden Magnetenspecialist.nl 1 Werktag Lieferzeit \u2713 14 Tage Bedenkzeit \u2713 Versand oder Abholung *.","og_url":"https:\/\/www.magnetenspecialist.nl\/de\/speichern\/topfmagnete\/topfmagnet-mit-gummiummantelung-31mm-kabelfixierung\/","og_site_name":"Magnetenspecialist.nl","article_publisher":"https:\/\/www.facebook.com\/Magnetenspecialist.nl","article_modified_time":"2025-03-18T14:58:48+00:00","og_image":[{"width":1500,"height":1500,"url":"https:\/\/www.magnetenspecialist.nl\/wp-content\/uploads\/2020\/02\/Magnetenspecialist.nl_Magneet-met-rubberen-ommanteling-31mm-met-kabelbevestiging_1.jpg","type":"image\/jpeg"}],"twitter_card":"summary_large_image","twitter_site":"@magnetenspecial","twitter_misc":{"Preis":"&euro;&nbsp;5,25","Verf\u00fcgbarkeit":"Auf Lager"},"schema":{"@context":"https:\/\/schema.org","@graph":[{"@type":"WebPage","@id":"https:\/\/www.magnetenspecialist.nl\/de\/speichern\/topfmagnete\/topfmagnet-mit-gummiummantelung-31mm-kabelfixierung\/","url":"https:\/\/www.magnetenspecialist.nl\/de\/speichern\/topfmagnete\/topfmagnet-mit-gummiummantelung-31mm-kabelfixierung\/","name":"Gummiummantelter Topfmagnet 31mm, mit Kabelbefestigung - Magnetenspecialist.nl","isPartOf":{"@id":"https:\/\/www.magnetenspecialist.nl\/de\/#website"},"primaryImageOfPage":{"@id":"https:\/\/www.magnetenspecialist.nl\/de\/speichern\/topfmagnete\/topfmagnet-mit-gummiummantelung-31mm-kabelfixierung\/#primaryimage"},"image":{"@id":"https:\/\/www.magnetenspecialist.nl\/de\/speichern\/topfmagnete\/topfmagnet-mit-gummiummantelung-31mm-kabelfixierung\/#primaryimage"},"thumbnailUrl":"https:\/\/www.magnetenspecialist.nl\/wp-content\/uploads\/2020\/02\/Magnetenspecialist.nl_Magneet-met-rubberen-ommanteling-31mm-met-kabelbevestiging_1.jpg","datePublished":"2020-02-04T12:18:57+00:00","dateModified":"2025-03-18T14:58:48+00:00","description":"Suchen Sie einen Gummiummantelter Topfmagnet 31mm, mit Kabelbefestigung? Magnete k\u00f6nnen bequem online gekauft werden Magnetenspecialist.nl 1 Werktag Lieferzeit \u2713 14 Tage Bedenkzeit \u2713 Versand oder Abholung *.","breadcrumb":{"@id":"https:\/\/www.magnetenspecialist.nl\/de\/speichern\/topfmagnete\/topfmagnet-mit-gummiummantelung-31mm-kabelfixierung\/#breadcrumb"},"inLanguage":"de","potentialAction":[{"@type":"ReadAction","target":["https:\/\/www.magnetenspecialist.nl\/de\/speichern\/topfmagnete\/topfmagnet-mit-gummiummantelung-31mm-kabelfixierung\/"]}]},{"@type":"ImageObject","inLanguage":"de","@id":"https:\/\/www.magnetenspecialist.nl\/de\/speichern\/topfmagnete\/topfmagnet-mit-gummiummantelung-31mm-kabelfixierung\/#primaryimage","url":"https:\/\/www.magnetenspecialist.nl\/wp-content\/uploads\/2020\/02\/Magnetenspecialist.nl_Magneet-met-rubberen-ommanteling-31mm-met-kabelbevestiging_1.jpg","contentUrl":"https:\/\/www.magnetenspecialist.nl\/wp-content\/uploads\/2020\/02\/Magnetenspecialist.nl_Magneet-met-rubberen-ommanteling-31mm-met-kabelbevestiging_1.jpg","width":1500,"height":1500},{"@type":"BreadcrumbList","@id":"https:\/\/www.magnetenspecialist.nl\/de\/speichern\/topfmagnete\/topfmagnet-mit-gummiummantelung-31mm-kabelfixierung\/#breadcrumb","itemListElement":[{"@type":"ListItem","position":1,"name":"Startseite","item":"https:\/\/www.magnetenspecialist.nl\/de\/"},{"@type":"ListItem","position":2,"name":"Shop","item":"https:\/\/www.magnetenspecialist.nl\/de\/shop\/"},{"@type":"ListItem","position":3,"name":"Gummiummantelter Topfmagnet 31mm, mit Kabelbefestigung"}]},{"@type":"WebSite","@id":"https:\/\/www.magnetenspecialist.nl\/de\/#website","url":"https:\/\/www.magnetenspecialist.nl\/de\/","name":"Magnetenspecialist.nl","description":"Umfangreiches Angebot an Neodym-Magneten","publisher":{"@id":"https:\/\/www.magnetenspecialist.nl\/de\/#organization"},"potentialAction":[{"@type":"SearchAction","target":{"@type":"EntryPoint","urlTemplate":"https:\/\/www.magnetenspecialist.nl\/de\/?s={search_term_string}"},"query-input":{"@type":"PropertyValueSpecification","valueRequired":true,"valueName":"search_term_string"}}],"inLanguage":"de"},{"@type":"Organization","@id":"https:\/\/www.magnetenspecialist.nl\/de\/#organization","name":"Magnetenspecialist.nl","url":"https:\/\/www.magnetenspecialist.nl\/de\/","logo":{"@type":"ImageObject","inLanguage":"de","@id":"https:\/\/www.magnetenspecialist.nl\/de\/#\/schema\/logo\/image\/","url":"https:\/\/www.magnetenspecialist.nl\/wp-content\/uploads\/2018\/10\/magneten-logo.jpg","contentUrl":"https:\/\/www.magnetenspecialist.nl\/wp-content\/uploads\/2018\/10\/magneten-logo.jpg","width":151,"height":151,"caption":"Magnetenspecialist.nl"},"image":{"@id":"https:\/\/www.magnetenspecialist.nl\/de\/#\/schema\/logo\/image\/"},"sameAs":["https:\/\/www.facebook.com\/Magnetenspecialist.nl","https:\/\/x.com\/magnetenspecial"]}]},"product_price_amount":"5.25","product_price_currency":"EUR","og_availability":"instock","product_availability":"instock","product_retailer_item_id":"Po031x006-N-R","product_condition":"new"},"_links":{"self":[{"href":"https:\/\/www.magnetenspecialist.nl\/de\/wp-json\/wp\/v2\/product\/90934","targetHints":{"allow":["GET"]}}],"collection":[{"href":"https:\/\/www.magnetenspecialist.nl\/de\/wp-json\/wp\/v2\/product"}],"about":[{"href":"https:\/\/www.magnetenspecialist.nl\/de\/wp-json\/wp\/v2\/types\/product"}],"wp:featuredmedia":[{"embeddable":true,"href":"https:\/\/www.magnetenspecialist.nl\/de\/wp-json\/wp\/v2\/media\/113005"}],"wp:attachment":[{"href":"https:\/\/www.magnetenspecialist.nl\/de\/wp-json\/wp\/v2\/media?parent=90934"}],"wp:term":[{"taxonomy":"product_brand","embeddable":true,"href":"https:\/\/www.magnetenspecialist.nl\/de\/wp-json\/wp\/v2\/product_brand?post=90934"},{"taxonomy":"product_cat","embeddable":true,"href":"https:\/\/www.magnetenspecialist.nl\/de\/wp-json\/wp\/v2\/product_cat?post=90934"},{"taxonomy":"product_tag","embeddable":true,"href":"https:\/\/www.magnetenspecialist.nl\/de\/wp-json\/wp\/v2\/product_tag?post=90934"}],"curies":[{"name":"wp","href":"https:\/\/api.w.org\/{rel}","templated":true}]}}