{"id":90985,"date":"2019-03-08T11:03:03","date_gmt":"2019-03-08T10:03:03","guid":{"rendered":"https:\/\/www.magnetenspecialist.nl\/winkel\/unkategorisiert\/hufeisenmagnet-alnico-80x60x15mm\/"},"modified":"2025-03-18T16:00:12","modified_gmt":"2025-03-18T15:00:12","slug":"hufeisenmagnet-alnico-80x60x15mm","status":"publish","type":"product","link":"https:\/\/www.magnetenspecialist.nl\/de\/speichern\/andere-magnete\/hufeisenmagnet-alnico-80x60x15mm\/","title":{"rendered":"Hufeisenmagnet Alnico 80x60x15mm"},"content":{"rendered":"<p>Der von uns angebotene Hufeisenmagnet ist ein einzigartiges Exemplar mit den Ma\u00dfen 80 mm x 60 mm x 15 mm und einer auff\u00e4lligen rot-gr\u00fcnen Oberfl\u00e4che.<br \/>\nAm rot gef\u00e4rbten Ende befindet sich der Nordpol, der diesem Magneten eine besondere Eigenschaft verleiht.<br \/>\nVor dem Versand wird dieser Hufeisenmagnet sorgf\u00e4ltig verpackt, wobei die Pole zum optimalen Schutz mit einem Joch kurzgeschlossen werden.<br \/>\nIm Gegensatz zu den meisten Magneten auf unserer Website, die aus NdFeB (Neodym-Eisen-Bor) bestehen, ist dieser Hufeisenmagnet aus AlNiCo (Aluminium-Nickel-Kobalt und Eisen) gefertigt, einem Material mit einzigartigen Eigenschaften.<br \/>\nAlNiCo eignet sich besonders gut f\u00fcr Hufeisenmagnete, da es weniger spr\u00f6de ist und eine bemerkenswerte Hitzebest\u00e4ndigkeit von bis zu 450 Grad Celsius aufweist.<br \/>\nObwohl AlNiCo etwa achtmal schw\u00e4cher ist als NdFeB, ist es dennoch deutlich st\u00e4rker als ein Ferritmagnet, wie er f\u00fcr K\u00fchlschrankmagnete verwendet wird.<br \/>\nEs ist wichtig zu beachten, dass ein hufeisenf\u00f6rmiger NdFeB-Magnet zu zerbrechlich w\u00e4re und daher nicht auf diese Weise hergestellt wird.      <\/p>\n","protected":false},"excerpt":{"rendered":"<p>Der von uns angebotene Hufeisenmagnet ist ein einzigartiges Exemplar mit den Ma\u00dfen 80 mm x 60 mm x 15 mm und einer auff\u00e4lligen rot-gr\u00fcnen Oberfl\u00e4che. Am rot gef\u00e4rbten Ende befindet sich der Nordpol, der diesem Magneten eine besondere Eigenschaft verleiht. Vor dem Versand wird dieser Hufeisenmagnet sorgf\u00e4ltig verpackt, wobei die Pole zum optimalen Schutz mit [&hellip;]<\/p>\n","protected":false},"featured_media":113878,"template":"","meta":{"_acf_changed":false},"product_brand":[3521],"product_cat":[1392],"product_tag":[3163],"class_list":{"0":"post-90985","1":"product","2":"type-product","3":"status-publish","4":"has-post-thumbnail","6":"product_brand-magnetenspecialist","7":"product_cat-andere-magnete","8":"product_tag-groep-3-de","9":"pa_magnetiseringsrichting-axiaal-de","10":"pa_materiaal-ainnico-5-de","11":"pa_maximale-gebruikstemperatuur-400-de","12":"pa_model-andere-magnete","14":"first","15":"outofstock","16":"featured","17":"taxable","18":"shipping-taxable","19":"purchasable","20":"product-type-simple"},"supplier_id":null,"supplier_sku":"","barcode":null,"atum_controlled":true,"out_stock_date":"2025-11-18 12:01:05","out_stock_threshold":null,"inheritable":false,"inbound_stock":0,"stock_on_hold":0,"sold_today":0,"sales_last_days":0,"reserved_stock":0,"customer_returns":0,"warehouse_damage":0,"lost_in_post":0,"other_logs":0,"out_stock_days":135,"lost_sales":1272,"has_location":false,"update_date":"2026-04-21T09:53:16","atum_locations":[],"atum_stock_status":"outofstock","restock_status":false,"low_stock_amount":10,"sales_update_date":"2026-04-03T08:06:22","calc_backorders":null,"acf":[],"yoast_head":"<!-- This site is optimized with the Yoast SEO Premium plugin v24.7 (Yoast SEO v24.7) - https:\/\/yoast.com\/wordpress\/plugins\/seo\/ -->\n<title>Hufeisenmagnet Alnico 80x60x15mm - Magnetenspecialist.nl<\/title>\n<meta name=\"description\" content=\"Suchen Sie einen Hufeisenmagnet Alnico 80x60x15mm? Magnete k\u00f6nnen bequem online gekauft werden Magnetenspecialist.nl 1 Werktag Lieferzeit \u2713 14 Tage Bedenkzeit \u2713 Versand oder Abholung *.\" \/>\n<meta name=\"robots\" content=\"index, follow, max-snippet:-1, max-image-preview:large, max-video-preview:-1\" \/>\n<link rel=\"canonical\" href=\"https:\/\/www.magnetenspecialist.nl\/de\/speichern\/andere-magnete\/hufeisenmagnet-alnico-80x60x15mm\/\" \/>\n<meta property=\"og:locale\" content=\"de_DE\" \/>\n<meta property=\"og:type\" content=\"article\" \/>\n<meta property=\"og:title\" content=\"Hufeisenmagnet Alnico 80x60x15mm\" \/>\n<meta property=\"og:description\" content=\"Suchen Sie einen Hufeisenmagnet Alnico 80x60x15mm? Magnete k\u00f6nnen bequem online gekauft werden Magnetenspecialist.nl 1 Werktag Lieferzeit \u2713 14 Tage Bedenkzeit \u2713 Versand oder Abholung *.\" \/>\n<meta property=\"og:url\" content=\"https:\/\/www.magnetenspecialist.nl\/de\/speichern\/andere-magnete\/hufeisenmagnet-alnico-80x60x15mm\/\" \/>\n<meta property=\"og:site_name\" content=\"Magnetenspecialist.nl\" \/>\n<meta property=\"article:publisher\" content=\"https:\/\/www.facebook.com\/Magnetenspecialist.nl\" \/>\n<meta property=\"article:modified_time\" content=\"2025-03-18T15:00:12+00:00\" \/>\n<meta property=\"og:image\" content=\"https:\/\/www.magnetenspecialist.nl\/wp-content\/uploads\/2019\/03\/Magnetenspecialist.nl_Hoefijzermagneet-Alnico-80x60x15mm_2.jpg\" \/>\n\t<meta property=\"og:image:width\" content=\"1500\" \/>\n\t<meta property=\"og:image:height\" content=\"1500\" \/>\n\t<meta property=\"og:image:type\" content=\"image\/jpeg\" \/>\n<meta name=\"twitter:card\" content=\"summary_large_image\" \/>\n<meta name=\"twitter:site\" content=\"@magnetenspecial\" \/>\n<meta name=\"twitter:label1\" content=\"Preis\" \/>\n\t<meta name=\"twitter:data1\" content=\"&euro;&nbsp;22,00\" \/>\n\t<meta name=\"twitter:label2\" content=\"Verf\u00fcgbarkeit\" \/>\n\t<meta name=\"twitter:data2\" content=\"ausverkauft\" \/>\n<script type=\"application\/ld+json\" class=\"yoast-schema-graph\">{\"@context\":\"https:\/\/schema.org\",\"@graph\":[{\"@type\":\"WebPage\",\"@id\":\"https:\/\/www.magnetenspecialist.nl\/de\/speichern\/andere-magnete\/hufeisenmagnet-alnico-80x60x15mm\/\",\"url\":\"https:\/\/www.magnetenspecialist.nl\/de\/speichern\/andere-magnete\/hufeisenmagnet-alnico-80x60x15mm\/\",\"name\":\"Hufeisenmagnet Alnico 80x60x15mm - Magnetenspecialist.nl\",\"isPartOf\":{\"@id\":\"https:\/\/www.magnetenspecialist.nl\/de\/#website\"},\"primaryImageOfPage\":{\"@id\":\"https:\/\/www.magnetenspecialist.nl\/de\/speichern\/andere-magnete\/hufeisenmagnet-alnico-80x60x15mm\/#primaryimage\"},\"image\":{\"@id\":\"https:\/\/www.magnetenspecialist.nl\/de\/speichern\/andere-magnete\/hufeisenmagnet-alnico-80x60x15mm\/#primaryimage\"},\"thumbnailUrl\":\"https:\/\/www.magnetenspecialist.nl\/wp-content\/uploads\/2019\/03\/Magnetenspecialist.nl_Hoefijzermagneet-Alnico-80x60x15mm_2.jpg\",\"datePublished\":\"2019-03-08T10:03:03+00:00\",\"dateModified\":\"2025-03-18T15:00:12+00:00\",\"description\":\"Suchen Sie einen Hufeisenmagnet Alnico 80x60x15mm? Magnete k\u00f6nnen bequem online gekauft werden Magnetenspecialist.nl 1 Werktag Lieferzeit \u2713 14 Tage Bedenkzeit \u2713 Versand oder Abholung *.\",\"breadcrumb\":{\"@id\":\"https:\/\/www.magnetenspecialist.nl\/de\/speichern\/andere-magnete\/hufeisenmagnet-alnico-80x60x15mm\/#breadcrumb\"},\"inLanguage\":\"de\",\"potentialAction\":[{\"@type\":\"ReadAction\",\"target\":[\"https:\/\/www.magnetenspecialist.nl\/de\/speichern\/andere-magnete\/hufeisenmagnet-alnico-80x60x15mm\/\"]}]},{\"@type\":\"ImageObject\",\"inLanguage\":\"de\",\"@id\":\"https:\/\/www.magnetenspecialist.nl\/de\/speichern\/andere-magnete\/hufeisenmagnet-alnico-80x60x15mm\/#primaryimage\",\"url\":\"https:\/\/www.magnetenspecialist.nl\/wp-content\/uploads\/2019\/03\/Magnetenspecialist.nl_Hoefijzermagneet-Alnico-80x60x15mm_2.jpg\",\"contentUrl\":\"https:\/\/www.magnetenspecialist.nl\/wp-content\/uploads\/2019\/03\/Magnetenspecialist.nl_Hoefijzermagneet-Alnico-80x60x15mm_2.jpg\",\"width\":1500,\"height\":1500},{\"@type\":\"BreadcrumbList\",\"@id\":\"https:\/\/www.magnetenspecialist.nl\/de\/speichern\/andere-magnete\/hufeisenmagnet-alnico-80x60x15mm\/#breadcrumb\",\"itemListElement\":[{\"@type\":\"ListItem\",\"position\":1,\"name\":\"Startseite\",\"item\":\"https:\/\/www.magnetenspecialist.nl\/de\/\"},{\"@type\":\"ListItem\",\"position\":2,\"name\":\"Shop\",\"item\":\"https:\/\/www.magnetenspecialist.nl\/de\/shop\/\"},{\"@type\":\"ListItem\",\"position\":3,\"name\":\"Hufeisenmagnet Alnico 80x60x15mm\"}]},{\"@type\":\"WebSite\",\"@id\":\"https:\/\/www.magnetenspecialist.nl\/de\/#website\",\"url\":\"https:\/\/www.magnetenspecialist.nl\/de\/\",\"name\":\"Magnetenspecialist.nl\",\"description\":\"Umfangreiches Angebot an Neodym-Magneten\",\"publisher\":{\"@id\":\"https:\/\/www.magnetenspecialist.nl\/de\/#organization\"},\"potentialAction\":[{\"@type\":\"SearchAction\",\"target\":{\"@type\":\"EntryPoint\",\"urlTemplate\":\"https:\/\/www.magnetenspecialist.nl\/de\/?s={search_term_string}\"},\"query-input\":{\"@type\":\"PropertyValueSpecification\",\"valueRequired\":true,\"valueName\":\"search_term_string\"}}],\"inLanguage\":\"de\"},{\"@type\":\"Organization\",\"@id\":\"https:\/\/www.magnetenspecialist.nl\/de\/#organization\",\"name\":\"Magnetenspecialist.nl\",\"url\":\"https:\/\/www.magnetenspecialist.nl\/de\/\",\"logo\":{\"@type\":\"ImageObject\",\"inLanguage\":\"de\",\"@id\":\"https:\/\/www.magnetenspecialist.nl\/de\/#\/schema\/logo\/image\/\",\"url\":\"https:\/\/www.magnetenspecialist.nl\/wp-content\/uploads\/2018\/10\/magneten-logo.jpg\",\"contentUrl\":\"https:\/\/www.magnetenspecialist.nl\/wp-content\/uploads\/2018\/10\/magneten-logo.jpg\",\"width\":151,\"height\":151,\"caption\":\"Magnetenspecialist.nl\"},\"image\":{\"@id\":\"https:\/\/www.magnetenspecialist.nl\/de\/#\/schema\/logo\/image\/\"},\"sameAs\":[\"https:\/\/www.facebook.com\/Magnetenspecialist.nl\",\"https:\/\/x.com\/magnetenspecial\"]}]}<\/script>\n<meta property=\"product:price:amount\" content=\"22.00\" \/>\n<meta property=\"product:price:currency\" content=\"EUR\" \/>\n<meta property=\"og:availability\" content=\"out of stock\" \/>\n<meta property=\"product:availability\" content=\"out of stock\" \/>\n<meta property=\"product:retailer_item_id\" content=\"Hoij80x16x15-AN\" \/>\n<meta property=\"product:condition\" content=\"new\" \/>\n<!-- \/ Yoast SEO Premium plugin. -->","yoast_head_json":{"title":"Hufeisenmagnet Alnico 80x60x15mm - Magnetenspecialist.nl","description":"Suchen Sie einen Hufeisenmagnet Alnico 80x60x15mm? Magnete k\u00f6nnen bequem online gekauft werden Magnetenspecialist.nl 1 Werktag Lieferzeit \u2713 14 Tage Bedenkzeit \u2713 Versand oder Abholung *.","robots":{"index":"index","follow":"follow","max-snippet":"max-snippet:-1","max-image-preview":"max-image-preview:large","max-video-preview":"max-video-preview:-1"},"canonical":"https:\/\/www.magnetenspecialist.nl\/de\/speichern\/andere-magnete\/hufeisenmagnet-alnico-80x60x15mm\/","og_locale":"de_DE","og_type":"article","og_title":"Hufeisenmagnet Alnico 80x60x15mm","og_description":"Suchen Sie einen Hufeisenmagnet Alnico 80x60x15mm? Magnete k\u00f6nnen bequem online gekauft werden Magnetenspecialist.nl 1 Werktag Lieferzeit \u2713 14 Tage Bedenkzeit \u2713 Versand oder Abholung *.","og_url":"https:\/\/www.magnetenspecialist.nl\/de\/speichern\/andere-magnete\/hufeisenmagnet-alnico-80x60x15mm\/","og_site_name":"Magnetenspecialist.nl","article_publisher":"https:\/\/www.facebook.com\/Magnetenspecialist.nl","article_modified_time":"2025-03-18T15:00:12+00:00","og_image":[{"width":1500,"height":1500,"url":"https:\/\/www.magnetenspecialist.nl\/wp-content\/uploads\/2019\/03\/Magnetenspecialist.nl_Hoefijzermagneet-Alnico-80x60x15mm_2.jpg","type":"image\/jpeg"}],"twitter_card":"summary_large_image","twitter_site":"@magnetenspecial","twitter_misc":{"Preis":"&euro;&nbsp;22,00","Verf\u00fcgbarkeit":"ausverkauft"},"schema":{"@context":"https:\/\/schema.org","@graph":[{"@type":"WebPage","@id":"https:\/\/www.magnetenspecialist.nl\/de\/speichern\/andere-magnete\/hufeisenmagnet-alnico-80x60x15mm\/","url":"https:\/\/www.magnetenspecialist.nl\/de\/speichern\/andere-magnete\/hufeisenmagnet-alnico-80x60x15mm\/","name":"Hufeisenmagnet Alnico 80x60x15mm - Magnetenspecialist.nl","isPartOf":{"@id":"https:\/\/www.magnetenspecialist.nl\/de\/#website"},"primaryImageOfPage":{"@id":"https:\/\/www.magnetenspecialist.nl\/de\/speichern\/andere-magnete\/hufeisenmagnet-alnico-80x60x15mm\/#primaryimage"},"image":{"@id":"https:\/\/www.magnetenspecialist.nl\/de\/speichern\/andere-magnete\/hufeisenmagnet-alnico-80x60x15mm\/#primaryimage"},"thumbnailUrl":"https:\/\/www.magnetenspecialist.nl\/wp-content\/uploads\/2019\/03\/Magnetenspecialist.nl_Hoefijzermagneet-Alnico-80x60x15mm_2.jpg","datePublished":"2019-03-08T10:03:03+00:00","dateModified":"2025-03-18T15:00:12+00:00","description":"Suchen Sie einen Hufeisenmagnet Alnico 80x60x15mm? Magnete k\u00f6nnen bequem online gekauft werden Magnetenspecialist.nl 1 Werktag Lieferzeit \u2713 14 Tage Bedenkzeit \u2713 Versand oder Abholung *.","breadcrumb":{"@id":"https:\/\/www.magnetenspecialist.nl\/de\/speichern\/andere-magnete\/hufeisenmagnet-alnico-80x60x15mm\/#breadcrumb"},"inLanguage":"de","potentialAction":[{"@type":"ReadAction","target":["https:\/\/www.magnetenspecialist.nl\/de\/speichern\/andere-magnete\/hufeisenmagnet-alnico-80x60x15mm\/"]}]},{"@type":"ImageObject","inLanguage":"de","@id":"https:\/\/www.magnetenspecialist.nl\/de\/speichern\/andere-magnete\/hufeisenmagnet-alnico-80x60x15mm\/#primaryimage","url":"https:\/\/www.magnetenspecialist.nl\/wp-content\/uploads\/2019\/03\/Magnetenspecialist.nl_Hoefijzermagneet-Alnico-80x60x15mm_2.jpg","contentUrl":"https:\/\/www.magnetenspecialist.nl\/wp-content\/uploads\/2019\/03\/Magnetenspecialist.nl_Hoefijzermagneet-Alnico-80x60x15mm_2.jpg","width":1500,"height":1500},{"@type":"BreadcrumbList","@id":"https:\/\/www.magnetenspecialist.nl\/de\/speichern\/andere-magnete\/hufeisenmagnet-alnico-80x60x15mm\/#breadcrumb","itemListElement":[{"@type":"ListItem","position":1,"name":"Startseite","item":"https:\/\/www.magnetenspecialist.nl\/de\/"},{"@type":"ListItem","position":2,"name":"Shop","item":"https:\/\/www.magnetenspecialist.nl\/de\/shop\/"},{"@type":"ListItem","position":3,"name":"Hufeisenmagnet Alnico 80x60x15mm"}]},{"@type":"WebSite","@id":"https:\/\/www.magnetenspecialist.nl\/de\/#website","url":"https:\/\/www.magnetenspecialist.nl\/de\/","name":"Magnetenspecialist.nl","description":"Umfangreiches Angebot an Neodym-Magneten","publisher":{"@id":"https:\/\/www.magnetenspecialist.nl\/de\/#organization"},"potentialAction":[{"@type":"SearchAction","target":{"@type":"EntryPoint","urlTemplate":"https:\/\/www.magnetenspecialist.nl\/de\/?s={search_term_string}"},"query-input":{"@type":"PropertyValueSpecification","valueRequired":true,"valueName":"search_term_string"}}],"inLanguage":"de"},{"@type":"Organization","@id":"https:\/\/www.magnetenspecialist.nl\/de\/#organization","name":"Magnetenspecialist.nl","url":"https:\/\/www.magnetenspecialist.nl\/de\/","logo":{"@type":"ImageObject","inLanguage":"de","@id":"https:\/\/www.magnetenspecialist.nl\/de\/#\/schema\/logo\/image\/","url":"https:\/\/www.magnetenspecialist.nl\/wp-content\/uploads\/2018\/10\/magneten-logo.jpg","contentUrl":"https:\/\/www.magnetenspecialist.nl\/wp-content\/uploads\/2018\/10\/magneten-logo.jpg","width":151,"height":151,"caption":"Magnetenspecialist.nl"},"image":{"@id":"https:\/\/www.magnetenspecialist.nl\/de\/#\/schema\/logo\/image\/"},"sameAs":["https:\/\/www.facebook.com\/Magnetenspecialist.nl","https:\/\/x.com\/magnetenspecial"]}]},"product_price_amount":"22.00","product_price_currency":"EUR","og_availability":"out of stock","product_availability":"out of stock","product_retailer_item_id":"Hoij80x16x15-AN","product_condition":"new"},"_links":{"self":[{"href":"https:\/\/www.magnetenspecialist.nl\/de\/wp-json\/wp\/v2\/product\/90985","targetHints":{"allow":["GET"]}}],"collection":[{"href":"https:\/\/www.magnetenspecialist.nl\/de\/wp-json\/wp\/v2\/product"}],"about":[{"href":"https:\/\/www.magnetenspecialist.nl\/de\/wp-json\/wp\/v2\/types\/product"}],"wp:featuredmedia":[{"embeddable":true,"href":"https:\/\/www.magnetenspecialist.nl\/de\/wp-json\/wp\/v2\/media\/113878"}],"wp:attachment":[{"href":"https:\/\/www.magnetenspecialist.nl\/de\/wp-json\/wp\/v2\/media?parent=90985"}],"wp:term":[{"taxonomy":"product_brand","embeddable":true,"href":"https:\/\/www.magnetenspecialist.nl\/de\/wp-json\/wp\/v2\/product_brand?post=90985"},{"taxonomy":"product_cat","embeddable":true,"href":"https:\/\/www.magnetenspecialist.nl\/de\/wp-json\/wp\/v2\/product_cat?post=90985"},{"taxonomy":"product_tag","embeddable":true,"href":"https:\/\/www.magnetenspecialist.nl\/de\/wp-json\/wp\/v2\/product_tag?post=90985"}],"curies":[{"name":"wp","href":"https:\/\/api.w.org\/{rel}","templated":true}]}}