{"id":90990,"date":"2019-03-08T11:03:03","date_gmt":"2019-03-08T10:03:03","guid":{"rendered":"https:\/\/www.magnetenspecialist.nl\/winkel\/unkategorisiert\/filtermagnet-22x200mm-edelstahl-m8x15mm-n42-ca950-mt\/"},"modified":"2025-03-18T16:00:18","modified_gmt":"2025-03-18T15:00:18","slug":"filtermagneet-22x200mm-rvs-mt-binnendraad-2x-m8x15mm-n42-1000-mt-10-000-gs","status":"publish","type":"product","link":"https:\/\/www.magnetenspecialist.nl\/de\/speichern\/filtermagneten-de\/filtermagneet-22x200mm-rvs-mt-binnendraad-2x-m8x15mm-n42-1000-mt-10-000-gs\/","title":{"rendered":"Filtermagnet 22x200mm Edelstahl mt (Innengewinde 2x) M8x15mm N42 &#8211; 1000 mT (10.000 Gs)"},"content":{"rendered":"<p dir=\"ltr\" data-placeholder=\"Vertaling\"><strong>Filtermagnet 22x200mm Edelstahl mt (2x) M8x15mm N42 &#8211; 1000 mT (10.000 Gs)<\/strong><\/p>\n<p dir=\"ltr\" data-placeholder=\"Vertaling\">Diese Neodym-Magnetfilterst\u00e4be dienen zur Abscheidung kleiner Eisenpartikel aus Staub und fl\u00fcssigen oder k\u00f6rnigen Substanzen.<\/p>\n<p dir=\"ltr\" data-placeholder=\"Vertaling\">Sie k\u00f6nnen mehrere St\u00e4be oder Magnetfilter zu einem gitterf\u00f6rmigen Magnetabscheider kombinieren.<\/p>\n<p id=\"tw-target-text\" class=\"tw-data-text tw-text-large XcVN5d tw-ta\" dir=\"ltr\" data-placeholder=\"Vertaling\"><strong><span class=\"Y2IQFc\" lang=\"nl\">Technische Daten: <\/span><\/strong><\/p>\n<p class=\"tw-data-text tw-text-large XcVN5d tw-ta\" dir=\"ltr\" data-placeholder=\"Vertaling\"><span class=\"Y2IQFc\" lang=\"nl\">Abmessungen: \u00d822 x 200 mm<\/span><\/p>\n<p class=\"tw-data-text tw-text-large XcVN5d tw-ta\" dir=\"ltr\" data-placeholder=\"Vertaling\"><span class=\"Y2IQFc\" lang=\"nl\">magnetische Flussdichte: 1000 mT (10.000 Gs) (radial)<\/span><\/p>\n<p class=\"tw-data-text tw-text-large XcVN5d tw-ta\" dir=\"ltr\" data-placeholder=\"Vertaling\"><span class=\"Y2IQFc\" lang=\"nl\">Edelstahlgeh\u00e4use 1.4301 (V2A), hermetisch verschwei\u00dft<\/span><\/p>\n<p class=\"tw-data-text tw-text-large XcVN5d tw-ta\" dir=\"ltr\" data-placeholder=\"Vertaling\"><span class=\"Y2IQFc\" lang=\"nl\">Innengewinde M8 x 15 mm<\/span><\/p>\n<p class=\"tw-data-text tw-text-large XcVN5d tw-ta\" dir=\"ltr\" data-placeholder=\"Vertaling\"><span class=\"Y2IQFc\" lang=\"nl\">max. Betriebstemperatur: 120\u00b0C<\/span><\/p>\n<p class=\"tw-data-text tw-text-large XcVN5d tw-ta\" dir=\"ltr\" data-placeholder=\"Vertaling\"><span class=\"Y2IQFc\" lang=\"nl\">Gewicht: ca. 700 g<\/span><\/p>\n","protected":false},"excerpt":{"rendered":"<p>Filtermagnet 22x200mm Edelstahl mt (2x) M8x15mm N42 &#8211; 1000 mT (10.000 Gs) Diese Neodym-Magnetfilterst\u00e4be dienen zur Abscheidung kleiner Eisenpartikel aus Staub und fl\u00fcssigen oder k\u00f6rnigen Substanzen. Sie k\u00f6nnen mehrere St\u00e4be oder Magnetfilter zu einem gitterf\u00f6rmigen Magnetabscheider kombinieren. Technische Daten: Abmessungen: \u00d822 x 200 mm magnetische Flussdichte: 1000 mT (10.000 Gs) (radial) Edelstahlgeh\u00e4use 1.4301 (V2A), hermetisch [&hellip;]<\/p>\n","protected":false},"featured_media":113894,"template":"","meta":{"_acf_changed":false},"product_brand":[3521],"product_cat":[3268],"product_tag":[3162],"class_list":{"0":"post-90990","1":"product","2":"type-product","3":"status-publish","4":"has-post-thumbnail","6":"product_brand-magnetenspecialist","7":"product_cat-filtermagneten-de","8":"product_tag-groep-2-de","9":"pa_magnetisering-n42-de","10":"pa_magnetiseringsrichting-axiaal-de","11":"pa_materiaal-rostfreier-stahl-1-4301","12":"pa_model-andere-magnete","14":"first","15":"instock","16":"featured","17":"taxable","18":"shipping-taxable","19":"purchasable","20":"product-type-simple"},"supplier_id":null,"supplier_sku":"","barcode":null,"atum_controlled":true,"out_stock_date":null,"out_stock_threshold":null,"inheritable":false,"inbound_stock":0,"stock_on_hold":0,"sold_today":0,"sales_last_days":0,"reserved_stock":0,"customer_returns":0,"warehouse_damage":0,"lost_in_post":0,"other_logs":0,"out_stock_days":0,"lost_sales":0,"has_location":false,"update_date":"2026-04-03T08:06:22","atum_locations":[],"atum_stock_status":"instock","restock_status":false,"low_stock_amount":0,"sales_update_date":"2026-04-03T08:06:22","calc_backorders":null,"acf":[],"yoast_head":"<!-- This site is optimized with the Yoast SEO Premium plugin v24.7 (Yoast SEO v24.7) - https:\/\/yoast.com\/wordpress\/plugins\/seo\/ -->\n<title>Filtermagnet 22x200mm Edelstahl mt (Innengewinde 2x) M8x15mm N42 - 1000 mT (10.000 Gs) - Magnetenspecialist.nl<\/title>\n<meta name=\"description\" content=\"Suchen Sie einen Filtermagnet 22x200mm Edelstahl mt (Innengewinde 2x) M8x15mm N42 - 1000 mT (10.000 Gs)? Magnete k\u00f6nnen bequem online gekauft werden Magnetenspecialist.nl 1 Werktag Lieferzeit \u2713 14 Tage Bedenkzeit \u2713 Versand oder Abholung *.\" \/>\n<meta name=\"robots\" content=\"index, follow, max-snippet:-1, max-image-preview:large, max-video-preview:-1\" \/>\n<link rel=\"canonical\" href=\"https:\/\/www.magnetenspecialist.nl\/de\/speichern\/filtermagneten-de\/filtermagneet-22x200mm-rvs-mt-binnendraad-2x-m8x15mm-n42-1000-mt-10-000-gs\/\" \/>\n<meta property=\"og:locale\" content=\"de_DE\" \/>\n<meta property=\"og:type\" content=\"article\" \/>\n<meta property=\"og:title\" content=\"Filtermagnet 22x200mm Edelstahl mt (Innengewinde 2x) M8x15mm N42 - 1000 mT (10.000 Gs)\" \/>\n<meta property=\"og:description\" content=\"Suchen Sie einen Filtermagnet 22x200mm Edelstahl mt (Innengewinde 2x) M8x15mm N42 - 1000 mT (10.000 Gs)? Magnete k\u00f6nnen bequem online gekauft werden Magnetenspecialist.nl 1 Werktag Lieferzeit \u2713 14 Tage Bedenkzeit \u2713 Versand oder Abholung *.\" \/>\n<meta property=\"og:url\" content=\"https:\/\/www.magnetenspecialist.nl\/de\/speichern\/filtermagneten-de\/filtermagneet-22x200mm-rvs-mt-binnendraad-2x-m8x15mm-n42-1000-mt-10-000-gs\/\" \/>\n<meta property=\"og:site_name\" content=\"Magnetenspecialist.nl\" \/>\n<meta property=\"article:publisher\" content=\"https:\/\/www.facebook.com\/Magnetenspecialist.nl\" \/>\n<meta property=\"article:modified_time\" content=\"2025-03-18T15:00:18+00:00\" \/>\n<meta property=\"og:image\" content=\"https:\/\/www.magnetenspecialist.nl\/wp-content\/uploads\/2019\/03\/Magnetenspecialist.nl_Filtermagneet-22-x-200-mm_1.jpg\" \/>\n\t<meta property=\"og:image:width\" content=\"1500\" \/>\n\t<meta property=\"og:image:height\" content=\"1500\" \/>\n\t<meta property=\"og:image:type\" content=\"image\/jpeg\" \/>\n<meta name=\"twitter:card\" content=\"summary_large_image\" \/>\n<meta name=\"twitter:site\" content=\"@magnetenspecial\" \/>\n<meta name=\"twitter:label1\" content=\"Preis\" \/>\n\t<meta name=\"twitter:data1\" content=\"&euro;&nbsp;117,27\" \/>\n\t<meta name=\"twitter:label2\" content=\"Verf\u00fcgbarkeit\" \/>\n\t<meta name=\"twitter:data2\" content=\"Auf Lager\" \/>\n<script type=\"application\/ld+json\" class=\"yoast-schema-graph\">{\"@context\":\"https:\/\/schema.org\",\"@graph\":[{\"@type\":\"WebPage\",\"@id\":\"https:\/\/www.magnetenspecialist.nl\/de\/speichern\/filtermagneten-de\/filtermagneet-22x200mm-rvs-mt-binnendraad-2x-m8x15mm-n42-1000-mt-10-000-gs\/\",\"url\":\"https:\/\/www.magnetenspecialist.nl\/de\/speichern\/filtermagneten-de\/filtermagneet-22x200mm-rvs-mt-binnendraad-2x-m8x15mm-n42-1000-mt-10-000-gs\/\",\"name\":\"Filtermagnet 22x200mm Edelstahl mt (Innengewinde 2x) M8x15mm N42 - 1000 mT (10.000 Gs) - Magnetenspecialist.nl\",\"isPartOf\":{\"@id\":\"https:\/\/www.magnetenspecialist.nl\/de\/#website\"},\"primaryImageOfPage\":{\"@id\":\"https:\/\/www.magnetenspecialist.nl\/de\/speichern\/filtermagneten-de\/filtermagneet-22x200mm-rvs-mt-binnendraad-2x-m8x15mm-n42-1000-mt-10-000-gs\/#primaryimage\"},\"image\":{\"@id\":\"https:\/\/www.magnetenspecialist.nl\/de\/speichern\/filtermagneten-de\/filtermagneet-22x200mm-rvs-mt-binnendraad-2x-m8x15mm-n42-1000-mt-10-000-gs\/#primaryimage\"},\"thumbnailUrl\":\"https:\/\/www.magnetenspecialist.nl\/wp-content\/uploads\/2019\/03\/Magnetenspecialist.nl_Filtermagneet-22-x-200-mm_1.jpg\",\"datePublished\":\"2019-03-08T10:03:03+00:00\",\"dateModified\":\"2025-03-18T15:00:18+00:00\",\"description\":\"Suchen Sie einen Filtermagnet 22x200mm Edelstahl mt (Innengewinde 2x) M8x15mm N42 - 1000 mT (10.000 Gs)? Magnete k\u00f6nnen bequem online gekauft werden Magnetenspecialist.nl 1 Werktag Lieferzeit \u2713 14 Tage Bedenkzeit \u2713 Versand oder Abholung *.\",\"breadcrumb\":{\"@id\":\"https:\/\/www.magnetenspecialist.nl\/de\/speichern\/filtermagneten-de\/filtermagneet-22x200mm-rvs-mt-binnendraad-2x-m8x15mm-n42-1000-mt-10-000-gs\/#breadcrumb\"},\"inLanguage\":\"de\",\"potentialAction\":[{\"@type\":\"ReadAction\",\"target\":[\"https:\/\/www.magnetenspecialist.nl\/de\/speichern\/filtermagneten-de\/filtermagneet-22x200mm-rvs-mt-binnendraad-2x-m8x15mm-n42-1000-mt-10-000-gs\/\"]}]},{\"@type\":\"ImageObject\",\"inLanguage\":\"de\",\"@id\":\"https:\/\/www.magnetenspecialist.nl\/de\/speichern\/filtermagneten-de\/filtermagneet-22x200mm-rvs-mt-binnendraad-2x-m8x15mm-n42-1000-mt-10-000-gs\/#primaryimage\",\"url\":\"https:\/\/www.magnetenspecialist.nl\/wp-content\/uploads\/2019\/03\/Magnetenspecialist.nl_Filtermagneet-22-x-200-mm_1.jpg\",\"contentUrl\":\"https:\/\/www.magnetenspecialist.nl\/wp-content\/uploads\/2019\/03\/Magnetenspecialist.nl_Filtermagneet-22-x-200-mm_1.jpg\",\"width\":1500,\"height\":1500},{\"@type\":\"BreadcrumbList\",\"@id\":\"https:\/\/www.magnetenspecialist.nl\/de\/speichern\/filtermagneten-de\/filtermagneet-22x200mm-rvs-mt-binnendraad-2x-m8x15mm-n42-1000-mt-10-000-gs\/#breadcrumb\",\"itemListElement\":[{\"@type\":\"ListItem\",\"position\":1,\"name\":\"Startseite\",\"item\":\"https:\/\/www.magnetenspecialist.nl\/de\/\"},{\"@type\":\"ListItem\",\"position\":2,\"name\":\"Shop\",\"item\":\"https:\/\/www.magnetenspecialist.nl\/de\/shop\/\"},{\"@type\":\"ListItem\",\"position\":3,\"name\":\"Filtermagnet 22x200mm Edelstahl mt (Innengewinde 2x) M8x15mm N42 &#8211; 1000 mT (10.000 Gs)\"}]},{\"@type\":\"WebSite\",\"@id\":\"https:\/\/www.magnetenspecialist.nl\/de\/#website\",\"url\":\"https:\/\/www.magnetenspecialist.nl\/de\/\",\"name\":\"Magnetenspecialist.nl\",\"description\":\"Umfangreiches Angebot an Neodym-Magneten\",\"publisher\":{\"@id\":\"https:\/\/www.magnetenspecialist.nl\/de\/#organization\"},\"potentialAction\":[{\"@type\":\"SearchAction\",\"target\":{\"@type\":\"EntryPoint\",\"urlTemplate\":\"https:\/\/www.magnetenspecialist.nl\/de\/?s={search_term_string}\"},\"query-input\":{\"@type\":\"PropertyValueSpecification\",\"valueRequired\":true,\"valueName\":\"search_term_string\"}}],\"inLanguage\":\"de\"},{\"@type\":\"Organization\",\"@id\":\"https:\/\/www.magnetenspecialist.nl\/de\/#organization\",\"name\":\"Magnetenspecialist.nl\",\"url\":\"https:\/\/www.magnetenspecialist.nl\/de\/\",\"logo\":{\"@type\":\"ImageObject\",\"inLanguage\":\"de\",\"@id\":\"https:\/\/www.magnetenspecialist.nl\/de\/#\/schema\/logo\/image\/\",\"url\":\"https:\/\/www.magnetenspecialist.nl\/wp-content\/uploads\/2018\/10\/magneten-logo.jpg\",\"contentUrl\":\"https:\/\/www.magnetenspecialist.nl\/wp-content\/uploads\/2018\/10\/magneten-logo.jpg\",\"width\":151,\"height\":151,\"caption\":\"Magnetenspecialist.nl\"},\"image\":{\"@id\":\"https:\/\/www.magnetenspecialist.nl\/de\/#\/schema\/logo\/image\/\"},\"sameAs\":[\"https:\/\/www.facebook.com\/Magnetenspecialist.nl\",\"https:\/\/x.com\/magnetenspecial\"]}]}<\/script>\n<meta property=\"product:price:amount\" content=\"117.27\" \/>\n<meta property=\"product:price:currency\" content=\"EUR\" \/>\n<meta property=\"og:availability\" content=\"instock\" \/>\n<meta property=\"product:availability\" content=\"instock\" \/>\n<meta property=\"product:retailer_item_id\" content=\"fm22x200\" \/>\n<meta property=\"product:condition\" content=\"new\" \/>\n<!-- \/ Yoast SEO Premium plugin. -->","yoast_head_json":{"title":"Filtermagnet 22x200mm Edelstahl mt (Innengewinde 2x) M8x15mm N42 - 1000 mT (10.000 Gs) - Magnetenspecialist.nl","description":"Suchen Sie einen Filtermagnet 22x200mm Edelstahl mt (Innengewinde 2x) M8x15mm N42 - 1000 mT (10.000 Gs)? Magnete k\u00f6nnen bequem online gekauft werden Magnetenspecialist.nl 1 Werktag Lieferzeit \u2713 14 Tage Bedenkzeit \u2713 Versand oder Abholung *.","robots":{"index":"index","follow":"follow","max-snippet":"max-snippet:-1","max-image-preview":"max-image-preview:large","max-video-preview":"max-video-preview:-1"},"canonical":"https:\/\/www.magnetenspecialist.nl\/de\/speichern\/filtermagneten-de\/filtermagneet-22x200mm-rvs-mt-binnendraad-2x-m8x15mm-n42-1000-mt-10-000-gs\/","og_locale":"de_DE","og_type":"article","og_title":"Filtermagnet 22x200mm Edelstahl mt (Innengewinde 2x) M8x15mm N42 - 1000 mT (10.000 Gs)","og_description":"Suchen Sie einen Filtermagnet 22x200mm Edelstahl mt (Innengewinde 2x) M8x15mm N42 - 1000 mT (10.000 Gs)? Magnete k\u00f6nnen bequem online gekauft werden Magnetenspecialist.nl 1 Werktag Lieferzeit \u2713 14 Tage Bedenkzeit \u2713 Versand oder Abholung *.","og_url":"https:\/\/www.magnetenspecialist.nl\/de\/speichern\/filtermagneten-de\/filtermagneet-22x200mm-rvs-mt-binnendraad-2x-m8x15mm-n42-1000-mt-10-000-gs\/","og_site_name":"Magnetenspecialist.nl","article_publisher":"https:\/\/www.facebook.com\/Magnetenspecialist.nl","article_modified_time":"2025-03-18T15:00:18+00:00","og_image":[{"width":1500,"height":1500,"url":"https:\/\/www.magnetenspecialist.nl\/wp-content\/uploads\/2019\/03\/Magnetenspecialist.nl_Filtermagneet-22-x-200-mm_1.jpg","type":"image\/jpeg"}],"twitter_card":"summary_large_image","twitter_site":"@magnetenspecial","twitter_misc":{"Preis":"&euro;&nbsp;117,27","Verf\u00fcgbarkeit":"Auf Lager"},"schema":{"@context":"https:\/\/schema.org","@graph":[{"@type":"WebPage","@id":"https:\/\/www.magnetenspecialist.nl\/de\/speichern\/filtermagneten-de\/filtermagneet-22x200mm-rvs-mt-binnendraad-2x-m8x15mm-n42-1000-mt-10-000-gs\/","url":"https:\/\/www.magnetenspecialist.nl\/de\/speichern\/filtermagneten-de\/filtermagneet-22x200mm-rvs-mt-binnendraad-2x-m8x15mm-n42-1000-mt-10-000-gs\/","name":"Filtermagnet 22x200mm Edelstahl mt (Innengewinde 2x) M8x15mm N42 - 1000 mT (10.000 Gs) - Magnetenspecialist.nl","isPartOf":{"@id":"https:\/\/www.magnetenspecialist.nl\/de\/#website"},"primaryImageOfPage":{"@id":"https:\/\/www.magnetenspecialist.nl\/de\/speichern\/filtermagneten-de\/filtermagneet-22x200mm-rvs-mt-binnendraad-2x-m8x15mm-n42-1000-mt-10-000-gs\/#primaryimage"},"image":{"@id":"https:\/\/www.magnetenspecialist.nl\/de\/speichern\/filtermagneten-de\/filtermagneet-22x200mm-rvs-mt-binnendraad-2x-m8x15mm-n42-1000-mt-10-000-gs\/#primaryimage"},"thumbnailUrl":"https:\/\/www.magnetenspecialist.nl\/wp-content\/uploads\/2019\/03\/Magnetenspecialist.nl_Filtermagneet-22-x-200-mm_1.jpg","datePublished":"2019-03-08T10:03:03+00:00","dateModified":"2025-03-18T15:00:18+00:00","description":"Suchen Sie einen Filtermagnet 22x200mm Edelstahl mt (Innengewinde 2x) M8x15mm N42 - 1000 mT (10.000 Gs)? Magnete k\u00f6nnen bequem online gekauft werden Magnetenspecialist.nl 1 Werktag Lieferzeit \u2713 14 Tage Bedenkzeit \u2713 Versand oder Abholung *.","breadcrumb":{"@id":"https:\/\/www.magnetenspecialist.nl\/de\/speichern\/filtermagneten-de\/filtermagneet-22x200mm-rvs-mt-binnendraad-2x-m8x15mm-n42-1000-mt-10-000-gs\/#breadcrumb"},"inLanguage":"de","potentialAction":[{"@type":"ReadAction","target":["https:\/\/www.magnetenspecialist.nl\/de\/speichern\/filtermagneten-de\/filtermagneet-22x200mm-rvs-mt-binnendraad-2x-m8x15mm-n42-1000-mt-10-000-gs\/"]}]},{"@type":"ImageObject","inLanguage":"de","@id":"https:\/\/www.magnetenspecialist.nl\/de\/speichern\/filtermagneten-de\/filtermagneet-22x200mm-rvs-mt-binnendraad-2x-m8x15mm-n42-1000-mt-10-000-gs\/#primaryimage","url":"https:\/\/www.magnetenspecialist.nl\/wp-content\/uploads\/2019\/03\/Magnetenspecialist.nl_Filtermagneet-22-x-200-mm_1.jpg","contentUrl":"https:\/\/www.magnetenspecialist.nl\/wp-content\/uploads\/2019\/03\/Magnetenspecialist.nl_Filtermagneet-22-x-200-mm_1.jpg","width":1500,"height":1500},{"@type":"BreadcrumbList","@id":"https:\/\/www.magnetenspecialist.nl\/de\/speichern\/filtermagneten-de\/filtermagneet-22x200mm-rvs-mt-binnendraad-2x-m8x15mm-n42-1000-mt-10-000-gs\/#breadcrumb","itemListElement":[{"@type":"ListItem","position":1,"name":"Startseite","item":"https:\/\/www.magnetenspecialist.nl\/de\/"},{"@type":"ListItem","position":2,"name":"Shop","item":"https:\/\/www.magnetenspecialist.nl\/de\/shop\/"},{"@type":"ListItem","position":3,"name":"Filtermagnet 22x200mm Edelstahl mt (Innengewinde 2x) M8x15mm N42 &#8211; 1000 mT (10.000 Gs)"}]},{"@type":"WebSite","@id":"https:\/\/www.magnetenspecialist.nl\/de\/#website","url":"https:\/\/www.magnetenspecialist.nl\/de\/","name":"Magnetenspecialist.nl","description":"Umfangreiches Angebot an Neodym-Magneten","publisher":{"@id":"https:\/\/www.magnetenspecialist.nl\/de\/#organization"},"potentialAction":[{"@type":"SearchAction","target":{"@type":"EntryPoint","urlTemplate":"https:\/\/www.magnetenspecialist.nl\/de\/?s={search_term_string}"},"query-input":{"@type":"PropertyValueSpecification","valueRequired":true,"valueName":"search_term_string"}}],"inLanguage":"de"},{"@type":"Organization","@id":"https:\/\/www.magnetenspecialist.nl\/de\/#organization","name":"Magnetenspecialist.nl","url":"https:\/\/www.magnetenspecialist.nl\/de\/","logo":{"@type":"ImageObject","inLanguage":"de","@id":"https:\/\/www.magnetenspecialist.nl\/de\/#\/schema\/logo\/image\/","url":"https:\/\/www.magnetenspecialist.nl\/wp-content\/uploads\/2018\/10\/magneten-logo.jpg","contentUrl":"https:\/\/www.magnetenspecialist.nl\/wp-content\/uploads\/2018\/10\/magneten-logo.jpg","width":151,"height":151,"caption":"Magnetenspecialist.nl"},"image":{"@id":"https:\/\/www.magnetenspecialist.nl\/de\/#\/schema\/logo\/image\/"},"sameAs":["https:\/\/www.facebook.com\/Magnetenspecialist.nl","https:\/\/x.com\/magnetenspecial"]}]},"product_price_amount":"117.27","product_price_currency":"EUR","og_availability":"instock","product_availability":"instock","product_retailer_item_id":"fm22x200","product_condition":"new"},"_links":{"self":[{"href":"https:\/\/www.magnetenspecialist.nl\/de\/wp-json\/wp\/v2\/product\/90990","targetHints":{"allow":["GET"]}}],"collection":[{"href":"https:\/\/www.magnetenspecialist.nl\/de\/wp-json\/wp\/v2\/product"}],"about":[{"href":"https:\/\/www.magnetenspecialist.nl\/de\/wp-json\/wp\/v2\/types\/product"}],"wp:featuredmedia":[{"embeddable":true,"href":"https:\/\/www.magnetenspecialist.nl\/de\/wp-json\/wp\/v2\/media\/113894"}],"wp:attachment":[{"href":"https:\/\/www.magnetenspecialist.nl\/de\/wp-json\/wp\/v2\/media?parent=90990"}],"wp:term":[{"taxonomy":"product_brand","embeddable":true,"href":"https:\/\/www.magnetenspecialist.nl\/de\/wp-json\/wp\/v2\/product_brand?post=90990"},{"taxonomy":"product_cat","embeddable":true,"href":"https:\/\/www.magnetenspecialist.nl\/de\/wp-json\/wp\/v2\/product_cat?post=90990"},{"taxonomy":"product_tag","embeddable":true,"href":"https:\/\/www.magnetenspecialist.nl\/de\/wp-json\/wp\/v2\/product_tag?post=90990"}],"curies":[{"name":"wp","href":"https:\/\/api.w.org\/{rel}","templated":true}]}}