{"id":91026,"date":"2019-03-08T11:02:57","date_gmt":"2019-03-08T10:02:57","guid":{"rendered":"https:\/\/www.magnetenspecialist.nl\/winkel\/unkategorisiert\/startnummernmagnete-fur-radfahrer-set-8-stuck\/"},"modified":"2025-03-18T16:01:42","modified_gmt":"2025-03-18T15:01:42","slug":"startnummern-magnete-fur-radfahrer-satz-8-teilig","status":"publish","type":"product","link":"https:\/\/www.magnetenspecialist.nl\/de\/speichern\/startnummernmagnete-de\/startnummern-magnete-fur-radfahrer-satz-8-teilig\/","title":{"rendered":"Startnummernmagnete f\u00fcr Radfahrer (Set: 8 St\u00fcck)"},"content":{"rendered":"<h3>Startnummernmagnete f\u00fcr Radfahrer  <img decoding=\"async\" class=\"alignnone wp-image-129762 size-medium\" src=\"https:\/\/www.magnetenspecialist.nl\/wp-content\/uploads\/2024\/04\/7ddd78d8-3cef-4a2b-a8f4-e8469efad146-300x300.png\" alt=\"\" width=\"300\" height=\"300\" srcset=\"https:\/\/www.magnetenspecialist.nl\/wp-content\/uploads\/2024\/04\/7ddd78d8-3cef-4a2b-a8f4-e8469efad146-300x300.png 300w, https:\/\/www.magnetenspecialist.nl\/wp-content\/uploads\/2024\/04\/7ddd78d8-3cef-4a2b-a8f4-e8469efad146-1024x1024.png 1024w, https:\/\/www.magnetenspecialist.nl\/wp-content\/uploads\/2024\/04\/7ddd78d8-3cef-4a2b-a8f4-e8469efad146-150x150.png 150w, https:\/\/www.magnetenspecialist.nl\/wp-content\/uploads\/2024\/04\/7ddd78d8-3cef-4a2b-a8f4-e8469efad146-768x768.png 768w, https:\/\/www.magnetenspecialist.nl\/wp-content\/uploads\/2024\/04\/7ddd78d8-3cef-4a2b-a8f4-e8469efad146-600x600.png 600w, https:\/\/www.magnetenspecialist.nl\/wp-content\/uploads\/2024\/04\/7ddd78d8-3cef-4a2b-a8f4-e8469efad146-100x100.png 100w, https:\/\/www.magnetenspecialist.nl\/wp-content\/uploads\/2024\/04\/7ddd78d8-3cef-4a2b-a8f4-e8469efad146.png 1080w\" sizes=\"(max-width: 300px) 100vw, 300px\" \/><\/h3>\n<p>  Magnete, die sich aufgrund ihrer Gr\u00f6\u00dfe, Form und Haftkraft ideal als Startnummernmagnete f\u00fcr Radfahrer eignen. Magnete sind die ideale L\u00f6sung, um eine Startnummer an Ihrer Sportkleidung zu befestigen. Startnummernmagnete erm\u00f6glichen es beispielsweise, eine Startnummer an der Kleidung zu befestigen, ohne Stecknadeln zu verwenden, die L\u00f6cher verursachen. Um eine Startnummer mit einem Startnummernmagneten zu befestigen, ben\u00f6tigen Sie zwei Magnete.  <strong>Startnummernmagnete sind eine ideale L\u00f6sung.<\/strong>  Ee Startnummernmagnet besteht eigentlich aus zwei Magneten. Ein Magnet wird an der Innenseite der Kleidung angebracht, der andere an dem Objekt (z. B. einer Startnummer), das Sie an Ihrer Kleidung befestigen m\u00f6chten. Neben einer Startnummer kann ein Startnummernmagnet auch verwendet werden, um z.B. eine Korsage an der Kleidung zu befestigen. Was auch immer Sie vorhaben, mit den Startnummernmagneten k\u00f6nnen Sie Gegenst\u00e4nde an Ihrer Kleidung befestigen, ohne L\u00f6cher zu hinterlassen.<\/p>\n","protected":false},"excerpt":{"rendered":"<p>1 Satz besteht aus 8 Magneten<\/p>\n","protected":false},"featured_media":129707,"template":"","meta":{"_acf_changed":false},"product_brand":[3521],"product_cat":[3510,1392,3499],"product_tag":[3161],"class_list":{"0":"post-91026","1":"product","2":"type-product","3":"status-publish","4":"has-post-thumbnail","6":"product_brand-magnetenspecialist","7":"product_cat-plastik-magnete","8":"product_cat-andere-magnete","9":"product_cat-startnummernmagnete-de","10":"product_tag-groep-1-de","11":"pa_houdkracht-2-9-de","12":"pa_magnetisering-n50-de","13":"pa_magnetiseringsrichting-axiaal-de","14":"pa_materiaal-vernickeltes-neodym","15":"pa_model-andere-magnete","17":"first","18":"instock","19":"taxable","20":"shipping-taxable","21":"purchasable","22":"product-type-simple"},"supplier_id":null,"supplier_sku":"","barcode":null,"atum_controlled":true,"out_stock_date":null,"out_stock_threshold":null,"inheritable":false,"inbound_stock":0,"stock_on_hold":0,"sold_today":0,"sales_last_days":0,"reserved_stock":0,"customer_returns":0,"warehouse_damage":0,"lost_in_post":0,"other_logs":0,"out_stock_days":0,"lost_sales":0,"has_location":false,"update_date":"2026-04-03T08:06:23","atum_locations":[],"atum_stock_status":"instock","restock_status":false,"low_stock_amount":10,"sales_update_date":"2026-04-03T08:06:23","calc_backorders":null,"acf":[],"yoast_head":"<!-- This site is optimized with the Yoast SEO Premium plugin v24.7 (Yoast SEO v24.7) - https:\/\/yoast.com\/wordpress\/plugins\/seo\/ -->\n<title>Startnummernmagnete f\u00fcr Radfahrer (Set: 8 St\u00fcck) - Magnetenspecialist.nl<\/title>\n<meta name=\"description\" content=\"Suchen Sie einen Startnummernmagnete f\u00fcr Radfahrer (Set: 8 St\u00fcck)? Magnete k\u00f6nnen bequem online gekauft werden Magnetenspecialist.nl 1 Werktag Lieferzeit \u2713 14 Tage Bedenkzeit \u2713 Versand oder Abholung *.\" \/>\n<meta name=\"robots\" content=\"index, follow, max-snippet:-1, max-image-preview:large, max-video-preview:-1\" \/>\n<link rel=\"canonical\" href=\"https:\/\/www.magnetenspecialist.nl\/de\/speichern\/startnummernmagnete-de\/startnummern-magnete-fur-radfahrer-satz-8-teilig\/\" \/>\n<meta property=\"og:locale\" content=\"de_DE\" \/>\n<meta property=\"og:type\" content=\"article\" \/>\n<meta property=\"og:title\" content=\"Startnummernmagnete f\u00fcr Radfahrer (Set: 8 St\u00fcck)\" \/>\n<meta property=\"og:description\" content=\"Suchen Sie einen Startnummernmagnete f\u00fcr Radfahrer (Set: 8 St\u00fcck)? Magnete k\u00f6nnen bequem online gekauft werden Magnetenspecialist.nl 1 Werktag Lieferzeit \u2713 14 Tage Bedenkzeit \u2713 Versand oder Abholung *.\" \/>\n<meta property=\"og:url\" content=\"https:\/\/www.magnetenspecialist.nl\/de\/speichern\/startnummernmagnete-de\/startnummern-magnete-fur-radfahrer-satz-8-teilig\/\" \/>\n<meta property=\"og:site_name\" content=\"Magnetenspecialist.nl\" \/>\n<meta property=\"article:publisher\" content=\"https:\/\/www.facebook.com\/Magnetenspecialist.nl\" \/>\n<meta property=\"article:modified_time\" content=\"2025-03-18T15:01:42+00:00\" \/>\n<meta property=\"og:image\" content=\"https:\/\/www.magnetenspecialist.nl\/wp-content\/uploads\/2024\/04\/55eb2cfc-9a8e-42a1-992b-d2efd58e2839.png\" \/>\n\t<meta property=\"og:image:width\" content=\"1080\" \/>\n\t<meta property=\"og:image:height\" content=\"1080\" \/>\n\t<meta property=\"og:image:type\" content=\"image\/png\" \/>\n<meta name=\"twitter:card\" content=\"summary_large_image\" \/>\n<meta name=\"twitter:site\" content=\"@magnetenspecial\" \/>\n<meta name=\"twitter:label1\" content=\"Preis\" \/>\n\t<meta name=\"twitter:data1\" content=\"&euro;&nbsp;16,49\" \/>\n\t<meta name=\"twitter:label2\" content=\"Verf\u00fcgbarkeit\" \/>\n\t<meta name=\"twitter:data2\" content=\"Auf Lager\" \/>\n<script type=\"application\/ld+json\" class=\"yoast-schema-graph\">{\"@context\":\"https:\/\/schema.org\",\"@graph\":[{\"@type\":\"WebPage\",\"@id\":\"https:\/\/www.magnetenspecialist.nl\/de\/speichern\/startnummernmagnete-de\/startnummern-magnete-fur-radfahrer-satz-8-teilig\/\",\"url\":\"https:\/\/www.magnetenspecialist.nl\/de\/speichern\/startnummernmagnete-de\/startnummern-magnete-fur-radfahrer-satz-8-teilig\/\",\"name\":\"Startnummernmagnete f\u00fcr Radfahrer (Set: 8 St\u00fcck) - Magnetenspecialist.nl\",\"isPartOf\":{\"@id\":\"https:\/\/www.magnetenspecialist.nl\/de\/#website\"},\"primaryImageOfPage\":{\"@id\":\"https:\/\/www.magnetenspecialist.nl\/de\/speichern\/startnummernmagnete-de\/startnummern-magnete-fur-radfahrer-satz-8-teilig\/#primaryimage\"},\"image\":{\"@id\":\"https:\/\/www.magnetenspecialist.nl\/de\/speichern\/startnummernmagnete-de\/startnummern-magnete-fur-radfahrer-satz-8-teilig\/#primaryimage\"},\"thumbnailUrl\":\"https:\/\/www.magnetenspecialist.nl\/wp-content\/uploads\/2024\/04\/55eb2cfc-9a8e-42a1-992b-d2efd58e2839.png\",\"datePublished\":\"2019-03-08T10:02:57+00:00\",\"dateModified\":\"2025-03-18T15:01:42+00:00\",\"description\":\"Suchen Sie einen Startnummernmagnete f\u00fcr Radfahrer (Set: 8 St\u00fcck)? Magnete k\u00f6nnen bequem online gekauft werden Magnetenspecialist.nl 1 Werktag Lieferzeit \u2713 14 Tage Bedenkzeit \u2713 Versand oder Abholung *.\",\"breadcrumb\":{\"@id\":\"https:\/\/www.magnetenspecialist.nl\/de\/speichern\/startnummernmagnete-de\/startnummern-magnete-fur-radfahrer-satz-8-teilig\/#breadcrumb\"},\"inLanguage\":\"de-DE\",\"potentialAction\":[{\"@type\":\"ReadAction\",\"target\":[\"https:\/\/www.magnetenspecialist.nl\/de\/speichern\/startnummernmagnete-de\/startnummern-magnete-fur-radfahrer-satz-8-teilig\/\"]}]},{\"@type\":\"ImageObject\",\"inLanguage\":\"de-DE\",\"@id\":\"https:\/\/www.magnetenspecialist.nl\/de\/speichern\/startnummernmagnete-de\/startnummern-magnete-fur-radfahrer-satz-8-teilig\/#primaryimage\",\"url\":\"https:\/\/www.magnetenspecialist.nl\/wp-content\/uploads\/2024\/04\/55eb2cfc-9a8e-42a1-992b-d2efd58e2839.png\",\"contentUrl\":\"https:\/\/www.magnetenspecialist.nl\/wp-content\/uploads\/2024\/04\/55eb2cfc-9a8e-42a1-992b-d2efd58e2839.png\",\"width\":1080,\"height\":1080},{\"@type\":\"BreadcrumbList\",\"@id\":\"https:\/\/www.magnetenspecialist.nl\/de\/speichern\/startnummernmagnete-de\/startnummern-magnete-fur-radfahrer-satz-8-teilig\/#breadcrumb\",\"itemListElement\":[{\"@type\":\"ListItem\",\"position\":1,\"name\":\"Startseite\",\"item\":\"https:\/\/www.magnetenspecialist.nl\/de\/\"},{\"@type\":\"ListItem\",\"position\":2,\"name\":\"Shop\",\"item\":\"https:\/\/www.magnetenspecialist.nl\/de\/shop\/\"},{\"@type\":\"ListItem\",\"position\":3,\"name\":\"Startnummernmagnete f\u00fcr Radfahrer (Set: 8 St\u00fcck)\"}]},{\"@type\":\"WebSite\",\"@id\":\"https:\/\/www.magnetenspecialist.nl\/de\/#website\",\"url\":\"https:\/\/www.magnetenspecialist.nl\/de\/\",\"name\":\"Magnetenspecialist.nl\",\"description\":\"Umfangreiches Angebot an Neodym-Magneten\",\"publisher\":{\"@id\":\"https:\/\/www.magnetenspecialist.nl\/de\/#organization\"},\"potentialAction\":[{\"@type\":\"SearchAction\",\"target\":{\"@type\":\"EntryPoint\",\"urlTemplate\":\"https:\/\/www.magnetenspecialist.nl\/de\/?s={search_term_string}\"},\"query-input\":{\"@type\":\"PropertyValueSpecification\",\"valueRequired\":true,\"valueName\":\"search_term_string\"}}],\"inLanguage\":\"de-DE\"},{\"@type\":\"Organization\",\"@id\":\"https:\/\/www.magnetenspecialist.nl\/de\/#organization\",\"name\":\"Magnetenspecialist.nl\",\"url\":\"https:\/\/www.magnetenspecialist.nl\/de\/\",\"logo\":{\"@type\":\"ImageObject\",\"inLanguage\":\"de-DE\",\"@id\":\"https:\/\/www.magnetenspecialist.nl\/de\/#\/schema\/logo\/image\/\",\"url\":\"https:\/\/www.magnetenspecialist.nl\/wp-content\/uploads\/2018\/10\/magneten-logo.jpg\",\"contentUrl\":\"https:\/\/www.magnetenspecialist.nl\/wp-content\/uploads\/2018\/10\/magneten-logo.jpg\",\"width\":151,\"height\":151,\"caption\":\"Magnetenspecialist.nl\"},\"image\":{\"@id\":\"https:\/\/www.magnetenspecialist.nl\/de\/#\/schema\/logo\/image\/\"},\"sameAs\":[\"https:\/\/www.facebook.com\/Magnetenspecialist.nl\",\"https:\/\/x.com\/magnetenspecial\"]}]}<\/script>\n<meta property=\"product:price:amount\" content=\"16.49\" \/>\n<meta property=\"product:price:currency\" content=\"EUR\" \/>\n<meta property=\"og:availability\" content=\"instock\" \/>\n<meta property=\"product:availability\" content=\"instock\" \/>\n<meta property=\"product:retailer_item_id\" content=\"st-wi\" \/>\n<meta property=\"product:condition\" content=\"new\" \/>\n<!-- \/ Yoast SEO Premium plugin. -->","yoast_head_json":{"title":"Startnummernmagnete f\u00fcr Radfahrer (Set: 8 St\u00fcck) - Magnetenspecialist.nl","description":"Suchen Sie einen Startnummernmagnete f\u00fcr Radfahrer (Set: 8 St\u00fcck)? Magnete k\u00f6nnen bequem online gekauft werden Magnetenspecialist.nl 1 Werktag Lieferzeit \u2713 14 Tage Bedenkzeit \u2713 Versand oder Abholung *.","robots":{"index":"index","follow":"follow","max-snippet":"max-snippet:-1","max-image-preview":"max-image-preview:large","max-video-preview":"max-video-preview:-1"},"canonical":"https:\/\/www.magnetenspecialist.nl\/de\/speichern\/startnummernmagnete-de\/startnummern-magnete-fur-radfahrer-satz-8-teilig\/","og_locale":"de_DE","og_type":"article","og_title":"Startnummernmagnete f\u00fcr Radfahrer (Set: 8 St\u00fcck)","og_description":"Suchen Sie einen Startnummernmagnete f\u00fcr Radfahrer (Set: 8 St\u00fcck)? Magnete k\u00f6nnen bequem online gekauft werden Magnetenspecialist.nl 1 Werktag Lieferzeit \u2713 14 Tage Bedenkzeit \u2713 Versand oder Abholung *.","og_url":"https:\/\/www.magnetenspecialist.nl\/de\/speichern\/startnummernmagnete-de\/startnummern-magnete-fur-radfahrer-satz-8-teilig\/","og_site_name":"Magnetenspecialist.nl","article_publisher":"https:\/\/www.facebook.com\/Magnetenspecialist.nl","article_modified_time":"2025-03-18T15:01:42+00:00","og_image":[{"width":1080,"height":1080,"url":"https:\/\/www.magnetenspecialist.nl\/wp-content\/uploads\/2024\/04\/55eb2cfc-9a8e-42a1-992b-d2efd58e2839.png","type":"image\/png"}],"twitter_card":"summary_large_image","twitter_site":"@magnetenspecial","twitter_misc":{"Preis":"&euro;&nbsp;16,49","Verf\u00fcgbarkeit":"Auf Lager"},"schema":{"@context":"https:\/\/schema.org","@graph":[{"@type":"WebPage","@id":"https:\/\/www.magnetenspecialist.nl\/de\/speichern\/startnummernmagnete-de\/startnummern-magnete-fur-radfahrer-satz-8-teilig\/","url":"https:\/\/www.magnetenspecialist.nl\/de\/speichern\/startnummernmagnete-de\/startnummern-magnete-fur-radfahrer-satz-8-teilig\/","name":"Startnummernmagnete f\u00fcr Radfahrer (Set: 8 St\u00fcck) - Magnetenspecialist.nl","isPartOf":{"@id":"https:\/\/www.magnetenspecialist.nl\/de\/#website"},"primaryImageOfPage":{"@id":"https:\/\/www.magnetenspecialist.nl\/de\/speichern\/startnummernmagnete-de\/startnummern-magnete-fur-radfahrer-satz-8-teilig\/#primaryimage"},"image":{"@id":"https:\/\/www.magnetenspecialist.nl\/de\/speichern\/startnummernmagnete-de\/startnummern-magnete-fur-radfahrer-satz-8-teilig\/#primaryimage"},"thumbnailUrl":"https:\/\/www.magnetenspecialist.nl\/wp-content\/uploads\/2024\/04\/55eb2cfc-9a8e-42a1-992b-d2efd58e2839.png","datePublished":"2019-03-08T10:02:57+00:00","dateModified":"2025-03-18T15:01:42+00:00","description":"Suchen Sie einen Startnummernmagnete f\u00fcr Radfahrer (Set: 8 St\u00fcck)? Magnete k\u00f6nnen bequem online gekauft werden Magnetenspecialist.nl 1 Werktag Lieferzeit \u2713 14 Tage Bedenkzeit \u2713 Versand oder Abholung *.","breadcrumb":{"@id":"https:\/\/www.magnetenspecialist.nl\/de\/speichern\/startnummernmagnete-de\/startnummern-magnete-fur-radfahrer-satz-8-teilig\/#breadcrumb"},"inLanguage":"de-DE","potentialAction":[{"@type":"ReadAction","target":["https:\/\/www.magnetenspecialist.nl\/de\/speichern\/startnummernmagnete-de\/startnummern-magnete-fur-radfahrer-satz-8-teilig\/"]}]},{"@type":"ImageObject","inLanguage":"de-DE","@id":"https:\/\/www.magnetenspecialist.nl\/de\/speichern\/startnummernmagnete-de\/startnummern-magnete-fur-radfahrer-satz-8-teilig\/#primaryimage","url":"https:\/\/www.magnetenspecialist.nl\/wp-content\/uploads\/2024\/04\/55eb2cfc-9a8e-42a1-992b-d2efd58e2839.png","contentUrl":"https:\/\/www.magnetenspecialist.nl\/wp-content\/uploads\/2024\/04\/55eb2cfc-9a8e-42a1-992b-d2efd58e2839.png","width":1080,"height":1080},{"@type":"BreadcrumbList","@id":"https:\/\/www.magnetenspecialist.nl\/de\/speichern\/startnummernmagnete-de\/startnummern-magnete-fur-radfahrer-satz-8-teilig\/#breadcrumb","itemListElement":[{"@type":"ListItem","position":1,"name":"Startseite","item":"https:\/\/www.magnetenspecialist.nl\/de\/"},{"@type":"ListItem","position":2,"name":"Shop","item":"https:\/\/www.magnetenspecialist.nl\/de\/shop\/"},{"@type":"ListItem","position":3,"name":"Startnummernmagnete f\u00fcr Radfahrer (Set: 8 St\u00fcck)"}]},{"@type":"WebSite","@id":"https:\/\/www.magnetenspecialist.nl\/de\/#website","url":"https:\/\/www.magnetenspecialist.nl\/de\/","name":"Magnetenspecialist.nl","description":"Umfangreiches Angebot an Neodym-Magneten","publisher":{"@id":"https:\/\/www.magnetenspecialist.nl\/de\/#organization"},"potentialAction":[{"@type":"SearchAction","target":{"@type":"EntryPoint","urlTemplate":"https:\/\/www.magnetenspecialist.nl\/de\/?s={search_term_string}"},"query-input":{"@type":"PropertyValueSpecification","valueRequired":true,"valueName":"search_term_string"}}],"inLanguage":"de-DE"},{"@type":"Organization","@id":"https:\/\/www.magnetenspecialist.nl\/de\/#organization","name":"Magnetenspecialist.nl","url":"https:\/\/www.magnetenspecialist.nl\/de\/","logo":{"@type":"ImageObject","inLanguage":"de-DE","@id":"https:\/\/www.magnetenspecialist.nl\/de\/#\/schema\/logo\/image\/","url":"https:\/\/www.magnetenspecialist.nl\/wp-content\/uploads\/2018\/10\/magneten-logo.jpg","contentUrl":"https:\/\/www.magnetenspecialist.nl\/wp-content\/uploads\/2018\/10\/magneten-logo.jpg","width":151,"height":151,"caption":"Magnetenspecialist.nl"},"image":{"@id":"https:\/\/www.magnetenspecialist.nl\/de\/#\/schema\/logo\/image\/"},"sameAs":["https:\/\/www.facebook.com\/Magnetenspecialist.nl","https:\/\/x.com\/magnetenspecial"]}]},"product_price_amount":"16.49","product_price_currency":"EUR","og_availability":"instock","product_availability":"instock","product_retailer_item_id":"st-wi","product_condition":"new"},"_links":{"self":[{"href":"https:\/\/www.magnetenspecialist.nl\/de\/wp-json\/wp\/v2\/product\/91026"}],"collection":[{"href":"https:\/\/www.magnetenspecialist.nl\/de\/wp-json\/wp\/v2\/product"}],"about":[{"href":"https:\/\/www.magnetenspecialist.nl\/de\/wp-json\/wp\/v2\/types\/product"}],"wp:featuredmedia":[{"embeddable":true,"href":"https:\/\/www.magnetenspecialist.nl\/de\/wp-json\/wp\/v2\/media\/129707"}],"wp:attachment":[{"href":"https:\/\/www.magnetenspecialist.nl\/de\/wp-json\/wp\/v2\/media?parent=91026"}],"wp:term":[{"taxonomy":"product_brand","embeddable":true,"href":"https:\/\/www.magnetenspecialist.nl\/de\/wp-json\/wp\/v2\/product_brand?post=91026"},{"taxonomy":"product_cat","embeddable":true,"href":"https:\/\/www.magnetenspecialist.nl\/de\/wp-json\/wp\/v2\/product_cat?post=91026"},{"taxonomy":"product_tag","embeddable":true,"href":"https:\/\/www.magnetenspecialist.nl\/de\/wp-json\/wp\/v2\/product_tag?post=91026"}],"curies":[{"name":"wp","href":"https:\/\/api.w.org\/{rel}","templated":true}]}}