{"id":91579,"date":"2019-03-08T11:02:12","date_gmt":"2019-03-08T10:02:12","guid":{"rendered":"https:\/\/www.magnetenspecialist.nl\/winkel\/unkategorisiert\/quadermagnet-10-x-5-x-2-mm\/"},"modified":"2025-04-07T12:38:29","modified_gmt":"2025-04-07T10:38:29","slug":"blokmagneet-10-x-5-x-2-mm","status":"publish","type":"product","link":"https:\/\/www.magnetenspecialist.nl\/de\/speichern\/blockmagnete\/blokmagneet-10-x-5-x-2-mm\/","title":{"rendered":"Blockmagnet 10 x 5 x 2 mm, N50"},"content":{"rendered":"<h3><img decoding=\"async\" class=\"alignnone wp-image-111535\" src=\"https:\/\/www.magnetenspecialist.nl\/wp-content\/uploads\/2019\/03\/Magnetenspecialist.nl_Blokmagneet-10-x-5-x-2-mm_2-300x300.jpg\" alt=\"\" width=\"243\" height=\"243\" srcset=\"https:\/\/www.magnetenspecialist.nl\/wp-content\/uploads\/2019\/03\/Magnetenspecialist.nl_Blokmagneet-10-x-5-x-2-mm_2-300x300.jpg 300w, https:\/\/www.magnetenspecialist.nl\/wp-content\/uploads\/2019\/03\/Magnetenspecialist.nl_Blokmagneet-10-x-5-x-2-mm_2-1024x1024.jpg 1024w, https:\/\/www.magnetenspecialist.nl\/wp-content\/uploads\/2019\/03\/Magnetenspecialist.nl_Blokmagneet-10-x-5-x-2-mm_2-150x150.jpg 150w, https:\/\/www.magnetenspecialist.nl\/wp-content\/uploads\/2019\/03\/Magnetenspecialist.nl_Blokmagneet-10-x-5-x-2-mm_2-768x768.jpg 768w, https:\/\/www.magnetenspecialist.nl\/wp-content\/uploads\/2019\/03\/Magnetenspecialist.nl_Blokmagneet-10-x-5-x-2-mm_2-600x600.jpg 600w, https:\/\/www.magnetenspecialist.nl\/wp-content\/uploads\/2019\/03\/Magnetenspecialist.nl_Blokmagneet-10-x-5-x-2-mm_2-100x100.jpg 100w, https:\/\/www.magnetenspecialist.nl\/wp-content\/uploads\/2019\/03\/Magnetenspecialist.nl_Blokmagneet-10-x-5-x-2-mm_2.jpg 1500w\" sizes=\"(max-width: 243px) 100vw, 243px\" \/><\/h3>\n<p class=\"\" data-start=\"82\" data-end=\"116\"><strong data-start=\"82\" data-end=\"116\">Blockmagnet 10 x 5 x 2 mm, N50<\/strong><\/p>\n<p class=\"\" data-start=\"118\" data-end=\"557\">Dieser starke Blockmagnet misst 10 mm x 5 mm x 2 mm und ist von h\u00f6chster Qualit\u00e4t, N50. Dank der Qualit\u00e4t N50 bietet dieser Magnet eine au\u00dfergew\u00f6hnlich starke Magnetkraft und ist damit ideal f\u00fcr Anwendungen, die eine hohe Leistung und kompakte Abmessungen erfordern. Dieser Magnet eignet sich perfekt f\u00fcr Bastelprojekte, industrielle Anwendungen und die Herstellung magnetischer Verbindungen auf kleinem Raum.  <\/p>\n<p class=\"\" data-start=\"559\" data-end=\"573\"><strong data-start=\"559\" data-end=\"573\">Merkmale:<\/strong><\/p>\n<ul data-start=\"574\" data-end=\"982\">\n<li class=\"\" data-start=\"574\" data-end=\"639\">\n<p class=\"\" data-start=\"576\" data-end=\"639\"><strong data-start=\"576\" data-end=\"590\">Abmessungen<\/strong>: 10 mm (L\u00e4nge) x 5 mm (Breite) x 2 mm (H\u00f6he)<\/p>\n<\/li>\n<li class=\"\" data-start=\"640\" data-end=\"692\">\n<p class=\"\" data-start=\"642\" data-end=\"692\"><strong data-start=\"642\" data-end=\"655\">Qualit\u00e4t<\/strong>: N50 (sehr starker Neodym-Magnet)<\/p>\n<\/li>\n<li class=\"\" data-start=\"693\" data-end=\"770\">\n<p class=\"\" data-start=\"695\" data-end=\"770\"><strong data-start=\"695\" data-end=\"708\">Material<\/strong>: Neodym, mit vernickelter Oberfl\u00e4che f\u00fcr zus\u00e4tzliche Haltbarkeit<\/p>\n<\/li>\n<li class=\"\" data-start=\"771\" data-end=\"850\">\n<p class=\"\" data-start=\"773\" data-end=\"850\"><strong data-start=\"773\" data-end=\"802\">Starke Magnetkraft<\/strong> durch N50-Abstufung f\u00fcr zuverl\u00e4ssige Haftung<\/p>\n<\/li>\n<li class=\"\" data-start=\"851\" data-end=\"982\">\n<p class=\"\" data-start=\"853\" data-end=\"982\">Geeignet f\u00fcr Anwendungen wie die Befestigung von Gegenst\u00e4nden, industrielle Anwendungen und die Herstellung magnetischer Verbindungen<\/p>\n<\/li>\n<\/ul>\n<p class=\"\" data-start=\"984\" data-end=\"1090\">Dieser Blockmagnet bietet die perfekte Kombination aus Gr\u00f6\u00dfe und St\u00e4rke f\u00fcr eine breite Palette von Anwendungen.<\/p>\n","protected":false},"excerpt":{"rendered":"<p>Blockmagnet 10 x 5 x 2 mm, N50 Dieser starke Blockmagnet misst 10 mm x 5 mm x 2 mm und ist von h\u00f6chster Qualit\u00e4t, N50. Dank der Qualit\u00e4t N50 bietet dieser Magnet eine au\u00dfergew\u00f6hnlich starke Magnetkraft und ist damit ideal f\u00fcr Anwendungen, die eine hohe Leistung und kompakte Abmessungen erfordern. Dieser Magnet eignet sich [&hellip;]<\/p>\n","protected":false},"featured_media":111534,"template":"","meta":{"_acf_changed":false},"product_brand":[3521],"product_cat":[1377],"product_tag":[3165],"class_list":{"0":"post-91579","1":"product","2":"type-product","3":"status-publish","4":"has-post-thumbnail","6":"product_brand-magnetenspecialist","7":"product_cat-blockmagnete","8":"product_tag-groep-5-de","9":"pa_herkomst-china-de","10":"pa_magnetisering-n52-de","11":"pa_magnetiseringsrichting-axiaal-de","12":"pa_materiaal-vernickelt-ni-cu-ni-de-2","13":"pa_maximale-gebruikstemperatuur-80-de","14":"pa_model-block-de","15":"pa_preferentiele-oorsprong-nein","16":"pa_taric-code-8505-1110-99-0-de","18":"first","19":"instock","20":"taxable","21":"shipping-taxable","22":"purchasable","23":"product-type-simple"},"supplier_id":null,"supplier_sku":"","barcode":null,"atum_controlled":true,"out_stock_date":null,"out_stock_threshold":null,"inheritable":false,"inbound_stock":0,"stock_on_hold":0,"sold_today":20,"sales_last_days":71,"reserved_stock":0,"customer_returns":0,"warehouse_damage":0,"lost_in_post":0,"other_logs":0,"out_stock_days":0,"lost_sales":0,"has_location":false,"update_date":"2026-04-21T09:43:40","atum_locations":[],"atum_stock_status":"instock","restock_status":false,"low_stock_amount":6000,"sales_update_date":"2026-04-04T11:28:56","calc_backorders":null,"acf":[],"yoast_head":"<!-- This site is optimized with the Yoast SEO Premium plugin v24.7 (Yoast SEO v24.7) - https:\/\/yoast.com\/wordpress\/plugins\/seo\/ -->\n<title>Blockmagnet 10 x 5 x 2 mm, N50 - Stark und langlebig<\/title>\n<meta name=\"description\" content=\"Setzen Sie Ihre Kreativit\u00e4t mit dem Blockmagneten 10 x 5 x 2 mm, N50 in die Tat um. Seine starke Magnetkraft macht ihn perfekt f\u00fcr jedes Projekt!\" \/>\n<meta name=\"robots\" content=\"index, follow, max-snippet:-1, max-image-preview:large, max-video-preview:-1\" \/>\n<link rel=\"canonical\" href=\"https:\/\/www.magnetenspecialist.nl\/de\/speichern\/blockmagnete\/blokmagneet-10-x-5-x-2-mm\/\" \/>\n<meta property=\"og:locale\" content=\"de_DE\" \/>\n<meta property=\"og:type\" content=\"article\" \/>\n<meta property=\"og:title\" content=\"Blockmagnet 10 x 5 x 2 mm, N50\" \/>\n<meta property=\"og:description\" content=\"Setzen Sie Ihre Kreativit\u00e4t mit dem Blockmagneten 10 x 5 x 2 mm, N50 in die Tat um. Seine starke Magnetkraft macht ihn perfekt f\u00fcr jedes Projekt!\" \/>\n<meta property=\"og:url\" content=\"https:\/\/www.magnetenspecialist.nl\/de\/speichern\/blockmagnete\/blokmagneet-10-x-5-x-2-mm\/\" \/>\n<meta property=\"og:site_name\" content=\"Magnetenspecialist.nl\" \/>\n<meta property=\"article:publisher\" content=\"https:\/\/www.facebook.com\/Magnetenspecialist.nl\" \/>\n<meta property=\"article:modified_time\" content=\"2025-04-07T10:38:29+00:00\" \/>\n<meta property=\"og:image\" content=\"https:\/\/www.magnetenspecialist.nl\/wp-content\/uploads\/2019\/03\/Magnetenspecialist.nl_Blokmagneet-10-x-5-x-2-mm_1.jpg\" \/>\n\t<meta property=\"og:image:width\" content=\"1500\" \/>\n\t<meta property=\"og:image:height\" content=\"1500\" \/>\n\t<meta property=\"og:image:type\" content=\"image\/jpeg\" \/>\n<meta name=\"twitter:card\" content=\"summary_large_image\" \/>\n<meta name=\"twitter:site\" content=\"@magnetenspecial\" \/>\n<meta name=\"twitter:label1\" content=\"Preis\" \/>\n\t<meta name=\"twitter:data1\" content=\"&euro;&nbsp;0,54\" \/>\n\t<meta name=\"twitter:label2\" content=\"Verf\u00fcgbarkeit\" \/>\n\t<meta name=\"twitter:data2\" content=\"Auf Lager\" \/>\n<script type=\"application\/ld+json\" class=\"yoast-schema-graph\">{\"@context\":\"https:\/\/schema.org\",\"@graph\":[{\"@type\":\"WebPage\",\"@id\":\"https:\/\/www.magnetenspecialist.nl\/de\/speichern\/blockmagnete\/blokmagneet-10-x-5-x-2-mm\/\",\"url\":\"https:\/\/www.magnetenspecialist.nl\/de\/speichern\/blockmagnete\/blokmagneet-10-x-5-x-2-mm\/\",\"name\":\"Blockmagnet 10 x 5 x 2 mm, N50 - Stark und langlebig\",\"isPartOf\":{\"@id\":\"https:\/\/www.magnetenspecialist.nl\/de\/#website\"},\"primaryImageOfPage\":{\"@id\":\"https:\/\/www.magnetenspecialist.nl\/de\/speichern\/blockmagnete\/blokmagneet-10-x-5-x-2-mm\/#primaryimage\"},\"image\":{\"@id\":\"https:\/\/www.magnetenspecialist.nl\/de\/speichern\/blockmagnete\/blokmagneet-10-x-5-x-2-mm\/#primaryimage\"},\"thumbnailUrl\":\"https:\/\/www.magnetenspecialist.nl\/wp-content\/uploads\/2019\/03\/Magnetenspecialist.nl_Blokmagneet-10-x-5-x-2-mm_1.jpg\",\"datePublished\":\"2019-03-08T10:02:12+00:00\",\"dateModified\":\"2025-04-07T10:38:29+00:00\",\"description\":\"Setzen Sie Ihre Kreativit\u00e4t mit dem Blockmagneten 10 x 5 x 2 mm, N50 in die Tat um. Seine starke Magnetkraft macht ihn perfekt f\u00fcr jedes Projekt!\",\"breadcrumb\":{\"@id\":\"https:\/\/www.magnetenspecialist.nl\/de\/speichern\/blockmagnete\/blokmagneet-10-x-5-x-2-mm\/#breadcrumb\"},\"inLanguage\":\"de\",\"potentialAction\":[{\"@type\":\"ReadAction\",\"target\":[\"https:\/\/www.magnetenspecialist.nl\/de\/speichern\/blockmagnete\/blokmagneet-10-x-5-x-2-mm\/\"]}]},{\"@type\":\"ImageObject\",\"inLanguage\":\"de\",\"@id\":\"https:\/\/www.magnetenspecialist.nl\/de\/speichern\/blockmagnete\/blokmagneet-10-x-5-x-2-mm\/#primaryimage\",\"url\":\"https:\/\/www.magnetenspecialist.nl\/wp-content\/uploads\/2019\/03\/Magnetenspecialist.nl_Blokmagneet-10-x-5-x-2-mm_1.jpg\",\"contentUrl\":\"https:\/\/www.magnetenspecialist.nl\/wp-content\/uploads\/2019\/03\/Magnetenspecialist.nl_Blokmagneet-10-x-5-x-2-mm_1.jpg\",\"width\":1500,\"height\":1500},{\"@type\":\"BreadcrumbList\",\"@id\":\"https:\/\/www.magnetenspecialist.nl\/de\/speichern\/blockmagnete\/blokmagneet-10-x-5-x-2-mm\/#breadcrumb\",\"itemListElement\":[{\"@type\":\"ListItem\",\"position\":1,\"name\":\"Startseite\",\"item\":\"https:\/\/www.magnetenspecialist.nl\/de\/\"},{\"@type\":\"ListItem\",\"position\":2,\"name\":\"Shop\",\"item\":\"https:\/\/www.magnetenspecialist.nl\/de\/shop\/\"},{\"@type\":\"ListItem\",\"position\":3,\"name\":\"Blockmagnet 10 x 5 x 2 mm, N50\"}]},{\"@type\":\"WebSite\",\"@id\":\"https:\/\/www.magnetenspecialist.nl\/de\/#website\",\"url\":\"https:\/\/www.magnetenspecialist.nl\/de\/\",\"name\":\"Magnetenspecialist.nl\",\"description\":\"Umfangreiches Angebot an Neodym-Magneten\",\"publisher\":{\"@id\":\"https:\/\/www.magnetenspecialist.nl\/de\/#organization\"},\"potentialAction\":[{\"@type\":\"SearchAction\",\"target\":{\"@type\":\"EntryPoint\",\"urlTemplate\":\"https:\/\/www.magnetenspecialist.nl\/de\/?s={search_term_string}\"},\"query-input\":{\"@type\":\"PropertyValueSpecification\",\"valueRequired\":true,\"valueName\":\"search_term_string\"}}],\"inLanguage\":\"de\"},{\"@type\":\"Organization\",\"@id\":\"https:\/\/www.magnetenspecialist.nl\/de\/#organization\",\"name\":\"Magnetenspecialist.nl\",\"url\":\"https:\/\/www.magnetenspecialist.nl\/de\/\",\"logo\":{\"@type\":\"ImageObject\",\"inLanguage\":\"de\",\"@id\":\"https:\/\/www.magnetenspecialist.nl\/de\/#\/schema\/logo\/image\/\",\"url\":\"https:\/\/www.magnetenspecialist.nl\/wp-content\/uploads\/2018\/10\/magneten-logo.jpg\",\"contentUrl\":\"https:\/\/www.magnetenspecialist.nl\/wp-content\/uploads\/2018\/10\/magneten-logo.jpg\",\"width\":151,\"height\":151,\"caption\":\"Magnetenspecialist.nl\"},\"image\":{\"@id\":\"https:\/\/www.magnetenspecialist.nl\/de\/#\/schema\/logo\/image\/\"},\"sameAs\":[\"https:\/\/www.facebook.com\/Magnetenspecialist.nl\",\"https:\/\/x.com\/magnetenspecial\"]}]}<\/script>\n<meta property=\"product:price:amount\" content=\"0.54\" \/>\n<meta property=\"product:price:currency\" content=\"EUR\" \/>\n<meta property=\"og:availability\" content=\"instock\" \/>\n<meta property=\"product:availability\" content=\"instock\" \/>\n<meta property=\"product:retailer_item_id\" content=\"bl010x005x002-N\" \/>\n<meta property=\"product:condition\" content=\"new\" \/>\n<!-- \/ Yoast SEO Premium plugin. -->","yoast_head_json":{"title":"Blockmagnet 10 x 5 x 2 mm, N50 - Stark und langlebig","description":"Setzen Sie Ihre Kreativit\u00e4t mit dem Blockmagneten 10 x 5 x 2 mm, N50 in die Tat um. Seine starke Magnetkraft macht ihn perfekt f\u00fcr jedes Projekt!","robots":{"index":"index","follow":"follow","max-snippet":"max-snippet:-1","max-image-preview":"max-image-preview:large","max-video-preview":"max-video-preview:-1"},"canonical":"https:\/\/www.magnetenspecialist.nl\/de\/speichern\/blockmagnete\/blokmagneet-10-x-5-x-2-mm\/","og_locale":"de_DE","og_type":"article","og_title":"Blockmagnet 10 x 5 x 2 mm, N50","og_description":"Setzen Sie Ihre Kreativit\u00e4t mit dem Blockmagneten 10 x 5 x 2 mm, N50 in die Tat um. Seine starke Magnetkraft macht ihn perfekt f\u00fcr jedes Projekt!","og_url":"https:\/\/www.magnetenspecialist.nl\/de\/speichern\/blockmagnete\/blokmagneet-10-x-5-x-2-mm\/","og_site_name":"Magnetenspecialist.nl","article_publisher":"https:\/\/www.facebook.com\/Magnetenspecialist.nl","article_modified_time":"2025-04-07T10:38:29+00:00","og_image":[{"width":1500,"height":1500,"url":"https:\/\/www.magnetenspecialist.nl\/wp-content\/uploads\/2019\/03\/Magnetenspecialist.nl_Blokmagneet-10-x-5-x-2-mm_1.jpg","type":"image\/jpeg"}],"twitter_card":"summary_large_image","twitter_site":"@magnetenspecial","twitter_misc":{"Preis":"&euro;&nbsp;0,54","Verf\u00fcgbarkeit":"Auf Lager"},"schema":{"@context":"https:\/\/schema.org","@graph":[{"@type":"WebPage","@id":"https:\/\/www.magnetenspecialist.nl\/de\/speichern\/blockmagnete\/blokmagneet-10-x-5-x-2-mm\/","url":"https:\/\/www.magnetenspecialist.nl\/de\/speichern\/blockmagnete\/blokmagneet-10-x-5-x-2-mm\/","name":"Blockmagnet 10 x 5 x 2 mm, N50 - Stark und langlebig","isPartOf":{"@id":"https:\/\/www.magnetenspecialist.nl\/de\/#website"},"primaryImageOfPage":{"@id":"https:\/\/www.magnetenspecialist.nl\/de\/speichern\/blockmagnete\/blokmagneet-10-x-5-x-2-mm\/#primaryimage"},"image":{"@id":"https:\/\/www.magnetenspecialist.nl\/de\/speichern\/blockmagnete\/blokmagneet-10-x-5-x-2-mm\/#primaryimage"},"thumbnailUrl":"https:\/\/www.magnetenspecialist.nl\/wp-content\/uploads\/2019\/03\/Magnetenspecialist.nl_Blokmagneet-10-x-5-x-2-mm_1.jpg","datePublished":"2019-03-08T10:02:12+00:00","dateModified":"2025-04-07T10:38:29+00:00","description":"Setzen Sie Ihre Kreativit\u00e4t mit dem Blockmagneten 10 x 5 x 2 mm, N50 in die Tat um. Seine starke Magnetkraft macht ihn perfekt f\u00fcr jedes Projekt!","breadcrumb":{"@id":"https:\/\/www.magnetenspecialist.nl\/de\/speichern\/blockmagnete\/blokmagneet-10-x-5-x-2-mm\/#breadcrumb"},"inLanguage":"de","potentialAction":[{"@type":"ReadAction","target":["https:\/\/www.magnetenspecialist.nl\/de\/speichern\/blockmagnete\/blokmagneet-10-x-5-x-2-mm\/"]}]},{"@type":"ImageObject","inLanguage":"de","@id":"https:\/\/www.magnetenspecialist.nl\/de\/speichern\/blockmagnete\/blokmagneet-10-x-5-x-2-mm\/#primaryimage","url":"https:\/\/www.magnetenspecialist.nl\/wp-content\/uploads\/2019\/03\/Magnetenspecialist.nl_Blokmagneet-10-x-5-x-2-mm_1.jpg","contentUrl":"https:\/\/www.magnetenspecialist.nl\/wp-content\/uploads\/2019\/03\/Magnetenspecialist.nl_Blokmagneet-10-x-5-x-2-mm_1.jpg","width":1500,"height":1500},{"@type":"BreadcrumbList","@id":"https:\/\/www.magnetenspecialist.nl\/de\/speichern\/blockmagnete\/blokmagneet-10-x-5-x-2-mm\/#breadcrumb","itemListElement":[{"@type":"ListItem","position":1,"name":"Startseite","item":"https:\/\/www.magnetenspecialist.nl\/de\/"},{"@type":"ListItem","position":2,"name":"Shop","item":"https:\/\/www.magnetenspecialist.nl\/de\/shop\/"},{"@type":"ListItem","position":3,"name":"Blockmagnet 10 x 5 x 2 mm, N50"}]},{"@type":"WebSite","@id":"https:\/\/www.magnetenspecialist.nl\/de\/#website","url":"https:\/\/www.magnetenspecialist.nl\/de\/","name":"Magnetenspecialist.nl","description":"Umfangreiches Angebot an Neodym-Magneten","publisher":{"@id":"https:\/\/www.magnetenspecialist.nl\/de\/#organization"},"potentialAction":[{"@type":"SearchAction","target":{"@type":"EntryPoint","urlTemplate":"https:\/\/www.magnetenspecialist.nl\/de\/?s={search_term_string}"},"query-input":{"@type":"PropertyValueSpecification","valueRequired":true,"valueName":"search_term_string"}}],"inLanguage":"de"},{"@type":"Organization","@id":"https:\/\/www.magnetenspecialist.nl\/de\/#organization","name":"Magnetenspecialist.nl","url":"https:\/\/www.magnetenspecialist.nl\/de\/","logo":{"@type":"ImageObject","inLanguage":"de","@id":"https:\/\/www.magnetenspecialist.nl\/de\/#\/schema\/logo\/image\/","url":"https:\/\/www.magnetenspecialist.nl\/wp-content\/uploads\/2018\/10\/magneten-logo.jpg","contentUrl":"https:\/\/www.magnetenspecialist.nl\/wp-content\/uploads\/2018\/10\/magneten-logo.jpg","width":151,"height":151,"caption":"Magnetenspecialist.nl"},"image":{"@id":"https:\/\/www.magnetenspecialist.nl\/de\/#\/schema\/logo\/image\/"},"sameAs":["https:\/\/www.facebook.com\/Magnetenspecialist.nl","https:\/\/x.com\/magnetenspecial"]}]},"product_price_amount":"0.54","product_price_currency":"EUR","og_availability":"instock","product_availability":"instock","product_retailer_item_id":"bl010x005x002-N","product_condition":"new"},"_links":{"self":[{"href":"https:\/\/www.magnetenspecialist.nl\/de\/wp-json\/wp\/v2\/product\/91579","targetHints":{"allow":["GET"]}}],"collection":[{"href":"https:\/\/www.magnetenspecialist.nl\/de\/wp-json\/wp\/v2\/product"}],"about":[{"href":"https:\/\/www.magnetenspecialist.nl\/de\/wp-json\/wp\/v2\/types\/product"}],"wp:featuredmedia":[{"embeddable":true,"href":"https:\/\/www.magnetenspecialist.nl\/de\/wp-json\/wp\/v2\/media\/111534"}],"wp:attachment":[{"href":"https:\/\/www.magnetenspecialist.nl\/de\/wp-json\/wp\/v2\/media?parent=91579"}],"wp:term":[{"taxonomy":"product_brand","embeddable":true,"href":"https:\/\/www.magnetenspecialist.nl\/de\/wp-json\/wp\/v2\/product_brand?post=91579"},{"taxonomy":"product_cat","embeddable":true,"href":"https:\/\/www.magnetenspecialist.nl\/de\/wp-json\/wp\/v2\/product_cat?post=91579"},{"taxonomy":"product_tag","embeddable":true,"href":"https:\/\/www.magnetenspecialist.nl\/de\/wp-json\/wp\/v2\/product_tag?post=91579"}],"curies":[{"name":"wp","href":"https:\/\/api.w.org\/{rel}","templated":true}]}}