{"id":91631,"date":"2019-03-08T11:01:41","date_gmt":"2019-03-08T10:01:41","guid":{"rendered":"https:\/\/www.magnetenspecialist.nl\/winkel\/unkategorisiert\/quadermagnet-selbstklebend-30-x-10-x-1-mm\/"},"modified":"2025-04-07T10:43:59","modified_gmt":"2025-04-07T08:43:59","slug":"blokmagneet-30-x-10-x-1-mm-zelfklevend","status":"publish","type":"product","link":"https:\/\/www.magnetenspecialist.nl\/de\/speichern\/blockmagnete\/blokmagneet-30-x-10-x-1-mm-zelfklevend\/","title":{"rendered":"Blockmagnet 30 x 10 x 1 mm (selbstklebend)"},"content":{"rendered":"<p class=\"\" data-start=\"92\" data-end=\"136\"><strong data-start=\"92\" data-end=\"136\">Blockmagnet 30 x 10 x 1 mm (selbstklebend)<\/strong><\/p>\n<p class=\"\" data-start=\"138\" data-end=\"557\">Dieser selbstklebende Blockmagnet misst 30 mm x 10 mm x 1 mm und ist ideal f\u00fcr verschiedene Anwendungen, bei denen eine starke Magnetkraft erforderlich ist. Die selbstklebende R\u00fcckseite macht es einfach, den Magneten schnell und ohne Werkzeug an verschiedenen Oberfl\u00e4chen zu befestigen. Dieser Magnet eignet sich perfekt zum Befestigen von Objekten, zum Gestalten von Displays oder zur Verwendung bei Bastel- und Hobbyprojekten.  <\/p>\n<p class=\"\" data-start=\"559\" data-end=\"573\"><strong data-start=\"559\" data-end=\"573\">Merkmale:<\/strong><\/p>\n<ul data-start=\"574\" data-end=\"909\">\n<li class=\"\" data-start=\"574\" data-end=\"635\">\n<p class=\"\" data-start=\"576\" data-end=\"635\">Abmessungen: 30 mm (L\u00e4nge) x 10 mm (Breite) x 1 mm (Dicke)<\/p>\n<\/li>\n<li class=\"\" data-start=\"636\" data-end=\"689\">\n<p class=\"\" data-start=\"638\" data-end=\"689\">Starke Magnetkraft f\u00fcr zuverl\u00e4ssige Haftung<\/p>\n<\/li>\n<li class=\"\" data-start=\"690\" data-end=\"745\">\n<p class=\"\" data-start=\"692\" data-end=\"745\">Selbstklebende R\u00fcckseite f\u00fcr einfache Installation<\/p>\n<\/li>\n<li class=\"\" data-start=\"746\" data-end=\"827\">\n<p class=\"\" data-start=\"748\" data-end=\"827\">Geeignet f\u00fcr eine Vielzahl von Oberfl\u00e4chen, wie Metall, Holz und Kunststoff<\/p>\n<\/li>\n<li class=\"\" data-start=\"828\" data-end=\"909\">\n<p class=\"\" data-start=\"830\" data-end=\"909\">Perfekt f\u00fcr Bastelarbeiten, Hobbys, Displays und zum Befestigen von Lichtobjekten<\/p>\n<\/li>\n<\/ul>\n<p class=\"\" data-start=\"911\" data-end=\"1036\">Mit diesem Blockmagneten k\u00f6nnen Sie einfach und schnell eine starke magnetische Verbindung ohne zus\u00e4tzliche Materialien oder Werkzeuge herstellen.<\/p>\n","protected":false},"excerpt":{"rendered":"<p>Blockmagnet 30 x 10 x 1 mm (selbstklebend) Dieser selbstklebende Blockmagnet misst 30 mm x 10 mm x 1 mm und ist ideal f\u00fcr verschiedene Anwendungen, bei denen eine starke Magnetkraft erforderlich ist. Die selbstklebende R\u00fcckseite macht es einfach, den Magneten schnell und ohne Werkzeug an verschiedenen Oberfl\u00e4chen zu befestigen. Dieser Magnet eignet sich perfekt [&hellip;]<\/p>\n","protected":false},"featured_media":113418,"template":"","meta":{"_acf_changed":false},"product_brand":[3521],"product_cat":[1377],"product_tag":[3164],"class_list":{"0":"post-91631","1":"product","2":"type-product","3":"status-publish","4":"has-post-thumbnail","6":"product_brand-magnetenspecialist","7":"product_cat-blockmagnete","8":"product_tag-groep-4-de","9":"pa_herkomst-china-de","10":"pa_houdkracht-1-1-de","11":"pa_magnetisering-n45-de","12":"pa_magnetiseringsrichting-axiaal-de","13":"pa_materiaal-vernickelt-ni-cu-ni-de-2","14":"pa_maximale-gebruikstemperatuur-80-de","15":"pa_model-block-de","16":"pa_preferentiele-oorsprong-nein","17":"pa_taric-code-8505-1110-99-0-de","19":"first","20":"instock","21":"taxable","22":"shipping-taxable","23":"purchasable","24":"product-type-simple"},"supplier_id":null,"supplier_sku":"","barcode":null,"atum_controlled":true,"out_stock_date":null,"out_stock_threshold":null,"inheritable":false,"inbound_stock":0,"stock_on_hold":0,"sold_today":40,"sales_last_days":50,"reserved_stock":0,"customer_returns":0,"warehouse_damage":0,"lost_in_post":0,"other_logs":0,"out_stock_days":0,"lost_sales":0,"has_location":false,"update_date":"2026-04-21T13:20:33","atum_locations":[],"atum_stock_status":"instock","restock_status":false,"low_stock_amount":3000,"sales_update_date":"2026-04-20T08:53:12","calc_backorders":null,"acf":[],"yoast_head":"<!-- This site is optimized with the Yoast SEO Premium plugin v24.7 (Yoast SEO v24.7) - https:\/\/yoast.com\/wordpress\/plugins\/seo\/ -->\n<title>Blockmagnet 30 x 10 x 1 mm (selbstklebend) Leichte Objekte befestigen<\/title>\n<meta name=\"description\" content=\"Entdecken Sie die Kraft des Blockmagneten 30 x 10 x 1 mm (selbstklebend) zur einfachen Befestigung. Ideal f\u00fcr Bastel- und Hobbyprojekte!\" \/>\n<meta name=\"robots\" content=\"index, follow, max-snippet:-1, max-image-preview:large, max-video-preview:-1\" \/>\n<link rel=\"canonical\" href=\"https:\/\/www.magnetenspecialist.nl\/de\/speichern\/blockmagnete\/blokmagneet-30-x-10-x-1-mm-zelfklevend\/\" \/>\n<meta property=\"og:locale\" content=\"de_DE\" \/>\n<meta property=\"og:type\" content=\"article\" \/>\n<meta property=\"og:title\" content=\"Blockmagnet 30 x 10 x 1 mm (selbstklebend)\" \/>\n<meta property=\"og:description\" content=\"Entdecken Sie die Kraft des Blockmagneten 30 x 10 x 1 mm (selbstklebend) zur einfachen Befestigung. Ideal f\u00fcr Bastel- und Hobbyprojekte!\" \/>\n<meta property=\"og:url\" content=\"https:\/\/www.magnetenspecialist.nl\/de\/speichern\/blockmagnete\/blokmagneet-30-x-10-x-1-mm-zelfklevend\/\" \/>\n<meta property=\"og:site_name\" content=\"Magnetenspecialist.nl\" \/>\n<meta property=\"article:publisher\" content=\"https:\/\/www.facebook.com\/Magnetenspecialist.nl\" \/>\n<meta property=\"article:modified_time\" content=\"2025-04-07T08:43:59+00:00\" \/>\n<meta property=\"og:image\" content=\"https:\/\/www.magnetenspecialist.nl\/wp-content\/uploads\/2019\/03\/Magnetenspecialist.nl_Blokmagneet-30-x-10-x-1-mm-zelfklevend_1.jpg\" \/>\n\t<meta property=\"og:image:width\" content=\"1500\" \/>\n\t<meta property=\"og:image:height\" content=\"1500\" \/>\n\t<meta property=\"og:image:type\" content=\"image\/jpeg\" \/>\n<meta name=\"twitter:card\" content=\"summary_large_image\" \/>\n<meta name=\"twitter:site\" content=\"@magnetenspecial\" \/>\n<meta name=\"twitter:label1\" content=\"Preis\" \/>\n\t<meta name=\"twitter:data1\" content=\"&euro;&nbsp;1,24\" \/>\n\t<meta name=\"twitter:label2\" content=\"Verf\u00fcgbarkeit\" \/>\n\t<meta name=\"twitter:data2\" content=\"Auf Lager\" \/>\n<script type=\"application\/ld+json\" class=\"yoast-schema-graph\">{\"@context\":\"https:\/\/schema.org\",\"@graph\":[{\"@type\":\"WebPage\",\"@id\":\"https:\/\/www.magnetenspecialist.nl\/de\/speichern\/blockmagnete\/blokmagneet-30-x-10-x-1-mm-zelfklevend\/\",\"url\":\"https:\/\/www.magnetenspecialist.nl\/de\/speichern\/blockmagnete\/blokmagneet-30-x-10-x-1-mm-zelfklevend\/\",\"name\":\"Blockmagnet 30 x 10 x 1 mm (selbstklebend) Leichte Objekte befestigen\",\"isPartOf\":{\"@id\":\"https:\/\/www.magnetenspecialist.nl\/de\/#website\"},\"primaryImageOfPage\":{\"@id\":\"https:\/\/www.magnetenspecialist.nl\/de\/speichern\/blockmagnete\/blokmagneet-30-x-10-x-1-mm-zelfklevend\/#primaryimage\"},\"image\":{\"@id\":\"https:\/\/www.magnetenspecialist.nl\/de\/speichern\/blockmagnete\/blokmagneet-30-x-10-x-1-mm-zelfklevend\/#primaryimage\"},\"thumbnailUrl\":\"https:\/\/www.magnetenspecialist.nl\/wp-content\/uploads\/2019\/03\/Magnetenspecialist.nl_Blokmagneet-30-x-10-x-1-mm-zelfklevend_1.jpg\",\"datePublished\":\"2019-03-08T10:01:41+00:00\",\"dateModified\":\"2025-04-07T08:43:59+00:00\",\"description\":\"Entdecken Sie die Kraft des Blockmagneten 30 x 10 x 1 mm (selbstklebend) zur einfachen Befestigung. Ideal f\u00fcr Bastel- und Hobbyprojekte!\",\"breadcrumb\":{\"@id\":\"https:\/\/www.magnetenspecialist.nl\/de\/speichern\/blockmagnete\/blokmagneet-30-x-10-x-1-mm-zelfklevend\/#breadcrumb\"},\"inLanguage\":\"de\",\"potentialAction\":[{\"@type\":\"ReadAction\",\"target\":[\"https:\/\/www.magnetenspecialist.nl\/de\/speichern\/blockmagnete\/blokmagneet-30-x-10-x-1-mm-zelfklevend\/\"]}]},{\"@type\":\"ImageObject\",\"inLanguage\":\"de\",\"@id\":\"https:\/\/www.magnetenspecialist.nl\/de\/speichern\/blockmagnete\/blokmagneet-30-x-10-x-1-mm-zelfklevend\/#primaryimage\",\"url\":\"https:\/\/www.magnetenspecialist.nl\/wp-content\/uploads\/2019\/03\/Magnetenspecialist.nl_Blokmagneet-30-x-10-x-1-mm-zelfklevend_1.jpg\",\"contentUrl\":\"https:\/\/www.magnetenspecialist.nl\/wp-content\/uploads\/2019\/03\/Magnetenspecialist.nl_Blokmagneet-30-x-10-x-1-mm-zelfklevend_1.jpg\",\"width\":1500,\"height\":1500},{\"@type\":\"BreadcrumbList\",\"@id\":\"https:\/\/www.magnetenspecialist.nl\/de\/speichern\/blockmagnete\/blokmagneet-30-x-10-x-1-mm-zelfklevend\/#breadcrumb\",\"itemListElement\":[{\"@type\":\"ListItem\",\"position\":1,\"name\":\"Startseite\",\"item\":\"https:\/\/www.magnetenspecialist.nl\/de\/\"},{\"@type\":\"ListItem\",\"position\":2,\"name\":\"Shop\",\"item\":\"https:\/\/www.magnetenspecialist.nl\/de\/shop\/\"},{\"@type\":\"ListItem\",\"position\":3,\"name\":\"Blockmagnet 30 x 10 x 1 mm (selbstklebend)\"}]},{\"@type\":\"WebSite\",\"@id\":\"https:\/\/www.magnetenspecialist.nl\/de\/#website\",\"url\":\"https:\/\/www.magnetenspecialist.nl\/de\/\",\"name\":\"Magnetenspecialist.nl\",\"description\":\"Umfangreiches Angebot an Neodym-Magneten\",\"publisher\":{\"@id\":\"https:\/\/www.magnetenspecialist.nl\/de\/#organization\"},\"potentialAction\":[{\"@type\":\"SearchAction\",\"target\":{\"@type\":\"EntryPoint\",\"urlTemplate\":\"https:\/\/www.magnetenspecialist.nl\/de\/?s={search_term_string}\"},\"query-input\":{\"@type\":\"PropertyValueSpecification\",\"valueRequired\":true,\"valueName\":\"search_term_string\"}}],\"inLanguage\":\"de\"},{\"@type\":\"Organization\",\"@id\":\"https:\/\/www.magnetenspecialist.nl\/de\/#organization\",\"name\":\"Magnetenspecialist.nl\",\"url\":\"https:\/\/www.magnetenspecialist.nl\/de\/\",\"logo\":{\"@type\":\"ImageObject\",\"inLanguage\":\"de\",\"@id\":\"https:\/\/www.magnetenspecialist.nl\/de\/#\/schema\/logo\/image\/\",\"url\":\"https:\/\/www.magnetenspecialist.nl\/wp-content\/uploads\/2018\/10\/magneten-logo.jpg\",\"contentUrl\":\"https:\/\/www.magnetenspecialist.nl\/wp-content\/uploads\/2018\/10\/magneten-logo.jpg\",\"width\":151,\"height\":151,\"caption\":\"Magnetenspecialist.nl\"},\"image\":{\"@id\":\"https:\/\/www.magnetenspecialist.nl\/de\/#\/schema\/logo\/image\/\"},\"sameAs\":[\"https:\/\/www.facebook.com\/Magnetenspecialist.nl\",\"https:\/\/x.com\/magnetenspecial\"]}]}<\/script>\n<meta property=\"product:price:amount\" content=\"1.24\" \/>\n<meta property=\"product:price:currency\" content=\"EUR\" \/>\n<meta property=\"og:availability\" content=\"instock\" \/>\n<meta property=\"product:availability\" content=\"instock\" \/>\n<meta property=\"product:retailer_item_id\" content=\"bl030x010x001-N-Z\" \/>\n<meta property=\"product:condition\" content=\"new\" \/>\n<!-- \/ Yoast SEO Premium plugin. -->","yoast_head_json":{"title":"Blockmagnet 30 x 10 x 1 mm (selbstklebend) Leichte Objekte befestigen","description":"Entdecken Sie die Kraft des Blockmagneten 30 x 10 x 1 mm (selbstklebend) zur einfachen Befestigung. Ideal f\u00fcr Bastel- und Hobbyprojekte!","robots":{"index":"index","follow":"follow","max-snippet":"max-snippet:-1","max-image-preview":"max-image-preview:large","max-video-preview":"max-video-preview:-1"},"canonical":"https:\/\/www.magnetenspecialist.nl\/de\/speichern\/blockmagnete\/blokmagneet-30-x-10-x-1-mm-zelfklevend\/","og_locale":"de_DE","og_type":"article","og_title":"Blockmagnet 30 x 10 x 1 mm (selbstklebend)","og_description":"Entdecken Sie die Kraft des Blockmagneten 30 x 10 x 1 mm (selbstklebend) zur einfachen Befestigung. Ideal f\u00fcr Bastel- und Hobbyprojekte!","og_url":"https:\/\/www.magnetenspecialist.nl\/de\/speichern\/blockmagnete\/blokmagneet-30-x-10-x-1-mm-zelfklevend\/","og_site_name":"Magnetenspecialist.nl","article_publisher":"https:\/\/www.facebook.com\/Magnetenspecialist.nl","article_modified_time":"2025-04-07T08:43:59+00:00","og_image":[{"width":1500,"height":1500,"url":"https:\/\/www.magnetenspecialist.nl\/wp-content\/uploads\/2019\/03\/Magnetenspecialist.nl_Blokmagneet-30-x-10-x-1-mm-zelfklevend_1.jpg","type":"image\/jpeg"}],"twitter_card":"summary_large_image","twitter_site":"@magnetenspecial","twitter_misc":{"Preis":"&euro;&nbsp;1,24","Verf\u00fcgbarkeit":"Auf Lager"},"schema":{"@context":"https:\/\/schema.org","@graph":[{"@type":"WebPage","@id":"https:\/\/www.magnetenspecialist.nl\/de\/speichern\/blockmagnete\/blokmagneet-30-x-10-x-1-mm-zelfklevend\/","url":"https:\/\/www.magnetenspecialist.nl\/de\/speichern\/blockmagnete\/blokmagneet-30-x-10-x-1-mm-zelfklevend\/","name":"Blockmagnet 30 x 10 x 1 mm (selbstklebend) Leichte Objekte befestigen","isPartOf":{"@id":"https:\/\/www.magnetenspecialist.nl\/de\/#website"},"primaryImageOfPage":{"@id":"https:\/\/www.magnetenspecialist.nl\/de\/speichern\/blockmagnete\/blokmagneet-30-x-10-x-1-mm-zelfklevend\/#primaryimage"},"image":{"@id":"https:\/\/www.magnetenspecialist.nl\/de\/speichern\/blockmagnete\/blokmagneet-30-x-10-x-1-mm-zelfklevend\/#primaryimage"},"thumbnailUrl":"https:\/\/www.magnetenspecialist.nl\/wp-content\/uploads\/2019\/03\/Magnetenspecialist.nl_Blokmagneet-30-x-10-x-1-mm-zelfklevend_1.jpg","datePublished":"2019-03-08T10:01:41+00:00","dateModified":"2025-04-07T08:43:59+00:00","description":"Entdecken Sie die Kraft des Blockmagneten 30 x 10 x 1 mm (selbstklebend) zur einfachen Befestigung. Ideal f\u00fcr Bastel- und Hobbyprojekte!","breadcrumb":{"@id":"https:\/\/www.magnetenspecialist.nl\/de\/speichern\/blockmagnete\/blokmagneet-30-x-10-x-1-mm-zelfklevend\/#breadcrumb"},"inLanguage":"de","potentialAction":[{"@type":"ReadAction","target":["https:\/\/www.magnetenspecialist.nl\/de\/speichern\/blockmagnete\/blokmagneet-30-x-10-x-1-mm-zelfklevend\/"]}]},{"@type":"ImageObject","inLanguage":"de","@id":"https:\/\/www.magnetenspecialist.nl\/de\/speichern\/blockmagnete\/blokmagneet-30-x-10-x-1-mm-zelfklevend\/#primaryimage","url":"https:\/\/www.magnetenspecialist.nl\/wp-content\/uploads\/2019\/03\/Magnetenspecialist.nl_Blokmagneet-30-x-10-x-1-mm-zelfklevend_1.jpg","contentUrl":"https:\/\/www.magnetenspecialist.nl\/wp-content\/uploads\/2019\/03\/Magnetenspecialist.nl_Blokmagneet-30-x-10-x-1-mm-zelfklevend_1.jpg","width":1500,"height":1500},{"@type":"BreadcrumbList","@id":"https:\/\/www.magnetenspecialist.nl\/de\/speichern\/blockmagnete\/blokmagneet-30-x-10-x-1-mm-zelfklevend\/#breadcrumb","itemListElement":[{"@type":"ListItem","position":1,"name":"Startseite","item":"https:\/\/www.magnetenspecialist.nl\/de\/"},{"@type":"ListItem","position":2,"name":"Shop","item":"https:\/\/www.magnetenspecialist.nl\/de\/shop\/"},{"@type":"ListItem","position":3,"name":"Blockmagnet 30 x 10 x 1 mm (selbstklebend)"}]},{"@type":"WebSite","@id":"https:\/\/www.magnetenspecialist.nl\/de\/#website","url":"https:\/\/www.magnetenspecialist.nl\/de\/","name":"Magnetenspecialist.nl","description":"Umfangreiches Angebot an Neodym-Magneten","publisher":{"@id":"https:\/\/www.magnetenspecialist.nl\/de\/#organization"},"potentialAction":[{"@type":"SearchAction","target":{"@type":"EntryPoint","urlTemplate":"https:\/\/www.magnetenspecialist.nl\/de\/?s={search_term_string}"},"query-input":{"@type":"PropertyValueSpecification","valueRequired":true,"valueName":"search_term_string"}}],"inLanguage":"de"},{"@type":"Organization","@id":"https:\/\/www.magnetenspecialist.nl\/de\/#organization","name":"Magnetenspecialist.nl","url":"https:\/\/www.magnetenspecialist.nl\/de\/","logo":{"@type":"ImageObject","inLanguage":"de","@id":"https:\/\/www.magnetenspecialist.nl\/de\/#\/schema\/logo\/image\/","url":"https:\/\/www.magnetenspecialist.nl\/wp-content\/uploads\/2018\/10\/magneten-logo.jpg","contentUrl":"https:\/\/www.magnetenspecialist.nl\/wp-content\/uploads\/2018\/10\/magneten-logo.jpg","width":151,"height":151,"caption":"Magnetenspecialist.nl"},"image":{"@id":"https:\/\/www.magnetenspecialist.nl\/de\/#\/schema\/logo\/image\/"},"sameAs":["https:\/\/www.facebook.com\/Magnetenspecialist.nl","https:\/\/x.com\/magnetenspecial"]}]},"product_price_amount":"1.24","product_price_currency":"EUR","og_availability":"instock","product_availability":"instock","product_retailer_item_id":"bl030x010x001-N-Z","product_condition":"new"},"_links":{"self":[{"href":"https:\/\/www.magnetenspecialist.nl\/de\/wp-json\/wp\/v2\/product\/91631","targetHints":{"allow":["GET"]}}],"collection":[{"href":"https:\/\/www.magnetenspecialist.nl\/de\/wp-json\/wp\/v2\/product"}],"about":[{"href":"https:\/\/www.magnetenspecialist.nl\/de\/wp-json\/wp\/v2\/types\/product"}],"wp:featuredmedia":[{"embeddable":true,"href":"https:\/\/www.magnetenspecialist.nl\/de\/wp-json\/wp\/v2\/media\/113418"}],"wp:attachment":[{"href":"https:\/\/www.magnetenspecialist.nl\/de\/wp-json\/wp\/v2\/media?parent=91631"}],"wp:term":[{"taxonomy":"product_brand","embeddable":true,"href":"https:\/\/www.magnetenspecialist.nl\/de\/wp-json\/wp\/v2\/product_brand?post=91631"},{"taxonomy":"product_cat","embeddable":true,"href":"https:\/\/www.magnetenspecialist.nl\/de\/wp-json\/wp\/v2\/product_cat?post=91631"},{"taxonomy":"product_tag","embeddable":true,"href":"https:\/\/www.magnetenspecialist.nl\/de\/wp-json\/wp\/v2\/product_tag?post=91631"}],"curies":[{"name":"wp","href":"https:\/\/api.w.org\/{rel}","templated":true}]}}